{"id":4087,"date":"2023-05-26T13:55:19","date_gmt":"2023-05-26T05:55:19","guid":{"rendered":"http:\/\/qingdaohf.com\/?post_type=product&#038;p=4087"},"modified":"2025-11-13T09:04:25","modified_gmt":"2025-11-13T01:04:25","slug":"wire-tensioner-ratchet","status":"publish","type":"product","link":"https:\/\/qingdaohf.com\/es\/producto\/trinquete-tensor-de-alambre\/","title":{"rendered":"Carraca tensora de alambre"},"content":{"rendered":"<h2 class=\"text-xl font-bold text-text-200 mt-1 -mb-0.5\">Primeros pasos con los tensores de cable<\/h2>\n<p class=\"whitespace-pre-wrap break-words\">Reconozc\u00e1moslo: una tensi\u00f3n adecuada del cable puede hacer que su proyecto sea un \u00e9xito o un fracaso. Tanto si est\u00e1 colocando una valla como trabajando en instalaciones el\u00e9ctricas, disponer de la herramienta adecuada para el trabajo no s\u00f3lo es pr\u00e1ctico, sino esencial. Ah\u00ed es donde entra en juego la carraca tensora de alambre. Esta herramienta de trabajo no s\u00f3lo tensa el alambre, sino que le proporciona el control preciso que necesita para hacer bien el trabajo.<\/p>\n<p class=\"whitespace-pre-wrap break-words\">Lo entendemos: comprar herramientas por Internet puede ser complicado. Usted quiere calidad, pero tambi\u00e9n necesita apoyo si las cosas se tuercen. Por eso hemos construido nuestro negocio en torno a un servicio personalizado. Cada cliente tiene acceso directo a nuestros expertos en productos, env\u00edo r\u00e1pido e informes de calidad detallados. Aqu\u00ed no hay respuestas gen\u00e9ricas ni sistemas automatizados, sino ayuda real cuando la necesita.<\/p>\n<h2 class=\"text-xl font-bold text-text-200 mt-1 -mb-0.5\">Por qu\u00e9 es importante la tensi\u00f3n del cable<\/h2>\n<p class=\"whitespace-pre-wrap break-words\">Si te saltas la tensi\u00f3n adecuada, te estar\u00e1s buscando problemas. \u00bfDemasiado floja? Su valla podr\u00eda combarse o fallar por completo. \u00bfDemasiado tensa? Se le romper\u00e1n los cables y tendr\u00e1 que hacer reparaciones costosas. Esto no es s\u00f3lo teor\u00eda: lo hemos visto en todos los sectores, desde la construcci\u00f3n hasta el vallado de granjas.<\/p>\n<p class=\"whitespace-pre-wrap break-words\">La belleza de nuestro trinquete tensor de alambre reside en su precisi\u00f3n. Puede marcar exactamente la tensi\u00f3n correcta, paso a paso, sin conjeturas. Ya no tendr\u00e1 que cruzar los dedos esperando que el alambre no se rompa o se doble: sabr\u00e1 que est\u00e1 bien porque lo ha ajustado bien.<\/p>\n<h2 class=\"text-xl font-bold text-text-200 mt-1 -mb-0.5\">Lo que diferencia a esta herramienta<\/h2>\n<h3 class=\"text-lg font-bold text-text-200 mt-1 -mb-1.5\">Construido para durar<\/h3>\n<p class=\"whitespace-pre-wrap break-words\">Esta no es una herramienta normal de ferreter\u00eda. Hemos dise\u00f1ado el trinquete tensor de alambre para que aguante todo lo que le echen y siga funcionando. El mecanismo de trinquete es suave pero resistente, lo que le permite realizar esos peque\u00f1os ajustes que marcan la diferencia. \u00bfY lo mejor? Reduce el esfuerzo muscular necesario para realizar el trabajo.<\/p>\n<h3 class=\"text-lg font-bold text-text-200 mt-1 -mb-1.5\">Versatilidad que funciona<\/h3>\n<p class=\"whitespace-pre-wrap break-words\">Tanto si trabaja con alambre de espino como con cable, esta herramienta se adapta a sus necesidades. La hemos dise\u00f1ado para que funcione con pr\u00e1cticamente cualquier tipo de alambre. Y como est\u00e1 fabricada con materiales resistentes al \u00f3xido y la corrosi\u00f3n, estar\u00e1 en su caja de herramientas durante muchos a\u00f1os.<\/p>\n<h2 class=\"text-xl font-bold text-text-200 mt-1 -mb-0.5\">C\u00f3mo hacer que funcione<\/h2>\n<h3 class=\"text-lg font-bold text-text-200 mt-1 -mb-1.5\">Funcionamiento b\u00e1sico<\/h3>\n<p class=\"whitespace-pre-wrap break-words\">Empezar no puede ser m\u00e1s sencillo. S\u00f3lo tiene que fijar el cable, accionar el trinquete y empezar a tensar. El mecanismo hace el trabajo pesado y usted puede concentrarse en conseguir la tensi\u00f3n adecuada. Adem\u00e1s, el mango est\u00e1 dise\u00f1ado para que resulte c\u00f3modo: se acabaron los calambres en las manos despu\u00e9s de un largo d\u00eda de trabajo.<\/p>\n<p class=\"whitespace-pre-wrap break-words\">Lo mejor de este sistema es que mantiene la tensi\u00f3n en su sitio. Una vez que la tienes donde quieres, se mantiene en su sitio. Para trabajos m\u00e1s grandes, esto significa resultados consistentes sin agotarte.<\/p>\n<h2 class=\"text-xl font-bold text-text-200 mt-1 -mb-0.5\">Por qu\u00e9 elegirnos<\/h2>\n<p class=\"whitespace-pre-wrap break-words\">Mire, las herramientas son una inversi\u00f3n. Cuando nos compra a nosotros, obtiene algo m\u00e1s que herramientas. Nuestro equipo le coge el tel\u00e9fono cuando llama. \u00bfNecesita consejo? \u00bfTiene preguntas? Estamos a su disposici\u00f3n. Y no nos limitamos a enviar herramientas, primero las probamos. Cada unidad se somete a controles de calidad antes de salir de nuestro almac\u00e9n.<\/p>\n<p class=\"whitespace-pre-wrap break-words\">Adem\u00e1s, sabemos que tiene trabajo que hacer. Por eso damos prioridad al env\u00edo r\u00e1pido: cuanto antes reciba su herramienta, antes podr\u00e1 volver al trabajo.<\/p>\n<h2 class=\"text-xl font-bold text-text-200 mt-1 -mb-0.5\">Conclusi\u00f3n<\/h2>\n<p class=\"whitespace-pre-wrap break-words\">\u00bfEn resumen? El trinquete tensor de cables no es una herramienta m\u00e1s, sino la soluci\u00f3n a un problema que afecta a todos los sectores. Tanto si es un profesional que necesita fiabilidad d\u00eda tras d\u00eda, como si es un bricolador que se enfrenta a proyectos de fin de semana, esta herramienta le ofrece la precisi\u00f3n y el control que necesita.<\/p>\n<p class=\"whitespace-pre-wrap break-words\">Respaldamos esa calidad con asistencia real, entrega r\u00e1pida y pruebas exhaustivas. Porque, al fin y al cabo, su \u00e9xito es nuestro \u00e9xito. \u00bfPreparado para que los dolores de cabeza del tensado de cables sean cosa del pasado? P\u00f3ngase en contacto con nosotros y le proporcionaremos la herramienta adecuada para su trabajo.<\/p>","protected":false},"excerpt":{"rendered":"<p>El trinquete tensor de cables es una herramienta de gran resistencia y alta calidad dise\u00f1ada para tensar y sujetar los cables met\u00e1licos de forma segura para proporcionar resistencia y durabilidad a cualquier instalaci\u00f3n. Tanto si se trata de cables y alambres como de vallas, la herramienta permite ajustar la tensi\u00f3n con precisi\u00f3n, eliminando la holgura y garantizando el m\u00e1ximo rendimiento. Se ofrece un servicio de atenci\u00f3n al cliente personalizado, plazos de entrega r\u00e1pidos e informes detallados de inspecci\u00f3n de calidad para garantizar que cada producto que se le env\u00eda funciona como se espera y es fiable.<\/p>","protected":false},"featured_media":4088,"comment_status":"open","ping_status":"closed","template":"","meta":{"site-sidebar-layout":"default","site-content-layout":"default","ast-site-content-layout":"default","site-content-style":"default","site-sidebar-style":"default","ast-global-header-display":"","ast-banner-title-visibility":"","ast-main-header-display":"","ast-hfb-above-header-display":"","ast-hfb-below-header-display":"","ast-hfb-mobile-header-display":"","site-post-title":"","ast-breadcrumbs-content":"","ast-featured-img":"","footer-sml-layout":"","theme-transparent-header-meta":"default","adv-header-id-meta":"","stick-header-meta":"default","header-above-stick-meta":"","header-main-stick-meta":"","header-below-stick-meta":"","astra-migrate-meta-layouts":"set","ast-page-background-enabled":"default","ast-page-background-meta":{"desktop":{"background-color":"","background-image":"","background-repeat":"repeat","background-position":"center center","background-size":"auto","background-attachment":"scroll","background-type":"","background-media":"","overlay-type":"","overlay-color":"","overlay-opacity":"","overlay-gradient":""},"tablet":{"background-color":"","background-image":"","background-repeat":"repeat","background-position":"center center","background-size":"auto","background-attachment":"scroll","background-type":"","background-media":"","overlay-type":"","overlay-color":"","overlay-opacity":"","overlay-gradient":""},"mobile":{"background-color":"","background-image":"","background-repeat":"repeat","background-position":"center center","background-size":"auto","background-attachment":"scroll","background-type":"","background-media":"","overlay-type":"","overlay-color":"","overlay-opacity":"","overlay-gradient":""}},"ast-content-background-meta":{"desktop":{"background-color":"var(--ast-global-color-5)","background-image":"","background-repeat":"repeat","background-position":"center center","background-size":"auto","background-attachment":"scroll","background-type":"","background-media":"","overlay-type":"","overlay-color":"","overlay-opacity":"","overlay-gradient":""},"tablet":{"background-color":"var(--ast-global-color-5)","background-image":"","background-repeat":"repeat","background-position":"center center","background-size":"auto","background-attachment":"scroll","background-type":"","background-media":"","overlay-type":"","overlay-color":"","overlay-opacity":"","overlay-gradient":""},"mobile":{"background-color":"var(--ast-global-color-5)","background-image":"","background-repeat":"repeat","background-position":"center center","background-size":"auto","background-attachment":"scroll","background-type":"","background-media":"","overlay-type":"","overlay-color":"","overlay-opacity":"","overlay-gradient":""}}},"product_brand":[],"product_cat":[44],"product_tag":[],"class_list":{"0":"post-4087","1":"product","2":"type-product","3":"status-publish","4":"has-post-thumbnail","6":"product_cat-stainless-steel-poduct","7":"desktop-align-left","8":"tablet-align-left","9":"mobile-align-left","10":"ast-product-gallery-layout-horizontal-slider","11":"ast-product-gallery-with-no-image","12":"ast-product-tabs-layout-horizontal","14":"first","15":"instock","16":"shipping-taxable","17":"purchasable","18":"product-type-simple"},"yoast_head":"<!-- This site is optimized with the Yoast SEO plugin v25.2 - https:\/\/yoast.com\/wordpress\/plugins\/seo\/ -->\n<title>Wire Tensioner Ratchet<\/title>\n<meta name=\"description\" content=\"The Wire Tensioner Ratchet, also known as a ratchet tensioner or wire rope tensioner, is a mechanical device used to tighten and tension wire ropes or cables.\" \/>\n<meta name=\"robots\" content=\"index, follow, max-snippet:-1, max-image-preview:large, max-video-preview:-1\" \/>\n<link rel=\"canonical\" href=\"https:\/\/qingdaohf.com\/es\/producto\/trinquete-tensor-de-alambre\/\" \/>\n<meta property=\"og:locale\" content=\"es_ES\" \/>\n<meta property=\"og:type\" content=\"article\" \/>\n<meta property=\"og:title\" content=\"Wire Tensioner Ratchet\" \/>\n<meta property=\"og:description\" content=\"The Wire Tensioner Ratchet, also known as a ratchet tensioner or wire rope tensioner, is a mechanical device used to tighten and tension wire ropes or cables.\" \/>\n<meta property=\"og:url\" content=\"https:\/\/qingdaohf.com\/es\/producto\/trinquete-tensor-de-alambre\/\" \/>\n<meta property=\"og:site_name\" content=\"Concrete Form &amp; Rigging Hardware Supplier\" \/>\n<meta property=\"article:publisher\" content=\"https:\/\/www.facebook.com\/qingdaohf\" \/>\n<meta property=\"article:modified_time\" content=\"2025-11-13T01:04:25+00:00\" \/>\n<meta property=\"og:image\" content=\"https:\/\/qingdaohf.com\/wp-content\/uploads\/2023\/05\/Wire-ratchet-9.jpg\" \/>\n\t<meta property=\"og:image:width\" content=\"1000\" \/>\n\t<meta property=\"og:image:height\" content=\"1000\" \/>\n\t<meta property=\"og:image:type\" content=\"image\/jpeg\" \/>\n<meta name=\"twitter:card\" content=\"summary_large_image\" \/>\n<meta name=\"twitter:label1\" content=\"Tiempo de lectura\" \/>\n\t<meta name=\"twitter:data1\" content=\"3 minutos\" \/>\n<script type=\"application\/ld+json\" class=\"yoast-schema-graph\">{\"@context\":\"https:\/\/schema.org\",\"@graph\":[{\"@type\":\"WebPage\",\"@id\":\"https:\/\/qingdaohf.com\/product\/wire-tensioner-ratchet\/\",\"url\":\"https:\/\/qingdaohf.com\/product\/wire-tensioner-ratchet\/\",\"name\":\"Wire Tensioner Ratchet\",\"isPartOf\":{\"@id\":\"https:\/\/qingdaohf.com\/bg\/#website\"},\"primaryImageOfPage\":{\"@id\":\"https:\/\/qingdaohf.com\/product\/wire-tensioner-ratchet\/#primaryimage\"},\"image\":{\"@id\":\"https:\/\/qingdaohf.com\/product\/wire-tensioner-ratchet\/#primaryimage\"},\"thumbnailUrl\":\"https:\/\/qingdaohf.com\/wp-content\/uploads\/2023\/05\/Wire-ratchet-9.jpg\",\"datePublished\":\"2023-05-26T05:55:19+00:00\",\"dateModified\":\"2025-11-13T01:04:25+00:00\",\"description\":\"The Wire Tensioner Ratchet, also known as a ratchet tensioner or wire rope tensioner, is a mechanical device used to tighten and tension wire ropes or cables.\",\"breadcrumb\":{\"@id\":\"https:\/\/qingdaohf.com\/product\/wire-tensioner-ratchet\/#breadcrumb\"},\"inLanguage\":\"es\",\"potentialAction\":[{\"@type\":\"ReadAction\",\"target\":[\"https:\/\/qingdaohf.com\/product\/wire-tensioner-ratchet\/\"]}]},{\"@type\":\"ImageObject\",\"inLanguage\":\"es\",\"@id\":\"https:\/\/qingdaohf.com\/product\/wire-tensioner-ratchet\/#primaryimage\",\"url\":\"https:\/\/qingdaohf.com\/wp-content\/uploads\/2023\/05\/Wire-ratchet-9.jpg\",\"contentUrl\":\"https:\/\/qingdaohf.com\/wp-content\/uploads\/2023\/05\/Wire-ratchet-9.jpg\",\"width\":1000,\"height\":1000,\"caption\":\"Wire ratchet\"},{\"@type\":\"BreadcrumbList\",\"@id\":\"https:\/\/qingdaohf.com\/product\/wire-tensioner-ratchet\/#breadcrumb\",\"itemListElement\":[{\"@type\":\"ListItem\",\"position\":1,\"name\":\"Home\",\"item\":\"https:\/\/qingdaohf.com\/\"},{\"@type\":\"ListItem\",\"position\":2,\"name\":\"Concrete Forming Accessories and Rigging Hardware\",\"item\":\"https:\/\/qingdaohf.com\/bg\/?page_id=944\"},{\"@type\":\"ListItem\",\"position\":3,\"name\":\"Wire Tensioner Ratchet\"}]},{\"@type\":\"WebSite\",\"@id\":\"https:\/\/qingdaohf.com\/bg\/#website\",\"url\":\"https:\/\/qingdaohf.com\/bg\/\",\"name\":\"Concrete Form & Rigging Hardware Supplier\",\"description\":\"\",\"publisher\":{\"@id\":\"https:\/\/qingdaohf.com\/bg\/#organization\"},\"potentialAction\":[{\"@type\":\"SearchAction\",\"target\":{\"@type\":\"EntryPoint\",\"urlTemplate\":\"https:\/\/qingdaohf.com\/bg\/?s={search_term_string}\"},\"query-input\":{\"@type\":\"PropertyValueSpecification\",\"valueRequired\":true,\"valueName\":\"search_term_string\"}}],\"inLanguage\":\"es\"},{\"@type\":\"Organization\",\"@id\":\"https:\/\/qingdaohf.com\/bg\/#organization\",\"name\":\"Qingdao H&F\",\"url\":\"https:\/\/qingdaohf.com\/bg\/\",\"logo\":{\"@type\":\"ImageObject\",\"inLanguage\":\"es\",\"@id\":\"https:\/\/qingdaohf.com\/bg\/#\/schema\/logo\/image\/\",\"url\":\"https:\/\/qingdaohf.com\/wp-content\/uploads\/2022\/12\/cropped-HF-LOGO.png\",\"contentUrl\":\"https:\/\/qingdaohf.com\/wp-content\/uploads\/2022\/12\/cropped-HF-LOGO.png\",\"width\":391,\"height\":249,\"caption\":\"Qingdao H&F\"},\"image\":{\"@id\":\"https:\/\/qingdaohf.com\/bg\/#\/schema\/logo\/image\/\"},\"sameAs\":[\"https:\/\/www.facebook.com\/qingdaohf\"]}]}<\/script>\n<!-- \/ Yoast SEO plugin. -->","yoast_head_json":{"title":"Wire Tensioner Ratchet","description":"The Wire Tensioner Ratchet, also known as a ratchet tensioner or wire rope tensioner, is a mechanical device used to tighten and tension wire ropes or cables.","robots":{"index":"index","follow":"follow","max-snippet":"max-snippet:-1","max-image-preview":"max-image-preview:large","max-video-preview":"max-video-preview:-1"},"canonical":"https:\/\/qingdaohf.com\/es\/producto\/trinquete-tensor-de-alambre\/","og_locale":"es_ES","og_type":"article","og_title":"Wire Tensioner Ratchet","og_description":"The Wire Tensioner Ratchet, also known as a ratchet tensioner or wire rope tensioner, is a mechanical device used to tighten and tension wire ropes or cables.","og_url":"https:\/\/qingdaohf.com\/es\/producto\/trinquete-tensor-de-alambre\/","og_site_name":"Concrete Form &amp; Rigging Hardware Supplier","article_publisher":"https:\/\/www.facebook.com\/qingdaohf","article_modified_time":"2025-11-13T01:04:25+00:00","og_image":[{"width":1000,"height":1000,"url":"https:\/\/qingdaohf.com\/wp-content\/uploads\/2023\/05\/Wire-ratchet-9.jpg","type":"image\/jpeg"}],"twitter_card":"summary_large_image","twitter_misc":{"Tiempo de lectura":"3 minutos"},"schema":{"@context":"https:\/\/schema.org","@graph":[{"@type":"WebPage","@id":"https:\/\/qingdaohf.com\/product\/wire-tensioner-ratchet\/","url":"https:\/\/qingdaohf.com\/product\/wire-tensioner-ratchet\/","name":"Wire Tensioner Ratchet","isPartOf":{"@id":"https:\/\/qingdaohf.com\/bg\/#website"},"primaryImageOfPage":{"@id":"https:\/\/qingdaohf.com\/product\/wire-tensioner-ratchet\/#primaryimage"},"image":{"@id":"https:\/\/qingdaohf.com\/product\/wire-tensioner-ratchet\/#primaryimage"},"thumbnailUrl":"https:\/\/qingdaohf.com\/wp-content\/uploads\/2023\/05\/Wire-ratchet-9.jpg","datePublished":"2023-05-26T05:55:19+00:00","dateModified":"2025-11-13T01:04:25+00:00","description":"The Wire Tensioner Ratchet, also known as a ratchet tensioner or wire rope tensioner, is a mechanical device used to tighten and tension wire ropes or cables.","breadcrumb":{"@id":"https:\/\/qingdaohf.com\/product\/wire-tensioner-ratchet\/#breadcrumb"},"inLanguage":"es","potentialAction":[{"@type":"ReadAction","target":["https:\/\/qingdaohf.com\/product\/wire-tensioner-ratchet\/"]}]},{"@type":"ImageObject","inLanguage":"es","@id":"https:\/\/qingdaohf.com\/product\/wire-tensioner-ratchet\/#primaryimage","url":"https:\/\/qingdaohf.com\/wp-content\/uploads\/2023\/05\/Wire-ratchet-9.jpg","contentUrl":"https:\/\/qingdaohf.com\/wp-content\/uploads\/2023\/05\/Wire-ratchet-9.jpg","width":1000,"height":1000,"caption":"Wire ratchet"},{"@type":"BreadcrumbList","@id":"https:\/\/qingdaohf.com\/product\/wire-tensioner-ratchet\/#breadcrumb","itemListElement":[{"@type":"ListItem","position":1,"name":"Home","item":"https:\/\/qingdaohf.com\/"},{"@type":"ListItem","position":2,"name":"Concrete Forming Accessories and Rigging Hardware","item":"https:\/\/qingdaohf.com\/bg\/?page_id=944"},{"@type":"ListItem","position":3,"name":"Wire Tensioner Ratchet"}]},{"@type":"WebSite","@id":"https:\/\/qingdaohf.com\/bg\/#website","url":"https:\/\/qingdaohf.com\/bg\/","name":"Concrete Form & Rigging Hardware Supplier","description":"","publisher":{"@id":"https:\/\/qingdaohf.com\/bg\/#organization"},"potentialAction":[{"@type":"SearchAction","target":{"@type":"EntryPoint","urlTemplate":"https:\/\/qingdaohf.com\/bg\/?s={search_term_string}"},"query-input":{"@type":"PropertyValueSpecification","valueRequired":true,"valueName":"search_term_string"}}],"inLanguage":"es"},{"@type":"Organization","@id":"https:\/\/qingdaohf.com\/bg\/#organization","name":"Qingdao H&F","url":"https:\/\/qingdaohf.com\/bg\/","logo":{"@type":"ImageObject","inLanguage":"es","@id":"https:\/\/qingdaohf.com\/bg\/#\/schema\/logo\/image\/","url":"https:\/\/qingdaohf.com\/wp-content\/uploads\/2022\/12\/cropped-HF-LOGO.png","contentUrl":"https:\/\/qingdaohf.com\/wp-content\/uploads\/2022\/12\/cropped-HF-LOGO.png","width":391,"height":249,"caption":"Qingdao H&F"},"image":{"@id":"https:\/\/qingdaohf.com\/bg\/#\/schema\/logo\/image\/"},"sameAs":["https:\/\/www.facebook.com\/qingdaohf"]}]}},"_links":{"self":[{"href":"https:\/\/qingdaohf.com\/es\/wp-json\/wp\/v2\/product\/4087","targetHints":{"allow":["GET"]}}],"collection":[{"href":"https:\/\/qingdaohf.com\/es\/wp-json\/wp\/v2\/product"}],"about":[{"href":"https:\/\/qingdaohf.com\/es\/wp-json\/wp\/v2\/types\/product"}],"replies":[{"embeddable":true,"href":"https:\/\/qingdaohf.com\/es\/wp-json\/wp\/v2\/comments?post=4087"}],"version-history":[{"count":1,"href":"https:\/\/qingdaohf.com\/es\/wp-json\/wp\/v2\/product\/4087\/revisions"}],"predecessor-version":[{"id":8976,"href":"https:\/\/qingdaohf.com\/es\/wp-json\/wp\/v2\/product\/4087\/revisions\/8976"}],"wp:featuredmedia":[{"embeddable":true,"href":"https:\/\/qingdaohf.com\/es\/wp-json\/wp\/v2\/media\/4088"}],"wp:attachment":[{"href":"https:\/\/qingdaohf.com\/es\/wp-json\/wp\/v2\/media?parent=4087"}],"wp:term":[{"taxonomy":"product_brand","embeddable":true,"href":"https:\/\/qingdaohf.com\/es\/wp-json\/wp\/v2\/product_brand?post=4087"},{"taxonomy":"product_cat","embeddable":true,"href":"https:\/\/qingdaohf.com\/es\/wp-json\/wp\/v2\/product_cat?post=4087"},{"taxonomy":"product_tag","embeddable":true,"href":"https:\/\/qingdaohf.com\/es\/wp-json\/wp\/v2\/product_tag?post=4087"}],"curies":[{"name":"wp","href":"https:\/\/api.w.org\/{rel}","templated":true}]}}