{"id":4285,"date":"2023-06-01T18:22:11","date_gmt":"2023-06-01T10:22:11","guid":{"rendered":"http:\/\/qingdaohf.com\/?post_type=product&#038;p=4285"},"modified":"2025-11-13T09:04:04","modified_gmt":"2025-11-13T01:04:04","slug":"plastic-coil-nail-plastic-collated-coil-nails","status":"publish","type":"product","link":"https:\/\/qingdaohf.com\/es\/producto\/clavos-en-espiral-de-plastico-clavos-en-espiral-de-plastico\/","title":{"rendered":"Clavo en espiral de pl\u00e1stico Clavo en espiral de pl\u00e1stico"},"content":{"rendered":"<ol>\n<li>Construcci\u00f3n: Los clavos en bobina de pl\u00e1stico est\u00e1n formados por una bobina continua de clavos unidos por una tira de pl\u00e1stico flexible. La tira de pl\u00e1stico sirve de soporte para los clavos, lo que permite una carga eficiente en las pistolas de clavos dise\u00f1adas para clavos en bobina.<\/li>\n<li>Colaci\u00f3n de pl\u00e1stico: La tira de pl\u00e1stico mantiene los clavos juntos en una disposici\u00f3n lineal, asegurando una alimentaci\u00f3n suave y consistente en la pistola de clavos. El collar suele estar fabricado con material pl\u00e1stico duradero de alta calidad, que ofrece ventajas como la resistencia al \u00f3xido, la corrosi\u00f3n y la humedad.<\/li>\n<li>Forma de bobina: Los clavos en bobina de pl\u00e1stico se forman en forma de bobina, proporcionando una gran capacidad de clavado en un paquete compacto. Esto permite prolongar los periodos de fijaci\u00f3n sin necesidad de recargarlos con frecuencia, lo que mejora la productividad y reduce los tiempos de inactividad.<\/li>\n<li>Compatibilidad: Los clavos en espiral de pl\u00e1stico son compatibles con las pistolas de clavos neum\u00e1ticas dise\u00f1adas espec\u00edficamente para este tipo de clavos. Estas pistolas de clavos utilizan aire comprimido para clavar los clavos de forma r\u00e1pida y eficaz en el material.<\/li>\n<li>Aplicaciones: Los clavos en bobina de pl\u00e1stico se utilizan habitualmente en diversas aplicaciones de la construcci\u00f3n, como entramados, revestimientos, cubiertas, revestimientos y trabajos de carpinter\u00eda en general. Ofrecen un excelente poder de sujeci\u00f3n y son adecuados para proyectos de gran volumen en los que se requiere una fijaci\u00f3n eficiente y fiable.<\/li>\n<li>Reducci\u00f3n de atascos: El agrupamiento de pl\u00e1stico minimiza el riesgo de atascos de clavos o fallos de encendido en la pistola de clavos, lo que permite un funcionamiento m\u00e1s suave y una mayor productividad.<\/li>\n<li>Versatilidad: Los clavos en bobina de pl\u00e1stico est\u00e1n disponibles en varias longitudes, di\u00e1metros y calibres para adaptarse a diferentes aplicaciones. Pueden utilizarse tanto en proyectos de interior como de exterior y son adecuados para una amplia gama de materiales, como madera, madera contrachapada y ciertos tipos de materiales compuestos.<\/li>\n<\/ol>\n<div class=\"ast-oembed-container\" style=\"height: 100%;\"><iframe title=\"Clavo en espiral de pl\u00e1stico Clavo en espiral de pl\u00e1stico\" width=\"500\" height=\"281\" src=\"https:\/\/www.youtube.com\/embed\/KI31oh39oO8?feature=oembed\" frameborder=\"0\" allow=\"accelerometer; autoplay; clipboard-write; encrypted-media; gyroscope; picture-in-picture; web-share\" referrerpolicy=\"strict-origin-when-cross-origin\" allowfullscreen><\/iframe><\/div>","protected":false},"excerpt":{"rendered":"<p>Los clavos en bobina de pl\u00e1stico ofrecen un equilibrio entre la comodidad del encolado de pl\u00e1stico y el rendimiento de los clavos en bobina. Su agrupaci\u00f3n de tiras de pl\u00e1stico ofrece una carga eficaz y una alimentaci\u00f3n uniforme, mientras que la forma en espiral proporciona una mayor capacidad de clavado. Esto los convierte en una elecci\u00f3n popular para los profesionales de la construcci\u00f3n y la carpinter\u00eda que necesitan soluciones de fijaci\u00f3n fiables y eficientes.<\/p>","protected":false},"featured_media":4286,"comment_status":"open","ping_status":"closed","template":"","meta":{"site-sidebar-layout":"default","site-content-layout":"default","ast-site-content-layout":"","site-content-style":"default","site-sidebar-style":"default","ast-global-header-display":"","ast-banner-title-visibility":"","ast-main-header-display":"","ast-hfb-above-header-display":"","ast-hfb-below-header-display":"","ast-hfb-mobile-header-display":"","site-post-title":"","ast-breadcrumbs-content":"","ast-featured-img":"","footer-sml-layout":"","theme-transparent-header-meta":"default","adv-header-id-meta":"","stick-header-meta":"default","header-above-stick-meta":"","header-main-stick-meta":"","header-below-stick-meta":"","astra-migrate-meta-layouts":"default","ast-page-background-enabled":"default","ast-page-background-meta":{"desktop":{"background-color":"","background-image":"","background-repeat":"repeat","background-position":"center center","background-size":"auto","background-attachment":"scroll","background-type":"","background-media":"","overlay-type":"","overlay-color":"","overlay-opacity":"","overlay-gradient":""},"tablet":{"background-color":"","background-image":"","background-repeat":"repeat","background-position":"center center","background-size":"auto","background-attachment":"scroll","background-type":"","background-media":"","overlay-type":"","overlay-color":"","overlay-opacity":"","overlay-gradient":""},"mobile":{"background-color":"","background-image":"","background-repeat":"repeat","background-position":"center center","background-size":"auto","background-attachment":"scroll","background-type":"","background-media":"","overlay-type":"","overlay-color":"","overlay-opacity":"","overlay-gradient":""}},"ast-content-background-meta":{"desktop":{"background-color":"var(--ast-global-color-5)","background-image":"","background-repeat":"repeat","background-position":"center center","background-size":"auto","background-attachment":"scroll","background-type":"","background-media":"","overlay-type":"","overlay-color":"","overlay-opacity":"","overlay-gradient":""},"tablet":{"background-color":"var(--ast-global-color-5)","background-image":"","background-repeat":"repeat","background-position":"center center","background-size":"auto","background-attachment":"scroll","background-type":"","background-media":"","overlay-type":"","overlay-color":"","overlay-opacity":"","overlay-gradient":""},"mobile":{"background-color":"var(--ast-global-color-5)","background-image":"","background-repeat":"repeat","background-position":"center center","background-size":"auto","background-attachment":"scroll","background-type":"","background-media":"","overlay-type":"","overlay-color":"","overlay-opacity":"","overlay-gradient":""}}},"product_brand":[],"product_cat":[34,43],"product_tag":[],"class_list":{"0":"post-4285","1":"product","2":"type-product","3":"status-publish","4":"has-post-thumbnail","6":"product_cat-nail","7":"product_cat-rigging-hardware","8":"desktop-align-left","9":"tablet-align-left","10":"mobile-align-left","11":"ast-product-gallery-layout-horizontal-slider","12":"ast-product-tabs-layout-horizontal","14":"first","15":"instock","16":"shipping-taxable","17":"purchasable","18":"product-type-simple"},"yoast_head":"<!-- This site is optimized with the Yoast SEO plugin v25.2 - https:\/\/yoast.com\/wordpress\/plugins\/seo\/ -->\n<title>Plastic Coil Nail Plastic-Collated Coil Nails<\/title>\n<meta name=\"description\" content=\"Plastic-collated coil nails provide a balance between the convenience of plastic collation and the performance of coil nails.\" \/>\n<meta name=\"robots\" content=\"index, follow, max-snippet:-1, max-image-preview:large, max-video-preview:-1\" \/>\n<link rel=\"canonical\" href=\"https:\/\/qingdaohf.com\/es\/producto\/clavos-en-espiral-de-plastico-clavos-en-espiral-de-plastico\/\" \/>\n<meta property=\"og:locale\" content=\"es_ES\" \/>\n<meta property=\"og:type\" content=\"article\" \/>\n<meta property=\"og:title\" content=\"Plastic Coil Nail Plastic-Collated Coil Nails\" \/>\n<meta property=\"og:description\" content=\"Plastic-collated coil nails provide a balance between the convenience of plastic collation and the performance of coil nails.\" \/>\n<meta property=\"og:url\" content=\"https:\/\/qingdaohf.com\/es\/producto\/clavos-en-espiral-de-plastico-clavos-en-espiral-de-plastico\/\" \/>\n<meta property=\"og:site_name\" content=\"Concrete Form &amp; Rigging Hardware Supplier\" \/>\n<meta property=\"article:publisher\" content=\"https:\/\/www.facebook.com\/qingdaohf\" \/>\n<meta property=\"article:modified_time\" content=\"2025-11-13T01:04:04+00:00\" \/>\n<meta property=\"og:image\" content=\"https:\/\/qingdaohf.com\/wp-content\/uploads\/2023\/06\/plastic-coil-nail-2.jpg\" \/>\n\t<meta property=\"og:image:width\" content=\"1000\" \/>\n\t<meta property=\"og:image:height\" content=\"1000\" \/>\n\t<meta property=\"og:image:type\" content=\"image\/jpeg\" \/>\n<meta name=\"twitter:card\" content=\"summary_large_image\" \/>\n<meta name=\"twitter:label1\" content=\"Tiempo de lectura\" \/>\n\t<meta name=\"twitter:data1\" content=\"2 minutos\" \/>\n<script type=\"application\/ld+json\" class=\"yoast-schema-graph\">{\"@context\":\"https:\/\/schema.org\",\"@graph\":[{\"@type\":\"WebPage\",\"@id\":\"https:\/\/qingdaohf.com\/product\/plastic-coil-nail-plastic-collated-coil-nails\/\",\"url\":\"https:\/\/qingdaohf.com\/product\/plastic-coil-nail-plastic-collated-coil-nails\/\",\"name\":\"Plastic Coil Nail Plastic-Collated Coil Nails\",\"isPartOf\":{\"@id\":\"https:\/\/qingdaohf.com\/bg\/#website\"},\"primaryImageOfPage\":{\"@id\":\"https:\/\/qingdaohf.com\/product\/plastic-coil-nail-plastic-collated-coil-nails\/#primaryimage\"},\"image\":{\"@id\":\"https:\/\/qingdaohf.com\/product\/plastic-coil-nail-plastic-collated-coil-nails\/#primaryimage\"},\"thumbnailUrl\":\"https:\/\/qingdaohf.com\/wp-content\/uploads\/2023\/06\/plastic-coil-nail-2.jpg\",\"datePublished\":\"2023-06-01T10:22:11+00:00\",\"dateModified\":\"2025-11-13T01:04:04+00:00\",\"description\":\"Plastic-collated coil nails provide a balance between the convenience of plastic collation and the performance of coil nails.\",\"breadcrumb\":{\"@id\":\"https:\/\/qingdaohf.com\/product\/plastic-coil-nail-plastic-collated-coil-nails\/#breadcrumb\"},\"inLanguage\":\"es\",\"potentialAction\":[{\"@type\":\"ReadAction\",\"target\":[\"https:\/\/qingdaohf.com\/product\/plastic-coil-nail-plastic-collated-coil-nails\/\"]}]},{\"@type\":\"ImageObject\",\"inLanguage\":\"es\",\"@id\":\"https:\/\/qingdaohf.com\/product\/plastic-coil-nail-plastic-collated-coil-nails\/#primaryimage\",\"url\":\"https:\/\/qingdaohf.com\/wp-content\/uploads\/2023\/06\/plastic-coil-nail-2.jpg\",\"contentUrl\":\"https:\/\/qingdaohf.com\/wp-content\/uploads\/2023\/06\/plastic-coil-nail-2.jpg\",\"width\":1000,\"height\":1000,\"caption\":\"plastic coil nail\"},{\"@type\":\"BreadcrumbList\",\"@id\":\"https:\/\/qingdaohf.com\/product\/plastic-coil-nail-plastic-collated-coil-nails\/#breadcrumb\",\"itemListElement\":[{\"@type\":\"ListItem\",\"position\":1,\"name\":\"Home\",\"item\":\"https:\/\/qingdaohf.com\/\"},{\"@type\":\"ListItem\",\"position\":2,\"name\":\"Concrete Forming Accessories and Rigging Hardware\",\"item\":\"https:\/\/qingdaohf.com\/bg\/?page_id=944\"},{\"@type\":\"ListItem\",\"position\":3,\"name\":\"Plastic Coil Nail Plastic-Collated Coil Nails\"}]},{\"@type\":\"WebSite\",\"@id\":\"https:\/\/qingdaohf.com\/bg\/#website\",\"url\":\"https:\/\/qingdaohf.com\/bg\/\",\"name\":\"Concrete Form & Rigging Hardware Supplier\",\"description\":\"\",\"publisher\":{\"@id\":\"https:\/\/qingdaohf.com\/bg\/#organization\"},\"potentialAction\":[{\"@type\":\"SearchAction\",\"target\":{\"@type\":\"EntryPoint\",\"urlTemplate\":\"https:\/\/qingdaohf.com\/bg\/?s={search_term_string}\"},\"query-input\":{\"@type\":\"PropertyValueSpecification\",\"valueRequired\":true,\"valueName\":\"search_term_string\"}}],\"inLanguage\":\"es\"},{\"@type\":\"Organization\",\"@id\":\"https:\/\/qingdaohf.com\/bg\/#organization\",\"name\":\"Qingdao H&F\",\"url\":\"https:\/\/qingdaohf.com\/bg\/\",\"logo\":{\"@type\":\"ImageObject\",\"inLanguage\":\"es\",\"@id\":\"https:\/\/qingdaohf.com\/bg\/#\/schema\/logo\/image\/\",\"url\":\"https:\/\/qingdaohf.com\/wp-content\/uploads\/2022\/12\/cropped-HF-LOGO.png\",\"contentUrl\":\"https:\/\/qingdaohf.com\/wp-content\/uploads\/2022\/12\/cropped-HF-LOGO.png\",\"width\":391,\"height\":249,\"caption\":\"Qingdao H&F\"},\"image\":{\"@id\":\"https:\/\/qingdaohf.com\/bg\/#\/schema\/logo\/image\/\"},\"sameAs\":[\"https:\/\/www.facebook.com\/qingdaohf\"]}]}<\/script>\n<!-- \/ Yoast SEO plugin. -->","yoast_head_json":{"title":"Plastic Coil Nail Plastic-Collated Coil Nails","description":"Plastic-collated coil nails provide a balance between the convenience of plastic collation and the performance of coil nails.","robots":{"index":"index","follow":"follow","max-snippet":"max-snippet:-1","max-image-preview":"max-image-preview:large","max-video-preview":"max-video-preview:-1"},"canonical":"https:\/\/qingdaohf.com\/es\/producto\/clavos-en-espiral-de-plastico-clavos-en-espiral-de-plastico\/","og_locale":"es_ES","og_type":"article","og_title":"Plastic Coil Nail Plastic-Collated Coil Nails","og_description":"Plastic-collated coil nails provide a balance between the convenience of plastic collation and the performance of coil nails.","og_url":"https:\/\/qingdaohf.com\/es\/producto\/clavos-en-espiral-de-plastico-clavos-en-espiral-de-plastico\/","og_site_name":"Concrete Form &amp; Rigging Hardware Supplier","article_publisher":"https:\/\/www.facebook.com\/qingdaohf","article_modified_time":"2025-11-13T01:04:04+00:00","og_image":[{"width":1000,"height":1000,"url":"https:\/\/qingdaohf.com\/wp-content\/uploads\/2023\/06\/plastic-coil-nail-2.jpg","type":"image\/jpeg"}],"twitter_card":"summary_large_image","twitter_misc":{"Tiempo de lectura":"2 minutos"},"schema":{"@context":"https:\/\/schema.org","@graph":[{"@type":"WebPage","@id":"https:\/\/qingdaohf.com\/product\/plastic-coil-nail-plastic-collated-coil-nails\/","url":"https:\/\/qingdaohf.com\/product\/plastic-coil-nail-plastic-collated-coil-nails\/","name":"Plastic Coil Nail Plastic-Collated Coil Nails","isPartOf":{"@id":"https:\/\/qingdaohf.com\/bg\/#website"},"primaryImageOfPage":{"@id":"https:\/\/qingdaohf.com\/product\/plastic-coil-nail-plastic-collated-coil-nails\/#primaryimage"},"image":{"@id":"https:\/\/qingdaohf.com\/product\/plastic-coil-nail-plastic-collated-coil-nails\/#primaryimage"},"thumbnailUrl":"https:\/\/qingdaohf.com\/wp-content\/uploads\/2023\/06\/plastic-coil-nail-2.jpg","datePublished":"2023-06-01T10:22:11+00:00","dateModified":"2025-11-13T01:04:04+00:00","description":"Plastic-collated coil nails provide a balance between the convenience of plastic collation and the performance of coil nails.","breadcrumb":{"@id":"https:\/\/qingdaohf.com\/product\/plastic-coil-nail-plastic-collated-coil-nails\/#breadcrumb"},"inLanguage":"es","potentialAction":[{"@type":"ReadAction","target":["https:\/\/qingdaohf.com\/product\/plastic-coil-nail-plastic-collated-coil-nails\/"]}]},{"@type":"ImageObject","inLanguage":"es","@id":"https:\/\/qingdaohf.com\/product\/plastic-coil-nail-plastic-collated-coil-nails\/#primaryimage","url":"https:\/\/qingdaohf.com\/wp-content\/uploads\/2023\/06\/plastic-coil-nail-2.jpg","contentUrl":"https:\/\/qingdaohf.com\/wp-content\/uploads\/2023\/06\/plastic-coil-nail-2.jpg","width":1000,"height":1000,"caption":"plastic coil nail"},{"@type":"BreadcrumbList","@id":"https:\/\/qingdaohf.com\/product\/plastic-coil-nail-plastic-collated-coil-nails\/#breadcrumb","itemListElement":[{"@type":"ListItem","position":1,"name":"Home","item":"https:\/\/qingdaohf.com\/"},{"@type":"ListItem","position":2,"name":"Concrete Forming Accessories and Rigging Hardware","item":"https:\/\/qingdaohf.com\/bg\/?page_id=944"},{"@type":"ListItem","position":3,"name":"Plastic Coil Nail Plastic-Collated Coil Nails"}]},{"@type":"WebSite","@id":"https:\/\/qingdaohf.com\/bg\/#website","url":"https:\/\/qingdaohf.com\/bg\/","name":"Concrete Form & Rigging Hardware Supplier","description":"","publisher":{"@id":"https:\/\/qingdaohf.com\/bg\/#organization"},"potentialAction":[{"@type":"SearchAction","target":{"@type":"EntryPoint","urlTemplate":"https:\/\/qingdaohf.com\/bg\/?s={search_term_string}"},"query-input":{"@type":"PropertyValueSpecification","valueRequired":true,"valueName":"search_term_string"}}],"inLanguage":"es"},{"@type":"Organization","@id":"https:\/\/qingdaohf.com\/bg\/#organization","name":"Qingdao H&F","url":"https:\/\/qingdaohf.com\/bg\/","logo":{"@type":"ImageObject","inLanguage":"es","@id":"https:\/\/qingdaohf.com\/bg\/#\/schema\/logo\/image\/","url":"https:\/\/qingdaohf.com\/wp-content\/uploads\/2022\/12\/cropped-HF-LOGO.png","contentUrl":"https:\/\/qingdaohf.com\/wp-content\/uploads\/2022\/12\/cropped-HF-LOGO.png","width":391,"height":249,"caption":"Qingdao H&F"},"image":{"@id":"https:\/\/qingdaohf.com\/bg\/#\/schema\/logo\/image\/"},"sameAs":["https:\/\/www.facebook.com\/qingdaohf"]}]}},"_links":{"self":[{"href":"https:\/\/qingdaohf.com\/es\/wp-json\/wp\/v2\/product\/4285","targetHints":{"allow":["GET"]}}],"collection":[{"href":"https:\/\/qingdaohf.com\/es\/wp-json\/wp\/v2\/product"}],"about":[{"href":"https:\/\/qingdaohf.com\/es\/wp-json\/wp\/v2\/types\/product"}],"replies":[{"embeddable":true,"href":"https:\/\/qingdaohf.com\/es\/wp-json\/wp\/v2\/comments?post=4285"}],"version-history":[{"count":2,"href":"https:\/\/qingdaohf.com\/es\/wp-json\/wp\/v2\/product\/4285\/revisions"}],"predecessor-version":[{"id":10416,"href":"https:\/\/qingdaohf.com\/es\/wp-json\/wp\/v2\/product\/4285\/revisions\/10416"}],"wp:featuredmedia":[{"embeddable":true,"href":"https:\/\/qingdaohf.com\/es\/wp-json\/wp\/v2\/media\/4286"}],"wp:attachment":[{"href":"https:\/\/qingdaohf.com\/es\/wp-json\/wp\/v2\/media?parent=4285"}],"wp:term":[{"taxonomy":"product_brand","embeddable":true,"href":"https:\/\/qingdaohf.com\/es\/wp-json\/wp\/v2\/product_brand?post=4285"},{"taxonomy":"product_cat","embeddable":true,"href":"https:\/\/qingdaohf.com\/es\/wp-json\/wp\/v2\/product_cat?post=4285"},{"taxonomy":"product_tag","embeddable":true,"href":"https:\/\/qingdaohf.com\/es\/wp-json\/wp\/v2\/product_tag?post=4285"}],"curies":[{"name":"wp","href":"https:\/\/api.w.org\/{rel}","templated":true}]}}