{"id":4534,"date":"2023-06-20T14:39:39","date_gmt":"2023-06-20T06:39:39","guid":{"rendered":"http:\/\/qingdaohf.com\/?post_type=product&#038;p=4534"},"modified":"2025-11-13T09:04:03","modified_gmt":"2025-11-13T01:04:03","slug":"steel-studded-t-post","status":"publish","type":"product","link":"https:\/\/qingdaohf.com\/es\/producto\/poste-de-acero-tachonado\/","title":{"rendered":"Poste en T de acero tachonado"},"content":{"rendered":"<div class=\"ast-oembed-container\" style=\"height: 100%;\"><iframe title=\"Poste en T de acero con clavos tipo americano\" width=\"500\" height=\"281\" src=\"https:\/\/www.youtube.com\/embed\/irpqY2CorrA?feature=oembed\" frameborder=\"0\" allow=\"accelerometer; autoplay; clipboard-write; encrypted-media; gyroscope; picture-in-picture; web-share\" referrerpolicy=\"strict-origin-when-cross-origin\" allowfullscreen><\/iframe><\/div>\n<p>Estos postes suelen estar fabricados con acero de alta calidad, lo que garantiza su durabilidad y su rendimiento duradero en entornos exteriores. La construcci\u00f3n de acero los hace resistentes al \u00f3xido, la corrosi\u00f3n y otras formas de intemperie, por lo que son adecuados para su uso en diferentes climas.<\/p>\n<p>El poste en T de acero con clavos cuenta con clavos o crestas a lo largo de su longitud, colocados estrat\u00e9gicamente para mejorar la resistencia del poste y proporcionar un agarre adicional cuando se clava en el suelo. Estos pernos ayudan a evitar que el poste gire o se desplace una vez instalado, garantizando una valla o estructura de soporte segura y fiable.<\/p>\n<p>Una de las principales aplicaciones del poste en T de acero tachonado es en los sistemas de vallado. Se utilizan habitualmente para soportar mallas met\u00e1licas, alambres de espino, cercas el\u00e9ctricas y otros tipos de materiales de vallado. Su dise\u00f1o en forma de T facilita su instalaci\u00f3n, simplemente clav\u00e1ndolos en el suelo con herramientas manuales o mec\u00e1nicas. Proporcionan una excelente estabilidad y ayudan a mantener la integridad de la valla incluso bajo tensi\u00f3n o presi\u00f3n.<\/p>\n<p>Los postes en T de acero tambi\u00e9n se utilizan en la agricultura para diversos fines. A menudo se emplean como postes de soporte para espalderas, sistemas de formaci\u00f3n de plantas y vi\u00f1edos. Adem\u00e1s, pueden servir como marcadores para las hileras de cultivo, lo que permite a los agricultores mantener un espaciado y una organizaci\u00f3n adecuados.<\/p>\n<p>Estos postes vienen en varios tama\u00f1os y longitudes para adaptarse a diferentes aplicaciones y requisitos de instalaci\u00f3n. Los tama\u00f1os habituales oscilan entre 1,5 y 1,8 metros de longitud, y la secci\u00f3n tachonada suele ocupar la parte superior del poste. El extremo inferior suele estar dise\u00f1ado con una punta puntiaguda o una placa para facilitar la penetraci\u00f3n en el suelo.<\/p>\n<h2>Preguntas frecuentes sobre el poste en T de acero con clavos<\/h2>\n<p>P1: \u00bfCu\u00e1nto tiempo se tarda en recibir muestras gratuitas del poste en T de acero con clavos?<\/p>\n<p>A1: Ofrecemos muestras gratuitas de nuestro poste en T de acero tachonado y nuestro objetivo es enviarlas en un plazo de 7 d\u00edas a partir de la recepci\u00f3n de la solicitud.<\/p>\n<p>P2: \u00bfSe puede personalizar el poste en T de acero para satisfacer requisitos espec\u00edficos?<\/p>\n<p>A2: S\u00ed, nuestro poste en T de acero con clavos permite la personalizaci\u00f3n. Podemos acomodar el tama\u00f1o espec\u00edfico, la longitud, u otras peticiones del arreglo para requisitos particulares basadas en sus necesidades.<\/p>\n<p>P3: \u00bfC\u00f3mo puedo ponerme en contacto con su equipo de atenci\u00f3n al cliente?<\/p>\n<p>A3: Ofrecemos un servicio de atenci\u00f3n al cliente personalizado. Puede ponerse en contacto con nosotros en cualquier momento por correo electr\u00f3nico o tel\u00e9fono, y nuestro equipo especializado estar\u00e1 encantado de atenderle.<\/p>\n<p>P4: \u00bfTienen una cantidad m\u00ednima de pedido (MOQ) para el poste en T de acero tachonado?<\/p>\n<p>A4: No tenemos un MOQ espec\u00edfico para el poste en T de acero tachonado. Usted puede poner una orden seg\u00fan sus requisitos, si est\u00e1 para una cantidad peque\u00f1a o grande.<\/p>\n<p>P5: \u00bfQu\u00e9 materiales se utilizan en la construcci\u00f3n del poste en T de acero tachonado?<\/p>\n<p>A5: El poste en T de acero tachonado est\u00e1 fabricado en acero de alta calidad, lo que garantiza su durabilidad, solidez y resistencia al \u00f3xido y la corrosi\u00f3n.<\/p>\n<p>&nbsp;<\/p>","protected":false},"excerpt":{"rendered":"<p>El poste T de acero tachonado es un producto agr\u00edcola y de vallado de uso com\u00fan dise\u00f1ado para proporcionar un soporte resistente y estabilidad para diversas aplicaciones. Debe su nombre a su caracter\u00edstica forma de \"T\", que recuerda a la letra T.<\/p>","protected":false},"featured_media":4535,"comment_status":"open","ping_status":"closed","template":"","meta":{"site-sidebar-layout":"default","site-content-layout":"default","ast-site-content-layout":"","site-content-style":"default","site-sidebar-style":"default","ast-global-header-display":"","ast-banner-title-visibility":"","ast-main-header-display":"","ast-hfb-above-header-display":"","ast-hfb-below-header-display":"","ast-hfb-mobile-header-display":"","site-post-title":"","ast-breadcrumbs-content":"","ast-featured-img":"","footer-sml-layout":"","theme-transparent-header-meta":"default","adv-header-id-meta":"","stick-header-meta":"default","header-above-stick-meta":"","header-main-stick-meta":"","header-below-stick-meta":"","astra-migrate-meta-layouts":"default","ast-page-background-enabled":"default","ast-page-background-meta":{"desktop":{"background-color":"","background-image":"","background-repeat":"repeat","background-position":"center center","background-size":"auto","background-attachment":"scroll","background-type":"","background-media":"","overlay-type":"","overlay-color":"","overlay-opacity":"","overlay-gradient":""},"tablet":{"background-color":"","background-image":"","background-repeat":"repeat","background-position":"center center","background-size":"auto","background-attachment":"scroll","background-type":"","background-media":"","overlay-type":"","overlay-color":"","overlay-opacity":"","overlay-gradient":""},"mobile":{"background-color":"","background-image":"","background-repeat":"repeat","background-position":"center center","background-size":"auto","background-attachment":"scroll","background-type":"","background-media":"","overlay-type":"","overlay-color":"","overlay-opacity":"","overlay-gradient":""}},"ast-content-background-meta":{"desktop":{"background-color":"var(--ast-global-color-5)","background-image":"","background-repeat":"repeat","background-position":"center center","background-size":"auto","background-attachment":"scroll","background-type":"","background-media":"","overlay-type":"","overlay-color":"","overlay-opacity":"","overlay-gradient":""},"tablet":{"background-color":"var(--ast-global-color-5)","background-image":"","background-repeat":"repeat","background-position":"center center","background-size":"auto","background-attachment":"scroll","background-type":"","background-media":"","overlay-type":"","overlay-color":"","overlay-opacity":"","overlay-gradient":""},"mobile":{"background-color":"var(--ast-global-color-5)","background-image":"","background-repeat":"repeat","background-position":"center center","background-size":"auto","background-attachment":"scroll","background-type":"","background-media":"","overlay-type":"","overlay-color":"","overlay-opacity":"","overlay-gradient":""}}},"product_brand":[],"product_cat":[50],"product_tag":[],"class_list":{"0":"post-4534","1":"product","2":"type-product","3":"status-publish","4":"has-post-thumbnail","6":"product_cat-concrete-form-accessories","7":"desktop-align-left","8":"tablet-align-left","9":"mobile-align-left","10":"ast-product-gallery-layout-horizontal-slider","11":"ast-product-tabs-layout-horizontal","13":"first","14":"instock","15":"shipping-taxable","16":"purchasable","17":"product-type-simple"},"yoast_head":"<!-- This site is optimized with the Yoast SEO plugin v25.2 - https:\/\/yoast.com\/wordpress\/plugins\/seo\/ -->\n<title>Steel Studded T Post<\/title>\n<meta name=\"description\" content=\"The Steel Studded T Post is a commonly used agricultural and fencing product designed to provide sturdy support and stability for various applications.\" \/>\n<meta name=\"robots\" content=\"index, follow, max-snippet:-1, max-image-preview:large, max-video-preview:-1\" \/>\n<link rel=\"canonical\" href=\"https:\/\/qingdaohf.com\/es\/producto\/poste-de-acero-tachonado\/\" \/>\n<meta property=\"og:locale\" content=\"es_ES\" \/>\n<meta property=\"og:type\" content=\"article\" \/>\n<meta property=\"og:title\" content=\"Steel Studded T Post\" \/>\n<meta property=\"og:description\" content=\"The Steel Studded T Post is a commonly used agricultural and fencing product designed to provide sturdy support and stability for various applications.\" \/>\n<meta property=\"og:url\" content=\"https:\/\/qingdaohf.com\/es\/producto\/poste-de-acero-tachonado\/\" \/>\n<meta property=\"og:site_name\" content=\"Concrete Form &amp; Rigging Hardware Supplier\" \/>\n<meta property=\"article:publisher\" content=\"https:\/\/www.facebook.com\/qingdaohf\" \/>\n<meta property=\"article:modified_time\" content=\"2025-11-13T01:04:03+00:00\" \/>\n<meta property=\"og:image\" content=\"https:\/\/qingdaohf.com\/wp-content\/uploads\/2023\/06\/Studded-T-Post-6.jpg\" \/>\n\t<meta property=\"og:image:width\" content=\"1000\" \/>\n\t<meta property=\"og:image:height\" content=\"1000\" \/>\n\t<meta property=\"og:image:type\" content=\"image\/jpeg\" \/>\n<meta name=\"twitter:card\" content=\"summary_large_image\" \/>\n<meta name=\"twitter:label1\" content=\"Tiempo de lectura\" \/>\n\t<meta name=\"twitter:data1\" content=\"3 minutos\" \/>\n<script type=\"application\/ld+json\" class=\"yoast-schema-graph\">{\"@context\":\"https:\/\/schema.org\",\"@graph\":[{\"@type\":\"WebPage\",\"@id\":\"https:\/\/qingdaohf.com\/product\/steel-studded-t-post\/\",\"url\":\"https:\/\/qingdaohf.com\/product\/steel-studded-t-post\/\",\"name\":\"Steel Studded T Post\",\"isPartOf\":{\"@id\":\"https:\/\/qingdaohf.com\/bg\/#website\"},\"primaryImageOfPage\":{\"@id\":\"https:\/\/qingdaohf.com\/product\/steel-studded-t-post\/#primaryimage\"},\"image\":{\"@id\":\"https:\/\/qingdaohf.com\/product\/steel-studded-t-post\/#primaryimage\"},\"thumbnailUrl\":\"https:\/\/qingdaohf.com\/wp-content\/uploads\/2023\/06\/Studded-T-Post-6.jpg\",\"datePublished\":\"2023-06-20T06:39:39+00:00\",\"dateModified\":\"2025-11-13T01:04:03+00:00\",\"description\":\"The Steel Studded T Post is a commonly used agricultural and fencing product designed to provide sturdy support and stability for various applications.\",\"breadcrumb\":{\"@id\":\"https:\/\/qingdaohf.com\/product\/steel-studded-t-post\/#breadcrumb\"},\"inLanguage\":\"es\",\"potentialAction\":[{\"@type\":\"ReadAction\",\"target\":[\"https:\/\/qingdaohf.com\/product\/steel-studded-t-post\/\"]}]},{\"@type\":\"ImageObject\",\"inLanguage\":\"es\",\"@id\":\"https:\/\/qingdaohf.com\/product\/steel-studded-t-post\/#primaryimage\",\"url\":\"https:\/\/qingdaohf.com\/wp-content\/uploads\/2023\/06\/Studded-T-Post-6.jpg\",\"contentUrl\":\"https:\/\/qingdaohf.com\/wp-content\/uploads\/2023\/06\/Studded-T-Post-6.jpg\",\"width\":1000,\"height\":1000,\"caption\":\"Studded T Post\"},{\"@type\":\"BreadcrumbList\",\"@id\":\"https:\/\/qingdaohf.com\/product\/steel-studded-t-post\/#breadcrumb\",\"itemListElement\":[{\"@type\":\"ListItem\",\"position\":1,\"name\":\"Home\",\"item\":\"https:\/\/qingdaohf.com\/\"},{\"@type\":\"ListItem\",\"position\":2,\"name\":\"Concrete Forming Accessories and Rigging Hardware\",\"item\":\"https:\/\/qingdaohf.com\/bg\/?page_id=944\"},{\"@type\":\"ListItem\",\"position\":3,\"name\":\"Steel Studded T Post\"}]},{\"@type\":\"WebSite\",\"@id\":\"https:\/\/qingdaohf.com\/bg\/#website\",\"url\":\"https:\/\/qingdaohf.com\/bg\/\",\"name\":\"Concrete Form & Rigging Hardware Supplier\",\"description\":\"\",\"publisher\":{\"@id\":\"https:\/\/qingdaohf.com\/bg\/#organization\"},\"potentialAction\":[{\"@type\":\"SearchAction\",\"target\":{\"@type\":\"EntryPoint\",\"urlTemplate\":\"https:\/\/qingdaohf.com\/bg\/?s={search_term_string}\"},\"query-input\":{\"@type\":\"PropertyValueSpecification\",\"valueRequired\":true,\"valueName\":\"search_term_string\"}}],\"inLanguage\":\"es\"},{\"@type\":\"Organization\",\"@id\":\"https:\/\/qingdaohf.com\/bg\/#organization\",\"name\":\"Qingdao H&F\",\"url\":\"https:\/\/qingdaohf.com\/bg\/\",\"logo\":{\"@type\":\"ImageObject\",\"inLanguage\":\"es\",\"@id\":\"https:\/\/qingdaohf.com\/bg\/#\/schema\/logo\/image\/\",\"url\":\"https:\/\/qingdaohf.com\/wp-content\/uploads\/2022\/12\/cropped-HF-LOGO.png\",\"contentUrl\":\"https:\/\/qingdaohf.com\/wp-content\/uploads\/2022\/12\/cropped-HF-LOGO.png\",\"width\":391,\"height\":249,\"caption\":\"Qingdao H&F\"},\"image\":{\"@id\":\"https:\/\/qingdaohf.com\/bg\/#\/schema\/logo\/image\/\"},\"sameAs\":[\"https:\/\/www.facebook.com\/qingdaohf\"]}]}<\/script>\n<!-- \/ Yoast SEO plugin. -->","yoast_head_json":{"title":"Steel Studded T Post","description":"The Steel Studded T Post is a commonly used agricultural and fencing product designed to provide sturdy support and stability for various applications.","robots":{"index":"index","follow":"follow","max-snippet":"max-snippet:-1","max-image-preview":"max-image-preview:large","max-video-preview":"max-video-preview:-1"},"canonical":"https:\/\/qingdaohf.com\/es\/producto\/poste-de-acero-tachonado\/","og_locale":"es_ES","og_type":"article","og_title":"Steel Studded T Post","og_description":"The Steel Studded T Post is a commonly used agricultural and fencing product designed to provide sturdy support and stability for various applications.","og_url":"https:\/\/qingdaohf.com\/es\/producto\/poste-de-acero-tachonado\/","og_site_name":"Concrete Form &amp; Rigging Hardware Supplier","article_publisher":"https:\/\/www.facebook.com\/qingdaohf","article_modified_time":"2025-11-13T01:04:03+00:00","og_image":[{"width":1000,"height":1000,"url":"https:\/\/qingdaohf.com\/wp-content\/uploads\/2023\/06\/Studded-T-Post-6.jpg","type":"image\/jpeg"}],"twitter_card":"summary_large_image","twitter_misc":{"Tiempo de lectura":"3 minutos"},"schema":{"@context":"https:\/\/schema.org","@graph":[{"@type":"WebPage","@id":"https:\/\/qingdaohf.com\/product\/steel-studded-t-post\/","url":"https:\/\/qingdaohf.com\/product\/steel-studded-t-post\/","name":"Steel Studded T Post","isPartOf":{"@id":"https:\/\/qingdaohf.com\/bg\/#website"},"primaryImageOfPage":{"@id":"https:\/\/qingdaohf.com\/product\/steel-studded-t-post\/#primaryimage"},"image":{"@id":"https:\/\/qingdaohf.com\/product\/steel-studded-t-post\/#primaryimage"},"thumbnailUrl":"https:\/\/qingdaohf.com\/wp-content\/uploads\/2023\/06\/Studded-T-Post-6.jpg","datePublished":"2023-06-20T06:39:39+00:00","dateModified":"2025-11-13T01:04:03+00:00","description":"The Steel Studded T Post is a commonly used agricultural and fencing product designed to provide sturdy support and stability for various applications.","breadcrumb":{"@id":"https:\/\/qingdaohf.com\/product\/steel-studded-t-post\/#breadcrumb"},"inLanguage":"es","potentialAction":[{"@type":"ReadAction","target":["https:\/\/qingdaohf.com\/product\/steel-studded-t-post\/"]}]},{"@type":"ImageObject","inLanguage":"es","@id":"https:\/\/qingdaohf.com\/product\/steel-studded-t-post\/#primaryimage","url":"https:\/\/qingdaohf.com\/wp-content\/uploads\/2023\/06\/Studded-T-Post-6.jpg","contentUrl":"https:\/\/qingdaohf.com\/wp-content\/uploads\/2023\/06\/Studded-T-Post-6.jpg","width":1000,"height":1000,"caption":"Studded T Post"},{"@type":"BreadcrumbList","@id":"https:\/\/qingdaohf.com\/product\/steel-studded-t-post\/#breadcrumb","itemListElement":[{"@type":"ListItem","position":1,"name":"Home","item":"https:\/\/qingdaohf.com\/"},{"@type":"ListItem","position":2,"name":"Concrete Forming Accessories and Rigging Hardware","item":"https:\/\/qingdaohf.com\/bg\/?page_id=944"},{"@type":"ListItem","position":3,"name":"Steel Studded T Post"}]},{"@type":"WebSite","@id":"https:\/\/qingdaohf.com\/bg\/#website","url":"https:\/\/qingdaohf.com\/bg\/","name":"Concrete Form & Rigging Hardware Supplier","description":"","publisher":{"@id":"https:\/\/qingdaohf.com\/bg\/#organization"},"potentialAction":[{"@type":"SearchAction","target":{"@type":"EntryPoint","urlTemplate":"https:\/\/qingdaohf.com\/bg\/?s={search_term_string}"},"query-input":{"@type":"PropertyValueSpecification","valueRequired":true,"valueName":"search_term_string"}}],"inLanguage":"es"},{"@type":"Organization","@id":"https:\/\/qingdaohf.com\/bg\/#organization","name":"Qingdao H&F","url":"https:\/\/qingdaohf.com\/bg\/","logo":{"@type":"ImageObject","inLanguage":"es","@id":"https:\/\/qingdaohf.com\/bg\/#\/schema\/logo\/image\/","url":"https:\/\/qingdaohf.com\/wp-content\/uploads\/2022\/12\/cropped-HF-LOGO.png","contentUrl":"https:\/\/qingdaohf.com\/wp-content\/uploads\/2022\/12\/cropped-HF-LOGO.png","width":391,"height":249,"caption":"Qingdao H&F"},"image":{"@id":"https:\/\/qingdaohf.com\/bg\/#\/schema\/logo\/image\/"},"sameAs":["https:\/\/www.facebook.com\/qingdaohf"]}]}},"_links":{"self":[{"href":"https:\/\/qingdaohf.com\/es\/wp-json\/wp\/v2\/product\/4534","targetHints":{"allow":["GET"]}}],"collection":[{"href":"https:\/\/qingdaohf.com\/es\/wp-json\/wp\/v2\/product"}],"about":[{"href":"https:\/\/qingdaohf.com\/es\/wp-json\/wp\/v2\/types\/product"}],"replies":[{"embeddable":true,"href":"https:\/\/qingdaohf.com\/es\/wp-json\/wp\/v2\/comments?post=4534"}],"version-history":[{"count":2,"href":"https:\/\/qingdaohf.com\/es\/wp-json\/wp\/v2\/product\/4534\/revisions"}],"predecessor-version":[{"id":10415,"href":"https:\/\/qingdaohf.com\/es\/wp-json\/wp\/v2\/product\/4534\/revisions\/10415"}],"wp:featuredmedia":[{"embeddable":true,"href":"https:\/\/qingdaohf.com\/es\/wp-json\/wp\/v2\/media\/4535"}],"wp:attachment":[{"href":"https:\/\/qingdaohf.com\/es\/wp-json\/wp\/v2\/media?parent=4534"}],"wp:term":[{"taxonomy":"product_brand","embeddable":true,"href":"https:\/\/qingdaohf.com\/es\/wp-json\/wp\/v2\/product_brand?post=4534"},{"taxonomy":"product_cat","embeddable":true,"href":"https:\/\/qingdaohf.com\/es\/wp-json\/wp\/v2\/product_cat?post=4534"},{"taxonomy":"product_tag","embeddable":true,"href":"https:\/\/qingdaohf.com\/es\/wp-json\/wp\/v2\/product_tag?post=4534"}],"curies":[{"name":"wp","href":"https:\/\/api.w.org\/{rel}","templated":true}]}}