{"id":4622,"date":"2023-07-05T17:16:50","date_gmt":"2023-07-05T09:16:50","guid":{"rendered":"http:\/\/qingdaohf.com\/?post_type=product&#038;p=4622"},"modified":"2025-11-13T09:04:03","modified_gmt":"2025-11-13T01:04:03","slug":"g209-shackle","status":"publish","type":"product","link":"https:\/\/qingdaohf.com\/es\/producto\/grillete-g209\/","title":{"rendered":"G209 Grillete de proa S209 Grillete de ancho de pasador roscado"},"content":{"rendered":"<p>Presentamos el grillete galvanizado G209 de nuestra prestigiosa empresa de comercio B2B. Con m\u00e1s de 20 a\u00f1os de historia, nos especializamos en la fabricaci\u00f3n y venta de accesorios para encofrado de hormig\u00f3n y aparejos de alta calidad. Nuestro compromiso con la excelencia nos ha permitido establecer una f\u00e1brica cooperativa, asegurando que nuestros productos cumplan con los m\u00e1s altos est\u00e1ndares de la industria. He aqu\u00ed por qu\u00e9 deber\u00eda elegir nuestro Grillete Galvanizado G209:<\/p>\n<p>Amplia experiencia: Con dos d\u00e9cadas de experiencia en el sector, hemos perfeccionado nuestros conocimientos para fabricar productos fiables y duraderos. Nuestra larga presencia es testimonio de nuestro compromiso con la satisfacci\u00f3n del cliente.<\/p>\n<p>Amplia gama de productos: Adem\u00e1s del grillete galvanizado G209, ofrecemos una amplia selecci\u00f3n de accesorios para encofrado de hormig\u00f3n y herrajes para aparejos. Si necesita abrazaderas, soportes, ganchos u otros productos relacionados, lo tenemos cubierto.<\/p>\n<p>Excelente disponibilidad de existencias: Somos conscientes de la importancia de una entrega puntual. Por eso mantenemos un inventario bien surtido, garantizando que nuestros productos est\u00e9n disponibles para satisfacer las necesidades de su proyecto con prontitud.<\/p>\n<p>Precios competitivos: Nuestras s\u00f3lidas capacidades de fabricaci\u00f3n y abastecimiento directo nos permiten ofrecer precios competitivos sin comprometer la calidad. Nos esforzamos por ofrecer soluciones rentables para su empresa.<\/p>\n<p>Garant\u00eda de calidad: Nos tomamos la calidad muy en serio y damos prioridad a su satisfacci\u00f3n. Cada G209 grillete galvanizado se somete a inspecciones de control de calidad a fondo, y proporcionamos un informe completo de inspecci\u00f3n de control de calidad para su tranquilidad.<\/p>\n<p>Opciones de personalizaci\u00f3n: Entendemos que los distintos proyectos pueden requerir especificaciones de producto espec\u00edficas. Por eso ofrecemos servicios de personalizaci\u00f3n, que adaptan nuestros productos a sus necesidades espec\u00edficas.<\/p>\n<p>Muestras gratuitas: Para asegurarnos de que conf\u00eda plenamente en nuestros productos, le proporcionamos muestras gratuitas a petici\u00f3n. Puede evaluar la calidad y la idoneidad de nuestros grilletes galvanizados G209 de primera mano antes de hacer una compra.<\/p>\n<p>Servicio de atenci\u00f3n al cliente dedicado: Creemos en la creaci\u00f3n de relaciones a largo plazo con nuestros clientes. Nuestro servicio individualizado garantiza que reciba atenci\u00f3n y asistencia personalizadas durante todo el proceso de la transacci\u00f3n.<\/p>\n<p>Compromiso con la satisfacci\u00f3n: Su satisfacci\u00f3n es nuestro objetivo final. Haremos todo lo posible para garantizar que est\u00e9 completamente satisfecho con su compra, desde la consulta inicial hasta la entrega final.<\/p>\n<p>Elija nuestra empresa comercial B2B como su socio de confianza para accesorios de encofrado de hormig\u00f3n y aparejos de alta calidad. P\u00f3ngase en contacto con nosotros hoy mismo para solicitar muestras gratuitas y conocer de primera mano nuestros excepcionales productos y servicios. Esperamos poder servirle y satisfacer sus necesidades de negocio con nuestra G209 Grillete galvanizado y otras soluciones fiables.<\/p>\n<p>Modelo:1018473, 1018491, 1018455, 1019490, 1018419, 1018507, 1018570, 1017582, 1017516, 1018428, 1018437, 1018525, 1018632, 1017450, 1017494, 1018393, 1018543, 1018552, 1018598, 1018641<\/p>\n<p><img fetchpriority=\"high\" decoding=\"async\" class=\"alignnone size-full wp-image-3813\" src=\"http:\/\/qingdaohf.com\/wp-content\/uploads\/2023\/05\/G209-G210-shackle.jpg\" alt=\"G209 G210 grillete\" width=\"1000\" height=\"1296\" srcset=\"https:\/\/qingdaohf.com\/wp-content\/uploads\/2023\/05\/G209-G210-shackle.jpg 1000w, https:\/\/qingdaohf.com\/wp-content\/uploads\/2023\/05\/G209-G210-shackle-231x300.jpg 231w, https:\/\/qingdaohf.com\/wp-content\/uploads\/2023\/05\/G209-G210-shackle-790x1024.jpg 790w, https:\/\/qingdaohf.com\/wp-content\/uploads\/2023\/05\/G209-G210-shackle-768x995.jpg 768w\" sizes=\"(max-width: 1000px) 100vw, 1000px\" \/> <img decoding=\"async\" class=\"alignnone size-full wp-image-3814\" src=\"http:\/\/qingdaohf.com\/wp-content\/uploads\/2023\/05\/S209-T.jpg\" alt=\"S209T\" width=\"1000\" height=\"638\" srcset=\"https:\/\/qingdaohf.com\/wp-content\/uploads\/2023\/05\/S209-T.jpg 1000w, https:\/\/qingdaohf.com\/wp-content\/uploads\/2023\/05\/S209-T-300x191.jpg 300w, https:\/\/qingdaohf.com\/wp-content\/uploads\/2023\/05\/S209-T-768x490.jpg 768w\" sizes=\"(max-width: 1000px) 100vw, 1000px\" \/><\/p>","protected":false},"excerpt":{"rendered":"<p>El grillete G209 es famoso por su durabilidad, resistencia y facilidad de uso, lo que lo convierte en la opci\u00f3n preferida para diversas aplicaciones en todos los sectores.<\/p>\n<p>Alta resistencia: Fabricado con materiales de primera calidad, el grillete G209 ofrece una resistencia excepcional para soportar cargas pesadas y condiciones duras.<\/p>\n<p>Dise\u00f1o vers\u00e1til: Con varios tama\u00f1os y configuraciones disponibles, el grillete G209 se adapta a una amplia gama de aplicaciones de aparejo, proporcionando flexibilidad y comodidad.<\/p>\n<p>Construcci\u00f3n duradera: Fabricado para durar, cada grillete G209 se somete a rigurosas pruebas para garantizar su durabilidad y fiabilidad a largo plazo, minimizando el tiempo de inactividad y los costes de mantenimiento.<\/p>","protected":false},"featured_media":6311,"comment_status":"open","ping_status":"closed","template":"","meta":{"site-sidebar-layout":"default","site-content-layout":"default","ast-site-content-layout":"default","site-content-style":"default","site-sidebar-style":"default","ast-global-header-display":"","ast-banner-title-visibility":"","ast-main-header-display":"","ast-hfb-above-header-display":"","ast-hfb-below-header-display":"","ast-hfb-mobile-header-display":"","site-post-title":"","ast-breadcrumbs-content":"","ast-featured-img":"","footer-sml-layout":"","theme-transparent-header-meta":"default","adv-header-id-meta":"","stick-header-meta":"default","header-above-stick-meta":"","header-main-stick-meta":"","header-below-stick-meta":"","astra-migrate-meta-layouts":"set","ast-page-background-enabled":"default","ast-page-background-meta":{"desktop":{"background-color":"","background-image":"","background-repeat":"repeat","background-position":"center center","background-size":"auto","background-attachment":"scroll","background-type":"","background-media":"","overlay-type":"","overlay-color":"","overlay-opacity":"","overlay-gradient":""},"tablet":{"background-color":"","background-image":"","background-repeat":"repeat","background-position":"center center","background-size":"auto","background-attachment":"scroll","background-type":"","background-media":"","overlay-type":"","overlay-color":"","overlay-opacity":"","overlay-gradient":""},"mobile":{"background-color":"","background-image":"","background-repeat":"repeat","background-position":"center center","background-size":"auto","background-attachment":"scroll","background-type":"","background-media":"","overlay-type":"","overlay-color":"","overlay-opacity":"","overlay-gradient":""}},"ast-content-background-meta":{"desktop":{"background-color":"var(--ast-global-color-5)","background-image":"","background-repeat":"repeat","background-position":"center center","background-size":"auto","background-attachment":"scroll","background-type":"","background-media":"","overlay-type":"","overlay-color":"","overlay-opacity":"","overlay-gradient":""},"tablet":{"background-color":"var(--ast-global-color-5)","background-image":"","background-repeat":"repeat","background-position":"center center","background-size":"auto","background-attachment":"scroll","background-type":"","background-media":"","overlay-type":"","overlay-color":"","overlay-opacity":"","overlay-gradient":""},"mobile":{"background-color":"var(--ast-global-color-5)","background-image":"","background-repeat":"repeat","background-position":"center center","background-size":"auto","background-attachment":"scroll","background-type":"","background-media":"","overlay-type":"","overlay-color":"","overlay-opacity":"","overlay-gradient":""}}},"product_brand":[],"product_cat":[43,54],"product_tag":[],"class_list":{"0":"post-4622","1":"product","2":"type-product","3":"status-publish","4":"has-post-thumbnail","6":"product_cat-rigging-hardware","7":"product_cat-shackle","8":"desktop-align-left","9":"tablet-align-left","10":"mobile-align-left","11":"ast-product-gallery-layout-horizontal-slider","12":"ast-product-tabs-layout-horizontal","14":"first","15":"instock","16":"shipping-taxable","17":"purchasable","18":"product-type-simple"},"yoast_head":"<!-- This site is optimized with the Yoast SEO plugin v25.2 - https:\/\/yoast.com\/wordpress\/plugins\/seo\/ -->\n<title>G209 Bow Shackle S209 Screw Pin Ancho Shackle<\/title>\n<meta name=\"description\" content=\"The G209 Galvanized Shackle is an essential and reliable hardware component widely used in various industries and applications.\" \/>\n<meta name=\"robots\" content=\"index, follow, max-snippet:-1, max-image-preview:large, max-video-preview:-1\" \/>\n<link rel=\"canonical\" href=\"https:\/\/qingdaohf.com\/es\/producto\/grillete-g209\/\" \/>\n<meta property=\"og:locale\" content=\"es_ES\" \/>\n<meta property=\"og:type\" content=\"article\" \/>\n<meta property=\"og:title\" content=\"G209 Bow Shackle S209 Screw Pin Ancho Shackle\" \/>\n<meta property=\"og:description\" content=\"The G209 Galvanized Shackle is an essential and reliable hardware component widely used in various industries and applications.\" \/>\n<meta property=\"og:url\" content=\"https:\/\/qingdaohf.com\/es\/producto\/grillete-g209\/\" \/>\n<meta property=\"og:site_name\" content=\"Concrete Form &amp; Rigging Hardware Supplier\" \/>\n<meta property=\"article:publisher\" content=\"https:\/\/www.facebook.com\/qingdaohf\" \/>\n<meta property=\"article:modified_time\" content=\"2025-11-13T01:04:03+00:00\" \/>\n<meta property=\"og:image\" content=\"https:\/\/qingdaohf.com\/wp-content\/uploads\/2023\/07\/209-shackle-2.jpg\" \/>\n\t<meta property=\"og:image:width\" content=\"1000\" \/>\n\t<meta property=\"og:image:height\" content=\"1000\" \/>\n\t<meta property=\"og:image:type\" content=\"image\/jpeg\" \/>\n<meta name=\"twitter:card\" content=\"summary_large_image\" \/>\n<meta name=\"twitter:label1\" content=\"Tiempo de lectura\" \/>\n\t<meta name=\"twitter:data1\" content=\"3 minutos\" \/>\n<script type=\"application\/ld+json\" class=\"yoast-schema-graph\">{\"@context\":\"https:\/\/schema.org\",\"@graph\":[{\"@type\":\"WebPage\",\"@id\":\"https:\/\/qingdaohf.com\/product\/g209-shackle\/\",\"url\":\"https:\/\/qingdaohf.com\/product\/g209-shackle\/\",\"name\":\"G209 Bow Shackle S209 Screw Pin Ancho Shackle\",\"isPartOf\":{\"@id\":\"https:\/\/qingdaohf.com\/bg\/#website\"},\"primaryImageOfPage\":{\"@id\":\"https:\/\/qingdaohf.com\/product\/g209-shackle\/#primaryimage\"},\"image\":{\"@id\":\"https:\/\/qingdaohf.com\/product\/g209-shackle\/#primaryimage\"},\"thumbnailUrl\":\"https:\/\/qingdaohf.com\/wp-content\/uploads\/2023\/07\/209-shackle-2.jpg\",\"datePublished\":\"2023-07-05T09:16:50+00:00\",\"dateModified\":\"2025-11-13T01:04:03+00:00\",\"description\":\"The G209 Galvanized Shackle is an essential and reliable hardware component widely used in various industries and applications.\",\"breadcrumb\":{\"@id\":\"https:\/\/qingdaohf.com\/product\/g209-shackle\/#breadcrumb\"},\"inLanguage\":\"es\",\"potentialAction\":[{\"@type\":\"ReadAction\",\"target\":[\"https:\/\/qingdaohf.com\/product\/g209-shackle\/\"]}]},{\"@type\":\"ImageObject\",\"inLanguage\":\"es\",\"@id\":\"https:\/\/qingdaohf.com\/product\/g209-shackle\/#primaryimage\",\"url\":\"https:\/\/qingdaohf.com\/wp-content\/uploads\/2023\/07\/209-shackle-2.jpg\",\"contentUrl\":\"https:\/\/qingdaohf.com\/wp-content\/uploads\/2023\/07\/209-shackle-2.jpg\",\"width\":1000,\"height\":1000,\"caption\":\"209 shackle\"},{\"@type\":\"BreadcrumbList\",\"@id\":\"https:\/\/qingdaohf.com\/product\/g209-shackle\/#breadcrumb\",\"itemListElement\":[{\"@type\":\"ListItem\",\"position\":1,\"name\":\"Home\",\"item\":\"https:\/\/qingdaohf.com\/\"},{\"@type\":\"ListItem\",\"position\":2,\"name\":\"Concrete Forming Accessories and Rigging Hardware\",\"item\":\"https:\/\/qingdaohf.com\/bg\/?page_id=944\"},{\"@type\":\"ListItem\",\"position\":3,\"name\":\"G209 Bow Shackle S209 Screw Pin Ancho Shackle\"}]},{\"@type\":\"WebSite\",\"@id\":\"https:\/\/qingdaohf.com\/bg\/#website\",\"url\":\"https:\/\/qingdaohf.com\/bg\/\",\"name\":\"Concrete Form & Rigging Hardware Supplier\",\"description\":\"\",\"publisher\":{\"@id\":\"https:\/\/qingdaohf.com\/bg\/#organization\"},\"potentialAction\":[{\"@type\":\"SearchAction\",\"target\":{\"@type\":\"EntryPoint\",\"urlTemplate\":\"https:\/\/qingdaohf.com\/bg\/?s={search_term_string}\"},\"query-input\":{\"@type\":\"PropertyValueSpecification\",\"valueRequired\":true,\"valueName\":\"search_term_string\"}}],\"inLanguage\":\"es\"},{\"@type\":\"Organization\",\"@id\":\"https:\/\/qingdaohf.com\/bg\/#organization\",\"name\":\"Qingdao H&F\",\"url\":\"https:\/\/qingdaohf.com\/bg\/\",\"logo\":{\"@type\":\"ImageObject\",\"inLanguage\":\"es\",\"@id\":\"https:\/\/qingdaohf.com\/bg\/#\/schema\/logo\/image\/\",\"url\":\"https:\/\/qingdaohf.com\/wp-content\/uploads\/2022\/12\/cropped-HF-LOGO.png\",\"contentUrl\":\"https:\/\/qingdaohf.com\/wp-content\/uploads\/2022\/12\/cropped-HF-LOGO.png\",\"width\":391,\"height\":249,\"caption\":\"Qingdao H&F\"},\"image\":{\"@id\":\"https:\/\/qingdaohf.com\/bg\/#\/schema\/logo\/image\/\"},\"sameAs\":[\"https:\/\/www.facebook.com\/qingdaohf\"]}]}<\/script>\n<!-- \/ Yoast SEO plugin. -->","yoast_head_json":{"title":"G209 Bow Shackle S209 Screw Pin Ancho Shackle","description":"The G209 Galvanized Shackle is an essential and reliable hardware component widely used in various industries and applications.","robots":{"index":"index","follow":"follow","max-snippet":"max-snippet:-1","max-image-preview":"max-image-preview:large","max-video-preview":"max-video-preview:-1"},"canonical":"https:\/\/qingdaohf.com\/es\/producto\/grillete-g209\/","og_locale":"es_ES","og_type":"article","og_title":"G209 Bow Shackle S209 Screw Pin Ancho Shackle","og_description":"The G209 Galvanized Shackle is an essential and reliable hardware component widely used in various industries and applications.","og_url":"https:\/\/qingdaohf.com\/es\/producto\/grillete-g209\/","og_site_name":"Concrete Form &amp; Rigging Hardware Supplier","article_publisher":"https:\/\/www.facebook.com\/qingdaohf","article_modified_time":"2025-11-13T01:04:03+00:00","og_image":[{"width":1000,"height":1000,"url":"https:\/\/qingdaohf.com\/wp-content\/uploads\/2023\/07\/209-shackle-2.jpg","type":"image\/jpeg"}],"twitter_card":"summary_large_image","twitter_misc":{"Tiempo de lectura":"3 minutos"},"schema":{"@context":"https:\/\/schema.org","@graph":[{"@type":"WebPage","@id":"https:\/\/qingdaohf.com\/product\/g209-shackle\/","url":"https:\/\/qingdaohf.com\/product\/g209-shackle\/","name":"G209 Bow Shackle S209 Screw Pin Ancho Shackle","isPartOf":{"@id":"https:\/\/qingdaohf.com\/bg\/#website"},"primaryImageOfPage":{"@id":"https:\/\/qingdaohf.com\/product\/g209-shackle\/#primaryimage"},"image":{"@id":"https:\/\/qingdaohf.com\/product\/g209-shackle\/#primaryimage"},"thumbnailUrl":"https:\/\/qingdaohf.com\/wp-content\/uploads\/2023\/07\/209-shackle-2.jpg","datePublished":"2023-07-05T09:16:50+00:00","dateModified":"2025-11-13T01:04:03+00:00","description":"The G209 Galvanized Shackle is an essential and reliable hardware component widely used in various industries and applications.","breadcrumb":{"@id":"https:\/\/qingdaohf.com\/product\/g209-shackle\/#breadcrumb"},"inLanguage":"es","potentialAction":[{"@type":"ReadAction","target":["https:\/\/qingdaohf.com\/product\/g209-shackle\/"]}]},{"@type":"ImageObject","inLanguage":"es","@id":"https:\/\/qingdaohf.com\/product\/g209-shackle\/#primaryimage","url":"https:\/\/qingdaohf.com\/wp-content\/uploads\/2023\/07\/209-shackle-2.jpg","contentUrl":"https:\/\/qingdaohf.com\/wp-content\/uploads\/2023\/07\/209-shackle-2.jpg","width":1000,"height":1000,"caption":"209 shackle"},{"@type":"BreadcrumbList","@id":"https:\/\/qingdaohf.com\/product\/g209-shackle\/#breadcrumb","itemListElement":[{"@type":"ListItem","position":1,"name":"Home","item":"https:\/\/qingdaohf.com\/"},{"@type":"ListItem","position":2,"name":"Concrete Forming Accessories and Rigging Hardware","item":"https:\/\/qingdaohf.com\/bg\/?page_id=944"},{"@type":"ListItem","position":3,"name":"G209 Bow Shackle S209 Screw Pin Ancho Shackle"}]},{"@type":"WebSite","@id":"https:\/\/qingdaohf.com\/bg\/#website","url":"https:\/\/qingdaohf.com\/bg\/","name":"Concrete Form & Rigging Hardware Supplier","description":"","publisher":{"@id":"https:\/\/qingdaohf.com\/bg\/#organization"},"potentialAction":[{"@type":"SearchAction","target":{"@type":"EntryPoint","urlTemplate":"https:\/\/qingdaohf.com\/bg\/?s={search_term_string}"},"query-input":{"@type":"PropertyValueSpecification","valueRequired":true,"valueName":"search_term_string"}}],"inLanguage":"es"},{"@type":"Organization","@id":"https:\/\/qingdaohf.com\/bg\/#organization","name":"Qingdao H&F","url":"https:\/\/qingdaohf.com\/bg\/","logo":{"@type":"ImageObject","inLanguage":"es","@id":"https:\/\/qingdaohf.com\/bg\/#\/schema\/logo\/image\/","url":"https:\/\/qingdaohf.com\/wp-content\/uploads\/2022\/12\/cropped-HF-LOGO.png","contentUrl":"https:\/\/qingdaohf.com\/wp-content\/uploads\/2022\/12\/cropped-HF-LOGO.png","width":391,"height":249,"caption":"Qingdao H&F"},"image":{"@id":"https:\/\/qingdaohf.com\/bg\/#\/schema\/logo\/image\/"},"sameAs":["https:\/\/www.facebook.com\/qingdaohf"]}]}},"_links":{"self":[{"href":"https:\/\/qingdaohf.com\/es\/wp-json\/wp\/v2\/product\/4622","targetHints":{"allow":["GET"]}}],"collection":[{"href":"https:\/\/qingdaohf.com\/es\/wp-json\/wp\/v2\/product"}],"about":[{"href":"https:\/\/qingdaohf.com\/es\/wp-json\/wp\/v2\/types\/product"}],"replies":[{"embeddable":true,"href":"https:\/\/qingdaohf.com\/es\/wp-json\/wp\/v2\/comments?post=4622"}],"version-history":[{"count":7,"href":"https:\/\/qingdaohf.com\/es\/wp-json\/wp\/v2\/product\/4622\/revisions"}],"predecessor-version":[{"id":6301,"href":"https:\/\/qingdaohf.com\/es\/wp-json\/wp\/v2\/product\/4622\/revisions\/6301"}],"wp:featuredmedia":[{"embeddable":true,"href":"https:\/\/qingdaohf.com\/es\/wp-json\/wp\/v2\/media\/6311"}],"wp:attachment":[{"href":"https:\/\/qingdaohf.com\/es\/wp-json\/wp\/v2\/media?parent=4622"}],"wp:term":[{"taxonomy":"product_brand","embeddable":true,"href":"https:\/\/qingdaohf.com\/es\/wp-json\/wp\/v2\/product_brand?post=4622"},{"taxonomy":"product_cat","embeddable":true,"href":"https:\/\/qingdaohf.com\/es\/wp-json\/wp\/v2\/product_cat?post=4622"},{"taxonomy":"product_tag","embeddable":true,"href":"https:\/\/qingdaohf.com\/es\/wp-json\/wp\/v2\/product_tag?post=4622"}],"curies":[{"name":"wp","href":"https:\/\/api.w.org\/{rel}","templated":true}]}}