{"id":5494,"date":"2023-10-25T14:53:19","date_gmt":"2023-10-25T06:53:19","guid":{"rendered":"http:\/\/qingdaohf.com\/?post_type=product&#038;p=5494"},"modified":"2025-11-13T09:04:02","modified_gmt":"2025-11-13T01:04:02","slug":"steel-cavity-cap","status":"publish","type":"product","link":"https:\/\/qingdaohf.com\/es\/producto\/tapa-de-cavidad-de-acero\/","title":{"rendered":"Tap\u00f3n de acero"},"content":{"rendered":"<div class=\"romance\">\n<p><b><i>Descripci\u00f3n: <\/i><\/b>La tapa de la cavidad impide que la infiltraci\u00f3n de mortero caiga en las celdas de bloques de hormig\u00f3n # 2 - 16\".<\/p>\n<p><b><i>Instalaci\u00f3n: <\/i><\/b>Cuando se coloca en el segundo desde el bloque superior, mantendr\u00e1 el hormig\u00f3n de<\/p>\n<p>que caen en la pared de CMU, por lo que se utiliza menos hormig\u00f3n para cubrir la pared por debajo de la viga de uni\u00f3n.<\/p>\n<p><b><i>Caracter\u00edsticas: <\/i><\/b><b>Protecci\u00f3n superior y solado de acabado para esquinas exteriores y \u00e1ngulos. <\/b><\/p>\n<p>El centro preformado se bloquea firmemente entre las celdas de bloques de hormig\u00f3n<\/p>\n<p>Evita que el hormig\u00f3n caiga en la pared de CMU<\/p>\n<p>Requiere menos hormig\u00f3n para formar muros de bloques de hormig\u00f3n<\/p>\n<p><b><i>Material; <\/i><\/b>Este producto est\u00e1 fabricado con chapa de acero galvanizado para una mayor protecci\u00f3n contra la corrosi\u00f3n<\/p>\n<p>para que dure toda la vida \u00fatil de la estructura.<\/p>\n<p>Dimensionado para adaptarse a bloques de hormig\u00f3n convencionales 16\" CMU<\/p>\n<p>200 unidades por caja.<\/p>\n<p><img fetchpriority=\"high\" decoding=\"async\" class=\"alignnone size-full wp-image-6976\" src=\"http:\/\/qingdaohf.com\/wp-content\/uploads\/2023\/10\/cavity-cap.jpg\" alt=\"tapa de la cavidad\" width=\"699\" height=\"351\" srcset=\"https:\/\/qingdaohf.com\/wp-content\/uploads\/2023\/10\/cavity-cap.jpg 699w, https:\/\/qingdaohf.com\/wp-content\/uploads\/2023\/10\/cavity-cap-300x151.jpg 300w, https:\/\/qingdaohf.com\/wp-content\/uploads\/2023\/10\/cavity-cap-18x9.jpg 18w\" sizes=\"(max-width: 699px) 100vw, 699px\" \/><\/p>\n<\/div>\n<div class=\"specs\">\n<div class=\"ast-oembed-container\" style=\"height: 100%;\"><iframe title=\"Tap\u00f3n de acero galvanizado\" width=\"500\" height=\"281\" src=\"https:\/\/www.youtube.com\/embed\/1sgTrPaw-w4?feature=oembed\" frameborder=\"0\" allow=\"accelerometer; autoplay; clipboard-write; encrypted-media; gyroscope; picture-in-picture; web-share\" referrerpolicy=\"strict-origin-when-cross-origin\" allowfullscreen><\/iframe><\/div>\n<\/div>","protected":false},"excerpt":{"rendered":"<p>Tapas de cavidad de acero galvanizado preformadas para su uso con bloques de hormig\u00f3n.<\/p>\n<p>La tapa de cavidad de acero es perfecta para cubrir aberturas en bloques de hormig\u00f3n en lugares expuestos. El centro preformado se bloquea firmemente entre las celdas de los bloques de hormig\u00f3n para detener la infiltraci\u00f3n de mortero.<\/p>","protected":false},"featured_media":5495,"comment_status":"open","ping_status":"closed","template":"","meta":{"site-sidebar-layout":"default","site-content-layout":"","ast-site-content-layout":"default","site-content-style":"default","site-sidebar-style":"default","ast-global-header-display":"","ast-banner-title-visibility":"","ast-main-header-display":"","ast-hfb-above-header-display":"","ast-hfb-below-header-display":"","ast-hfb-mobile-header-display":"","site-post-title":"","ast-breadcrumbs-content":"","ast-featured-img":"","footer-sml-layout":"","theme-transparent-header-meta":"default","adv-header-id-meta":"","stick-header-meta":"default","header-above-stick-meta":"","header-main-stick-meta":"","header-below-stick-meta":"","astra-migrate-meta-layouts":"set","ast-page-background-enabled":"default","ast-page-background-meta":{"desktop":{"background-color":"","background-image":"","background-repeat":"repeat","background-position":"center center","background-size":"auto","background-attachment":"scroll","background-type":"","background-media":"","overlay-type":"","overlay-color":"","overlay-opacity":"","overlay-gradient":""},"tablet":{"background-color":"","background-image":"","background-repeat":"repeat","background-position":"center center","background-size":"auto","background-attachment":"scroll","background-type":"","background-media":"","overlay-type":"","overlay-color":"","overlay-opacity":"","overlay-gradient":""},"mobile":{"background-color":"","background-image":"","background-repeat":"repeat","background-position":"center center","background-size":"auto","background-attachment":"scroll","background-type":"","background-media":"","overlay-type":"","overlay-color":"","overlay-opacity":"","overlay-gradient":""}},"ast-content-background-meta":{"desktop":{"background-color":"var(--ast-global-color-5)","background-image":"","background-repeat":"repeat","background-position":"center center","background-size":"auto","background-attachment":"scroll","background-type":"","background-media":"","overlay-type":"","overlay-color":"","overlay-opacity":"","overlay-gradient":""},"tablet":{"background-color":"var(--ast-global-color-5)","background-image":"","background-repeat":"repeat","background-position":"center center","background-size":"auto","background-attachment":"scroll","background-type":"","background-media":"","overlay-type":"","overlay-color":"","overlay-opacity":"","overlay-gradient":""},"mobile":{"background-color":"var(--ast-global-color-5)","background-image":"","background-repeat":"repeat","background-position":"center center","background-size":"auto","background-attachment":"scroll","background-type":"","background-media":"","overlay-type":"","overlay-color":"","overlay-opacity":"","overlay-gradient":""}}},"product_brand":[],"product_cat":[50],"product_tag":[],"class_list":{"0":"post-5494","1":"product","2":"type-product","3":"status-publish","4":"has-post-thumbnail","6":"product_cat-concrete-form-accessories","7":"desktop-align-left","8":"tablet-align-left","9":"mobile-align-left","10":"ast-product-gallery-layout-horizontal-slider","11":"ast-product-tabs-layout-horizontal","13":"first","14":"instock","15":"shipping-taxable","16":"purchasable","17":"product-type-simple"},"yoast_head":"<!-- This site is optimized with the Yoast SEO plugin v25.2 - https:\/\/yoast.com\/wordpress\/plugins\/seo\/ -->\n<title>Steel Cavity Cap<\/title>\n<meta name=\"description\" content=\"Preformed galvanized steel cavity caps for use with concrete blocks.\" \/>\n<meta name=\"robots\" content=\"index, follow, max-snippet:-1, max-image-preview:large, max-video-preview:-1\" \/>\n<link rel=\"canonical\" href=\"https:\/\/qingdaohf.com\/es\/producto\/tapa-de-cavidad-de-acero\/\" \/>\n<meta property=\"og:locale\" content=\"es_ES\" \/>\n<meta property=\"og:type\" content=\"article\" \/>\n<meta property=\"og:title\" content=\"Steel Cavity Cap\" \/>\n<meta property=\"og:description\" content=\"Preformed galvanized steel cavity caps for use with concrete blocks.\" \/>\n<meta property=\"og:url\" content=\"https:\/\/qingdaohf.com\/es\/producto\/tapa-de-cavidad-de-acero\/\" \/>\n<meta property=\"og:site_name\" content=\"Concrete Form &amp; Rigging Hardware Supplier\" \/>\n<meta property=\"article:publisher\" content=\"https:\/\/www.facebook.com\/qingdaohf\" \/>\n<meta property=\"article:modified_time\" content=\"2025-11-13T01:04:02+00:00\" \/>\n<meta property=\"og:image\" content=\"https:\/\/qingdaohf.com\/wp-content\/uploads\/2023\/10\/steel-Cavity-Cap-1-scaled.jpg\" \/>\n\t<meta property=\"og:image:width\" content=\"1920\" \/>\n\t<meta property=\"og:image:height\" content=\"1920\" \/>\n\t<meta property=\"og:image:type\" content=\"image\/jpeg\" \/>\n<meta name=\"twitter:card\" content=\"summary_large_image\" \/>\n<meta name=\"twitter:label1\" content=\"Tiempo de lectura\" \/>\n\t<meta name=\"twitter:data1\" content=\"1 minuto\" \/>\n<script type=\"application\/ld+json\" class=\"yoast-schema-graph\">{\"@context\":\"https:\/\/schema.org\",\"@graph\":[{\"@type\":\"WebPage\",\"@id\":\"https:\/\/qingdaohf.com\/product\/steel-cavity-cap\/\",\"url\":\"https:\/\/qingdaohf.com\/product\/steel-cavity-cap\/\",\"name\":\"Steel Cavity Cap\",\"isPartOf\":{\"@id\":\"https:\/\/qingdaohf.com\/bg\/#website\"},\"primaryImageOfPage\":{\"@id\":\"https:\/\/qingdaohf.com\/product\/steel-cavity-cap\/#primaryimage\"},\"image\":{\"@id\":\"https:\/\/qingdaohf.com\/product\/steel-cavity-cap\/#primaryimage\"},\"thumbnailUrl\":\"https:\/\/qingdaohf.com\/wp-content\/uploads\/2023\/10\/steel-Cavity-Cap-1-scaled.jpg\",\"datePublished\":\"2023-10-25T06:53:19+00:00\",\"dateModified\":\"2025-11-13T01:04:02+00:00\",\"description\":\"Preformed galvanized steel cavity caps for use with concrete blocks.\",\"breadcrumb\":{\"@id\":\"https:\/\/qingdaohf.com\/product\/steel-cavity-cap\/#breadcrumb\"},\"inLanguage\":\"es\",\"potentialAction\":[{\"@type\":\"ReadAction\",\"target\":[\"https:\/\/qingdaohf.com\/product\/steel-cavity-cap\/\"]}]},{\"@type\":\"ImageObject\",\"inLanguage\":\"es\",\"@id\":\"https:\/\/qingdaohf.com\/product\/steel-cavity-cap\/#primaryimage\",\"url\":\"https:\/\/qingdaohf.com\/wp-content\/uploads\/2023\/10\/steel-Cavity-Cap-1-scaled.jpg\",\"contentUrl\":\"https:\/\/qingdaohf.com\/wp-content\/uploads\/2023\/10\/steel-Cavity-Cap-1-scaled.jpg\",\"width\":1920,\"height\":1920,\"caption\":\"steel Cavity Cap\"},{\"@type\":\"BreadcrumbList\",\"@id\":\"https:\/\/qingdaohf.com\/product\/steel-cavity-cap\/#breadcrumb\",\"itemListElement\":[{\"@type\":\"ListItem\",\"position\":1,\"name\":\"Home\",\"item\":\"https:\/\/qingdaohf.com\/\"},{\"@type\":\"ListItem\",\"position\":2,\"name\":\"Concrete Forming Accessories and Rigging Hardware\",\"item\":\"https:\/\/qingdaohf.com\/bg\/?page_id=944\"},{\"@type\":\"ListItem\",\"position\":3,\"name\":\"Steel Cavity Cap\"}]},{\"@type\":\"WebSite\",\"@id\":\"https:\/\/qingdaohf.com\/bg\/#website\",\"url\":\"https:\/\/qingdaohf.com\/bg\/\",\"name\":\"Concrete Form & Rigging Hardware Supplier\",\"description\":\"\",\"publisher\":{\"@id\":\"https:\/\/qingdaohf.com\/bg\/#organization\"},\"potentialAction\":[{\"@type\":\"SearchAction\",\"target\":{\"@type\":\"EntryPoint\",\"urlTemplate\":\"https:\/\/qingdaohf.com\/bg\/?s={search_term_string}\"},\"query-input\":{\"@type\":\"PropertyValueSpecification\",\"valueRequired\":true,\"valueName\":\"search_term_string\"}}],\"inLanguage\":\"es\"},{\"@type\":\"Organization\",\"@id\":\"https:\/\/qingdaohf.com\/bg\/#organization\",\"name\":\"Qingdao H&F\",\"url\":\"https:\/\/qingdaohf.com\/bg\/\",\"logo\":{\"@type\":\"ImageObject\",\"inLanguage\":\"es\",\"@id\":\"https:\/\/qingdaohf.com\/bg\/#\/schema\/logo\/image\/\",\"url\":\"https:\/\/qingdaohf.com\/wp-content\/uploads\/2022\/12\/cropped-HF-LOGO.png\",\"contentUrl\":\"https:\/\/qingdaohf.com\/wp-content\/uploads\/2022\/12\/cropped-HF-LOGO.png\",\"width\":391,\"height\":249,\"caption\":\"Qingdao H&F\"},\"image\":{\"@id\":\"https:\/\/qingdaohf.com\/bg\/#\/schema\/logo\/image\/\"},\"sameAs\":[\"https:\/\/www.facebook.com\/qingdaohf\"]}]}<\/script>\n<!-- \/ Yoast SEO plugin. -->","yoast_head_json":{"title":"Steel Cavity Cap","description":"Preformed galvanized steel cavity caps for use with concrete blocks.","robots":{"index":"index","follow":"follow","max-snippet":"max-snippet:-1","max-image-preview":"max-image-preview:large","max-video-preview":"max-video-preview:-1"},"canonical":"https:\/\/qingdaohf.com\/es\/producto\/tapa-de-cavidad-de-acero\/","og_locale":"es_ES","og_type":"article","og_title":"Steel Cavity Cap","og_description":"Preformed galvanized steel cavity caps for use with concrete blocks.","og_url":"https:\/\/qingdaohf.com\/es\/producto\/tapa-de-cavidad-de-acero\/","og_site_name":"Concrete Form &amp; Rigging Hardware Supplier","article_publisher":"https:\/\/www.facebook.com\/qingdaohf","article_modified_time":"2025-11-13T01:04:02+00:00","og_image":[{"width":1920,"height":1920,"url":"https:\/\/qingdaohf.com\/wp-content\/uploads\/2023\/10\/steel-Cavity-Cap-1-scaled.jpg","type":"image\/jpeg"}],"twitter_card":"summary_large_image","twitter_misc":{"Tiempo de lectura":"1 minuto"},"schema":{"@context":"https:\/\/schema.org","@graph":[{"@type":"WebPage","@id":"https:\/\/qingdaohf.com\/product\/steel-cavity-cap\/","url":"https:\/\/qingdaohf.com\/product\/steel-cavity-cap\/","name":"Steel Cavity Cap","isPartOf":{"@id":"https:\/\/qingdaohf.com\/bg\/#website"},"primaryImageOfPage":{"@id":"https:\/\/qingdaohf.com\/product\/steel-cavity-cap\/#primaryimage"},"image":{"@id":"https:\/\/qingdaohf.com\/product\/steel-cavity-cap\/#primaryimage"},"thumbnailUrl":"https:\/\/qingdaohf.com\/wp-content\/uploads\/2023\/10\/steel-Cavity-Cap-1-scaled.jpg","datePublished":"2023-10-25T06:53:19+00:00","dateModified":"2025-11-13T01:04:02+00:00","description":"Preformed galvanized steel cavity caps for use with concrete blocks.","breadcrumb":{"@id":"https:\/\/qingdaohf.com\/product\/steel-cavity-cap\/#breadcrumb"},"inLanguage":"es","potentialAction":[{"@type":"ReadAction","target":["https:\/\/qingdaohf.com\/product\/steel-cavity-cap\/"]}]},{"@type":"ImageObject","inLanguage":"es","@id":"https:\/\/qingdaohf.com\/product\/steel-cavity-cap\/#primaryimage","url":"https:\/\/qingdaohf.com\/wp-content\/uploads\/2023\/10\/steel-Cavity-Cap-1-scaled.jpg","contentUrl":"https:\/\/qingdaohf.com\/wp-content\/uploads\/2023\/10\/steel-Cavity-Cap-1-scaled.jpg","width":1920,"height":1920,"caption":"steel Cavity Cap"},{"@type":"BreadcrumbList","@id":"https:\/\/qingdaohf.com\/product\/steel-cavity-cap\/#breadcrumb","itemListElement":[{"@type":"ListItem","position":1,"name":"Home","item":"https:\/\/qingdaohf.com\/"},{"@type":"ListItem","position":2,"name":"Concrete Forming Accessories and Rigging Hardware","item":"https:\/\/qingdaohf.com\/bg\/?page_id=944"},{"@type":"ListItem","position":3,"name":"Steel Cavity Cap"}]},{"@type":"WebSite","@id":"https:\/\/qingdaohf.com\/bg\/#website","url":"https:\/\/qingdaohf.com\/bg\/","name":"Concrete Form & Rigging Hardware Supplier","description":"","publisher":{"@id":"https:\/\/qingdaohf.com\/bg\/#organization"},"potentialAction":[{"@type":"SearchAction","target":{"@type":"EntryPoint","urlTemplate":"https:\/\/qingdaohf.com\/bg\/?s={search_term_string}"},"query-input":{"@type":"PropertyValueSpecification","valueRequired":true,"valueName":"search_term_string"}}],"inLanguage":"es"},{"@type":"Organization","@id":"https:\/\/qingdaohf.com\/bg\/#organization","name":"Qingdao H&F","url":"https:\/\/qingdaohf.com\/bg\/","logo":{"@type":"ImageObject","inLanguage":"es","@id":"https:\/\/qingdaohf.com\/bg\/#\/schema\/logo\/image\/","url":"https:\/\/qingdaohf.com\/wp-content\/uploads\/2022\/12\/cropped-HF-LOGO.png","contentUrl":"https:\/\/qingdaohf.com\/wp-content\/uploads\/2022\/12\/cropped-HF-LOGO.png","width":391,"height":249,"caption":"Qingdao H&F"},"image":{"@id":"https:\/\/qingdaohf.com\/bg\/#\/schema\/logo\/image\/"},"sameAs":["https:\/\/www.facebook.com\/qingdaohf"]}]}},"_links":{"self":[{"href":"https:\/\/qingdaohf.com\/es\/wp-json\/wp\/v2\/product\/5494","targetHints":{"allow":["GET"]}}],"collection":[{"href":"https:\/\/qingdaohf.com\/es\/wp-json\/wp\/v2\/product"}],"about":[{"href":"https:\/\/qingdaohf.com\/es\/wp-json\/wp\/v2\/types\/product"}],"replies":[{"embeddable":true,"href":"https:\/\/qingdaohf.com\/es\/wp-json\/wp\/v2\/comments?post=5494"}],"version-history":[{"count":5,"href":"https:\/\/qingdaohf.com\/es\/wp-json\/wp\/v2\/product\/5494\/revisions"}],"predecessor-version":[{"id":6977,"href":"https:\/\/qingdaohf.com\/es\/wp-json\/wp\/v2\/product\/5494\/revisions\/6977"}],"wp:featuredmedia":[{"embeddable":true,"href":"https:\/\/qingdaohf.com\/es\/wp-json\/wp\/v2\/media\/5495"}],"wp:attachment":[{"href":"https:\/\/qingdaohf.com\/es\/wp-json\/wp\/v2\/media?parent=5494"}],"wp:term":[{"taxonomy":"product_brand","embeddable":true,"href":"https:\/\/qingdaohf.com\/es\/wp-json\/wp\/v2\/product_brand?post=5494"},{"taxonomy":"product_cat","embeddable":true,"href":"https:\/\/qingdaohf.com\/es\/wp-json\/wp\/v2\/product_cat?post=5494"},{"taxonomy":"product_tag","embeddable":true,"href":"https:\/\/qingdaohf.com\/es\/wp-json\/wp\/v2\/product_tag?post=5494"}],"curies":[{"name":"wp","href":"https:\/\/api.w.org\/{rel}","templated":true}]}}