{"id":5799,"date":"2023-11-23T11:35:43","date_gmt":"2023-11-23T03:35:43","guid":{"rendered":"http:\/\/qingdaohf.com\/?post_type=product&#038;p=5799"},"modified":"2025-11-13T09:04:01","modified_gmt":"2025-11-13T01:04:01","slug":"towing-shackle","status":"publish","type":"product","link":"https:\/\/qingdaohf.com\/es\/producto\/grillete-de-remolque\/","title":{"rendered":"Grillete de remolque"},"content":{"rendered":"<h2>Ventajas de nuestros grilletes de remolque:<\/h2>\n<h3>Alta resistencia a la tracci\u00f3n:<\/h3>\n<p>Nuestros grilletes de remolque presentan una resistencia a la tracci\u00f3n superior, lo que garantiza un rendimiento fiable con cargas pesadas. Sus clientes exigen calidad, y nosotros se la ofrecemos.<\/p>\n<h3>Resistencia a la corrosi\u00f3n:<\/h3>\n<p>Una caracter\u00edstica destacada de nuestros grilletes es su excepcional resistencia a la corrosi\u00f3n. Gracias a materiales y revestimientos innovadores, garantizamos una vida \u00fatil prolongada, lo que los hace ideales para diversos entornos, desde aplicaciones marinas hasta entornos industriales hostiles.<\/p>\n<h3>Ingenier\u00eda de precisi\u00f3n:<\/h3>\n<p>Cada grillete est\u00e1 meticulosamente dise\u00f1ado para ofrecer la m\u00e1xima precisi\u00f3n. Esto garantiza un ajuste perfecto, reduciendo el desgaste y mejorando la seguridad general durante las operaciones de remolque.<\/p>\n<h3>Versatilidad en las aplicaciones:<\/h3>\n<p>Nuestros grilletes de remolque se han dise\u00f1ado pensando en la versatilidad. Ya sea para remolque comercial pesado o para aplicaciones industriales especializadas, nuestros productos satisfacen una amplia gama de necesidades, lo que los convierte en una soluci\u00f3n a la que acudir para diversos sectores.<\/p>\n<h3>Cumplimiento de las normas del sector:<\/h3>\n<p>Estamos orgullosos de superar las normas del sector. Nuestros grilletes de remolque no solo cumplen las normas, sino que van m\u00e1s all\u00e1, cumpliendo o superando las normativas para garantizar el m\u00e1ximo nivel de seguridad y fiabilidad.<\/p>\n<h2>Sus preocupaciones, nuestras soluciones:<\/h2>\n<h3>Garant\u00eda de calidad del producto:<\/h3>\n<p>Nuestros grilletes de remolque se someten a rigurosas inspecciones de calidad, cumpliendo y superando las normas del sector. La alta resistencia a la tracci\u00f3n y a la corrosi\u00f3n son elementos clave que distinguen a nuestros productos.<\/p>\n<h3>Credibilidad del proveedor:<\/h3>\n<p>Con 20 a\u00f1os de experiencia, nos hemos convertido en una empresa de comercio exterior de confianza con f\u00e1brica propia. La ingenier\u00eda de precisi\u00f3n de nuestros grilletes refleja nuestro compromiso con la fiabilidad y la excelencia.<\/p>\n<h3>Competitividad de precios:<\/h3>\n<p>Ofrecemos precios competitivos sin comprometer la calidad de nuestros grilletes de remolque. El valor que aportan, especialmente con su versatilidad y el cumplimiento de las normas del sector, le garantiza el m\u00e1ximo rendimiento de su inversi\u00f3n.<\/p>\n<h3>Env\u00edo y entrega:<\/h3>\n<p>Nuestra eficaz log\u00edstica garantiza una entrega puntual, y las caracter\u00edsticas de resistencia a la corrosi\u00f3n de nuestros grilletes garantizan que lleguen en las mejores condiciones.<\/p>\n<h3>Opciones de personalizaci\u00f3n:<\/h3>\n<p>Nuestros grilletes de remolque se pueden personalizar para satisfacer sus necesidades espec\u00edficas. Ya se trate de ajustar la resistencia a la tracci\u00f3n u otras especificaciones, nuestra ingenier\u00eda de precisi\u00f3n permite soluciones a medida.<\/p>\n<h3>Condiciones de pago:<\/h3>\n<p>Negociar condiciones de pago que se ajusten a su capacidad financiera. Nuestro compromiso con la calidad y el cumplimiento le garantiza que su inversi\u00f3n est\u00e1 segura.<\/p>\n<h3>Comunicaci\u00f3n y capacidad de respuesta:<\/h3>\n<p>Nuestro servicio de atenci\u00f3n al cliente personalizado garantiza una comunicaci\u00f3n r\u00e1pida y eficaz durante todo el proceso de compra. Cualquier duda o consulta se resuelve con la precisi\u00f3n que refleja la ingenier\u00eda de nuestros productos.<\/p>\n<h3>Asistencia posventa:<\/h3>\n<p>Inf\u00f3rmese sobre las pol\u00edticas de asistencia posventa y garant\u00eda del proveedor. Nuestra filosof\u00eda de mejora continua garantiza un apoyo permanente hasta que la mercanc\u00eda se entregue y cumpla o supere sus expectativas.<\/p>\n<p>Mejore su negocio B2B con H&amp;F. Calidad, fiabilidad y transacciones sin fisuras es lo que ponemos sobre la mesa. P\u00f3ngase en contacto con nosotros para obtener un presupuesto o para hablar de sus necesidades de grilletes de remolque a granel. Construyamos una asociaci\u00f3n duradera.<\/p>","protected":false},"excerpt":{"rendered":"<p>Ahora es usted un comprador con 20 a\u00f1os de experiencia laboral. Especializado en la compra de Grilletes de remolque. Ahora est\u00e1 listo para comprar productos en Google.<br \/>\nHablemos de los temas que m\u00e1s preocupan a los compradores.<br \/>\nEn respuesta a los problemas anteriores, ofrecemos las soluciones m\u00e1s razonables para que los compradores puedan enviar sus consultas con confianza.<\/p>","protected":false},"featured_media":5806,"comment_status":"open","ping_status":"closed","template":"","meta":{"site-sidebar-layout":"default","site-content-layout":"","ast-site-content-layout":"default","site-content-style":"default","site-sidebar-style":"default","ast-global-header-display":"","ast-banner-title-visibility":"","ast-main-header-display":"","ast-hfb-above-header-display":"","ast-hfb-below-header-display":"","ast-hfb-mobile-header-display":"","site-post-title":"","ast-breadcrumbs-content":"","ast-featured-img":"","footer-sml-layout":"","theme-transparent-header-meta":"default","adv-header-id-meta":"","stick-header-meta":"default","header-above-stick-meta":"","header-main-stick-meta":"","header-below-stick-meta":"","astra-migrate-meta-layouts":"set","ast-page-background-enabled":"default","ast-page-background-meta":{"desktop":{"background-color":"","background-image":"","background-repeat":"repeat","background-position":"center center","background-size":"auto","background-attachment":"scroll","background-type":"","background-media":"","overlay-type":"","overlay-color":"","overlay-opacity":"","overlay-gradient":""},"tablet":{"background-color":"","background-image":"","background-repeat":"repeat","background-position":"center center","background-size":"auto","background-attachment":"scroll","background-type":"","background-media":"","overlay-type":"","overlay-color":"","overlay-opacity":"","overlay-gradient":""},"mobile":{"background-color":"","background-image":"","background-repeat":"repeat","background-position":"center center","background-size":"auto","background-attachment":"scroll","background-type":"","background-media":"","overlay-type":"","overlay-color":"","overlay-opacity":"","overlay-gradient":""}},"ast-content-background-meta":{"desktop":{"background-color":"var(--ast-global-color-5)","background-image":"","background-repeat":"repeat","background-position":"center center","background-size":"auto","background-attachment":"scroll","background-type":"","background-media":"","overlay-type":"","overlay-color":"","overlay-opacity":"","overlay-gradient":""},"tablet":{"background-color":"var(--ast-global-color-5)","background-image":"","background-repeat":"repeat","background-position":"center center","background-size":"auto","background-attachment":"scroll","background-type":"","background-media":"","overlay-type":"","overlay-color":"","overlay-opacity":"","overlay-gradient":""},"mobile":{"background-color":"var(--ast-global-color-5)","background-image":"","background-repeat":"repeat","background-position":"center center","background-size":"auto","background-attachment":"scroll","background-type":"","background-media":"","overlay-type":"","overlay-color":"","overlay-opacity":"","overlay-gradient":""}}},"product_brand":[],"product_cat":[51,54],"product_tag":[],"class_list":{"0":"post-5799","1":"product","2":"type-product","3":"status-publish","4":"has-post-thumbnail","6":"product_cat-riggging-hardware","7":"product_cat-shackle","8":"desktop-align-left","9":"tablet-align-left","10":"mobile-align-left","11":"ast-product-gallery-layout-horizontal-slider","12":"ast-product-tabs-layout-horizontal","14":"first","15":"instock","16":"shipping-taxable","17":"purchasable","18":"product-type-simple"},"yoast_head":"<!-- This site is optimized with the Yoast SEO plugin v25.2 - https:\/\/yoast.com\/wordpress\/plugins\/seo\/ -->\n<title>Towing Shackle<\/title>\n<meta name=\"description\" content=\"Our Towing Shackles boast superior tensile strength, ensuring reliable performance under heavy loads. Your clients demand quality, and we deliver\" \/>\n<meta name=\"robots\" content=\"index, follow, max-snippet:-1, max-image-preview:large, max-video-preview:-1\" \/>\n<link rel=\"canonical\" href=\"https:\/\/qingdaohf.com\/es\/producto\/grillete-de-remolque\/\" \/>\n<meta property=\"og:locale\" content=\"es_ES\" \/>\n<meta property=\"og:type\" content=\"article\" \/>\n<meta property=\"og:title\" content=\"Towing Shackle\" \/>\n<meta property=\"og:description\" content=\"Our Towing Shackles boast superior tensile strength, ensuring reliable performance under heavy loads. Your clients demand quality, and we deliver\" \/>\n<meta property=\"og:url\" content=\"https:\/\/qingdaohf.com\/es\/producto\/grillete-de-remolque\/\" \/>\n<meta property=\"og:site_name\" content=\"Concrete Form &amp; Rigging Hardware Supplier\" \/>\n<meta property=\"article:publisher\" content=\"https:\/\/www.facebook.com\/qingdaohf\" \/>\n<meta property=\"article:modified_time\" content=\"2025-11-13T01:04:01+00:00\" \/>\n<meta property=\"og:image\" content=\"https:\/\/qingdaohf.com\/wp-content\/uploads\/2023\/11\/Towing-shackle-9.jpg\" \/>\n\t<meta property=\"og:image:width\" content=\"800\" \/>\n\t<meta property=\"og:image:height\" content=\"800\" \/>\n\t<meta property=\"og:image:type\" content=\"image\/jpeg\" \/>\n<meta name=\"twitter:card\" content=\"summary_large_image\" \/>\n<meta name=\"twitter:label1\" content=\"Tiempo de lectura\" \/>\n\t<meta name=\"twitter:data1\" content=\"2 minutos\" \/>\n<script type=\"application\/ld+json\" class=\"yoast-schema-graph\">{\"@context\":\"https:\/\/schema.org\",\"@graph\":[{\"@type\":\"WebPage\",\"@id\":\"https:\/\/qingdaohf.com\/product\/towing-shackle\/\",\"url\":\"https:\/\/qingdaohf.com\/product\/towing-shackle\/\",\"name\":\"Towing Shackle\",\"isPartOf\":{\"@id\":\"https:\/\/qingdaohf.com\/bg\/#website\"},\"primaryImageOfPage\":{\"@id\":\"https:\/\/qingdaohf.com\/product\/towing-shackle\/#primaryimage\"},\"image\":{\"@id\":\"https:\/\/qingdaohf.com\/product\/towing-shackle\/#primaryimage\"},\"thumbnailUrl\":\"https:\/\/qingdaohf.com\/wp-content\/uploads\/2023\/11\/Towing-shackle-9.jpg\",\"datePublished\":\"2023-11-23T03:35:43+00:00\",\"dateModified\":\"2025-11-13T01:04:01+00:00\",\"description\":\"Our Towing Shackles boast superior tensile strength, ensuring reliable performance under heavy loads. Your clients demand quality, and we deliver\",\"breadcrumb\":{\"@id\":\"https:\/\/qingdaohf.com\/product\/towing-shackle\/#breadcrumb\"},\"inLanguage\":\"es\",\"potentialAction\":[{\"@type\":\"ReadAction\",\"target\":[\"https:\/\/qingdaohf.com\/product\/towing-shackle\/\"]}]},{\"@type\":\"ImageObject\",\"inLanguage\":\"es\",\"@id\":\"https:\/\/qingdaohf.com\/product\/towing-shackle\/#primaryimage\",\"url\":\"https:\/\/qingdaohf.com\/wp-content\/uploads\/2023\/11\/Towing-shackle-9.jpg\",\"contentUrl\":\"https:\/\/qingdaohf.com\/wp-content\/uploads\/2023\/11\/Towing-shackle-9.jpg\",\"width\":800,\"height\":800,\"caption\":\"Towing shackle\"},{\"@type\":\"BreadcrumbList\",\"@id\":\"https:\/\/qingdaohf.com\/product\/towing-shackle\/#breadcrumb\",\"itemListElement\":[{\"@type\":\"ListItem\",\"position\":1,\"name\":\"Home\",\"item\":\"https:\/\/qingdaohf.com\/\"},{\"@type\":\"ListItem\",\"position\":2,\"name\":\"Concrete Forming Accessories and Rigging Hardware\",\"item\":\"https:\/\/qingdaohf.com\/bg\/?page_id=944\"},{\"@type\":\"ListItem\",\"position\":3,\"name\":\"Towing Shackle\"}]},{\"@type\":\"WebSite\",\"@id\":\"https:\/\/qingdaohf.com\/bg\/#website\",\"url\":\"https:\/\/qingdaohf.com\/bg\/\",\"name\":\"Concrete Form & Rigging Hardware Supplier\",\"description\":\"\",\"publisher\":{\"@id\":\"https:\/\/qingdaohf.com\/bg\/#organization\"},\"potentialAction\":[{\"@type\":\"SearchAction\",\"target\":{\"@type\":\"EntryPoint\",\"urlTemplate\":\"https:\/\/qingdaohf.com\/bg\/?s={search_term_string}\"},\"query-input\":{\"@type\":\"PropertyValueSpecification\",\"valueRequired\":true,\"valueName\":\"search_term_string\"}}],\"inLanguage\":\"es\"},{\"@type\":\"Organization\",\"@id\":\"https:\/\/qingdaohf.com\/bg\/#organization\",\"name\":\"Qingdao H&F\",\"url\":\"https:\/\/qingdaohf.com\/bg\/\",\"logo\":{\"@type\":\"ImageObject\",\"inLanguage\":\"es\",\"@id\":\"https:\/\/qingdaohf.com\/bg\/#\/schema\/logo\/image\/\",\"url\":\"https:\/\/qingdaohf.com\/wp-content\/uploads\/2022\/12\/cropped-HF-LOGO.png\",\"contentUrl\":\"https:\/\/qingdaohf.com\/wp-content\/uploads\/2022\/12\/cropped-HF-LOGO.png\",\"width\":391,\"height\":249,\"caption\":\"Qingdao H&F\"},\"image\":{\"@id\":\"https:\/\/qingdaohf.com\/bg\/#\/schema\/logo\/image\/\"},\"sameAs\":[\"https:\/\/www.facebook.com\/qingdaohf\"]}]}<\/script>\n<!-- \/ Yoast SEO plugin. -->","yoast_head_json":{"title":"Towing Shackle","description":"Our Towing Shackles boast superior tensile strength, ensuring reliable performance under heavy loads. Your clients demand quality, and we deliver","robots":{"index":"index","follow":"follow","max-snippet":"max-snippet:-1","max-image-preview":"max-image-preview:large","max-video-preview":"max-video-preview:-1"},"canonical":"https:\/\/qingdaohf.com\/es\/producto\/grillete-de-remolque\/","og_locale":"es_ES","og_type":"article","og_title":"Towing Shackle","og_description":"Our Towing Shackles boast superior tensile strength, ensuring reliable performance under heavy loads. Your clients demand quality, and we deliver","og_url":"https:\/\/qingdaohf.com\/es\/producto\/grillete-de-remolque\/","og_site_name":"Concrete Form &amp; Rigging Hardware Supplier","article_publisher":"https:\/\/www.facebook.com\/qingdaohf","article_modified_time":"2025-11-13T01:04:01+00:00","og_image":[{"width":800,"height":800,"url":"https:\/\/qingdaohf.com\/wp-content\/uploads\/2023\/11\/Towing-shackle-9.jpg","type":"image\/jpeg"}],"twitter_card":"summary_large_image","twitter_misc":{"Tiempo de lectura":"2 minutos"},"schema":{"@context":"https:\/\/schema.org","@graph":[{"@type":"WebPage","@id":"https:\/\/qingdaohf.com\/product\/towing-shackle\/","url":"https:\/\/qingdaohf.com\/product\/towing-shackle\/","name":"Towing Shackle","isPartOf":{"@id":"https:\/\/qingdaohf.com\/bg\/#website"},"primaryImageOfPage":{"@id":"https:\/\/qingdaohf.com\/product\/towing-shackle\/#primaryimage"},"image":{"@id":"https:\/\/qingdaohf.com\/product\/towing-shackle\/#primaryimage"},"thumbnailUrl":"https:\/\/qingdaohf.com\/wp-content\/uploads\/2023\/11\/Towing-shackle-9.jpg","datePublished":"2023-11-23T03:35:43+00:00","dateModified":"2025-11-13T01:04:01+00:00","description":"Our Towing Shackles boast superior tensile strength, ensuring reliable performance under heavy loads. Your clients demand quality, and we deliver","breadcrumb":{"@id":"https:\/\/qingdaohf.com\/product\/towing-shackle\/#breadcrumb"},"inLanguage":"es","potentialAction":[{"@type":"ReadAction","target":["https:\/\/qingdaohf.com\/product\/towing-shackle\/"]}]},{"@type":"ImageObject","inLanguage":"es","@id":"https:\/\/qingdaohf.com\/product\/towing-shackle\/#primaryimage","url":"https:\/\/qingdaohf.com\/wp-content\/uploads\/2023\/11\/Towing-shackle-9.jpg","contentUrl":"https:\/\/qingdaohf.com\/wp-content\/uploads\/2023\/11\/Towing-shackle-9.jpg","width":800,"height":800,"caption":"Towing shackle"},{"@type":"BreadcrumbList","@id":"https:\/\/qingdaohf.com\/product\/towing-shackle\/#breadcrumb","itemListElement":[{"@type":"ListItem","position":1,"name":"Home","item":"https:\/\/qingdaohf.com\/"},{"@type":"ListItem","position":2,"name":"Concrete Forming Accessories and Rigging Hardware","item":"https:\/\/qingdaohf.com\/bg\/?page_id=944"},{"@type":"ListItem","position":3,"name":"Towing Shackle"}]},{"@type":"WebSite","@id":"https:\/\/qingdaohf.com\/bg\/#website","url":"https:\/\/qingdaohf.com\/bg\/","name":"Concrete Form & Rigging Hardware Supplier","description":"","publisher":{"@id":"https:\/\/qingdaohf.com\/bg\/#organization"},"potentialAction":[{"@type":"SearchAction","target":{"@type":"EntryPoint","urlTemplate":"https:\/\/qingdaohf.com\/bg\/?s={search_term_string}"},"query-input":{"@type":"PropertyValueSpecification","valueRequired":true,"valueName":"search_term_string"}}],"inLanguage":"es"},{"@type":"Organization","@id":"https:\/\/qingdaohf.com\/bg\/#organization","name":"Qingdao H&F","url":"https:\/\/qingdaohf.com\/bg\/","logo":{"@type":"ImageObject","inLanguage":"es","@id":"https:\/\/qingdaohf.com\/bg\/#\/schema\/logo\/image\/","url":"https:\/\/qingdaohf.com\/wp-content\/uploads\/2022\/12\/cropped-HF-LOGO.png","contentUrl":"https:\/\/qingdaohf.com\/wp-content\/uploads\/2022\/12\/cropped-HF-LOGO.png","width":391,"height":249,"caption":"Qingdao H&F"},"image":{"@id":"https:\/\/qingdaohf.com\/bg\/#\/schema\/logo\/image\/"},"sameAs":["https:\/\/www.facebook.com\/qingdaohf"]}]}},"_links":{"self":[{"href":"https:\/\/qingdaohf.com\/es\/wp-json\/wp\/v2\/product\/5799","targetHints":{"allow":["GET"]}}],"collection":[{"href":"https:\/\/qingdaohf.com\/es\/wp-json\/wp\/v2\/product"}],"about":[{"href":"https:\/\/qingdaohf.com\/es\/wp-json\/wp\/v2\/types\/product"}],"replies":[{"embeddable":true,"href":"https:\/\/qingdaohf.com\/es\/wp-json\/wp\/v2\/comments?post=5799"}],"version-history":[{"count":3,"href":"https:\/\/qingdaohf.com\/es\/wp-json\/wp\/v2\/product\/5799\/revisions"}],"predecessor-version":[{"id":5824,"href":"https:\/\/qingdaohf.com\/es\/wp-json\/wp\/v2\/product\/5799\/revisions\/5824"}],"wp:featuredmedia":[{"embeddable":true,"href":"https:\/\/qingdaohf.com\/es\/wp-json\/wp\/v2\/media\/5806"}],"wp:attachment":[{"href":"https:\/\/qingdaohf.com\/es\/wp-json\/wp\/v2\/media?parent=5799"}],"wp:term":[{"taxonomy":"product_brand","embeddable":true,"href":"https:\/\/qingdaohf.com\/es\/wp-json\/wp\/v2\/product_brand?post=5799"},{"taxonomy":"product_cat","embeddable":true,"href":"https:\/\/qingdaohf.com\/es\/wp-json\/wp\/v2\/product_cat?post=5799"},{"taxonomy":"product_tag","embeddable":true,"href":"https:\/\/qingdaohf.com\/es\/wp-json\/wp\/v2\/product_tag?post=5799"}],"curies":[{"name":"wp","href":"https:\/\/api.w.org\/{rel}","templated":true}]}}