{"id":6443,"date":"2024-02-02T14:30:53","date_gmt":"2024-02-02T06:30:53","guid":{"rendered":"http:\/\/qingdaohf.com\/?post_type=product&#038;p=6443"},"modified":"2025-11-13T09:03:39","modified_gmt":"2025-11-13T01:03:39","slug":"wholesale-d-shackle-chain-shackle-for-lifting","status":"publish","type":"product","link":"https:\/\/qingdaohf.com\/es\/producto\/mayorista-grillete-d-grillete-de-cadena-para-elevacion\/","title":{"rendered":"Mayorista Grillete D Grillete de cadena para elevaci\u00f3n"},"content":{"rendered":"<p>Los grilletes en D son componentes cr\u00edticos en la industria del aparejo y la elevaci\u00f3n, apreciados por su estabilidad y resistencia en aplicaciones de gran esfuerzo. Con su caracter\u00edstica forma de U y su cierre de pasador seguro, los grilletes en D proporcionan una conexi\u00f3n fiable para una amplia gama de tareas de elevaci\u00f3n, izado y remolque. Los grilletes en D G210 y G2150 de Qingdao H&amp;F son algunos de los modelos m\u00e1s populares del mercado, preferidos por profesionales de todos los sectores por su resistencia, durabilidad y adaptabilidad.<\/p>\n<p>Los modelos G210 y G2150 est\u00e1n dise\u00f1ados para soportar cargas pesadas manteniendo un alto nivel de seguridad y estabilidad. El modelo G210, conocido por su versatilidad y dise\u00f1o redondeado, se utiliza habitualmente en configuraciones que requieren flexibilidad. Por el contrario, el modelo G2150, con su construcci\u00f3n extra resistente, est\u00e1 dise\u00f1ado para soportar aplicaciones m\u00e1s extremas, ofreciendo una mayor capacidad de carga para l\u00edmites de carga de trabajo (WLL) m\u00e1s elevados. Cada modelo se fabrica siguiendo especificaciones precisas, lo que garantiza la compatibilidad con diferentes sistemas de aparejo y un alto nivel de rendimiento bajo presi\u00f3n.<\/p>\n<p>Como mayorista de grilletes D de confianza, Qingdao H&amp;F se compromete a suministrar productos de la m\u00e1xima calidad que satisfagan las rigurosas exigencias de los profesionales de la elevaci\u00f3n y el aparejo. Con una variedad de tama\u00f1os y WLLs, de 0,33 toneladas a 150 toneladas y tama\u00f1os que van desde 1\/4 de pulgada a 3 pulgadas, nuestro inventario est\u00e1 dise\u00f1ado para servir a los compradores que buscan soluciones fiables para proyectos de cualquier escala.<\/p>\n<h3>Ventajas de elegir Qingdao H&amp;F: servicio a medida y entrega eficaz<\/h3>\n<p>En Qingdao H&amp;F somos conscientes de la importancia de una experiencia de compra fluida y eficaz. Los compradores dan prioridad a la calidad, la rapidez y la confianza en sus proveedores, por lo que hemos desarrollado un enfoque de servicio centrado en el cliente. Cada cliente se beneficia de nuestro servicio de atenci\u00f3n al cliente personalizado, que garantiza que encuentre el modelo de grillete m\u00e1s adecuado para sus necesidades espec\u00edficas. Trabajamos estrechamente con los compradores para comprender los requisitos de sus proyectos, ayud\u00e1ndoles a elegir entre el vers\u00e1til G210 o el resistente G2150, ambos ampliamente reconocidos por su fiabilidad en entornos dif\u00edciles.<\/p>\n<p>M\u00e1s all\u00e1 de la calidad del producto, nuestro modelo de servicio hace hincapi\u00e9 en la rapidez de los ciclos de entrega y la total transparencia, proporcionando informes de inspecci\u00f3n de calidad con cada env\u00edo. Estos informes detallan las especificaciones, el rendimiento y las normas de seguridad de nuestros grilletes, lo que permite a los compradores confiar en su compra y asegurarse de que el producto est\u00e1 listo para su uso inmediato. Al garantizar una log\u00edstica eficaz y un proceso de servicio racionalizado, Qingdao H&amp;F minimiza los retrasos y ayuda a los clientes a mantener el impulso de sus proyectos.<\/p>\n<p>La confianza de nuestros clientes se basa en nuestra dedicaci\u00f3n al suministro de productos de alta calidad, respaldados por un equipo receptivo que comprende lo que est\u00e1 en juego en las aplicaciones de elevaci\u00f3n de cargas pesadas. Con Qingdao H&amp;F, los compradores experimentan un enfoque proactivo de las soluciones de aparejo, centrado en la eficiencia, la calidad y la fiabilidad.<\/p>\n<h3>Grilletes G210 y G2150 D: Una gama de l\u00edmites de carga de trabajo y tama\u00f1os<\/h3>\n<p>Las diversas necesidades de los proyectos exigen una amplia selecci\u00f3n de tama\u00f1os y l\u00edmites de carga de trabajo (WLL), y nuestros grilletes G210 y G2150 ofrecen precisamente esta flexibilidad. Cada modelo est\u00e1 disponible con l\u00edmites de carga de trabajo que van desde 0,33 toneladas hasta 150 toneladas, lo que permite a los compradores seleccionar los grilletes que mejor se adapten a las demandas espec\u00edficas de sus aplicaciones. Esta amplia gama hace que nuestros grilletes sean ideales tanto para las tareas de aparejo m\u00e1s ligeras como para las aplicaciones de carga m\u00e1s exigentes, garantizando la adaptabilidad sin comprometer el rendimiento.<\/p>\n<p>Nuestros grilletes G210 y G2150 tambi\u00e9n est\u00e1n disponibles en varios tama\u00f1os, desde 1\/4 de pulgada hasta 3 pulgadas. El modelo G210, caracterizado por un dise\u00f1o m\u00e1s compacto, es adecuado para tareas de elevaci\u00f3n moderadas en las que se requiere flexibilidad. Por su parte, el modelo G2150 est\u00e1 dise\u00f1ado para aplicaciones de mayor resistencia, con una durabilidad adicional para soportar las condiciones de elevaci\u00f3n m\u00e1s intensas. Cada tama\u00f1o de grillete se somete a un cuidadoso proceso de calibraci\u00f3n para garantizar una calidad y un rendimiento uniformes, por lo que los compradores pueden confiar en unos resultados uniformes independientemente de las exigencias del proyecto.<\/p>\n<p>Con los modelos G210 y G2150, los compradores tienen acceso a grilletes que pueden hacer frente a diversos retos de aparejo y proporcionar un soporte fiable para proyectos complejos. Estos modelos se han ganado la reputaci\u00f3n de ofrecer un rendimiento excepcional, lo que los convierte en la opci\u00f3n preferida de los profesionales del aparejo.<\/p>\n<p><strong>Grillete G210<\/strong><\/p>\n<p><img fetchpriority=\"high\" decoding=\"async\" class=\"alignnone size-full wp-image-3813\" src=\"http:\/\/qingdaohf.com\/wp-content\/uploads\/2023\/05\/G209-G210-shackle.jpg\" alt=\"G209 G210 grillete\" width=\"1000\" height=\"1296\" srcset=\"https:\/\/qingdaohf.com\/wp-content\/uploads\/2023\/05\/G209-G210-shackle.jpg 1000w, https:\/\/qingdaohf.com\/wp-content\/uploads\/2023\/05\/G209-G210-shackle-231x300.jpg 231w, https:\/\/qingdaohf.com\/wp-content\/uploads\/2023\/05\/G209-G210-shackle-790x1024.jpg 790w, https:\/\/qingdaohf.com\/wp-content\/uploads\/2023\/05\/G209-G210-shackle-768x995.jpg 768w\" sizes=\"(max-width: 1000px) 100vw, 1000px\" \/><\/p>\n<p><strong>Grillete G2150<\/strong><\/p>\n<p>&nbsp;<\/p>\n<p><img decoding=\"async\" class=\"alignnone size-full wp-image-3817\" src=\"http:\/\/qingdaohf.com\/wp-content\/uploads\/2023\/05\/2150.jpg\" alt=\"Grillete 2150\" width=\"1000\" height=\"950\" srcset=\"https:\/\/qingdaohf.com\/wp-content\/uploads\/2023\/05\/2150.jpg 1000w, https:\/\/qingdaohf.com\/wp-content\/uploads\/2023\/05\/2150-300x285.jpg 300w, https:\/\/qingdaohf.com\/wp-content\/uploads\/2023\/05\/2150-768x730.jpg 768w\" sizes=\"(max-width: 1000px) 100vw, 1000px\" \/><\/p>\n<h3>Normas de calidad y seguridad: Pruebas rigurosas para un rendimiento fiable<\/h3>\n<p>La seguridad y la calidad son aspectos fundamentales de nuestro proceso de fabricaci\u00f3n en Qingdao H&amp;F. Todos los grilletes en D G210 y G2150 se someten a rigurosos controles de calidad para garantizar que cumplen las normas de seguridad internacionales. Sabemos que los grilletes D desempe\u00f1an un papel fundamental en las operaciones de carga y, por ello, nuestros productos se someten a pruebas para ofrecer un rendimiento constante bajo presi\u00f3n. Desde la producci\u00f3n inicial hasta la inspecci\u00f3n final, mantenemos un enfoque exhaustivo de la garant\u00eda de calidad, lo que da como resultado productos en los que los compradores pueden confiar.<\/p>\n<p>Nuestros grilletes D est\u00e1n fabricados para resistir el desgaste, la corrosi\u00f3n y otros factores que podr\u00edan comprometer el rendimiento en entornos dif\u00edciles. Tanto si se utilizan en la construcci\u00f3n como en elevaci\u00f3n industrial o en entornos mar\u00edtimos, nuestros modelos G210 y G2150 est\u00e1n dise\u00f1ados para durar, proporcionando una resistencia fiable durante un uso prolongado. Nuestro compromiso con la calidad va m\u00e1s all\u00e1 del producto en s\u00ed, ya que ofrecemos informes detallados de inspecci\u00f3n de calidad con cada env\u00edo, lo que proporciona a los compradores una total transparencia de las especificaciones y normas de seguridad de cada grillete que adquieren.<\/p>\n<p>Al mantener altos niveles de calidad en todo el proceso de producci\u00f3n y ofrecer informaci\u00f3n clara y accesible sobre los productos, Qingdao H&amp;F sigue siendo un referente de calidad y seguridad en el sector de los equipos de aparejo.<\/p>\n<h3>Conclusi\u00f3n sobre el grillete D<\/h3>\n<p>Los grilletes G210 y G2150 D de Qingdao H&amp;F ofrecen a los compradores soluciones robustas para sus necesidades de elevaci\u00f3n y aparejo. Dise\u00f1ados con versatilidad y resistencia, estos modelos satisfacen las demandas de diversos sectores, desde la construcci\u00f3n hasta el mar\u00edtimo. Los compradores conf\u00edan en que nuestros grilletes D ofrezcan un rendimiento constante, respaldado por nuestro compromiso de servicio orientado al cliente, entrega r\u00e1pida e informes de calidad transparentes. Con Qingdao H&amp;F, los compradores no s\u00f3lo invierten en herrajes duraderos y de alto rendimiento, sino tambi\u00e9n en una asociaci\u00f3n basada en la confianza, la experiencia y la dedicaci\u00f3n al \u00e9xito del cliente. Invitamos a los compradores a descubrir la diferencia que nuestros productos y servicios pueden marcar en la consecuci\u00f3n de operaciones de aparejo seguras y fiables.<\/p>","protected":false},"excerpt":{"rendered":"<p>Nuestros grilletes D est\u00e1n disponibles con una gama de l\u00edmites de carga de trabajo (WLL) de 0,33 a 150 toneladas y tama\u00f1os que van desde 1\/4 de pulgada a 3 pulgadas, lo que los hace adecuados para aplicaciones en la construcci\u00f3n, mar\u00edtimas e industriales. Conscientes de las principales preocupaciones de los compradores, garantizamos una experiencia de compra perfecta con un servicio de atenci\u00f3n al cliente personalizado, un ciclo de entrega r\u00e1pido e informes detallados de inspecci\u00f3n de calidad de cada producto. Nuestro compromiso es apoyar a los compradores con los productos fiables y de alto rendimiento que necesitan para entornos exigentes.<\/p>","protected":false},"featured_media":6470,"comment_status":"open","ping_status":"closed","template":"","meta":{"site-sidebar-layout":"default","site-content-layout":"","ast-site-content-layout":"default","site-content-style":"default","site-sidebar-style":"default","ast-global-header-display":"","ast-banner-title-visibility":"","ast-main-header-display":"","ast-hfb-above-header-display":"","ast-hfb-below-header-display":"","ast-hfb-mobile-header-display":"","site-post-title":"","ast-breadcrumbs-content":"","ast-featured-img":"","footer-sml-layout":"","theme-transparent-header-meta":"default","adv-header-id-meta":"","stick-header-meta":"default","header-above-stick-meta":"","header-main-stick-meta":"","header-below-stick-meta":"","astra-migrate-meta-layouts":"set","ast-page-background-enabled":"default","ast-page-background-meta":{"desktop":{"background-color":"","background-image":"","background-repeat":"repeat","background-position":"center center","background-size":"auto","background-attachment":"scroll","background-type":"","background-media":"","overlay-type":"","overlay-color":"","overlay-opacity":"","overlay-gradient":""},"tablet":{"background-color":"","background-image":"","background-repeat":"repeat","background-position":"center center","background-size":"auto","background-attachment":"scroll","background-type":"","background-media":"","overlay-type":"","overlay-color":"","overlay-opacity":"","overlay-gradient":""},"mobile":{"background-color":"","background-image":"","background-repeat":"repeat","background-position":"center center","background-size":"auto","background-attachment":"scroll","background-type":"","background-media":"","overlay-type":"","overlay-color":"","overlay-opacity":"","overlay-gradient":""}},"ast-content-background-meta":{"desktop":{"background-color":"var(--ast-global-color-5)","background-image":"","background-repeat":"repeat","background-position":"center center","background-size":"auto","background-attachment":"scroll","background-type":"","background-media":"","overlay-type":"","overlay-color":"","overlay-opacity":"","overlay-gradient":""},"tablet":{"background-color":"var(--ast-global-color-5)","background-image":"","background-repeat":"repeat","background-position":"center center","background-size":"auto","background-attachment":"scroll","background-type":"","background-media":"","overlay-type":"","overlay-color":"","overlay-opacity":"","overlay-gradient":""},"mobile":{"background-color":"var(--ast-global-color-5)","background-image":"","background-repeat":"repeat","background-position":"center center","background-size":"auto","background-attachment":"scroll","background-type":"","background-media":"","overlay-type":"","overlay-color":"","overlay-opacity":"","overlay-gradient":""}}},"product_brand":[],"product_cat":[51,54],"product_tag":[],"class_list":{"0":"post-6443","1":"product","2":"type-product","3":"status-publish","4":"has-post-thumbnail","6":"product_cat-riggging-hardware","7":"product_cat-shackle","8":"desktop-align-left","9":"tablet-align-left","10":"mobile-align-left","11":"ast-product-gallery-layout-horizontal-slider","12":"ast-product-tabs-layout-horizontal","14":"first","15":"instock","16":"shipping-taxable","17":"purchasable","18":"product-type-simple"},"yoast_head":"<!-- This site is optimized with the Yoast SEO plugin v25.2 - https:\/\/yoast.com\/wordpress\/plugins\/seo\/ -->\n<title>Wholesale D Shackle Chain Shackle for Lifting<\/title>\n<meta name=\"description\" content=\"Dee shackles, are engineered for durability and strength, ensuring dependable performance in diverse environments.\" \/>\n<meta name=\"robots\" content=\"index, follow, max-snippet:-1, max-image-preview:large, max-video-preview:-1\" \/>\n<link rel=\"canonical\" href=\"https:\/\/qingdaohf.com\/es\/producto\/mayorista-grillete-d-grillete-de-cadena-para-elevacion\/\" \/>\n<meta property=\"og:locale\" content=\"es_ES\" \/>\n<meta property=\"og:type\" content=\"article\" \/>\n<meta property=\"og:title\" content=\"Wholesale D Shackle Chain Shackle for Lifting\" \/>\n<meta property=\"og:description\" content=\"Dee shackles, are engineered for durability and strength, ensuring dependable performance in diverse environments.\" \/>\n<meta property=\"og:url\" content=\"https:\/\/qingdaohf.com\/es\/producto\/mayorista-grillete-d-grillete-de-cadena-para-elevacion\/\" \/>\n<meta property=\"og:site_name\" content=\"Concrete Form &amp; Rigging Hardware Supplier\" \/>\n<meta property=\"article:publisher\" content=\"https:\/\/www.facebook.com\/qingdaohf\" \/>\n<meta property=\"article:modified_time\" content=\"2025-11-13T01:03:39+00:00\" \/>\n<meta property=\"og:image\" content=\"https:\/\/qingdaohf.com\/wp-content\/uploads\/2024\/02\/HF-SHACKLE-6.jpg\" \/>\n\t<meta property=\"og:image:width\" content=\"1000\" \/>\n\t<meta property=\"og:image:height\" content=\"1000\" \/>\n\t<meta property=\"og:image:type\" content=\"image\/jpeg\" \/>\n<meta name=\"twitter:card\" content=\"summary_large_image\" \/>\n<meta name=\"twitter:label1\" content=\"Tiempo de lectura\" \/>\n\t<meta name=\"twitter:data1\" content=\"5 minutos\" \/>\n<script type=\"application\/ld+json\" class=\"yoast-schema-graph\">{\"@context\":\"https:\/\/schema.org\",\"@graph\":[{\"@type\":\"WebPage\",\"@id\":\"https:\/\/qingdaohf.com\/product\/wholesale-d-shackle-chain-shackle-for-lifting\/\",\"url\":\"https:\/\/qingdaohf.com\/product\/wholesale-d-shackle-chain-shackle-for-lifting\/\",\"name\":\"Wholesale D Shackle Chain Shackle for Lifting\",\"isPartOf\":{\"@id\":\"https:\/\/qingdaohf.com\/bg\/#website\"},\"primaryImageOfPage\":{\"@id\":\"https:\/\/qingdaohf.com\/product\/wholesale-d-shackle-chain-shackle-for-lifting\/#primaryimage\"},\"image\":{\"@id\":\"https:\/\/qingdaohf.com\/product\/wholesale-d-shackle-chain-shackle-for-lifting\/#primaryimage\"},\"thumbnailUrl\":\"https:\/\/qingdaohf.com\/wp-content\/uploads\/2024\/02\/HF-SHACKLE-6.jpg\",\"datePublished\":\"2024-02-02T06:30:53+00:00\",\"dateModified\":\"2025-11-13T01:03:39+00:00\",\"description\":\"Dee shackles, are engineered for durability and strength, ensuring dependable performance in diverse environments.\",\"breadcrumb\":{\"@id\":\"https:\/\/qingdaohf.com\/product\/wholesale-d-shackle-chain-shackle-for-lifting\/#breadcrumb\"},\"inLanguage\":\"es\",\"potentialAction\":[{\"@type\":\"ReadAction\",\"target\":[\"https:\/\/qingdaohf.com\/product\/wholesale-d-shackle-chain-shackle-for-lifting\/\"]}]},{\"@type\":\"ImageObject\",\"inLanguage\":\"es\",\"@id\":\"https:\/\/qingdaohf.com\/product\/wholesale-d-shackle-chain-shackle-for-lifting\/#primaryimage\",\"url\":\"https:\/\/qingdaohf.com\/wp-content\/uploads\/2024\/02\/HF-SHACKLE-6.jpg\",\"contentUrl\":\"https:\/\/qingdaohf.com\/wp-content\/uploads\/2024\/02\/HF-SHACKLE-6.jpg\",\"width\":1000,\"height\":1000,\"caption\":\"D SHACKLE\"},{\"@type\":\"BreadcrumbList\",\"@id\":\"https:\/\/qingdaohf.com\/product\/wholesale-d-shackle-chain-shackle-for-lifting\/#breadcrumb\",\"itemListElement\":[{\"@type\":\"ListItem\",\"position\":1,\"name\":\"Home\",\"item\":\"https:\/\/qingdaohf.com\/\"},{\"@type\":\"ListItem\",\"position\":2,\"name\":\"Concrete Forming Accessories and Rigging Hardware\",\"item\":\"https:\/\/qingdaohf.com\/bg\/?page_id=944\"},{\"@type\":\"ListItem\",\"position\":3,\"name\":\"Wholesale D Shackle Chain Shackle for Lifting\"}]},{\"@type\":\"WebSite\",\"@id\":\"https:\/\/qingdaohf.com\/bg\/#website\",\"url\":\"https:\/\/qingdaohf.com\/bg\/\",\"name\":\"Concrete Form & Rigging Hardware Supplier\",\"description\":\"\",\"publisher\":{\"@id\":\"https:\/\/qingdaohf.com\/bg\/#organization\"},\"potentialAction\":[{\"@type\":\"SearchAction\",\"target\":{\"@type\":\"EntryPoint\",\"urlTemplate\":\"https:\/\/qingdaohf.com\/bg\/?s={search_term_string}\"},\"query-input\":{\"@type\":\"PropertyValueSpecification\",\"valueRequired\":true,\"valueName\":\"search_term_string\"}}],\"inLanguage\":\"es\"},{\"@type\":\"Organization\",\"@id\":\"https:\/\/qingdaohf.com\/bg\/#organization\",\"name\":\"Qingdao H&F\",\"url\":\"https:\/\/qingdaohf.com\/bg\/\",\"logo\":{\"@type\":\"ImageObject\",\"inLanguage\":\"es\",\"@id\":\"https:\/\/qingdaohf.com\/bg\/#\/schema\/logo\/image\/\",\"url\":\"https:\/\/qingdaohf.com\/wp-content\/uploads\/2022\/12\/cropped-HF-LOGO.png\",\"contentUrl\":\"https:\/\/qingdaohf.com\/wp-content\/uploads\/2022\/12\/cropped-HF-LOGO.png\",\"width\":391,\"height\":249,\"caption\":\"Qingdao H&F\"},\"image\":{\"@id\":\"https:\/\/qingdaohf.com\/bg\/#\/schema\/logo\/image\/\"},\"sameAs\":[\"https:\/\/www.facebook.com\/qingdaohf\"]}]}<\/script>\n<!-- \/ Yoast SEO plugin. -->","yoast_head_json":{"title":"Wholesale D Shackle Chain Shackle for Lifting","description":"Dee shackles, are engineered for durability and strength, ensuring dependable performance in diverse environments.","robots":{"index":"index","follow":"follow","max-snippet":"max-snippet:-1","max-image-preview":"max-image-preview:large","max-video-preview":"max-video-preview:-1"},"canonical":"https:\/\/qingdaohf.com\/es\/producto\/mayorista-grillete-d-grillete-de-cadena-para-elevacion\/","og_locale":"es_ES","og_type":"article","og_title":"Wholesale D Shackle Chain Shackle for Lifting","og_description":"Dee shackles, are engineered for durability and strength, ensuring dependable performance in diverse environments.","og_url":"https:\/\/qingdaohf.com\/es\/producto\/mayorista-grillete-d-grillete-de-cadena-para-elevacion\/","og_site_name":"Concrete Form &amp; Rigging Hardware Supplier","article_publisher":"https:\/\/www.facebook.com\/qingdaohf","article_modified_time":"2025-11-13T01:03:39+00:00","og_image":[{"width":1000,"height":1000,"url":"https:\/\/qingdaohf.com\/wp-content\/uploads\/2024\/02\/HF-SHACKLE-6.jpg","type":"image\/jpeg"}],"twitter_card":"summary_large_image","twitter_misc":{"Tiempo de lectura":"5 minutos"},"schema":{"@context":"https:\/\/schema.org","@graph":[{"@type":"WebPage","@id":"https:\/\/qingdaohf.com\/product\/wholesale-d-shackle-chain-shackle-for-lifting\/","url":"https:\/\/qingdaohf.com\/product\/wholesale-d-shackle-chain-shackle-for-lifting\/","name":"Wholesale D Shackle Chain Shackle for Lifting","isPartOf":{"@id":"https:\/\/qingdaohf.com\/bg\/#website"},"primaryImageOfPage":{"@id":"https:\/\/qingdaohf.com\/product\/wholesale-d-shackle-chain-shackle-for-lifting\/#primaryimage"},"image":{"@id":"https:\/\/qingdaohf.com\/product\/wholesale-d-shackle-chain-shackle-for-lifting\/#primaryimage"},"thumbnailUrl":"https:\/\/qingdaohf.com\/wp-content\/uploads\/2024\/02\/HF-SHACKLE-6.jpg","datePublished":"2024-02-02T06:30:53+00:00","dateModified":"2025-11-13T01:03:39+00:00","description":"Dee shackles, are engineered for durability and strength, ensuring dependable performance in diverse environments.","breadcrumb":{"@id":"https:\/\/qingdaohf.com\/product\/wholesale-d-shackle-chain-shackle-for-lifting\/#breadcrumb"},"inLanguage":"es","potentialAction":[{"@type":"ReadAction","target":["https:\/\/qingdaohf.com\/product\/wholesale-d-shackle-chain-shackle-for-lifting\/"]}]},{"@type":"ImageObject","inLanguage":"es","@id":"https:\/\/qingdaohf.com\/product\/wholesale-d-shackle-chain-shackle-for-lifting\/#primaryimage","url":"https:\/\/qingdaohf.com\/wp-content\/uploads\/2024\/02\/HF-SHACKLE-6.jpg","contentUrl":"https:\/\/qingdaohf.com\/wp-content\/uploads\/2024\/02\/HF-SHACKLE-6.jpg","width":1000,"height":1000,"caption":"D SHACKLE"},{"@type":"BreadcrumbList","@id":"https:\/\/qingdaohf.com\/product\/wholesale-d-shackle-chain-shackle-for-lifting\/#breadcrumb","itemListElement":[{"@type":"ListItem","position":1,"name":"Home","item":"https:\/\/qingdaohf.com\/"},{"@type":"ListItem","position":2,"name":"Concrete Forming Accessories and Rigging Hardware","item":"https:\/\/qingdaohf.com\/bg\/?page_id=944"},{"@type":"ListItem","position":3,"name":"Wholesale D Shackle Chain Shackle for Lifting"}]},{"@type":"WebSite","@id":"https:\/\/qingdaohf.com\/bg\/#website","url":"https:\/\/qingdaohf.com\/bg\/","name":"Concrete Form & Rigging Hardware Supplier","description":"","publisher":{"@id":"https:\/\/qingdaohf.com\/bg\/#organization"},"potentialAction":[{"@type":"SearchAction","target":{"@type":"EntryPoint","urlTemplate":"https:\/\/qingdaohf.com\/bg\/?s={search_term_string}"},"query-input":{"@type":"PropertyValueSpecification","valueRequired":true,"valueName":"search_term_string"}}],"inLanguage":"es"},{"@type":"Organization","@id":"https:\/\/qingdaohf.com\/bg\/#organization","name":"Qingdao H&F","url":"https:\/\/qingdaohf.com\/bg\/","logo":{"@type":"ImageObject","inLanguage":"es","@id":"https:\/\/qingdaohf.com\/bg\/#\/schema\/logo\/image\/","url":"https:\/\/qingdaohf.com\/wp-content\/uploads\/2022\/12\/cropped-HF-LOGO.png","contentUrl":"https:\/\/qingdaohf.com\/wp-content\/uploads\/2022\/12\/cropped-HF-LOGO.png","width":391,"height":249,"caption":"Qingdao H&F"},"image":{"@id":"https:\/\/qingdaohf.com\/bg\/#\/schema\/logo\/image\/"},"sameAs":["https:\/\/www.facebook.com\/qingdaohf"]}]}},"_links":{"self":[{"href":"https:\/\/qingdaohf.com\/es\/wp-json\/wp\/v2\/product\/6443","targetHints":{"allow":["GET"]}}],"collection":[{"href":"https:\/\/qingdaohf.com\/es\/wp-json\/wp\/v2\/product"}],"about":[{"href":"https:\/\/qingdaohf.com\/es\/wp-json\/wp\/v2\/types\/product"}],"replies":[{"embeddable":true,"href":"https:\/\/qingdaohf.com\/es\/wp-json\/wp\/v2\/comments?post=6443"}],"version-history":[{"count":10,"href":"https:\/\/qingdaohf.com\/es\/wp-json\/wp\/v2\/product\/6443\/revisions"}],"predecessor-version":[{"id":8212,"href":"https:\/\/qingdaohf.com\/es\/wp-json\/wp\/v2\/product\/6443\/revisions\/8212"}],"wp:featuredmedia":[{"embeddable":true,"href":"https:\/\/qingdaohf.com\/es\/wp-json\/wp\/v2\/media\/6470"}],"wp:attachment":[{"href":"https:\/\/qingdaohf.com\/es\/wp-json\/wp\/v2\/media?parent=6443"}],"wp:term":[{"taxonomy":"product_brand","embeddable":true,"href":"https:\/\/qingdaohf.com\/es\/wp-json\/wp\/v2\/product_brand?post=6443"},{"taxonomy":"product_cat","embeddable":true,"href":"https:\/\/qingdaohf.com\/es\/wp-json\/wp\/v2\/product_cat?post=6443"},{"taxonomy":"product_tag","embeddable":true,"href":"https:\/\/qingdaohf.com\/es\/wp-json\/wp\/v2\/product_tag?post=6443"}],"curies":[{"name":"wp","href":"https:\/\/api.w.org\/{rel}","templated":true}]}}