{"id":6504,"date":"2024-02-05T09:54:52","date_gmt":"2024-02-05T01:54:52","guid":{"rendered":"http:\/\/qingdaohf.com\/?post_type=product&#038;p=6504"},"modified":"2025-11-13T09:03:38","modified_gmt":"2025-11-13T01:03:38","slug":"bent-eye-bolt","status":"publish","type":"product","link":"https:\/\/qingdaohf.com\/es\/producto\/cancamo-doblado\/","title":{"rendered":"Tornillo de ojo doblado"},"content":{"rendered":"<h2 class=\"text-2xl font-bold mt-1 text-text-200\">Excelencia en ingenier\u00eda: El tornillo de ojo doblado<\/h2>\n<p class=\"whitespace-pre-wrap break-words\">El c\u00e1ncamo curvado es un ejemplo de ingenier\u00eda pr\u00e1ctica en estado puro. En lugar de seguir los dise\u00f1os de fijaci\u00f3n convencionales, su forma curvada revoluciona la distribuci\u00f3n de la carga, por lo que es esencial para aplicaciones de servicio pesado en aparejos, remolque y sujeci\u00f3n de maquinaria.<\/p>\n<div class=\"ast-oembed-container\" style=\"height: 100%;\"><iframe title=\"Mejore sus soluciones de aparejo con nuestros c\u00e1ncamos curvados.\" width=\"500\" height=\"281\" src=\"https:\/\/www.youtube.com\/embed\/hRsRZXPqmSo?feature=oembed\" frameborder=\"0\" allow=\"accelerometer; autoplay; clipboard-write; encrypted-media; gyroscope; picture-in-picture; web-share\" referrerpolicy=\"strict-origin-when-cross-origin\" allowfullscreen><\/iframe><\/div>\n<h2 class=\"text-xl font-bold text-text-200 mt-1 -mb-0.5\">Ingenier\u00eda b\u00e1sica y materiales<\/h2>\n<p class=\"whitespace-pre-wrap break-words\">Los ingenieros seleccionan cuidadosamente metales de primera calidad que combaten la corrosi\u00f3n a la vez que soportan intensas tensiones mec\u00e1nicas. El proceso estrat\u00e9gico de doblado reduce los puntos de concentraci\u00f3n de tensiones, un punto d\u00e9bil t\u00edpico de los c\u00e1ncamos tradicionales. Esta cuidada ingenier\u00eda proporciona una durabilidad impresionante incluso en condiciones exigentes. Cada componente se somete a una elaboraci\u00f3n precisa para mantener la estabilidad durante las operaciones din\u00e1micas.<\/p>\n<p class=\"whitespace-pre-wrap break-words\">Nuestra fabricaci\u00f3n incorpora t\u00e9cnicas de vanguardia al tiempo que mantiene estrictas normas de calidad. Antes de su env\u00edo, cada perno se somete a exhaustivas pruebas de precisi\u00f3n dimensional, resistencia del material y capacidad de carga. Estas exhaustivas evaluaciones, fundamentales en nuestro sistema de calidad, demuestran que nuestros productos superan sistem\u00e1ticamente los requisitos del sector. Mantenemos una transparencia total proporcionando documentaci\u00f3n de inspecci\u00f3n detallada con los env\u00edos.<\/p>\n<h2 class=\"text-xl font-bold text-text-200 mt-1 -mb-0.5\">Aplicaciones reales y configuraci\u00f3n<\/h2>\n<h3 class=\"text-lg font-bold text-text-200 mt-1 -mb-1.5\">Aplicaci\u00f3n industrial<\/h3>\n<p class=\"whitespace-pre-wrap break-words\">Desde las obras de construcci\u00f3n hasta los buques oce\u00e1nicos, los profesionales conf\u00edan en los c\u00e1ncamos curvados para proteger sus valiosos equipos. La versatilidad del dise\u00f1o se adapta a diversos escenarios que requieren tanto flexibilidad como integridad estructural. Ya sea para levantar cargas pesadas, asegurar equipos en condiciones meteorol\u00f3gicas adversas o conectar componentes de maquinaria industrial, estos pernos resultan indispensables. Su forma especial garantiza una distribuci\u00f3n \u00f3ptima de la fuerza, manteniendo las cargas equilibradas durante el funcionamiento.<\/p>\n<h3 class=\"text-lg font-bold text-text-200 mt-1 -mb-1.5\">Instalaci\u00f3n sencilla<\/h3>\n<p class=\"whitespace-pre-wrap break-words\">Los trabajadores dominan r\u00e1pidamente el sencillo proceso de instalaci\u00f3n, gracias a un dise\u00f1o intuitivo que reduce el tiempo de formaci\u00f3n. La curva exclusiva del perno permite una fijaci\u00f3n segura a diversos materiales, desde vigas de acero hasta hormig\u00f3n. Esta adaptabilidad agiliza el montaje y reduce el tiempo de inactividad por mantenimiento, mejorando directamente la eficiencia operativa y reduciendo los costes.<\/p>\n<h3 class=\"text-lg font-bold text-text-200 mt-1 -mb-1.5\">Funciones de seguridad mejoradas<\/h3>\n<p class=\"whitespace-pre-wrap break-words\">El c\u00e1ncamo doblado aborda los principales problemas de seguridad mediante una ingenier\u00eda inteligente. Los usuarios conf\u00edan en su capacidad para evitar el deslizamiento o la desalineaci\u00f3n bajo carga. La curva de ojo calculada redirige las fuerzas lejos de los posibles puntos de fallo, minimizando los riesgos de aver\u00eda durante las tareas cr\u00edticas. Las empresas que utilizan estos pernos suelen notificar menos incidentes y una mayor fiabilidad.<\/p>\n<h2 class=\"text-xl font-bold text-text-200 mt-1 -mb-0.5\">Garant\u00eda de calidad y asistencia<\/h2>\n<h3 class=\"text-lg font-bold text-text-200 mt-1 -mb-1.5\">Riguroso protocolo de pruebas<\/h3>\n<p class=\"whitespace-pre-wrap break-words\">Cada perno se somete a una evaluaci\u00f3n exhaustiva antes de salir de nuestras instalaciones. Dado que comprendemos las aplicaciones cr\u00edticas para la seguridad, mantenemos una documentaci\u00f3n detallada sobre el rendimiento. Nuestros informes de calidad describen par\u00e1metros espec\u00edficos y propiedades de los materiales, lo que demuestra su fiabilidad a largo plazo en condiciones adversas.<\/p>\n<h3 class=\"text-lg font-bold text-text-200 mt-1 -mb-1.5\">Servicio orientado al cliente<\/h3>\n<p class=\"whitespace-pre-wrap break-words\">Combinamos los conocimientos t\u00e9cnicos con una atenci\u00f3n personalizada. Los clientes reciben asistencia especializada tanto para las preguntas previas a la compra como para la asistencia continua. Nuestro equipo ofrece orientaci\u00f3n detallada sobre la instalaci\u00f3n, el mantenimiento y la resoluci\u00f3n de problemas. Este enfoque garantiza una asistencia completa durante todo el ciclo de vida del producto. La rapidez de entrega aumenta a\u00fan m\u00e1s la satisfacci\u00f3n al minimizar los retrasos en los proyectos.<\/p>\n<h3 class=\"text-lg font-bold text-text-200 mt-1 -mb-1.5\">Innovaci\u00f3n continua<\/h3>\n<p class=\"whitespace-pre-wrap break-words\">La inversi\u00f3n peri\u00f3dica en investigaci\u00f3n mantiene nuestros productos a la vanguardia de la tecnolog\u00eda. Colaboramos con expertos del sector para mejorar los dise\u00f1os y los m\u00e9todos de producci\u00f3n. Este compromiso eleva los est\u00e1ndares de la industria al tiempo que ofrece soluciones rentables. Nuestro enfoque en el avance abarca desde la ingenier\u00eda hasta la atenci\u00f3n al cliente, priorizando la excelencia en cada paso.<\/p>\n<h3 class=\"text-lg font-bold text-text-200 mt-1 -mb-1.5\">Entrega fiable<\/h3>\n<p class=\"whitespace-pre-wrap break-words\">Comprendiendo que las operaciones son sensibles al tiempo, mantenemos sistemas de entrega eficientes que cumplen calendarios exigentes. Nuestro equipo de log\u00edstica garantiza la tramitaci\u00f3n y el env\u00edo r\u00e1pidos de los pedidos. Cuando surgen problemas, nos comunicamos de forma proactiva y ofrecemos alternativas para minimizar las interrupciones.<\/p>\n<h2 class=\"text-xl font-bold text-text-200 mt-1 -mb-0.5\">Apoyo educativo y excelencia t\u00e9cnica<\/h2>\n<p class=\"whitespace-pre-wrap break-words\">Junto con nuestro hardware, proporcionamos documentaci\u00f3n t\u00e9cnica completa y material de formaci\u00f3n. Mediante gu\u00edas detalladas y consultas, los clientes dominan las t\u00e9cnicas de uso adecuadas. Este intercambio de conocimientos previene problemas comunes y prolonga la vida \u00fatil del producto mediante un mantenimiento adecuado.<\/p>\n<p class=\"whitespace-pre-wrap break-words\">La ingenier\u00eda de precisi\u00f3n que hay detr\u00e1s de cada perno refleja nuestra dedicaci\u00f3n al rendimiento. En entornos cr\u00edticos, estos pernos proporcionan conexiones seguras que minimizan los riesgos de manipulaci\u00f3n. Esta fiabilidad resulta crucial cuando un fallo del equipo puede tener graves consecuencias.<\/p>\n<p class=\"whitespace-pre-wrap break-words\">Nuestras medidas de calidad optimizan todos los aspectos para obtener el m\u00e1ximo rendimiento. La combinaci\u00f3n de la ciencia de materiales avanzados con una ingenier\u00eda precisa produce resultados superiores de forma constante. Esta dedicaci\u00f3n a la excelencia se traduce en unas necesidades de sustituci\u00f3n m\u00ednimas y una eficiencia operativa sostenida.<\/p>\n<p class=\"whitespace-pre-wrap break-words\">Los comentarios de los clientes impulsan la mejora continua, y las ideas dan forma a los desarrollos futuros. Este enfoque colaborativo conduce a mejoras pr\u00e1cticas tanto en seguridad como en rendimiento. El di\u00e1logo continuo fortalece las relaciones al tiempo que mejora la capacidad de los productos.<\/p>\n<h2 class=\"text-xl font-bold text-text-200 mt-1 -mb-0.5\">Conclusi\u00f3n<\/h2>\n<p class=\"whitespace-pre-wrap break-words\">El c\u00e1ncamo doblado representa una convergencia de excelencia en ingenier\u00eda y caracter\u00edsticas pr\u00e1cticas de seguridad. Su dise\u00f1o innovador garantiza una gesti\u00f3n \u00f3ptima de la carga y una durabilidad duradera, respaldada por exhaustivos controles de calidad. Combinado con un servicio de atenci\u00f3n al cliente receptivo y una entrega fiable, constituye una soluci\u00f3n ideal para las operaciones que exigen un rendimiento constante. Seguimos avanzando en nuestros dise\u00f1os, proporcionando productos que mejoran la eficacia operativa y la seguridad.<\/p>\n<p class=\"whitespace-pre-wrap break-words\">Nuestro enfoque integral, desde el dise\u00f1o inicial hasta la asistencia continua, demuestra nuestro compromiso con las soluciones duraderas. Elegir nuestros c\u00e1ncamos curvados significa invertir en una fiabilidad probada sobre el terreno con el respaldo de expertos. Experimente la diferencia que aportan a sus operaciones una ingenier\u00eda bien pensada y una asistencia dedicada.<\/p>","protected":false},"excerpt":{"rendered":"<p data-sourcepos=\"5:1-5:37\">Este es nuestro c\u00e1ncamo doblado meticulosamente dise\u00f1ado, que se ha creado especialmente para aplicaciones de sujeci\u00f3n de cargas pesadas y aparejos en general. Nuestro producto cumple con las principales preocupaciones de los compradores con una excelente durabilidad, instalaci\u00f3n sencilla y seguridad sin concesiones en ambientes severos. Como empresa comercial de confianza, proporcionamos un servicio de atenci\u00f3n al cliente personalizado, un plazo de entrega puntual e informes detallados de inspecci\u00f3n de calidad, para que cada cliente pueda estar seguro de recibir herrajes fiables y de alta calidad de acuerdo con sus requisitos particulares.<\/p>","protected":false},"featured_media":6506,"comment_status":"open","ping_status":"closed","template":"","meta":{"site-sidebar-layout":"default","site-content-layout":"","ast-site-content-layout":"default","site-content-style":"default","site-sidebar-style":"default","ast-global-header-display":"","ast-banner-title-visibility":"","ast-main-header-display":"","ast-hfb-above-header-display":"","ast-hfb-below-header-display":"","ast-hfb-mobile-header-display":"","site-post-title":"","ast-breadcrumbs-content":"","ast-featured-img":"","footer-sml-layout":"","theme-transparent-header-meta":"default","adv-header-id-meta":"","stick-header-meta":"default","header-above-stick-meta":"","header-main-stick-meta":"","header-below-stick-meta":"","astra-migrate-meta-layouts":"set","ast-page-background-enabled":"default","ast-page-background-meta":{"desktop":{"background-color":"","background-image":"","background-repeat":"repeat","background-position":"center center","background-size":"auto","background-attachment":"scroll","background-type":"","background-media":"","overlay-type":"","overlay-color":"","overlay-opacity":"","overlay-gradient":""},"tablet":{"background-color":"","background-image":"","background-repeat":"repeat","background-position":"center center","background-size":"auto","background-attachment":"scroll","background-type":"","background-media":"","overlay-type":"","overlay-color":"","overlay-opacity":"","overlay-gradient":""},"mobile":{"background-color":"","background-image":"","background-repeat":"repeat","background-position":"center center","background-size":"auto","background-attachment":"scroll","background-type":"","background-media":"","overlay-type":"","overlay-color":"","overlay-opacity":"","overlay-gradient":""}},"ast-content-background-meta":{"desktop":{"background-color":"var(--ast-global-color-5)","background-image":"","background-repeat":"repeat","background-position":"center center","background-size":"auto","background-attachment":"scroll","background-type":"","background-media":"","overlay-type":"","overlay-color":"","overlay-opacity":"","overlay-gradient":""},"tablet":{"background-color":"var(--ast-global-color-5)","background-image":"","background-repeat":"repeat","background-position":"center center","background-size":"auto","background-attachment":"scroll","background-type":"","background-media":"","overlay-type":"","overlay-color":"","overlay-opacity":"","overlay-gradient":""},"mobile":{"background-color":"var(--ast-global-color-5)","background-image":"","background-repeat":"repeat","background-position":"center center","background-size":"auto","background-attachment":"scroll","background-type":"","background-media":"","overlay-type":"","overlay-color":"","overlay-opacity":"","overlay-gradient":""}}},"product_brand":[],"product_cat":[44],"product_tag":[],"class_list":{"0":"post-6504","1":"product","2":"type-product","3":"status-publish","4":"has-post-thumbnail","6":"product_cat-stainless-steel-poduct","7":"desktop-align-left","8":"tablet-align-left","9":"mobile-align-left","10":"ast-product-gallery-layout-horizontal-slider","11":"ast-product-tabs-layout-horizontal","13":"first","14":"instock","15":"shipping-taxable","16":"purchasable","17":"product-type-simple"},"yoast_head":"<!-- This site is optimized with the Yoast SEO plugin v25.2 - https:\/\/yoast.com\/wordpress\/plugins\/seo\/ -->\n<title>Bent Eye Bolt<\/title>\n<meta name=\"description\" content=\"Qingdao H&amp;F, your reliable supplier for over 20 years, offers top-quality bent eye bolts for diverse lifting and rigging applications.\" \/>\n<meta name=\"robots\" content=\"index, follow, max-snippet:-1, max-image-preview:large, max-video-preview:-1\" \/>\n<link rel=\"canonical\" href=\"https:\/\/qingdaohf.com\/es\/producto\/cancamo-doblado\/\" \/>\n<meta property=\"og:locale\" content=\"es_ES\" \/>\n<meta property=\"og:type\" content=\"article\" \/>\n<meta property=\"og:title\" content=\"Bent Eye Bolt\" \/>\n<meta property=\"og:description\" content=\"Qingdao H&amp;F, your reliable supplier for over 20 years, offers top-quality bent eye bolts for diverse lifting and rigging applications.\" \/>\n<meta property=\"og:url\" content=\"https:\/\/qingdaohf.com\/es\/producto\/cancamo-doblado\/\" \/>\n<meta property=\"og:site_name\" content=\"Concrete Form &amp; Rigging Hardware Supplier\" \/>\n<meta property=\"article:publisher\" content=\"https:\/\/www.facebook.com\/qingdaohf\" \/>\n<meta property=\"article:modified_time\" content=\"2025-11-13T01:03:38+00:00\" \/>\n<meta property=\"og:image\" content=\"https:\/\/qingdaohf.com\/wp-content\/uploads\/2024\/02\/HF-BENT-EYE-BOLT-1.jpg\" \/>\n\t<meta property=\"og:image:width\" content=\"1000\" \/>\n\t<meta property=\"og:image:height\" content=\"1000\" \/>\n\t<meta property=\"og:image:type\" content=\"image\/jpeg\" \/>\n<meta name=\"twitter:card\" content=\"summary_large_image\" \/>\n<meta name=\"twitter:label1\" content=\"Tiempo de lectura\" \/>\n\t<meta name=\"twitter:data1\" content=\"4 minutos\" \/>\n<script type=\"application\/ld+json\" class=\"yoast-schema-graph\">{\"@context\":\"https:\/\/schema.org\",\"@graph\":[{\"@type\":\"WebPage\",\"@id\":\"https:\/\/qingdaohf.com\/product\/bent-eye-bolt\/\",\"url\":\"https:\/\/qingdaohf.com\/product\/bent-eye-bolt\/\",\"name\":\"Bent Eye Bolt\",\"isPartOf\":{\"@id\":\"https:\/\/qingdaohf.com\/bg\/#website\"},\"primaryImageOfPage\":{\"@id\":\"https:\/\/qingdaohf.com\/product\/bent-eye-bolt\/#primaryimage\"},\"image\":{\"@id\":\"https:\/\/qingdaohf.com\/product\/bent-eye-bolt\/#primaryimage\"},\"thumbnailUrl\":\"https:\/\/qingdaohf.com\/wp-content\/uploads\/2024\/02\/HF-BENT-EYE-BOLT-1.jpg\",\"datePublished\":\"2024-02-05T01:54:52+00:00\",\"dateModified\":\"2025-11-13T01:03:38+00:00\",\"description\":\"Qingdao H&F, your reliable supplier for over 20 years, offers top-quality bent eye bolts for diverse lifting and rigging applications.\",\"breadcrumb\":{\"@id\":\"https:\/\/qingdaohf.com\/product\/bent-eye-bolt\/#breadcrumb\"},\"inLanguage\":\"es\",\"potentialAction\":[{\"@type\":\"ReadAction\",\"target\":[\"https:\/\/qingdaohf.com\/product\/bent-eye-bolt\/\"]}]},{\"@type\":\"ImageObject\",\"inLanguage\":\"es\",\"@id\":\"https:\/\/qingdaohf.com\/product\/bent-eye-bolt\/#primaryimage\",\"url\":\"https:\/\/qingdaohf.com\/wp-content\/uploads\/2024\/02\/HF-BENT-EYE-BOLT-1.jpg\",\"contentUrl\":\"https:\/\/qingdaohf.com\/wp-content\/uploads\/2024\/02\/HF-BENT-EYE-BOLT-1.jpg\",\"width\":1000,\"height\":1000,\"caption\":\"H&F BENT EYE BOLT\"},{\"@type\":\"BreadcrumbList\",\"@id\":\"https:\/\/qingdaohf.com\/product\/bent-eye-bolt\/#breadcrumb\",\"itemListElement\":[{\"@type\":\"ListItem\",\"position\":1,\"name\":\"Home\",\"item\":\"https:\/\/qingdaohf.com\/\"},{\"@type\":\"ListItem\",\"position\":2,\"name\":\"Concrete Forming Accessories and Rigging Hardware\",\"item\":\"https:\/\/qingdaohf.com\/bg\/?page_id=944\"},{\"@type\":\"ListItem\",\"position\":3,\"name\":\"Bent Eye Bolt\"}]},{\"@type\":\"WebSite\",\"@id\":\"https:\/\/qingdaohf.com\/bg\/#website\",\"url\":\"https:\/\/qingdaohf.com\/bg\/\",\"name\":\"Concrete Form & Rigging Hardware Supplier\",\"description\":\"\",\"publisher\":{\"@id\":\"https:\/\/qingdaohf.com\/bg\/#organization\"},\"potentialAction\":[{\"@type\":\"SearchAction\",\"target\":{\"@type\":\"EntryPoint\",\"urlTemplate\":\"https:\/\/qingdaohf.com\/bg\/?s={search_term_string}\"},\"query-input\":{\"@type\":\"PropertyValueSpecification\",\"valueRequired\":true,\"valueName\":\"search_term_string\"}}],\"inLanguage\":\"es\"},{\"@type\":\"Organization\",\"@id\":\"https:\/\/qingdaohf.com\/bg\/#organization\",\"name\":\"Qingdao H&F\",\"url\":\"https:\/\/qingdaohf.com\/bg\/\",\"logo\":{\"@type\":\"ImageObject\",\"inLanguage\":\"es\",\"@id\":\"https:\/\/qingdaohf.com\/bg\/#\/schema\/logo\/image\/\",\"url\":\"https:\/\/qingdaohf.com\/wp-content\/uploads\/2022\/12\/cropped-HF-LOGO.png\",\"contentUrl\":\"https:\/\/qingdaohf.com\/wp-content\/uploads\/2022\/12\/cropped-HF-LOGO.png\",\"width\":391,\"height\":249,\"caption\":\"Qingdao H&F\"},\"image\":{\"@id\":\"https:\/\/qingdaohf.com\/bg\/#\/schema\/logo\/image\/\"},\"sameAs\":[\"https:\/\/www.facebook.com\/qingdaohf\"]}]}<\/script>\n<!-- \/ Yoast SEO plugin. -->","yoast_head_json":{"title":"Bent Eye Bolt","description":"Qingdao H&F, your reliable supplier for over 20 years, offers top-quality bent eye bolts for diverse lifting and rigging applications.","robots":{"index":"index","follow":"follow","max-snippet":"max-snippet:-1","max-image-preview":"max-image-preview:large","max-video-preview":"max-video-preview:-1"},"canonical":"https:\/\/qingdaohf.com\/es\/producto\/cancamo-doblado\/","og_locale":"es_ES","og_type":"article","og_title":"Bent Eye Bolt","og_description":"Qingdao H&F, your reliable supplier for over 20 years, offers top-quality bent eye bolts for diverse lifting and rigging applications.","og_url":"https:\/\/qingdaohf.com\/es\/producto\/cancamo-doblado\/","og_site_name":"Concrete Form &amp; Rigging Hardware Supplier","article_publisher":"https:\/\/www.facebook.com\/qingdaohf","article_modified_time":"2025-11-13T01:03:38+00:00","og_image":[{"width":1000,"height":1000,"url":"https:\/\/qingdaohf.com\/wp-content\/uploads\/2024\/02\/HF-BENT-EYE-BOLT-1.jpg","type":"image\/jpeg"}],"twitter_card":"summary_large_image","twitter_misc":{"Tiempo de lectura":"4 minutos"},"schema":{"@context":"https:\/\/schema.org","@graph":[{"@type":"WebPage","@id":"https:\/\/qingdaohf.com\/product\/bent-eye-bolt\/","url":"https:\/\/qingdaohf.com\/product\/bent-eye-bolt\/","name":"Bent Eye Bolt","isPartOf":{"@id":"https:\/\/qingdaohf.com\/bg\/#website"},"primaryImageOfPage":{"@id":"https:\/\/qingdaohf.com\/product\/bent-eye-bolt\/#primaryimage"},"image":{"@id":"https:\/\/qingdaohf.com\/product\/bent-eye-bolt\/#primaryimage"},"thumbnailUrl":"https:\/\/qingdaohf.com\/wp-content\/uploads\/2024\/02\/HF-BENT-EYE-BOLT-1.jpg","datePublished":"2024-02-05T01:54:52+00:00","dateModified":"2025-11-13T01:03:38+00:00","description":"Qingdao H&F, your reliable supplier for over 20 years, offers top-quality bent eye bolts for diverse lifting and rigging applications.","breadcrumb":{"@id":"https:\/\/qingdaohf.com\/product\/bent-eye-bolt\/#breadcrumb"},"inLanguage":"es","potentialAction":[{"@type":"ReadAction","target":["https:\/\/qingdaohf.com\/product\/bent-eye-bolt\/"]}]},{"@type":"ImageObject","inLanguage":"es","@id":"https:\/\/qingdaohf.com\/product\/bent-eye-bolt\/#primaryimage","url":"https:\/\/qingdaohf.com\/wp-content\/uploads\/2024\/02\/HF-BENT-EYE-BOLT-1.jpg","contentUrl":"https:\/\/qingdaohf.com\/wp-content\/uploads\/2024\/02\/HF-BENT-EYE-BOLT-1.jpg","width":1000,"height":1000,"caption":"H&F BENT EYE BOLT"},{"@type":"BreadcrumbList","@id":"https:\/\/qingdaohf.com\/product\/bent-eye-bolt\/#breadcrumb","itemListElement":[{"@type":"ListItem","position":1,"name":"Home","item":"https:\/\/qingdaohf.com\/"},{"@type":"ListItem","position":2,"name":"Concrete Forming Accessories and Rigging Hardware","item":"https:\/\/qingdaohf.com\/bg\/?page_id=944"},{"@type":"ListItem","position":3,"name":"Bent Eye Bolt"}]},{"@type":"WebSite","@id":"https:\/\/qingdaohf.com\/bg\/#website","url":"https:\/\/qingdaohf.com\/bg\/","name":"Concrete Form & Rigging Hardware Supplier","description":"","publisher":{"@id":"https:\/\/qingdaohf.com\/bg\/#organization"},"potentialAction":[{"@type":"SearchAction","target":{"@type":"EntryPoint","urlTemplate":"https:\/\/qingdaohf.com\/bg\/?s={search_term_string}"},"query-input":{"@type":"PropertyValueSpecification","valueRequired":true,"valueName":"search_term_string"}}],"inLanguage":"es"},{"@type":"Organization","@id":"https:\/\/qingdaohf.com\/bg\/#organization","name":"Qingdao H&F","url":"https:\/\/qingdaohf.com\/bg\/","logo":{"@type":"ImageObject","inLanguage":"es","@id":"https:\/\/qingdaohf.com\/bg\/#\/schema\/logo\/image\/","url":"https:\/\/qingdaohf.com\/wp-content\/uploads\/2022\/12\/cropped-HF-LOGO.png","contentUrl":"https:\/\/qingdaohf.com\/wp-content\/uploads\/2022\/12\/cropped-HF-LOGO.png","width":391,"height":249,"caption":"Qingdao H&F"},"image":{"@id":"https:\/\/qingdaohf.com\/bg\/#\/schema\/logo\/image\/"},"sameAs":["https:\/\/www.facebook.com\/qingdaohf"]}]}},"_links":{"self":[{"href":"https:\/\/qingdaohf.com\/es\/wp-json\/wp\/v2\/product\/6504","targetHints":{"allow":["GET"]}}],"collection":[{"href":"https:\/\/qingdaohf.com\/es\/wp-json\/wp\/v2\/product"}],"about":[{"href":"https:\/\/qingdaohf.com\/es\/wp-json\/wp\/v2\/types\/product"}],"replies":[{"embeddable":true,"href":"https:\/\/qingdaohf.com\/es\/wp-json\/wp\/v2\/comments?post=6504"}],"version-history":[{"count":3,"href":"https:\/\/qingdaohf.com\/es\/wp-json\/wp\/v2\/product\/6504\/revisions"}],"predecessor-version":[{"id":8947,"href":"https:\/\/qingdaohf.com\/es\/wp-json\/wp\/v2\/product\/6504\/revisions\/8947"}],"wp:featuredmedia":[{"embeddable":true,"href":"https:\/\/qingdaohf.com\/es\/wp-json\/wp\/v2\/media\/6506"}],"wp:attachment":[{"href":"https:\/\/qingdaohf.com\/es\/wp-json\/wp\/v2\/media?parent=6504"}],"wp:term":[{"taxonomy":"product_brand","embeddable":true,"href":"https:\/\/qingdaohf.com\/es\/wp-json\/wp\/v2\/product_brand?post=6504"},{"taxonomy":"product_cat","embeddable":true,"href":"https:\/\/qingdaohf.com\/es\/wp-json\/wp\/v2\/product_cat?post=6504"},{"taxonomy":"product_tag","embeddable":true,"href":"https:\/\/qingdaohf.com\/es\/wp-json\/wp\/v2\/product_tag?post=6504"}],"curies":[{"name":"wp","href":"https:\/\/api.w.org\/{rel}","templated":true}]}}