{"id":7163,"date":"2024-05-20T13:42:36","date_gmt":"2024-05-20T05:42:36","guid":{"rendered":"http:\/\/qingdaohf.com\/?post_type=product&#038;p=7163"},"modified":"2025-11-13T09:03:16","modified_gmt":"2025-11-13T01:03:16","slug":"aluminum-form-wall-ties","status":"publish","type":"product","link":"https:\/\/qingdaohf.com\/es\/producto\/tirantes-de-aluminio\/","title":{"rendered":"Tirantes de aluminio"},"content":{"rendered":"<p>Los anclajes de encofrado de aluminio desempe\u00f1an un papel fundamental en la construcci\u00f3n de encofrados de hormig\u00f3n, especialmente cuando la precisi\u00f3n y la durabilidad son primordiales. Estos anclajes mantienen el encofrado en su sitio durante el proceso de vertido del hormig\u00f3n, garantizando que los encofrados mantengan su forma y alineaci\u00f3n previstas. Como resultado, ayudan a garantizar la integridad estructural y la uniformidad en muros y columnas de hormig\u00f3n. El material de los anclajes de encofrado puede variar, pero el aluminio destaca por su combinaci\u00f3n de resistencia, ligereza y resistencia a la corrosi\u00f3n. En Qingdao H&amp;F, proporcionamos anclajes de aluminio de alta calidad adaptados a las necesidades de la industria de la construcci\u00f3n, garantizando que sus proyectos se completen de manera eficiente y segura.<\/p>\n<h3><strong>\u00bfPor qu\u00e9 aluminio para encofrados?<\/strong><\/h3>\n<p>El uso del aluminio en las traviesas de encofrado ha aumentado debido a sus propiedades \u00fanicas, que lo hacen id\u00f3neo para entornos de construcci\u00f3n exigentes. El aluminio es ligero y resistente a la vez, lo que facilita su manipulaci\u00f3n in situ sin comprometer su rendimiento. Esto es especialmente beneficioso cuando se necesitan grandes vol\u00famenes de ataduras o cuando los trabajadores deben gestionar grandes cargas de trabajo. A diferencia de otros materiales, como el acero, la ligereza del aluminio reduce la tensi\u00f3n durante la manipulaci\u00f3n y la instalaci\u00f3n.<\/p>\n<p>La resistencia a la corrosi\u00f3n es otra ventaja significativa. Los anclajes de encofrado est\u00e1n expuestos a la humedad y a diversas sustancias qu\u00edmicas de la mezcla de hormig\u00f3n. El aluminio resiste de forma natural el \u00f3xido y otras formas de corrosi\u00f3n, lo que prolonga la vida \u00fatil de los encofrados y reduce la necesidad de sustituirlos con frecuencia. Esta durabilidad se traduce en un ahorro de costes a largo plazo para las empresas, especialmente en proyectos a gran escala en los que es crucial minimizar los tiempos de inactividad y mantenimiento.<\/p>\n<h3><strong>Eficiencia y rentabilidad en la construcci\u00f3n<\/strong><\/h3>\n<p>La eficiencia es la piedra angular del \u00e9xito de los proyectos de construcci\u00f3n, y los anclajes de encofrado contribuyen a este objetivo garantizando que el encofrado permanezca en su sitio, evitando costosos errores. Un encofrado mal alineado o d\u00e9bilmente sujeto puede provocar problemas estructurales en el hormig\u00f3n, lo que se traduce en retrasos, desperdicio de materiales y resultados potencialmente inseguros. Los anclajes de encofrado de aluminio no s\u00f3lo garantizan un encofrado seguro, sino que tambi\u00e9n simplifican los procesos de montaje y desmontaje.<\/p>\n<p>Dado que los anclajes de aluminio para encofrados son reutilizables, ofrecen un considerable ahorro de costes a lo largo del tiempo. Los contratistas se enfrentan a menudo al dilema de equilibrar los costes a corto plazo con los beneficios a largo plazo, y la inversi\u00f3n en anclajes de encofrado duraderos y reutilizables puede reducir la necesidad de sustituciones frecuentes y disminuir los costes totales del proyecto. Adem\u00e1s, como los anclajes de aluminio son m\u00e1s ligeros y f\u00e1ciles de transportar, reducen los costes log\u00edsticos y aumentan la eficacia de las operaciones in situ.<\/p>\n<div class=\"ast-oembed-container\" style=\"height: 100%;\"><iframe title=\"Accesorios para encofrado de hormig\u00f3n Cu\u00f1a curva y cu\u00f1a recta\" width=\"500\" height=\"281\" src=\"https:\/\/www.youtube.com\/embed\/_He4pUDjl1U?feature=oembed\" frameborder=\"0\" allow=\"accelerometer; autoplay; clipboard-write; encrypted-media; gyroscope; picture-in-picture; web-share\" referrerpolicy=\"strict-origin-when-cross-origin\" allowfullscreen><\/iframe><\/div>\n<h3><strong>Sostenibilidad e impacto ambiental<\/strong><\/h3>\n<p>En el sector de la construcci\u00f3n moderna, la sostenibilidad es cada vez m\u00e1s importante, y los encofrados de aluminio est\u00e1n en consonancia con las pr\u00e1cticas ecol\u00f3gicas. El aluminio es altamente reciclable, y muchos productos de aluminio se fabrican con materiales reciclados. Esto reduce la demanda de nuevas materias primas y minimiza el impacto medioambiental. Al final de su ciclo de vida, los encofrados de aluminio pueden fundirse y reutilizarse sin perder sus propiedades inherentes, lo que los convierte en una opci\u00f3n sostenible para los profesionales de la construcci\u00f3n que desean reducir su huella de carbono.<\/p>\n<p>Adem\u00e1s, el uso de materiales duraderos y reutilizables como el aluminio reduce los residuos generados in situ. Los contratistas pueden reutilizar los encofrados de aluminio en varios proyectos, lo que reduce significativamente la cantidad de materiales desechados que, de otro modo, acabar\u00edan en los vertederos. Esto ayuda a las empresas constructoras a alinearse con los objetivos globales de sostenibilidad y a atraer a clientes que dan prioridad a las pr\u00e1cticas responsables con el medio ambiente.<\/p>\n<h3><strong>Compromiso de Qingdao H&amp;F con la calidad y el servicio<\/strong><\/h3>\n<p>En Qingdao H&amp;F entendemos que los profesionales de la construcci\u00f3n necesitan materiales fiables y un servicio excepcional para completar sus proyectos a tiempo y sin salirse del presupuesto. Nuestros encofrados de aluminio se fabrican con estrictas normas de control de calidad, lo que garantiza un rendimiento y una durabilidad constantes. Nos enorgullecemos de ofrecer no s\u00f3lo productos de alta calidad, sino tambi\u00e9n precios competitivos, lo que permite a nuestros clientes beneficiarse tanto de la asequibilidad como de la excelencia.<\/p>\n<p>Reconocemos que cada proyecto es \u00fanico, y nuestro equipo ofrece un servicio de atenci\u00f3n al cliente personalizado para garantizar que recibe los mejores productos para sus necesidades espec\u00edficas. Desde ayudarle a elegir el tipo adecuado de anclajes de encofrado de aluminio hasta proporcionarle asistencia continua a lo largo de su proyecto, nos comprometemos a hacer que su experiencia de compra sea fluida y eficaz. Con una trayectoria de 20 a\u00f1os al servicio de la industria de la construcci\u00f3n, Qingdao H&amp;F se ha ganado una reputaci\u00f3n de fiabilidad, confianza y satisfacci\u00f3n del cliente.<\/p>\n<h3><strong>Conclusi\u00f3n: \u00bfPor qu\u00e9 las bridas de aluminio de Qingdao H&amp;F?<\/strong><\/h3>\n<p>Elegir los encofrados adecuados es esencial para garantizar el \u00e9xito de sus proyectos de construcci\u00f3n, y los encofrados de aluminio ofrecen una combinaci\u00f3n de resistencia, durabilidad y rentabilidad que pocos materiales pueden igualar. En Qingdao H&amp;F, proporcionamos anclajes de aluminio de primera calidad que satisfacen las necesidades de la construcci\u00f3n moderna, garantizando que sus proyectos se construyan para durar. Con nuestro enfoque en la calidad, precios competitivos y un servicio al cliente sin igual, somos su socio de confianza para lograr la excelencia en la construcci\u00f3n. Tanto si est\u00e1 trabajando en un proyecto a peque\u00f1a escala como en un gran desarrollo de infraestructuras, nuestros anclajes de aluminio le ayudar\u00e1n a conseguir resultados \u00f3ptimos en todo momento.<\/p>","protected":false},"excerpt":{"rendered":"<p><strong>Obtenga dimensiones precisas de los muros de hormig\u00f3n y garantice la integridad estructural<\/strong> con las bridas de encofrado de aluminio, un componente vital en los sistemas de encofrado de aluminio. Estos anclajes funcionan junto con los pasadores y las cu\u00f1as de encofrado de aluminio para crear un sistema de encofrado de muros robusto y eficaz. <strong>Tama\u00f1os de espesor de pared<\/strong> para adaptarse a diversos dise\u00f1os de muros de hormig\u00f3n. Los tama\u00f1os m\u00e1s comunes son <strong>6\" - 24\"<\/strong>que le permite construir muros de diferentes grosores con facilidad.<\/p>","protected":false},"featured_media":7168,"comment_status":"open","ping_status":"closed","template":"","meta":{"site-sidebar-layout":"default","site-content-layout":"","ast-site-content-layout":"default","site-content-style":"default","site-sidebar-style":"default","ast-global-header-display":"","ast-banner-title-visibility":"","ast-main-header-display":"","ast-hfb-above-header-display":"","ast-hfb-below-header-display":"","ast-hfb-mobile-header-display":"","site-post-title":"","ast-breadcrumbs-content":"","ast-featured-img":"","footer-sml-layout":"","theme-transparent-header-meta":"default","adv-header-id-meta":"","stick-header-meta":"default","header-above-stick-meta":"","header-main-stick-meta":"","header-below-stick-meta":"","astra-migrate-meta-layouts":"set","ast-page-background-enabled":"default","ast-page-background-meta":{"desktop":{"background-color":"","background-image":"","background-repeat":"repeat","background-position":"center center","background-size":"auto","background-attachment":"scroll","background-type":"","background-media":"","overlay-type":"","overlay-color":"","overlay-opacity":"","overlay-gradient":""},"tablet":{"background-color":"","background-image":"","background-repeat":"repeat","background-position":"center center","background-size":"auto","background-attachment":"scroll","background-type":"","background-media":"","overlay-type":"","overlay-color":"","overlay-opacity":"","overlay-gradient":""},"mobile":{"background-color":"","background-image":"","background-repeat":"repeat","background-position":"center center","background-size":"auto","background-attachment":"scroll","background-type":"","background-media":"","overlay-type":"","overlay-color":"","overlay-opacity":"","overlay-gradient":""}},"ast-content-background-meta":{"desktop":{"background-color":"var(--ast-global-color-5)","background-image":"","background-repeat":"repeat","background-position":"center center","background-size":"auto","background-attachment":"scroll","background-type":"","background-media":"","overlay-type":"","overlay-color":"","overlay-opacity":"","overlay-gradient":""},"tablet":{"background-color":"var(--ast-global-color-5)","background-image":"","background-repeat":"repeat","background-position":"center center","background-size":"auto","background-attachment":"scroll","background-type":"","background-media":"","overlay-type":"","overlay-color":"","overlay-opacity":"","overlay-gradient":""},"mobile":{"background-color":"var(--ast-global-color-5)","background-image":"","background-repeat":"repeat","background-position":"center center","background-size":"auto","background-attachment":"scroll","background-type":"","background-media":"","overlay-type":"","overlay-color":"","overlay-opacity":"","overlay-gradient":""}}},"product_brand":[],"product_cat":[65],"product_tag":[],"class_list":{"0":"post-7163","1":"product","2":"type-product","3":"status-publish","4":"has-post-thumbnail","6":"product_cat-aluminum-form-tie","7":"desktop-align-left","8":"tablet-align-left","9":"mobile-align-left","10":"ast-product-gallery-layout-horizontal-slider","11":"ast-product-tabs-layout-horizontal","13":"first","14":"instock","15":"shipping-taxable","16":"purchasable","17":"product-type-simple"},"yoast_head":"<!-- This site is optimized with the Yoast SEO plugin v25.2 - https:\/\/yoast.com\/wordpress\/plugins\/seo\/ -->\n<title>Aluminum Form Wall Ties<\/title>\n<meta name=\"description\" content=\"Aluminum Form Wall Ties are available in a range of Wall Thickness Sizes to accommodate various concrete wall designs. Common sizes include 6\u201d - 24\u201d.\" \/>\n<meta name=\"robots\" content=\"index, follow, max-snippet:-1, max-image-preview:large, max-video-preview:-1\" \/>\n<link rel=\"canonical\" href=\"https:\/\/qingdaohf.com\/es\/producto\/tirantes-de-aluminio\/\" \/>\n<meta property=\"og:locale\" content=\"es_ES\" \/>\n<meta property=\"og:type\" content=\"article\" \/>\n<meta property=\"og:title\" content=\"Aluminum Form Wall Ties\" \/>\n<meta property=\"og:description\" content=\"Aluminum Form Wall Ties are available in a range of Wall Thickness Sizes to accommodate various concrete wall designs. Common sizes include 6\u201d - 24\u201d.\" \/>\n<meta property=\"og:url\" content=\"https:\/\/qingdaohf.com\/es\/producto\/tirantes-de-aluminio\/\" \/>\n<meta property=\"og:site_name\" content=\"Concrete Form &amp; Rigging Hardware Supplier\" \/>\n<meta property=\"article:publisher\" content=\"https:\/\/www.facebook.com\/qingdaohf\" \/>\n<meta property=\"article:modified_time\" content=\"2025-11-13T01:03:16+00:00\" \/>\n<meta property=\"og:image\" content=\"https:\/\/qingdaohf.com\/wp-content\/uploads\/2024\/05\/Aluminum-Form-Wall-Ties-1.jpg\" \/>\n\t<meta property=\"og:image:width\" content=\"1000\" \/>\n\t<meta property=\"og:image:height\" content=\"1000\" \/>\n\t<meta property=\"og:image:type\" content=\"image\/jpeg\" \/>\n<meta name=\"twitter:card\" content=\"summary_large_image\" \/>\n<meta name=\"twitter:label1\" content=\"Tiempo de lectura\" \/>\n\t<meta name=\"twitter:data1\" content=\"4 minutos\" \/>\n<script type=\"application\/ld+json\" class=\"yoast-schema-graph\">{\"@context\":\"https:\/\/schema.org\",\"@graph\":[{\"@type\":\"WebPage\",\"@id\":\"https:\/\/qingdaohf.com\/product\/aluminum-form-wall-ties\/\",\"url\":\"https:\/\/qingdaohf.com\/product\/aluminum-form-wall-ties\/\",\"name\":\"Aluminum Form Wall Ties\",\"isPartOf\":{\"@id\":\"https:\/\/qingdaohf.com\/bg\/#website\"},\"primaryImageOfPage\":{\"@id\":\"https:\/\/qingdaohf.com\/product\/aluminum-form-wall-ties\/#primaryimage\"},\"image\":{\"@id\":\"https:\/\/qingdaohf.com\/product\/aluminum-form-wall-ties\/#primaryimage\"},\"thumbnailUrl\":\"https:\/\/qingdaohf.com\/wp-content\/uploads\/2024\/05\/Aluminum-Form-Wall-Ties-1.jpg\",\"datePublished\":\"2024-05-20T05:42:36+00:00\",\"dateModified\":\"2025-11-13T01:03:16+00:00\",\"description\":\"Aluminum Form Wall Ties are available in a range of Wall Thickness Sizes to accommodate various concrete wall designs. Common sizes include 6\u201d - 24\u201d.\",\"breadcrumb\":{\"@id\":\"https:\/\/qingdaohf.com\/product\/aluminum-form-wall-ties\/#breadcrumb\"},\"inLanguage\":\"es\",\"potentialAction\":[{\"@type\":\"ReadAction\",\"target\":[\"https:\/\/qingdaohf.com\/product\/aluminum-form-wall-ties\/\"]}]},{\"@type\":\"ImageObject\",\"inLanguage\":\"es\",\"@id\":\"https:\/\/qingdaohf.com\/product\/aluminum-form-wall-ties\/#primaryimage\",\"url\":\"https:\/\/qingdaohf.com\/wp-content\/uploads\/2024\/05\/Aluminum-Form-Wall-Ties-1.jpg\",\"contentUrl\":\"https:\/\/qingdaohf.com\/wp-content\/uploads\/2024\/05\/Aluminum-Form-Wall-Ties-1.jpg\",\"width\":1000,\"height\":1000,\"caption\":\"Aluminum Form Wall Ties\"},{\"@type\":\"BreadcrumbList\",\"@id\":\"https:\/\/qingdaohf.com\/product\/aluminum-form-wall-ties\/#breadcrumb\",\"itemListElement\":[{\"@type\":\"ListItem\",\"position\":1,\"name\":\"Home\",\"item\":\"https:\/\/qingdaohf.com\/\"},{\"@type\":\"ListItem\",\"position\":2,\"name\":\"Concrete Forming Accessories and Rigging Hardware\",\"item\":\"https:\/\/qingdaohf.com\/bg\/?page_id=944\"},{\"@type\":\"ListItem\",\"position\":3,\"name\":\"Aluminum Form Wall Ties\"}]},{\"@type\":\"WebSite\",\"@id\":\"https:\/\/qingdaohf.com\/bg\/#website\",\"url\":\"https:\/\/qingdaohf.com\/bg\/\",\"name\":\"Concrete Form & Rigging Hardware Supplier\",\"description\":\"\",\"publisher\":{\"@id\":\"https:\/\/qingdaohf.com\/bg\/#organization\"},\"potentialAction\":[{\"@type\":\"SearchAction\",\"target\":{\"@type\":\"EntryPoint\",\"urlTemplate\":\"https:\/\/qingdaohf.com\/bg\/?s={search_term_string}\"},\"query-input\":{\"@type\":\"PropertyValueSpecification\",\"valueRequired\":true,\"valueName\":\"search_term_string\"}}],\"inLanguage\":\"es\"},{\"@type\":\"Organization\",\"@id\":\"https:\/\/qingdaohf.com\/bg\/#organization\",\"name\":\"Qingdao H&F\",\"url\":\"https:\/\/qingdaohf.com\/bg\/\",\"logo\":{\"@type\":\"ImageObject\",\"inLanguage\":\"es\",\"@id\":\"https:\/\/qingdaohf.com\/bg\/#\/schema\/logo\/image\/\",\"url\":\"https:\/\/qingdaohf.com\/wp-content\/uploads\/2022\/12\/cropped-HF-LOGO.png\",\"contentUrl\":\"https:\/\/qingdaohf.com\/wp-content\/uploads\/2022\/12\/cropped-HF-LOGO.png\",\"width\":391,\"height\":249,\"caption\":\"Qingdao H&F\"},\"image\":{\"@id\":\"https:\/\/qingdaohf.com\/bg\/#\/schema\/logo\/image\/\"},\"sameAs\":[\"https:\/\/www.facebook.com\/qingdaohf\"]}]}<\/script>\n<!-- \/ Yoast SEO plugin. -->","yoast_head_json":{"title":"Aluminum Form Wall Ties","description":"Aluminum Form Wall Ties are available in a range of Wall Thickness Sizes to accommodate various concrete wall designs. Common sizes include 6\u201d - 24\u201d.","robots":{"index":"index","follow":"follow","max-snippet":"max-snippet:-1","max-image-preview":"max-image-preview:large","max-video-preview":"max-video-preview:-1"},"canonical":"https:\/\/qingdaohf.com\/es\/producto\/tirantes-de-aluminio\/","og_locale":"es_ES","og_type":"article","og_title":"Aluminum Form Wall Ties","og_description":"Aluminum Form Wall Ties are available in a range of Wall Thickness Sizes to accommodate various concrete wall designs. Common sizes include 6\u201d - 24\u201d.","og_url":"https:\/\/qingdaohf.com\/es\/producto\/tirantes-de-aluminio\/","og_site_name":"Concrete Form &amp; Rigging Hardware Supplier","article_publisher":"https:\/\/www.facebook.com\/qingdaohf","article_modified_time":"2025-11-13T01:03:16+00:00","og_image":[{"width":1000,"height":1000,"url":"https:\/\/qingdaohf.com\/wp-content\/uploads\/2024\/05\/Aluminum-Form-Wall-Ties-1.jpg","type":"image\/jpeg"}],"twitter_card":"summary_large_image","twitter_misc":{"Tiempo de lectura":"4 minutos"},"schema":{"@context":"https:\/\/schema.org","@graph":[{"@type":"WebPage","@id":"https:\/\/qingdaohf.com\/product\/aluminum-form-wall-ties\/","url":"https:\/\/qingdaohf.com\/product\/aluminum-form-wall-ties\/","name":"Aluminum Form Wall Ties","isPartOf":{"@id":"https:\/\/qingdaohf.com\/bg\/#website"},"primaryImageOfPage":{"@id":"https:\/\/qingdaohf.com\/product\/aluminum-form-wall-ties\/#primaryimage"},"image":{"@id":"https:\/\/qingdaohf.com\/product\/aluminum-form-wall-ties\/#primaryimage"},"thumbnailUrl":"https:\/\/qingdaohf.com\/wp-content\/uploads\/2024\/05\/Aluminum-Form-Wall-Ties-1.jpg","datePublished":"2024-05-20T05:42:36+00:00","dateModified":"2025-11-13T01:03:16+00:00","description":"Aluminum Form Wall Ties are available in a range of Wall Thickness Sizes to accommodate various concrete wall designs. Common sizes include 6\u201d - 24\u201d.","breadcrumb":{"@id":"https:\/\/qingdaohf.com\/product\/aluminum-form-wall-ties\/#breadcrumb"},"inLanguage":"es","potentialAction":[{"@type":"ReadAction","target":["https:\/\/qingdaohf.com\/product\/aluminum-form-wall-ties\/"]}]},{"@type":"ImageObject","inLanguage":"es","@id":"https:\/\/qingdaohf.com\/product\/aluminum-form-wall-ties\/#primaryimage","url":"https:\/\/qingdaohf.com\/wp-content\/uploads\/2024\/05\/Aluminum-Form-Wall-Ties-1.jpg","contentUrl":"https:\/\/qingdaohf.com\/wp-content\/uploads\/2024\/05\/Aluminum-Form-Wall-Ties-1.jpg","width":1000,"height":1000,"caption":"Aluminum Form Wall Ties"},{"@type":"BreadcrumbList","@id":"https:\/\/qingdaohf.com\/product\/aluminum-form-wall-ties\/#breadcrumb","itemListElement":[{"@type":"ListItem","position":1,"name":"Home","item":"https:\/\/qingdaohf.com\/"},{"@type":"ListItem","position":2,"name":"Concrete Forming Accessories and Rigging Hardware","item":"https:\/\/qingdaohf.com\/bg\/?page_id=944"},{"@type":"ListItem","position":3,"name":"Aluminum Form Wall Ties"}]},{"@type":"WebSite","@id":"https:\/\/qingdaohf.com\/bg\/#website","url":"https:\/\/qingdaohf.com\/bg\/","name":"Concrete Form & Rigging Hardware Supplier","description":"","publisher":{"@id":"https:\/\/qingdaohf.com\/bg\/#organization"},"potentialAction":[{"@type":"SearchAction","target":{"@type":"EntryPoint","urlTemplate":"https:\/\/qingdaohf.com\/bg\/?s={search_term_string}"},"query-input":{"@type":"PropertyValueSpecification","valueRequired":true,"valueName":"search_term_string"}}],"inLanguage":"es"},{"@type":"Organization","@id":"https:\/\/qingdaohf.com\/bg\/#organization","name":"Qingdao H&F","url":"https:\/\/qingdaohf.com\/bg\/","logo":{"@type":"ImageObject","inLanguage":"es","@id":"https:\/\/qingdaohf.com\/bg\/#\/schema\/logo\/image\/","url":"https:\/\/qingdaohf.com\/wp-content\/uploads\/2022\/12\/cropped-HF-LOGO.png","contentUrl":"https:\/\/qingdaohf.com\/wp-content\/uploads\/2022\/12\/cropped-HF-LOGO.png","width":391,"height":249,"caption":"Qingdao H&F"},"image":{"@id":"https:\/\/qingdaohf.com\/bg\/#\/schema\/logo\/image\/"},"sameAs":["https:\/\/www.facebook.com\/qingdaohf"]}]}},"_links":{"self":[{"href":"https:\/\/qingdaohf.com\/es\/wp-json\/wp\/v2\/product\/7163","targetHints":{"allow":["GET"]}}],"collection":[{"href":"https:\/\/qingdaohf.com\/es\/wp-json\/wp\/v2\/product"}],"about":[{"href":"https:\/\/qingdaohf.com\/es\/wp-json\/wp\/v2\/types\/product"}],"replies":[{"embeddable":true,"href":"https:\/\/qingdaohf.com\/es\/wp-json\/wp\/v2\/comments?post=7163"}],"version-history":[{"count":3,"href":"https:\/\/qingdaohf.com\/es\/wp-json\/wp\/v2\/product\/7163\/revisions"}],"predecessor-version":[{"id":8094,"href":"https:\/\/qingdaohf.com\/es\/wp-json\/wp\/v2\/product\/7163\/revisions\/8094"}],"wp:featuredmedia":[{"embeddable":true,"href":"https:\/\/qingdaohf.com\/es\/wp-json\/wp\/v2\/media\/7168"}],"wp:attachment":[{"href":"https:\/\/qingdaohf.com\/es\/wp-json\/wp\/v2\/media?parent=7163"}],"wp:term":[{"taxonomy":"product_brand","embeddable":true,"href":"https:\/\/qingdaohf.com\/es\/wp-json\/wp\/v2\/product_brand?post=7163"},{"taxonomy":"product_cat","embeddable":true,"href":"https:\/\/qingdaohf.com\/es\/wp-json\/wp\/v2\/product_cat?post=7163"},{"taxonomy":"product_tag","embeddable":true,"href":"https:\/\/qingdaohf.com\/es\/wp-json\/wp\/v2\/product_tag?post=7163"}],"curies":[{"name":"wp","href":"https:\/\/api.w.org\/{rel}","templated":true}]}}