{"id":7381,"date":"2024-05-28T18:22:19","date_gmt":"2024-05-28T10:22:19","guid":{"rendered":"http:\/\/qingdaohf.com\/?post_type=product&#038;p=7381"},"modified":"2025-11-13T09:03:16","modified_gmt":"2025-11-13T01:03:16","slug":"concrete-wall-snap-ties","status":"publish","type":"product","link":"https:\/\/qingdaohf.com\/es\/producto\/bridas-para-muros-de-hormigon\/","title":{"rendered":"Bridas para muros de hormig\u00f3n"},"content":{"rendered":"<p>Las bridas para muros de hormig\u00f3n son componentes esenciales en el encofrado de muros de hormig\u00f3n, ya que proporcionan el soporte y la estabilidad necesarios durante el proceso de vertido y fraguado. Nuestras bridas est\u00e1n dise\u00f1adas para ofrecer fiabilidad y facilidad de uso, garantizando que sus proyectos de construcci\u00f3n se completen de forma eficiente y con los m\u00e1s altos est\u00e1ndares.<\/p>\n<h4>Variaciones de productos<\/h4>\n<p>Nuestras bridas para muros de hormig\u00f3n se clasifican en funci\u00f3n de su longitud y tipo:<\/p>\n<p><strong>4-3\/4\u2033 Extremo corto<\/strong><\/p>\n<p><strong>8-1\/4\u2033 Extremo largo<\/strong><\/p>\n<p>Adem\u00e1s, est\u00e1n disponibles en dos configuraciones:<\/p>\n<p><strong>Bridas con arandela<\/strong><\/p>\n<p>&nbsp;<\/p>\n<p><strong>Corbatas de presi\u00f3n con cono de pl\u00e1stico<\/strong><\/p>\n<p><img fetchpriority=\"high\" decoding=\"async\" class=\"alignnone size-full wp-image-1676\" src=\"http:\/\/qingdaohf.com\/wp-content\/uploads\/2023\/01\/snap-tie-4.webp\" alt=\"corbata de presi\u00f3n\" width=\"800\" height=\"800\" srcset=\"https:\/\/qingdaohf.com\/wp-content\/uploads\/2023\/01\/snap-tie-4.webp 800w, https:\/\/qingdaohf.com\/wp-content\/uploads\/2023\/01\/snap-tie-4-500x500.webp 500w, https:\/\/qingdaohf.com\/wp-content\/uploads\/2023\/01\/snap-tie-4-100x100.webp 100w, https:\/\/qingdaohf.com\/wp-content\/uploads\/2023\/01\/snap-tie-4-300x300.webp 300w, https:\/\/qingdaohf.com\/wp-content\/uploads\/2023\/01\/snap-tie-4-150x150.webp 150w, https:\/\/qingdaohf.com\/wp-content\/uploads\/2023\/01\/snap-tie-4-768x768.webp 768w, https:\/\/qingdaohf.com\/wp-content\/uploads\/2023\/01\/snap-tie-4-600x600.webp 600w, https:\/\/qingdaohf.com\/wp-content\/uploads\/2023\/01\/snap-tie-4-50x50.webp 50w\" sizes=\"(max-width: 800px) 100vw, 800px\" \/><\/p>\n<h4>Caracter\u00edsticas principales<\/h4>\n<p><strong>Durabilidad<\/strong>: Fabricadas en acero de alta calidad, nuestras abrazaderas a presi\u00f3n est\u00e1n dise\u00f1adas para soportar una presi\u00f3n significativa, garantizando la integridad de sus muros de hormig\u00f3n.<\/p>\n<p><strong>Versatilidad<\/strong>: Adecuado para diversos espesores de pared y requisitos de construcci\u00f3n, ofreciendo flexibilidad de uso.<\/p>\n<p><strong>Facilidad de uso<\/strong>: El dise\u00f1o de amarre a presi\u00f3n simplifica el proceso de encofrado, haciendo m\u00e1s r\u00e1pido y eficiente su montaje y desmontaje.<\/p>\n<p><strong>Ajuste seguro<\/strong>: Ambas variantes de arandela y cono de pl\u00e1stico proporcionan un ajuste seguro, evitando fugas de hormig\u00f3n y garantizando un acabado liso.<\/p>\n<h4>Descripciones detalladas<\/h4>\n<p><strong>4-3\/4\u2033 Corta Extremo Snap Ties<\/strong> Estas bridas son ideales para proyectos que requieren vanos m\u00e1s cortos. El dise\u00f1o de extremo corto es perfecto para crear paredes estrechas y compactas, garantizando un ajuste perfecto y minimizando el riesgo de movimiento durante el proceso de curado.<\/p>\n<p><strong>8-1\/4\u2033 Extremo Largo Snap Ties<\/strong> Dise\u00f1ados para proyectos de mayor envergadura, los anclajes a presi\u00f3n de extremo largo ofrecen mayor alcance y soporte para muros m\u00e1s gruesos. Esta variante es perfecta para estructuras grandes, ya que proporciona la longitud necesaria para mantener la estabilidad del encofrado en secciones m\u00e1s anchas.<\/p>\n<p><strong>Bridas con arandela<\/strong> La configuraci\u00f3n de la arandela a\u00f1ade una capa adicional de estabilidad y soporte, garantizando que la brida a presi\u00f3n permanezca firmemente en su sitio durante el proceso de vertido. Esta opci\u00f3n es especialmente \u00fatil en entornos de alta presi\u00f3n en los que es necesario un refuerzo adicional.<\/p>\n<p><strong>Corbatas de presi\u00f3n con cono de pl\u00e1stico<\/strong> La variante del cono de pl\u00e1stico ofrece una opci\u00f3n eficaz y reutilizable, que permite retirarlo f\u00e1cilmente una vez fraguado el hormig\u00f3n. El cono ayuda a crear un aspecto pulcro y acabado, reduciendo la necesidad de trabajos de acabado adicionales.<\/p>\n<h4>Aplicaciones<\/h4>\n<p>Los anclajes a presi\u00f3n para muros de hormig\u00f3n se utilizan en una gran variedad de proyectos de construcci\u00f3n, entre los que se incluyen:<\/p>\n<p>Cimientos residenciales<\/p>\n<p>Paredes de edificios comerciales<\/p>\n<p>Muros de contenci\u00f3n<\/p>\n<p>S\u00f3tanos<\/p>\n<p>Construcci\u00f3n de puentes<\/p>\n<p>Son una herramienta esencial para los contratistas y constructores que desean conseguir estructuras de hormig\u00f3n precisas y resistentes.<\/p>\n<h4>Beneficios<\/h4>\n<p><strong>Eficiencia temporal<\/strong>: Agilice el proceso de construcci\u00f3n con anclajes r\u00e1pidos de instalar y retirar, que reducen los costes de mano de obra y los plazos del proyecto.<\/p>\n<p><strong>Rentable<\/strong>: Reutilizables y duraderas, estas bridas a presi\u00f3n ofrecen una soluci\u00f3n rentable para m\u00faltiples proyectos.<\/p>\n<p><strong>Alto rendimiento<\/strong>: Garantice la m\u00e1xima calidad de los muros de hormig\u00f3n con anclajes a presi\u00f3n que proporcionan un apoyo y una fiabilidad constantes.<\/p>\n<h4>Gu\u00eda de instalaci\u00f3n<\/h4>\n<p><strong>Preparar el encofrado<\/strong>: Coloque el encofrado de acuerdo con las especificaciones del proyecto.<\/p>\n<p><strong>Insertar lazos a presi\u00f3n<\/strong>: Coloque los anclajes a presi\u00f3n a trav\u00e9s del encofrado a los intervalos requeridos.<\/p>\n<p><strong>Ataduras seguras<\/strong>: Dependiendo de la variaci\u00f3n, fije los lazos con arandelas o conos de pl\u00e1stico.<\/p>\n<p><strong>Verter hormig\u00f3n<\/strong>: Vierta con cuidado el hormig\u00f3n, asegur\u00e1ndose de que fluye uniformemente alrededor de los anclajes.<\/p>\n<p><strong>Permitir fijar<\/strong>: Dejar curar el hormig\u00f3n seg\u00fan las directrices del proyecto.<\/p>\n<p><strong>Retirar el encofrado<\/strong>: Una vez fraguado el hormig\u00f3n, retire el encofrado y rompa los extremos expuestos de los tirantes.<\/p>\n<h4>Mantenimiento y almacenamiento<\/h4>\n<p><strong>Limpieza<\/strong>: Despu\u00e9s de cada uso, limpie las bridas para eliminar cualquier residuo de hormig\u00f3n.<\/p>\n<p><strong>Inspecci\u00f3n<\/strong>: Inspeccione peri\u00f3dicamente las bridas para detectar cualquier signo de desgaste o da\u00f1o.<\/p>\n<p><strong>Almacenamiento<\/strong>: Gu\u00e1rdelos en un lugar seco y fresco para evitar que se oxiden y prolongar su vida \u00fatil.<\/p>\n<h4>\u00bfPor qu\u00e9 elegir nuestras bridas a presi\u00f3n?<\/h4>\n<p>Nuestras bridas para muros de hormig\u00f3n est\u00e1n dise\u00f1adas con precisi\u00f3n y fabricadas con los m\u00e1s altos est\u00e1ndares. Con un enfoque en la durabilidad, la eficiencia y el rendimiento, nuestros snaps son la opci\u00f3n preferida para los constructores y contratistas profesionales. Conf\u00ede en nuestra experiencia y compromiso con la calidad para su pr\u00f3ximo proyecto de construcci\u00f3n.<\/p>","protected":false},"excerpt":{"rendered":"<p>Mejore la resistencia y la estabilidad de sus muros de hormig\u00f3n con nuestras bridas para muros de hormig\u00f3n de primera calidad. Disponible en 4-3\/4\u2033 extremo corto y 8-1\/4\u2033 variedades de extremo largo, estos lazos de presi\u00f3n vienen en dos configuraciones: con arandelas y con conos de pl\u00e1stico, lo que garantiza un proceso de construcci\u00f3n segura y eficiente.<\/p>","protected":false},"featured_media":2947,"comment_status":"open","ping_status":"closed","template":"","meta":{"site-sidebar-layout":"default","site-content-layout":"","ast-site-content-layout":"default","site-content-style":"default","site-sidebar-style":"default","ast-global-header-display":"","ast-banner-title-visibility":"","ast-main-header-display":"","ast-hfb-above-header-display":"","ast-hfb-below-header-display":"","ast-hfb-mobile-header-display":"","site-post-title":"","ast-breadcrumbs-content":"","ast-featured-img":"","footer-sml-layout":"","theme-transparent-header-meta":"default","adv-header-id-meta":"","stick-header-meta":"default","header-above-stick-meta":"","header-main-stick-meta":"","header-below-stick-meta":"","astra-migrate-meta-layouts":"set","ast-page-background-enabled":"default","ast-page-background-meta":{"desktop":{"background-color":"","background-image":"","background-repeat":"repeat","background-position":"center center","background-size":"auto","background-attachment":"scroll","background-type":"","background-media":"","overlay-type":"","overlay-color":"","overlay-opacity":"","overlay-gradient":""},"tablet":{"background-color":"","background-image":"","background-repeat":"repeat","background-position":"center center","background-size":"auto","background-attachment":"scroll","background-type":"","background-media":"","overlay-type":"","overlay-color":"","overlay-opacity":"","overlay-gradient":""},"mobile":{"background-color":"","background-image":"","background-repeat":"repeat","background-position":"center center","background-size":"auto","background-attachment":"scroll","background-type":"","background-media":"","overlay-type":"","overlay-color":"","overlay-opacity":"","overlay-gradient":""}},"ast-content-background-meta":{"desktop":{"background-color":"var(--ast-global-color-5)","background-image":"","background-repeat":"repeat","background-position":"center center","background-size":"auto","background-attachment":"scroll","background-type":"","background-media":"","overlay-type":"","overlay-color":"","overlay-opacity":"","overlay-gradient":""},"tablet":{"background-color":"var(--ast-global-color-5)","background-image":"","background-repeat":"repeat","background-position":"center center","background-size":"auto","background-attachment":"scroll","background-type":"","background-media":"","overlay-type":"","overlay-color":"","overlay-opacity":"","overlay-gradient":""},"mobile":{"background-color":"var(--ast-global-color-5)","background-image":"","background-repeat":"repeat","background-position":"center center","background-size":"auto","background-attachment":"scroll","background-type":"","background-media":"","overlay-type":"","overlay-color":"","overlay-opacity":"","overlay-gradient":""}}},"product_brand":[],"product_cat":[63],"product_tag":[],"class_list":{"0":"post-7381","1":"product","2":"type-product","3":"status-publish","4":"has-post-thumbnail","6":"product_cat-concrete-snap-tie","7":"desktop-align-left","8":"tablet-align-left","9":"mobile-align-left","10":"ast-product-gallery-layout-horizontal-slider","11":"ast-product-tabs-layout-horizontal","13":"first","14":"instock","15":"shipping-taxable","16":"purchasable","17":"product-type-simple"},"yoast_head":"<!-- This site is optimized with the Yoast SEO plugin v25.2 - https:\/\/yoast.com\/wordpress\/plugins\/seo\/ -->\n<title>Concrete Wall Snap Ties<\/title>\n<meta name=\"description\" content=\"Enhance the strength and stability of your concrete walls with our premium Concrete Wall Snap Ties. Available in 4-3\/4&quot; short end and 8-1\/4&quot; long end.\" \/>\n<meta name=\"robots\" content=\"index, follow, max-snippet:-1, max-image-preview:large, max-video-preview:-1\" \/>\n<link rel=\"canonical\" href=\"https:\/\/qingdaohf.com\/es\/producto\/bridas-para-muros-de-hormigon\/\" \/>\n<meta property=\"og:locale\" content=\"es_ES\" \/>\n<meta property=\"og:type\" content=\"article\" \/>\n<meta property=\"og:title\" content=\"Concrete Wall Snap Ties\" \/>\n<meta property=\"og:description\" content=\"Enhance the strength and stability of your concrete walls with our premium Concrete Wall Snap Ties. Available in 4-3\/4&quot; short end and 8-1\/4&quot; long end.\" \/>\n<meta property=\"og:url\" content=\"https:\/\/qingdaohf.com\/es\/producto\/bridas-para-muros-de-hormigon\/\" \/>\n<meta property=\"og:site_name\" content=\"Concrete Form &amp; Rigging Hardware Supplier\" \/>\n<meta property=\"article:publisher\" content=\"https:\/\/www.facebook.com\/qingdaohf\" \/>\n<meta property=\"article:modified_time\" content=\"2025-11-13T01:03:16+00:00\" \/>\n<meta property=\"og:image\" content=\"https:\/\/qingdaohf.com\/wp-content\/uploads\/2023\/01\/snap-tie-8.jpg\" \/>\n\t<meta property=\"og:image:width\" content=\"1000\" \/>\n\t<meta property=\"og:image:height\" content=\"1000\" \/>\n\t<meta property=\"og:image:type\" content=\"image\/jpeg\" \/>\n<meta name=\"twitter:card\" content=\"summary_large_image\" \/>\n<meta name=\"twitter:label1\" content=\"Tiempo de lectura\" \/>\n\t<meta name=\"twitter:data1\" content=\"4 minutos\" \/>\n<script type=\"application\/ld+json\" class=\"yoast-schema-graph\">{\"@context\":\"https:\/\/schema.org\",\"@graph\":[{\"@type\":\"WebPage\",\"@id\":\"https:\/\/qingdaohf.com\/product\/concrete-wall-snap-ties\/\",\"url\":\"https:\/\/qingdaohf.com\/product\/concrete-wall-snap-ties\/\",\"name\":\"Concrete Wall Snap Ties\",\"isPartOf\":{\"@id\":\"https:\/\/qingdaohf.com\/bg\/#website\"},\"primaryImageOfPage\":{\"@id\":\"https:\/\/qingdaohf.com\/product\/concrete-wall-snap-ties\/#primaryimage\"},\"image\":{\"@id\":\"https:\/\/qingdaohf.com\/product\/concrete-wall-snap-ties\/#primaryimage\"},\"thumbnailUrl\":\"https:\/\/qingdaohf.com\/wp-content\/uploads\/2023\/01\/snap-tie-8.jpg\",\"datePublished\":\"2024-05-28T10:22:19+00:00\",\"dateModified\":\"2025-11-13T01:03:16+00:00\",\"description\":\"Enhance the strength and stability of your concrete walls with our premium Concrete Wall Snap Ties. Available in 4-3\/4\\\" short end and 8-1\/4\\\" long end.\",\"breadcrumb\":{\"@id\":\"https:\/\/qingdaohf.com\/product\/concrete-wall-snap-ties\/#breadcrumb\"},\"inLanguage\":\"es\",\"potentialAction\":[{\"@type\":\"ReadAction\",\"target\":[\"https:\/\/qingdaohf.com\/product\/concrete-wall-snap-ties\/\"]}]},{\"@type\":\"ImageObject\",\"inLanguage\":\"es\",\"@id\":\"https:\/\/qingdaohf.com\/product\/concrete-wall-snap-ties\/#primaryimage\",\"url\":\"https:\/\/qingdaohf.com\/wp-content\/uploads\/2023\/01\/snap-tie-8.jpg\",\"contentUrl\":\"https:\/\/qingdaohf.com\/wp-content\/uploads\/2023\/01\/snap-tie-8.jpg\",\"width\":1000,\"height\":1000,\"caption\":\"concrete wall snap tie\"},{\"@type\":\"BreadcrumbList\",\"@id\":\"https:\/\/qingdaohf.com\/product\/concrete-wall-snap-ties\/#breadcrumb\",\"itemListElement\":[{\"@type\":\"ListItem\",\"position\":1,\"name\":\"Home\",\"item\":\"https:\/\/qingdaohf.com\/\"},{\"@type\":\"ListItem\",\"position\":2,\"name\":\"Concrete Forming Accessories and Rigging Hardware\",\"item\":\"https:\/\/qingdaohf.com\/bg\/?page_id=944\"},{\"@type\":\"ListItem\",\"position\":3,\"name\":\"Concrete Wall Snap Ties\"}]},{\"@type\":\"WebSite\",\"@id\":\"https:\/\/qingdaohf.com\/bg\/#website\",\"url\":\"https:\/\/qingdaohf.com\/bg\/\",\"name\":\"Concrete Form & Rigging Hardware Supplier\",\"description\":\"\",\"publisher\":{\"@id\":\"https:\/\/qingdaohf.com\/bg\/#organization\"},\"potentialAction\":[{\"@type\":\"SearchAction\",\"target\":{\"@type\":\"EntryPoint\",\"urlTemplate\":\"https:\/\/qingdaohf.com\/bg\/?s={search_term_string}\"},\"query-input\":{\"@type\":\"PropertyValueSpecification\",\"valueRequired\":true,\"valueName\":\"search_term_string\"}}],\"inLanguage\":\"es\"},{\"@type\":\"Organization\",\"@id\":\"https:\/\/qingdaohf.com\/bg\/#organization\",\"name\":\"Qingdao H&F\",\"url\":\"https:\/\/qingdaohf.com\/bg\/\",\"logo\":{\"@type\":\"ImageObject\",\"inLanguage\":\"es\",\"@id\":\"https:\/\/qingdaohf.com\/bg\/#\/schema\/logo\/image\/\",\"url\":\"https:\/\/qingdaohf.com\/wp-content\/uploads\/2022\/12\/cropped-HF-LOGO.png\",\"contentUrl\":\"https:\/\/qingdaohf.com\/wp-content\/uploads\/2022\/12\/cropped-HF-LOGO.png\",\"width\":391,\"height\":249,\"caption\":\"Qingdao H&F\"},\"image\":{\"@id\":\"https:\/\/qingdaohf.com\/bg\/#\/schema\/logo\/image\/\"},\"sameAs\":[\"https:\/\/www.facebook.com\/qingdaohf\"]}]}<\/script>\n<!-- \/ Yoast SEO plugin. -->","yoast_head_json":{"title":"Concrete Wall Snap Ties","description":"Enhance the strength and stability of your concrete walls with our premium Concrete Wall Snap Ties. Available in 4-3\/4\" short end and 8-1\/4\" long end.","robots":{"index":"index","follow":"follow","max-snippet":"max-snippet:-1","max-image-preview":"max-image-preview:large","max-video-preview":"max-video-preview:-1"},"canonical":"https:\/\/qingdaohf.com\/es\/producto\/bridas-para-muros-de-hormigon\/","og_locale":"es_ES","og_type":"article","og_title":"Concrete Wall Snap Ties","og_description":"Enhance the strength and stability of your concrete walls with our premium Concrete Wall Snap Ties. Available in 4-3\/4\" short end and 8-1\/4\" long end.","og_url":"https:\/\/qingdaohf.com\/es\/producto\/bridas-para-muros-de-hormigon\/","og_site_name":"Concrete Form &amp; Rigging Hardware Supplier","article_publisher":"https:\/\/www.facebook.com\/qingdaohf","article_modified_time":"2025-11-13T01:03:16+00:00","og_image":[{"width":1000,"height":1000,"url":"https:\/\/qingdaohf.com\/wp-content\/uploads\/2023\/01\/snap-tie-8.jpg","type":"image\/jpeg"}],"twitter_card":"summary_large_image","twitter_misc":{"Tiempo de lectura":"4 minutos"},"schema":{"@context":"https:\/\/schema.org","@graph":[{"@type":"WebPage","@id":"https:\/\/qingdaohf.com\/product\/concrete-wall-snap-ties\/","url":"https:\/\/qingdaohf.com\/product\/concrete-wall-snap-ties\/","name":"Concrete Wall Snap Ties","isPartOf":{"@id":"https:\/\/qingdaohf.com\/bg\/#website"},"primaryImageOfPage":{"@id":"https:\/\/qingdaohf.com\/product\/concrete-wall-snap-ties\/#primaryimage"},"image":{"@id":"https:\/\/qingdaohf.com\/product\/concrete-wall-snap-ties\/#primaryimage"},"thumbnailUrl":"https:\/\/qingdaohf.com\/wp-content\/uploads\/2023\/01\/snap-tie-8.jpg","datePublished":"2024-05-28T10:22:19+00:00","dateModified":"2025-11-13T01:03:16+00:00","description":"Enhance the strength and stability of your concrete walls with our premium Concrete Wall Snap Ties. Available in 4-3\/4\" short end and 8-1\/4\" long end.","breadcrumb":{"@id":"https:\/\/qingdaohf.com\/product\/concrete-wall-snap-ties\/#breadcrumb"},"inLanguage":"es","potentialAction":[{"@type":"ReadAction","target":["https:\/\/qingdaohf.com\/product\/concrete-wall-snap-ties\/"]}]},{"@type":"ImageObject","inLanguage":"es","@id":"https:\/\/qingdaohf.com\/product\/concrete-wall-snap-ties\/#primaryimage","url":"https:\/\/qingdaohf.com\/wp-content\/uploads\/2023\/01\/snap-tie-8.jpg","contentUrl":"https:\/\/qingdaohf.com\/wp-content\/uploads\/2023\/01\/snap-tie-8.jpg","width":1000,"height":1000,"caption":"concrete wall snap tie"},{"@type":"BreadcrumbList","@id":"https:\/\/qingdaohf.com\/product\/concrete-wall-snap-ties\/#breadcrumb","itemListElement":[{"@type":"ListItem","position":1,"name":"Home","item":"https:\/\/qingdaohf.com\/"},{"@type":"ListItem","position":2,"name":"Concrete Forming Accessories and Rigging Hardware","item":"https:\/\/qingdaohf.com\/bg\/?page_id=944"},{"@type":"ListItem","position":3,"name":"Concrete Wall Snap Ties"}]},{"@type":"WebSite","@id":"https:\/\/qingdaohf.com\/bg\/#website","url":"https:\/\/qingdaohf.com\/bg\/","name":"Concrete Form & Rigging Hardware Supplier","description":"","publisher":{"@id":"https:\/\/qingdaohf.com\/bg\/#organization"},"potentialAction":[{"@type":"SearchAction","target":{"@type":"EntryPoint","urlTemplate":"https:\/\/qingdaohf.com\/bg\/?s={search_term_string}"},"query-input":{"@type":"PropertyValueSpecification","valueRequired":true,"valueName":"search_term_string"}}],"inLanguage":"es"},{"@type":"Organization","@id":"https:\/\/qingdaohf.com\/bg\/#organization","name":"Qingdao H&F","url":"https:\/\/qingdaohf.com\/bg\/","logo":{"@type":"ImageObject","inLanguage":"es","@id":"https:\/\/qingdaohf.com\/bg\/#\/schema\/logo\/image\/","url":"https:\/\/qingdaohf.com\/wp-content\/uploads\/2022\/12\/cropped-HF-LOGO.png","contentUrl":"https:\/\/qingdaohf.com\/wp-content\/uploads\/2022\/12\/cropped-HF-LOGO.png","width":391,"height":249,"caption":"Qingdao H&F"},"image":{"@id":"https:\/\/qingdaohf.com\/bg\/#\/schema\/logo\/image\/"},"sameAs":["https:\/\/www.facebook.com\/qingdaohf"]}]}},"_links":{"self":[{"href":"https:\/\/qingdaohf.com\/es\/wp-json\/wp\/v2\/product\/7381","targetHints":{"allow":["GET"]}}],"collection":[{"href":"https:\/\/qingdaohf.com\/es\/wp-json\/wp\/v2\/product"}],"about":[{"href":"https:\/\/qingdaohf.com\/es\/wp-json\/wp\/v2\/types\/product"}],"replies":[{"embeddable":true,"href":"https:\/\/qingdaohf.com\/es\/wp-json\/wp\/v2\/comments?post=7381"}],"version-history":[{"count":6,"href":"https:\/\/qingdaohf.com\/es\/wp-json\/wp\/v2\/product\/7381\/revisions"}],"predecessor-version":[{"id":10239,"href":"https:\/\/qingdaohf.com\/es\/wp-json\/wp\/v2\/product\/7381\/revisions\/10239"}],"wp:featuredmedia":[{"embeddable":true,"href":"https:\/\/qingdaohf.com\/es\/wp-json\/wp\/v2\/media\/2947"}],"wp:attachment":[{"href":"https:\/\/qingdaohf.com\/es\/wp-json\/wp\/v2\/media?parent=7381"}],"wp:term":[{"taxonomy":"product_brand","embeddable":true,"href":"https:\/\/qingdaohf.com\/es\/wp-json\/wp\/v2\/product_brand?post=7381"},{"taxonomy":"product_cat","embeddable":true,"href":"https:\/\/qingdaohf.com\/es\/wp-json\/wp\/v2\/product_cat?post=7381"},{"taxonomy":"product_tag","embeddable":true,"href":"https:\/\/qingdaohf.com\/es\/wp-json\/wp\/v2\/product_tag?post=7381"}],"curies":[{"name":"wp","href":"https:\/\/api.w.org\/{rel}","templated":true}]}}