{"id":7781,"date":"2024-09-12T10:21:48","date_gmt":"2024-09-12T02:21:48","guid":{"rendered":"http:\/\/qingdaohf.com\/?post_type=product&#038;p=7781"},"modified":"2025-11-13T09:03:14","modified_gmt":"2025-11-13T01:03:14","slug":"heavy-duty-stub-end-k2-b-thimble","status":"publish","type":"product","link":"https:\/\/qingdaohf.com\/es\/producto\/manguito-de-alta-resistencia-k2-b-dedal\/","title":{"rendered":"Guardacabos K2-B de alta resistencia"},"content":{"rendered":"<p>El guardacabos Stub-End K2-B Heavy Duty ofrece un rendimiento y una fiabilidad excepcionales para asegurar los bucles de los cables met\u00e1licos en entornos exigentes. Tanto si se trata de situaciones de alta tensi\u00f3n, elevaci\u00f3n industrial o aplicaciones marinas, este guardacabos est\u00e1 dise\u00f1ado para soportar condiciones duras y salvaguardar la integridad de los cables met\u00e1licos. Su construcci\u00f3n y dise\u00f1o robustos lo convierten en la soluci\u00f3n ideal para los profesionales que buscan durabilidad y protecci\u00f3n en cada uso.<\/p>\n<h4>Ventajas del uso del guardacabo K2-B en entornos industriales<\/h4>\n<p>Una de las caracter\u00edsticas m\u00e1s destacadas del guardacabos K2-B Heavy Duty Stub-End es su capacidad para soportar tensiones y presiones extremas, lo que lo hace ideal para sectores en los que la seguridad y la durabilidad son primordiales. En la construcci\u00f3n, la jarcia y las aplicaciones marinas, los cables met\u00e1licos est\u00e1n sometidos a una tensi\u00f3n constante, y este guardacabos act\u00faa como un escudo contra el desgaste y el deshilachado. El dise\u00f1o del extremo del guardacabo mejora la estabilidad del bucle del cable, proporcionando una mayor seguridad cuando se trabaja con cargas pesadas o en entornos dif\u00edciles.<\/p>\n<p>La compatibilidad del guardacabos K2-B con una amplia gama de tama\u00f1os de cable met\u00e1lico le permite ser vers\u00e1til en m\u00faltiples sectores. Su robusta construcci\u00f3n garantiza un uso a largo plazo sin necesidad de sustituirlo con frecuencia, lo que ayuda a reducir los costes de mantenimiento. Al minimizar el desgaste de los cables, el guardacabos ayuda a mantener la resistencia y la integridad de los cables met\u00e1licos, lo que lo convierte en una herramienta indispensable para los profesionales.<\/p>\n<h4>Por qu\u00e9 elegir el dise\u00f1o Stub-End para cargas pesadas<\/h4>\n<p>El dise\u00f1o del extremo del guardacabos K2-B es una caracter\u00edstica crucial que lo diferencia de los guardacabos est\u00e1ndar. Este dise\u00f1o a\u00f1ade un refuerzo adicional en el punto donde el cable met\u00e1lico forma un bucle, lo que reduce el riesgo de deslizamiento y prolonga la vida \u00fatil del cable. En aplicaciones de alta tensi\u00f3n, incluso un peque\u00f1o deslizamiento puede provocar situaciones peligrosas, por lo que contar con un guardacabos fiable es esencial para garantizar la seguridad.<\/p>\n<p>El guardacabos Heavy Duty Stub-End K2-B tambi\u00e9n reduce el esfuerzo de flexi\u00f3n de la cuerda, lo que es fundamental en aplicaciones con cargas elevadas. El interior liso del guardacabo evita la abrasi\u00f3n, un problema com\u00fan cuando el metal entra en contacto con el cable bajo carga. Esto no s\u00f3lo prolonga la vida \u00fatil del cable, sino que tambi\u00e9n garantiza un rendimiento m\u00e1s suave y fiable en aplicaciones de elevaci\u00f3n, remolque u otros usos industriales.<\/p>\n<h4>Durabilidad y materiales del guardacabo K2-B Heavy Duty<\/h4>\n<p>Cuando se trata de durabilidad, el guardacabos K2-B Heavy Duty Stub-End es insuperable. Fabricado con acero de alta calidad u otros materiales resistentes, est\u00e1 dise\u00f1ado para resistir la corrosi\u00f3n y los elementos. Esto lo hace ideal para su uso en exteriores, especialmente en entornos marinos donde la exposici\u00f3n al agua salada puede provocar un r\u00e1pido deterioro del equipo est\u00e1ndar.<\/p>\n<p>Las propiedades de resistencia a la corrosi\u00f3n del guardacabo garantizan que mantenga su integridad estructural incluso tras una exposici\u00f3n prolongada a entornos adversos. Esto lo convierte en una opci\u00f3n fiable para proyectos a largo plazo e industrias que requieren aplicaciones continuas de elevaci\u00f3n o tensi\u00f3n pesadas. Su robusta construcci\u00f3n no s\u00f3lo prolonga la vida \u00fatil del propio guardacabos, sino que tambi\u00e9n protege el cable met\u00e1lico de los da\u00f1os causados por la fricci\u00f3n o el desgaste ambiental.<\/p>\n<h4>Conclusi\u00f3n: La herramienta esencial para aplicaciones industriales<\/h4>\n<p>En resumen, el guardacabos Heavy Duty Stub-End K2-B es una herramienta esencial para cualquier profesional que trabaje con cargas pesadas, aplicaciones de alta tensi\u00f3n o que necesite una protecci\u00f3n duradera del cable met\u00e1lico. Su dise\u00f1o robusto, sus materiales de alta calidad y su capacidad para soportar condiciones extremas lo convierten en una opci\u00f3n destacada para sectores que van desde la construcci\u00f3n hasta la n\u00e1utica.<\/p>\n<p>Al elegir el guardacabos K2-B, se asegura de que sus cables de acero duren m\u00e1s, funcionen mejor y ofrezcan el nivel de seguridad necesario en entornos exigentes. Invertir en productos de calidad como este no solo le ahorra tiempo y dinero a largo plazo, sino que tambi\u00e9n garantiza el m\u00e1ximo nivel de rendimiento en cada trabajo.<\/p>","protected":false},"excerpt":{"rendered":"<p>El guardacabos de alta resistencia K2-B est\u00e1 dise\u00f1ado para proporcionar un refuerzo y una protecci\u00f3n superiores a los bucles de cables y cuerdas met\u00e1licas, garantizando la m\u00e1xima durabilidad en condiciones exigentes. Este guardacabos est\u00e1 fabricado con materiales de alta calidad y dise\u00f1ado para un uso intensivo, por lo que es ideal para aplicaciones industriales. Su dise\u00f1o de extremo acodado permite un ajuste seguro, reduciendo el desgaste y prolongando la vida \u00fatil de su equipo.<\/p>","protected":false},"featured_media":7808,"comment_status":"open","ping_status":"closed","template":"","meta":{"site-sidebar-layout":"default","site-content-layout":"","ast-site-content-layout":"default","site-content-style":"default","site-sidebar-style":"default","ast-global-header-display":"","ast-banner-title-visibility":"","ast-main-header-display":"","ast-hfb-above-header-display":"","ast-hfb-below-header-display":"","ast-hfb-mobile-header-display":"","site-post-title":"","ast-breadcrumbs-content":"","ast-featured-img":"","footer-sml-layout":"","theme-transparent-header-meta":"default","adv-header-id-meta":"","stick-header-meta":"default","header-above-stick-meta":"","header-main-stick-meta":"","header-below-stick-meta":"","astra-migrate-meta-layouts":"set","ast-page-background-enabled":"default","ast-page-background-meta":{"desktop":{"background-color":"","background-image":"","background-repeat":"repeat","background-position":"center center","background-size":"auto","background-attachment":"scroll","background-type":"","background-media":"","overlay-type":"","overlay-color":"","overlay-opacity":"","overlay-gradient":""},"tablet":{"background-color":"","background-image":"","background-repeat":"repeat","background-position":"center center","background-size":"auto","background-attachment":"scroll","background-type":"","background-media":"","overlay-type":"","overlay-color":"","overlay-opacity":"","overlay-gradient":""},"mobile":{"background-color":"","background-image":"","background-repeat":"repeat","background-position":"center center","background-size":"auto","background-attachment":"scroll","background-type":"","background-media":"","overlay-type":"","overlay-color":"","overlay-opacity":"","overlay-gradient":""}},"ast-content-background-meta":{"desktop":{"background-color":"var(--ast-global-color-5)","background-image":"","background-repeat":"repeat","background-position":"center center","background-size":"auto","background-attachment":"scroll","background-type":"","background-media":"","overlay-type":"","overlay-color":"","overlay-opacity":"","overlay-gradient":""},"tablet":{"background-color":"var(--ast-global-color-5)","background-image":"","background-repeat":"repeat","background-position":"center center","background-size":"auto","background-attachment":"scroll","background-type":"","background-media":"","overlay-type":"","overlay-color":"","overlay-opacity":"","overlay-gradient":""},"mobile":{"background-color":"var(--ast-global-color-5)","background-image":"","background-repeat":"repeat","background-position":"center center","background-size":"auto","background-attachment":"scroll","background-type":"","background-media":"","overlay-type":"","overlay-color":"","overlay-opacity":"","overlay-gradient":""}}},"product_brand":[],"product_cat":[37],"product_tag":[],"class_list":{"0":"post-7781","1":"product","2":"type-product","3":"status-publish","4":"has-post-thumbnail","6":"product_cat-wire-rope","7":"desktop-align-left","8":"tablet-align-left","9":"mobile-align-left","10":"ast-product-gallery-layout-horizontal-slider","11":"ast-product-tabs-layout-horizontal","13":"first","14":"instock","15":"shipping-taxable","16":"purchasable","17":"product-type-simple"},"yoast_head":"<!-- This site is optimized with the Yoast SEO plugin v25.2 - https:\/\/yoast.com\/wordpress\/plugins\/seo\/ -->\n<title>Heavy Duty Stub-End K2-B Thimble<\/title>\n<meta name=\"robots\" content=\"index, follow, max-snippet:-1, max-image-preview:large, max-video-preview:-1\" \/>\n<link rel=\"canonical\" href=\"https:\/\/qingdaohf.com\/es\/producto\/manguito-de-alta-resistencia-k2-b-dedal\/\" \/>\n<meta property=\"og:locale\" content=\"es_ES\" \/>\n<meta property=\"og:type\" content=\"article\" \/>\n<meta property=\"og:title\" content=\"Heavy Duty Stub-End K2-B Thimble\" \/>\n<meta property=\"og:description\" content=\"The Heavy Duty Stub-End K2-B Thimble is designed to provide superior reinforcement and protection to wire rope and cable loops, ensuring maximum durability in demanding conditions. This thimble is crafted from high-quality materials and engineered for heavy-duty use, making it ideal for industrial applications. Its stub-end design allows for a secure fit, reducing wear and tear while extending the life of your equipment.\" \/>\n<meta property=\"og:url\" content=\"https:\/\/qingdaohf.com\/es\/producto\/manguito-de-alta-resistencia-k2-b-dedal\/\" \/>\n<meta property=\"og:site_name\" content=\"Concrete Form &amp; Rigging Hardware Supplier\" \/>\n<meta property=\"article:publisher\" content=\"https:\/\/www.facebook.com\/qingdaohf\" \/>\n<meta property=\"article:modified_time\" content=\"2025-11-13T01:03:14+00:00\" \/>\n<meta property=\"og:image\" content=\"https:\/\/qingdaohf.com\/wp-content\/uploads\/2024\/09\/Heavy-Duty-Stub-End-K2-B-Thimble.jpg\" \/>\n\t<meta property=\"og:image:width\" content=\"1000\" \/>\n\t<meta property=\"og:image:height\" content=\"1000\" \/>\n\t<meta property=\"og:image:type\" content=\"image\/jpeg\" \/>\n<meta name=\"twitter:card\" content=\"summary_large_image\" \/>\n<meta name=\"twitter:label1\" content=\"Tiempo de lectura\" \/>\n\t<meta name=\"twitter:data1\" content=\"3 minutos\" \/>\n<script type=\"application\/ld+json\" class=\"yoast-schema-graph\">{\"@context\":\"https:\/\/schema.org\",\"@graph\":[{\"@type\":\"WebPage\",\"@id\":\"https:\/\/qingdaohf.com\/product\/heavy-duty-stub-end-k2-b-thimble\/\",\"url\":\"https:\/\/qingdaohf.com\/product\/heavy-duty-stub-end-k2-b-thimble\/\",\"name\":\"Heavy Duty Stub-End K2-B Thimble\",\"isPartOf\":{\"@id\":\"https:\/\/qingdaohf.com\/bg\/#website\"},\"primaryImageOfPage\":{\"@id\":\"https:\/\/qingdaohf.com\/product\/heavy-duty-stub-end-k2-b-thimble\/#primaryimage\"},\"image\":{\"@id\":\"https:\/\/qingdaohf.com\/product\/heavy-duty-stub-end-k2-b-thimble\/#primaryimage\"},\"thumbnailUrl\":\"https:\/\/qingdaohf.com\/wp-content\/uploads\/2024\/09\/Heavy-Duty-Stub-End-K2-B-Thimble.jpg\",\"datePublished\":\"2024-09-12T02:21:48+00:00\",\"dateModified\":\"2025-11-13T01:03:14+00:00\",\"breadcrumb\":{\"@id\":\"https:\/\/qingdaohf.com\/product\/heavy-duty-stub-end-k2-b-thimble\/#breadcrumb\"},\"inLanguage\":\"es\",\"potentialAction\":[{\"@type\":\"ReadAction\",\"target\":[\"https:\/\/qingdaohf.com\/product\/heavy-duty-stub-end-k2-b-thimble\/\"]}]},{\"@type\":\"ImageObject\",\"inLanguage\":\"es\",\"@id\":\"https:\/\/qingdaohf.com\/product\/heavy-duty-stub-end-k2-b-thimble\/#primaryimage\",\"url\":\"https:\/\/qingdaohf.com\/wp-content\/uploads\/2024\/09\/Heavy-Duty-Stub-End-K2-B-Thimble.jpg\",\"contentUrl\":\"https:\/\/qingdaohf.com\/wp-content\/uploads\/2024\/09\/Heavy-Duty-Stub-End-K2-B-Thimble.jpg\",\"width\":1000,\"height\":1000,\"caption\":\"Heavy Duty Stub-End K2-B Thimble\"},{\"@type\":\"BreadcrumbList\",\"@id\":\"https:\/\/qingdaohf.com\/product\/heavy-duty-stub-end-k2-b-thimble\/#breadcrumb\",\"itemListElement\":[{\"@type\":\"ListItem\",\"position\":1,\"name\":\"Home\",\"item\":\"https:\/\/qingdaohf.com\/\"},{\"@type\":\"ListItem\",\"position\":2,\"name\":\"Concrete Forming Accessories and Rigging Hardware\",\"item\":\"https:\/\/qingdaohf.com\/bg\/?page_id=944\"},{\"@type\":\"ListItem\",\"position\":3,\"name\":\"Heavy Duty Stub-End K2-B Thimble\"}]},{\"@type\":\"WebSite\",\"@id\":\"https:\/\/qingdaohf.com\/bg\/#website\",\"url\":\"https:\/\/qingdaohf.com\/bg\/\",\"name\":\"Concrete Form & Rigging Hardware Supplier\",\"description\":\"\",\"publisher\":{\"@id\":\"https:\/\/qingdaohf.com\/bg\/#organization\"},\"potentialAction\":[{\"@type\":\"SearchAction\",\"target\":{\"@type\":\"EntryPoint\",\"urlTemplate\":\"https:\/\/qingdaohf.com\/bg\/?s={search_term_string}\"},\"query-input\":{\"@type\":\"PropertyValueSpecification\",\"valueRequired\":true,\"valueName\":\"search_term_string\"}}],\"inLanguage\":\"es\"},{\"@type\":\"Organization\",\"@id\":\"https:\/\/qingdaohf.com\/bg\/#organization\",\"name\":\"Qingdao H&F\",\"url\":\"https:\/\/qingdaohf.com\/bg\/\",\"logo\":{\"@type\":\"ImageObject\",\"inLanguage\":\"es\",\"@id\":\"https:\/\/qingdaohf.com\/bg\/#\/schema\/logo\/image\/\",\"url\":\"https:\/\/qingdaohf.com\/wp-content\/uploads\/2022\/12\/cropped-HF-LOGO.png\",\"contentUrl\":\"https:\/\/qingdaohf.com\/wp-content\/uploads\/2022\/12\/cropped-HF-LOGO.png\",\"width\":391,\"height\":249,\"caption\":\"Qingdao H&F\"},\"image\":{\"@id\":\"https:\/\/qingdaohf.com\/bg\/#\/schema\/logo\/image\/\"},\"sameAs\":[\"https:\/\/www.facebook.com\/qingdaohf\"]}]}<\/script>\n<!-- \/ Yoast SEO plugin. -->","yoast_head_json":{"title":"Heavy Duty Stub-End K2-B Thimble","robots":{"index":"index","follow":"follow","max-snippet":"max-snippet:-1","max-image-preview":"max-image-preview:large","max-video-preview":"max-video-preview:-1"},"canonical":"https:\/\/qingdaohf.com\/es\/producto\/manguito-de-alta-resistencia-k2-b-dedal\/","og_locale":"es_ES","og_type":"article","og_title":"Heavy Duty Stub-End K2-B Thimble","og_description":"The Heavy Duty Stub-End K2-B Thimble is designed to provide superior reinforcement and protection to wire rope and cable loops, ensuring maximum durability in demanding conditions. This thimble is crafted from high-quality materials and engineered for heavy-duty use, making it ideal for industrial applications. Its stub-end design allows for a secure fit, reducing wear and tear while extending the life of your equipment.","og_url":"https:\/\/qingdaohf.com\/es\/producto\/manguito-de-alta-resistencia-k2-b-dedal\/","og_site_name":"Concrete Form &amp; Rigging Hardware Supplier","article_publisher":"https:\/\/www.facebook.com\/qingdaohf","article_modified_time":"2025-11-13T01:03:14+00:00","og_image":[{"width":1000,"height":1000,"url":"https:\/\/qingdaohf.com\/wp-content\/uploads\/2024\/09\/Heavy-Duty-Stub-End-K2-B-Thimble.jpg","type":"image\/jpeg"}],"twitter_card":"summary_large_image","twitter_misc":{"Tiempo de lectura":"3 minutos"},"schema":{"@context":"https:\/\/schema.org","@graph":[{"@type":"WebPage","@id":"https:\/\/qingdaohf.com\/product\/heavy-duty-stub-end-k2-b-thimble\/","url":"https:\/\/qingdaohf.com\/product\/heavy-duty-stub-end-k2-b-thimble\/","name":"Heavy Duty Stub-End K2-B Thimble","isPartOf":{"@id":"https:\/\/qingdaohf.com\/bg\/#website"},"primaryImageOfPage":{"@id":"https:\/\/qingdaohf.com\/product\/heavy-duty-stub-end-k2-b-thimble\/#primaryimage"},"image":{"@id":"https:\/\/qingdaohf.com\/product\/heavy-duty-stub-end-k2-b-thimble\/#primaryimage"},"thumbnailUrl":"https:\/\/qingdaohf.com\/wp-content\/uploads\/2024\/09\/Heavy-Duty-Stub-End-K2-B-Thimble.jpg","datePublished":"2024-09-12T02:21:48+00:00","dateModified":"2025-11-13T01:03:14+00:00","breadcrumb":{"@id":"https:\/\/qingdaohf.com\/product\/heavy-duty-stub-end-k2-b-thimble\/#breadcrumb"},"inLanguage":"es","potentialAction":[{"@type":"ReadAction","target":["https:\/\/qingdaohf.com\/product\/heavy-duty-stub-end-k2-b-thimble\/"]}]},{"@type":"ImageObject","inLanguage":"es","@id":"https:\/\/qingdaohf.com\/product\/heavy-duty-stub-end-k2-b-thimble\/#primaryimage","url":"https:\/\/qingdaohf.com\/wp-content\/uploads\/2024\/09\/Heavy-Duty-Stub-End-K2-B-Thimble.jpg","contentUrl":"https:\/\/qingdaohf.com\/wp-content\/uploads\/2024\/09\/Heavy-Duty-Stub-End-K2-B-Thimble.jpg","width":1000,"height":1000,"caption":"Heavy Duty Stub-End K2-B Thimble"},{"@type":"BreadcrumbList","@id":"https:\/\/qingdaohf.com\/product\/heavy-duty-stub-end-k2-b-thimble\/#breadcrumb","itemListElement":[{"@type":"ListItem","position":1,"name":"Home","item":"https:\/\/qingdaohf.com\/"},{"@type":"ListItem","position":2,"name":"Concrete Forming Accessories and Rigging Hardware","item":"https:\/\/qingdaohf.com\/bg\/?page_id=944"},{"@type":"ListItem","position":3,"name":"Heavy Duty Stub-End K2-B Thimble"}]},{"@type":"WebSite","@id":"https:\/\/qingdaohf.com\/bg\/#website","url":"https:\/\/qingdaohf.com\/bg\/","name":"Concrete Form & Rigging Hardware Supplier","description":"","publisher":{"@id":"https:\/\/qingdaohf.com\/bg\/#organization"},"potentialAction":[{"@type":"SearchAction","target":{"@type":"EntryPoint","urlTemplate":"https:\/\/qingdaohf.com\/bg\/?s={search_term_string}"},"query-input":{"@type":"PropertyValueSpecification","valueRequired":true,"valueName":"search_term_string"}}],"inLanguage":"es"},{"@type":"Organization","@id":"https:\/\/qingdaohf.com\/bg\/#organization","name":"Qingdao H&F","url":"https:\/\/qingdaohf.com\/bg\/","logo":{"@type":"ImageObject","inLanguage":"es","@id":"https:\/\/qingdaohf.com\/bg\/#\/schema\/logo\/image\/","url":"https:\/\/qingdaohf.com\/wp-content\/uploads\/2022\/12\/cropped-HF-LOGO.png","contentUrl":"https:\/\/qingdaohf.com\/wp-content\/uploads\/2022\/12\/cropped-HF-LOGO.png","width":391,"height":249,"caption":"Qingdao H&F"},"image":{"@id":"https:\/\/qingdaohf.com\/bg\/#\/schema\/logo\/image\/"},"sameAs":["https:\/\/www.facebook.com\/qingdaohf"]}]}},"_links":{"self":[{"href":"https:\/\/qingdaohf.com\/es\/wp-json\/wp\/v2\/product\/7781","targetHints":{"allow":["GET"]}}],"collection":[{"href":"https:\/\/qingdaohf.com\/es\/wp-json\/wp\/v2\/product"}],"about":[{"href":"https:\/\/qingdaohf.com\/es\/wp-json\/wp\/v2\/types\/product"}],"replies":[{"embeddable":true,"href":"https:\/\/qingdaohf.com\/es\/wp-json\/wp\/v2\/comments?post=7781"}],"version-history":[{"count":1,"href":"https:\/\/qingdaohf.com\/es\/wp-json\/wp\/v2\/product\/7781\/revisions"}],"predecessor-version":[{"id":7786,"href":"https:\/\/qingdaohf.com\/es\/wp-json\/wp\/v2\/product\/7781\/revisions\/7786"}],"wp:featuredmedia":[{"embeddable":true,"href":"https:\/\/qingdaohf.com\/es\/wp-json\/wp\/v2\/media\/7808"}],"wp:attachment":[{"href":"https:\/\/qingdaohf.com\/es\/wp-json\/wp\/v2\/media?parent=7781"}],"wp:term":[{"taxonomy":"product_brand","embeddable":true,"href":"https:\/\/qingdaohf.com\/es\/wp-json\/wp\/v2\/product_brand?post=7781"},{"taxonomy":"product_cat","embeddable":true,"href":"https:\/\/qingdaohf.com\/es\/wp-json\/wp\/v2\/product_cat?post=7781"},{"taxonomy":"product_tag","embeddable":true,"href":"https:\/\/qingdaohf.com\/es\/wp-json\/wp\/v2\/product_tag?post=7781"}],"curies":[{"name":"wp","href":"https:\/\/api.w.org\/{rel}","templated":true}]}}