{"id":8075,"date":"2024-10-16T11:55:09","date_gmt":"2024-10-16T03:55:09","guid":{"rendered":"http:\/\/qingdaohf.com\/?post_type=product&#038;p=8075"},"modified":"2025-11-13T09:03:13","modified_gmt":"2025-11-13T01:03:13","slug":"air-vent-grille-covers","status":"publish","type":"product","link":"https:\/\/qingdaohf.com\/es\/producto\/tapas-de-rejilla-de-ventilacion\/","title":{"rendered":"Rejillas de ventilaci\u00f3n"},"content":{"rendered":"<p>Las cubiertas de rejilla de ventilaci\u00f3n desempe\u00f1an un papel crucial en el mantenimiento de un ambiente interior c\u00f3modo y saludable. A menudo pasados por alto, estos componentes son esenciales para regular el flujo de aire, minimizar la acumulaci\u00f3n de polvo y contribuir a la eficiencia general de un sistema de ventilaci\u00f3n. Nuestras cubiertas de rejilla de ventilaci\u00f3n est\u00e1n dise\u00f1adas teniendo en cuenta tanto la funcionalidad como el estilo, ofreciendo un equilibrio perfecto entre rendimiento y atractivo visual para diversos entornos.<\/p>\n<h3>Mejorar la calidad del aire interior y el confort<\/h3>\n<p>Una buena circulaci\u00f3n del aire es la piedra angular de cualquier espacio bien mantenido, ya sea un hogar acogedor o un bullicioso edificio comercial. Unas cubiertas de rejilla de ventilaci\u00f3n que funcionen correctamente garantizan que el aire se mueva libremente por las habitaciones, permitiendo que los sistemas de calefacci\u00f3n, refrigeraci\u00f3n y ventilaci\u00f3n funcionen con la m\u00e1xima eficiencia. Con nuestras cubiertas para rejillas de ventilaci\u00f3n, la distribuci\u00f3n del aire es m\u00e1s uniforme, lo que permite un mejor control de la temperatura y una reducci\u00f3n de los puntos calientes o fr\u00edos no deseados.<\/p>\n<p>Adem\u00e1s de mejorar el confort, la cubierta de rejilla adecuada puede mejorar significativamente la calidad del aire interior. Al filtrar las part\u00edculas de polvo m\u00e1s grandes y evitar que entren residuos en los conductos, estas cubiertas ayudan a mantener un ambiente m\u00e1s limpio. Esta ventaja es especialmente valiosa en hogares con alergias o problemas respiratorios, donde mantener un espacio libre de polvo puede suponer una gran diferencia. Por lo tanto, invertir en rejillas de ventilaci\u00f3n de alta calidad contribuye a crear un espacio m\u00e1s saludable y agradable.<\/p>\n<h3>Dise\u00f1o resistente para un rendimiento duradero<\/h3>\n<p>Una de las caracter\u00edsticas m\u00e1s destacadas de nuestras cubiertas de rejilla de ventilaci\u00f3n es su robusta construcci\u00f3n. Fabricadas con materiales de primera calidad, estas cubiertas est\u00e1n dise\u00f1adas para resistir el paso del tiempo. A diferencia de las opciones est\u00e1ndar que pueden desgastarse o degradarse r\u00e1pidamente, nuestras cubiertas de rejilla mantienen su integridad estructural, incluso en zonas con mucho tr\u00e1fico peatonal o condiciones de temperatura variables. Esta durabilidad garantiza que, una vez instaladas, puede confiar en que estas cubiertas le proporcionar\u00e1n un rendimiento fiable sin necesidad de sustituciones frecuentes.<\/p>\n<p>El dise\u00f1o de estas cubiertas de rejilla tambi\u00e9n est\u00e1 pensado para facilitar el mantenimiento. Su superficie lisa y sus lamas bien dise\u00f1adas hacen que la limpieza sea un proceso sin complicaciones. Al minimizar la acumulaci\u00f3n de polvo en la propia cubierta, reducen el tiempo y el esfuerzo necesarios para su mantenimiento. Esta facilidad de mantenimiento no s\u00f3lo mantiene su sistema de ventilaci\u00f3n funcionando sin problemas, sino que tambi\u00e9n ayuda a prolongar la vida \u00fatil de sus componentes de climatizaci\u00f3n al evitar obstrucciones e ineficiencias.<\/p>\n<p>Adem\u00e1s de su robusta construcci\u00f3n, nuestras cubiertas de rejilla de ventilaci\u00f3n est\u00e1n disponibles en una amplia gama de acabados, lo que garantiza que se adapten a la est\u00e9tica de su espacio. Desde estilos modernos y elegantes que combinan a la perfecci\u00f3n con interiores contempor\u00e1neos hasta dise\u00f1os cl\u00e1sicos que complementan la decoraci\u00f3n tradicional, hay una cubierta de rejilla que se adapta a todas las preferencias. Esta versatilidad las convierte en una gran elecci\u00f3n tanto para nuevas construcciones como para proyectos de renovaci\u00f3n.<\/p>\n<h3>Elecci\u00f3n sostenible para un espacio respetuoso con el medio ambiente<\/h3>\n<p>En el mundo actual, tomar decisiones respetuosas con el medio ambiente es m\u00e1s importante que nunca. Nuestras cubiertas de rejilla de ventilaci\u00f3n est\u00e1n dise\u00f1adas teniendo en cuenta la sostenibilidad, utilizando materiales que no s\u00f3lo son duraderos, sino tambi\u00e9n respetuosos con el medio ambiente. Al seleccionar productos duraderos, contribuye a reducir los residuos, ya que hay menos necesidad de sustituirlos con frecuencia. Esta longevidad se alinea con los objetivos de minimizar el impacto medioambiental y apoyar un futuro m\u00e1s sostenible.<\/p>\n<p>Adem\u00e1s, al mejorar la eficiencia de su sistema de ventilaci\u00f3n, estas cubiertas de rejilla tambi\u00e9n pueden ayudar a reducir el consumo de energ\u00eda. Una distribuci\u00f3n eficiente del aire significa que los sistemas de calefacci\u00f3n y refrigeraci\u00f3n no tienen que trabajar tan duro para mantener la temperatura deseada, lo que se traduce en facturas de energ\u00eda m\u00e1s bajas y una menor tensi\u00f3n en el sistema. En entornos comerciales, esto puede traducirse en un importante ahorro de costes a lo largo del tiempo, lo que convierte a nuestras cubiertas de rejilla en una sabia inversi\u00f3n para las empresas que buscan optimizar su uso de la energ\u00eda.<\/p>\n<p>Nuestro compromiso con la sostenibilidad va m\u00e1s all\u00e1 del rendimiento del producto. Nos aseguramos de que el proceso de fabricaci\u00f3n de estas cubiertas de rejilla de ventilaci\u00f3n cumpla las normas medioambientales, minimizando los residuos y utilizando m\u00e9todos energ\u00e9ticamente eficientes. Esta dedicaci\u00f3n a las pr\u00e1cticas ecol\u00f3gicas hace que nuestras cubiertas de rejilla sean una opci\u00f3n adecuada para quienes valoran los principios de la construcci\u00f3n ecol\u00f3gica y desean incorporarlos a sus proyectos.<\/p>\n<h3>Perfecto para espacios residenciales y comerciales<\/h3>\n<p>Tanto si desea mejorar la ventilaci\u00f3n de una vivienda, una oficina o un local comercial, nuestras cubiertas de rejilla de ventilaci\u00f3n est\u00e1n dise\u00f1adas para satisfacer las exigencias de diversos entornos. En entornos residenciales, ofrecen una forma sutil pero elegante de mejorar el flujo de aire a la vez que se integran perfectamente en el dise\u00f1o interior. Las familias pueden disfrutar de las ventajas de una mejor calidad del aire, especialmente en salones, dormitorios y otras zonas de mucho uso donde es esencial mantener un ambiente confortable.<\/p>\n<p>En espacios comerciales, como edificios de oficinas o tiendas, la ventilaci\u00f3n desempe\u00f1a un papel fundamental para garantizar el confort de empleados y clientes. Nuestras cubiertas de rejilla ofrecen una soluci\u00f3n eficaz para gestionar el flujo de aire, ayudando a mantener un entorno fresco y acogedor. Su dise\u00f1o duradero garantiza que puedan soportar las exigencias de zonas muy transitadas, mientras que su aspecto moderno contribuye a una apariencia profesional y pulida.<\/p>\n<p>Adem\u00e1s, nuestras cubiertas de rejilla de ventilaci\u00f3n est\u00e1n disponibles en varios tama\u00f1os, lo que garantiza un ajuste perfecto para cualquier abertura de conducto. Tambi\u00e9n hay disponibles opciones de personalizaci\u00f3n, que le permiten seleccionar el tama\u00f1o y el acabado que mejor se adapte a sus necesidades espec\u00edficas. Esta adaptabilidad garantiza que cada instalaci\u00f3n sea perfecta, sin necesidad de ajustes o modificaciones adicionales. Tambi\u00e9n significa que puede conseguir un aspecto coherente en todo su espacio, mejorando la cohesi\u00f3n general de su dise\u00f1o interior.<\/p>\n<h3>Aproveche las ventajas de las soluciones de ventilaci\u00f3n superiores<\/h3>\n<p>Invertir en nuestras cubiertas de rejilla de ventilaci\u00f3n ofrece algo m\u00e1s que una mejora est\u00e9tica: proporciona una mejora funcional a todo su sistema de ventilaci\u00f3n. La elecci\u00f3n de cubiertas de rejilla de alta calidad puede influir en la eficiencia del movimiento del aire, la limpieza de su espacio, e incluso la longevidad de su sistema HVAC. Nuestros productos cumplen todos estos requisitos, lo que los convierte en un valioso complemento para cualquier hogar o negocio.<\/p>\n<p>Al elegir nuestras cubiertas de rejilla, no s\u00f3lo est\u00e1 dando prioridad a la comodidad y el bienestar de quienes utilizan su espacio, sino que tambi\u00e9n est\u00e1 dando pasos hacia un futuro m\u00e1s sostenible y rentable. Con un flujo de aire mejorado y un dise\u00f1o que resiste el paso del tiempo, estas cubiertas garantizan que pueda disfrutar de las ventajas de un sistema de ventilaci\u00f3n optimizado durante a\u00f1os. Experimente la diferencia que pueden marcar las soluciones de ventilaci\u00f3n de calidad y eleve su espacio con nuestras cubiertas de rejilla de ventilaci\u00f3n fabricadas por expertos.<\/p>\n<p>Nuestra dedicaci\u00f3n a ofrecer productos de primera calidad, junto con un servicio de atenci\u00f3n al cliente excepcional, garantiza que su experiencia con nosotros sea agradable de principio a fin. Entendemos la importancia de un sistema de ventilaci\u00f3n fiable y eficiente, y nuestras cubiertas de rejilla de ventilaci\u00f3n est\u00e1n dise\u00f1adas para ofrecer precisamente eso. Con su combinaci\u00f3n de durabilidad, atractivo est\u00e9tico y dise\u00f1o sostenible, estas cubiertas representan una elecci\u00f3n bien pensada para aquellos que valoran la calidad y el rendimiento en cada detalle.<\/p>\n<p>Actualice hoy mismo su sistema de ventilaci\u00f3n y descubra c\u00f3mo nuestras cubiertas para rejillas de ventilaci\u00f3n pueden transformar su espacio en uno m\u00e1s confortable, energ\u00e9ticamente eficiente y elegante. Desde el primer soplo de aire fresco, notar\u00e1 la diferencia que pueden marcar las cubiertas de rejilla de primera calidad, aportando un valor duradero a su hogar o negocio.<\/p>","protected":false},"excerpt":{"rendered":"<p>Actualice su sistema de ventilaci\u00f3n con nuestras cubiertas de rejilla de ventilaci\u00f3n de alta calidad, dise\u00f1adas para un flujo de aire \u00f3ptimo y una est\u00e9tica moderna. Fabricadas con materiales duraderos, estas cubiertas mejoran la circulaci\u00f3n del aire, reducen la acumulaci\u00f3n de polvo y combinan a la perfecci\u00f3n con cualquier decoraci\u00f3n interior. Ideales tanto para espacios residenciales como comerciales, garantizan un entorno m\u00e1s limpio y fresco.<\/p>","protected":false},"featured_media":8080,"comment_status":"open","ping_status":"closed","template":"","meta":{"site-sidebar-layout":"default","site-content-layout":"","ast-site-content-layout":"default","site-content-style":"default","site-sidebar-style":"default","ast-global-header-display":"","ast-banner-title-visibility":"","ast-main-header-display":"","ast-hfb-above-header-display":"","ast-hfb-below-header-display":"","ast-hfb-mobile-header-display":"","site-post-title":"","ast-breadcrumbs-content":"","ast-featured-img":"","footer-sml-layout":"","theme-transparent-header-meta":"default","adv-header-id-meta":"","stick-header-meta":"default","header-above-stick-meta":"","header-main-stick-meta":"","header-below-stick-meta":"","astra-migrate-meta-layouts":"set","ast-page-background-enabled":"default","ast-page-background-meta":{"desktop":{"background-color":"","background-image":"","background-repeat":"repeat","background-position":"center center","background-size":"auto","background-attachment":"scroll","background-type":"","background-media":"","overlay-type":"","overlay-color":"","overlay-opacity":"","overlay-gradient":""},"tablet":{"background-color":"","background-image":"","background-repeat":"repeat","background-position":"center center","background-size":"auto","background-attachment":"scroll","background-type":"","background-media":"","overlay-type":"","overlay-color":"","overlay-opacity":"","overlay-gradient":""},"mobile":{"background-color":"","background-image":"","background-repeat":"repeat","background-position":"center center","background-size":"auto","background-attachment":"scroll","background-type":"","background-media":"","overlay-type":"","overlay-color":"","overlay-opacity":"","overlay-gradient":""}},"ast-content-background-meta":{"desktop":{"background-color":"var(--ast-global-color-5)","background-image":"","background-repeat":"repeat","background-position":"center center","background-size":"auto","background-attachment":"scroll","background-type":"","background-media":"","overlay-type":"","overlay-color":"","overlay-opacity":"","overlay-gradient":""},"tablet":{"background-color":"var(--ast-global-color-5)","background-image":"","background-repeat":"repeat","background-position":"center center","background-size":"auto","background-attachment":"scroll","background-type":"","background-media":"","overlay-type":"","overlay-color":"","overlay-opacity":"","overlay-gradient":""},"mobile":{"background-color":"var(--ast-global-color-5)","background-image":"","background-repeat":"repeat","background-position":"center center","background-size":"auto","background-attachment":"scroll","background-type":"","background-media":"","overlay-type":"","overlay-color":"","overlay-opacity":"","overlay-gradient":""}}},"product_brand":[],"product_cat":[50],"product_tag":[],"class_list":{"0":"post-8075","1":"product","2":"type-product","3":"status-publish","4":"has-post-thumbnail","6":"product_cat-concrete-form-accessories","7":"desktop-align-left","8":"tablet-align-left","9":"mobile-align-left","10":"ast-product-gallery-layout-horizontal-slider","11":"ast-product-tabs-layout-horizontal","13":"first","14":"instock","15":"shipping-taxable","16":"purchasable","17":"product-type-simple"},"yoast_head":"<!-- This site is optimized with the Yoast SEO plugin v25.2 - https:\/\/yoast.com\/wordpress\/plugins\/seo\/ -->\n<title>Air Vent Grille Covers<\/title>\n<meta name=\"robots\" content=\"index, follow, max-snippet:-1, max-image-preview:large, max-video-preview:-1\" \/>\n<link rel=\"canonical\" href=\"https:\/\/qingdaohf.com\/es\/producto\/tapas-de-rejilla-de-ventilacion\/\" \/>\n<meta property=\"og:locale\" content=\"es_ES\" \/>\n<meta property=\"og:type\" content=\"article\" \/>\n<meta property=\"og:title\" content=\"Air Vent Grille Covers\" \/>\n<meta property=\"og:description\" content=\"Upgrade your ventilation system with our high-quality Air Vent Grille Covers, designed for optimal airflow and modern aesthetics. Made from durable materials, these covers enhance air circulation, reduce dust buildup, and blend seamlessly with any interior decor. Ideal for both residential and commercial spaces, they ensure a cleaner, fresher environment.\" \/>\n<meta property=\"og:url\" content=\"https:\/\/qingdaohf.com\/es\/producto\/tapas-de-rejilla-de-ventilacion\/\" \/>\n<meta property=\"og:site_name\" content=\"Concrete Form &amp; Rigging Hardware Supplier\" \/>\n<meta property=\"article:publisher\" content=\"https:\/\/www.facebook.com\/qingdaohf\" \/>\n<meta property=\"article:modified_time\" content=\"2025-11-13T01:03:13+00:00\" \/>\n<meta property=\"og:image\" content=\"https:\/\/qingdaohf.com\/wp-content\/uploads\/2024\/10\/Air-vent-grille-covers-3.webp\" \/>\n\t<meta property=\"og:image:width\" content=\"1000\" \/>\n\t<meta property=\"og:image:height\" content=\"1000\" \/>\n\t<meta property=\"og:image:type\" content=\"image\/webp\" \/>\n<meta name=\"twitter:card\" content=\"summary_large_image\" \/>\n<meta name=\"twitter:label1\" content=\"Tiempo de lectura\" \/>\n\t<meta name=\"twitter:data1\" content=\"6 minutos\" \/>\n<script type=\"application\/ld+json\" class=\"yoast-schema-graph\">{\"@context\":\"https:\/\/schema.org\",\"@graph\":[{\"@type\":\"WebPage\",\"@id\":\"https:\/\/qingdaohf.com\/product\/air-vent-grille-covers\/\",\"url\":\"https:\/\/qingdaohf.com\/product\/air-vent-grille-covers\/\",\"name\":\"Air Vent Grille Covers\",\"isPartOf\":{\"@id\":\"https:\/\/qingdaohf.com\/bg\/#website\"},\"primaryImageOfPage\":{\"@id\":\"https:\/\/qingdaohf.com\/product\/air-vent-grille-covers\/#primaryimage\"},\"image\":{\"@id\":\"https:\/\/qingdaohf.com\/product\/air-vent-grille-covers\/#primaryimage\"},\"thumbnailUrl\":\"https:\/\/qingdaohf.com\/wp-content\/uploads\/2024\/10\/Air-vent-grille-covers-3.webp\",\"datePublished\":\"2024-10-16T03:55:09+00:00\",\"dateModified\":\"2025-11-13T01:03:13+00:00\",\"breadcrumb\":{\"@id\":\"https:\/\/qingdaohf.com\/product\/air-vent-grille-covers\/#breadcrumb\"},\"inLanguage\":\"es\",\"potentialAction\":[{\"@type\":\"ReadAction\",\"target\":[\"https:\/\/qingdaohf.com\/product\/air-vent-grille-covers\/\"]}]},{\"@type\":\"ImageObject\",\"inLanguage\":\"es\",\"@id\":\"https:\/\/qingdaohf.com\/product\/air-vent-grille-covers\/#primaryimage\",\"url\":\"https:\/\/qingdaohf.com\/wp-content\/uploads\/2024\/10\/Air-vent-grille-covers-3.webp\",\"contentUrl\":\"https:\/\/qingdaohf.com\/wp-content\/uploads\/2024\/10\/Air-vent-grille-covers-3.webp\",\"width\":1000,\"height\":1000,\"caption\":\"Air vent grille covers\"},{\"@type\":\"BreadcrumbList\",\"@id\":\"https:\/\/qingdaohf.com\/product\/air-vent-grille-covers\/#breadcrumb\",\"itemListElement\":[{\"@type\":\"ListItem\",\"position\":1,\"name\":\"Home\",\"item\":\"https:\/\/qingdaohf.com\/\"},{\"@type\":\"ListItem\",\"position\":2,\"name\":\"Concrete Forming Accessories and Rigging Hardware\",\"item\":\"https:\/\/qingdaohf.com\/bg\/?page_id=944\"},{\"@type\":\"ListItem\",\"position\":3,\"name\":\"Air Vent Grille Covers\"}]},{\"@type\":\"WebSite\",\"@id\":\"https:\/\/qingdaohf.com\/bg\/#website\",\"url\":\"https:\/\/qingdaohf.com\/bg\/\",\"name\":\"Concrete Form & Rigging Hardware Supplier\",\"description\":\"\",\"publisher\":{\"@id\":\"https:\/\/qingdaohf.com\/bg\/#organization\"},\"potentialAction\":[{\"@type\":\"SearchAction\",\"target\":{\"@type\":\"EntryPoint\",\"urlTemplate\":\"https:\/\/qingdaohf.com\/bg\/?s={search_term_string}\"},\"query-input\":{\"@type\":\"PropertyValueSpecification\",\"valueRequired\":true,\"valueName\":\"search_term_string\"}}],\"inLanguage\":\"es\"},{\"@type\":\"Organization\",\"@id\":\"https:\/\/qingdaohf.com\/bg\/#organization\",\"name\":\"Qingdao H&F\",\"url\":\"https:\/\/qingdaohf.com\/bg\/\",\"logo\":{\"@type\":\"ImageObject\",\"inLanguage\":\"es\",\"@id\":\"https:\/\/qingdaohf.com\/bg\/#\/schema\/logo\/image\/\",\"url\":\"https:\/\/qingdaohf.com\/wp-content\/uploads\/2022\/12\/cropped-HF-LOGO.png\",\"contentUrl\":\"https:\/\/qingdaohf.com\/wp-content\/uploads\/2022\/12\/cropped-HF-LOGO.png\",\"width\":391,\"height\":249,\"caption\":\"Qingdao H&F\"},\"image\":{\"@id\":\"https:\/\/qingdaohf.com\/bg\/#\/schema\/logo\/image\/\"},\"sameAs\":[\"https:\/\/www.facebook.com\/qingdaohf\"]}]}<\/script>\n<!-- \/ Yoast SEO plugin. -->","yoast_head_json":{"title":"Air Vent Grille Covers","robots":{"index":"index","follow":"follow","max-snippet":"max-snippet:-1","max-image-preview":"max-image-preview:large","max-video-preview":"max-video-preview:-1"},"canonical":"https:\/\/qingdaohf.com\/es\/producto\/tapas-de-rejilla-de-ventilacion\/","og_locale":"es_ES","og_type":"article","og_title":"Air Vent Grille Covers","og_description":"Upgrade your ventilation system with our high-quality Air Vent Grille Covers, designed for optimal airflow and modern aesthetics. Made from durable materials, these covers enhance air circulation, reduce dust buildup, and blend seamlessly with any interior decor. Ideal for both residential and commercial spaces, they ensure a cleaner, fresher environment.","og_url":"https:\/\/qingdaohf.com\/es\/producto\/tapas-de-rejilla-de-ventilacion\/","og_site_name":"Concrete Form &amp; Rigging Hardware Supplier","article_publisher":"https:\/\/www.facebook.com\/qingdaohf","article_modified_time":"2025-11-13T01:03:13+00:00","og_image":[{"width":1000,"height":1000,"url":"https:\/\/qingdaohf.com\/wp-content\/uploads\/2024\/10\/Air-vent-grille-covers-3.webp","type":"image\/webp"}],"twitter_card":"summary_large_image","twitter_misc":{"Tiempo de lectura":"6 minutos"},"schema":{"@context":"https:\/\/schema.org","@graph":[{"@type":"WebPage","@id":"https:\/\/qingdaohf.com\/product\/air-vent-grille-covers\/","url":"https:\/\/qingdaohf.com\/product\/air-vent-grille-covers\/","name":"Air Vent Grille Covers","isPartOf":{"@id":"https:\/\/qingdaohf.com\/bg\/#website"},"primaryImageOfPage":{"@id":"https:\/\/qingdaohf.com\/product\/air-vent-grille-covers\/#primaryimage"},"image":{"@id":"https:\/\/qingdaohf.com\/product\/air-vent-grille-covers\/#primaryimage"},"thumbnailUrl":"https:\/\/qingdaohf.com\/wp-content\/uploads\/2024\/10\/Air-vent-grille-covers-3.webp","datePublished":"2024-10-16T03:55:09+00:00","dateModified":"2025-11-13T01:03:13+00:00","breadcrumb":{"@id":"https:\/\/qingdaohf.com\/product\/air-vent-grille-covers\/#breadcrumb"},"inLanguage":"es","potentialAction":[{"@type":"ReadAction","target":["https:\/\/qingdaohf.com\/product\/air-vent-grille-covers\/"]}]},{"@type":"ImageObject","inLanguage":"es","@id":"https:\/\/qingdaohf.com\/product\/air-vent-grille-covers\/#primaryimage","url":"https:\/\/qingdaohf.com\/wp-content\/uploads\/2024\/10\/Air-vent-grille-covers-3.webp","contentUrl":"https:\/\/qingdaohf.com\/wp-content\/uploads\/2024\/10\/Air-vent-grille-covers-3.webp","width":1000,"height":1000,"caption":"Air vent grille covers"},{"@type":"BreadcrumbList","@id":"https:\/\/qingdaohf.com\/product\/air-vent-grille-covers\/#breadcrumb","itemListElement":[{"@type":"ListItem","position":1,"name":"Home","item":"https:\/\/qingdaohf.com\/"},{"@type":"ListItem","position":2,"name":"Concrete Forming Accessories and Rigging Hardware","item":"https:\/\/qingdaohf.com\/bg\/?page_id=944"},{"@type":"ListItem","position":3,"name":"Air Vent Grille Covers"}]},{"@type":"WebSite","@id":"https:\/\/qingdaohf.com\/bg\/#website","url":"https:\/\/qingdaohf.com\/bg\/","name":"Concrete Form & Rigging Hardware Supplier","description":"","publisher":{"@id":"https:\/\/qingdaohf.com\/bg\/#organization"},"potentialAction":[{"@type":"SearchAction","target":{"@type":"EntryPoint","urlTemplate":"https:\/\/qingdaohf.com\/bg\/?s={search_term_string}"},"query-input":{"@type":"PropertyValueSpecification","valueRequired":true,"valueName":"search_term_string"}}],"inLanguage":"es"},{"@type":"Organization","@id":"https:\/\/qingdaohf.com\/bg\/#organization","name":"Qingdao H&F","url":"https:\/\/qingdaohf.com\/bg\/","logo":{"@type":"ImageObject","inLanguage":"es","@id":"https:\/\/qingdaohf.com\/bg\/#\/schema\/logo\/image\/","url":"https:\/\/qingdaohf.com\/wp-content\/uploads\/2022\/12\/cropped-HF-LOGO.png","contentUrl":"https:\/\/qingdaohf.com\/wp-content\/uploads\/2022\/12\/cropped-HF-LOGO.png","width":391,"height":249,"caption":"Qingdao H&F"},"image":{"@id":"https:\/\/qingdaohf.com\/bg\/#\/schema\/logo\/image\/"},"sameAs":["https:\/\/www.facebook.com\/qingdaohf"]}]}},"_links":{"self":[{"href":"https:\/\/qingdaohf.com\/es\/wp-json\/wp\/v2\/product\/8075","targetHints":{"allow":["GET"]}}],"collection":[{"href":"https:\/\/qingdaohf.com\/es\/wp-json\/wp\/v2\/product"}],"about":[{"href":"https:\/\/qingdaohf.com\/es\/wp-json\/wp\/v2\/types\/product"}],"replies":[{"embeddable":true,"href":"https:\/\/qingdaohf.com\/es\/wp-json\/wp\/v2\/comments?post=8075"}],"version-history":[{"count":3,"href":"https:\/\/qingdaohf.com\/es\/wp-json\/wp\/v2\/product\/8075\/revisions"}],"predecessor-version":[{"id":8092,"href":"https:\/\/qingdaohf.com\/es\/wp-json\/wp\/v2\/product\/8075\/revisions\/8092"}],"wp:featuredmedia":[{"embeddable":true,"href":"https:\/\/qingdaohf.com\/es\/wp-json\/wp\/v2\/media\/8080"}],"wp:attachment":[{"href":"https:\/\/qingdaohf.com\/es\/wp-json\/wp\/v2\/media?parent=8075"}],"wp:term":[{"taxonomy":"product_brand","embeddable":true,"href":"https:\/\/qingdaohf.com\/es\/wp-json\/wp\/v2\/product_brand?post=8075"},{"taxonomy":"product_cat","embeddable":true,"href":"https:\/\/qingdaohf.com\/es\/wp-json\/wp\/v2\/product_cat?post=8075"},{"taxonomy":"product_tag","embeddable":true,"href":"https:\/\/qingdaohf.com\/es\/wp-json\/wp\/v2\/product_tag?post=8075"}],"curies":[{"name":"wp","href":"https:\/\/api.w.org\/{rel}","templated":true}]}}