{"id":8178,"date":"2024-10-29T16:45:43","date_gmt":"2024-10-29T08:45:43","guid":{"rendered":"http:\/\/qingdaohf.com\/?post_type=product&#038;p=8178"},"modified":"2025-11-13T09:02:54","modified_gmt":"2025-11-13T01:02:54","slug":"studless-anchor-chain","status":"publish","type":"product","link":"https:\/\/qingdaohf.com\/es\/producto\/cadena-de-anclaje-sin-esparragos\/","title":{"rendered":"Cadena de anclaje sin esp\u00e1rragos"},"content":{"rendered":"<h3>Las cualidades esenciales de las cadenas de anclaje sin esp\u00e1rragos: Construidas para ser fuertes y resistentes<\/h3>\n<p><img fetchpriority=\"high\" decoding=\"async\" class=\"alignnone size-full wp-image-8169\" src=\"http:\/\/qingdaohf.com\/wp-content\/uploads\/2024\/10\/studless-anchor-chain_2.webp\" alt=\"cadena de anclaje sin esp\u00e1rragos\" width=\"831\" height=\"1087\" srcset=\"https:\/\/qingdaohf.com\/wp-content\/uploads\/2024\/10\/studless-anchor-chain_2.webp 831w, https:\/\/qingdaohf.com\/wp-content\/uploads\/2024\/10\/studless-anchor-chain_2-229x300.webp 229w, https:\/\/qingdaohf.com\/wp-content\/uploads\/2024\/10\/studless-anchor-chain_2-783x1024.webp 783w, https:\/\/qingdaohf.com\/wp-content\/uploads\/2024\/10\/studless-anchor-chain_2-768x1005.webp 768w, https:\/\/qingdaohf.com\/wp-content\/uploads\/2024\/10\/studless-anchor-chain_2-9x12.webp 9w\" sizes=\"(max-width: 831px) 100vw, 831px\" \/><\/p>\n<p>Las cadenas de ancla sin esp\u00e1rragos son esenciales en la industria naval, donde desempe\u00f1an la funci\u00f3n cr\u00edtica de asegurar los buques en diversos entornos. Su dise\u00f1o prioriza la durabilidad y la funcionalidad, garantizando que puedan soportar las rigurosas exigencias del amarre en alta mar. Las cadenas sin esp\u00e1rragos, a diferencia de las cadenas con esp\u00e1rragos, tienen eslabones sin esp\u00e1rragos internos, lo que las hace m\u00e1s ligeras y, a menudo, m\u00e1s flexibles. Esta caracter\u00edstica es especialmente valiosa para aplicaciones en las que se desea reducir el peso y aumentar la flexibilidad. A pesar de su menor peso, estas cadenas son excepcionalmente resistentes, ya que cada eslab\u00f3n est\u00e1 dise\u00f1ado para soportar las enormes cargas y fuerzas de alta tensi\u00f3n t\u00edpicas del fondeo marino.<\/p>\n<p>La versatilidad de las cadenas sin pernos las hace adecuadas para diversos usos marinos, desde el amarre de peque\u00f1as embarcaciones hasta aplicaciones industriales pesadas. Estas cadenas se someten a rigurosas pruebas para cumplir las normas internacionales, ya que su fiabilidad es primordial para garantizar la seguridad tanto de las embarcaciones como de la tripulaci\u00f3n. Gracias a su construcci\u00f3n, tambi\u00e9n ofrecen un impresionante grado de resistencia a la corrosi\u00f3n y al desgaste, lo que resulta esencial en ambientes salinos y otros entornos dif\u00edciles. Su dise\u00f1o reduce a\u00fan m\u00e1s los casos de enganche de la cadena, ya que su construcci\u00f3n uniforme minimiza los puntos d\u00e9biles. Esta cualidad ha aumentado la preferencia por las cadenas sin pernos entre los ingenieros navales y los operadores de buques que buscan durabilidad y fiabilidad en situaciones de gran tensi\u00f3n.<\/p>\n<h3>Ventajas de elegir cadenas de anclaje sin esp\u00e1rragos de Qingdao H&amp;F<\/h3>\n<p>En Qingdao H&amp;F, nos comprometemos a proporcionar a nuestros clientes cadenas de anclaje sin pernos de alta calidad que cumplan estrictas normas de seguridad, resistencia y durabilidad. Nuestras cadenas se someten a estrictas pruebas de calidad para garantizar que ofrecen un rendimiento \u00f3ptimo en diversas condiciones. El proceso incluye pruebas de carga, esenciales para confirmar que cada cadena puede soportar la tensi\u00f3n m\u00e1xima prevista durante su uso. Los compradores se preocupan cada vez m\u00e1s por la carga de prueba, ya que influye directamente en la fiabilidad de la cadena, sobre todo en situaciones de amarre dif\u00edciles.<\/p>\n<p>Lo que distingue a Qingdao H&amp;F es nuestro compromiso con la satisfacci\u00f3n del cliente y la fiabilidad. Con m\u00e1s de 20 a\u00f1os de experiencia en el sector del comercio B2B, nuestro equipo ofrece un servicio personalizado adaptado a las necesidades espec\u00edficas de cada cliente. Nuestros experimentados profesionales gu\u00edan a los clientes en cada paso del proceso de compra, asegur\u00e1ndose de que encuentran las especificaciones de cadena ideales para los requisitos de su proyecto. Entendemos que una entrega r\u00e1pida es crucial en esta industria, por lo que hacemos hincapi\u00e9 en la log\u00edstica puntual para satisfacer las necesidades de programaci\u00f3n de nuestros clientes sin concesiones.<\/p>\n<p>Adem\u00e1s de nuestra gran capacidad de entrega, nuestros productos est\u00e1n respaldados por exhaustivos informes de inspecci\u00f3n de calidad. Estos informes proporcionan transparencia y garant\u00eda, ayudando a los clientes a tomar decisiones de compra con conocimiento de causa. El proceso de inspecci\u00f3n eval\u00faa factores como la composici\u00f3n del material, la resistencia a la tracci\u00f3n y a la corrosi\u00f3n, que influyen en la vida \u00fatil y el rendimiento de la cadena. Al proporcionar a nuestros clientes informes de inspecci\u00f3n detallados, les permitimos invertir con confianza en productos que cumplen sus exigentes normas.<\/p>\n<h3>Elegir las especificaciones adecuadas: Por qu\u00e9 son importantes el di\u00e1metro de la cadena y la carga de prueba<\/h3>\n<p>En la selecci\u00f3n de cadenas de anclaje sin pernos, hay dos especificaciones especialmente importantes: el di\u00e1metro y la carga de prueba. El di\u00e1metro de cada eslab\u00f3n de la cadena, medido en pulgadas, afecta tanto al peso de la cadena como a su capacidad de carga. Elegir el di\u00e1metro correcto es esencial, ya que influye directamente en el rendimiento de la cadena en aplicaciones de amarre. Por ejemplo, un di\u00e1metro de 1\/2 pulgada puede ser adecuado para embarcaciones ligeras, mientras que las aplicaciones industriales pesadas pueden requerir cadenas con di\u00e1metros de 3\/4 de pulgada o superiores.<\/p>\n<p>La carga de prueba es otro factor cr\u00edtico, ya que representa la carga m\u00e1xima que la cadena puede soportar sin deformaci\u00f3n permanente. Esta m\u00e9trica es crucial para los clientes, ya que ofrece una medida clara de la capacidad de la cadena para soportar cargas pesadas en condiciones reales. En Qingdao H&amp;F, ofrecemos cadenas probadas para superar las cargas de prueba est\u00e1ndar del sector, lo que ofrece a nuestros clientes una mayor confianza en su rendimiento. Las pruebas de carga tambi\u00e9n son una valiosa medida de la seguridad de una cadena, ya que garantizan que la cadena mantendr\u00e1 su integridad incluso bajo una tensi\u00f3n intensa y repentina.<\/p>\n<p>Al elegir una cadena de ancla sin pernos con el di\u00e1metro y la carga de prueba adecuados, los compradores pueden garantizar un rendimiento \u00f3ptimo para sus necesidades espec\u00edficas de amarre. Nuestro equipo de Qingdao H&amp;F est\u00e1 preparado para guiar a los clientes en la selecci\u00f3n de las especificaciones ideales, bas\u00e1ndose en nuestro profundo conocimiento de las normas del sector y las propiedades de los materiales para recomendar productos que se ajusten a los requisitos operativos de cada cliente.<\/p>\n<h3>Confianza en un socio probado: Por qu\u00e9 Qingdao H&amp;F es la opci\u00f3n preferida<\/h3>\n<p>Para quienes buscan cadenas de ancla sin esp\u00e1rragos, la fiabilidad y la experiencia del proveedor son primordiales. Con dos d\u00e9cadas de experiencia en el sector B2B, Qingdao H&amp;F comprende las complejas necesidades de los clientes marinos e industriales. Nuestro servicio de atenci\u00f3n al cliente individualizado significa que cada cliente recibe un apoyo personalizado, ayud\u00e1ndole a encontrar las mejores soluciones para sus necesidades de amarre y anclaje. Adem\u00e1s, nuestros rigurosos protocolos de pruebas garantizan que cada producto cumpla o supere las normas industriales de calidad y durabilidad.<\/p>\n<p>El compromiso con la calidad no termina con la venta. Qingdao H&amp;F ofrece asistencia posventa y respuestas r\u00e1pidas a las consultas de los clientes, lo que mejora a\u00fan m\u00e1s su experiencia. Estamos orgullosos de nuestra capacidad para establecer relaciones a largo plazo, proporcionando una fuente fiable de cadenas de anclaje sin pernos de alta calidad en la que los clientes pueden confiar. Gracias a nuestro transparente proceso de inspecci\u00f3n de calidad y a nuestra dedicaci\u00f3n a la entrega puntual, nos hemos labrado una reputaci\u00f3n de excelencia en el sector.<\/p>\n<p>Al elegir Qingdao H&amp;F, los clientes se benefician no s\u00f3lo de la calidad superior del producto, sino tambi\u00e9n de la garant\u00eda que ofrecen nuestros exhaustivos informes de inspecci\u00f3n y la orientaci\u00f3n de nuestros expertos. De cara al futuro, nuestro objetivo sigue siendo ayudar a los clientes a alcanzar el \u00e9xito proporcion\u00e1ndoles cadenas de anclaje sin pernos de alta calidad que ofrezcan rendimiento y tranquilidad.<\/p>","protected":false},"excerpt":{"rendered":"<p>Las cadenas de ancla sin esp\u00e1rragos son una opci\u00f3n fiable para el amarre y fondeo de cargas pesadas, conocidas por su robusta estructura y su resistencia al desgaste en condiciones marinas exigentes. Los compradores suelen centrarse en factores como la durabilidad, la carga de prueba y la capacidad de la cadena para soportar condiciones de gran tensi\u00f3n a lo largo del tiempo. Como empresa comercial B2B con 20 a\u00f1os de experiencia, Qingdao H&amp;F se enorgullece de ofrecer precios competitivos, un ciclo de entrega r\u00e1pido e informes completos de inspecci\u00f3n de calidad. Nuestro servicio de atenci\u00f3n al cliente personalizado garantiza una experiencia de compra a medida, lo que nos convierte en un socio de confianza en el suministro de cadenas de anclaje sin esp\u00e1rragos de alta calidad que cumplen las rigurosas normas del sector.<\/p>","protected":false},"featured_media":8171,"comment_status":"open","ping_status":"closed","template":"","meta":{"site-sidebar-layout":"default","site-content-layout":"","ast-site-content-layout":"default","site-content-style":"default","site-sidebar-style":"default","ast-global-header-display":"","ast-banner-title-visibility":"","ast-main-header-display":"","ast-hfb-above-header-display":"","ast-hfb-below-header-display":"","ast-hfb-mobile-header-display":"","site-post-title":"","ast-breadcrumbs-content":"","ast-featured-img":"","footer-sml-layout":"","theme-transparent-header-meta":"default","adv-header-id-meta":"","stick-header-meta":"default","header-above-stick-meta":"","header-main-stick-meta":"","header-below-stick-meta":"","astra-migrate-meta-layouts":"set","ast-page-background-enabled":"default","ast-page-background-meta":{"desktop":{"background-color":"","background-image":"","background-repeat":"repeat","background-position":"center center","background-size":"auto","background-attachment":"scroll","background-type":"","background-media":"","overlay-type":"","overlay-color":"","overlay-opacity":"","overlay-gradient":""},"tablet":{"background-color":"","background-image":"","background-repeat":"repeat","background-position":"center center","background-size":"auto","background-attachment":"scroll","background-type":"","background-media":"","overlay-type":"","overlay-color":"","overlay-opacity":"","overlay-gradient":""},"mobile":{"background-color":"","background-image":"","background-repeat":"repeat","background-position":"center center","background-size":"auto","background-attachment":"scroll","background-type":"","background-media":"","overlay-type":"","overlay-color":"","overlay-opacity":"","overlay-gradient":""}},"ast-content-background-meta":{"desktop":{"background-color":"var(--ast-global-color-5)","background-image":"","background-repeat":"repeat","background-position":"center center","background-size":"auto","background-attachment":"scroll","background-type":"","background-media":"","overlay-type":"","overlay-color":"","overlay-opacity":"","overlay-gradient":""},"tablet":{"background-color":"var(--ast-global-color-5)","background-image":"","background-repeat":"repeat","background-position":"center center","background-size":"auto","background-attachment":"scroll","background-type":"","background-media":"","overlay-type":"","overlay-color":"","overlay-opacity":"","overlay-gradient":""},"mobile":{"background-color":"var(--ast-global-color-5)","background-image":"","background-repeat":"repeat","background-position":"center center","background-size":"auto","background-attachment":"scroll","background-type":"","background-media":"","overlay-type":"","overlay-color":"","overlay-opacity":"","overlay-gradient":""}}},"product_brand":[],"product_cat":[38],"product_tag":[],"class_list":{"0":"post-8178","1":"product","2":"type-product","3":"status-publish","4":"has-post-thumbnail","6":"product_cat-chain","7":"desktop-align-left","8":"tablet-align-left","9":"mobile-align-left","10":"ast-product-gallery-layout-horizontal-slider","11":"ast-product-tabs-layout-horizontal","13":"first","14":"instock","15":"shipping-taxable","16":"purchasable","17":"product-type-simple"},"yoast_head":"<!-- This site is optimized with the Yoast SEO plugin v25.2 - https:\/\/yoast.com\/wordpress\/plugins\/seo\/ -->\n<title>Studless Anchor Chain<\/title>\n<meta name=\"description\" content=\"Studless anchor chains are a dependable choice for heavy-duty mooring and anchoring, known for their robust structure and resistance to wear in demanding marine conditions.\" \/>\n<meta name=\"robots\" content=\"index, follow, max-snippet:-1, max-image-preview:large, max-video-preview:-1\" \/>\n<link rel=\"canonical\" href=\"https:\/\/qingdaohf.com\/es\/producto\/cadena-de-anclaje-sin-esparragos\/\" \/>\n<meta property=\"og:locale\" content=\"es_ES\" \/>\n<meta property=\"og:type\" content=\"article\" \/>\n<meta property=\"og:title\" content=\"Studless Anchor Chain\" \/>\n<meta property=\"og:description\" content=\"Studless anchor chains are a dependable choice for heavy-duty mooring and anchoring, known for their robust structure and resistance to wear in demanding marine conditions.\" \/>\n<meta property=\"og:url\" content=\"https:\/\/qingdaohf.com\/es\/producto\/cadena-de-anclaje-sin-esparragos\/\" \/>\n<meta property=\"og:site_name\" content=\"Concrete Form &amp; Rigging Hardware Supplier\" \/>\n<meta property=\"article:publisher\" content=\"https:\/\/www.facebook.com\/qingdaohf\" \/>\n<meta property=\"article:modified_time\" content=\"2025-11-13T01:02:54+00:00\" \/>\n<meta property=\"og:image\" content=\"https:\/\/qingdaohf.com\/wp-content\/uploads\/2024\/10\/marine-studless-chain_\u526f\u672c.jpg\" \/>\n\t<meta property=\"og:image:width\" content=\"1000\" \/>\n\t<meta property=\"og:image:height\" content=\"1000\" \/>\n\t<meta property=\"og:image:type\" content=\"image\/jpeg\" \/>\n<meta name=\"twitter:card\" content=\"summary_large_image\" \/>\n<meta name=\"twitter:label1\" content=\"Tiempo de lectura\" \/>\n\t<meta name=\"twitter:data1\" content=\"5 minutos\" \/>\n<script type=\"application\/ld+json\" class=\"yoast-schema-graph\">{\"@context\":\"https:\/\/schema.org\",\"@graph\":[{\"@type\":\"WebPage\",\"@id\":\"https:\/\/qingdaohf.com\/product\/studless-anchor-chain\/\",\"url\":\"https:\/\/qingdaohf.com\/product\/studless-anchor-chain\/\",\"name\":\"Studless Anchor Chain\",\"isPartOf\":{\"@id\":\"https:\/\/qingdaohf.com\/bg\/#website\"},\"primaryImageOfPage\":{\"@id\":\"https:\/\/qingdaohf.com\/product\/studless-anchor-chain\/#primaryimage\"},\"image\":{\"@id\":\"https:\/\/qingdaohf.com\/product\/studless-anchor-chain\/#primaryimage\"},\"thumbnailUrl\":\"https:\/\/qingdaohf.com\/wp-content\/uploads\/2024\/10\/marine-studless-chain_\u526f\u672c.jpg\",\"datePublished\":\"2024-10-29T08:45:43+00:00\",\"dateModified\":\"2025-11-13T01:02:54+00:00\",\"description\":\"Studless anchor chains are a dependable choice for heavy-duty mooring and anchoring, known for their robust structure and resistance to wear in demanding marine conditions.\",\"breadcrumb\":{\"@id\":\"https:\/\/qingdaohf.com\/product\/studless-anchor-chain\/#breadcrumb\"},\"inLanguage\":\"es\",\"potentialAction\":[{\"@type\":\"ReadAction\",\"target\":[\"https:\/\/qingdaohf.com\/product\/studless-anchor-chain\/\"]}]},{\"@type\":\"ImageObject\",\"inLanguage\":\"es\",\"@id\":\"https:\/\/qingdaohf.com\/product\/studless-anchor-chain\/#primaryimage\",\"url\":\"https:\/\/qingdaohf.com\/wp-content\/uploads\/2024\/10\/marine-studless-chain_\u526f\u672c.jpg\",\"contentUrl\":\"https:\/\/qingdaohf.com\/wp-content\/uploads\/2024\/10\/marine-studless-chain_\u526f\u672c.jpg\",\"width\":1000,\"height\":1000,\"caption\":\"studless chain\"},{\"@type\":\"BreadcrumbList\",\"@id\":\"https:\/\/qingdaohf.com\/product\/studless-anchor-chain\/#breadcrumb\",\"itemListElement\":[{\"@type\":\"ListItem\",\"position\":1,\"name\":\"Home\",\"item\":\"https:\/\/qingdaohf.com\/\"},{\"@type\":\"ListItem\",\"position\":2,\"name\":\"Concrete Forming Accessories and Rigging Hardware\",\"item\":\"https:\/\/qingdaohf.com\/bg\/?page_id=944\"},{\"@type\":\"ListItem\",\"position\":3,\"name\":\"Studless Anchor Chain\"}]},{\"@type\":\"WebSite\",\"@id\":\"https:\/\/qingdaohf.com\/bg\/#website\",\"url\":\"https:\/\/qingdaohf.com\/bg\/\",\"name\":\"Concrete Form & Rigging Hardware Supplier\",\"description\":\"\",\"publisher\":{\"@id\":\"https:\/\/qingdaohf.com\/bg\/#organization\"},\"potentialAction\":[{\"@type\":\"SearchAction\",\"target\":{\"@type\":\"EntryPoint\",\"urlTemplate\":\"https:\/\/qingdaohf.com\/bg\/?s={search_term_string}\"},\"query-input\":{\"@type\":\"PropertyValueSpecification\",\"valueRequired\":true,\"valueName\":\"search_term_string\"}}],\"inLanguage\":\"es\"},{\"@type\":\"Organization\",\"@id\":\"https:\/\/qingdaohf.com\/bg\/#organization\",\"name\":\"Qingdao H&F\",\"url\":\"https:\/\/qingdaohf.com\/bg\/\",\"logo\":{\"@type\":\"ImageObject\",\"inLanguage\":\"es\",\"@id\":\"https:\/\/qingdaohf.com\/bg\/#\/schema\/logo\/image\/\",\"url\":\"https:\/\/qingdaohf.com\/wp-content\/uploads\/2022\/12\/cropped-HF-LOGO.png\",\"contentUrl\":\"https:\/\/qingdaohf.com\/wp-content\/uploads\/2022\/12\/cropped-HF-LOGO.png\",\"width\":391,\"height\":249,\"caption\":\"Qingdao H&F\"},\"image\":{\"@id\":\"https:\/\/qingdaohf.com\/bg\/#\/schema\/logo\/image\/\"},\"sameAs\":[\"https:\/\/www.facebook.com\/qingdaohf\"]}]}<\/script>\n<!-- \/ Yoast SEO plugin. -->","yoast_head_json":{"title":"Studless Anchor Chain","description":"Studless anchor chains are a dependable choice for heavy-duty mooring and anchoring, known for their robust structure and resistance to wear in demanding marine conditions.","robots":{"index":"index","follow":"follow","max-snippet":"max-snippet:-1","max-image-preview":"max-image-preview:large","max-video-preview":"max-video-preview:-1"},"canonical":"https:\/\/qingdaohf.com\/es\/producto\/cadena-de-anclaje-sin-esparragos\/","og_locale":"es_ES","og_type":"article","og_title":"Studless Anchor Chain","og_description":"Studless anchor chains are a dependable choice for heavy-duty mooring and anchoring, known for their robust structure and resistance to wear in demanding marine conditions.","og_url":"https:\/\/qingdaohf.com\/es\/producto\/cadena-de-anclaje-sin-esparragos\/","og_site_name":"Concrete Form &amp; Rigging Hardware Supplier","article_publisher":"https:\/\/www.facebook.com\/qingdaohf","article_modified_time":"2025-11-13T01:02:54+00:00","og_image":[{"width":1000,"height":1000,"url":"https:\/\/qingdaohf.com\/wp-content\/uploads\/2024\/10\/marine-studless-chain_\u526f\u672c.jpg","type":"image\/jpeg"}],"twitter_card":"summary_large_image","twitter_misc":{"Tiempo de lectura":"5 minutos"},"schema":{"@context":"https:\/\/schema.org","@graph":[{"@type":"WebPage","@id":"https:\/\/qingdaohf.com\/product\/studless-anchor-chain\/","url":"https:\/\/qingdaohf.com\/product\/studless-anchor-chain\/","name":"Studless Anchor Chain","isPartOf":{"@id":"https:\/\/qingdaohf.com\/bg\/#website"},"primaryImageOfPage":{"@id":"https:\/\/qingdaohf.com\/product\/studless-anchor-chain\/#primaryimage"},"image":{"@id":"https:\/\/qingdaohf.com\/product\/studless-anchor-chain\/#primaryimage"},"thumbnailUrl":"https:\/\/qingdaohf.com\/wp-content\/uploads\/2024\/10\/marine-studless-chain_\u526f\u672c.jpg","datePublished":"2024-10-29T08:45:43+00:00","dateModified":"2025-11-13T01:02:54+00:00","description":"Studless anchor chains are a dependable choice for heavy-duty mooring and anchoring, known for their robust structure and resistance to wear in demanding marine conditions.","breadcrumb":{"@id":"https:\/\/qingdaohf.com\/product\/studless-anchor-chain\/#breadcrumb"},"inLanguage":"es","potentialAction":[{"@type":"ReadAction","target":["https:\/\/qingdaohf.com\/product\/studless-anchor-chain\/"]}]},{"@type":"ImageObject","inLanguage":"es","@id":"https:\/\/qingdaohf.com\/product\/studless-anchor-chain\/#primaryimage","url":"https:\/\/qingdaohf.com\/wp-content\/uploads\/2024\/10\/marine-studless-chain_\u526f\u672c.jpg","contentUrl":"https:\/\/qingdaohf.com\/wp-content\/uploads\/2024\/10\/marine-studless-chain_\u526f\u672c.jpg","width":1000,"height":1000,"caption":"studless chain"},{"@type":"BreadcrumbList","@id":"https:\/\/qingdaohf.com\/product\/studless-anchor-chain\/#breadcrumb","itemListElement":[{"@type":"ListItem","position":1,"name":"Home","item":"https:\/\/qingdaohf.com\/"},{"@type":"ListItem","position":2,"name":"Concrete Forming Accessories and Rigging Hardware","item":"https:\/\/qingdaohf.com\/bg\/?page_id=944"},{"@type":"ListItem","position":3,"name":"Studless Anchor Chain"}]},{"@type":"WebSite","@id":"https:\/\/qingdaohf.com\/bg\/#website","url":"https:\/\/qingdaohf.com\/bg\/","name":"Concrete Form & Rigging Hardware Supplier","description":"","publisher":{"@id":"https:\/\/qingdaohf.com\/bg\/#organization"},"potentialAction":[{"@type":"SearchAction","target":{"@type":"EntryPoint","urlTemplate":"https:\/\/qingdaohf.com\/bg\/?s={search_term_string}"},"query-input":{"@type":"PropertyValueSpecification","valueRequired":true,"valueName":"search_term_string"}}],"inLanguage":"es"},{"@type":"Organization","@id":"https:\/\/qingdaohf.com\/bg\/#organization","name":"Qingdao H&F","url":"https:\/\/qingdaohf.com\/bg\/","logo":{"@type":"ImageObject","inLanguage":"es","@id":"https:\/\/qingdaohf.com\/bg\/#\/schema\/logo\/image\/","url":"https:\/\/qingdaohf.com\/wp-content\/uploads\/2022\/12\/cropped-HF-LOGO.png","contentUrl":"https:\/\/qingdaohf.com\/wp-content\/uploads\/2022\/12\/cropped-HF-LOGO.png","width":391,"height":249,"caption":"Qingdao H&F"},"image":{"@id":"https:\/\/qingdaohf.com\/bg\/#\/schema\/logo\/image\/"},"sameAs":["https:\/\/www.facebook.com\/qingdaohf"]}]}},"_links":{"self":[{"href":"https:\/\/qingdaohf.com\/es\/wp-json\/wp\/v2\/product\/8178","targetHints":{"allow":["GET"]}}],"collection":[{"href":"https:\/\/qingdaohf.com\/es\/wp-json\/wp\/v2\/product"}],"about":[{"href":"https:\/\/qingdaohf.com\/es\/wp-json\/wp\/v2\/types\/product"}],"replies":[{"embeddable":true,"href":"https:\/\/qingdaohf.com\/es\/wp-json\/wp\/v2\/comments?post=8178"}],"version-history":[{"count":1,"href":"https:\/\/qingdaohf.com\/es\/wp-json\/wp\/v2\/product\/8178\/revisions"}],"predecessor-version":[{"id":8180,"href":"https:\/\/qingdaohf.com\/es\/wp-json\/wp\/v2\/product\/8178\/revisions\/8180"}],"wp:featuredmedia":[{"embeddable":true,"href":"https:\/\/qingdaohf.com\/es\/wp-json\/wp\/v2\/media\/8171"}],"wp:attachment":[{"href":"https:\/\/qingdaohf.com\/es\/wp-json\/wp\/v2\/media?parent=8178"}],"wp:term":[{"taxonomy":"product_brand","embeddable":true,"href":"https:\/\/qingdaohf.com\/es\/wp-json\/wp\/v2\/product_brand?post=8178"},{"taxonomy":"product_cat","embeddable":true,"href":"https:\/\/qingdaohf.com\/es\/wp-json\/wp\/v2\/product_cat?post=8178"},{"taxonomy":"product_tag","embeddable":true,"href":"https:\/\/qingdaohf.com\/es\/wp-json\/wp\/v2\/product_tag?post=8178"}],"curies":[{"name":"wp","href":"https:\/\/api.w.org\/{rel}","templated":true}]}}