{"id":8181,"date":"2024-10-29T16:52:37","date_gmt":"2024-10-29T08:52:37","guid":{"rendered":"http:\/\/qingdaohf.com\/?post_type=product&#038;p=8181"},"modified":"2025-11-13T09:02:54","modified_gmt":"2025-11-13T01:02:54","slug":"stud-link-chain","status":"publish","type":"product","link":"https:\/\/qingdaohf.com\/es\/producto\/cadena-de-eslabones\/","title":{"rendered":"Cadena de anclaje de eslabones"},"content":{"rendered":"<p><img fetchpriority=\"high\" decoding=\"async\" class=\"alignnone size-full wp-image-8170\" src=\"http:\/\/qingdaohf.com\/wp-content\/uploads\/2024\/10\/stud-link-anchor-chain_2.webp\" alt=\"cadena de anclaje de eslabones\" width=\"842\" height=\"1091\" srcset=\"https:\/\/qingdaohf.com\/wp-content\/uploads\/2024\/10\/stud-link-anchor-chain_2.webp 842w, https:\/\/qingdaohf.com\/wp-content\/uploads\/2024\/10\/stud-link-anchor-chain_2-232x300.webp 232w, https:\/\/qingdaohf.com\/wp-content\/uploads\/2024\/10\/stud-link-anchor-chain_2-790x1024.webp 790w, https:\/\/qingdaohf.com\/wp-content\/uploads\/2024\/10\/stud-link-anchor-chain_2-768x995.webp 768w, https:\/\/qingdaohf.com\/wp-content\/uploads\/2024\/10\/stud-link-anchor-chain_2-9x12.webp 9w\" sizes=\"(max-width: 842px) 100vw, 842px\" \/><\/p>\n<p>En entornos industriales, mar\u00edtimos y de alta mar, se conf\u00eda en las cadenas de eslabones de esp\u00e1rrago por su durabilidad y capacidad de manipulaci\u00f3n de cargas, que las hacen ideales para anclaje, amarre y diversas aplicaciones de elevaci\u00f3n de cargas pesadas. Estas cadenas est\u00e1n formadas por eslabones interconectados con esp\u00e1rragos colocados en el interior de cada eslab\u00f3n, lo que a\u00f1ade estabilidad estructural y ayuda a evitar la deformaci\u00f3n bajo grandes esfuerzos. Al seleccionar una cadena, los compradores deben centrarse en especificaciones como el di\u00e1metro, la carga de prueba y la calidad general del material, ya que estos factores influyen directamente en la seguridad y el rendimiento.<\/p>\n<p>La importancia de seleccionar la cadena de eslabones de esp\u00e1rrago adecuada va m\u00e1s all\u00e1 de la aplicaci\u00f3n general; las especificaciones de cada cadena deben ajustarse a los requisitos del sector y a las condiciones de carga previstas. Por ejemplo, el di\u00e1metro de los eslabones de la cadena, normalmente disponible en pulgadas, desempe\u00f1a un papel crucial a la hora de determinar la resistencia de la cadena y su idoneidad para diferentes usos. Las cadenas que cumplen normas internacionales, como la ISO 1704 y la normativa IACS, ofrecen a los compradores la garant\u00eda de que estos productos han sido sometidos a rigurosas pruebas de calidad y resistencia. En Qingdao H&amp;F, reconocemos la necesidad tanto de productos de alto rendimiento como de un servicio fiable, por lo que acompa\u00f1amos cada cadena con informes detallados de inspecci\u00f3n de calidad, que incluyen la carga de prueba, la carga de rotura y la composici\u00f3n del material. Al centrarse en la seguridad y la eficacia, nuestras cadenas de eslabones de esp\u00e1rrago proporcionan la confianza necesaria para la seguridad operativa en entornos dif\u00edciles.<\/p>\n<h3><strong>Resistencia y durabilidad de las cadenas de eslabones<\/strong><\/h3>\n<p>Las cadenas de eslabones de esp\u00e1rrago est\u00e1n fabricadas con acero de alta calidad, lo que les confiere una excepcional resistencia a la tracci\u00f3n y a la corrosi\u00f3n, dos caracter\u00edsticas cr\u00edticas en aplicaciones mar\u00edtimas y de la industria pesada. El perno presente en cada eslab\u00f3n evita la deformaci\u00f3n de la cadena manteniendo su forma general, incluso bajo el peso de cargas pesadas. Esta caracter\u00edstica de dise\u00f1o tambi\u00e9n ayuda a mitigar la tensi\u00f3n de flexi\u00f3n, un problema com\u00fan en aplicaciones de alto esfuerzo, alargando as\u00ed la vida \u00fatil de la cadena.<\/p>\n<p>Cada eslab\u00f3n est\u00e1 cuidadosamente fabricado para soportar cargas sin ceder a la deformaci\u00f3n o la fatiga, lo que hace que las cadenas Stud Link sean especialmente valiosas en aplicaciones en alta mar, donde la estabilidad y la resistencia son cruciales. Las cadenas de mayor di\u00e1metro ofrecen mayores cargas de prueba, lo que significa que pueden soportar un peso considerable sin ceder, por lo que son ideales para sistemas de amarre y cadenas de anclaje.<\/p>\n<p>En Qingdao H&amp;F, nuestro compromiso con la calidad incluye un riguroso proceso de pruebas en el que las cadenas se someten a evaluaciones de carga de prueba y resistencia a la tracci\u00f3n antes de su env\u00edo. Esta pr\u00e1ctica garantiza que cada producto cumpla los requisitos y resista las exigentes condiciones del uso industrial. Nuestro enfoque personalizado de atenci\u00f3n al cliente tambi\u00e9n significa que los compradores reciben orientaci\u00f3n experta para seleccionar el tama\u00f1o de cadena y las especificaciones adecuadas en funci\u00f3n de sus necesidades espec\u00edficas, lo que garantiza que cada compra se realice con conocimiento de causa.<\/p>\n<h3><strong>Aplicaciones y consideraciones del comprador de cadenas de eslabones de esp\u00e1rrago<\/strong><\/h3>\n<p>Las cadenas de eslabones de esp\u00e1rrago se emplean sobre todo en aplicaciones mar\u00edtimas, en particular como cadenas de anclaje y amarre, debido a su capacidad para soportar una exposici\u00f3n prolongada al agua de mar y una manipulaci\u00f3n brusca. Adem\u00e1s de los usos mar\u00edtimos, estas cadenas tambi\u00e9n encuentran aplicaciones en la construcci\u00f3n, la miner\u00eda y la maquinaria industrial, donde las cargas pesadas deben asegurarse y manejarse con la m\u00e1xima fiabilidad. Sin embargo, la elecci\u00f3n del di\u00e1metro de la cadena, el dise\u00f1o del esp\u00e1rrago y los materiales resultan cruciales para satisfacer las demandas espec\u00edficas de cada industria.<\/p>\n<p>Al seleccionar cadenas Stud Link, los compradores dan prioridad a varios atributos relacionados con el rendimiento. En primer lugar, la resistencia del material: el acero de alta resistencia a la tracci\u00f3n proporciona la durabilidad necesaria para las aplicaciones marinas, mientras que el acero aleado puede ser preferible por su mejor relaci\u00f3n resistencia-peso en la construcci\u00f3n. En segundo lugar, la resistencia a la corrosi\u00f3n es fundamental en entornos de agua salada, ya que cualquier merma en la calidad del material puede provocar una degradaci\u00f3n prematura de la cadena y poner en peligro la seguridad. Los compradores tambi\u00e9n deben tener en cuenta el \u00edndice de carga de prueba de la cadena para asegurarse de que puede soportar las cargas de peso espec\u00edficas previstas en sus operaciones.<\/p>\n<p>En Qingdao H&amp;F, nuestros r\u00e1pidos ciclos de entrega permiten a las empresas mantener sus operaciones ininterrumpidas sin excesivos tiempos de inactividad. Adem\u00e1s, ofrecemos informes de inspecci\u00f3n detallados, que proporcionan a nuestros clientes una visi\u00f3n clara de los par\u00e1metros de calidad de cada cadena antes del env\u00edo. Con este nivel de transparencia, los compradores pueden confiar en que nuestras cadenas cumplen no s\u00f3lo las normas del sector, sino tambi\u00e9n los requisitos exclusivos de cada aplicaci\u00f3n, ya sea para plataformas marinas, elevaci\u00f3n industrial u operaciones portuarias.<\/p>\n<h3><strong>Conclusi\u00f3n: Por qu\u00e9 elegir las cadenas de eslabones de Qingdao H&amp;F<\/strong><\/h3>\n<p>La selecci\u00f3n de una cadena de eslabones es una decisi\u00f3n basada en la seguridad y la funcionalidad, ya que estas cadenas deben soportar cargas extremas y entornos dif\u00edciles. En Qingdao H&amp;F, vamos m\u00e1s all\u00e1 del simple suministro de cadenas de alta calidad ofreciendo un servicio integral que incluye asesoramiento experto, entrega r\u00e1pida y transparencia del producto mediante informes de inspecci\u00f3n. Cada una de nuestras cadenas cumple rigurosas normas de ensayo, lo que garantiza a nuestros compradores calidad y durabilidad en cada compra.<\/p>\n<p>Nuestro compromiso con un servicio de atenci\u00f3n al cliente personalizado significa que apoyamos a los clientes en todas las etapas, desde la selecci\u00f3n del producto hasta las consultas postventa, garantizando la mejor experiencia de compra posible. Tanto si se utilizan en entornos mar\u00edtimos como en elevaci\u00f3n industrial u otros entornos de cargas elevadas, las cadenas de eslabones de Qingdao H&amp;F no solo ofrecen calidad, sino tambi\u00e9n la fiabilidad y la asistencia que toda empresa necesita para tener \u00e9xito.<\/p>","protected":false},"excerpt":{"rendered":"<p>Una cadena de eslabones ofrece una gran resistencia y estabilidad, ideal para aplicaciones pesadas en las que la durabilidad y la fiabilidad son primordiales. A la hora de seleccionar una cadena de eslabones, los compradores suelen dar prioridad a factores como la calidad del material, la capacidad de carga y la resistencia a entornos adversos. En Qingdao H&amp;F, damos prioridad a estas necesidades asegur\u00e1ndonos de que cada cadena cumple estrictas normas de calidad y proporcionando informes de inspecci\u00f3n detallados, incluidos datos de carga de prueba y resistencia a la tracci\u00f3n. Con nuestro enfoque personalizado de atenci\u00f3n al cliente y nuestro eficaz ciclo de entrega, no s\u00f3lo suministramos productos, sino tambi\u00e9n soluciones fiables que permiten un funcionamiento m\u00e1s fluido y seguro de su empresa.<\/p>","protected":false},"featured_media":4678,"comment_status":"open","ping_status":"closed","template":"","meta":{"site-sidebar-layout":"default","site-content-layout":"","ast-site-content-layout":"default","site-content-style":"default","site-sidebar-style":"default","ast-global-header-display":"","ast-banner-title-visibility":"","ast-main-header-display":"","ast-hfb-above-header-display":"","ast-hfb-below-header-display":"","ast-hfb-mobile-header-display":"","site-post-title":"","ast-breadcrumbs-content":"","ast-featured-img":"","footer-sml-layout":"","theme-transparent-header-meta":"default","adv-header-id-meta":"","stick-header-meta":"default","header-above-stick-meta":"","header-main-stick-meta":"","header-below-stick-meta":"","astra-migrate-meta-layouts":"set","ast-page-background-enabled":"default","ast-page-background-meta":{"desktop":{"background-color":"","background-image":"","background-repeat":"repeat","background-position":"center center","background-size":"auto","background-attachment":"scroll","background-type":"","background-media":"","overlay-type":"","overlay-color":"","overlay-opacity":"","overlay-gradient":""},"tablet":{"background-color":"","background-image":"","background-repeat":"repeat","background-position":"center center","background-size":"auto","background-attachment":"scroll","background-type":"","background-media":"","overlay-type":"","overlay-color":"","overlay-opacity":"","overlay-gradient":""},"mobile":{"background-color":"","background-image":"","background-repeat":"repeat","background-position":"center center","background-size":"auto","background-attachment":"scroll","background-type":"","background-media":"","overlay-type":"","overlay-color":"","overlay-opacity":"","overlay-gradient":""}},"ast-content-background-meta":{"desktop":{"background-color":"var(--ast-global-color-5)","background-image":"","background-repeat":"repeat","background-position":"center center","background-size":"auto","background-attachment":"scroll","background-type":"","background-media":"","overlay-type":"","overlay-color":"","overlay-opacity":"","overlay-gradient":""},"tablet":{"background-color":"var(--ast-global-color-5)","background-image":"","background-repeat":"repeat","background-position":"center center","background-size":"auto","background-attachment":"scroll","background-type":"","background-media":"","overlay-type":"","overlay-color":"","overlay-opacity":"","overlay-gradient":""},"mobile":{"background-color":"var(--ast-global-color-5)","background-image":"","background-repeat":"repeat","background-position":"center center","background-size":"auto","background-attachment":"scroll","background-type":"","background-media":"","overlay-type":"","overlay-color":"","overlay-opacity":"","overlay-gradient":""}}},"product_brand":[],"product_cat":[38],"product_tag":[],"class_list":{"0":"post-8181","1":"product","2":"type-product","3":"status-publish","4":"has-post-thumbnail","6":"product_cat-chain","7":"desktop-align-left","8":"tablet-align-left","9":"mobile-align-left","10":"ast-product-gallery-layout-horizontal-slider","11":"ast-product-tabs-layout-horizontal","13":"first","14":"instock","15":"shipping-taxable","16":"purchasable","17":"product-type-simple"},"yoast_head":"<!-- This site is optimized with the Yoast SEO plugin v25.2 - https:\/\/yoast.com\/wordpress\/plugins\/seo\/ -->\n<title>Stud Link Anchor Chain<\/title>\n<meta name=\"robots\" content=\"index, follow, max-snippet:-1, max-image-preview:large, max-video-preview:-1\" \/>\n<link rel=\"canonical\" href=\"https:\/\/qingdaohf.com\/es\/producto\/cadena-de-eslabones\/\" \/>\n<meta property=\"og:locale\" content=\"es_ES\" \/>\n<meta property=\"og:type\" content=\"article\" \/>\n<meta property=\"og:title\" content=\"Stud Link Anchor Chain\" \/>\n<meta property=\"og:description\" content=\"A Stud Link Chain offers robust strength and stability, ideal for heavy-duty applications where durability and reliability are paramount. Buyers often prioritize factors like material quality, load-bearing capacity, and resistance to harsh environments when selecting a Stud Link Chain. At Qingdao H&amp;F, we prioritize these needs by ensuring every chain meets stringent quality standards and providing detailed inspection reports, including proof load and tensile strength data. With our one-on-one customer service approach and efficient delivery cycle, we deliver not just products but reliable solutions that enable smoother, safer operations for your business.\" \/>\n<meta property=\"og:url\" content=\"https:\/\/qingdaohf.com\/es\/producto\/cadena-de-eslabones\/\" \/>\n<meta property=\"og:site_name\" content=\"Concrete Form &amp; Rigging Hardware Supplier\" \/>\n<meta property=\"article:publisher\" content=\"https:\/\/www.facebook.com\/qingdaohf\" \/>\n<meta property=\"article:modified_time\" content=\"2025-11-13T01:02:54+00:00\" \/>\n<meta property=\"og:image\" content=\"https:\/\/qingdaohf.com\/wp-content\/uploads\/2023\/04\/Marine-anchor-chain.jpg\" \/>\n\t<meta property=\"og:image:width\" content=\"1000\" \/>\n\t<meta property=\"og:image:height\" content=\"1000\" \/>\n\t<meta property=\"og:image:type\" content=\"image\/jpeg\" \/>\n<meta name=\"twitter:card\" content=\"summary_large_image\" \/>\n<meta name=\"twitter:label1\" content=\"Tiempo de lectura\" \/>\n\t<meta name=\"twitter:data1\" content=\"4 minutos\" \/>\n<script type=\"application\/ld+json\" class=\"yoast-schema-graph\">{\"@context\":\"https:\/\/schema.org\",\"@graph\":[{\"@type\":\"WebPage\",\"@id\":\"https:\/\/qingdaohf.com\/product\/stud-link-chain\/\",\"url\":\"https:\/\/qingdaohf.com\/product\/stud-link-chain\/\",\"name\":\"Stud Link Anchor Chain\",\"isPartOf\":{\"@id\":\"https:\/\/qingdaohf.com\/bg\/#website\"},\"primaryImageOfPage\":{\"@id\":\"https:\/\/qingdaohf.com\/product\/stud-link-chain\/#primaryimage\"},\"image\":{\"@id\":\"https:\/\/qingdaohf.com\/product\/stud-link-chain\/#primaryimage\"},\"thumbnailUrl\":\"https:\/\/qingdaohf.com\/wp-content\/uploads\/2023\/04\/Marine-anchor-chain.jpg\",\"datePublished\":\"2024-10-29T08:52:37+00:00\",\"dateModified\":\"2025-11-13T01:02:54+00:00\",\"breadcrumb\":{\"@id\":\"https:\/\/qingdaohf.com\/product\/stud-link-chain\/#breadcrumb\"},\"inLanguage\":\"es\",\"potentialAction\":[{\"@type\":\"ReadAction\",\"target\":[\"https:\/\/qingdaohf.com\/product\/stud-link-chain\/\"]}]},{\"@type\":\"ImageObject\",\"inLanguage\":\"es\",\"@id\":\"https:\/\/qingdaohf.com\/product\/stud-link-chain\/#primaryimage\",\"url\":\"https:\/\/qingdaohf.com\/wp-content\/uploads\/2023\/04\/Marine-anchor-chain.jpg\",\"contentUrl\":\"https:\/\/qingdaohf.com\/wp-content\/uploads\/2023\/04\/Marine-anchor-chain.jpg\",\"width\":1000,\"height\":1000,\"caption\":\"Marine anchor chain\"},{\"@type\":\"BreadcrumbList\",\"@id\":\"https:\/\/qingdaohf.com\/product\/stud-link-chain\/#breadcrumb\",\"itemListElement\":[{\"@type\":\"ListItem\",\"position\":1,\"name\":\"Home\",\"item\":\"https:\/\/qingdaohf.com\/\"},{\"@type\":\"ListItem\",\"position\":2,\"name\":\"Concrete Forming Accessories and Rigging Hardware\",\"item\":\"https:\/\/qingdaohf.com\/bg\/?page_id=944\"},{\"@type\":\"ListItem\",\"position\":3,\"name\":\"Stud Link Anchor Chain\"}]},{\"@type\":\"WebSite\",\"@id\":\"https:\/\/qingdaohf.com\/bg\/#website\",\"url\":\"https:\/\/qingdaohf.com\/bg\/\",\"name\":\"Concrete Form & Rigging Hardware Supplier\",\"description\":\"\",\"publisher\":{\"@id\":\"https:\/\/qingdaohf.com\/bg\/#organization\"},\"potentialAction\":[{\"@type\":\"SearchAction\",\"target\":{\"@type\":\"EntryPoint\",\"urlTemplate\":\"https:\/\/qingdaohf.com\/bg\/?s={search_term_string}\"},\"query-input\":{\"@type\":\"PropertyValueSpecification\",\"valueRequired\":true,\"valueName\":\"search_term_string\"}}],\"inLanguage\":\"es\"},{\"@type\":\"Organization\",\"@id\":\"https:\/\/qingdaohf.com\/bg\/#organization\",\"name\":\"Qingdao H&F\",\"url\":\"https:\/\/qingdaohf.com\/bg\/\",\"logo\":{\"@type\":\"ImageObject\",\"inLanguage\":\"es\",\"@id\":\"https:\/\/qingdaohf.com\/bg\/#\/schema\/logo\/image\/\",\"url\":\"https:\/\/qingdaohf.com\/wp-content\/uploads\/2022\/12\/cropped-HF-LOGO.png\",\"contentUrl\":\"https:\/\/qingdaohf.com\/wp-content\/uploads\/2022\/12\/cropped-HF-LOGO.png\",\"width\":391,\"height\":249,\"caption\":\"Qingdao H&F\"},\"image\":{\"@id\":\"https:\/\/qingdaohf.com\/bg\/#\/schema\/logo\/image\/\"},\"sameAs\":[\"https:\/\/www.facebook.com\/qingdaohf\"]}]}<\/script>\n<!-- \/ Yoast SEO plugin. -->","yoast_head_json":{"title":"Stud Link Anchor Chain","robots":{"index":"index","follow":"follow","max-snippet":"max-snippet:-1","max-image-preview":"max-image-preview:large","max-video-preview":"max-video-preview:-1"},"canonical":"https:\/\/qingdaohf.com\/es\/producto\/cadena-de-eslabones\/","og_locale":"es_ES","og_type":"article","og_title":"Stud Link Anchor Chain","og_description":"A Stud Link Chain offers robust strength and stability, ideal for heavy-duty applications where durability and reliability are paramount. Buyers often prioritize factors like material quality, load-bearing capacity, and resistance to harsh environments when selecting a Stud Link Chain. At Qingdao H&amp;F, we prioritize these needs by ensuring every chain meets stringent quality standards and providing detailed inspection reports, including proof load and tensile strength data. With our one-on-one customer service approach and efficient delivery cycle, we deliver not just products but reliable solutions that enable smoother, safer operations for your business.","og_url":"https:\/\/qingdaohf.com\/es\/producto\/cadena-de-eslabones\/","og_site_name":"Concrete Form &amp; Rigging Hardware Supplier","article_publisher":"https:\/\/www.facebook.com\/qingdaohf","article_modified_time":"2025-11-13T01:02:54+00:00","og_image":[{"width":1000,"height":1000,"url":"https:\/\/qingdaohf.com\/wp-content\/uploads\/2023\/04\/Marine-anchor-chain.jpg","type":"image\/jpeg"}],"twitter_card":"summary_large_image","twitter_misc":{"Tiempo de lectura":"4 minutos"},"schema":{"@context":"https:\/\/schema.org","@graph":[{"@type":"WebPage","@id":"https:\/\/qingdaohf.com\/product\/stud-link-chain\/","url":"https:\/\/qingdaohf.com\/product\/stud-link-chain\/","name":"Stud Link Anchor Chain","isPartOf":{"@id":"https:\/\/qingdaohf.com\/bg\/#website"},"primaryImageOfPage":{"@id":"https:\/\/qingdaohf.com\/product\/stud-link-chain\/#primaryimage"},"image":{"@id":"https:\/\/qingdaohf.com\/product\/stud-link-chain\/#primaryimage"},"thumbnailUrl":"https:\/\/qingdaohf.com\/wp-content\/uploads\/2023\/04\/Marine-anchor-chain.jpg","datePublished":"2024-10-29T08:52:37+00:00","dateModified":"2025-11-13T01:02:54+00:00","breadcrumb":{"@id":"https:\/\/qingdaohf.com\/product\/stud-link-chain\/#breadcrumb"},"inLanguage":"es","potentialAction":[{"@type":"ReadAction","target":["https:\/\/qingdaohf.com\/product\/stud-link-chain\/"]}]},{"@type":"ImageObject","inLanguage":"es","@id":"https:\/\/qingdaohf.com\/product\/stud-link-chain\/#primaryimage","url":"https:\/\/qingdaohf.com\/wp-content\/uploads\/2023\/04\/Marine-anchor-chain.jpg","contentUrl":"https:\/\/qingdaohf.com\/wp-content\/uploads\/2023\/04\/Marine-anchor-chain.jpg","width":1000,"height":1000,"caption":"Marine anchor chain"},{"@type":"BreadcrumbList","@id":"https:\/\/qingdaohf.com\/product\/stud-link-chain\/#breadcrumb","itemListElement":[{"@type":"ListItem","position":1,"name":"Home","item":"https:\/\/qingdaohf.com\/"},{"@type":"ListItem","position":2,"name":"Concrete Forming Accessories and Rigging Hardware","item":"https:\/\/qingdaohf.com\/bg\/?page_id=944"},{"@type":"ListItem","position":3,"name":"Stud Link Anchor Chain"}]},{"@type":"WebSite","@id":"https:\/\/qingdaohf.com\/bg\/#website","url":"https:\/\/qingdaohf.com\/bg\/","name":"Concrete Form & Rigging Hardware Supplier","description":"","publisher":{"@id":"https:\/\/qingdaohf.com\/bg\/#organization"},"potentialAction":[{"@type":"SearchAction","target":{"@type":"EntryPoint","urlTemplate":"https:\/\/qingdaohf.com\/bg\/?s={search_term_string}"},"query-input":{"@type":"PropertyValueSpecification","valueRequired":true,"valueName":"search_term_string"}}],"inLanguage":"es"},{"@type":"Organization","@id":"https:\/\/qingdaohf.com\/bg\/#organization","name":"Qingdao H&F","url":"https:\/\/qingdaohf.com\/bg\/","logo":{"@type":"ImageObject","inLanguage":"es","@id":"https:\/\/qingdaohf.com\/bg\/#\/schema\/logo\/image\/","url":"https:\/\/qingdaohf.com\/wp-content\/uploads\/2022\/12\/cropped-HF-LOGO.png","contentUrl":"https:\/\/qingdaohf.com\/wp-content\/uploads\/2022\/12\/cropped-HF-LOGO.png","width":391,"height":249,"caption":"Qingdao H&F"},"image":{"@id":"https:\/\/qingdaohf.com\/bg\/#\/schema\/logo\/image\/"},"sameAs":["https:\/\/www.facebook.com\/qingdaohf"]}]}},"_links":{"self":[{"href":"https:\/\/qingdaohf.com\/es\/wp-json\/wp\/v2\/product\/8181","targetHints":{"allow":["GET"]}}],"collection":[{"href":"https:\/\/qingdaohf.com\/es\/wp-json\/wp\/v2\/product"}],"about":[{"href":"https:\/\/qingdaohf.com\/es\/wp-json\/wp\/v2\/types\/product"}],"replies":[{"embeddable":true,"href":"https:\/\/qingdaohf.com\/es\/wp-json\/wp\/v2\/comments?post=8181"}],"version-history":[{"count":2,"href":"https:\/\/qingdaohf.com\/es\/wp-json\/wp\/v2\/product\/8181\/revisions"}],"predecessor-version":[{"id":8341,"href":"https:\/\/qingdaohf.com\/es\/wp-json\/wp\/v2\/product\/8181\/revisions\/8341"}],"wp:featuredmedia":[{"embeddable":true,"href":"https:\/\/qingdaohf.com\/es\/wp-json\/wp\/v2\/media\/4678"}],"wp:attachment":[{"href":"https:\/\/qingdaohf.com\/es\/wp-json\/wp\/v2\/media?parent=8181"}],"wp:term":[{"taxonomy":"product_brand","embeddable":true,"href":"https:\/\/qingdaohf.com\/es\/wp-json\/wp\/v2\/product_brand?post=8181"},{"taxonomy":"product_cat","embeddable":true,"href":"https:\/\/qingdaohf.com\/es\/wp-json\/wp\/v2\/product_cat?post=8181"},{"taxonomy":"product_tag","embeddable":true,"href":"https:\/\/qingdaohf.com\/es\/wp-json\/wp\/v2\/product_tag?post=8181"}],"curies":[{"name":"wp","href":"https:\/\/api.w.org\/{rel}","templated":true}]}}