{"id":8277,"date":"2024-11-05T14:01:41","date_gmt":"2024-11-05T06:01:41","guid":{"rendered":"http:\/\/qingdaohf.com\/?post_type=product&#038;p=8277"},"modified":"2025-11-13T09:02:53","modified_gmt":"2025-11-13T01:02:53","slug":"webbing-sling-2-ton","status":"publish","type":"product","link":"https:\/\/qingdaohf.com\/es\/producto\/eslinga-de-cincha-2-ton\/","title":{"rendered":"Eslinga de cinta plana de poli\u00e9ster doble d\u00faplex de 2 toneladas"},"content":{"rendered":"<div class=\"flex max-w-full flex-col flex-grow\">\n<div class=\"min-h-8 text-message flex w-full flex-col items-end gap-2 whitespace-normal break-words [.text-message+&amp;]:mt-5\" dir=\"auto\" data-message-author-role=\"assistant\" data-message-id=\"df1a8cb9-4730-4671-a7fd-4bac8c133d3f\" data-message-model-slug=\"gpt-4o\">\n<div class=\"flex w-full flex-col gap-1 empty:hidden first:pt-[3px]\">\n<div class=\"markdown prose w-full break-words dark:prose-invert light\">\n<h3><strong>Eslinga de cincha vers\u00e1til de 2 toneladas para soluciones de elevaci\u00f3n robustas<\/strong><\/h3>\n<p>La eslinga de cinta de 2 toneladas es una herramienta crucial para elevar y manipular con seguridad cargas pesadas en diversos sectores. Fabricada con fibras sint\u00e9ticas de alta calidad, esta eslinga es resistente y flexible a la vez, y combina la durabilidad necesaria para condiciones dif\u00edciles con la facilidad de uso. La capacidad de 2 toneladas es adecuada para cargas de tama\u00f1o medio, lo que la hace muy vers\u00e1til en sectores como la construcci\u00f3n, el almacenamiento, el transporte y la fabricaci\u00f3n. La eslinga de cinta de 2 toneladas de Qingdao H&amp;F ofrece una soluci\u00f3n fiable que satisface las expectativas de rendimiento y seguridad de los profesionales de diversos campos.<\/p>\n<p>En los sectores en los que la elevaci\u00f3n de cargas pesadas es fundamental, garantizar la seguridad y fiabilidad de los equipos es primordial. La eslinga de cinta de 2 toneladas de Qingdao H&amp;F se ha dise\u00f1ado espec\u00edficamente para ofrecer una resistencia \u00f3ptima sin comprometer la flexibilidad, lo que permite una manipulaci\u00f3n segura y eficaz de la carga. Los compradores buscan una combinaci\u00f3n de alta capacidad de carga, durabilidad y resistencia al desgaste, todas ellas caracter\u00edsticas cuidadosamente integradas en el dise\u00f1o de esta eslinga. Gracias a su construcci\u00f3n sint\u00e9tica, la eslinga de 2 toneladas es m\u00e1s ligera y manejable que las alternativas met\u00e1licas, lo que reduce la probabilidad de fatiga del operario y aumenta la seguridad general.<\/p>\n<p>Qingdao H&amp;F complementa la calidad superior de sus eslingas de cinta con servicios orientados al cliente. Cada producto se somete a una rigurosa inspecci\u00f3n, acompa\u00f1ada de exhaustivos informes de calidad para garantizar que los compradores tengan plena confianza en su compra. Nuestro enfoque personalizado de atenci\u00f3n al cliente garantiza que se satisfagan las necesidades espec\u00edficas de cada comprador, y nuestro eficaz proceso de entrega garantiza la llegada puntual para que los flujos de trabajo de los proyectos no se interrumpan.<\/p>\n<h3><strong>Calidad de construcci\u00f3n y materiales para un rendimiento duradero<\/strong><\/h3>\n<p>La composici\u00f3n del material de la eslinga de cinta de 2 toneladas es una de sus caracter\u00edsticas definitorias, ya que se elige para soportar un uso repetido en condiciones exigentes. Fabricadas normalmente en poli\u00e9ster o nailon, cada material aporta ventajas espec\u00edficas. Las eslingas de poli\u00e9ster, por ejemplo, son resistentes a la humedad y a los rayos UV, lo que las hace ideales para aplicaciones al aire libre y de larga duraci\u00f3n. Las eslingas de nailon, conocidas por su elasticidad, ofrecen una excelente absorci\u00f3n de impactos, muy valiosa cuando se manejan cargas din\u00e1micas. Independientemente del material, cada eslinga se somete a pruebas meticulosas para confirmar que puede soportar hasta 2 toneladas con seguridad.<\/p>\n<p>Los procesos de producci\u00f3n se controlan cuidadosamente para garantizar la uniformidad y la fiabilidad. Desde la selecci\u00f3n de la fibra hasta el tejido final, cada paso se da pensando en la durabilidad, garantizando que la eslinga se mantenga fuerte con el paso del tiempo. Los bucles reforzados y los acabados resistentes a la abrasi\u00f3n prolongan a\u00fan m\u00e1s la vida \u00fatil del producto, proporcionando valor a los compradores que buscan soluciones de elevaci\u00f3n rentables y de alto rendimiento. Con cada eslinga, Qingdao H&amp;F ofrece la garant\u00eda de un producto sometido a pruebas de seguridad, fiabilidad y longevidad, que cumple las exigentes normas de las industrias que dependen de equipos de elevaci\u00f3n fiables.<\/p>\n<h3><strong>Aplicaciones en diversos sectores<\/strong><\/h3>\n<p>La adaptabilidad de la eslinga de cinta de 2 toneladas la hace valiosa en diversos campos, como la log\u00edstica, la construcci\u00f3n y el mantenimiento industrial. En la construcci\u00f3n, por ejemplo, este rango de capacidad es adecuado para colocar vigas, asegurar maquinaria pesada o mover materiales de construcci\u00f3n esenciales. El dise\u00f1o ligero pero robusto de las eslingas de cinta simplifica la manipulaci\u00f3n de cargas en estos casos y, a diferencia de las cadenas de acero, el material sint\u00e9tico minimiza el riesgo de da\u00f1os en la superficie. En log\u00edstica y almacenaje, la capacidad de 2 toneladas se adapta a env\u00edos y materiales de peso medio, ideal para situaciones que requieren tanto estabilidad de la carga como una manipulaci\u00f3n cuidadosa.<\/p>\n<p>Adem\u00e1s de su resistencia y durabilidad, los compradores suelen valorar la flexibilidad que ofrecen las eslingas de cinta en comparaci\u00f3n con las cadenas o cuerdas de elevaci\u00f3n tradicionales. El material sint\u00e9tico facilita las maniobras, por lo que resulta pr\u00e1ctico para operaciones de elevaci\u00f3n en espacios reducidos o con configuraciones de carga \u00fanicas. Adem\u00e1s, el dise\u00f1o de la eslinga de cinta de 2 toneladas permite elevaciones m\u00e1s seguras y estables, aumentando la confianza del operario y reduciendo el riesgo de accidentes o da\u00f1os materiales. Con el enfoque de Qingdao H&amp;F en la calidad y el rendimiento, cada eslinga proporciona una soluci\u00f3n pr\u00e1ctica, segura y vers\u00e1til adaptada a diversos sectores.<\/p>\n<h3><strong>Compromiso de Qingdao H&amp;F con el servicio y la garant\u00eda de calidad<\/strong><\/h3>\n<p>Qingdao H&amp;F no s\u00f3lo proporciona productos de alta calidad, sino que tambi\u00e9n se centra en ofrecer una experiencia de compra excepcional. La eslinga de cinta de 2 toneladas se suministra con un completo informe de inspecci\u00f3n, que garantiza la transparencia en la calidad del producto y el cumplimiento de las normas del sector. Cada informe detalla las m\u00e9tricas cr\u00edticas de rendimiento, dando a los compradores confianza en su inversi\u00f3n. Al verificar la capacidad de carga y confirmar la durabilidad del producto, estos informes ofrecen informaci\u00f3n esencial para las empresas que dan prioridad a soluciones de elevaci\u00f3n seguras y eficaces.<\/p>\n<p>Adem\u00e1s, el compromiso de Qingdao H&amp;F con el servicio al cliente aumenta el valor de nuestras eslingas de cinta. Con un apoyo personalizado, nuestro equipo ayuda a los clientes a elegir productos adaptados a sus necesidades operativas. Este servicio personalizado se prolonga m\u00e1s all\u00e1 de la compra, proporcionando orientaci\u00f3n sobre pr\u00e1cticas de mantenimiento que prolongan la vida \u00fatil del producto. Adem\u00e1s, nuestros r\u00e1pidos ciclos de entrega se ajustan a las demandas de nuestros clientes, que deben cumplir plazos estrictos para recibir sus eslingas con prontitud y evitar retrasos en sus operaciones.<\/p>\n<p>Para los compradores centrados en la calidad, la fiabilidad y un servicio eficaz, Qingdao H&amp;F ofrece una soluci\u00f3n integral con su eslinga de cinta de 2 toneladas. Este producto encarna la fuerza y la flexibilidad, junto con la dedicaci\u00f3n a satisfacer las necesidades log\u00edsticas y de seguridad de los clientes. Con cada eslinga de cinta, los compradores se benefician no s\u00f3lo de una herramienta de elevaci\u00f3n de primer nivel, sino tambi\u00e9n del apoyo y la garant\u00eda de una empresa comprometida con la excelencia.<\/p>\n<\/div>\n<\/div>\n<\/div>\n<\/div>\n<div class=\"mb-2 flex gap-3 empty:hidden -ml-2\">\n<div class=\"items-center justify-start rounded-xl p-1 flex\">\n<div class=\"flex items-center\"><\/div>\n<\/div>\n<\/div>","protected":false},"excerpt":{"rendered":"<p>La eslinga de cinta de 2 toneladas de Qingdao H&amp;F es una soluci\u00f3n fiable y de gran capacidad para diversas aplicaciones de elevaci\u00f3n. Los compradores suelen dar prioridad a factores como la seguridad de la carga, la durabilidad y la facilidad de manejo, todo lo cual proporciona esta eslinga de cinta. Fabricada con resistentes fibras sint\u00e9ticas, soporta condiciones exigentes y ofrece un rendimiento fiable. Como empresa comercial, Qingdao H&amp;F ofrece importantes ventajas, como un servicio de atenci\u00f3n al cliente personalizado, ciclos de entrega r\u00e1pidos e informes detallados de inspecci\u00f3n de calidad, que garantizan que cada producto cumpla las rigurosas normas y expectativas de los compradores.<\/p>","protected":false},"featured_media":8196,"comment_status":"open","ping_status":"closed","template":"","meta":{"site-sidebar-layout":"default","site-content-layout":"","ast-site-content-layout":"default","site-content-style":"default","site-sidebar-style":"default","ast-global-header-display":"","ast-banner-title-visibility":"","ast-main-header-display":"","ast-hfb-above-header-display":"","ast-hfb-below-header-display":"","ast-hfb-mobile-header-display":"","site-post-title":"","ast-breadcrumbs-content":"","ast-featured-img":"","footer-sml-layout":"","theme-transparent-header-meta":"default","adv-header-id-meta":"","stick-header-meta":"default","header-above-stick-meta":"","header-main-stick-meta":"","header-below-stick-meta":"","astra-migrate-meta-layouts":"set","ast-page-background-enabled":"default","ast-page-background-meta":{"desktop":{"background-color":"","background-image":"","background-repeat":"repeat","background-position":"center center","background-size":"auto","background-attachment":"scroll","background-type":"","background-media":"","overlay-type":"","overlay-color":"","overlay-opacity":"","overlay-gradient":""},"tablet":{"background-color":"","background-image":"","background-repeat":"repeat","background-position":"center center","background-size":"auto","background-attachment":"scroll","background-type":"","background-media":"","overlay-type":"","overlay-color":"","overlay-opacity":"","overlay-gradient":""},"mobile":{"background-color":"","background-image":"","background-repeat":"repeat","background-position":"center center","background-size":"auto","background-attachment":"scroll","background-type":"","background-media":"","overlay-type":"","overlay-color":"","overlay-opacity":"","overlay-gradient":""}},"ast-content-background-meta":{"desktop":{"background-color":"var(--ast-global-color-5)","background-image":"","background-repeat":"repeat","background-position":"center center","background-size":"auto","background-attachment":"scroll","background-type":"","background-media":"","overlay-type":"","overlay-color":"","overlay-opacity":"","overlay-gradient":""},"tablet":{"background-color":"var(--ast-global-color-5)","background-image":"","background-repeat":"repeat","background-position":"center center","background-size":"auto","background-attachment":"scroll","background-type":"","background-media":"","overlay-type":"","overlay-color":"","overlay-opacity":"","overlay-gradient":""},"mobile":{"background-color":"var(--ast-global-color-5)","background-image":"","background-repeat":"repeat","background-position":"center center","background-size":"auto","background-attachment":"scroll","background-type":"","background-media":"","overlay-type":"","overlay-color":"","overlay-opacity":"","overlay-gradient":""}}},"product_brand":[],"product_cat":[39],"product_tag":[],"class_list":{"0":"post-8277","1":"product","2":"type-product","3":"status-publish","4":"has-post-thumbnail","6":"product_cat-webbing-sling","7":"desktop-align-left","8":"tablet-align-left","9":"mobile-align-left","10":"ast-product-gallery-layout-horizontal-slider","11":"ast-product-gallery-with-no-image","12":"ast-product-tabs-layout-horizontal","14":"first","15":"instock","16":"shipping-taxable","17":"purchasable","18":"product-type-simple"},"yoast_head":"<!-- This site is optimized with the Yoast SEO plugin v25.2 - https:\/\/yoast.com\/wordpress\/plugins\/seo\/ -->\n<title>Flat Webbing Sling 2 Ton Polyester Double Duplex<\/title>\n<meta name=\"robots\" content=\"index, follow, max-snippet:-1, max-image-preview:large, max-video-preview:-1\" \/>\n<link rel=\"canonical\" href=\"https:\/\/qingdaohf.com\/es\/producto\/eslinga-de-cincha-2-ton\/\" \/>\n<meta property=\"og:locale\" content=\"es_ES\" \/>\n<meta property=\"og:type\" content=\"article\" \/>\n<meta property=\"og:title\" content=\"Flat Webbing Sling 2 Ton Polyester Double Duplex\" \/>\n<meta property=\"og:description\" content=\"The 2-ton webbing sling from Qingdao H&amp;F is a dependable, high-capacity solution for various lifting applications. Buyers often prioritize factors like load security, durability, and ease of handling, all of which this webbing sling provides. Crafted with strong synthetic fibers, it withstands demanding conditions, offering reliable performance. As a trading company, Qingdao H&amp;F delivers significant benefits, including one-to-one customer service, rapid delivery cycles, and detailed quality inspection reports, ensuring each product meets rigorous standards and buyer expectations.\" \/>\n<meta property=\"og:url\" content=\"https:\/\/qingdaohf.com\/es\/producto\/eslinga-de-cincha-2-ton\/\" \/>\n<meta property=\"og:site_name\" content=\"Concrete Form &amp; Rigging Hardware Supplier\" \/>\n<meta property=\"article:publisher\" content=\"https:\/\/www.facebook.com\/qingdaohf\" \/>\n<meta property=\"article:modified_time\" content=\"2025-11-13T01:02:53+00:00\" \/>\n<meta property=\"og:image\" content=\"https:\/\/qingdaohf.com\/wp-content\/uploads\/2024\/10\/2-ton_1.webp\" \/>\n\t<meta property=\"og:image:width\" content=\"1000\" \/>\n\t<meta property=\"og:image:height\" content=\"1000\" \/>\n\t<meta property=\"og:image:type\" content=\"image\/webp\" \/>\n<meta name=\"twitter:card\" content=\"summary_large_image\" \/>\n<meta name=\"twitter:label1\" content=\"Tiempo de lectura\" \/>\n\t<meta name=\"twitter:data1\" content=\"4 minutos\" \/>\n<script type=\"application\/ld+json\" class=\"yoast-schema-graph\">{\"@context\":\"https:\/\/schema.org\",\"@graph\":[{\"@type\":\"WebPage\",\"@id\":\"https:\/\/qingdaohf.com\/product\/webbing-sling-2-ton\/\",\"url\":\"https:\/\/qingdaohf.com\/product\/webbing-sling-2-ton\/\",\"name\":\"Flat Webbing Sling 2 Ton Polyester Double Duplex\",\"isPartOf\":{\"@id\":\"https:\/\/qingdaohf.com\/bg\/#website\"},\"primaryImageOfPage\":{\"@id\":\"https:\/\/qingdaohf.com\/product\/webbing-sling-2-ton\/#primaryimage\"},\"image\":{\"@id\":\"https:\/\/qingdaohf.com\/product\/webbing-sling-2-ton\/#primaryimage\"},\"thumbnailUrl\":\"https:\/\/qingdaohf.com\/wp-content\/uploads\/2024\/10\/2-ton_1.webp\",\"datePublished\":\"2024-11-05T06:01:41+00:00\",\"dateModified\":\"2025-11-13T01:02:53+00:00\",\"breadcrumb\":{\"@id\":\"https:\/\/qingdaohf.com\/product\/webbing-sling-2-ton\/#breadcrumb\"},\"inLanguage\":\"es\",\"potentialAction\":[{\"@type\":\"ReadAction\",\"target\":[\"https:\/\/qingdaohf.com\/product\/webbing-sling-2-ton\/\"]}]},{\"@type\":\"ImageObject\",\"inLanguage\":\"es\",\"@id\":\"https:\/\/qingdaohf.com\/product\/webbing-sling-2-ton\/#primaryimage\",\"url\":\"https:\/\/qingdaohf.com\/wp-content\/uploads\/2024\/10\/2-ton_1.webp\",\"contentUrl\":\"https:\/\/qingdaohf.com\/wp-content\/uploads\/2024\/10\/2-ton_1.webp\",\"width\":1000,\"height\":1000,\"caption\":\"webbing sling 2 ton\"},{\"@type\":\"BreadcrumbList\",\"@id\":\"https:\/\/qingdaohf.com\/product\/webbing-sling-2-ton\/#breadcrumb\",\"itemListElement\":[{\"@type\":\"ListItem\",\"position\":1,\"name\":\"Home\",\"item\":\"https:\/\/qingdaohf.com\/\"},{\"@type\":\"ListItem\",\"position\":2,\"name\":\"Concrete Forming Accessories and Rigging Hardware\",\"item\":\"https:\/\/qingdaohf.com\/bg\/?page_id=944\"},{\"@type\":\"ListItem\",\"position\":3,\"name\":\"Flat Webbing Sling 2 Ton Polyester Double Duplex\"}]},{\"@type\":\"WebSite\",\"@id\":\"https:\/\/qingdaohf.com\/bg\/#website\",\"url\":\"https:\/\/qingdaohf.com\/bg\/\",\"name\":\"Concrete Form & Rigging Hardware Supplier\",\"description\":\"\",\"publisher\":{\"@id\":\"https:\/\/qingdaohf.com\/bg\/#organization\"},\"potentialAction\":[{\"@type\":\"SearchAction\",\"target\":{\"@type\":\"EntryPoint\",\"urlTemplate\":\"https:\/\/qingdaohf.com\/bg\/?s={search_term_string}\"},\"query-input\":{\"@type\":\"PropertyValueSpecification\",\"valueRequired\":true,\"valueName\":\"search_term_string\"}}],\"inLanguage\":\"es\"},{\"@type\":\"Organization\",\"@id\":\"https:\/\/qingdaohf.com\/bg\/#organization\",\"name\":\"Qingdao H&F\",\"url\":\"https:\/\/qingdaohf.com\/bg\/\",\"logo\":{\"@type\":\"ImageObject\",\"inLanguage\":\"es\",\"@id\":\"https:\/\/qingdaohf.com\/bg\/#\/schema\/logo\/image\/\",\"url\":\"https:\/\/qingdaohf.com\/wp-content\/uploads\/2022\/12\/cropped-HF-LOGO.png\",\"contentUrl\":\"https:\/\/qingdaohf.com\/wp-content\/uploads\/2022\/12\/cropped-HF-LOGO.png\",\"width\":391,\"height\":249,\"caption\":\"Qingdao H&F\"},\"image\":{\"@id\":\"https:\/\/qingdaohf.com\/bg\/#\/schema\/logo\/image\/\"},\"sameAs\":[\"https:\/\/www.facebook.com\/qingdaohf\"]}]}<\/script>\n<!-- \/ Yoast SEO plugin. -->","yoast_head_json":{"title":"Flat Webbing Sling 2 Ton Polyester Double Duplex","robots":{"index":"index","follow":"follow","max-snippet":"max-snippet:-1","max-image-preview":"max-image-preview:large","max-video-preview":"max-video-preview:-1"},"canonical":"https:\/\/qingdaohf.com\/es\/producto\/eslinga-de-cincha-2-ton\/","og_locale":"es_ES","og_type":"article","og_title":"Flat Webbing Sling 2 Ton Polyester Double Duplex","og_description":"The 2-ton webbing sling from Qingdao H&amp;F is a dependable, high-capacity solution for various lifting applications. Buyers often prioritize factors like load security, durability, and ease of handling, all of which this webbing sling provides. Crafted with strong synthetic fibers, it withstands demanding conditions, offering reliable performance. As a trading company, Qingdao H&amp;F delivers significant benefits, including one-to-one customer service, rapid delivery cycles, and detailed quality inspection reports, ensuring each product meets rigorous standards and buyer expectations.","og_url":"https:\/\/qingdaohf.com\/es\/producto\/eslinga-de-cincha-2-ton\/","og_site_name":"Concrete Form &amp; Rigging Hardware Supplier","article_publisher":"https:\/\/www.facebook.com\/qingdaohf","article_modified_time":"2025-11-13T01:02:53+00:00","og_image":[{"width":1000,"height":1000,"url":"https:\/\/qingdaohf.com\/wp-content\/uploads\/2024\/10\/2-ton_1.webp","type":"image\/webp"}],"twitter_card":"summary_large_image","twitter_misc":{"Tiempo de lectura":"4 minutos"},"schema":{"@context":"https:\/\/schema.org","@graph":[{"@type":"WebPage","@id":"https:\/\/qingdaohf.com\/product\/webbing-sling-2-ton\/","url":"https:\/\/qingdaohf.com\/product\/webbing-sling-2-ton\/","name":"Flat Webbing Sling 2 Ton Polyester Double Duplex","isPartOf":{"@id":"https:\/\/qingdaohf.com\/bg\/#website"},"primaryImageOfPage":{"@id":"https:\/\/qingdaohf.com\/product\/webbing-sling-2-ton\/#primaryimage"},"image":{"@id":"https:\/\/qingdaohf.com\/product\/webbing-sling-2-ton\/#primaryimage"},"thumbnailUrl":"https:\/\/qingdaohf.com\/wp-content\/uploads\/2024\/10\/2-ton_1.webp","datePublished":"2024-11-05T06:01:41+00:00","dateModified":"2025-11-13T01:02:53+00:00","breadcrumb":{"@id":"https:\/\/qingdaohf.com\/product\/webbing-sling-2-ton\/#breadcrumb"},"inLanguage":"es","potentialAction":[{"@type":"ReadAction","target":["https:\/\/qingdaohf.com\/product\/webbing-sling-2-ton\/"]}]},{"@type":"ImageObject","inLanguage":"es","@id":"https:\/\/qingdaohf.com\/product\/webbing-sling-2-ton\/#primaryimage","url":"https:\/\/qingdaohf.com\/wp-content\/uploads\/2024\/10\/2-ton_1.webp","contentUrl":"https:\/\/qingdaohf.com\/wp-content\/uploads\/2024\/10\/2-ton_1.webp","width":1000,"height":1000,"caption":"webbing sling 2 ton"},{"@type":"BreadcrumbList","@id":"https:\/\/qingdaohf.com\/product\/webbing-sling-2-ton\/#breadcrumb","itemListElement":[{"@type":"ListItem","position":1,"name":"Home","item":"https:\/\/qingdaohf.com\/"},{"@type":"ListItem","position":2,"name":"Concrete Forming Accessories and Rigging Hardware","item":"https:\/\/qingdaohf.com\/bg\/?page_id=944"},{"@type":"ListItem","position":3,"name":"Flat Webbing Sling 2 Ton Polyester Double Duplex"}]},{"@type":"WebSite","@id":"https:\/\/qingdaohf.com\/bg\/#website","url":"https:\/\/qingdaohf.com\/bg\/","name":"Concrete Form & Rigging Hardware Supplier","description":"","publisher":{"@id":"https:\/\/qingdaohf.com\/bg\/#organization"},"potentialAction":[{"@type":"SearchAction","target":{"@type":"EntryPoint","urlTemplate":"https:\/\/qingdaohf.com\/bg\/?s={search_term_string}"},"query-input":{"@type":"PropertyValueSpecification","valueRequired":true,"valueName":"search_term_string"}}],"inLanguage":"es"},{"@type":"Organization","@id":"https:\/\/qingdaohf.com\/bg\/#organization","name":"Qingdao H&F","url":"https:\/\/qingdaohf.com\/bg\/","logo":{"@type":"ImageObject","inLanguage":"es","@id":"https:\/\/qingdaohf.com\/bg\/#\/schema\/logo\/image\/","url":"https:\/\/qingdaohf.com\/wp-content\/uploads\/2022\/12\/cropped-HF-LOGO.png","contentUrl":"https:\/\/qingdaohf.com\/wp-content\/uploads\/2022\/12\/cropped-HF-LOGO.png","width":391,"height":249,"caption":"Qingdao H&F"},"image":{"@id":"https:\/\/qingdaohf.com\/bg\/#\/schema\/logo\/image\/"},"sameAs":["https:\/\/www.facebook.com\/qingdaohf"]}]}},"_links":{"self":[{"href":"https:\/\/qingdaohf.com\/es\/wp-json\/wp\/v2\/product\/8277","targetHints":{"allow":["GET"]}}],"collection":[{"href":"https:\/\/qingdaohf.com\/es\/wp-json\/wp\/v2\/product"}],"about":[{"href":"https:\/\/qingdaohf.com\/es\/wp-json\/wp\/v2\/types\/product"}],"replies":[{"embeddable":true,"href":"https:\/\/qingdaohf.com\/es\/wp-json\/wp\/v2\/comments?post=8277"}],"version-history":[{"count":3,"href":"https:\/\/qingdaohf.com\/es\/wp-json\/wp\/v2\/product\/8277\/revisions"}],"predecessor-version":[{"id":8339,"href":"https:\/\/qingdaohf.com\/es\/wp-json\/wp\/v2\/product\/8277\/revisions\/8339"}],"wp:featuredmedia":[{"embeddable":true,"href":"https:\/\/qingdaohf.com\/es\/wp-json\/wp\/v2\/media\/8196"}],"wp:attachment":[{"href":"https:\/\/qingdaohf.com\/es\/wp-json\/wp\/v2\/media?parent=8277"}],"wp:term":[{"taxonomy":"product_brand","embeddable":true,"href":"https:\/\/qingdaohf.com\/es\/wp-json\/wp\/v2\/product_brand?post=8277"},{"taxonomy":"product_cat","embeddable":true,"href":"https:\/\/qingdaohf.com\/es\/wp-json\/wp\/v2\/product_cat?post=8277"},{"taxonomy":"product_tag","embeddable":true,"href":"https:\/\/qingdaohf.com\/es\/wp-json\/wp\/v2\/product_tag?post=8277"}],"curies":[{"name":"wp","href":"https:\/\/api.w.org\/{rel}","templated":true}]}}