{"id":8285,"date":"2024-11-05T17:54:41","date_gmt":"2024-11-05T09:54:41","guid":{"rendered":"http:\/\/qingdaohf.com\/?post_type=product&#038;p=8285"},"modified":"2025-11-13T09:02:53","modified_gmt":"2025-11-13T01:02:53","slug":"webbing-sling-5-ton","status":"publish","type":"product","link":"https:\/\/qingdaohf.com\/es\/producto\/eslinga-de-cincha-5-ton\/","title":{"rendered":"Eslinga de cinta plana de poli\u00e9ster doble d\u00faplex de 5 toneladas"},"content":{"rendered":"<h4>Cualidades esenciales del arn\u00e9s de cincha de 5 toneladas: Durabilidad, seguridad y rendimiento<\/h4>\n<p>La eslinga de cincha de 5 toneladas de Qingdao H&amp;F est\u00e1 dise\u00f1ada para aplicaciones de elevaci\u00f3n exigentes en las que la resistencia y la seguridad son las m\u00e1ximas prioridades. Fabricada con poli\u00e9ster de alta calidad, esta eslinga ofrece una resistencia excepcional al desgaste, los rayos UV y la abrasi\u00f3n, lo que la convierte en una soluci\u00f3n duradera para tareas repetitivas de elevaci\u00f3n de cargas pesadas. La capacidad de 5 toneladas ofrece flexibilidad para diversos sectores, desde la construcci\u00f3n y la log\u00edstica hasta el transporte y la fabricaci\u00f3n, donde la fiabilidad es crucial.<\/p>\n<p>Los compradores preocupados por la durabilidad del producto encontrar\u00e1n garant\u00edas en el compromiso de Qingdao H&amp;F con la calidad. Cada eslinga de cinta de 5 toneladas se somete a exhaustivos controles de calidad, con informes de inspecci\u00f3n adjuntos disponibles para verificar que el producto cumple las normas del sector. La construcci\u00f3n de la eslinga favorece la estabilidad de la carga y evita desplazamientos, reduciendo la probabilidad de accidentes durante las operaciones de elevaci\u00f3n. Adem\u00e1s, el enfoque de Qingdao H&amp;F de entrega r\u00e1pida y servicio al cliente receptivo garantiza que los compradores reciban asistencia r\u00e1pida y puedan adquirir equipos fiables sin retrasos, lo que facilita las operaciones sin problemas y minimiza el tiempo de inactividad.<\/p>\n<h4>Cumplimiento de las exigencias del sector con s\u00f3lidas funciones de seguridad<\/h4>\n<p>La seguridad es un aspecto fundamental a la hora de seleccionar equipos de elevaci\u00f3n. El dise\u00f1o de la eslinga de cincha de 5 toneladas de Qingdao H&amp;F da prioridad a la seguridad mediante la elecci\u00f3n de materiales, la construcci\u00f3n y los mecanismos de distribuci\u00f3n de la carga. Al utilizar una estructura de cincha ancha y flexible, esta eslinga distribuye el peso por una superficie m\u00e1s amplia, evitando puntos de presi\u00f3n que podr\u00edan da\u00f1ar tanto la carga como la propia eslinga. Esta caracter\u00edstica mejora la estabilidad durante la elevaci\u00f3n, reduciendo el riesgo de desplazamientos repentinos de la carga y garantizando una elevaci\u00f3n controlada y segura.<\/p>\n<p>Para los sectores que exigen un estricto cumplimiento de las normas de seguridad, la eslinga de cincha de 5 toneladas de Qingdao H&amp;F est\u00e1 fabricada para cumplir las normas internacionales de elevaci\u00f3n. Esto garantiza que la eslinga pueda soportar condiciones exigentes, tanto si se utiliza en obras de construcci\u00f3n dif\u00edciles como en centros log\u00edsticos o almacenes industriales. Los materiales y el dise\u00f1o elegidos hacen hincapi\u00e9 en la durabilidad sin sacrificar la facilidad de manejo, lo que permite a los operarios trabajar con confianza y eficacia. Con la seguridad como prioridad, esta eslinga de cincha representa una soluci\u00f3n fiable para tareas de elevaci\u00f3n de alto riesgo.<\/p>\n<h4>Qingdao H&amp;F: Servicio fiable y garant\u00eda de calidad<\/h4>\n<p>La reputaci\u00f3n de Qingdao H&amp;F como empresa comercial B2B se basa en 20 a\u00f1os de experiencia en el suministro de soluciones de elevaci\u00f3n industrial que satisfacen las necesidades pr\u00e1cticas de las empresas. Cada eslinga de cinta de 5 toneladas se suministra con informes detallados de inspecci\u00f3n de calidad, que ponen de relieve el compromiso de Qingdao H&amp;F con la transparencia y la integridad del producto. Estos informes permiten a los compradores revisar los resultados de las pruebas del producto, garantizando el cumplimiento de las normas de seguridad y rendimiento. Al proporcionar documentaci\u00f3n verificable, Qingdao H&amp;F da a los compradores seguridad en su compra, aumentando la confianza y la fiabilidad.<\/p>\n<p>Adem\u00e1s de productos de alta calidad, Qingdao H&amp;F pone especial \u00e9nfasis en la experiencia del cliente. El modelo de servicio personalizado permite a los clientes trabajar directamente con representantes expertos que entienden sus necesidades espec\u00edficas, ofreci\u00e9ndoles asesoramiento personalizado sobre las mejores opciones de eslingas de cincha. Este enfoque de servicio, combinado con un ciclo de entrega r\u00e1pido y eficaz, demuestra la dedicaci\u00f3n de Qingdao H&amp;F a apoyar a los clientes en cada etapa del proceso de compra. Los compradores reciben una experiencia racionalizada que minimiza los tiempos de espera y maximiza la disponibilidad de equipos esenciales, lo que permite a las empresas mantener la eficiencia operativa.<\/p>\n<p>Gracias a una combinaci\u00f3n de eslingas de cincha de alto rendimiento, controles de calidad exhaustivos y un servicio atento, Qingdao H&amp;F sigue siendo un proveedor de confianza en el mercado de la elevaci\u00f3n industrial. La eslinga de cinta de 5 toneladas ejemplifica este compromiso, ofreciendo una soluci\u00f3n robusta y fiable que satisface las rigurosas exigencias de los entornos industriales actuales.<\/p>","protected":false},"excerpt":{"rendered":"<p>La eslinga de cincha de 5 toneladas combina alta resistencia y elasticidad para levantar cargas pesadas con seguridad, respondiendo a las preocupaciones de los compradores sobre durabilidad, seguridad y eficiencia. Fabricada seg\u00fan rigurosas normas, esta eslinga de cincha soporta de forma fiable hasta 5 toneladas, al tiempo que mantiene la flexibilidad para facilitar su uso. Como empresa comercial establecida con 20 a\u00f1os de experiencia, Qingdao H&amp;F garantiza que los compradores se beneficien de un servicio de atenci\u00f3n al cliente personalizado, un ciclo de entrega r\u00e1pido e informes detallados de inspecci\u00f3n de calidad. Este enfoque enfatiza nuestro compromiso con la calidad, la entrega puntual y la asistencia integral, proporcionando una experiencia de compra sin fisuras.<\/p>","protected":false},"featured_media":8191,"comment_status":"open","ping_status":"closed","template":"","meta":{"site-sidebar-layout":"default","site-content-layout":"","ast-site-content-layout":"default","site-content-style":"default","site-sidebar-style":"default","ast-global-header-display":"","ast-banner-title-visibility":"","ast-main-header-display":"","ast-hfb-above-header-display":"","ast-hfb-below-header-display":"","ast-hfb-mobile-header-display":"","site-post-title":"","ast-breadcrumbs-content":"","ast-featured-img":"","footer-sml-layout":"","theme-transparent-header-meta":"default","adv-header-id-meta":"","stick-header-meta":"default","header-above-stick-meta":"","header-main-stick-meta":"","header-below-stick-meta":"","astra-migrate-meta-layouts":"set","ast-page-background-enabled":"default","ast-page-background-meta":{"desktop":{"background-color":"","background-image":"","background-repeat":"repeat","background-position":"center center","background-size":"auto","background-attachment":"scroll","background-type":"","background-media":"","overlay-type":"","overlay-color":"","overlay-opacity":"","overlay-gradient":""},"tablet":{"background-color":"","background-image":"","background-repeat":"repeat","background-position":"center center","background-size":"auto","background-attachment":"scroll","background-type":"","background-media":"","overlay-type":"","overlay-color":"","overlay-opacity":"","overlay-gradient":""},"mobile":{"background-color":"","background-image":"","background-repeat":"repeat","background-position":"center center","background-size":"auto","background-attachment":"scroll","background-type":"","background-media":"","overlay-type":"","overlay-color":"","overlay-opacity":"","overlay-gradient":""}},"ast-content-background-meta":{"desktop":{"background-color":"var(--ast-global-color-5)","background-image":"","background-repeat":"repeat","background-position":"center center","background-size":"auto","background-attachment":"scroll","background-type":"","background-media":"","overlay-type":"","overlay-color":"","overlay-opacity":"","overlay-gradient":""},"tablet":{"background-color":"var(--ast-global-color-5)","background-image":"","background-repeat":"repeat","background-position":"center center","background-size":"auto","background-attachment":"scroll","background-type":"","background-media":"","overlay-type":"","overlay-color":"","overlay-opacity":"","overlay-gradient":""},"mobile":{"background-color":"var(--ast-global-color-5)","background-image":"","background-repeat":"repeat","background-position":"center center","background-size":"auto","background-attachment":"scroll","background-type":"","background-media":"","overlay-type":"","overlay-color":"","overlay-opacity":"","overlay-gradient":""}}},"product_brand":[],"product_cat":[39],"product_tag":[],"class_list":{"0":"post-8285","1":"product","2":"type-product","3":"status-publish","4":"has-post-thumbnail","6":"product_cat-webbing-sling","7":"desktop-align-left","8":"tablet-align-left","9":"mobile-align-left","10":"ast-product-gallery-layout-horizontal-slider","11":"ast-product-gallery-with-no-image","12":"ast-product-tabs-layout-horizontal","14":"first","15":"instock","16":"shipping-taxable","17":"purchasable","18":"product-type-simple"},"yoast_head":"<!-- This site is optimized with the Yoast SEO plugin v25.2 - https:\/\/yoast.com\/wordpress\/plugins\/seo\/ -->\n<title>Flat Webbing Sling 5 Ton Polyester Double Duplex<\/title>\n<meta name=\"robots\" content=\"index, follow, max-snippet:-1, max-image-preview:large, max-video-preview:-1\" \/>\n<link rel=\"canonical\" href=\"https:\/\/qingdaohf.com\/es\/producto\/eslinga-de-cincha-5-ton\/\" \/>\n<meta property=\"og:locale\" content=\"es_ES\" \/>\n<meta property=\"og:type\" content=\"article\" \/>\n<meta property=\"og:title\" content=\"Flat Webbing Sling 5 Ton Polyester Double Duplex\" \/>\n<meta property=\"og:description\" content=\"5-Ton Webbing Sling combines high strength and resilience to safely lift heavy loads, addressing buyers&#039; concerns about durability, safety, and efficiency. Manufactured to rigorous standards, this webbing sling reliably handles up to 5 tons while maintaining flexibility for ease of use. As an established trading company with 20 years of experience, Qingdao H&amp;F ensures that buyers benefit from one-on-one customer service, a fast delivery cycle, and detailed quality inspection reports. This approach emphasizes our commitment to quality, timely delivery, and comprehensive support, providing a seamless purchasing experience.\" \/>\n<meta property=\"og:url\" content=\"https:\/\/qingdaohf.com\/es\/producto\/eslinga-de-cincha-5-ton\/\" \/>\n<meta property=\"og:site_name\" content=\"Concrete Form &amp; Rigging Hardware Supplier\" \/>\n<meta property=\"article:publisher\" content=\"https:\/\/www.facebook.com\/qingdaohf\" \/>\n<meta property=\"article:modified_time\" content=\"2025-11-13T01:02:53+00:00\" \/>\n<meta property=\"og:image\" content=\"https:\/\/qingdaohf.com\/wp-content\/uploads\/2024\/10\/Heavy-Duty-5-ton-webbing-sling_1.webp\" \/>\n\t<meta property=\"og:image:width\" content=\"1000\" \/>\n\t<meta property=\"og:image:height\" content=\"1000\" \/>\n\t<meta property=\"og:image:type\" content=\"image\/webp\" \/>\n<meta name=\"twitter:card\" content=\"summary_large_image\" \/>\n<meta name=\"twitter:label1\" content=\"Tiempo de lectura\" \/>\n\t<meta name=\"twitter:data1\" content=\"3 minutos\" \/>\n<script type=\"application\/ld+json\" class=\"yoast-schema-graph\">{\"@context\":\"https:\/\/schema.org\",\"@graph\":[{\"@type\":\"WebPage\",\"@id\":\"https:\/\/qingdaohf.com\/product\/webbing-sling-5-ton\/\",\"url\":\"https:\/\/qingdaohf.com\/product\/webbing-sling-5-ton\/\",\"name\":\"Flat Webbing Sling 5 Ton Polyester Double Duplex\",\"isPartOf\":{\"@id\":\"https:\/\/qingdaohf.com\/bg\/#website\"},\"primaryImageOfPage\":{\"@id\":\"https:\/\/qingdaohf.com\/product\/webbing-sling-5-ton\/#primaryimage\"},\"image\":{\"@id\":\"https:\/\/qingdaohf.com\/product\/webbing-sling-5-ton\/#primaryimage\"},\"thumbnailUrl\":\"https:\/\/qingdaohf.com\/wp-content\/uploads\/2024\/10\/Heavy-Duty-5-ton-webbing-sling_1.webp\",\"datePublished\":\"2024-11-05T09:54:41+00:00\",\"dateModified\":\"2025-11-13T01:02:53+00:00\",\"breadcrumb\":{\"@id\":\"https:\/\/qingdaohf.com\/product\/webbing-sling-5-ton\/#breadcrumb\"},\"inLanguage\":\"es\",\"potentialAction\":[{\"@type\":\"ReadAction\",\"target\":[\"https:\/\/qingdaohf.com\/product\/webbing-sling-5-ton\/\"]}]},{\"@type\":\"ImageObject\",\"inLanguage\":\"es\",\"@id\":\"https:\/\/qingdaohf.com\/product\/webbing-sling-5-ton\/#primaryimage\",\"url\":\"https:\/\/qingdaohf.com\/wp-content\/uploads\/2024\/10\/Heavy-Duty-5-ton-webbing-sling_1.webp\",\"contentUrl\":\"https:\/\/qingdaohf.com\/wp-content\/uploads\/2024\/10\/Heavy-Duty-5-ton-webbing-sling_1.webp\",\"width\":1000,\"height\":1000,\"caption\":\"webbing sling 5 ton\"},{\"@type\":\"BreadcrumbList\",\"@id\":\"https:\/\/qingdaohf.com\/product\/webbing-sling-5-ton\/#breadcrumb\",\"itemListElement\":[{\"@type\":\"ListItem\",\"position\":1,\"name\":\"Home\",\"item\":\"https:\/\/qingdaohf.com\/\"},{\"@type\":\"ListItem\",\"position\":2,\"name\":\"Concrete Forming Accessories and Rigging Hardware\",\"item\":\"https:\/\/qingdaohf.com\/bg\/?page_id=944\"},{\"@type\":\"ListItem\",\"position\":3,\"name\":\"Flat Webbing Sling 5 Ton Polyester Double Duplex\"}]},{\"@type\":\"WebSite\",\"@id\":\"https:\/\/qingdaohf.com\/bg\/#website\",\"url\":\"https:\/\/qingdaohf.com\/bg\/\",\"name\":\"Concrete Form & Rigging Hardware Supplier\",\"description\":\"\",\"publisher\":{\"@id\":\"https:\/\/qingdaohf.com\/bg\/#organization\"},\"potentialAction\":[{\"@type\":\"SearchAction\",\"target\":{\"@type\":\"EntryPoint\",\"urlTemplate\":\"https:\/\/qingdaohf.com\/bg\/?s={search_term_string}\"},\"query-input\":{\"@type\":\"PropertyValueSpecification\",\"valueRequired\":true,\"valueName\":\"search_term_string\"}}],\"inLanguage\":\"es\"},{\"@type\":\"Organization\",\"@id\":\"https:\/\/qingdaohf.com\/bg\/#organization\",\"name\":\"Qingdao H&F\",\"url\":\"https:\/\/qingdaohf.com\/bg\/\",\"logo\":{\"@type\":\"ImageObject\",\"inLanguage\":\"es\",\"@id\":\"https:\/\/qingdaohf.com\/bg\/#\/schema\/logo\/image\/\",\"url\":\"https:\/\/qingdaohf.com\/wp-content\/uploads\/2022\/12\/cropped-HF-LOGO.png\",\"contentUrl\":\"https:\/\/qingdaohf.com\/wp-content\/uploads\/2022\/12\/cropped-HF-LOGO.png\",\"width\":391,\"height\":249,\"caption\":\"Qingdao H&F\"},\"image\":{\"@id\":\"https:\/\/qingdaohf.com\/bg\/#\/schema\/logo\/image\/\"},\"sameAs\":[\"https:\/\/www.facebook.com\/qingdaohf\"]}]}<\/script>\n<!-- \/ Yoast SEO plugin. -->","yoast_head_json":{"title":"Flat Webbing Sling 5 Ton Polyester Double Duplex","robots":{"index":"index","follow":"follow","max-snippet":"max-snippet:-1","max-image-preview":"max-image-preview:large","max-video-preview":"max-video-preview:-1"},"canonical":"https:\/\/qingdaohf.com\/es\/producto\/eslinga-de-cincha-5-ton\/","og_locale":"es_ES","og_type":"article","og_title":"Flat Webbing Sling 5 Ton Polyester Double Duplex","og_description":"5-Ton Webbing Sling combines high strength and resilience to safely lift heavy loads, addressing buyers' concerns about durability, safety, and efficiency. Manufactured to rigorous standards, this webbing sling reliably handles up to 5 tons while maintaining flexibility for ease of use. As an established trading company with 20 years of experience, Qingdao H&amp;F ensures that buyers benefit from one-on-one customer service, a fast delivery cycle, and detailed quality inspection reports. This approach emphasizes our commitment to quality, timely delivery, and comprehensive support, providing a seamless purchasing experience.","og_url":"https:\/\/qingdaohf.com\/es\/producto\/eslinga-de-cincha-5-ton\/","og_site_name":"Concrete Form &amp; Rigging Hardware Supplier","article_publisher":"https:\/\/www.facebook.com\/qingdaohf","article_modified_time":"2025-11-13T01:02:53+00:00","og_image":[{"width":1000,"height":1000,"url":"https:\/\/qingdaohf.com\/wp-content\/uploads\/2024\/10\/Heavy-Duty-5-ton-webbing-sling_1.webp","type":"image\/webp"}],"twitter_card":"summary_large_image","twitter_misc":{"Tiempo de lectura":"3 minutos"},"schema":{"@context":"https:\/\/schema.org","@graph":[{"@type":"WebPage","@id":"https:\/\/qingdaohf.com\/product\/webbing-sling-5-ton\/","url":"https:\/\/qingdaohf.com\/product\/webbing-sling-5-ton\/","name":"Flat Webbing Sling 5 Ton Polyester Double Duplex","isPartOf":{"@id":"https:\/\/qingdaohf.com\/bg\/#website"},"primaryImageOfPage":{"@id":"https:\/\/qingdaohf.com\/product\/webbing-sling-5-ton\/#primaryimage"},"image":{"@id":"https:\/\/qingdaohf.com\/product\/webbing-sling-5-ton\/#primaryimage"},"thumbnailUrl":"https:\/\/qingdaohf.com\/wp-content\/uploads\/2024\/10\/Heavy-Duty-5-ton-webbing-sling_1.webp","datePublished":"2024-11-05T09:54:41+00:00","dateModified":"2025-11-13T01:02:53+00:00","breadcrumb":{"@id":"https:\/\/qingdaohf.com\/product\/webbing-sling-5-ton\/#breadcrumb"},"inLanguage":"es","potentialAction":[{"@type":"ReadAction","target":["https:\/\/qingdaohf.com\/product\/webbing-sling-5-ton\/"]}]},{"@type":"ImageObject","inLanguage":"es","@id":"https:\/\/qingdaohf.com\/product\/webbing-sling-5-ton\/#primaryimage","url":"https:\/\/qingdaohf.com\/wp-content\/uploads\/2024\/10\/Heavy-Duty-5-ton-webbing-sling_1.webp","contentUrl":"https:\/\/qingdaohf.com\/wp-content\/uploads\/2024\/10\/Heavy-Duty-5-ton-webbing-sling_1.webp","width":1000,"height":1000,"caption":"webbing sling 5 ton"},{"@type":"BreadcrumbList","@id":"https:\/\/qingdaohf.com\/product\/webbing-sling-5-ton\/#breadcrumb","itemListElement":[{"@type":"ListItem","position":1,"name":"Home","item":"https:\/\/qingdaohf.com\/"},{"@type":"ListItem","position":2,"name":"Concrete Forming Accessories and Rigging Hardware","item":"https:\/\/qingdaohf.com\/bg\/?page_id=944"},{"@type":"ListItem","position":3,"name":"Flat Webbing Sling 5 Ton Polyester Double Duplex"}]},{"@type":"WebSite","@id":"https:\/\/qingdaohf.com\/bg\/#website","url":"https:\/\/qingdaohf.com\/bg\/","name":"Concrete Form & Rigging Hardware Supplier","description":"","publisher":{"@id":"https:\/\/qingdaohf.com\/bg\/#organization"},"potentialAction":[{"@type":"SearchAction","target":{"@type":"EntryPoint","urlTemplate":"https:\/\/qingdaohf.com\/bg\/?s={search_term_string}"},"query-input":{"@type":"PropertyValueSpecification","valueRequired":true,"valueName":"search_term_string"}}],"inLanguage":"es"},{"@type":"Organization","@id":"https:\/\/qingdaohf.com\/bg\/#organization","name":"Qingdao H&F","url":"https:\/\/qingdaohf.com\/bg\/","logo":{"@type":"ImageObject","inLanguage":"es","@id":"https:\/\/qingdaohf.com\/bg\/#\/schema\/logo\/image\/","url":"https:\/\/qingdaohf.com\/wp-content\/uploads\/2022\/12\/cropped-HF-LOGO.png","contentUrl":"https:\/\/qingdaohf.com\/wp-content\/uploads\/2022\/12\/cropped-HF-LOGO.png","width":391,"height":249,"caption":"Qingdao H&F"},"image":{"@id":"https:\/\/qingdaohf.com\/bg\/#\/schema\/logo\/image\/"},"sameAs":["https:\/\/www.facebook.com\/qingdaohf"]}]}},"_links":{"self":[{"href":"https:\/\/qingdaohf.com\/es\/wp-json\/wp\/v2\/product\/8285","targetHints":{"allow":["GET"]}}],"collection":[{"href":"https:\/\/qingdaohf.com\/es\/wp-json\/wp\/v2\/product"}],"about":[{"href":"https:\/\/qingdaohf.com\/es\/wp-json\/wp\/v2\/types\/product"}],"replies":[{"embeddable":true,"href":"https:\/\/qingdaohf.com\/es\/wp-json\/wp\/v2\/comments?post=8285"}],"version-history":[{"count":2,"href":"https:\/\/qingdaohf.com\/es\/wp-json\/wp\/v2\/product\/8285\/revisions"}],"predecessor-version":[{"id":8336,"href":"https:\/\/qingdaohf.com\/es\/wp-json\/wp\/v2\/product\/8285\/revisions\/8336"}],"wp:featuredmedia":[{"embeddable":true,"href":"https:\/\/qingdaohf.com\/es\/wp-json\/wp\/v2\/media\/8191"}],"wp:attachment":[{"href":"https:\/\/qingdaohf.com\/es\/wp-json\/wp\/v2\/media?parent=8285"}],"wp:term":[{"taxonomy":"product_brand","embeddable":true,"href":"https:\/\/qingdaohf.com\/es\/wp-json\/wp\/v2\/product_brand?post=8285"},{"taxonomy":"product_cat","embeddable":true,"href":"https:\/\/qingdaohf.com\/es\/wp-json\/wp\/v2\/product_cat?post=8285"},{"taxonomy":"product_tag","embeddable":true,"href":"https:\/\/qingdaohf.com\/es\/wp-json\/wp\/v2\/product_tag?post=8285"}],"curies":[{"name":"wp","href":"https:\/\/api.w.org\/{rel}","templated":true}]}}