{"id":8287,"date":"2024-11-05T17:56:32","date_gmt":"2024-11-05T09:56:32","guid":{"rendered":"http:\/\/qingdaohf.com\/?post_type=product&#038;p=8287"},"modified":"2025-11-13T09:02:53","modified_gmt":"2025-11-13T01:02:53","slug":"webbing-sling-6-ton","status":"publish","type":"product","link":"https:\/\/qingdaohf.com\/es\/producto\/eslinga-de-cincha-6-ton\/","title":{"rendered":"Eslinga de cinta plana de poli\u00e9ster doble d\u00faplex de 6 toneladas"},"content":{"rendered":"<div class=\"flex max-w-full flex-col flex-grow\">\n<div class=\"min-h-8 text-message flex w-full flex-col items-end gap-2 whitespace-normal break-words [.text-message+&amp;]:mt-5\" dir=\"auto\" data-message-author-role=\"assistant\" data-message-id=\"c70e5c25-1016-4fd4-95f4-df6f87317104\" data-message-model-slug=\"gpt-4o\">\n<div class=\"flex w-full flex-col gap-1 empty:hidden first:pt-[3px]\">\n<div class=\"markdown prose w-full break-words dark:prose-invert light\">\n<h4>Excepcional capacidad de carga y construcci\u00f3n del arn\u00e9s de cincha de 6 toneladas<\/h4>\n<p>La eslinga de 6 toneladas Qingdao H&amp;F est\u00e1 dise\u00f1ada para aplicaciones en las que la resistencia, la estabilidad y la durabilidad son fundamentales. Fabricada con poli\u00e9ster de alta resistencia, esta eslinga de cincha proporciona una capacidad de carga excepcional a la vez que resiste desaf\u00edos medioambientales como la exposici\u00f3n a los rayos UV, la abrasi\u00f3n y el desgaste regular. Su capacidad de 6 toneladas la hace adecuada para una amplia gama de sectores exigentes, como la construcci\u00f3n, la log\u00edstica y la fabricaci\u00f3n industrial, donde es necesario un equipo de elevaci\u00f3n fiable.<\/p>\n<p>Qingdao H&amp;F garantiza que todas las eslingas de 6 toneladas cumplen estrictos requisitos de calidad. La eslinga se somete a rigurosas pruebas y se suministra con un informe de inspecci\u00f3n de calidad, lo que da a los compradores confianza en su cumplimiento de las normas de seguridad internacionales. Para las industrias en las que la fiabilidad no es negociable, la garant\u00eda de calidad proporcionada por Qingdao H&amp;F convierte a esta eslinga en una elecci\u00f3n fiable. Adem\u00e1s, el r\u00e1pido ciclo de entrega de Qingdao H&amp;F permite a las empresas obtener equipos esenciales en el plazo previsto, lo que reduce el tiempo de inactividad y garantiza la eficacia de las operaciones.<\/p>\n<h4>Normas de seguridad y estabilidad de la carga en aplicaciones de elevaci\u00f3n<\/h4>\n<p>La seguridad es primordial en las operaciones de elevaci\u00f3n, y el dise\u00f1o de la eslinga de 6 toneladas de Qingdao H&amp;F hace hincapi\u00e9 tanto en la seguridad de la carga como en la estabilidad operativa. Fabricada con un tejido de cincha ancha, esta eslinga distribuye eficazmente el peso, reduciendo la tensi\u00f3n sobre la carga y minimizando la posibilidad de da\u00f1os. Esta caracter\u00edstica de dise\u00f1o es fundamental para garantizar elevaciones suaves y seguras, especialmente cuando se manipulan objetos delicados o voluminosos. El compromiso de Qingdao H&amp;F con la seguridad tambi\u00e9n se demuestra en los materiales utilizados, ya que todas las eslingas se fabrican para cumplir o superar las normas de seguridad industrial, lo que favorece un entorno de trabajo seguro.<\/p>\n<p>En aplicaciones que requieren el cumplimiento de estrictos protocolos de seguridad, como la construcci\u00f3n y la log\u00edstica, la eslinga de 6 toneladas proporciona estabilidad y control, aumentando la confianza del operario. La dedicaci\u00f3n de Qingdao H&amp;F a la seguridad se ajusta a los requisitos del sector, y cada eslinga de cinta se somete a pruebas para confirmar su capacidad y rendimiento. Con la garant\u00eda del cumplimiento de las normas de seguridad, los compradores pueden confiar en la capacidad del producto para soportar cargas pesadas sin comprometer la fiabilidad. Las medidas de control de calidad aplicadas por Qingdao H&amp;F confirman a\u00fan m\u00e1s su idoneidad para tareas de elevaci\u00f3n cr\u00edticas.<\/p>\n<h4>Qingdao H&amp;F: un socio fiable en soluciones de elevaci\u00f3n B2B<\/h4>\n<p>Como empresa comercial B2B con m\u00e1s de dos d\u00e9cadas de experiencia, Qingdao H&amp;F comprende la importancia de las soluciones de elevaci\u00f3n fiables y de alta calidad para empresas de diversos sectores. La eslinga de cinta de 6 toneladas va acompa\u00f1ada de informes de inspecci\u00f3n detallados, que permiten a los compradores verificar la calidad y conformidad del producto. Estos informes subrayan el compromiso de Qingdao H&amp;F con la transparencia, dando a los clientes la tranquilidad de que cada eslinga ha sido probada a fondo y est\u00e1 lista para funcionar en condiciones reales.<\/p>\n<p>M\u00e1s all\u00e1 de la calidad del producto, Qingdao H&amp;F hace hincapi\u00e9 en un enfoque centrado en el cliente con un servicio personalizado, que ofrece recomendaciones personalizadas y una asistencia receptiva. Este modelo de servicio centrado en el cliente se ve reforzado por un ciclo de entrega r\u00e1pido y fiable que permite a las empresas acceder a los equipos que necesitan sin retrasos innecesarios. Con la entrega de almac\u00e9n a almac\u00e9n, Qingdao H&amp;F agiliza el proceso de adquisici\u00f3n, garantizando que los compradores reciban sus productos con rapidez y eficacia.<\/p>\n<p>La eslinga de 6 toneladas de Qingdao H&amp;F representa el compromiso de la empresa con la calidad, la seguridad y el servicio. Este producto proporciona a los compradores una soluci\u00f3n de elevaci\u00f3n que satisface los altos est\u00e1ndares de los entornos industriales actuales, ofreciendo una opci\u00f3n fiable para aplicaciones de trabajo pesado. La dedicaci\u00f3n de Qingdao H&amp;F tanto a la calidad como a la satisfacci\u00f3n del cliente refuerza su posici\u00f3n como socio de confianza en soluciones de elevaci\u00f3n industrial.<\/p>\n<\/div>\n<\/div>\n<\/div>\n<\/div>","protected":false},"excerpt":{"rendered":"<p>La eslinga de 6 toneladas ofrece una resistencia y durabilidad superiores, satisfaciendo las necesidades de los sectores que requieren soluciones de elevaci\u00f3n seguras y resistentes. Dise\u00f1ada para cumplir las normas m\u00e1s exigentes, esta eslinga de cincha soporta cargas de hasta 6 toneladas con una fiabilidad constante. Qingdao H&amp;F es consciente de la preocupaci\u00f3n de los compradores por la longevidad, seguridad y conformidad de los productos y, como empresa comercial B2B con 20 a\u00f1os de experiencia, ofrece un servicio de atenci\u00f3n al cliente personalizado, un ciclo de entrega r\u00e1pido e informes detallados de inspecci\u00f3n de calidad. Este compromiso garantiza que los clientes reciban productos fiables con una asistencia completa y una garant\u00eda de calidad transparente.<\/p>","protected":false},"featured_media":8194,"comment_status":"open","ping_status":"closed","template":"","meta":{"site-sidebar-layout":"default","site-content-layout":"","ast-site-content-layout":"default","site-content-style":"default","site-sidebar-style":"default","ast-global-header-display":"","ast-banner-title-visibility":"","ast-main-header-display":"","ast-hfb-above-header-display":"","ast-hfb-below-header-display":"","ast-hfb-mobile-header-display":"","site-post-title":"","ast-breadcrumbs-content":"","ast-featured-img":"","footer-sml-layout":"","theme-transparent-header-meta":"default","adv-header-id-meta":"","stick-header-meta":"default","header-above-stick-meta":"","header-main-stick-meta":"","header-below-stick-meta":"","astra-migrate-meta-layouts":"set","ast-page-background-enabled":"default","ast-page-background-meta":{"desktop":{"background-color":"","background-image":"","background-repeat":"repeat","background-position":"center center","background-size":"auto","background-attachment":"scroll","background-type":"","background-media":"","overlay-type":"","overlay-color":"","overlay-opacity":"","overlay-gradient":""},"tablet":{"background-color":"","background-image":"","background-repeat":"repeat","background-position":"center center","background-size":"auto","background-attachment":"scroll","background-type":"","background-media":"","overlay-type":"","overlay-color":"","overlay-opacity":"","overlay-gradient":""},"mobile":{"background-color":"","background-image":"","background-repeat":"repeat","background-position":"center center","background-size":"auto","background-attachment":"scroll","background-type":"","background-media":"","overlay-type":"","overlay-color":"","overlay-opacity":"","overlay-gradient":""}},"ast-content-background-meta":{"desktop":{"background-color":"var(--ast-global-color-5)","background-image":"","background-repeat":"repeat","background-position":"center center","background-size":"auto","background-attachment":"scroll","background-type":"","background-media":"","overlay-type":"","overlay-color":"","overlay-opacity":"","overlay-gradient":""},"tablet":{"background-color":"var(--ast-global-color-5)","background-image":"","background-repeat":"repeat","background-position":"center center","background-size":"auto","background-attachment":"scroll","background-type":"","background-media":"","overlay-type":"","overlay-color":"","overlay-opacity":"","overlay-gradient":""},"mobile":{"background-color":"var(--ast-global-color-5)","background-image":"","background-repeat":"repeat","background-position":"center center","background-size":"auto","background-attachment":"scroll","background-type":"","background-media":"","overlay-type":"","overlay-color":"","overlay-opacity":"","overlay-gradient":""}}},"product_brand":[],"product_cat":[39],"product_tag":[],"class_list":{"0":"post-8287","1":"product","2":"type-product","3":"status-publish","4":"has-post-thumbnail","6":"product_cat-webbing-sling","7":"desktop-align-left","8":"tablet-align-left","9":"mobile-align-left","10":"ast-product-gallery-layout-horizontal-slider","11":"ast-product-gallery-with-no-image","12":"ast-product-tabs-layout-horizontal","14":"first","15":"instock","16":"shipping-taxable","17":"purchasable","18":"product-type-simple"},"yoast_head":"<!-- This site is optimized with the Yoast SEO plugin v25.2 - https:\/\/yoast.com\/wordpress\/plugins\/seo\/ -->\n<title>Flat Webbing Sling 6 Ton Polyester Double Duplex<\/title>\n<meta name=\"robots\" content=\"index, follow, max-snippet:-1, max-image-preview:large, max-video-preview:-1\" \/>\n<link rel=\"canonical\" href=\"https:\/\/qingdaohf.com\/es\/producto\/eslinga-de-cincha-6-ton\/\" \/>\n<meta property=\"og:locale\" content=\"es_ES\" \/>\n<meta property=\"og:type\" content=\"article\" \/>\n<meta property=\"og:title\" content=\"Flat Webbing Sling 6 Ton Polyester Double Duplex\" \/>\n<meta property=\"og:description\" content=\"6-Ton Webbing Sling offers superior strength and durability, catering to the needs of industries requiring secure, heavy-duty lifting solutions. Designed to meet the highest standards, this webbing sling handles loads up to 6 tons with consistent reliability. Qingdao H&amp;F understands buyers\u2019 concerns about product longevity, safety, and compliance, and as a B2B trading company with 20 years of experience, we offer one-on-one customer service, a fast delivery cycle, and detailed quality inspection reports. This commitment ensures clients receive dependable products with thorough support and transparent quality assurance.\" \/>\n<meta property=\"og:url\" content=\"https:\/\/qingdaohf.com\/es\/producto\/eslinga-de-cincha-6-ton\/\" \/>\n<meta property=\"og:site_name\" content=\"Concrete Form &amp; Rigging Hardware Supplier\" \/>\n<meta property=\"article:publisher\" content=\"https:\/\/www.facebook.com\/qingdaohf\" \/>\n<meta property=\"article:modified_time\" content=\"2025-11-13T01:02:53+00:00\" \/>\n<meta property=\"og:image\" content=\"https:\/\/qingdaohf.com\/wp-content\/uploads\/2024\/10\/6-ton-webbing-sling_1.webp\" \/>\n\t<meta property=\"og:image:width\" content=\"1000\" \/>\n\t<meta property=\"og:image:height\" content=\"1000\" \/>\n\t<meta property=\"og:image:type\" content=\"image\/webp\" \/>\n<meta name=\"twitter:card\" content=\"summary_large_image\" \/>\n<meta name=\"twitter:label1\" content=\"Tiempo de lectura\" \/>\n\t<meta name=\"twitter:data1\" content=\"3 minutos\" \/>\n<script type=\"application\/ld+json\" class=\"yoast-schema-graph\">{\"@context\":\"https:\/\/schema.org\",\"@graph\":[{\"@type\":\"WebPage\",\"@id\":\"https:\/\/qingdaohf.com\/product\/webbing-sling-6-ton\/\",\"url\":\"https:\/\/qingdaohf.com\/product\/webbing-sling-6-ton\/\",\"name\":\"Flat Webbing Sling 6 Ton Polyester Double Duplex\",\"isPartOf\":{\"@id\":\"https:\/\/qingdaohf.com\/bg\/#website\"},\"primaryImageOfPage\":{\"@id\":\"https:\/\/qingdaohf.com\/product\/webbing-sling-6-ton\/#primaryimage\"},\"image\":{\"@id\":\"https:\/\/qingdaohf.com\/product\/webbing-sling-6-ton\/#primaryimage\"},\"thumbnailUrl\":\"https:\/\/qingdaohf.com\/wp-content\/uploads\/2024\/10\/6-ton-webbing-sling_1.webp\",\"datePublished\":\"2024-11-05T09:56:32+00:00\",\"dateModified\":\"2025-11-13T01:02:53+00:00\",\"breadcrumb\":{\"@id\":\"https:\/\/qingdaohf.com\/product\/webbing-sling-6-ton\/#breadcrumb\"},\"inLanguage\":\"es\",\"potentialAction\":[{\"@type\":\"ReadAction\",\"target\":[\"https:\/\/qingdaohf.com\/product\/webbing-sling-6-ton\/\"]}]},{\"@type\":\"ImageObject\",\"inLanguage\":\"es\",\"@id\":\"https:\/\/qingdaohf.com\/product\/webbing-sling-6-ton\/#primaryimage\",\"url\":\"https:\/\/qingdaohf.com\/wp-content\/uploads\/2024\/10\/6-ton-webbing-sling_1.webp\",\"contentUrl\":\"https:\/\/qingdaohf.com\/wp-content\/uploads\/2024\/10\/6-ton-webbing-sling_1.webp\",\"width\":1000,\"height\":1000,\"caption\":\"6 ton webbing sling\"},{\"@type\":\"BreadcrumbList\",\"@id\":\"https:\/\/qingdaohf.com\/product\/webbing-sling-6-ton\/#breadcrumb\",\"itemListElement\":[{\"@type\":\"ListItem\",\"position\":1,\"name\":\"Home\",\"item\":\"https:\/\/qingdaohf.com\/\"},{\"@type\":\"ListItem\",\"position\":2,\"name\":\"Concrete Forming Accessories and Rigging Hardware\",\"item\":\"https:\/\/qingdaohf.com\/bg\/?page_id=944\"},{\"@type\":\"ListItem\",\"position\":3,\"name\":\"Flat Webbing Sling 6 Ton Polyester Double Duplex\"}]},{\"@type\":\"WebSite\",\"@id\":\"https:\/\/qingdaohf.com\/bg\/#website\",\"url\":\"https:\/\/qingdaohf.com\/bg\/\",\"name\":\"Concrete Form & Rigging Hardware Supplier\",\"description\":\"\",\"publisher\":{\"@id\":\"https:\/\/qingdaohf.com\/bg\/#organization\"},\"potentialAction\":[{\"@type\":\"SearchAction\",\"target\":{\"@type\":\"EntryPoint\",\"urlTemplate\":\"https:\/\/qingdaohf.com\/bg\/?s={search_term_string}\"},\"query-input\":{\"@type\":\"PropertyValueSpecification\",\"valueRequired\":true,\"valueName\":\"search_term_string\"}}],\"inLanguage\":\"es\"},{\"@type\":\"Organization\",\"@id\":\"https:\/\/qingdaohf.com\/bg\/#organization\",\"name\":\"Qingdao H&F\",\"url\":\"https:\/\/qingdaohf.com\/bg\/\",\"logo\":{\"@type\":\"ImageObject\",\"inLanguage\":\"es\",\"@id\":\"https:\/\/qingdaohf.com\/bg\/#\/schema\/logo\/image\/\",\"url\":\"https:\/\/qingdaohf.com\/wp-content\/uploads\/2022\/12\/cropped-HF-LOGO.png\",\"contentUrl\":\"https:\/\/qingdaohf.com\/wp-content\/uploads\/2022\/12\/cropped-HF-LOGO.png\",\"width\":391,\"height\":249,\"caption\":\"Qingdao H&F\"},\"image\":{\"@id\":\"https:\/\/qingdaohf.com\/bg\/#\/schema\/logo\/image\/\"},\"sameAs\":[\"https:\/\/www.facebook.com\/qingdaohf\"]}]}<\/script>\n<!-- \/ Yoast SEO plugin. -->","yoast_head_json":{"title":"Flat Webbing Sling 6 Ton Polyester Double Duplex","robots":{"index":"index","follow":"follow","max-snippet":"max-snippet:-1","max-image-preview":"max-image-preview:large","max-video-preview":"max-video-preview:-1"},"canonical":"https:\/\/qingdaohf.com\/es\/producto\/eslinga-de-cincha-6-ton\/","og_locale":"es_ES","og_type":"article","og_title":"Flat Webbing Sling 6 Ton Polyester Double Duplex","og_description":"6-Ton Webbing Sling offers superior strength and durability, catering to the needs of industries requiring secure, heavy-duty lifting solutions. Designed to meet the highest standards, this webbing sling handles loads up to 6 tons with consistent reliability. Qingdao H&amp;F understands buyers\u2019 concerns about product longevity, safety, and compliance, and as a B2B trading company with 20 years of experience, we offer one-on-one customer service, a fast delivery cycle, and detailed quality inspection reports. This commitment ensures clients receive dependable products with thorough support and transparent quality assurance.","og_url":"https:\/\/qingdaohf.com\/es\/producto\/eslinga-de-cincha-6-ton\/","og_site_name":"Concrete Form &amp; Rigging Hardware Supplier","article_publisher":"https:\/\/www.facebook.com\/qingdaohf","article_modified_time":"2025-11-13T01:02:53+00:00","og_image":[{"width":1000,"height":1000,"url":"https:\/\/qingdaohf.com\/wp-content\/uploads\/2024\/10\/6-ton-webbing-sling_1.webp","type":"image\/webp"}],"twitter_card":"summary_large_image","twitter_misc":{"Tiempo de lectura":"3 minutos"},"schema":{"@context":"https:\/\/schema.org","@graph":[{"@type":"WebPage","@id":"https:\/\/qingdaohf.com\/product\/webbing-sling-6-ton\/","url":"https:\/\/qingdaohf.com\/product\/webbing-sling-6-ton\/","name":"Flat Webbing Sling 6 Ton Polyester Double Duplex","isPartOf":{"@id":"https:\/\/qingdaohf.com\/bg\/#website"},"primaryImageOfPage":{"@id":"https:\/\/qingdaohf.com\/product\/webbing-sling-6-ton\/#primaryimage"},"image":{"@id":"https:\/\/qingdaohf.com\/product\/webbing-sling-6-ton\/#primaryimage"},"thumbnailUrl":"https:\/\/qingdaohf.com\/wp-content\/uploads\/2024\/10\/6-ton-webbing-sling_1.webp","datePublished":"2024-11-05T09:56:32+00:00","dateModified":"2025-11-13T01:02:53+00:00","breadcrumb":{"@id":"https:\/\/qingdaohf.com\/product\/webbing-sling-6-ton\/#breadcrumb"},"inLanguage":"es","potentialAction":[{"@type":"ReadAction","target":["https:\/\/qingdaohf.com\/product\/webbing-sling-6-ton\/"]}]},{"@type":"ImageObject","inLanguage":"es","@id":"https:\/\/qingdaohf.com\/product\/webbing-sling-6-ton\/#primaryimage","url":"https:\/\/qingdaohf.com\/wp-content\/uploads\/2024\/10\/6-ton-webbing-sling_1.webp","contentUrl":"https:\/\/qingdaohf.com\/wp-content\/uploads\/2024\/10\/6-ton-webbing-sling_1.webp","width":1000,"height":1000,"caption":"6 ton webbing sling"},{"@type":"BreadcrumbList","@id":"https:\/\/qingdaohf.com\/product\/webbing-sling-6-ton\/#breadcrumb","itemListElement":[{"@type":"ListItem","position":1,"name":"Home","item":"https:\/\/qingdaohf.com\/"},{"@type":"ListItem","position":2,"name":"Concrete Forming Accessories and Rigging Hardware","item":"https:\/\/qingdaohf.com\/bg\/?page_id=944"},{"@type":"ListItem","position":3,"name":"Flat Webbing Sling 6 Ton Polyester Double Duplex"}]},{"@type":"WebSite","@id":"https:\/\/qingdaohf.com\/bg\/#website","url":"https:\/\/qingdaohf.com\/bg\/","name":"Concrete Form & Rigging Hardware Supplier","description":"","publisher":{"@id":"https:\/\/qingdaohf.com\/bg\/#organization"},"potentialAction":[{"@type":"SearchAction","target":{"@type":"EntryPoint","urlTemplate":"https:\/\/qingdaohf.com\/bg\/?s={search_term_string}"},"query-input":{"@type":"PropertyValueSpecification","valueRequired":true,"valueName":"search_term_string"}}],"inLanguage":"es"},{"@type":"Organization","@id":"https:\/\/qingdaohf.com\/bg\/#organization","name":"Qingdao H&F","url":"https:\/\/qingdaohf.com\/bg\/","logo":{"@type":"ImageObject","inLanguage":"es","@id":"https:\/\/qingdaohf.com\/bg\/#\/schema\/logo\/image\/","url":"https:\/\/qingdaohf.com\/wp-content\/uploads\/2022\/12\/cropped-HF-LOGO.png","contentUrl":"https:\/\/qingdaohf.com\/wp-content\/uploads\/2022\/12\/cropped-HF-LOGO.png","width":391,"height":249,"caption":"Qingdao H&F"},"image":{"@id":"https:\/\/qingdaohf.com\/bg\/#\/schema\/logo\/image\/"},"sameAs":["https:\/\/www.facebook.com\/qingdaohf"]}]}},"_links":{"self":[{"href":"https:\/\/qingdaohf.com\/es\/wp-json\/wp\/v2\/product\/8287","targetHints":{"allow":["GET"]}}],"collection":[{"href":"https:\/\/qingdaohf.com\/es\/wp-json\/wp\/v2\/product"}],"about":[{"href":"https:\/\/qingdaohf.com\/es\/wp-json\/wp\/v2\/types\/product"}],"replies":[{"embeddable":true,"href":"https:\/\/qingdaohf.com\/es\/wp-json\/wp\/v2\/comments?post=8287"}],"version-history":[{"count":2,"href":"https:\/\/qingdaohf.com\/es\/wp-json\/wp\/v2\/product\/8287\/revisions"}],"predecessor-version":[{"id":8335,"href":"https:\/\/qingdaohf.com\/es\/wp-json\/wp\/v2\/product\/8287\/revisions\/8335"}],"wp:featuredmedia":[{"embeddable":true,"href":"https:\/\/qingdaohf.com\/es\/wp-json\/wp\/v2\/media\/8194"}],"wp:attachment":[{"href":"https:\/\/qingdaohf.com\/es\/wp-json\/wp\/v2\/media?parent=8287"}],"wp:term":[{"taxonomy":"product_brand","embeddable":true,"href":"https:\/\/qingdaohf.com\/es\/wp-json\/wp\/v2\/product_brand?post=8287"},{"taxonomy":"product_cat","embeddable":true,"href":"https:\/\/qingdaohf.com\/es\/wp-json\/wp\/v2\/product_cat?post=8287"},{"taxonomy":"product_tag","embeddable":true,"href":"https:\/\/qingdaohf.com\/es\/wp-json\/wp\/v2\/product_tag?post=8287"}],"curies":[{"name":"wp","href":"https:\/\/api.w.org\/{rel}","templated":true}]}}