{"id":8310,"date":"2024-11-07T14:33:56","date_gmt":"2024-11-07T06:33:56","guid":{"rendered":"http:\/\/qingdaohf.com\/?post_type=product&#038;p=8310"},"modified":"2025-11-13T09:02:52","modified_gmt":"2025-11-13T01:02:52","slug":"spek-anchor-stockless-anchor","status":"publish","type":"product","link":"https:\/\/qingdaohf.com\/es\/producto\/ancla-spek-ancla-sin-cepo\/","title":{"rendered":"Spek Anchor Ancla sin Stock"},"content":{"rendered":"<h3>Visi\u00f3n general y dise\u00f1o exclusivo de los anclajes Spek<\/h3>\n<p>El ancla Spek es un tipo de ancla muy utilizado en la industria naval y de alta mar, seleccionada por su dise\u00f1o distintivo que hace hincapi\u00e9 en la estabilidad y la durabilidad. Como uno de los estilos de ancla m\u00e1s tradicionales, el ancla Spek se ha labrado una reputaci\u00f3n de eficacia en una gran variedad de condiciones mar\u00edtimas, debido principalmente a su capacidad para clavarse r\u00e1pidamente en diversos fondos marinos. En comparaci\u00f3n con otras anclas, la estructura del ancla Spek permite una r\u00e1pida incrustaci\u00f3n tras el despliegue, una caracter\u00edstica muy deseable para embarcaciones que necesitan una potencia de sujeci\u00f3n fiable sin procedimientos de fondeo prolongados.<\/p>\n<p>Este tipo de ancla incorpora una aleta y un v\u00e1stago especialmente dise\u00f1ados, ambos optimizados para resistir las fuerzas de rotaci\u00f3n causadas por los cambios en el movimiento del agua. Esta forma \u00fanica no s\u00f3lo minimiza el arrastre, sino que tambi\u00e9n mantiene la estabilidad durante los cambios bruscos de corriente, ofreciendo tranquilidad a los operadores de embarcaciones que conf\u00edan en una potencia de sujeci\u00f3n constante. La geometr\u00eda del ancla Spek incluye un amplio \u00e1ngulo de aleta y una ca\u00f1a lastrada, que ayuda a mantener un \u00e1ngulo favorable de entrada en el lecho marino. Esta caracter\u00edstica le permite asentarse y fijarse r\u00e1pidamente en sustratos arenosos o fangosos, lo que la hace vers\u00e1til en diversos entornos marinos.<\/p>\n<p>En Qingdao H&amp;F suministramos anclas Spek que cumplen estas normas cr\u00edticas de rendimiento, al tiempo que mejoramos la comodidad del cliente mediante asistencia adicional y garant\u00eda de calidad. Proporcionamos una serie de informes de inspecci\u00f3n de calidad para validar la integridad estructural y la capacidad de rendimiento de cada ancla, garantizando el cumplimiento de las estrictas normativas de seguridad mar\u00edtima. Al ofrecer asistencia personalizada al cliente, ayudamos a los compradores a seleccionar el tama\u00f1o y tipo de ancla \u00f3ptimos para sus aplicaciones espec\u00edficas. Nuestro fiable y r\u00e1pido proceso de entrega garantiza adem\u00e1s que los clientes reciban sus productos a tiempo, reduciendo posibles retrasos en las operaciones.<\/p>\n<p><img fetchpriority=\"high\" decoding=\"async\" class=\"alignnone wp-image-8317 size-full\" src=\"http:\/\/qingdaohf.com\/wp-content\/uploads\/2024\/11\/spek-anchor-1.jpg\" alt=\"\" width=\"640\" height=\"640\" srcset=\"https:\/\/qingdaohf.com\/wp-content\/uploads\/2024\/11\/spek-anchor-1.jpg 640w, https:\/\/qingdaohf.com\/wp-content\/uploads\/2024\/11\/spek-anchor-1-300x300.jpg 300w, https:\/\/qingdaohf.com\/wp-content\/uploads\/2024\/11\/spek-anchor-1-150x150.jpg 150w, https:\/\/qingdaohf.com\/wp-content\/uploads\/2024\/11\/spek-anchor-1-12x12.jpg 12w, https:\/\/qingdaohf.com\/wp-content\/uploads\/2024\/11\/spek-anchor-1-500x500.jpg 500w, https:\/\/qingdaohf.com\/wp-content\/uploads\/2024\/11\/spek-anchor-1-100x100.jpg 100w\" sizes=\"(max-width: 640px) 100vw, 640px\" \/> <img decoding=\"async\" class=\"alignnone wp-image-8318 size-full\" src=\"http:\/\/qingdaohf.com\/wp-content\/uploads\/2024\/11\/spek-anchor-1.png\" alt=\"\" width=\"598\" height=\"727\" srcset=\"https:\/\/qingdaohf.com\/wp-content\/uploads\/2024\/11\/spek-anchor-1.png 598w, https:\/\/qingdaohf.com\/wp-content\/uploads\/2024\/11\/spek-anchor-1-247x300.png 247w, https:\/\/qingdaohf.com\/wp-content\/uploads\/2024\/11\/spek-anchor-1-10x12.png 10w\" sizes=\"(max-width: 598px) 100vw, 598px\" \/><\/p>\n<h3>Aplicaciones y versatilidad del ancla Spek en diferentes entornos marinos<\/h3>\n<p>El ancla Spek se elige con frecuencia para buques comerciales, plataformas marinas y otras embarcaciones de gran tama\u00f1o debido a su impresionante capacidad de sujeci\u00f3n y adaptabilidad. El ancla es especialmente eficaz para embarcaciones de gran tama\u00f1o en las que un amarre seguro es crucial para mantener la estabilidad durante estancias prolongadas. En condiciones de mar de moderadas a fuertes, el ancla Spek proporciona una ventaja gracias a su resistencia a los movimientos laterales y a su capacidad para mantenerse firme incluso en corrientes cambiantes. Estas caracter\u00edsticas la convierten en la elecci\u00f3n preferida en situaciones en las que se requiere un fondeo seguro a pesar de las impredecibles condiciones ambientales.<\/p>\n<p>Para los compradores de los sectores marino y de alta mar, la durabilidad, la facilidad de despliegue y la rentabilidad son consideraciones clave. El dise\u00f1o del ancla Spek no s\u00f3lo facilita su uso, sino que tambi\u00e9n reduce el desgaste de la cadena del ancla y del equipo relacionado, al minimizar las sacudidas o arrastres repentinos que pueden producirse con tipos de ancla menos estables. Los buques que navegan por regiones con fondos arenosos, fangosos o incluso rocosos se benefician del ajuste r\u00e1pido y fiable del ancla Spek, ya que se adapta bien a m\u00faltiples tipos de superficie.<\/p>\n<p>En Qingdao H&amp;F, hacemos hincapi\u00e9 en proporcionar productos que satisfagan estas necesidades operativas, ofreciendo al mismo tiempo ventajas que mejoren la experiencia de compra. Nuestro compromiso con los ciclos de entrega r\u00e1pidos garantiza que los clientes puedan integrar r\u00e1pidamente los nuevos equipos sin largos periodos de espera. Adem\u00e1s, realizamos pruebas exhaustivas para cada anclaje Spek, proporcionando informes de inspecci\u00f3n detallados para certificar la durabilidad, el peso y los par\u00e1metros de rendimiento del anclaje. Este nivel de control de calidad es especialmente importante para los compradores que deben cumplir las normas de seguridad mar\u00edtima y requieren una documentaci\u00f3n clara para verificar la fiabilidad del equipo.<\/p>\n<h3>Ventajas de elegir anclajes Spek de Qingdao H&amp;F<\/h3>\n<p>Elegir un ancla Spek de Qingdao H&amp;F significa invertir en algo m\u00e1s que un producto: significa contar con un socio de confianza en la adquisici\u00f3n de equipos marinos. Con m\u00e1s de 20 a\u00f1os de experiencia en el comercio internacional, Qingdao H&amp;F se ha ganado una reputaci\u00f3n de fiabilidad y compromiso con la satisfacci\u00f3n del cliente. Entendemos las exigencias operativas de la industria mar\u00edtima y nuestro objetivo es satisfacerlas garantizando que cada ancla no s\u00f3lo cumpla rigurosas normas de calidad, sino que tambi\u00e9n se ajuste a los requisitos de aplicaci\u00f3n espec\u00edficos de nuestros clientes.<\/p>\n<p>Nuestro modelo de atenci\u00f3n al cliente personalizado nos diferencia de otros proveedores, ya que fomenta un enfoque personalizado de cada transacci\u00f3n. Desde la consulta inicial hasta la entrega, los clientes reciben asistencia especializada de nuestro personal experto, que les ofrece orientaci\u00f3n basada en las normas del sector y los requisitos espec\u00edficos de la aplicaci\u00f3n. Por ejemplo, ofrecemos asesoramiento sobre la selecci\u00f3n del peso y el tama\u00f1o adecuados del ancla Spek en funci\u00f3n del tipo de embarcaci\u00f3n y de las condiciones mar\u00edtimas t\u00edpicas, garantizando que los clientes tomen decisiones informadas que mejoren la seguridad y la eficacia operativas.<\/p>\n<p>Nuestro compromiso con la transparencia se ve reforzado por nuestro exhaustivo proceso de garant\u00eda de calidad. Cada anclaje Spek se somete a pruebas exhaustivas para verificar factores como la resistencia a la tracci\u00f3n, la consistencia del peso y la resistencia a la corrosi\u00f3n. Estos procesos de prueba se documentan en informes de inspecci\u00f3n detallados que compartimos con los clientes, proporcion\u00e1ndoles confianza en la durabilidad y el rendimiento del producto. Adem\u00e1s, nuestra eficaz log\u00edstica y nuestras opciones de entrega de almac\u00e9n a almac\u00e9n permiten la llegada puntual de los productos, lo que ayuda a minimizar las interrupciones en las operaciones de los clientes y maximiza la comodidad.<\/p>\n<p>El enfoque de Qingdao H&amp;F en la excelencia del servicio y la calidad del producto nos convierte en la opci\u00f3n ideal para los compradores que buscan no s\u00f3lo anclajes robustos y fiables, sino tambi\u00e9n una experiencia de compra sin complicaciones.<\/p>","protected":false},"excerpt":{"rendered":"<p>El ancla Spek, un elemento b\u00e1sico en aplicaciones marinas, es muy apreciada por los compradores que buscan un equilibrio entre fiabilidad y rendimiento eficiente en diversas condiciones oce\u00e1nicas. Conocida por su gran capacidad de sujeci\u00f3n y su estabilidad, el ancla Spek es especialmente adecuada para embarcaciones con mar moderado o agitado. En Qingdao H&amp;F vamos un paso m\u00e1s all\u00e1 y ofrecemos un servicio de atenci\u00f3n al cliente personalizado para garantizar que cada cliente reciba asesoramiento adaptado a sus necesidades espec\u00edficas. Nuestro r\u00e1pido ciclo de entrega reduce el tiempo de inactividad, mientras que nuestra gama de informes de inspecci\u00f3n de calidad ofrece a los compradores una mayor confianza en la fiabilidad y durabilidad del producto. Para los profesionales de la industria naval, nuestro enfoque en un servicio excepcional y procesos racionalizados garantiza una experiencia de compra sin problemas.<\/p>","protected":false},"featured_media":8311,"comment_status":"open","ping_status":"closed","template":"","meta":{"site-sidebar-layout":"default","site-content-layout":"","ast-site-content-layout":"default","site-content-style":"default","site-sidebar-style":"default","ast-global-header-display":"","ast-banner-title-visibility":"","ast-main-header-display":"","ast-hfb-above-header-display":"","ast-hfb-below-header-display":"","ast-hfb-mobile-header-display":"","site-post-title":"","ast-breadcrumbs-content":"","ast-featured-img":"","footer-sml-layout":"","theme-transparent-header-meta":"default","adv-header-id-meta":"","stick-header-meta":"default","header-above-stick-meta":"","header-main-stick-meta":"","header-below-stick-meta":"","astra-migrate-meta-layouts":"set","ast-page-background-enabled":"default","ast-page-background-meta":{"desktop":{"background-color":"","background-image":"","background-repeat":"repeat","background-position":"center center","background-size":"auto","background-attachment":"scroll","background-type":"","background-media":"","overlay-type":"","overlay-color":"","overlay-opacity":"","overlay-gradient":""},"tablet":{"background-color":"","background-image":"","background-repeat":"repeat","background-position":"center center","background-size":"auto","background-attachment":"scroll","background-type":"","background-media":"","overlay-type":"","overlay-color":"","overlay-opacity":"","overlay-gradient":""},"mobile":{"background-color":"","background-image":"","background-repeat":"repeat","background-position":"center center","background-size":"auto","background-attachment":"scroll","background-type":"","background-media":"","overlay-type":"","overlay-color":"","overlay-opacity":"","overlay-gradient":""}},"ast-content-background-meta":{"desktop":{"background-color":"var(--ast-global-color-5)","background-image":"","background-repeat":"repeat","background-position":"center center","background-size":"auto","background-attachment":"scroll","background-type":"","background-media":"","overlay-type":"","overlay-color":"","overlay-opacity":"","overlay-gradient":""},"tablet":{"background-color":"var(--ast-global-color-5)","background-image":"","background-repeat":"repeat","background-position":"center center","background-size":"auto","background-attachment":"scroll","background-type":"","background-media":"","overlay-type":"","overlay-color":"","overlay-opacity":"","overlay-gradient":""},"mobile":{"background-color":"var(--ast-global-color-5)","background-image":"","background-repeat":"repeat","background-position":"center center","background-size":"auto","background-attachment":"scroll","background-type":"","background-media":"","overlay-type":"","overlay-color":"","overlay-opacity":"","overlay-gradient":""}}},"product_brand":[],"product_cat":[74],"product_tag":[],"class_list":{"0":"post-8310","1":"product","2":"type-product","3":"status-publish","4":"has-post-thumbnail","6":"product_cat-boat-anchor","7":"desktop-align-left","8":"tablet-align-left","9":"mobile-align-left","10":"ast-product-gallery-layout-horizontal-slider","11":"ast-product-tabs-layout-horizontal","13":"first","14":"instock","15":"shipping-taxable","16":"purchasable","17":"product-type-simple"},"yoast_head":"<!-- This site is optimized with the Yoast SEO plugin v25.2 - https:\/\/yoast.com\/wordpress\/plugins\/seo\/ -->\n<title>Spek Anchor Stockless Anchor<\/title>\n<meta name=\"robots\" content=\"index, follow, max-snippet:-1, max-image-preview:large, max-video-preview:-1\" \/>\n<link rel=\"canonical\" href=\"https:\/\/qingdaohf.com\/es\/producto\/ancla-spek-ancla-sin-cepo\/\" \/>\n<meta property=\"og:locale\" content=\"es_ES\" \/>\n<meta property=\"og:type\" content=\"article\" \/>\n<meta property=\"og:title\" content=\"Spek Anchor Stockless Anchor\" \/>\n<meta property=\"og:description\" content=\"The Spek Anchor, a staple in marine applications, is highly valued by buyers seeking a balance of reliability and efficient performance in diverse ocean conditions. Known for its robust holding power and stability, the Spek Anchor is particularly well-suited for vessels in moderate to rough seas. At Qingdao H&amp;F, we go a step further by providing one-on-one customer service to ensure each client receives guidance tailored to their specific requirements. Our fast delivery cycle reduces downtime, while our range of quality inspection reports offers buyers added confidence in product reliability and durability. For marine industry professionals, our focus on exceptional service and streamlined processes ensures a seamless purchasing experience.\" \/>\n<meta property=\"og:url\" content=\"https:\/\/qingdaohf.com\/es\/producto\/ancla-spek-ancla-sin-cepo\/\" \/>\n<meta property=\"og:site_name\" content=\"Concrete Form &amp; Rigging Hardware Supplier\" \/>\n<meta property=\"article:publisher\" content=\"https:\/\/www.facebook.com\/qingdaohf\" \/>\n<meta property=\"article:modified_time\" content=\"2025-11-13T01:02:52+00:00\" \/>\n<meta property=\"og:image\" content=\"https:\/\/qingdaohf.com\/wp-content\/uploads\/2024\/11\/spek-anchor.jpg\" \/>\n\t<meta property=\"og:image:width\" content=\"1000\" \/>\n\t<meta property=\"og:image:height\" content=\"1000\" \/>\n\t<meta property=\"og:image:type\" content=\"image\/jpeg\" \/>\n<meta name=\"twitter:card\" content=\"summary_large_image\" \/>\n<meta name=\"twitter:label1\" content=\"Tiempo de lectura\" \/>\n\t<meta name=\"twitter:data1\" content=\"5 minutos\" \/>\n<script type=\"application\/ld+json\" class=\"yoast-schema-graph\">{\"@context\":\"https:\/\/schema.org\",\"@graph\":[{\"@type\":\"WebPage\",\"@id\":\"https:\/\/qingdaohf.com\/product\/spek-anchor-stockless-anchor\/\",\"url\":\"https:\/\/qingdaohf.com\/product\/spek-anchor-stockless-anchor\/\",\"name\":\"Spek Anchor Stockless Anchor\",\"isPartOf\":{\"@id\":\"https:\/\/qingdaohf.com\/bg\/#website\"},\"primaryImageOfPage\":{\"@id\":\"https:\/\/qingdaohf.com\/product\/spek-anchor-stockless-anchor\/#primaryimage\"},\"image\":{\"@id\":\"https:\/\/qingdaohf.com\/product\/spek-anchor-stockless-anchor\/#primaryimage\"},\"thumbnailUrl\":\"https:\/\/qingdaohf.com\/wp-content\/uploads\/2024\/11\/spek-anchor.jpg\",\"datePublished\":\"2024-11-07T06:33:56+00:00\",\"dateModified\":\"2025-11-13T01:02:52+00:00\",\"breadcrumb\":{\"@id\":\"https:\/\/qingdaohf.com\/product\/spek-anchor-stockless-anchor\/#breadcrumb\"},\"inLanguage\":\"es\",\"potentialAction\":[{\"@type\":\"ReadAction\",\"target\":[\"https:\/\/qingdaohf.com\/product\/spek-anchor-stockless-anchor\/\"]}]},{\"@type\":\"ImageObject\",\"inLanguage\":\"es\",\"@id\":\"https:\/\/qingdaohf.com\/product\/spek-anchor-stockless-anchor\/#primaryimage\",\"url\":\"https:\/\/qingdaohf.com\/wp-content\/uploads\/2024\/11\/spek-anchor.jpg\",\"contentUrl\":\"https:\/\/qingdaohf.com\/wp-content\/uploads\/2024\/11\/spek-anchor.jpg\",\"width\":1000,\"height\":1000,\"caption\":\"spek anchor\"},{\"@type\":\"BreadcrumbList\",\"@id\":\"https:\/\/qingdaohf.com\/product\/spek-anchor-stockless-anchor\/#breadcrumb\",\"itemListElement\":[{\"@type\":\"ListItem\",\"position\":1,\"name\":\"Home\",\"item\":\"https:\/\/qingdaohf.com\/\"},{\"@type\":\"ListItem\",\"position\":2,\"name\":\"Concrete Forming Accessories and Rigging Hardware\",\"item\":\"https:\/\/qingdaohf.com\/bg\/?page_id=944\"},{\"@type\":\"ListItem\",\"position\":3,\"name\":\"Spek Anchor Stockless Anchor\"}]},{\"@type\":\"WebSite\",\"@id\":\"https:\/\/qingdaohf.com\/bg\/#website\",\"url\":\"https:\/\/qingdaohf.com\/bg\/\",\"name\":\"Concrete Form & Rigging Hardware Supplier\",\"description\":\"\",\"publisher\":{\"@id\":\"https:\/\/qingdaohf.com\/bg\/#organization\"},\"potentialAction\":[{\"@type\":\"SearchAction\",\"target\":{\"@type\":\"EntryPoint\",\"urlTemplate\":\"https:\/\/qingdaohf.com\/bg\/?s={search_term_string}\"},\"query-input\":{\"@type\":\"PropertyValueSpecification\",\"valueRequired\":true,\"valueName\":\"search_term_string\"}}],\"inLanguage\":\"es\"},{\"@type\":\"Organization\",\"@id\":\"https:\/\/qingdaohf.com\/bg\/#organization\",\"name\":\"Qingdao H&F\",\"url\":\"https:\/\/qingdaohf.com\/bg\/\",\"logo\":{\"@type\":\"ImageObject\",\"inLanguage\":\"es\",\"@id\":\"https:\/\/qingdaohf.com\/bg\/#\/schema\/logo\/image\/\",\"url\":\"https:\/\/qingdaohf.com\/wp-content\/uploads\/2022\/12\/cropped-HF-LOGO.png\",\"contentUrl\":\"https:\/\/qingdaohf.com\/wp-content\/uploads\/2022\/12\/cropped-HF-LOGO.png\",\"width\":391,\"height\":249,\"caption\":\"Qingdao H&F\"},\"image\":{\"@id\":\"https:\/\/qingdaohf.com\/bg\/#\/schema\/logo\/image\/\"},\"sameAs\":[\"https:\/\/www.facebook.com\/qingdaohf\"]}]}<\/script>\n<!-- \/ Yoast SEO plugin. -->","yoast_head_json":{"title":"Spek Anchor Stockless Anchor","robots":{"index":"index","follow":"follow","max-snippet":"max-snippet:-1","max-image-preview":"max-image-preview:large","max-video-preview":"max-video-preview:-1"},"canonical":"https:\/\/qingdaohf.com\/es\/producto\/ancla-spek-ancla-sin-cepo\/","og_locale":"es_ES","og_type":"article","og_title":"Spek Anchor Stockless Anchor","og_description":"The Spek Anchor, a staple in marine applications, is highly valued by buyers seeking a balance of reliability and efficient performance in diverse ocean conditions. Known for its robust holding power and stability, the Spek Anchor is particularly well-suited for vessels in moderate to rough seas. At Qingdao H&amp;F, we go a step further by providing one-on-one customer service to ensure each client receives guidance tailored to their specific requirements. Our fast delivery cycle reduces downtime, while our range of quality inspection reports offers buyers added confidence in product reliability and durability. For marine industry professionals, our focus on exceptional service and streamlined processes ensures a seamless purchasing experience.","og_url":"https:\/\/qingdaohf.com\/es\/producto\/ancla-spek-ancla-sin-cepo\/","og_site_name":"Concrete Form &amp; Rigging Hardware Supplier","article_publisher":"https:\/\/www.facebook.com\/qingdaohf","article_modified_time":"2025-11-13T01:02:52+00:00","og_image":[{"width":1000,"height":1000,"url":"https:\/\/qingdaohf.com\/wp-content\/uploads\/2024\/11\/spek-anchor.jpg","type":"image\/jpeg"}],"twitter_card":"summary_large_image","twitter_misc":{"Tiempo de lectura":"5 minutos"},"schema":{"@context":"https:\/\/schema.org","@graph":[{"@type":"WebPage","@id":"https:\/\/qingdaohf.com\/product\/spek-anchor-stockless-anchor\/","url":"https:\/\/qingdaohf.com\/product\/spek-anchor-stockless-anchor\/","name":"Spek Anchor Stockless Anchor","isPartOf":{"@id":"https:\/\/qingdaohf.com\/bg\/#website"},"primaryImageOfPage":{"@id":"https:\/\/qingdaohf.com\/product\/spek-anchor-stockless-anchor\/#primaryimage"},"image":{"@id":"https:\/\/qingdaohf.com\/product\/spek-anchor-stockless-anchor\/#primaryimage"},"thumbnailUrl":"https:\/\/qingdaohf.com\/wp-content\/uploads\/2024\/11\/spek-anchor.jpg","datePublished":"2024-11-07T06:33:56+00:00","dateModified":"2025-11-13T01:02:52+00:00","breadcrumb":{"@id":"https:\/\/qingdaohf.com\/product\/spek-anchor-stockless-anchor\/#breadcrumb"},"inLanguage":"es","potentialAction":[{"@type":"ReadAction","target":["https:\/\/qingdaohf.com\/product\/spek-anchor-stockless-anchor\/"]}]},{"@type":"ImageObject","inLanguage":"es","@id":"https:\/\/qingdaohf.com\/product\/spek-anchor-stockless-anchor\/#primaryimage","url":"https:\/\/qingdaohf.com\/wp-content\/uploads\/2024\/11\/spek-anchor.jpg","contentUrl":"https:\/\/qingdaohf.com\/wp-content\/uploads\/2024\/11\/spek-anchor.jpg","width":1000,"height":1000,"caption":"spek anchor"},{"@type":"BreadcrumbList","@id":"https:\/\/qingdaohf.com\/product\/spek-anchor-stockless-anchor\/#breadcrumb","itemListElement":[{"@type":"ListItem","position":1,"name":"Home","item":"https:\/\/qingdaohf.com\/"},{"@type":"ListItem","position":2,"name":"Concrete Forming Accessories and Rigging Hardware","item":"https:\/\/qingdaohf.com\/bg\/?page_id=944"},{"@type":"ListItem","position":3,"name":"Spek Anchor Stockless Anchor"}]},{"@type":"WebSite","@id":"https:\/\/qingdaohf.com\/bg\/#website","url":"https:\/\/qingdaohf.com\/bg\/","name":"Concrete Form & Rigging Hardware Supplier","description":"","publisher":{"@id":"https:\/\/qingdaohf.com\/bg\/#organization"},"potentialAction":[{"@type":"SearchAction","target":{"@type":"EntryPoint","urlTemplate":"https:\/\/qingdaohf.com\/bg\/?s={search_term_string}"},"query-input":{"@type":"PropertyValueSpecification","valueRequired":true,"valueName":"search_term_string"}}],"inLanguage":"es"},{"@type":"Organization","@id":"https:\/\/qingdaohf.com\/bg\/#organization","name":"Qingdao H&F","url":"https:\/\/qingdaohf.com\/bg\/","logo":{"@type":"ImageObject","inLanguage":"es","@id":"https:\/\/qingdaohf.com\/bg\/#\/schema\/logo\/image\/","url":"https:\/\/qingdaohf.com\/wp-content\/uploads\/2022\/12\/cropped-HF-LOGO.png","contentUrl":"https:\/\/qingdaohf.com\/wp-content\/uploads\/2022\/12\/cropped-HF-LOGO.png","width":391,"height":249,"caption":"Qingdao H&F"},"image":{"@id":"https:\/\/qingdaohf.com\/bg\/#\/schema\/logo\/image\/"},"sameAs":["https:\/\/www.facebook.com\/qingdaohf"]}]}},"_links":{"self":[{"href":"https:\/\/qingdaohf.com\/es\/wp-json\/wp\/v2\/product\/8310","targetHints":{"allow":["GET"]}}],"collection":[{"href":"https:\/\/qingdaohf.com\/es\/wp-json\/wp\/v2\/product"}],"about":[{"href":"https:\/\/qingdaohf.com\/es\/wp-json\/wp\/v2\/types\/product"}],"replies":[{"embeddable":true,"href":"https:\/\/qingdaohf.com\/es\/wp-json\/wp\/v2\/comments?post=8310"}],"version-history":[{"count":1,"href":"https:\/\/qingdaohf.com\/es\/wp-json\/wp\/v2\/product\/8310\/revisions"}],"predecessor-version":[{"id":8319,"href":"https:\/\/qingdaohf.com\/es\/wp-json\/wp\/v2\/product\/8310\/revisions\/8319"}],"wp:featuredmedia":[{"embeddable":true,"href":"https:\/\/qingdaohf.com\/es\/wp-json\/wp\/v2\/media\/8311"}],"wp:attachment":[{"href":"https:\/\/qingdaohf.com\/es\/wp-json\/wp\/v2\/media?parent=8310"}],"wp:term":[{"taxonomy":"product_brand","embeddable":true,"href":"https:\/\/qingdaohf.com\/es\/wp-json\/wp\/v2\/product_brand?post=8310"},{"taxonomy":"product_cat","embeddable":true,"href":"https:\/\/qingdaohf.com\/es\/wp-json\/wp\/v2\/product_cat?post=8310"},{"taxonomy":"product_tag","embeddable":true,"href":"https:\/\/qingdaohf.com\/es\/wp-json\/wp\/v2\/product_tag?post=8310"}],"curies":[{"name":"wp","href":"https:\/\/api.w.org\/{rel}","templated":true}]}}