{"id":8601,"date":"2024-12-27T17:18:28","date_gmt":"2024-12-27T09:18:28","guid":{"rendered":"http:\/\/qingdaohf.com\/?post_type=product&#038;p=8601"},"modified":"2025-11-13T09:02:22","modified_gmt":"2025-11-13T01:02:22","slug":"formwork-water-stop","status":"publish","type":"product","link":"https:\/\/qingdaohf.com\/es\/producto\/tope-de-agua-de-encofrado\/","title":{"rendered":"Encofrado Water Stop"},"content":{"rendered":"<p class=\"whitespace-pre-wrap break-words\">Los productos de retenci\u00f3n de agua para encofrados son vitales para impermeabilizar y mantener la integridad estructural en la construcci\u00f3n de hormig\u00f3n. Estos componentes funcionan junto con accesorios de encofrado como tirantes y tuercas de mariposa para evitar filtraciones de agua y proteger las estructuras de hormig\u00f3n. Exploremos c\u00f3mo funcionan juntos estos elementos y por qu\u00e9 son importantes para sus proyectos de construcci\u00f3n.<\/p>\n<h2 class=\"font-600 text-xl font-bold\">Comprender los topes de agua del encofrado<\/h2>\n<p class=\"whitespace-pre-wrap break-words\">Cuando se construye con hormig\u00f3n, es inevitable encontrar juntas entre diferentes secciones, que aparecen debido a necesidades pr\u00e1cticas como interrupciones en la construcci\u00f3n o el uso de secciones de molde separadas. Dado que el hormig\u00f3n es poroso por naturaleza, estas juntas pueden convertirse en puntos d\u00e9biles por los que puede penetrar el agua. Ah\u00ed es donde entran en juego los waterstops.<\/p>\n<p class=\"whitespace-pre-wrap break-words\">Los waterstops se fabrican con materiales que pueden flexionarse y moverse con el hormig\u00f3n: normalmente PVC, caucho o compuestos hidr\u00f3filos especiales. La clave est\u00e1 en elegir un material que mantenga su eficacia cuando el hormig\u00f3n se asiente y responda a los cambios ambientales. Tendr\u00e1s que instalarlos antes de verter el hormig\u00f3n, para crear una barrera f\u00edsica contra la infiltraci\u00f3n de agua. Esto es especialmente crucial en estructuras como s\u00f3tanos, t\u00faneles y presas, donde la presi\u00f3n del agua es una preocupaci\u00f3n constante.<\/p>\n<h2 class=\"font-600 text-xl font-bold\">El papel de los tirantes en las aplicaciones de encofrado<\/h2>\n<p><img fetchpriority=\"high\" decoding=\"async\" class=\"alignnone wp-image-8579 size-full\" src=\"http:\/\/qingdaohf.com\/wp-content\/uploads\/2024\/12\/tie-rod-92.webp\" alt=\"sistema de tirantes\" width=\"1000\" height=\"1000\" srcset=\"https:\/\/qingdaohf.com\/wp-content\/uploads\/2024\/12\/tie-rod-92.webp 1000w, https:\/\/qingdaohf.com\/wp-content\/uploads\/2024\/12\/tie-rod-92-300x300.webp 300w, https:\/\/qingdaohf.com\/wp-content\/uploads\/2024\/12\/tie-rod-92-150x150.webp 150w, https:\/\/qingdaohf.com\/wp-content\/uploads\/2024\/12\/tie-rod-92-768x768.webp 768w, https:\/\/qingdaohf.com\/wp-content\/uploads\/2024\/12\/tie-rod-92-12x12.webp 12w, https:\/\/qingdaohf.com\/wp-content\/uploads\/2024\/12\/tie-rod-92-500x500.webp 500w, https:\/\/qingdaohf.com\/wp-content\/uploads\/2024\/12\/tie-rod-92-100x100.webp 100w\" sizes=\"(max-width: 1000px) 100vw, 1000px\" \/><\/p>\n<p class=\"whitespace-pre-wrap break-words\">Los tirantes (o anclajes de encofrado) son los h\u00e9roes an\u00f3nimos de la construcci\u00f3n con hormig\u00f3n. Estos componentes de acero mantienen firmes los paneles de encofrado mientras se vierte y cura el hormig\u00f3n. Enhebrados a trav\u00e9s de los paneles y asegurados con tuercas de mariposa en cada extremo, proporcionan la tensi\u00f3n necesaria para mantener todo estable bajo la inmensa presi\u00f3n del hormig\u00f3n h\u00famedo.<\/p>\n<p class=\"whitespace-pre-wrap break-words\">La relaci\u00f3n entre los retenes de agua y los tirantes es crucial: deben trabajar juntos a la perfecci\u00f3n. Mientras que los tirantes mantienen la posici\u00f3n del encofrado, los waterstop garantizan la impermeabilidad de las juntas. Si se consigue esta combinaci\u00f3n, se evitan las filtraciones de agua y las costosas reparaciones futuras. Una vez fraguado el hormig\u00f3n, los trabajadores retiran los tirantes y las tuercas de mariposa, dejando las juntas debidamente impermeabilizadas.<\/p>\n<h2 class=\"font-600 text-xl font-bold\">La importancia de las tuercas de mariposa en la construcci\u00f3n de encofrados<\/h2>\n<p class=\"whitespace-pre-wrap break-words\">Las tuercas de mariposa pueden parecer sencillas, pero son esenciales para ajustar la instalaci\u00f3n del encofrado. Su dise\u00f1o permite a los trabajadores ajustar manualmente la tensi\u00f3n del tirante, lo que facilita el mantenimiento de la alineaci\u00f3n correcta de los paneles durante el hormigonado. Este control preciso ayuda a evitar el movimiento del panel que podr\u00eda comprometer la estructura final.<\/p>\n<p class=\"whitespace-pre-wrap break-words\">Estos componentes tambi\u00e9n desempe\u00f1an un papel clave en la eficacia de los waterstops. Cuando los tirantes se tensan correctamente con tuercas de mariposa, mantienen los paneles de encofrado y los waterstops exactamente donde deben estar. Sin un ajuste adecuado de las tuercas de mariposa, el movimiento durante el vertido podr\u00eda crear huecos que permitieran la penetraci\u00f3n del agua.<\/p>\n<h2 class=\"font-600 text-xl font-bold\">Ventajas de los topes de agua de encofrado en la impermeabilizaci\u00f3n del hormig\u00f3n<\/h2>\n<p class=\"whitespace-pre-wrap break-words\">Para las estructuras que se enfrentan a una exposici\u00f3n constante a la humedad, como cimientos y t\u00faneles subterr\u00e1neos, una impermeabilizaci\u00f3n adecuada no es negociable. Los waterstops ofrecen varias ventajas clave:<\/p>\n<p class=\"whitespace-pre-wrap break-words\">Protecci\u00f3n estructural: Al impedir la infiltraci\u00f3n de agua en las juntas, los waterstops ayudan a evitar problemas comunes como la corrosi\u00f3n de la armadura y la degradaci\u00f3n del hormig\u00f3n que pueden amenazar la integridad estructural.<\/p>\n<p class=\"whitespace-pre-wrap break-words\">Ventajas econ\u00f3micas: Aunque la inversi\u00f3n inicial en impermeabilizaciones de calidad pueda parecer importante, es mucho menos costosa que tener que hacer frente a reparaciones posteriores por da\u00f1os causados por el agua. Una buena impermeabilizaci\u00f3n durante la construcci\u00f3n elimina la necesidad de costosas reparaciones posteriores.<\/p>\n<p class=\"whitespace-pre-wrap break-words\">Mayor longevidad: Las estructuras con una instalaci\u00f3n adecuada del cierre hidr\u00e1ulico suelen durar m\u00e1s, especialmente en entornos dif\u00edciles con alta presi\u00f3n de agua o condiciones corrosivas.<\/p>\n<p class=\"whitespace-pre-wrap break-words\">Cumplimiento de la normativa: Muchos c\u00f3digos de construcci\u00f3n exigen el uso de paradas de agua, sobre todo en infraestructuras cr\u00edticas. Su uso ayuda a garantizar que su proyecto cumple todas las normas de seguridad y fiabilidad necesarias.<\/p>\n<p class=\"whitespace-pre-wrap break-words\">Responsabilidad medioambiental: Una impermeabilizaci\u00f3n eficaz protege no s\u00f3lo la estructura, sino tambi\u00e9n el entorno circundante de una posible contaminaci\u00f3n por fugas.<\/p>\n<h2 class=\"font-600 text-xl font-bold\">\u00bfPor qu\u00e9 elegirnos para sus necesidades de paradas de agua de encofrado?<\/h2>\n<p class=\"whitespace-pre-wrap break-words\">Nuestra empresa est\u00e1 especializada en ofrecer a los profesionales de la construcci\u00f3n soluciones de encofrado de alta calidad. Entendemos que cada proyecto presenta retos \u00fanicos, por lo que ofrecemos asistencia personalizada para ayudarle a seleccionar los productos adecuados.<\/p>\n<p class=\"whitespace-pre-wrap break-words\">Nos enorgullecemos de nuestros r\u00e1pidos plazos de entrega y nuestra exhaustiva documentaci\u00f3n de inspecci\u00f3n de calidad. Tanto si gestiona un gran proyecto de infraestructura como una peque\u00f1a urbanizaci\u00f3n, nuestro equipo le ofrece la experiencia y el apoyo que necesita a lo largo de todo el proyecto.<\/p>\n<h2 class=\"font-600 text-xl font-bold\">Conclusi\u00f3n<\/h2>\n<p class=\"whitespace-pre-wrap break-words\">El \u00e9xito de una construcci\u00f3n de hormig\u00f3n depende a menudo de que se tengan en cuenta todos los detalles, especialmente en lo que respecta a la impermeabilizaci\u00f3n. El uso eficaz de barreras de agua, junto con tirantes y tuercas de mariposa correctamente instalados, contribuye a garantizar la estanqueidad y durabilidad de sus estructuras. Al asociarse con un proveedor de confianza como nosotros, obtendr\u00e1 los productos de calidad y la asistencia necesarios para completar sus proyectos con \u00e9xito.<\/p>","protected":false},"excerpt":{"rendered":"<p>Los productos de impermeabilizaci\u00f3n de encofrados son esenciales para crear barreras impermeables en la construcci\u00f3n de hormig\u00f3n, evitando las fugas de agua a trav\u00e9s de las juntas de las estructuras de hormig\u00f3n. Estos productos est\u00e1n dise\u00f1ados para utilizarse junto con otros accesorios de encofrado, como tirantes y tuercas de mariposa, para garantizar un proceso de construcci\u00f3n duradero y sin fisuras. Como empresa comercial, ofrecemos un servicio de atenci\u00f3n al cliente personalizado, ciclos de entrega r\u00e1pidos y varios informes de inspecci\u00f3n de calidad para garantizar el m\u00e1ximo nivel a nuestros clientes. Tanto si necesita asesoramiento sobre especificaciones de productos como una entrega puntual, nos comprometemos a satisfacer sus necesidades con eficacia y fiabilidad.<\/p>","protected":false},"featured_media":8599,"comment_status":"open","ping_status":"closed","template":"","meta":{"site-sidebar-layout":"default","site-content-layout":"","ast-site-content-layout":"default","site-content-style":"default","site-sidebar-style":"default","ast-global-header-display":"","ast-banner-title-visibility":"","ast-main-header-display":"","ast-hfb-above-header-display":"","ast-hfb-below-header-display":"","ast-hfb-mobile-header-display":"","site-post-title":"","ast-breadcrumbs-content":"","ast-featured-img":"","footer-sml-layout":"","theme-transparent-header-meta":"default","adv-header-id-meta":"","stick-header-meta":"default","header-above-stick-meta":"","header-main-stick-meta":"","header-below-stick-meta":"","astra-migrate-meta-layouts":"set","ast-page-background-enabled":"default","ast-page-background-meta":{"desktop":{"background-color":"","background-image":"","background-repeat":"repeat","background-position":"center center","background-size":"auto","background-attachment":"scroll","background-type":"","background-media":"","overlay-type":"","overlay-color":"","overlay-opacity":"","overlay-gradient":""},"tablet":{"background-color":"","background-image":"","background-repeat":"repeat","background-position":"center center","background-size":"auto","background-attachment":"scroll","background-type":"","background-media":"","overlay-type":"","overlay-color":"","overlay-opacity":"","overlay-gradient":""},"mobile":{"background-color":"","background-image":"","background-repeat":"repeat","background-position":"center center","background-size":"auto","background-attachment":"scroll","background-type":"","background-media":"","overlay-type":"","overlay-color":"","overlay-opacity":"","overlay-gradient":""}},"ast-content-background-meta":{"desktop":{"background-color":"var(--ast-global-color-5)","background-image":"","background-repeat":"repeat","background-position":"center center","background-size":"auto","background-attachment":"scroll","background-type":"","background-media":"","overlay-type":"","overlay-color":"","overlay-opacity":"","overlay-gradient":""},"tablet":{"background-color":"var(--ast-global-color-5)","background-image":"","background-repeat":"repeat","background-position":"center center","background-size":"auto","background-attachment":"scroll","background-type":"","background-media":"","overlay-type":"","overlay-color":"","overlay-opacity":"","overlay-gradient":""},"mobile":{"background-color":"var(--ast-global-color-5)","background-image":"","background-repeat":"repeat","background-position":"center center","background-size":"auto","background-attachment":"scroll","background-type":"","background-media":"","overlay-type":"","overlay-color":"","overlay-opacity":"","overlay-gradient":""}}},"product_brand":[],"product_cat":[79],"product_tag":[],"class_list":{"0":"post-8601","1":"product","2":"type-product","3":"status-publish","4":"has-post-thumbnail","6":"product_cat-tie-rod-system","7":"desktop-align-left","8":"tablet-align-left","9":"mobile-align-left","10":"ast-product-gallery-layout-horizontal-slider","11":"ast-product-tabs-layout-horizontal","13":"first","14":"instock","15":"shipping-taxable","16":"purchasable","17":"product-type-simple"},"yoast_head":"<!-- This site is optimized with the Yoast SEO plugin v25.2 - https:\/\/yoast.com\/wordpress\/plugins\/seo\/ -->\n<title>Formwork Water Stop<\/title>\n<meta name=\"description\" content=\"Formwork water stop products are essential for creating waterproof barriers in concrete construction, preventing water leakage through joints in concrete structures.\" \/>\n<meta name=\"robots\" content=\"index, follow, max-snippet:-1, max-image-preview:large, max-video-preview:-1\" \/>\n<link rel=\"canonical\" href=\"https:\/\/qingdaohf.com\/es\/producto\/tope-de-agua-de-encofrado\/\" \/>\n<meta property=\"og:locale\" content=\"es_ES\" \/>\n<meta property=\"og:type\" content=\"article\" \/>\n<meta property=\"og:title\" content=\"Formwork Water Stop\" \/>\n<meta property=\"og:description\" content=\"Formwork water stop products are essential for creating waterproof barriers in concrete construction, preventing water leakage through joints in concrete structures.\" \/>\n<meta property=\"og:url\" content=\"https:\/\/qingdaohf.com\/es\/producto\/tope-de-agua-de-encofrado\/\" \/>\n<meta property=\"og:site_name\" content=\"Concrete Form &amp; Rigging Hardware Supplier\" \/>\n<meta property=\"article:publisher\" content=\"https:\/\/www.facebook.com\/qingdaohf\" \/>\n<meta property=\"article:modified_time\" content=\"2025-11-13T01:02:22+00:00\" \/>\n<meta property=\"og:image\" content=\"https:\/\/qingdaohf.com\/wp-content\/uploads\/2024\/12\/tie-rod-water-stop-9.jpg\" \/>\n\t<meta property=\"og:image:width\" content=\"1000\" \/>\n\t<meta property=\"og:image:height\" content=\"1000\" \/>\n\t<meta property=\"og:image:type\" content=\"image\/jpeg\" \/>\n<meta name=\"twitter:card\" content=\"summary_large_image\" \/>\n<meta name=\"twitter:label1\" content=\"Tiempo de lectura\" \/>\n\t<meta name=\"twitter:data1\" content=\"4 minutos\" \/>\n<script type=\"application\/ld+json\" class=\"yoast-schema-graph\">{\"@context\":\"https:\/\/schema.org\",\"@graph\":[{\"@type\":\"WebPage\",\"@id\":\"https:\/\/qingdaohf.com\/product\/formwork-water-stop\/\",\"url\":\"https:\/\/qingdaohf.com\/product\/formwork-water-stop\/\",\"name\":\"Formwork Water Stop\",\"isPartOf\":{\"@id\":\"https:\/\/qingdaohf.com\/bg\/#website\"},\"primaryImageOfPage\":{\"@id\":\"https:\/\/qingdaohf.com\/product\/formwork-water-stop\/#primaryimage\"},\"image\":{\"@id\":\"https:\/\/qingdaohf.com\/product\/formwork-water-stop\/#primaryimage\"},\"thumbnailUrl\":\"https:\/\/qingdaohf.com\/wp-content\/uploads\/2024\/12\/tie-rod-water-stop-9.jpg\",\"datePublished\":\"2024-12-27T09:18:28+00:00\",\"dateModified\":\"2025-11-13T01:02:22+00:00\",\"description\":\"Formwork water stop products are essential for creating waterproof barriers in concrete construction, preventing water leakage through joints in concrete structures.\",\"breadcrumb\":{\"@id\":\"https:\/\/qingdaohf.com\/product\/formwork-water-stop\/#breadcrumb\"},\"inLanguage\":\"es\",\"potentialAction\":[{\"@type\":\"ReadAction\",\"target\":[\"https:\/\/qingdaohf.com\/product\/formwork-water-stop\/\"]}]},{\"@type\":\"ImageObject\",\"inLanguage\":\"es\",\"@id\":\"https:\/\/qingdaohf.com\/product\/formwork-water-stop\/#primaryimage\",\"url\":\"https:\/\/qingdaohf.com\/wp-content\/uploads\/2024\/12\/tie-rod-water-stop-9.jpg\",\"contentUrl\":\"https:\/\/qingdaohf.com\/wp-content\/uploads\/2024\/12\/tie-rod-water-stop-9.jpg\",\"width\":1000,\"height\":1000},{\"@type\":\"BreadcrumbList\",\"@id\":\"https:\/\/qingdaohf.com\/product\/formwork-water-stop\/#breadcrumb\",\"itemListElement\":[{\"@type\":\"ListItem\",\"position\":1,\"name\":\"Home\",\"item\":\"https:\/\/qingdaohf.com\/\"},{\"@type\":\"ListItem\",\"position\":2,\"name\":\"Concrete Forming Accessories and Rigging Hardware\",\"item\":\"https:\/\/qingdaohf.com\/bg\/?page_id=944\"},{\"@type\":\"ListItem\",\"position\":3,\"name\":\"Formwork Water Stop\"}]},{\"@type\":\"WebSite\",\"@id\":\"https:\/\/qingdaohf.com\/bg\/#website\",\"url\":\"https:\/\/qingdaohf.com\/bg\/\",\"name\":\"Concrete Form & Rigging Hardware Supplier\",\"description\":\"\",\"publisher\":{\"@id\":\"https:\/\/qingdaohf.com\/bg\/#organization\"},\"potentialAction\":[{\"@type\":\"SearchAction\",\"target\":{\"@type\":\"EntryPoint\",\"urlTemplate\":\"https:\/\/qingdaohf.com\/bg\/?s={search_term_string}\"},\"query-input\":{\"@type\":\"PropertyValueSpecification\",\"valueRequired\":true,\"valueName\":\"search_term_string\"}}],\"inLanguage\":\"es\"},{\"@type\":\"Organization\",\"@id\":\"https:\/\/qingdaohf.com\/bg\/#organization\",\"name\":\"Qingdao H&F\",\"url\":\"https:\/\/qingdaohf.com\/bg\/\",\"logo\":{\"@type\":\"ImageObject\",\"inLanguage\":\"es\",\"@id\":\"https:\/\/qingdaohf.com\/bg\/#\/schema\/logo\/image\/\",\"url\":\"https:\/\/qingdaohf.com\/wp-content\/uploads\/2022\/12\/cropped-HF-LOGO.png\",\"contentUrl\":\"https:\/\/qingdaohf.com\/wp-content\/uploads\/2022\/12\/cropped-HF-LOGO.png\",\"width\":391,\"height\":249,\"caption\":\"Qingdao H&F\"},\"image\":{\"@id\":\"https:\/\/qingdaohf.com\/bg\/#\/schema\/logo\/image\/\"},\"sameAs\":[\"https:\/\/www.facebook.com\/qingdaohf\"]}]}<\/script>\n<!-- \/ Yoast SEO plugin. -->","yoast_head_json":{"title":"Formwork Water Stop","description":"Formwork water stop products are essential for creating waterproof barriers in concrete construction, preventing water leakage through joints in concrete structures.","robots":{"index":"index","follow":"follow","max-snippet":"max-snippet:-1","max-image-preview":"max-image-preview:large","max-video-preview":"max-video-preview:-1"},"canonical":"https:\/\/qingdaohf.com\/es\/producto\/tope-de-agua-de-encofrado\/","og_locale":"es_ES","og_type":"article","og_title":"Formwork Water Stop","og_description":"Formwork water stop products are essential for creating waterproof barriers in concrete construction, preventing water leakage through joints in concrete structures.","og_url":"https:\/\/qingdaohf.com\/es\/producto\/tope-de-agua-de-encofrado\/","og_site_name":"Concrete Form &amp; Rigging Hardware Supplier","article_publisher":"https:\/\/www.facebook.com\/qingdaohf","article_modified_time":"2025-11-13T01:02:22+00:00","og_image":[{"width":1000,"height":1000,"url":"https:\/\/qingdaohf.com\/wp-content\/uploads\/2024\/12\/tie-rod-water-stop-9.jpg","type":"image\/jpeg"}],"twitter_card":"summary_large_image","twitter_misc":{"Tiempo de lectura":"4 minutos"},"schema":{"@context":"https:\/\/schema.org","@graph":[{"@type":"WebPage","@id":"https:\/\/qingdaohf.com\/product\/formwork-water-stop\/","url":"https:\/\/qingdaohf.com\/product\/formwork-water-stop\/","name":"Formwork Water Stop","isPartOf":{"@id":"https:\/\/qingdaohf.com\/bg\/#website"},"primaryImageOfPage":{"@id":"https:\/\/qingdaohf.com\/product\/formwork-water-stop\/#primaryimage"},"image":{"@id":"https:\/\/qingdaohf.com\/product\/formwork-water-stop\/#primaryimage"},"thumbnailUrl":"https:\/\/qingdaohf.com\/wp-content\/uploads\/2024\/12\/tie-rod-water-stop-9.jpg","datePublished":"2024-12-27T09:18:28+00:00","dateModified":"2025-11-13T01:02:22+00:00","description":"Formwork water stop products are essential for creating waterproof barriers in concrete construction, preventing water leakage through joints in concrete structures.","breadcrumb":{"@id":"https:\/\/qingdaohf.com\/product\/formwork-water-stop\/#breadcrumb"},"inLanguage":"es","potentialAction":[{"@type":"ReadAction","target":["https:\/\/qingdaohf.com\/product\/formwork-water-stop\/"]}]},{"@type":"ImageObject","inLanguage":"es","@id":"https:\/\/qingdaohf.com\/product\/formwork-water-stop\/#primaryimage","url":"https:\/\/qingdaohf.com\/wp-content\/uploads\/2024\/12\/tie-rod-water-stop-9.jpg","contentUrl":"https:\/\/qingdaohf.com\/wp-content\/uploads\/2024\/12\/tie-rod-water-stop-9.jpg","width":1000,"height":1000},{"@type":"BreadcrumbList","@id":"https:\/\/qingdaohf.com\/product\/formwork-water-stop\/#breadcrumb","itemListElement":[{"@type":"ListItem","position":1,"name":"Home","item":"https:\/\/qingdaohf.com\/"},{"@type":"ListItem","position":2,"name":"Concrete Forming Accessories and Rigging Hardware","item":"https:\/\/qingdaohf.com\/bg\/?page_id=944"},{"@type":"ListItem","position":3,"name":"Formwork Water Stop"}]},{"@type":"WebSite","@id":"https:\/\/qingdaohf.com\/bg\/#website","url":"https:\/\/qingdaohf.com\/bg\/","name":"Concrete Form & Rigging Hardware Supplier","description":"","publisher":{"@id":"https:\/\/qingdaohf.com\/bg\/#organization"},"potentialAction":[{"@type":"SearchAction","target":{"@type":"EntryPoint","urlTemplate":"https:\/\/qingdaohf.com\/bg\/?s={search_term_string}"},"query-input":{"@type":"PropertyValueSpecification","valueRequired":true,"valueName":"search_term_string"}}],"inLanguage":"es"},{"@type":"Organization","@id":"https:\/\/qingdaohf.com\/bg\/#organization","name":"Qingdao H&F","url":"https:\/\/qingdaohf.com\/bg\/","logo":{"@type":"ImageObject","inLanguage":"es","@id":"https:\/\/qingdaohf.com\/bg\/#\/schema\/logo\/image\/","url":"https:\/\/qingdaohf.com\/wp-content\/uploads\/2022\/12\/cropped-HF-LOGO.png","contentUrl":"https:\/\/qingdaohf.com\/wp-content\/uploads\/2022\/12\/cropped-HF-LOGO.png","width":391,"height":249,"caption":"Qingdao H&F"},"image":{"@id":"https:\/\/qingdaohf.com\/bg\/#\/schema\/logo\/image\/"},"sameAs":["https:\/\/www.facebook.com\/qingdaohf"]}]}},"_links":{"self":[{"href":"https:\/\/qingdaohf.com\/es\/wp-json\/wp\/v2\/product\/8601","targetHints":{"allow":["GET"]}}],"collection":[{"href":"https:\/\/qingdaohf.com\/es\/wp-json\/wp\/v2\/product"}],"about":[{"href":"https:\/\/qingdaohf.com\/es\/wp-json\/wp\/v2\/types\/product"}],"replies":[{"embeddable":true,"href":"https:\/\/qingdaohf.com\/es\/wp-json\/wp\/v2\/comments?post=8601"}],"version-history":[{"count":1,"href":"https:\/\/qingdaohf.com\/es\/wp-json\/wp\/v2\/product\/8601\/revisions"}],"predecessor-version":[{"id":8602,"href":"https:\/\/qingdaohf.com\/es\/wp-json\/wp\/v2\/product\/8601\/revisions\/8602"}],"wp:featuredmedia":[{"embeddable":true,"href":"https:\/\/qingdaohf.com\/es\/wp-json\/wp\/v2\/media\/8599"}],"wp:attachment":[{"href":"https:\/\/qingdaohf.com\/es\/wp-json\/wp\/v2\/media?parent=8601"}],"wp:term":[{"taxonomy":"product_brand","embeddable":true,"href":"https:\/\/qingdaohf.com\/es\/wp-json\/wp\/v2\/product_brand?post=8601"},{"taxonomy":"product_cat","embeddable":true,"href":"https:\/\/qingdaohf.com\/es\/wp-json\/wp\/v2\/product_cat?post=8601"},{"taxonomy":"product_tag","embeddable":true,"href":"https:\/\/qingdaohf.com\/es\/wp-json\/wp\/v2\/product_tag?post=8601"}],"curies":[{"name":"wp","href":"https:\/\/api.w.org\/{rel}","templated":true}]}}