{"id":8624,"date":"2025-01-02T15:50:36","date_gmt":"2025-01-02T07:50:36","guid":{"rendered":"http:\/\/qingdaohf.com\/?post_type=product&#038;p=8624"},"modified":"2025-11-13T09:02:21","modified_gmt":"2025-11-13T01:02:21","slug":"steel-tie-rod-cone","status":"publish","type":"product","link":"https:\/\/qingdaohf.com\/es\/producto\/cono-de-tirante-de-acero\/","title":{"rendered":"Cono de tirante de acero"},"content":{"rendered":"<h2 class=\"whitespace-pre-wrap break-words\">Conocimiento del cono de tirante de acero y su funci\u00f3n en la construcci\u00f3n<\/h2>\n<p class=\"whitespace-pre-wrap break-words\">Los conos de acero para tirantes desempe\u00f1an un papel fundamental en la construcci\u00f3n moderna, especialmente en el montaje de encofrados. Estos componentes sencillos pero cruciales tapan los extremos de los tirantes y crean una interfaz esencial entre el encofrado y las estructuras de hormig\u00f3n. M\u00e1s all\u00e1 de ser meros elementos de conexi\u00f3n, sirven como retenes de agua y garantizan un espaciado preciso, ayudando a los equipos de construcci\u00f3n a mantener unos est\u00e1ndares exigentes sin sacrificar la calidad ni la velocidad de construcci\u00f3n.<\/p>\n<p class=\"whitespace-pre-wrap break-words\">Al verter el hormig\u00f3n, los conos de tirantes evitan el contacto directo entre los tirantes y el hormig\u00f3n h\u00famedo, lo que protege la solidez estructural del encofrado. Su dise\u00f1o tambi\u00e9n facilita mucho el desencofrado una vez fraguado el hormig\u00f3n, una caracter\u00edstica crucial para los sistemas provisionales utilizados en todo tipo de instalaciones, desde puentes hasta rascacielos y edificios industriales.<\/p>\n<h2 class=\"font-600 text-xl font-bold\">El sistema de tirantes: Una red de colaboraci\u00f3n<\/h2>\n<p class=\"whitespace-pre-wrap break-words\">Los conos de tirante no funcionan solos: forman parte de un sistema integrado que incluye topes de agua, tirantes, tuercas combinadas superplaca y arandelas de placa. Estos componentes funcionan juntos como una m\u00e1quina bien engrasada para soportar las intensas presiones de los trabajos de construcci\u00f3n.<\/p>\n<p class=\"whitespace-pre-wrap break-words\">En el centro de todo est\u00e1 el tirante, que proporciona la resistencia a la tracci\u00f3n necesaria para contener el hormig\u00f3n h\u00famedo durante el vertido y el curado. Los retenes de agua crean sellos cruciales contra la humedad, especialmente importantes para estructuras subterr\u00e1neas o cualquier cosa que necesite retener agua. El cono de tirante de acero mejora este sistema, aumentando tanto la duraci\u00f3n de la estructura como su rendimiento.<\/p>\n<p class=\"whitespace-pre-wrap break-words\">La tuerca combinada de la superplaca bloquea todo firmemente en su sitio, manteniendo una tensi\u00f3n constante en todo el sistema y evitando que el encofrado se desplace fuera de la alineaci\u00f3n. Mientras tanto, las arandelas de la placa de tirantes reparten la carga uniformemente por toda la superficie del encofrado, eliminando los puntos d\u00e9biles que podr\u00edan provocar problemas m\u00e1s adelante.<\/p>\n<h2 class=\"font-600 text-xl font-bold\">Ventajas de utilizar conos de tirantes de acero en los proyectos<\/h2>\n<p class=\"whitespace-pre-wrap break-words\">Los conos de acero para tirantes ofrecen varias ventajas clave en las obras de construcci\u00f3n. Su capacidad de espaciado de precisi\u00f3n garantiza la uniformidad del grosor de las paredes y el cumplimiento exacto de las especificaciones arquitect\u00f3nicas. Adem\u00e1s, encajan perfectamente con otros componentes del sistema de tirantes, lo que agiliza la instalaci\u00f3n y reduce los costes de mano de obra.<\/p>\n<p class=\"whitespace-pre-wrap break-words\">Estos conos est\u00e1n fabricados para durar, con acero de alta calidad que resiste cargas pesadas y las inclemencias del tiempo. Esta durabilidad significa que los equipos de construcci\u00f3n pueden reutilizarlos varias veces, ahorrando dinero y reduciendo los residuos en el proceso de construcci\u00f3n.<\/p>\n<p class=\"whitespace-pre-wrap break-words\">En Qingdao H&amp;F, cada cono se somete a rigurosas pruebas de resistencia y precisi\u00f3n dimensional. Proporcionamos informes detallados de inspecci\u00f3n de calidad con cada env\u00edo, dando a nuestros clientes la confianza de que sus materiales cumplir\u00e1n todos los requisitos reglamentarios y de seguridad. Nuestro servicio de atenci\u00f3n al cliente personalizado ayuda a los compradores a encontrar exactamente las soluciones de sistemas de tirantes adecuadas para sus proyectos espec\u00edficos.<\/p>\n<h2 class=\"font-600 text-xl font-bold\">Integraci\u00f3n y rendimiento: La uni\u00f3n hace la fuerza<\/h2>\n<p class=\"whitespace-pre-wrap break-words\">La forma en que estos componentes trabajan juntos demuestra lo importantes que son la buena ingenier\u00eda y los materiales de calidad. Cuando se instala correctamente, el sistema completo de conos de tirante, retenes de agua, tirantes, tuercas y arandelas crea una base fiable para los trabajos de construcci\u00f3n.<\/p>\n<p class=\"whitespace-pre-wrap break-words\">Alinear todo correctamente mantiene el encofrado estable mientras el hormig\u00f3n fragua, lo que evita fugas, problemas estructurales y retrasos en el proyecto. El dise\u00f1o modular del sistema lo hace suficientemente vers\u00e1til para todo tipo de proyectos, desde simples muros de contenci\u00f3n hasta grandes obras de infraestructura.<\/p>\n<p class=\"whitespace-pre-wrap break-words\">Elegir Qingdao H&amp;F significa obtener productos de la m\u00e1xima calidad y una gran experiencia en sistemas de encofrado. Nos enorgullecemos de ofrecer entregas r\u00e1pidas y un servicio personalizado, apoyando sus proyectos de principio a fin. Tanto si necesita conos de tirante para un solo trabajo como si desea un proveedor fiable a largo plazo, le ofrecemos un valor y una fiabilidad excepcionales.<\/p>","protected":false},"excerpt":{"rendered":"<p data-pm-slice=\"1 1 []\">Los conos de tirantes de acero desempe\u00f1an un papel fundamental en el encofrado de estructuras de hormig\u00f3n, ya que garantizan una alineaci\u00f3n precisa y durabilidad en la construcci\u00f3n. A la hora de evaluar estos productos, los compradores suelen dar prioridad a la compatibilidad con diversos sistemas de tirantes, la resistencia al agua y la solidez del material. En Qingdao H&amp;F respondemos a estas preocupaciones con un servicio de atenci\u00f3n al cliente personalizado, ciclos de entrega r\u00e1pidos e informes completos de inspecci\u00f3n de calidad. Con nuestra experiencia en comercio exterior y un profundo conocimiento de las necesidades de la construcci\u00f3n, suministramos productos que superan las expectativas.<\/p>","protected":false},"featured_media":8625,"comment_status":"open","ping_status":"closed","template":"","meta":{"site-sidebar-layout":"default","site-content-layout":"","ast-site-content-layout":"default","site-content-style":"default","site-sidebar-style":"default","ast-global-header-display":"","ast-banner-title-visibility":"","ast-main-header-display":"","ast-hfb-above-header-display":"","ast-hfb-below-header-display":"","ast-hfb-mobile-header-display":"","site-post-title":"","ast-breadcrumbs-content":"","ast-featured-img":"","footer-sml-layout":"","theme-transparent-header-meta":"default","adv-header-id-meta":"","stick-header-meta":"default","header-above-stick-meta":"","header-main-stick-meta":"","header-below-stick-meta":"","astra-migrate-meta-layouts":"set","ast-page-background-enabled":"default","ast-page-background-meta":{"desktop":{"background-color":"","background-image":"","background-repeat":"repeat","background-position":"center center","background-size":"auto","background-attachment":"scroll","background-type":"","background-media":"","overlay-type":"","overlay-color":"","overlay-opacity":"","overlay-gradient":""},"tablet":{"background-color":"","background-image":"","background-repeat":"repeat","background-position":"center center","background-size":"auto","background-attachment":"scroll","background-type":"","background-media":"","overlay-type":"","overlay-color":"","overlay-opacity":"","overlay-gradient":""},"mobile":{"background-color":"","background-image":"","background-repeat":"repeat","background-position":"center center","background-size":"auto","background-attachment":"scroll","background-type":"","background-media":"","overlay-type":"","overlay-color":"","overlay-opacity":"","overlay-gradient":""}},"ast-content-background-meta":{"desktop":{"background-color":"var(--ast-global-color-5)","background-image":"","background-repeat":"repeat","background-position":"center center","background-size":"auto","background-attachment":"scroll","background-type":"","background-media":"","overlay-type":"","overlay-color":"","overlay-opacity":"","overlay-gradient":""},"tablet":{"background-color":"var(--ast-global-color-5)","background-image":"","background-repeat":"repeat","background-position":"center center","background-size":"auto","background-attachment":"scroll","background-type":"","background-media":"","overlay-type":"","overlay-color":"","overlay-opacity":"","overlay-gradient":""},"mobile":{"background-color":"var(--ast-global-color-5)","background-image":"","background-repeat":"repeat","background-position":"center center","background-size":"auto","background-attachment":"scroll","background-type":"","background-media":"","overlay-type":"","overlay-color":"","overlay-opacity":"","overlay-gradient":""}}},"product_brand":[],"product_cat":[79],"product_tag":[],"class_list":{"0":"post-8624","1":"product","2":"type-product","3":"status-publish","4":"has-post-thumbnail","6":"product_cat-tie-rod-system","7":"desktop-align-left","8":"tablet-align-left","9":"mobile-align-left","10":"ast-product-gallery-layout-horizontal-slider","11":"ast-product-gallery-with-no-image","12":"ast-product-tabs-layout-horizontal","14":"first","15":"instock","16":"shipping-taxable","17":"purchasable","18":"product-type-simple"},"yoast_head":"<!-- This site is optimized with the Yoast SEO plugin v25.2 - https:\/\/yoast.com\/wordpress\/plugins\/seo\/ -->\n<title>Steel Tie Rod Cone<\/title>\n<meta name=\"description\" content=\"Steel Tie Rod Cones play a critical role in forming concrete structures by ensuring precise alignment and durability in construction.\" \/>\n<meta name=\"robots\" content=\"index, follow, max-snippet:-1, max-image-preview:large, max-video-preview:-1\" \/>\n<link rel=\"canonical\" href=\"https:\/\/qingdaohf.com\/es\/producto\/cono-de-tirante-de-acero\/\" \/>\n<meta property=\"og:locale\" content=\"es_ES\" \/>\n<meta property=\"og:type\" content=\"article\" \/>\n<meta property=\"og:title\" content=\"Steel Tie Rod Cone\" \/>\n<meta property=\"og:description\" content=\"Steel Tie Rod Cones play a critical role in forming concrete structures by ensuring precise alignment and durability in construction.\" \/>\n<meta property=\"og:url\" content=\"https:\/\/qingdaohf.com\/es\/producto\/cono-de-tirante-de-acero\/\" \/>\n<meta property=\"og:site_name\" content=\"Concrete Form &amp; Rigging Hardware Supplier\" \/>\n<meta property=\"article:publisher\" content=\"https:\/\/www.facebook.com\/qingdaohf\" \/>\n<meta property=\"article:modified_time\" content=\"2025-11-13T01:02:21+00:00\" \/>\n<meta property=\"og:image\" content=\"https:\/\/qingdaohf.com\/wp-content\/uploads\/2025\/01\/steel-cone-tie-rod.webp\" \/>\n\t<meta property=\"og:image:width\" content=\"1000\" \/>\n\t<meta property=\"og:image:height\" content=\"1000\" \/>\n\t<meta property=\"og:image:type\" content=\"image\/webp\" \/>\n<meta name=\"twitter:card\" content=\"summary_large_image\" \/>\n<meta name=\"twitter:label1\" content=\"Tiempo de lectura\" \/>\n\t<meta name=\"twitter:data1\" content=\"3 minutos\" \/>\n<script type=\"application\/ld+json\" class=\"yoast-schema-graph\">{\"@context\":\"https:\/\/schema.org\",\"@graph\":[{\"@type\":\"WebPage\",\"@id\":\"https:\/\/qingdaohf.com\/product\/steel-tie-rod-cone\/\",\"url\":\"https:\/\/qingdaohf.com\/product\/steel-tie-rod-cone\/\",\"name\":\"Steel Tie Rod Cone\",\"isPartOf\":{\"@id\":\"https:\/\/qingdaohf.com\/bg\/#website\"},\"primaryImageOfPage\":{\"@id\":\"https:\/\/qingdaohf.com\/product\/steel-tie-rod-cone\/#primaryimage\"},\"image\":{\"@id\":\"https:\/\/qingdaohf.com\/product\/steel-tie-rod-cone\/#primaryimage\"},\"thumbnailUrl\":\"https:\/\/qingdaohf.com\/wp-content\/uploads\/2025\/01\/steel-cone-tie-rod.webp\",\"datePublished\":\"2025-01-02T07:50:36+00:00\",\"dateModified\":\"2025-11-13T01:02:21+00:00\",\"description\":\"Steel Tie Rod Cones play a critical role in forming concrete structures by ensuring precise alignment and durability in construction.\",\"breadcrumb\":{\"@id\":\"https:\/\/qingdaohf.com\/product\/steel-tie-rod-cone\/#breadcrumb\"},\"inLanguage\":\"es\",\"potentialAction\":[{\"@type\":\"ReadAction\",\"target\":[\"https:\/\/qingdaohf.com\/product\/steel-tie-rod-cone\/\"]}]},{\"@type\":\"ImageObject\",\"inLanguage\":\"es\",\"@id\":\"https:\/\/qingdaohf.com\/product\/steel-tie-rod-cone\/#primaryimage\",\"url\":\"https:\/\/qingdaohf.com\/wp-content\/uploads\/2025\/01\/steel-cone-tie-rod.webp\",\"contentUrl\":\"https:\/\/qingdaohf.com\/wp-content\/uploads\/2025\/01\/steel-cone-tie-rod.webp\",\"width\":1000,\"height\":1000,\"caption\":\"steel cone tie rod\"},{\"@type\":\"BreadcrumbList\",\"@id\":\"https:\/\/qingdaohf.com\/product\/steel-tie-rod-cone\/#breadcrumb\",\"itemListElement\":[{\"@type\":\"ListItem\",\"position\":1,\"name\":\"Home\",\"item\":\"https:\/\/qingdaohf.com\/\"},{\"@type\":\"ListItem\",\"position\":2,\"name\":\"Concrete Forming Accessories and Rigging Hardware\",\"item\":\"https:\/\/qingdaohf.com\/bg\/?page_id=944\"},{\"@type\":\"ListItem\",\"position\":3,\"name\":\"Steel Tie Rod Cone\"}]},{\"@type\":\"WebSite\",\"@id\":\"https:\/\/qingdaohf.com\/bg\/#website\",\"url\":\"https:\/\/qingdaohf.com\/bg\/\",\"name\":\"Concrete Form & Rigging Hardware Supplier\",\"description\":\"\",\"publisher\":{\"@id\":\"https:\/\/qingdaohf.com\/bg\/#organization\"},\"potentialAction\":[{\"@type\":\"SearchAction\",\"target\":{\"@type\":\"EntryPoint\",\"urlTemplate\":\"https:\/\/qingdaohf.com\/bg\/?s={search_term_string}\"},\"query-input\":{\"@type\":\"PropertyValueSpecification\",\"valueRequired\":true,\"valueName\":\"search_term_string\"}}],\"inLanguage\":\"es\"},{\"@type\":\"Organization\",\"@id\":\"https:\/\/qingdaohf.com\/bg\/#organization\",\"name\":\"Qingdao H&F\",\"url\":\"https:\/\/qingdaohf.com\/bg\/\",\"logo\":{\"@type\":\"ImageObject\",\"inLanguage\":\"es\",\"@id\":\"https:\/\/qingdaohf.com\/bg\/#\/schema\/logo\/image\/\",\"url\":\"https:\/\/qingdaohf.com\/wp-content\/uploads\/2022\/12\/cropped-HF-LOGO.png\",\"contentUrl\":\"https:\/\/qingdaohf.com\/wp-content\/uploads\/2022\/12\/cropped-HF-LOGO.png\",\"width\":391,\"height\":249,\"caption\":\"Qingdao H&F\"},\"image\":{\"@id\":\"https:\/\/qingdaohf.com\/bg\/#\/schema\/logo\/image\/\"},\"sameAs\":[\"https:\/\/www.facebook.com\/qingdaohf\"]}]}<\/script>\n<!-- \/ Yoast SEO plugin. -->","yoast_head_json":{"title":"Steel Tie Rod Cone","description":"Steel Tie Rod Cones play a critical role in forming concrete structures by ensuring precise alignment and durability in construction.","robots":{"index":"index","follow":"follow","max-snippet":"max-snippet:-1","max-image-preview":"max-image-preview:large","max-video-preview":"max-video-preview:-1"},"canonical":"https:\/\/qingdaohf.com\/es\/producto\/cono-de-tirante-de-acero\/","og_locale":"es_ES","og_type":"article","og_title":"Steel Tie Rod Cone","og_description":"Steel Tie Rod Cones play a critical role in forming concrete structures by ensuring precise alignment and durability in construction.","og_url":"https:\/\/qingdaohf.com\/es\/producto\/cono-de-tirante-de-acero\/","og_site_name":"Concrete Form &amp; Rigging Hardware Supplier","article_publisher":"https:\/\/www.facebook.com\/qingdaohf","article_modified_time":"2025-11-13T01:02:21+00:00","og_image":[{"width":1000,"height":1000,"url":"https:\/\/qingdaohf.com\/wp-content\/uploads\/2025\/01\/steel-cone-tie-rod.webp","type":"image\/webp"}],"twitter_card":"summary_large_image","twitter_misc":{"Tiempo de lectura":"3 minutos"},"schema":{"@context":"https:\/\/schema.org","@graph":[{"@type":"WebPage","@id":"https:\/\/qingdaohf.com\/product\/steel-tie-rod-cone\/","url":"https:\/\/qingdaohf.com\/product\/steel-tie-rod-cone\/","name":"Steel Tie Rod Cone","isPartOf":{"@id":"https:\/\/qingdaohf.com\/bg\/#website"},"primaryImageOfPage":{"@id":"https:\/\/qingdaohf.com\/product\/steel-tie-rod-cone\/#primaryimage"},"image":{"@id":"https:\/\/qingdaohf.com\/product\/steel-tie-rod-cone\/#primaryimage"},"thumbnailUrl":"https:\/\/qingdaohf.com\/wp-content\/uploads\/2025\/01\/steel-cone-tie-rod.webp","datePublished":"2025-01-02T07:50:36+00:00","dateModified":"2025-11-13T01:02:21+00:00","description":"Steel Tie Rod Cones play a critical role in forming concrete structures by ensuring precise alignment and durability in construction.","breadcrumb":{"@id":"https:\/\/qingdaohf.com\/product\/steel-tie-rod-cone\/#breadcrumb"},"inLanguage":"es","potentialAction":[{"@type":"ReadAction","target":["https:\/\/qingdaohf.com\/product\/steel-tie-rod-cone\/"]}]},{"@type":"ImageObject","inLanguage":"es","@id":"https:\/\/qingdaohf.com\/product\/steel-tie-rod-cone\/#primaryimage","url":"https:\/\/qingdaohf.com\/wp-content\/uploads\/2025\/01\/steel-cone-tie-rod.webp","contentUrl":"https:\/\/qingdaohf.com\/wp-content\/uploads\/2025\/01\/steel-cone-tie-rod.webp","width":1000,"height":1000,"caption":"steel cone tie rod"},{"@type":"BreadcrumbList","@id":"https:\/\/qingdaohf.com\/product\/steel-tie-rod-cone\/#breadcrumb","itemListElement":[{"@type":"ListItem","position":1,"name":"Home","item":"https:\/\/qingdaohf.com\/"},{"@type":"ListItem","position":2,"name":"Concrete Forming Accessories and Rigging Hardware","item":"https:\/\/qingdaohf.com\/bg\/?page_id=944"},{"@type":"ListItem","position":3,"name":"Steel Tie Rod Cone"}]},{"@type":"WebSite","@id":"https:\/\/qingdaohf.com\/bg\/#website","url":"https:\/\/qingdaohf.com\/bg\/","name":"Concrete Form & Rigging Hardware Supplier","description":"","publisher":{"@id":"https:\/\/qingdaohf.com\/bg\/#organization"},"potentialAction":[{"@type":"SearchAction","target":{"@type":"EntryPoint","urlTemplate":"https:\/\/qingdaohf.com\/bg\/?s={search_term_string}"},"query-input":{"@type":"PropertyValueSpecification","valueRequired":true,"valueName":"search_term_string"}}],"inLanguage":"es"},{"@type":"Organization","@id":"https:\/\/qingdaohf.com\/bg\/#organization","name":"Qingdao H&F","url":"https:\/\/qingdaohf.com\/bg\/","logo":{"@type":"ImageObject","inLanguage":"es","@id":"https:\/\/qingdaohf.com\/bg\/#\/schema\/logo\/image\/","url":"https:\/\/qingdaohf.com\/wp-content\/uploads\/2022\/12\/cropped-HF-LOGO.png","contentUrl":"https:\/\/qingdaohf.com\/wp-content\/uploads\/2022\/12\/cropped-HF-LOGO.png","width":391,"height":249,"caption":"Qingdao H&F"},"image":{"@id":"https:\/\/qingdaohf.com\/bg\/#\/schema\/logo\/image\/"},"sameAs":["https:\/\/www.facebook.com\/qingdaohf"]}]}},"_links":{"self":[{"href":"https:\/\/qingdaohf.com\/es\/wp-json\/wp\/v2\/product\/8624","targetHints":{"allow":["GET"]}}],"collection":[{"href":"https:\/\/qingdaohf.com\/es\/wp-json\/wp\/v2\/product"}],"about":[{"href":"https:\/\/qingdaohf.com\/es\/wp-json\/wp\/v2\/types\/product"}],"replies":[{"embeddable":true,"href":"https:\/\/qingdaohf.com\/es\/wp-json\/wp\/v2\/comments?post=8624"}],"version-history":[{"count":1,"href":"https:\/\/qingdaohf.com\/es\/wp-json\/wp\/v2\/product\/8624\/revisions"}],"predecessor-version":[{"id":8626,"href":"https:\/\/qingdaohf.com\/es\/wp-json\/wp\/v2\/product\/8624\/revisions\/8626"}],"wp:featuredmedia":[{"embeddable":true,"href":"https:\/\/qingdaohf.com\/es\/wp-json\/wp\/v2\/media\/8625"}],"wp:attachment":[{"href":"https:\/\/qingdaohf.com\/es\/wp-json\/wp\/v2\/media?parent=8624"}],"wp:term":[{"taxonomy":"product_brand","embeddable":true,"href":"https:\/\/qingdaohf.com\/es\/wp-json\/wp\/v2\/product_brand?post=8624"},{"taxonomy":"product_cat","embeddable":true,"href":"https:\/\/qingdaohf.com\/es\/wp-json\/wp\/v2\/product_cat?post=8624"},{"taxonomy":"product_tag","embeddable":true,"href":"https:\/\/qingdaohf.com\/es\/wp-json\/wp\/v2\/product_tag?post=8624"}],"curies":[{"name":"wp","href":"https:\/\/api.w.org\/{rel}","templated":true}]}}