{"id":8721,"date":"2025-01-13T14:56:13","date_gmt":"2025-01-13T06:56:13","guid":{"rendered":"http:\/\/qingdaohf.com\/?post_type=product&#038;p=8721"},"modified":"2025-11-13T09:02:20","modified_gmt":"2025-11-13T01:02:20","slug":"lifting-socket-duo-round-ferrules","status":"publish","type":"product","link":"https:\/\/qingdaohf.com\/es\/producto\/casquillo-elevador-duo-casquillos-redondos\/","title":{"rendered":"Z\u00f3calo de elevaci\u00f3n Duo Virolas redondas"},"content":{"rendered":"<h2 class=\"text-2xl font-bold mt-1 text-text-200\">\u00bfQu\u00e9 son y c\u00f3mo funcionan los casquillos redondos d\u00fao Lifting Socket?<\/h2>\n<p class=\"whitespace-pre-wrap break-words\">Piense en las f\u00e9rulas redondas Duo Socket de elevaci\u00f3n como en los h\u00e9roes an\u00f3nimos de las operaciones de aparejo. Estos componentes aparentemente sencillos desempe\u00f1an un papel crucial en la fijaci\u00f3n de los cables met\u00e1licos a los sistemas de elevaci\u00f3n. Cada casquillo sirve como punto de anclaje, creando una conexi\u00f3n fiable que es esencial para la seguridad de las operaciones de elevaci\u00f3n.<\/p>\n<p class=\"whitespace-pre-wrap break-words\">La genialidad de estos casquillos reside en su dise\u00f1o redondeado. Como una piedra de r\u00edo bien desgastada, su superficie lisa ayuda a repartir la carga uniformemente por todo el cable, evitando que un solo punto soporte demasiada tensi\u00f3n. El aspecto \"d\u00fao\" se refiere a su inteligente dise\u00f1o de doble prop\u00f3sito: aseguran el extremo del cable y lo protegen del desgaste, haciendo esencialmente el trabajo de dos componentes en uno.<\/p>\n<p class=\"whitespace-pre-wrap break-words\">Encontrar\u00e1 estos casquillos trabajando duro en lugares donde la elevaci\u00f3n de cargas pesadas es un reto diario. Desde elevadas obras de construcci\u00f3n hasta plataformas marinas azotadas por tormentas, son una parte fundamental del rompecabezas de la elevaci\u00f3n en sectores en los que no hay lugar para el fallo de los equipos.<\/p>\n<p><img fetchpriority=\"high\" decoding=\"async\" class=\"alignnone wp-image-3355 size-full\" src=\"http:\/\/qingdaohf.com\/wp-content\/uploads\/2023\/03\/lifting-sockets-with-plastic-caps-6-1.jpg\" alt=\"tomas de elevaci\u00f3n con tapones de pl\u00e1stico\" width=\"800\" height=\"410\" srcset=\"https:\/\/qingdaohf.com\/wp-content\/uploads\/2023\/03\/lifting-sockets-with-plastic-caps-6-1.jpg 800w, https:\/\/qingdaohf.com\/wp-content\/uploads\/2023\/03\/lifting-sockets-with-plastic-caps-6-1-300x154.jpg 300w, https:\/\/qingdaohf.com\/wp-content\/uploads\/2023\/03\/lifting-sockets-with-plastic-caps-6-1-768x394.jpg 768w\" sizes=\"(max-width: 800px) 100vw, 800px\" \/><\/p>\n<h2 class=\"text-2xl font-bold mt-1 text-text-200\">\u00bfPor qu\u00e9 elegir Qingdao H&amp;F para casquillos de elevaci\u00f3n Duo Round Ferrules?<\/h2>\n<p class=\"whitespace-pre-wrap break-words\">Admit\u00e1moslo: cuando compra un equipo de aparejo, probablemente tenga tres preocupaciones principales: \u00bfFuncionar\u00e1 con su configuraci\u00f3n actual? \u00bfDurar\u00e1? Y lo m\u00e1s importante, \u00bfllegar\u00e1 cuando lo necesite? En Qingdao H&amp;F, hemos construido nuestro negocio en torno a estos retos.<\/p>\n<p class=\"whitespace-pre-wrap break-words\">Adoptamos un enfoque diferente al de la mayor\u00eda de los proveedores. En lugar de tratar las f\u00e9rulas como un art\u00edculo m\u00e1s del cat\u00e1logo, prestamos una atenci\u00f3n dedicada y personalizada a cada pedido. Nuestro equipo trabaja directamente con usted para comprender las caracter\u00edsticas espec\u00edficas de su sistema de elevaci\u00f3n, garantizando as\u00ed que obtenga casquillos que se adapten perfectamente a su equipo actual.<\/p>\n<p class=\"whitespace-pre-wrap break-words\">Hemos racionalizado nuestro proceso de entrega para que sus proyectos sigan avanzando. Tanto si necesita un solo casquillo como miles, mantenemos un estricto control de nuestra cadena de suministro para cumplir sus plazos. Todos los lotes se someten a pruebas exhaustivas y proporcionamos informes de inspecci\u00f3n detallados para que pueda estar seguro de lo que recibe.<\/p>\n<p class=\"whitespace-pre-wrap break-words\">Cuando trabaja con nosotros, no s\u00f3lo adquiere un producto, sino un socio. Nuestro equipo est\u00e1 a su disposici\u00f3n durante todo el proceso, listo para responder a sus preguntas o resolver sus dudas a medida que surjan.<\/p>\n<h2 class=\"text-2xl font-bold mt-1 text-text-200\">Dise\u00f1o y caracter\u00edsticas de los casquillos de elevaci\u00f3n Duo Round Ferrules<\/h2>\n<p class=\"whitespace-pre-wrap break-words\">La belleza de los casquillos redondos Lifting Socket Duo reside en su dise\u00f1o sencillo e inteligente. Fabricados en acero resistente o acero inoxidable, estos casquillos est\u00e1n dise\u00f1ados para soportar el castigo del uso diario sin perder su integridad. Su perfil redondeado crea una cuna natural para el cable met\u00e1lico, eliminando los bordes afilados que podr\u00edan comprometer la resistencia del cable.<\/p>\n<p class=\"whitespace-pre-wrap break-words\">Lo que hace especiales a estos casquillos redondos d\u00fao es su versatilidad. Adem\u00e1s de asegurar la cuerda, act\u00faan como guardianes contra los da\u00f1os medioambientales. Su forma lisa minimiza la fricci\u00f3n y protege la cuerda del desgaste del uso regular, algo especialmente valioso en condiciones de trabajo duras.<\/p>\n<p class=\"whitespace-pre-wrap break-words\">La funcionalidad \"d\u00fao\" es algo m\u00e1s que palabrer\u00eda de marketing. Estos casquillos cumplen una doble funci\u00f3n: terminan el cable y lo protegen de tensiones excesivas. Esto las hace especialmente valiosas en entornos din\u00e1micos como las plataformas marinas, donde los equipos est\u00e1n sometidos a movimientos y tensiones constantes.<\/p>\n<p class=\"whitespace-pre-wrap break-words\">Una de las mejores caracter\u00edsticas de estos casquillos es su sencillo proceso de instalaci\u00f3n. Enhebrar el cable y asegurarlo es sencillo, lo que ahorra un tiempo valioso durante la instalaci\u00f3n. Adem\u00e1s, como un solo componente se encarga de la terminaci\u00f3n y la protecci\u00f3n, se ahorra dinero y se reduce la complejidad del sistema de aparejo.<\/p>\n<h2 class=\"text-2xl font-bold mt-1 text-text-200\">El papel de los casquillos de elevaci\u00f3n Duo Round en la seguridad y el rendimiento<\/h2>\n<p class=\"whitespace-pre-wrap break-words\">En el mundo de la elevaci\u00f3n de cargas pesadas, no hay lugar para fallos en los equipos. Cuando se elevan cargas que pesan toneladas, todos los componentes deben funcionar a la perfecci\u00f3n. Los casquillos redondos Duo Socket Lifting son elementos de seguridad cr\u00edticos que garantizan que los cables met\u00e1licos permanezcan firmemente sujetos a los mecanismos de elevaci\u00f3n y evitan fallos potencialmente catastr\u00f3ficos.<\/p>\n<p class=\"whitespace-pre-wrap break-words\">Estos casquillos est\u00e1n dise\u00f1ados para mantener la integridad del cable a lo largo del tiempo. Al distribuir la presi\u00f3n uniformemente, evitan la aparici\u00f3n de puntos d\u00e9biles, algo crucial en aplicaciones en las que las cargas cambian constantemente, como las operaciones de gr\u00faa o la elevaci\u00f3n en alta mar.<\/p>\n<p class=\"whitespace-pre-wrap break-words\">Adem\u00e1s de su funci\u00f3n principal de sujeci\u00f3n, estos casquillos protegen contra la corrosi\u00f3n y los da\u00f1os medioambientales. Tanto si trabaja en un puerto costero como en una obra empapada por la lluvia, los materiales de alta calidad utilizados en estos casquillos garantizan su rendimiento tanto en agua dulce como salada.<\/p>\n<p><img decoding=\"async\" class=\"alignnone wp-image-3402 size-full\" src=\"http:\/\/qingdaohf.com\/wp-content\/uploads\/2023\/03\/50-2.jpg\" alt=\"virola redonda\" width=\"1200\" height=\"480\" srcset=\"https:\/\/qingdaohf.com\/wp-content\/uploads\/2023\/03\/50-2.jpg 1200w, https:\/\/qingdaohf.com\/wp-content\/uploads\/2023\/03\/50-2-300x120.jpg 300w, https:\/\/qingdaohf.com\/wp-content\/uploads\/2023\/03\/50-2-1024x410.jpg 1024w, https:\/\/qingdaohf.com\/wp-content\/uploads\/2023\/03\/50-2-768x307.jpg 768w, https:\/\/qingdaohf.com\/wp-content\/uploads\/2023\/03\/50-2-1000x400.jpg 1000w\" sizes=\"(max-width: 1200px) 100vw, 1200px\" \/><\/p>\n<h2 class=\"text-2xl font-bold mt-1 text-text-200\">El compromiso de Qingdao H&amp;F con la calidad y el servicio<\/h2>\n<p class=\"whitespace-pre-wrap break-words\">En Qingdao H&amp;F, suministrar productos de calidad es s\u00f3lo el principio. Cada lote de nuestros casquillos de elevaci\u00f3n Duo Round Ferrules se somete a pruebas intensivas, respaldadas por informes de inspecci\u00f3n detallados. Esta transparencia le permite verificar exactamente lo que est\u00e1 recibiendo y su rendimiento.<\/p>\n<p class=\"whitespace-pre-wrap break-words\">Entendemos que recibir su equipo a tiempo es crucial. Por eso hemos construido nuestra reputaci\u00f3n sobre unos plazos de entrega fiables que hacen que sus proyectos sigan avanzando. Cuando surgen preguntas, nuestro equipo t\u00e9cnico est\u00e1 listo para ayudar, proporcionando el apoyo que necesita para mantener sus operaciones funcionando sin problemas.<\/p>\n<p class=\"whitespace-pre-wrap break-words\">Gracias a nuestros a\u00f1os de experiencia en el sector, comprendemos los retos que plantea el suministro de componentes fiables para aparejos. Nuestro equipo se dedica a facilitarle el trabajo, ofreci\u00e9ndole tranquilidad con productos de calidad y un servicio fiable.<\/p>\n<h2 class=\"text-2xl font-bold mt-1 text-text-200\">Conclusi\u00f3n<\/h2>\n<p class=\"whitespace-pre-wrap break-words\">Cuando se trata de operaciones de aparejo, los casquillos redondos Duo de Lifting Socket son componentes esenciales que no puede permitirse pasar por alto. Proporcionan una soluci\u00f3n fiable y eficaz para asegurar y proteger los cables met\u00e1licos en entornos exigentes. Al asociarse con Qingdao H&amp;F, obtendr\u00e1 algo m\u00e1s que casquillos de alta calidad: obtendr\u00e1 un equipo comprometido con su \u00e9xito, respaldado por una entrega r\u00e1pida y una garant\u00eda de calidad completa.<\/p>\n<p class=\"whitespace-pre-wrap break-words\">Cada proyecto de elevaci\u00f3n tiene sus propios retos, y nosotros estamos aqu\u00ed para ayudarle a afrontarlos. Con nuestro enfoque en la calidad, la transparencia y la satisfacci\u00f3n del cliente, estamos preparados para ser su socio de confianza en todo lo relacionado con el aparejo. P\u00f3ngase en contacto con nosotros hoy mismo para descubrir c\u00f3mo nuestros casquillos de elevaci\u00f3n Duo Round Ferrules pueden mejorar sus operaciones de elevaci\u00f3n.<\/p>","protected":false},"excerpt":{"rendered":"<p>Los casquillos redondos Duo de Lifting Socket ayudan a proporcionar conexiones seguras y eficaces para cables met\u00e1licos en operaciones de elevaci\u00f3n de cargas pesadas. Est\u00e1n dise\u00f1ados para proporcionar resistencia, durabilidad y rendimiento en entornos de gran tensi\u00f3n. Entre las preocupaciones habituales de los compradores se encuentran la compatibilidad, la fiabilidad y la seguridad de los componentes de elevaci\u00f3n; con Qingdao H&amp;F Lifting Socket Duo Round Ferrules, tendr\u00e1 la seguridad de contar con soluciones de alta calidad. Nuestros productos est\u00e1n respaldados por un servicio de atenci\u00f3n al cliente personalizado, ciclos de entrega r\u00e1pidos e informes exhaustivos de inspecci\u00f3n de calidad, para garantizar que obtiene exactamente lo que necesita, cuando lo necesita y con total transparencia.<\/p>","protected":false},"featured_media":8723,"comment_status":"open","ping_status":"closed","template":"","meta":{"site-sidebar-layout":"default","site-content-layout":"","ast-site-content-layout":"default","site-content-style":"default","site-sidebar-style":"default","ast-global-header-display":"","ast-banner-title-visibility":"","ast-main-header-display":"","ast-hfb-above-header-display":"","ast-hfb-below-header-display":"","ast-hfb-mobile-header-display":"","site-post-title":"","ast-breadcrumbs-content":"","ast-featured-img":"","footer-sml-layout":"","theme-transparent-header-meta":"default","adv-header-id-meta":"","stick-header-meta":"default","header-above-stick-meta":"","header-main-stick-meta":"","header-below-stick-meta":"","astra-migrate-meta-layouts":"set","ast-page-background-enabled":"default","ast-page-background-meta":{"desktop":{"background-color":"","background-image":"","background-repeat":"repeat","background-position":"center center","background-size":"auto","background-attachment":"scroll","background-type":"","background-media":"","overlay-type":"","overlay-color":"","overlay-opacity":"","overlay-gradient":""},"tablet":{"background-color":"","background-image":"","background-repeat":"repeat","background-position":"center center","background-size":"auto","background-attachment":"scroll","background-type":"","background-media":"","overlay-type":"","overlay-color":"","overlay-opacity":"","overlay-gradient":""},"mobile":{"background-color":"","background-image":"","background-repeat":"repeat","background-position":"center center","background-size":"auto","background-attachment":"scroll","background-type":"","background-media":"","overlay-type":"","overlay-color":"","overlay-opacity":"","overlay-gradient":""}},"ast-content-background-meta":{"desktop":{"background-color":"var(--ast-global-color-5)","background-image":"","background-repeat":"repeat","background-position":"center center","background-size":"auto","background-attachment":"scroll","background-type":"","background-media":"","overlay-type":"","overlay-color":"","overlay-opacity":"","overlay-gradient":""},"tablet":{"background-color":"var(--ast-global-color-5)","background-image":"","background-repeat":"repeat","background-position":"center center","background-size":"auto","background-attachment":"scroll","background-type":"","background-media":"","overlay-type":"","overlay-color":"","overlay-opacity":"","overlay-gradient":""},"mobile":{"background-color":"var(--ast-global-color-5)","background-image":"","background-repeat":"repeat","background-position":"center center","background-size":"auto","background-attachment":"scroll","background-type":"","background-media":"","overlay-type":"","overlay-color":"","overlay-opacity":"","overlay-gradient":""}}},"product_brand":[],"product_cat":[30],"product_tag":[],"class_list":{"0":"post-8721","1":"product","2":"type-product","3":"status-publish","4":"has-post-thumbnail","6":"product_cat-lifting-anchor","7":"desktop-align-left","8":"tablet-align-left","9":"mobile-align-left","10":"ast-product-gallery-layout-horizontal-slider","11":"ast-product-tabs-layout-horizontal","13":"first","14":"instock","15":"shipping-taxable","16":"purchasable","17":"product-type-simple"},"yoast_head":"<!-- This site is optimized with the Yoast SEO plugin v25.2 - https:\/\/yoast.com\/wordpress\/plugins\/seo\/ -->\n<title>Lifting Socket Duo Round Ferrules<\/title>\n<meta name=\"description\" content=\"Lifting Socket Duo Round Ferrules help to provide safe and efficient connections for wire ropes in heavy-duty lifting operations.\" \/>\n<meta name=\"robots\" content=\"index, follow, max-snippet:-1, max-image-preview:large, max-video-preview:-1\" \/>\n<link rel=\"canonical\" href=\"https:\/\/qingdaohf.com\/es\/producto\/casquillo-elevador-duo-casquillos-redondos\/\" \/>\n<meta property=\"og:locale\" content=\"es_ES\" \/>\n<meta property=\"og:type\" content=\"article\" \/>\n<meta property=\"og:title\" content=\"Lifting Socket Duo Round Ferrules\" \/>\n<meta property=\"og:description\" content=\"Lifting Socket Duo Round Ferrules help to provide safe and efficient connections for wire ropes in heavy-duty lifting operations.\" \/>\n<meta property=\"og:url\" content=\"https:\/\/qingdaohf.com\/es\/producto\/casquillo-elevador-duo-casquillos-redondos\/\" \/>\n<meta property=\"og:site_name\" content=\"Concrete Form &amp; Rigging Hardware Supplier\" \/>\n<meta property=\"article:publisher\" content=\"https:\/\/www.facebook.com\/qingdaohf\" \/>\n<meta property=\"article:modified_time\" content=\"2025-11-13T01:02:20+00:00\" \/>\n<meta property=\"og:image\" content=\"https:\/\/qingdaohf.com\/wp-content\/uploads\/2025\/01\/duo-round-ferrule-1.jpg\" \/>\n\t<meta property=\"og:image:width\" content=\"800\" \/>\n\t<meta property=\"og:image:height\" content=\"800\" \/>\n\t<meta property=\"og:image:type\" content=\"image\/jpeg\" \/>\n<meta name=\"twitter:card\" content=\"summary_large_image\" \/>\n<meta name=\"twitter:label1\" content=\"Tiempo de lectura\" \/>\n\t<meta name=\"twitter:data1\" content=\"5 minutos\" \/>\n<script type=\"application\/ld+json\" class=\"yoast-schema-graph\">{\"@context\":\"https:\/\/schema.org\",\"@graph\":[{\"@type\":\"WebPage\",\"@id\":\"https:\/\/qingdaohf.com\/product\/lifting-socket-duo-round-ferrules\/\",\"url\":\"https:\/\/qingdaohf.com\/product\/lifting-socket-duo-round-ferrules\/\",\"name\":\"Lifting Socket Duo Round Ferrules\",\"isPartOf\":{\"@id\":\"https:\/\/qingdaohf.com\/bg\/#website\"},\"primaryImageOfPage\":{\"@id\":\"https:\/\/qingdaohf.com\/product\/lifting-socket-duo-round-ferrules\/#primaryimage\"},\"image\":{\"@id\":\"https:\/\/qingdaohf.com\/product\/lifting-socket-duo-round-ferrules\/#primaryimage\"},\"thumbnailUrl\":\"https:\/\/qingdaohf.com\/wp-content\/uploads\/2025\/01\/duo-round-ferrule-1.jpg\",\"datePublished\":\"2025-01-13T06:56:13+00:00\",\"dateModified\":\"2025-11-13T01:02:20+00:00\",\"description\":\"Lifting Socket Duo Round Ferrules help to provide safe and efficient connections for wire ropes in heavy-duty lifting operations.\",\"breadcrumb\":{\"@id\":\"https:\/\/qingdaohf.com\/product\/lifting-socket-duo-round-ferrules\/#breadcrumb\"},\"inLanguage\":\"es\",\"potentialAction\":[{\"@type\":\"ReadAction\",\"target\":[\"https:\/\/qingdaohf.com\/product\/lifting-socket-duo-round-ferrules\/\"]}]},{\"@type\":\"ImageObject\",\"inLanguage\":\"es\",\"@id\":\"https:\/\/qingdaohf.com\/product\/lifting-socket-duo-round-ferrules\/#primaryimage\",\"url\":\"https:\/\/qingdaohf.com\/wp-content\/uploads\/2025\/01\/duo-round-ferrule-1.jpg\",\"contentUrl\":\"https:\/\/qingdaohf.com\/wp-content\/uploads\/2025\/01\/duo-round-ferrule-1.jpg\",\"width\":800,\"height\":800,\"caption\":\"duo round ferrule\"},{\"@type\":\"BreadcrumbList\",\"@id\":\"https:\/\/qingdaohf.com\/product\/lifting-socket-duo-round-ferrules\/#breadcrumb\",\"itemListElement\":[{\"@type\":\"ListItem\",\"position\":1,\"name\":\"Home\",\"item\":\"https:\/\/qingdaohf.com\/\"},{\"@type\":\"ListItem\",\"position\":2,\"name\":\"Concrete Forming Accessories and Rigging Hardware\",\"item\":\"https:\/\/qingdaohf.com\/bg\/?page_id=944\"},{\"@type\":\"ListItem\",\"position\":3,\"name\":\"Lifting Socket Duo Round Ferrules\"}]},{\"@type\":\"WebSite\",\"@id\":\"https:\/\/qingdaohf.com\/bg\/#website\",\"url\":\"https:\/\/qingdaohf.com\/bg\/\",\"name\":\"Concrete Form & Rigging Hardware Supplier\",\"description\":\"\",\"publisher\":{\"@id\":\"https:\/\/qingdaohf.com\/bg\/#organization\"},\"potentialAction\":[{\"@type\":\"SearchAction\",\"target\":{\"@type\":\"EntryPoint\",\"urlTemplate\":\"https:\/\/qingdaohf.com\/bg\/?s={search_term_string}\"},\"query-input\":{\"@type\":\"PropertyValueSpecification\",\"valueRequired\":true,\"valueName\":\"search_term_string\"}}],\"inLanguage\":\"es\"},{\"@type\":\"Organization\",\"@id\":\"https:\/\/qingdaohf.com\/bg\/#organization\",\"name\":\"Qingdao H&F\",\"url\":\"https:\/\/qingdaohf.com\/bg\/\",\"logo\":{\"@type\":\"ImageObject\",\"inLanguage\":\"es\",\"@id\":\"https:\/\/qingdaohf.com\/bg\/#\/schema\/logo\/image\/\",\"url\":\"https:\/\/qingdaohf.com\/wp-content\/uploads\/2022\/12\/cropped-HF-LOGO.png\",\"contentUrl\":\"https:\/\/qingdaohf.com\/wp-content\/uploads\/2022\/12\/cropped-HF-LOGO.png\",\"width\":391,\"height\":249,\"caption\":\"Qingdao H&F\"},\"image\":{\"@id\":\"https:\/\/qingdaohf.com\/bg\/#\/schema\/logo\/image\/\"},\"sameAs\":[\"https:\/\/www.facebook.com\/qingdaohf\"]}]}<\/script>\n<!-- \/ Yoast SEO plugin. -->","yoast_head_json":{"title":"Lifting Socket Duo Round Ferrules","description":"Lifting Socket Duo Round Ferrules help to provide safe and efficient connections for wire ropes in heavy-duty lifting operations.","robots":{"index":"index","follow":"follow","max-snippet":"max-snippet:-1","max-image-preview":"max-image-preview:large","max-video-preview":"max-video-preview:-1"},"canonical":"https:\/\/qingdaohf.com\/es\/producto\/casquillo-elevador-duo-casquillos-redondos\/","og_locale":"es_ES","og_type":"article","og_title":"Lifting Socket Duo Round Ferrules","og_description":"Lifting Socket Duo Round Ferrules help to provide safe and efficient connections for wire ropes in heavy-duty lifting operations.","og_url":"https:\/\/qingdaohf.com\/es\/producto\/casquillo-elevador-duo-casquillos-redondos\/","og_site_name":"Concrete Form &amp; Rigging Hardware Supplier","article_publisher":"https:\/\/www.facebook.com\/qingdaohf","article_modified_time":"2025-11-13T01:02:20+00:00","og_image":[{"width":800,"height":800,"url":"https:\/\/qingdaohf.com\/wp-content\/uploads\/2025\/01\/duo-round-ferrule-1.jpg","type":"image\/jpeg"}],"twitter_card":"summary_large_image","twitter_misc":{"Tiempo de lectura":"5 minutos"},"schema":{"@context":"https:\/\/schema.org","@graph":[{"@type":"WebPage","@id":"https:\/\/qingdaohf.com\/product\/lifting-socket-duo-round-ferrules\/","url":"https:\/\/qingdaohf.com\/product\/lifting-socket-duo-round-ferrules\/","name":"Lifting Socket Duo Round Ferrules","isPartOf":{"@id":"https:\/\/qingdaohf.com\/bg\/#website"},"primaryImageOfPage":{"@id":"https:\/\/qingdaohf.com\/product\/lifting-socket-duo-round-ferrules\/#primaryimage"},"image":{"@id":"https:\/\/qingdaohf.com\/product\/lifting-socket-duo-round-ferrules\/#primaryimage"},"thumbnailUrl":"https:\/\/qingdaohf.com\/wp-content\/uploads\/2025\/01\/duo-round-ferrule-1.jpg","datePublished":"2025-01-13T06:56:13+00:00","dateModified":"2025-11-13T01:02:20+00:00","description":"Lifting Socket Duo Round Ferrules help to provide safe and efficient connections for wire ropes in heavy-duty lifting operations.","breadcrumb":{"@id":"https:\/\/qingdaohf.com\/product\/lifting-socket-duo-round-ferrules\/#breadcrumb"},"inLanguage":"es","potentialAction":[{"@type":"ReadAction","target":["https:\/\/qingdaohf.com\/product\/lifting-socket-duo-round-ferrules\/"]}]},{"@type":"ImageObject","inLanguage":"es","@id":"https:\/\/qingdaohf.com\/product\/lifting-socket-duo-round-ferrules\/#primaryimage","url":"https:\/\/qingdaohf.com\/wp-content\/uploads\/2025\/01\/duo-round-ferrule-1.jpg","contentUrl":"https:\/\/qingdaohf.com\/wp-content\/uploads\/2025\/01\/duo-round-ferrule-1.jpg","width":800,"height":800,"caption":"duo round ferrule"},{"@type":"BreadcrumbList","@id":"https:\/\/qingdaohf.com\/product\/lifting-socket-duo-round-ferrules\/#breadcrumb","itemListElement":[{"@type":"ListItem","position":1,"name":"Home","item":"https:\/\/qingdaohf.com\/"},{"@type":"ListItem","position":2,"name":"Concrete Forming Accessories and Rigging Hardware","item":"https:\/\/qingdaohf.com\/bg\/?page_id=944"},{"@type":"ListItem","position":3,"name":"Lifting Socket Duo Round Ferrules"}]},{"@type":"WebSite","@id":"https:\/\/qingdaohf.com\/bg\/#website","url":"https:\/\/qingdaohf.com\/bg\/","name":"Concrete Form & Rigging Hardware Supplier","description":"","publisher":{"@id":"https:\/\/qingdaohf.com\/bg\/#organization"},"potentialAction":[{"@type":"SearchAction","target":{"@type":"EntryPoint","urlTemplate":"https:\/\/qingdaohf.com\/bg\/?s={search_term_string}"},"query-input":{"@type":"PropertyValueSpecification","valueRequired":true,"valueName":"search_term_string"}}],"inLanguage":"es"},{"@type":"Organization","@id":"https:\/\/qingdaohf.com\/bg\/#organization","name":"Qingdao H&F","url":"https:\/\/qingdaohf.com\/bg\/","logo":{"@type":"ImageObject","inLanguage":"es","@id":"https:\/\/qingdaohf.com\/bg\/#\/schema\/logo\/image\/","url":"https:\/\/qingdaohf.com\/wp-content\/uploads\/2022\/12\/cropped-HF-LOGO.png","contentUrl":"https:\/\/qingdaohf.com\/wp-content\/uploads\/2022\/12\/cropped-HF-LOGO.png","width":391,"height":249,"caption":"Qingdao H&F"},"image":{"@id":"https:\/\/qingdaohf.com\/bg\/#\/schema\/logo\/image\/"},"sameAs":["https:\/\/www.facebook.com\/qingdaohf"]}]}},"_links":{"self":[{"href":"https:\/\/qingdaohf.com\/es\/wp-json\/wp\/v2\/product\/8721","targetHints":{"allow":["GET"]}}],"collection":[{"href":"https:\/\/qingdaohf.com\/es\/wp-json\/wp\/v2\/product"}],"about":[{"href":"https:\/\/qingdaohf.com\/es\/wp-json\/wp\/v2\/types\/product"}],"replies":[{"embeddable":true,"href":"https:\/\/qingdaohf.com\/es\/wp-json\/wp\/v2\/comments?post=8721"}],"version-history":[{"count":3,"href":"https:\/\/qingdaohf.com\/es\/wp-json\/wp\/v2\/product\/8721\/revisions"}],"predecessor-version":[{"id":8730,"href":"https:\/\/qingdaohf.com\/es\/wp-json\/wp\/v2\/product\/8721\/revisions\/8730"}],"wp:featuredmedia":[{"embeddable":true,"href":"https:\/\/qingdaohf.com\/es\/wp-json\/wp\/v2\/media\/8723"}],"wp:attachment":[{"href":"https:\/\/qingdaohf.com\/es\/wp-json\/wp\/v2\/media?parent=8721"}],"wp:term":[{"taxonomy":"product_brand","embeddable":true,"href":"https:\/\/qingdaohf.com\/es\/wp-json\/wp\/v2\/product_brand?post=8721"},{"taxonomy":"product_cat","embeddable":true,"href":"https:\/\/qingdaohf.com\/es\/wp-json\/wp\/v2\/product_cat?post=8721"},{"taxonomy":"product_tag","embeddable":true,"href":"https:\/\/qingdaohf.com\/es\/wp-json\/wp\/v2\/product_tag?post=8721"}],"curies":[{"name":"wp","href":"https:\/\/api.w.org\/{rel}","templated":true}]}}