{"id":8915,"date":"2025-02-12T17:41:42","date_gmt":"2025-02-12T09:41:42","guid":{"rendered":"http:\/\/qingdaohf.com\/?post_type=product&#038;p=8915"},"modified":"2025-11-13T09:02:19","modified_gmt":"2025-11-13T01:02:19","slug":"eye-swivel-snap-shackle-316-stainless-steel","status":"publish","type":"product","link":"https:\/\/qingdaohf.com\/es\/producto\/ojal-giratorio-grillete-a-presion-acero-inoxidable-316\/","title":{"rendered":"Grillete giratorio de acero inoxidable 316"},"content":{"rendered":"<p><a href=\"https:\/\/qingdaohf.com\/es\/contacto\/\"><img fetchpriority=\"high\" decoding=\"async\" class=\"alignnone wp-image-9503 size-full\" src=\"http:\/\/qingdaohf.com\/wp-content\/uploads\/2025\/02\/shackle-banner-2025-425-1-scaled.webp\" alt=\"shackle banner \" width=\"2560\" height=\"1280\" srcset=\"https:\/\/qingdaohf.com\/wp-content\/uploads\/2025\/02\/shackle-banner-2025-425-1-scaled.webp 2560w, https:\/\/qingdaohf.com\/wp-content\/uploads\/2025\/02\/shackle-banner-2025-425-1-300x150.webp 300w, https:\/\/qingdaohf.com\/wp-content\/uploads\/2025\/02\/shackle-banner-2025-425-1-1024x512.webp 1024w, https:\/\/qingdaohf.com\/wp-content\/uploads\/2025\/02\/shackle-banner-2025-425-1-768x384.webp 768w, https:\/\/qingdaohf.com\/wp-content\/uploads\/2025\/02\/shackle-banner-2025-425-1-1536x768.webp 1536w, https:\/\/qingdaohf.com\/wp-content\/uploads\/2025\/02\/shackle-banner-2025-425-1-2048x1024.webp 2048w, https:\/\/qingdaohf.com\/wp-content\/uploads\/2025\/02\/shackle-banner-2025-425-1-18x9.webp 18w, https:\/\/qingdaohf.com\/wp-content\/uploads\/2025\/02\/shackle-banner-2025-425-1-1000x500.webp 1000w\" sizes=\"(max-width: 2560px) 100vw, 2560px\" \/><\/a><\/p>\n<p class=\"whitespace-pre-wrap break-words\">Cuando se trata de herrajes para aparejos, el grillete a presi\u00f3n giratorio Eye cambia las reglas del juego. Fabricado en acero inoxidable 304 y 316 de primera calidad, est\u00e1 dise\u00f1ado espec\u00edficamente para soportar cargas pesadas y permitir un movimiento de rotaci\u00f3n suave. Esta combinaci\u00f3n lo hace inestimable en situaciones en las que las cargas se desplazan y los \u00e1ngulos cambian con frecuencia.<\/p>\n<p class=\"whitespace-pre-wrap break-words\">El grillete no es una pieza de ferreter\u00eda m\u00e1s: es el resultado de incontables horas de pruebas y perfeccionamiento en el mundo real. Nuestros ingenieros han afinado cada componente para que funcione en perfecta sincron\u00eda, creando un mecanismo giratorio que soporta cargas din\u00e1micas sin sudar. Esto no s\u00f3lo facilita el trabajo, sino que tambi\u00e9n significa que los componentes conectados duran m\u00e1s.<\/p>\n<p class=\"whitespace-pre-wrap break-words\">Encontrar\u00e1 estos grilletes realizando trabajos pesados en diversos entornos. Desde operaciones de gr\u00faa hasta cabos de amarre marinos, han demostrado su val\u00eda una y otra vez. Lo que los distingue no es solo su fuerza bruta, sino su fiabilidad en condiciones dif\u00edciles.<\/p>\n<p class=\"whitespace-pre-wrap break-words\">La elecci\u00f3n de los aceros inoxidables 304 y 316 no fue al azar. Estos materiales se r\u00eden ante la corrosi\u00f3n, ya se trate de agua de mar, productos qu\u00edmicos o condiciones meteorol\u00f3gicas adversas. Esto significa que el grillete se mantiene fuerte y conserva su aspecto limpio y profesional incluso despu\u00e9s de a\u00f1os de servicio.<\/p>\n<p class=\"whitespace-pre-wrap break-words\">Hemos pensado seriamente en la facilidad de uso de estos grilletes. Su dise\u00f1o permite a los operarios asegurar o liberar cargas r\u00e1pidamente, sin tener que lidiar con complicados mecanismos. Esto es importante cuando se trabaja contrarreloj o en situaciones de emergencia.<\/p>\n<p class=\"whitespace-pre-wrap break-words\">Cada grillete se somete a rigurosos controles de calidad antes de salir de nuestras instalaciones. No nos limitamos a comprobar cajas, sino que nos aseguramos de que cada unidad cumple o supera las normas del sector. Esta atenci\u00f3n al detalle es la raz\u00f3n por la que las empresas conf\u00edan en nuestro hardware para sus trabajos m\u00e1s exigentes.<\/p>\n<h2 class=\"text-xl font-bold text-text-200 mt-1 -mb-0.5\">Principales caracter\u00edsticas y ventajas<\/h2>\n<p class=\"whitespace-pre-wrap break-words\">El coraz\u00f3n del \u00e9xito de este grillete reside en su funci\u00f3n giratoria. No se trata s\u00f3lo de girar libremente, sino de mantener la estabilidad bajo carga y reducir la tensi\u00f3n en el sistema de aparejo. Esto significa que su equipo durar\u00e1 m\u00e1s y funcionar\u00e1 mejor.<\/p>\n<p class=\"whitespace-pre-wrap break-words\">La geometr\u00eda del grillete no es s\u00f3lo un adorno. Lo hemos dise\u00f1ado cuidadosamente para repartir las cargas uniformemente por toda la estructura, eliminando los puntos d\u00e9biles que podr\u00edan provocar fallos. Combinado con el mecanismo giratorio, crea una pieza de ferreter\u00eda robusta y de funcionamiento extraordinariamente suave.<\/p>\n<p class=\"whitespace-pre-wrap break-words\">Gracias a su construcci\u00f3n en acero inoxidable, estos grilletes se r\u00eden en condiciones que destruir\u00edan herrajes de menor calidad. Tanto si trabaja en entornos marinos como si se enfrenta a duras condiciones industriales, seguir\u00e1n funcionando sin necesidad de mantenimiento o sustituci\u00f3n constantes.<\/p>\n<p class=\"whitespace-pre-wrap break-words\">Hablemos de las ventajas pr\u00e1cticas. El dise\u00f1o ergon\u00f3mico significa menos tiempo dedicado a luchar con el equipo y m\u00e1s tiempo para hacer el trabajo. Los operarios aprecian la suavidad de acci\u00f3n y la m\u00ednima resistencia, lo que se traduce en un trabajo m\u00e1s r\u00e1pido y menos dolores de cabeza.<\/p>\n<h3 class=\"text-lg font-bold text-text-200 mt-1 -mb-1.5\">Especificaciones t\u00e9cnicas<\/h3>\n<table class=\"bg-bg-100 min-w-full border-separate border-spacing-0 text-sm leading-[1.88888]\">\n<thead class=\"border-b-border-100\/50 border-b-[0.5px] text-left\">\n<tr class=\"[tbody&gt;&amp;]:odd:bg-bg-500\/10\">\n<th class=\"text-text-000 [&amp;:not(:first-child)]:-x-[hsla(var(--border-100) \/ 0.5)] font-400 px-2 [&amp;:not(:first-child)]:border-l-[0.5px]\">Especificaci\u00f3n<\/th>\n<th class=\"text-text-000 [&amp;:not(:first-child)]:-x-[hsla(var(--border-100) \/ 0.5)] font-400 px-2 [&amp;:not(:first-child)]:border-l-[0.5px]\">Descripci\u00f3n<\/th>\n<\/tr>\n<\/thead>\n<tbody>\n<tr class=\"[tbody&gt;&amp;]:odd:bg-bg-500\/10\">\n<td class=\"border-t-border-100\/50 [&amp;:not(:first-child)]:-x-[hsla(var(--border-100) \/ 0.5)] border-t-[0.5px] px-2 [&amp;:not(:first-child)]:border-l-[0.5px]\">Material<\/td>\n<td class=\"border-t-border-100\/50 [&amp;:not(:first-child)]:-x-[hsla(var(--border-100) \/ 0.5)] border-t-[0.5px] px-2 [&amp;:not(:first-child)]:border-l-[0.5px]\">Acero inoxidable 304 (grado 316 disponible)<\/td>\n<\/tr>\n<tr class=\"[tbody&gt;&amp;]:odd:bg-bg-500\/10\">\n<td class=\"border-t-border-100\/50 [&amp;:not(:first-child)]:-x-[hsla(var(--border-100) \/ 0.5)] border-t-[0.5px] px-2 [&amp;:not(:first-child)]:border-l-[0.5px]\">Capacidad de carga<\/td>\n<td class=\"border-t-border-100\/50 [&amp;:not(:first-child)]:-x-[hsla(var(--border-100) \/ 0.5)] border-t-[0.5px] px-2 [&amp;:not(:first-child)]:border-l-[0.5px]\">Dise\u00f1ado para aplicaciones de alta carga<\/td>\n<\/tr>\n<tr class=\"[tbody&gt;&amp;]:odd:bg-bg-500\/10\">\n<td class=\"border-t-border-100\/50 [&amp;:not(:first-child)]:-x-[hsla(var(--border-100) \/ 0.5)] border-t-[0.5px] px-2 [&amp;:not(:first-child)]:border-l-[0.5px]\">Protecci\u00f3n contra la corrosi\u00f3n<\/td>\n<td class=\"border-t-border-100\/50 [&amp;:not(:first-child)]:-x-[hsla(var(--border-100) \/ 0.5)] border-t-[0.5px] px-2 [&amp;:not(:first-child)]:border-l-[0.5px]\">Resistencia superior en entornos marinos\/industriales<\/td>\n<\/tr>\n<tr class=\"[tbody&gt;&amp;]:odd:bg-bg-500\/10\">\n<td class=\"border-t-border-100\/50 [&amp;:not(:first-child)]:-x-[hsla(var(--border-100) \/ 0.5)] border-t-[0.5px] px-2 [&amp;:not(:first-child)]:border-l-[0.5px]\">Caracter\u00edstica principal<\/td>\n<td class=\"border-t-border-100\/50 [&amp;:not(:first-child)]:-x-[hsla(var(--border-100) \/ 0.5)] border-t-[0.5px] px-2 [&amp;:not(:first-child)]:border-l-[0.5px]\">Mecanismo giratorio integrado<\/td>\n<\/tr>\n<tr class=\"[tbody&gt;&amp;]:odd:bg-bg-500\/10\">\n<td class=\"border-t-border-100\/50 [&amp;:not(:first-child)]:-x-[hsla(var(--border-100) \/ 0.5)] border-t-[0.5px] px-2 [&amp;:not(:first-child)]:border-l-[0.5px]\">Control de calidad<\/td>\n<td class=\"border-t-border-100\/50 [&amp;:not(:first-child)]:-x-[hsla(var(--border-100) \/ 0.5)] border-t-[0.5px] px-2 [&amp;:not(:first-child)]:border-l-[0.5px]\">M\u00faltiples puntos de inspecci\u00f3n y certificaciones<\/td>\n<\/tr>\n<tr class=\"[tbody&gt;&amp;]:odd:bg-bg-500\/10\">\n<td class=\"border-t-border-100\/50 [&amp;:not(:first-child)]:-x-[hsla(var(--border-100) \/ 0.5)] border-t-[0.5px] px-2 [&amp;:not(:first-child)]:border-l-[0.5px]\">Utilizaci\u00f3n<\/td>\n<td class=\"border-t-border-100\/50 [&amp;:not(:first-child)]:-x-[hsla(var(--border-100) \/ 0.5)] border-t-[0.5px] px-2 [&amp;:not(:first-child)]:border-l-[0.5px]\">Instalaci\u00f3n r\u00e1pida y funcionamiento seguro<\/td>\n<\/tr>\n<\/tbody>\n<\/table>\n<h2 class=\"text-xl font-bold text-text-200 mt-1 -mb-0.5\">Garant\u00eda de calidad y aplicaciones<\/h2>\n<p class=\"whitespace-pre-wrap break-words\">Para nosotros, la calidad no es s\u00f3lo una palabra de moda: est\u00e1 integrada en cada paso de la producci\u00f3n. Cada grillete se somete a pruebas exhaustivas con cargas est\u00e1ticas y din\u00e1micas. Recopilamos constantemente informaci\u00f3n sobre el terreno y la utilizamos para introducir mejoras.<\/p>\n<p class=\"whitespace-pre-wrap break-words\">Nuestro proceso de control de calidad incluye comprobaciones dimensionales precisas, pruebas de resistencia y verificaci\u00f3n de la resistencia a la corrosi\u00f3n. Cuando reciba uno de nuestros grilletes, estar\u00e1 adquiriendo un herraje de eficacia probada.<\/p>\n<p class=\"whitespace-pre-wrap break-words\">Respaldamos nuestros productos con un servicio de atenci\u00f3n al cliente receptivo y plazos de entrega r\u00e1pidos. Nuestro equipo t\u00e9cnico est\u00e1 siempre dispuesto a ayudar con aplicaciones o dudas espec\u00edficas. Cada env\u00edo incluye informes de inspecci\u00f3n detallados que documentan las pruebas realizadas.<\/p>\n<p class=\"whitespace-pre-wrap break-words\">Estos grilletes se utilizan en innumerables aplicaciones. Los equipos de construcci\u00f3n conf\u00edan en ellos para levantar cargas pesadas, las operaciones mar\u00edtimas los utilizan en entornos corrosivos y los equipos de mantenimiento industrial aprecian su capacidad de desenganche r\u00e1pido.<\/p>\n<p class=\"whitespace-pre-wrap break-words\">La inversi\u00f3n en hardware de calidad se amortiza reduciendo los costes de mantenimiento y las interrupciones operativas. Los usuarios afirman sistem\u00e1ticamente que nuestros grilletes superan y duran m\u00e1s que los de la competencia.<\/p>\n<p class=\"whitespace-pre-wrap break-words\">Tambi\u00e9n estamos orgullosos de los aspectos medioambientales: el uso de acero inoxidable de alta calidad hace que estos grilletes duren m\u00e1s y sean totalmente reciclables al final de su vida \u00fatil.<\/p>\n<p class=\"whitespace-pre-wrap break-words\">\u00bfNecesita algo especial? Trabajamos habitualmente con nuestros clientes para personalizar las especificaciones de aplicaciones \u00fanicas. Tanto si se trata de dimensiones modificadas como de requisitos de acabado espec\u00edficos, le ayudaremos a crear exactamente lo que necesita.<\/p>\n<h2 class=\"text-xl font-bold text-text-200 mt-1 -mb-0.5\">Conclusi\u00f3n<\/h2>\n<p class=\"whitespace-pre-wrap break-words\">El grillete a presi\u00f3n giratorio Eye representa lo mejor de la ingenier\u00eda moderna y la ciencia de los materiales. Est\u00e1 fabricado para realizar trabajos exigentes y, al mismo tiempo, facilitar la vida de los operarios. Gracias a nuestro compromiso con la calidad, respaldado por pruebas y documentaci\u00f3n exhaustivas, puede confiar en que estos grilletes funcionar\u00e1n cuando m\u00e1s lo necesite.<\/p>","protected":false},"excerpt":{"rendered":"<p>Nuestro grillete giratorio de ojal es un producto de aparejo de ingenier\u00eda extrema creado para satisfacer los requisitos operativos m\u00e1s exigentes. Fabricado en acero inoxidable 304 y 316 de alta calidad, nuestro grillete proporciona una mayor durabilidad, una resistencia superior a la corrosi\u00f3n y una gran fiabilidad incluso en condiciones adversas. Los compradores suelen preocuparse por la seguridad de la carga, la longevidad y el rendimiento en condiciones desfavorables, y nuestro producto aborda estas cuestiones de frente. Adem\u00e1s, como empresa comercial de primer orden, ofrecemos un servicio de atenci\u00f3n al cliente individualizado, un calendario de entrega puntual y respaldamos nuestros productos con un completo conjunto de informes de inspecci\u00f3n de calidad. Este \u00e9nfasis en la calidad le garantiza la confianza necesaria para invertir en un producto que no s\u00f3lo ofrece un alto rendimiento, sino que adem\u00e1s no presenta problemas.<\/p>","protected":false},"featured_media":8917,"comment_status":"open","ping_status":"closed","template":"","meta":{"site-sidebar-layout":"default","site-content-layout":"","ast-site-content-layout":"default","site-content-style":"default","site-sidebar-style":"default","ast-global-header-display":"","ast-banner-title-visibility":"","ast-main-header-display":"","ast-hfb-above-header-display":"","ast-hfb-below-header-display":"","ast-hfb-mobile-header-display":"","site-post-title":"","ast-breadcrumbs-content":"","ast-featured-img":"","footer-sml-layout":"","theme-transparent-header-meta":"default","adv-header-id-meta":"","stick-header-meta":"default","header-above-stick-meta":"","header-main-stick-meta":"","header-below-stick-meta":"","astra-migrate-meta-layouts":"set","ast-page-background-enabled":"default","ast-page-background-meta":{"desktop":{"background-color":"","background-image":"","background-repeat":"repeat","background-position":"center center","background-size":"auto","background-attachment":"scroll","background-type":"","background-media":"","overlay-type":"","overlay-color":"","overlay-opacity":"","overlay-gradient":""},"tablet":{"background-color":"","background-image":"","background-repeat":"repeat","background-position":"center center","background-size":"auto","background-attachment":"scroll","background-type":"","background-media":"","overlay-type":"","overlay-color":"","overlay-opacity":"","overlay-gradient":""},"mobile":{"background-color":"","background-image":"","background-repeat":"repeat","background-position":"center center","background-size":"auto","background-attachment":"scroll","background-type":"","background-media":"","overlay-type":"","overlay-color":"","overlay-opacity":"","overlay-gradient":""}},"ast-content-background-meta":{"desktop":{"background-color":"var(--ast-global-color-5)","background-image":"","background-repeat":"repeat","background-position":"center center","background-size":"auto","background-attachment":"scroll","background-type":"","background-media":"","overlay-type":"","overlay-color":"","overlay-opacity":"","overlay-gradient":""},"tablet":{"background-color":"var(--ast-global-color-5)","background-image":"","background-repeat":"repeat","background-position":"center center","background-size":"auto","background-attachment":"scroll","background-type":"","background-media":"","overlay-type":"","overlay-color":"","overlay-opacity":"","overlay-gradient":""},"mobile":{"background-color":"var(--ast-global-color-5)","background-image":"","background-repeat":"repeat","background-position":"center center","background-size":"auto","background-attachment":"scroll","background-type":"","background-media":"","overlay-type":"","overlay-color":"","overlay-opacity":"","overlay-gradient":""}}},"product_brand":[],"product_cat":[44],"product_tag":[],"class_list":{"0":"post-8915","1":"product","2":"type-product","3":"status-publish","4":"has-post-thumbnail","6":"product_cat-stainless-steel-poduct","7":"desktop-align-left","8":"tablet-align-left","9":"mobile-align-left","10":"ast-product-gallery-layout-horizontal-slider","11":"ast-product-tabs-layout-horizontal","13":"first","14":"instock","15":"shipping-taxable","16":"purchasable","17":"product-type-simple"},"yoast_head":"<!-- This site is optimized with the Yoast SEO plugin v25.2 - https:\/\/yoast.com\/wordpress\/plugins\/seo\/ -->\n<title>Eye Swivel Snap Shackle 316 Stainless Steel<\/title>\n<meta name=\"description\" content=\"Our Eye Swivel Snap Shackle is an extremely engineered rigging product that was created to meet the most demanding operating requirements.\" \/>\n<meta name=\"robots\" content=\"index, follow, max-snippet:-1, max-image-preview:large, max-video-preview:-1\" \/>\n<link rel=\"canonical\" href=\"https:\/\/qingdaohf.com\/es\/producto\/ojal-giratorio-grillete-a-presion-acero-inoxidable-316\/\" \/>\n<meta property=\"og:locale\" content=\"es_ES\" \/>\n<meta property=\"og:type\" content=\"article\" \/>\n<meta property=\"og:title\" content=\"Eye Swivel Snap Shackle 316 Stainless Steel\" \/>\n<meta property=\"og:description\" content=\"Our Eye Swivel Snap Shackle is an extremely engineered rigging product that was created to meet the most demanding operating requirements.\" \/>\n<meta property=\"og:url\" content=\"https:\/\/qingdaohf.com\/es\/producto\/ojal-giratorio-grillete-a-presion-acero-inoxidable-316\/\" \/>\n<meta property=\"og:site_name\" content=\"Concrete Form &amp; Rigging Hardware Supplier\" \/>\n<meta property=\"article:publisher\" content=\"https:\/\/www.facebook.com\/qingdaohf\" \/>\n<meta property=\"article:modified_time\" content=\"2025-11-13T01:02:19+00:00\" \/>\n<meta property=\"og:image\" content=\"https:\/\/qingdaohf.com\/wp-content\/uploads\/2025\/02\/snap-shackle.jpg\" \/>\n\t<meta property=\"og:image:width\" content=\"1000\" \/>\n\t<meta property=\"og:image:height\" content=\"1000\" \/>\n\t<meta property=\"og:image:type\" content=\"image\/jpeg\" \/>\n<meta name=\"twitter:card\" content=\"summary_large_image\" \/>\n<meta name=\"twitter:label1\" content=\"Tiempo de lectura\" \/>\n\t<meta name=\"twitter:data1\" content=\"4 minutos\" \/>\n<script type=\"application\/ld+json\" class=\"yoast-schema-graph\">{\"@context\":\"https:\/\/schema.org\",\"@graph\":[{\"@type\":\"WebPage\",\"@id\":\"https:\/\/qingdaohf.com\/product\/eye-swivel-snap-shackle-316-stainless-steel\/\",\"url\":\"https:\/\/qingdaohf.com\/product\/eye-swivel-snap-shackle-316-stainless-steel\/\",\"name\":\"Eye Swivel Snap Shackle 316 Stainless Steel\",\"isPartOf\":{\"@id\":\"https:\/\/qingdaohf.com\/bg\/#website\"},\"primaryImageOfPage\":{\"@id\":\"https:\/\/qingdaohf.com\/product\/eye-swivel-snap-shackle-316-stainless-steel\/#primaryimage\"},\"image\":{\"@id\":\"https:\/\/qingdaohf.com\/product\/eye-swivel-snap-shackle-316-stainless-steel\/#primaryimage\"},\"thumbnailUrl\":\"https:\/\/qingdaohf.com\/wp-content\/uploads\/2025\/02\/snap-shackle.jpg\",\"datePublished\":\"2025-02-12T09:41:42+00:00\",\"dateModified\":\"2025-11-13T01:02:19+00:00\",\"description\":\"Our Eye Swivel Snap Shackle is an extremely engineered rigging product that was created to meet the most demanding operating requirements.\",\"breadcrumb\":{\"@id\":\"https:\/\/qingdaohf.com\/product\/eye-swivel-snap-shackle-316-stainless-steel\/#breadcrumb\"},\"inLanguage\":\"es\",\"potentialAction\":[{\"@type\":\"ReadAction\",\"target\":[\"https:\/\/qingdaohf.com\/product\/eye-swivel-snap-shackle-316-stainless-steel\/\"]}]},{\"@type\":\"ImageObject\",\"inLanguage\":\"es\",\"@id\":\"https:\/\/qingdaohf.com\/product\/eye-swivel-snap-shackle-316-stainless-steel\/#primaryimage\",\"url\":\"https:\/\/qingdaohf.com\/wp-content\/uploads\/2025\/02\/snap-shackle.jpg\",\"contentUrl\":\"https:\/\/qingdaohf.com\/wp-content\/uploads\/2025\/02\/snap-shackle.jpg\",\"width\":1000,\"height\":1000,\"caption\":\"snap shackle\"},{\"@type\":\"BreadcrumbList\",\"@id\":\"https:\/\/qingdaohf.com\/product\/eye-swivel-snap-shackle-316-stainless-steel\/#breadcrumb\",\"itemListElement\":[{\"@type\":\"ListItem\",\"position\":1,\"name\":\"Home\",\"item\":\"https:\/\/qingdaohf.com\/\"},{\"@type\":\"ListItem\",\"position\":2,\"name\":\"Concrete Forming Accessories and Rigging Hardware\",\"item\":\"https:\/\/qingdaohf.com\/bg\/?page_id=944\"},{\"@type\":\"ListItem\",\"position\":3,\"name\":\"Eye Swivel Snap Shackle 316 Stainless Steel\"}]},{\"@type\":\"WebSite\",\"@id\":\"https:\/\/qingdaohf.com\/bg\/#website\",\"url\":\"https:\/\/qingdaohf.com\/bg\/\",\"name\":\"Concrete Form & Rigging Hardware Supplier\",\"description\":\"\",\"publisher\":{\"@id\":\"https:\/\/qingdaohf.com\/bg\/#organization\"},\"potentialAction\":[{\"@type\":\"SearchAction\",\"target\":{\"@type\":\"EntryPoint\",\"urlTemplate\":\"https:\/\/qingdaohf.com\/bg\/?s={search_term_string}\"},\"query-input\":{\"@type\":\"PropertyValueSpecification\",\"valueRequired\":true,\"valueName\":\"search_term_string\"}}],\"inLanguage\":\"es\"},{\"@type\":\"Organization\",\"@id\":\"https:\/\/qingdaohf.com\/bg\/#organization\",\"name\":\"Qingdao H&F\",\"url\":\"https:\/\/qingdaohf.com\/bg\/\",\"logo\":{\"@type\":\"ImageObject\",\"inLanguage\":\"es\",\"@id\":\"https:\/\/qingdaohf.com\/bg\/#\/schema\/logo\/image\/\",\"url\":\"https:\/\/qingdaohf.com\/wp-content\/uploads\/2022\/12\/cropped-HF-LOGO.png\",\"contentUrl\":\"https:\/\/qingdaohf.com\/wp-content\/uploads\/2022\/12\/cropped-HF-LOGO.png\",\"width\":391,\"height\":249,\"caption\":\"Qingdao H&F\"},\"image\":{\"@id\":\"https:\/\/qingdaohf.com\/bg\/#\/schema\/logo\/image\/\"},\"sameAs\":[\"https:\/\/www.facebook.com\/qingdaohf\"]}]}<\/script>\n<!-- \/ Yoast SEO plugin. -->","yoast_head_json":{"title":"Eye Swivel Snap Shackle 316 Stainless Steel","description":"Our Eye Swivel Snap Shackle is an extremely engineered rigging product that was created to meet the most demanding operating requirements.","robots":{"index":"index","follow":"follow","max-snippet":"max-snippet:-1","max-image-preview":"max-image-preview:large","max-video-preview":"max-video-preview:-1"},"canonical":"https:\/\/qingdaohf.com\/es\/producto\/ojal-giratorio-grillete-a-presion-acero-inoxidable-316\/","og_locale":"es_ES","og_type":"article","og_title":"Eye Swivel Snap Shackle 316 Stainless Steel","og_description":"Our Eye Swivel Snap Shackle is an extremely engineered rigging product that was created to meet the most demanding operating requirements.","og_url":"https:\/\/qingdaohf.com\/es\/producto\/ojal-giratorio-grillete-a-presion-acero-inoxidable-316\/","og_site_name":"Concrete Form &amp; Rigging Hardware Supplier","article_publisher":"https:\/\/www.facebook.com\/qingdaohf","article_modified_time":"2025-11-13T01:02:19+00:00","og_image":[{"width":1000,"height":1000,"url":"https:\/\/qingdaohf.com\/wp-content\/uploads\/2025\/02\/snap-shackle.jpg","type":"image\/jpeg"}],"twitter_card":"summary_large_image","twitter_misc":{"Tiempo de lectura":"4 minutos"},"schema":{"@context":"https:\/\/schema.org","@graph":[{"@type":"WebPage","@id":"https:\/\/qingdaohf.com\/product\/eye-swivel-snap-shackle-316-stainless-steel\/","url":"https:\/\/qingdaohf.com\/product\/eye-swivel-snap-shackle-316-stainless-steel\/","name":"Eye Swivel Snap Shackle 316 Stainless Steel","isPartOf":{"@id":"https:\/\/qingdaohf.com\/bg\/#website"},"primaryImageOfPage":{"@id":"https:\/\/qingdaohf.com\/product\/eye-swivel-snap-shackle-316-stainless-steel\/#primaryimage"},"image":{"@id":"https:\/\/qingdaohf.com\/product\/eye-swivel-snap-shackle-316-stainless-steel\/#primaryimage"},"thumbnailUrl":"https:\/\/qingdaohf.com\/wp-content\/uploads\/2025\/02\/snap-shackle.jpg","datePublished":"2025-02-12T09:41:42+00:00","dateModified":"2025-11-13T01:02:19+00:00","description":"Our Eye Swivel Snap Shackle is an extremely engineered rigging product that was created to meet the most demanding operating requirements.","breadcrumb":{"@id":"https:\/\/qingdaohf.com\/product\/eye-swivel-snap-shackle-316-stainless-steel\/#breadcrumb"},"inLanguage":"es","potentialAction":[{"@type":"ReadAction","target":["https:\/\/qingdaohf.com\/product\/eye-swivel-snap-shackle-316-stainless-steel\/"]}]},{"@type":"ImageObject","inLanguage":"es","@id":"https:\/\/qingdaohf.com\/product\/eye-swivel-snap-shackle-316-stainless-steel\/#primaryimage","url":"https:\/\/qingdaohf.com\/wp-content\/uploads\/2025\/02\/snap-shackle.jpg","contentUrl":"https:\/\/qingdaohf.com\/wp-content\/uploads\/2025\/02\/snap-shackle.jpg","width":1000,"height":1000,"caption":"snap shackle"},{"@type":"BreadcrumbList","@id":"https:\/\/qingdaohf.com\/product\/eye-swivel-snap-shackle-316-stainless-steel\/#breadcrumb","itemListElement":[{"@type":"ListItem","position":1,"name":"Home","item":"https:\/\/qingdaohf.com\/"},{"@type":"ListItem","position":2,"name":"Concrete Forming Accessories and Rigging Hardware","item":"https:\/\/qingdaohf.com\/bg\/?page_id=944"},{"@type":"ListItem","position":3,"name":"Eye Swivel Snap Shackle 316 Stainless Steel"}]},{"@type":"WebSite","@id":"https:\/\/qingdaohf.com\/bg\/#website","url":"https:\/\/qingdaohf.com\/bg\/","name":"Concrete Form & Rigging Hardware Supplier","description":"","publisher":{"@id":"https:\/\/qingdaohf.com\/bg\/#organization"},"potentialAction":[{"@type":"SearchAction","target":{"@type":"EntryPoint","urlTemplate":"https:\/\/qingdaohf.com\/bg\/?s={search_term_string}"},"query-input":{"@type":"PropertyValueSpecification","valueRequired":true,"valueName":"search_term_string"}}],"inLanguage":"es"},{"@type":"Organization","@id":"https:\/\/qingdaohf.com\/bg\/#organization","name":"Qingdao H&F","url":"https:\/\/qingdaohf.com\/bg\/","logo":{"@type":"ImageObject","inLanguage":"es","@id":"https:\/\/qingdaohf.com\/bg\/#\/schema\/logo\/image\/","url":"https:\/\/qingdaohf.com\/wp-content\/uploads\/2022\/12\/cropped-HF-LOGO.png","contentUrl":"https:\/\/qingdaohf.com\/wp-content\/uploads\/2022\/12\/cropped-HF-LOGO.png","width":391,"height":249,"caption":"Qingdao H&F"},"image":{"@id":"https:\/\/qingdaohf.com\/bg\/#\/schema\/logo\/image\/"},"sameAs":["https:\/\/www.facebook.com\/qingdaohf"]}]}},"_links":{"self":[{"href":"https:\/\/qingdaohf.com\/es\/wp-json\/wp\/v2\/product\/8915","targetHints":{"allow":["GET"]}}],"collection":[{"href":"https:\/\/qingdaohf.com\/es\/wp-json\/wp\/v2\/product"}],"about":[{"href":"https:\/\/qingdaohf.com\/es\/wp-json\/wp\/v2\/types\/product"}],"replies":[{"embeddable":true,"href":"https:\/\/qingdaohf.com\/es\/wp-json\/wp\/v2\/comments?post=8915"}],"version-history":[{"count":4,"href":"https:\/\/qingdaohf.com\/es\/wp-json\/wp\/v2\/product\/8915\/revisions"}],"predecessor-version":[{"id":9505,"href":"https:\/\/qingdaohf.com\/es\/wp-json\/wp\/v2\/product\/8915\/revisions\/9505"}],"wp:featuredmedia":[{"embeddable":true,"href":"https:\/\/qingdaohf.com\/es\/wp-json\/wp\/v2\/media\/8917"}],"wp:attachment":[{"href":"https:\/\/qingdaohf.com\/es\/wp-json\/wp\/v2\/media?parent=8915"}],"wp:term":[{"taxonomy":"product_brand","embeddable":true,"href":"https:\/\/qingdaohf.com\/es\/wp-json\/wp\/v2\/product_brand?post=8915"},{"taxonomy":"product_cat","embeddable":true,"href":"https:\/\/qingdaohf.com\/es\/wp-json\/wp\/v2\/product_cat?post=8915"},{"taxonomy":"product_tag","embeddable":true,"href":"https:\/\/qingdaohf.com\/es\/wp-json\/wp\/v2\/product_tag?post=8915"}],"curies":[{"name":"wp","href":"https:\/\/api.w.org\/{rel}","templated":true}]}}