{"id":2273,"date":"2023-02-17T11:20:42","date_gmt":"2023-02-17T03:20:42","guid":{"rendered":"http:\/\/qingdaohf.com\/?page_id=2273"},"modified":"2023-05-16T15:19:49","modified_gmt":"2023-05-16T07:19:49","slug":"hf-story","status":"publish","type":"page","link":"https:\/\/qingdaohf.com\/et\/hf-lugu\/","title":{"rendered":"Meie H&amp;F lugu"},"content":{"rendered":"<p>Eduka ettev\u00f5tte Qingdao H&amp;F Manufacturing Co-operation lugu algab 2008. aastast, kui proua Shirley alustas oma teekonda, et saada valdkonna <a href=\"http:\/\/qingdaohf.com\/et\/concrete-forming-accessories-and-rigging-hardware\/\" target=\"_blank\" rel=\"noreferrer noopener\">riistvara ja p\u00f5hiseaduse tooted<\/a>. <\/p><figure class=\"wp-block-image size-full is-resized\"><img fetchpriority=\"high\" decoding=\"async\" src=\"http:\/\/qingdaohf.com\/wp-content\/uploads\/2022\/12\/cropped-LOGO-1.jpg\" alt=\"\" class=\"wp-image-987\" width=\"256\" height=\"256\" srcset=\"https:\/\/qingdaohf.com\/wp-content\/uploads\/2022\/12\/cropped-LOGO-1.jpg 512w, https:\/\/qingdaohf.com\/wp-content\/uploads\/2022\/12\/cropped-LOGO-1-300x300.jpg 300w, https:\/\/qingdaohf.com\/wp-content\/uploads\/2022\/12\/cropped-LOGO-1-150x150.jpg 150w, https:\/\/qingdaohf.com\/wp-content\/uploads\/2022\/12\/cropped-LOGO-1-100x100.jpg 100w, https:\/\/qingdaohf.com\/wp-content\/uploads\/2022\/12\/cropped-LOGO-1-50x50.jpg 50w, https:\/\/qingdaohf.com\/wp-content\/uploads\/2022\/12\/cropped-LOGO-1-270x270.jpg 270w, https:\/\/qingdaohf.com\/wp-content\/uploads\/2022\/12\/cropped-LOGO-1-192x192.jpg 192w, https:\/\/qingdaohf.com\/wp-content\/uploads\/2022\/12\/cropped-LOGO-1-180x180.jpg 180w, https:\/\/qingdaohf.com\/wp-content\/uploads\/2022\/12\/cropped-LOGO-1-32x32.jpg 32w\" sizes=\"(max-width: 256px) 100vw, 256px\" \/><\/figure><p>Ta l\u00f5petas Qingdao \u00dclikooli ja liikus oma elus edasi, tehes Masters geoteaduste, Aga tema kirg saada esimene naine CEO valdkonnas Professional betooni moodustavad tarvikud ja helisev riistvara oli just alanud, Ta alustas firma 3 inimest ja tegi seda mitme miljoni dollari \u00e4ri, nagu see on t\u00e4na.<\/p><figure class=\"wp-block-image size-large is-resized\"><img decoding=\"async\" src=\"http:\/\/qingdaohf.com\/wp-content\/uploads\/2023\/02\/Shirley-Xu-1024x1024.jpg\" alt=\"Shirley Xu-HF tegevjuht\" class=\"wp-image-2004\" width=\"512\" height=\"512\" srcset=\"https:\/\/qingdaohf.com\/wp-content\/uploads\/2023\/02\/Shirley-Xu-1024x1024.jpg 1024w, https:\/\/qingdaohf.com\/wp-content\/uploads\/2023\/02\/Shirley-Xu-500x500.jpg 500w, https:\/\/qingdaohf.com\/wp-content\/uploads\/2023\/02\/Shirley-Xu-100x100.jpg 100w, https:\/\/qingdaohf.com\/wp-content\/uploads\/2023\/02\/Shirley-Xu-1000x1000.jpg 1000w, https:\/\/qingdaohf.com\/wp-content\/uploads\/2023\/02\/Shirley-Xu-300x300.jpg 300w, https:\/\/qingdaohf.com\/wp-content\/uploads\/2023\/02\/Shirley-Xu-150x150.jpg 150w, https:\/\/qingdaohf.com\/wp-content\/uploads\/2023\/02\/Shirley-Xu-768x768.jpg 768w, https:\/\/qingdaohf.com\/wp-content\/uploads\/2023\/02\/Shirley-Xu.jpg 1078w\" sizes=\"(max-width: 512px) 100vw, 512px\" \/><\/figure><p>Ta on uhke oma panuse \u00fcle \u00fclemaailmsete projektide ehitamisse! Niikaua kui on olemas majad, b\u00fcroohooned, sillad, sadamad, metrood, kiirteed jne, peavad need kohad olema ehitatud meie toodetega! Meil on kliendid \u00fcle kogu maailma kogu maailmas, ja maailma top 500 ettev\u00f5tted on koost\u00f6\u00f6s, meil on ehitus riistvara tarvikud ja mere riistvara taglase tarvikud Ameerika \u00dchendriikidest k\u00f5ige arenenum tehnoloogia ja ideid. <\/p><figure class=\"wp-block-image size-full is-resized\"><img decoding=\"async\" src=\"http:\/\/qingdaohf.com\/wp-content\/uploads\/2022\/12\/HF-factory-2-1.jpg\" alt=\"HF tehas\" class=\"wp-image-2189\" width=\"600\" height=\"641\" srcset=\"https:\/\/qingdaohf.com\/wp-content\/uploads\/2022\/12\/HF-factory-2-1.jpg 800w, https:\/\/qingdaohf.com\/wp-content\/uploads\/2022\/12\/HF-factory-2-1-281x300.jpg 281w, https:\/\/qingdaohf.com\/wp-content\/uploads\/2022\/12\/HF-factory-2-1-768x821.jpg 768w, https:\/\/qingdaohf.com\/wp-content\/uploads\/2022\/12\/HF-factory-2-1-600x641.jpg 600w\" sizes=\"(max-width: 600px) 100vw, 600px\" \/><\/figure><p>Ja meie meeskond Ameerika \u00dchendriikides ja nende ettev\u00f5tete meeskond j\u00e4tkab arendamist, uuendusi ja t\u00e4iustamist, et klientidele ja maailma infrastruktuurile j\u00e4tkuvalt pakkuda parimat valikut. Tee meie tooted \u00fcle kogu maailma, seal on olnud 110 riigis osta kliendid kasutavad meie tooteid, me ehitame parema maailma!<\/p>","protected":false},"excerpt":{"rendered":"<p>The story of the successful company Qingdao H&amp;F Manufacturing Co-operation begins from 2008, When Mrs Shirley started her journey for becoming in the field of hardware and constitution products. She graduated from Qingdao University and moved forward in her life by doing a Masters Geo-sciences, But her passion for becoming the first female CEO in [&hellip;]<\/p>","protected":false},"author":1,"featured_media":986,"parent":0,"menu_order":0,"comment_status":"closed","ping_status":"closed","template":"","meta":{"site-sidebar-layout":"default","site-content-layout":"","ast-site-content-layout":"","site-content-style":"default","site-sidebar-style":"default","ast-global-header-display":"","ast-banner-title-visibility":"","ast-main-header-display":"","ast-hfb-above-header-display":"","ast-hfb-below-header-display":"","ast-hfb-mobile-header-display":"","site-post-title":"","ast-breadcrumbs-content":"","ast-featured-img":"disabled","footer-sml-layout":"","theme-transparent-header-meta":"","adv-header-id-meta":"","stick-header-meta":"","header-above-stick-meta":"","header-main-stick-meta":"","header-below-stick-meta":"","astra-migrate-meta-layouts":"default","ast-page-background-enabled":"default","ast-page-background-meta":{"desktop":{"background-color":"","background-image":"","background-repeat":"repeat","background-position":"center center","background-size":"auto","background-attachment":"scroll","background-type":"","background-media":"","overlay-type":"","overlay-color":"","overlay-opacity":"","overlay-gradient":""},"tablet":{"background-color":"","background-image":"","background-repeat":"repeat","background-position":"center center","background-size":"auto","background-attachment":"scroll","background-type":"","background-media":"","overlay-type":"","overlay-color":"","overlay-opacity":"","overlay-gradient":""},"mobile":{"background-color":"","background-image":"","background-repeat":"repeat","background-position":"center center","background-size":"auto","background-attachment":"scroll","background-type":"","background-media":"","overlay-type":"","overlay-color":"","overlay-opacity":"","overlay-gradient":""}},"ast-content-background-meta":{"desktop":{"background-color":"var(--ast-global-color-5)","background-image":"","background-repeat":"repeat","background-position":"center center","background-size":"auto","background-attachment":"scroll","background-type":"","background-media":"","overlay-type":"","overlay-color":"","overlay-opacity":"","overlay-gradient":""},"tablet":{"background-color":"var(--ast-global-color-5)","background-image":"","background-repeat":"repeat","background-position":"center center","background-size":"auto","background-attachment":"scroll","background-type":"","background-media":"","overlay-type":"","overlay-color":"","overlay-opacity":"","overlay-gradient":""},"mobile":{"background-color":"var(--ast-global-color-5)","background-image":"","background-repeat":"repeat","background-position":"center center","background-size":"auto","background-attachment":"scroll","background-type":"","background-media":"","overlay-type":"","overlay-color":"","overlay-opacity":"","overlay-gradient":""}},"footnotes":""},"class_list":["post-2273","page","type-page","status-publish","has-post-thumbnail","hentry"],"yoast_head":"<!-- This site is optimized with the Yoast SEO plugin v25.2 - https:\/\/yoast.com\/wordpress\/plugins\/seo\/ -->\n<title>The Story of our H&amp;F<\/title>\n<meta name=\"description\" content=\"The story of the successful company Qingdao H&amp;F Manufacturing Co-operation begins from 2008, When Mrs Shirley started her journey for becoming in the field of hardware and constitution products.\" \/>\n<meta name=\"robots\" content=\"index, follow, max-snippet:-1, max-image-preview:large, max-video-preview:-1\" \/>\n<link rel=\"canonical\" href=\"https:\/\/qingdaohf.com\/et\/hf-lugu\/\" \/>\n<meta property=\"og:locale\" content=\"et_EE\" \/>\n<meta property=\"og:type\" content=\"article\" \/>\n<meta property=\"og:title\" content=\"The Story of our H&amp;F\" \/>\n<meta property=\"og:description\" content=\"The story of the successful company Qingdao H&amp;F Manufacturing Co-operation begins from 2008, When Mrs Shirley started her journey for becoming in the field of hardware and constitution products.\" \/>\n<meta property=\"og:url\" content=\"https:\/\/qingdaohf.com\/et\/hf-lugu\/\" \/>\n<meta property=\"og:site_name\" content=\"Concrete Form &amp; Rigging Hardware Supplier\" \/>\n<meta property=\"article:publisher\" content=\"https:\/\/www.facebook.com\/qingdaohf\" \/>\n<meta property=\"article:modified_time\" content=\"2023-05-16T07:19:49+00:00\" \/>\n<meta property=\"og:image\" content=\"https:\/\/qingdaohf.com\/wp-content\/uploads\/2022\/12\/cropped-LOGO.jpg\" \/>\n\t<meta property=\"og:image:width\" content=\"512\" \/>\n\t<meta property=\"og:image:height\" content=\"512\" \/>\n\t<meta property=\"og:image:type\" content=\"image\/jpeg\" \/>\n<meta name=\"twitter:card\" content=\"summary_large_image\" \/>\n<meta name=\"twitter:label1\" content=\"Est. reading time\" \/>\n\t<meta name=\"twitter:data1\" content=\"2 minutit\" \/>\n<script type=\"application\/ld+json\" class=\"yoast-schema-graph\">{\"@context\":\"https:\/\/schema.org\",\"@graph\":[{\"@type\":\"WebPage\",\"@id\":\"https:\/\/qingdaohf.com\/hf-story\/\",\"url\":\"https:\/\/qingdaohf.com\/hf-story\/\",\"name\":\"The Story of our H&F\",\"isPartOf\":{\"@id\":\"https:\/\/qingdaohf.com\/bg\/#website\"},\"primaryImageOfPage\":{\"@id\":\"https:\/\/qingdaohf.com\/hf-story\/#primaryimage\"},\"image\":{\"@id\":\"https:\/\/qingdaohf.com\/hf-story\/#primaryimage\"},\"thumbnailUrl\":\"https:\/\/qingdaohf.com\/wp-content\/uploads\/2022\/12\/cropped-LOGO.jpg\",\"datePublished\":\"2023-02-17T03:20:42+00:00\",\"dateModified\":\"2023-05-16T07:19:49+00:00\",\"description\":\"The story of the successful company Qingdao H&F Manufacturing Co-operation begins from 2008, When Mrs Shirley started her journey for becoming in the field of hardware and constitution products.\",\"breadcrumb\":{\"@id\":\"https:\/\/qingdaohf.com\/hf-story\/#breadcrumb\"},\"inLanguage\":\"et\",\"potentialAction\":[{\"@type\":\"ReadAction\",\"target\":[\"https:\/\/qingdaohf.com\/hf-story\/\"]}]},{\"@type\":\"ImageObject\",\"inLanguage\":\"et\",\"@id\":\"https:\/\/qingdaohf.com\/hf-story\/#primaryimage\",\"url\":\"https:\/\/qingdaohf.com\/wp-content\/uploads\/2022\/12\/cropped-LOGO.jpg\",\"contentUrl\":\"https:\/\/qingdaohf.com\/wp-content\/uploads\/2022\/12\/cropped-LOGO.jpg\",\"width\":512,\"height\":512},{\"@type\":\"BreadcrumbList\",\"@id\":\"https:\/\/qingdaohf.com\/hf-story\/#breadcrumb\",\"itemListElement\":[{\"@type\":\"ListItem\",\"position\":1,\"name\":\"Home\",\"item\":\"https:\/\/qingdaohf.com\/\"},{\"@type\":\"ListItem\",\"position\":2,\"name\":\"The Story of our H&#038;F\"}]},{\"@type\":\"WebSite\",\"@id\":\"https:\/\/qingdaohf.com\/bg\/#website\",\"url\":\"https:\/\/qingdaohf.com\/bg\/\",\"name\":\"Concrete Form & Rigging Hardware Supplier\",\"description\":\"\",\"publisher\":{\"@id\":\"https:\/\/qingdaohf.com\/bg\/#organization\"},\"potentialAction\":[{\"@type\":\"SearchAction\",\"target\":{\"@type\":\"EntryPoint\",\"urlTemplate\":\"https:\/\/qingdaohf.com\/bg\/?s={search_term_string}\"},\"query-input\":{\"@type\":\"PropertyValueSpecification\",\"valueRequired\":true,\"valueName\":\"search_term_string\"}}],\"inLanguage\":\"et\"},{\"@type\":\"Organization\",\"@id\":\"https:\/\/qingdaohf.com\/bg\/#organization\",\"name\":\"Qingdao H&F\",\"url\":\"https:\/\/qingdaohf.com\/bg\/\",\"logo\":{\"@type\":\"ImageObject\",\"inLanguage\":\"et\",\"@id\":\"https:\/\/qingdaohf.com\/bg\/#\/schema\/logo\/image\/\",\"url\":\"https:\/\/qingdaohf.com\/wp-content\/uploads\/2022\/12\/cropped-HF-LOGO.png\",\"contentUrl\":\"https:\/\/qingdaohf.com\/wp-content\/uploads\/2022\/12\/cropped-HF-LOGO.png\",\"width\":391,\"height\":249,\"caption\":\"Qingdao H&F\"},\"image\":{\"@id\":\"https:\/\/qingdaohf.com\/bg\/#\/schema\/logo\/image\/\"},\"sameAs\":[\"https:\/\/www.facebook.com\/qingdaohf\"]}]}<\/script>\n<!-- \/ Yoast SEO plugin. -->","yoast_head_json":{"title":"The Story of our H&F","description":"The story of the successful company Qingdao H&F Manufacturing Co-operation begins from 2008, When Mrs Shirley started her journey for becoming in the field of hardware and constitution products.","robots":{"index":"index","follow":"follow","max-snippet":"max-snippet:-1","max-image-preview":"max-image-preview:large","max-video-preview":"max-video-preview:-1"},"canonical":"https:\/\/qingdaohf.com\/et\/hf-lugu\/","og_locale":"et_EE","og_type":"article","og_title":"The Story of our H&F","og_description":"The story of the successful company Qingdao H&F Manufacturing Co-operation begins from 2008, When Mrs Shirley started her journey for becoming in the field of hardware and constitution products.","og_url":"https:\/\/qingdaohf.com\/et\/hf-lugu\/","og_site_name":"Concrete Form &amp; Rigging Hardware Supplier","article_publisher":"https:\/\/www.facebook.com\/qingdaohf","article_modified_time":"2023-05-16T07:19:49+00:00","og_image":[{"width":512,"height":512,"url":"https:\/\/qingdaohf.com\/wp-content\/uploads\/2022\/12\/cropped-LOGO.jpg","type":"image\/jpeg"}],"twitter_card":"summary_large_image","twitter_misc":{"Est. reading time":"2 minutit"},"schema":{"@context":"https:\/\/schema.org","@graph":[{"@type":"WebPage","@id":"https:\/\/qingdaohf.com\/hf-story\/","url":"https:\/\/qingdaohf.com\/hf-story\/","name":"The Story of our H&F","isPartOf":{"@id":"https:\/\/qingdaohf.com\/bg\/#website"},"primaryImageOfPage":{"@id":"https:\/\/qingdaohf.com\/hf-story\/#primaryimage"},"image":{"@id":"https:\/\/qingdaohf.com\/hf-story\/#primaryimage"},"thumbnailUrl":"https:\/\/qingdaohf.com\/wp-content\/uploads\/2022\/12\/cropped-LOGO.jpg","datePublished":"2023-02-17T03:20:42+00:00","dateModified":"2023-05-16T07:19:49+00:00","description":"The story of the successful company Qingdao H&F Manufacturing Co-operation begins from 2008, When Mrs Shirley started her journey for becoming in the field of hardware and constitution products.","breadcrumb":{"@id":"https:\/\/qingdaohf.com\/hf-story\/#breadcrumb"},"inLanguage":"et","potentialAction":[{"@type":"ReadAction","target":["https:\/\/qingdaohf.com\/hf-story\/"]}]},{"@type":"ImageObject","inLanguage":"et","@id":"https:\/\/qingdaohf.com\/hf-story\/#primaryimage","url":"https:\/\/qingdaohf.com\/wp-content\/uploads\/2022\/12\/cropped-LOGO.jpg","contentUrl":"https:\/\/qingdaohf.com\/wp-content\/uploads\/2022\/12\/cropped-LOGO.jpg","width":512,"height":512},{"@type":"BreadcrumbList","@id":"https:\/\/qingdaohf.com\/hf-story\/#breadcrumb","itemListElement":[{"@type":"ListItem","position":1,"name":"Home","item":"https:\/\/qingdaohf.com\/"},{"@type":"ListItem","position":2,"name":"The Story of our H&#038;F"}]},{"@type":"WebSite","@id":"https:\/\/qingdaohf.com\/bg\/#website","url":"https:\/\/qingdaohf.com\/bg\/","name":"Concrete Form & Rigging Hardware Supplier","description":"","publisher":{"@id":"https:\/\/qingdaohf.com\/bg\/#organization"},"potentialAction":[{"@type":"SearchAction","target":{"@type":"EntryPoint","urlTemplate":"https:\/\/qingdaohf.com\/bg\/?s={search_term_string}"},"query-input":{"@type":"PropertyValueSpecification","valueRequired":true,"valueName":"search_term_string"}}],"inLanguage":"et"},{"@type":"Organization","@id":"https:\/\/qingdaohf.com\/bg\/#organization","name":"Qingdao H&F","url":"https:\/\/qingdaohf.com\/bg\/","logo":{"@type":"ImageObject","inLanguage":"et","@id":"https:\/\/qingdaohf.com\/bg\/#\/schema\/logo\/image\/","url":"https:\/\/qingdaohf.com\/wp-content\/uploads\/2022\/12\/cropped-HF-LOGO.png","contentUrl":"https:\/\/qingdaohf.com\/wp-content\/uploads\/2022\/12\/cropped-HF-LOGO.png","width":391,"height":249,"caption":"Qingdao H&F"},"image":{"@id":"https:\/\/qingdaohf.com\/bg\/#\/schema\/logo\/image\/"},"sameAs":["https:\/\/www.facebook.com\/qingdaohf"]}]}},"_links":{"self":[{"href":"https:\/\/qingdaohf.com\/et\/wp-json\/wp\/v2\/pages\/2273","targetHints":{"allow":["GET"]}}],"collection":[{"href":"https:\/\/qingdaohf.com\/et\/wp-json\/wp\/v2\/pages"}],"about":[{"href":"https:\/\/qingdaohf.com\/et\/wp-json\/wp\/v2\/types\/page"}],"author":[{"embeddable":true,"href":"https:\/\/qingdaohf.com\/et\/wp-json\/wp\/v2\/users\/1"}],"replies":[{"embeddable":true,"href":"https:\/\/qingdaohf.com\/et\/wp-json\/wp\/v2\/comments?post=2273"}],"version-history":[{"count":2,"href":"https:\/\/qingdaohf.com\/et\/wp-json\/wp\/v2\/pages\/2273\/revisions"}],"predecessor-version":[{"id":2303,"href":"https:\/\/qingdaohf.com\/et\/wp-json\/wp\/v2\/pages\/2273\/revisions\/2303"}],"wp:featuredmedia":[{"embeddable":true,"href":"https:\/\/qingdaohf.com\/et\/wp-json\/wp\/v2\/media\/986"}],"wp:attachment":[{"href":"https:\/\/qingdaohf.com\/et\/wp-json\/wp\/v2\/media?parent=2273"}],"curies":[{"name":"wp","href":"https:\/\/api.w.org\/{rel}","templated":true}]}}