{"id":1664,"date":"2023-01-11T17:57:31","date_gmt":"2023-01-11T09:57:31","guid":{"rendered":"http:\/\/qingdaohf.com\/?post_type=product&#038;p=1664"},"modified":"2025-11-13T09:06:58","modified_gmt":"2025-11-13T01:06:58","slug":"coil-nails","status":"publish","type":"product","link":"https:\/\/qingdaohf.com\/et\/toode\/spiraalkuuned\/","title":{"rendered":"\u00dcmmargune pea tsingitud spiraal katusekatuse naelad"},"content":{"rendered":"<table class=\"all magic-5\">\n<tbody>\n<tr>\n<td colspan=\"2\" rowspan=\"1\">\n<div class=\"magic-6\"><span class=\"magic-7\"><b class=\"magic-8\" data-spm-anchor-id=\"a2700.pc-decorate.0.i105.54f63333wFyEq8\">Toote nimi<\/b><\/span><\/div>\n<\/td>\n<td colspan=\"3\" rowspan=\"1\">\n<div class=\"magic-11\"><span class=\"magic-7\">CRN spiraal katuse naelad<\/span><\/div>\n<\/td>\n<\/tr>\n<tr>\n<td colspan=\"2\" rowspan=\"1\">\n<div class=\"magic-14\"><span class=\"magic-7\"><b data-spm-anchor-id=\"a2700.pc-decorate.0.i126.5c413333tS4c02\">Pikkus<\/b><\/span><\/div>\n<\/td>\n<td colspan=\"3\" rowspan=\"1\">\n<div class=\"magic-16\"><span class=\"magic-7\">3\/4\" kuni 2<\/span><\/div>\n<\/td>\n<\/tr>\n<tr>\n<td colspan=\"2\" rowspan=\"1\">\n<div class=\"magic-14\"><span class=\"magic-7\"><b>Varre l\u00e4bim\u00f5\u00f5t<\/b><\/span><\/div>\n<\/td>\n<td colspan=\"3\" rowspan=\"1\">\n<div class=\"magic-16\"><span class=\"magic-7\">2.95mm-3.05mm 0.12\u2033<\/span><\/div>\n<\/td>\n<\/tr>\n<tr>\n<td colspan=\"2\" rowspan=\"1\">\n<div class=\"magic-6\"><span class=\"magic-7\"><b data-spm-anchor-id=\"a2700.pc-decorate.0.i130.5c413333tS4c02\">Materjal\u00a0<\/b><\/span><\/div>\n<\/td>\n<td colspan=\"3\" rowspan=\"1\">\n<div class=\"magic-11\"><span class=\"magic-7\">Q195 terasest valtstraat<\/span><\/div>\n<\/td>\n<\/tr>\n<tr>\n<td colspan=\"2\" rowspan=\"1\">\n<div class=\"magic-14\"><span class=\"magic-7\"><b>Punkt<\/b><\/span><\/div>\n<\/td>\n<td colspan=\"3\" rowspan=\"1\">\n<div class=\"magic-16\"><span class=\"magic-7\">teemantpunkt<\/span><\/div>\n<\/td>\n<\/tr>\n<tr>\n<td colspan=\"2\" rowspan=\"1\">\n<div class=\"magic-14\"><span class=\"magic-7\"><b>Pinnat\u00f6\u00f6tlus<\/b><\/span><\/div>\n<\/td>\n<td colspan=\"3\" rowspan=\"1\">\n<div class=\"magic-16\"><span class=\"magic-7\">elektrotsingitud, kuumtsingitud<\/span><\/div>\n<\/td>\n<\/tr>\n<tr>\n<td colspan=\"2\" rowspan=\"1\">\n<div class=\"magic-14\"><span class=\"magic-7\"><b>V\u00f5lli t\u00fc\u00fcp<\/b><\/span><\/div>\n<\/td>\n<td colspan=\"3\" rowspan=\"1\">\n<div class=\"magic-16\" data-spm-anchor-id=\"a2700.details.0.i88.15e27bf9PjMKFX\"><span class=\"magic-7\">sileda varrega, ringvarrega<\/span><\/div>\n<\/td>\n<\/tr>\n<tr>\n<td colspan=\"2\" rowspan=\"1\">\n<div class=\"magic-14\"><b><span class=\"magic-7\">Pakett<\/span><\/b><\/div>\n<\/td>\n<td colspan=\"3\" rowspan=\"1\">\n<div class=\"magic-16\" data-spm-anchor-id=\"a2700.details.0.i93.15e27bf9PjMKFX\"><span class=\"magic-7\">120 tk\/rull, 60 rulli\/kartongi kohta<\/span><\/div>\n<\/td>\n<\/tr>\n<\/tbody>\n<\/table>\n<p>\u00dcmmargune pea: naelad on \u00fcmmarguse peaga, mis tagab parema pidamise ja takistab naelade l\u00e4bit\u00f5mbumist katusmaterjalidest.<\/p>\n<p>Tsingitud: K\u00fc\u00fcned on kaetud tsingikihiga, mis kaitseb neid korrosiooni ja rooste eest, mist\u00f5ttu on need v\u00e4ga vastupidavad ja sobivad v\u00e4litingimustes kasutamiseks.<\/p>\n<p>M\u00e4hise vorm: See v\u00f5imaldab lihtsamat ja t\u00f5husamat k\u00e4sitsemist, v\u00e4hendades vajadust sagedaste \u00fcmberlaadimiste j\u00e4rele katusekatuste tegemisel.<\/p>\n<p>Mitmes suuruses: Teie tootevalik sisaldab t\u00f5en\u00e4oliselt eri pikkuste ja m\u00f5\u00f5tmetega katusekatten\u00f5elu, mis sobivad erinevate katusekattematerjalide ja projektin\u00f5uetega.<\/p>\n<p>Kvaliteetsed materjalid: Katusek\u00fc\u00fcnte valmistatakse kvaliteetsetest materjalidest, mis tagavad nende t\u00f6\u00f6kindluse ja pikaajalise toimimise.<\/p>\n<p><img fetchpriority=\"high\" decoding=\"async\" class=\"alignnone size-full wp-image-2811\" src=\"http:\/\/qingdaohf.com\/wp-content\/uploads\/2023\/01\/coil-nail-9.jpg\" alt=\"spiraalne nael\" width=\"1200\" height=\"1164\" srcset=\"https:\/\/qingdaohf.com\/wp-content\/uploads\/2023\/01\/coil-nail-9.jpg 1200w, https:\/\/qingdaohf.com\/wp-content\/uploads\/2023\/01\/coil-nail-9-300x291.jpg 300w, https:\/\/qingdaohf.com\/wp-content\/uploads\/2023\/01\/coil-nail-9-1024x993.jpg 1024w, https:\/\/qingdaohf.com\/wp-content\/uploads\/2023\/01\/coil-nail-9-768x745.jpg 768w, https:\/\/qingdaohf.com\/wp-content\/uploads\/2023\/01\/coil-nail-9-1000x970.jpg 1000w\" sizes=\"(max-width: 1200px) 100vw, 1200px\" \/><\/p>\n<p>Meie eelised:<\/p>\n<p>Kogemus ja pikaealisus: 20-aastase t\u00f6\u00f6stuskogemusega on teie ettev\u00f5te saavutanud tugeva maine ja m\u00f5istab p\u00f5hjalikult klientide vajadusi ja eelistusi. See kogemus v\u00e4ljendub paremas tootekvaliteedis ja klienditeeninduses.<\/p>\n<p>P\u00f5hjalikud teenused: Teie ettev\u00f5te pakub k\u00f5ikeh\u00f5lmavaid teenuseid, sealhulgas tootmist, turustamist ja hulgim\u00fc\u00fcki, mis tagab teie klientidele mugavuse ja t\u00f5hususe.<\/p>\n<p>\u00dcks-\u00fchele klienditeenindus: Teie r\u00f5huasetus \u00fcks-\u00fchele klienditeenindusele eristab teid konkurentidest. Selline personaalne l\u00e4henemine v\u00f5imaldab teil paremini m\u00f5ista oma klientide vajadusi ja pakkuda neile kohandatud lahendusi.<\/p>\n<p>Parim m\u00fc\u00fcgij\u00e4rgne teenindus: Teie ettev\u00f5te tagab, et kliendid saavad abi, tuge ja lahendusi ka p\u00e4rast ostu sooritamist. Selline p\u00fchendumine klientide rahulolule soodustab lojaalsust ja usaldust.<\/p>\n<p>Konkurentsiv\u00f5imeline hinnakujundus: Teie ettev\u00f5te p\u00fc\u00fcab toote kvaliteeti s\u00e4ilitades j\u00e4tta ostjatele rohkem kasumimarginaali. Selline konkurentsiv\u00f5imelise hinnakujunduse strateegia meeldib kuluteadlikele klientidele, ilma et see kahjustaks teie toodete kvaliteeti.<\/p>\n<p>Katusekatuse naelade ekspertiis: Spetsialiseerumine \u00fcmmarguse peaga tsingitud spiraal-katusek\u00fc\u00fcnte n\u00e4itab teie ettev\u00f5tte asjatundlikkust selles spetsiifilises tootenurgas. Kliendid usaldavad t\u00f5en\u00e4olisemalt tarnijat, kellel on selle valdkonna teadmised ja kogemused.<\/p>\n<p>Kvaliteetne tsingitud kate: See tagab, et teie tooted peavad vastu karmidele ilmastikutingimustele ja pikaajalisele kokkupuutele ilmastikuga.<\/p>\n<div class=\"ast-oembed-container\" style=\"height: 100%;\"><iframe title=\"traat naelad 1-1\/4 in. sileda galvaniseeritud spiraal katuse katuse naelad\" width=\"500\" height=\"375\" src=\"https:\/\/www.youtube.com\/embed\/47fOopwDCJY?feature=oembed\" frameborder=\"0\" allow=\"accelerometer; autoplay; clipboard-write; encrypted-media; gyroscope; picture-in-picture; web-share\" referrerpolicy=\"strict-origin-when-cross-origin\" allowfullscreen><\/iframe><\/div>","protected":false},"excerpt":{"rendered":"<p>Need spiraalnaelad on ideaalsed k\u00f5ikideks raami- ja vooderdusrakendusteks. Kvaliteetsed tootmisprotsessid tagavad n\u00f5uetekohase s\u00f6\u00f6tmise.<\/p>\n<p>3\/4\u2033-2\u2033 \u00fcmmarguse peaga tsingitud katuse naelad.<\/p>","protected":false},"featured_media":2504,"comment_status":"open","ping_status":"closed","template":"","meta":{"site-sidebar-layout":"default","site-content-layout":"default","ast-site-content-layout":"default","site-content-style":"default","site-sidebar-style":"default","ast-global-header-display":"","ast-banner-title-visibility":"","ast-main-header-display":"","ast-hfb-above-header-display":"","ast-hfb-below-header-display":"","ast-hfb-mobile-header-display":"","site-post-title":"","ast-breadcrumbs-content":"","ast-featured-img":"","footer-sml-layout":"","theme-transparent-header-meta":"default","adv-header-id-meta":"","stick-header-meta":"default","header-above-stick-meta":"","header-main-stick-meta":"","header-below-stick-meta":"","astra-migrate-meta-layouts":"set","ast-page-background-enabled":"default","ast-page-background-meta":{"desktop":{"background-color":"","background-image":"","background-repeat":"repeat","background-position":"center center","background-size":"auto","background-attachment":"scroll","background-type":"","background-media":"","overlay-type":"","overlay-color":"","overlay-opacity":"","overlay-gradient":""},"tablet":{"background-color":"","background-image":"","background-repeat":"repeat","background-position":"center center","background-size":"auto","background-attachment":"scroll","background-type":"","background-media":"","overlay-type":"","overlay-color":"","overlay-opacity":"","overlay-gradient":""},"mobile":{"background-color":"","background-image":"","background-repeat":"repeat","background-position":"center center","background-size":"auto","background-attachment":"scroll","background-type":"","background-media":"","overlay-type":"","overlay-color":"","overlay-opacity":"","overlay-gradient":""}},"ast-content-background-meta":{"desktop":{"background-color":"var(--ast-global-color-5)","background-image":"","background-repeat":"repeat","background-position":"center center","background-size":"auto","background-attachment":"scroll","background-type":"","background-media":"","overlay-type":"","overlay-color":"","overlay-opacity":"","overlay-gradient":""},"tablet":{"background-color":"var(--ast-global-color-5)","background-image":"","background-repeat":"repeat","background-position":"center center","background-size":"auto","background-attachment":"scroll","background-type":"","background-media":"","overlay-type":"","overlay-color":"","overlay-opacity":"","overlay-gradient":""},"mobile":{"background-color":"var(--ast-global-color-5)","background-image":"","background-repeat":"repeat","background-position":"center center","background-size":"auto","background-attachment":"scroll","background-type":"","background-media":"","overlay-type":"","overlay-color":"","overlay-opacity":"","overlay-gradient":""}}},"product_brand":[],"product_cat":[34],"product_tag":[],"class_list":{"0":"post-1664","1":"product","2":"type-product","3":"status-publish","4":"has-post-thumbnail","6":"product_cat-nail","7":"desktop-align-left","8":"tablet-align-left","9":"mobile-align-left","10":"ast-product-gallery-layout-horizontal-slider","11":"ast-product-tabs-layout-horizontal","13":"first","14":"instock","15":"shipping-taxable","16":"purchasable","17":"product-type-simple"},"yoast_head":"<!-- This site is optimized with the Yoast SEO plugin v25.2 - https:\/\/yoast.com\/wordpress\/plugins\/seo\/ -->\n<title>Round Head Galvanized Coil Roofing Nails<\/title>\n<meta name=\"description\" content=\"These Coil Framing nails are ideal for all Framing and sheathing applications. Quality manufacturing processes ensure proper feeding.\" \/>\n<meta name=\"robots\" content=\"index, follow, max-snippet:-1, max-image-preview:large, max-video-preview:-1\" \/>\n<link rel=\"canonical\" href=\"https:\/\/qingdaohf.com\/et\/toode\/spiraalkuuned\/\" \/>\n<meta property=\"og:locale\" content=\"et_EE\" \/>\n<meta property=\"og:type\" content=\"article\" \/>\n<meta property=\"og:title\" content=\"Round Head Galvanized Coil Roofing Nails\" \/>\n<meta property=\"og:description\" content=\"These Coil Framing nails are ideal for all Framing and sheathing applications. Quality manufacturing processes ensure proper feeding.\" \/>\n<meta property=\"og:url\" content=\"https:\/\/qingdaohf.com\/et\/toode\/spiraalkuuned\/\" \/>\n<meta property=\"og:site_name\" content=\"Concrete Form &amp; Rigging Hardware Supplier\" \/>\n<meta property=\"article:publisher\" content=\"https:\/\/www.facebook.com\/qingdaohf\" \/>\n<meta property=\"article:modified_time\" content=\"2025-11-13T01:06:58+00:00\" \/>\n<meta property=\"og:image\" content=\"https:\/\/qingdaohf.com\/wp-content\/uploads\/2023\/01\/coil-nail-6.jpg\" \/>\n\t<meta property=\"og:image:width\" content=\"1000\" \/>\n\t<meta property=\"og:image:height\" content=\"1000\" \/>\n\t<meta property=\"og:image:type\" content=\"image\/jpeg\" \/>\n<meta name=\"twitter:card\" content=\"summary_large_image\" \/>\n<meta name=\"twitter:label1\" content=\"Est. reading time\" \/>\n\t<meta name=\"twitter:data1\" content=\"2 minutit\" \/>\n<script type=\"application\/ld+json\" class=\"yoast-schema-graph\">{\"@context\":\"https:\/\/schema.org\",\"@graph\":[{\"@type\":\"WebPage\",\"@id\":\"https:\/\/qingdaohf.com\/product\/coil-nails\/\",\"url\":\"https:\/\/qingdaohf.com\/product\/coil-nails\/\",\"name\":\"Round Head Galvanized Coil Roofing Nails\",\"isPartOf\":{\"@id\":\"https:\/\/qingdaohf.com\/bg\/#website\"},\"primaryImageOfPage\":{\"@id\":\"https:\/\/qingdaohf.com\/product\/coil-nails\/#primaryimage\"},\"image\":{\"@id\":\"https:\/\/qingdaohf.com\/product\/coil-nails\/#primaryimage\"},\"thumbnailUrl\":\"https:\/\/qingdaohf.com\/wp-content\/uploads\/2023\/01\/coil-nail-6.jpg\",\"datePublished\":\"2023-01-11T09:57:31+00:00\",\"dateModified\":\"2025-11-13T01:06:58+00:00\",\"description\":\"These Coil Framing nails are ideal for all Framing and sheathing applications. Quality manufacturing processes ensure proper feeding.\",\"breadcrumb\":{\"@id\":\"https:\/\/qingdaohf.com\/product\/coil-nails\/#breadcrumb\"},\"inLanguage\":\"et\",\"potentialAction\":[{\"@type\":\"ReadAction\",\"target\":[\"https:\/\/qingdaohf.com\/product\/coil-nails\/\"]}]},{\"@type\":\"ImageObject\",\"inLanguage\":\"et\",\"@id\":\"https:\/\/qingdaohf.com\/product\/coil-nails\/#primaryimage\",\"url\":\"https:\/\/qingdaohf.com\/wp-content\/uploads\/2023\/01\/coil-nail-6.jpg\",\"contentUrl\":\"https:\/\/qingdaohf.com\/wp-content\/uploads\/2023\/01\/coil-nail-6.jpg\",\"width\":1000,\"height\":1000,\"caption\":\"coil nail\"},{\"@type\":\"BreadcrumbList\",\"@id\":\"https:\/\/qingdaohf.com\/product\/coil-nails\/#breadcrumb\",\"itemListElement\":[{\"@type\":\"ListItem\",\"position\":1,\"name\":\"Home\",\"item\":\"https:\/\/qingdaohf.com\/\"},{\"@type\":\"ListItem\",\"position\":2,\"name\":\"Concrete Forming Accessories and Rigging Hardware\",\"item\":\"https:\/\/qingdaohf.com\/bg\/?page_id=944\"},{\"@type\":\"ListItem\",\"position\":3,\"name\":\"Round Head Galvanized Coil Roofing Nails\"}]},{\"@type\":\"WebSite\",\"@id\":\"https:\/\/qingdaohf.com\/bg\/#website\",\"url\":\"https:\/\/qingdaohf.com\/bg\/\",\"name\":\"Concrete Form & Rigging Hardware Supplier\",\"description\":\"\",\"publisher\":{\"@id\":\"https:\/\/qingdaohf.com\/bg\/#organization\"},\"potentialAction\":[{\"@type\":\"SearchAction\",\"target\":{\"@type\":\"EntryPoint\",\"urlTemplate\":\"https:\/\/qingdaohf.com\/bg\/?s={search_term_string}\"},\"query-input\":{\"@type\":\"PropertyValueSpecification\",\"valueRequired\":true,\"valueName\":\"search_term_string\"}}],\"inLanguage\":\"et\"},{\"@type\":\"Organization\",\"@id\":\"https:\/\/qingdaohf.com\/bg\/#organization\",\"name\":\"Qingdao H&F\",\"url\":\"https:\/\/qingdaohf.com\/bg\/\",\"logo\":{\"@type\":\"ImageObject\",\"inLanguage\":\"et\",\"@id\":\"https:\/\/qingdaohf.com\/bg\/#\/schema\/logo\/image\/\",\"url\":\"https:\/\/qingdaohf.com\/wp-content\/uploads\/2022\/12\/cropped-HF-LOGO.png\",\"contentUrl\":\"https:\/\/qingdaohf.com\/wp-content\/uploads\/2022\/12\/cropped-HF-LOGO.png\",\"width\":391,\"height\":249,\"caption\":\"Qingdao H&F\"},\"image\":{\"@id\":\"https:\/\/qingdaohf.com\/bg\/#\/schema\/logo\/image\/\"},\"sameAs\":[\"https:\/\/www.facebook.com\/qingdaohf\"]}]}<\/script>\n<!-- \/ Yoast SEO plugin. -->","yoast_head_json":{"title":"Round Head Galvanized Coil Roofing Nails","description":"These Coil Framing nails are ideal for all Framing and sheathing applications. Quality manufacturing processes ensure proper feeding.","robots":{"index":"index","follow":"follow","max-snippet":"max-snippet:-1","max-image-preview":"max-image-preview:large","max-video-preview":"max-video-preview:-1"},"canonical":"https:\/\/qingdaohf.com\/et\/toode\/spiraalkuuned\/","og_locale":"et_EE","og_type":"article","og_title":"Round Head Galvanized Coil Roofing Nails","og_description":"These Coil Framing nails are ideal for all Framing and sheathing applications. Quality manufacturing processes ensure proper feeding.","og_url":"https:\/\/qingdaohf.com\/et\/toode\/spiraalkuuned\/","og_site_name":"Concrete Form &amp; Rigging Hardware Supplier","article_publisher":"https:\/\/www.facebook.com\/qingdaohf","article_modified_time":"2025-11-13T01:06:58+00:00","og_image":[{"width":1000,"height":1000,"url":"https:\/\/qingdaohf.com\/wp-content\/uploads\/2023\/01\/coil-nail-6.jpg","type":"image\/jpeg"}],"twitter_card":"summary_large_image","twitter_misc":{"Est. reading time":"2 minutit"},"schema":{"@context":"https:\/\/schema.org","@graph":[{"@type":"WebPage","@id":"https:\/\/qingdaohf.com\/product\/coil-nails\/","url":"https:\/\/qingdaohf.com\/product\/coil-nails\/","name":"Round Head Galvanized Coil Roofing Nails","isPartOf":{"@id":"https:\/\/qingdaohf.com\/bg\/#website"},"primaryImageOfPage":{"@id":"https:\/\/qingdaohf.com\/product\/coil-nails\/#primaryimage"},"image":{"@id":"https:\/\/qingdaohf.com\/product\/coil-nails\/#primaryimage"},"thumbnailUrl":"https:\/\/qingdaohf.com\/wp-content\/uploads\/2023\/01\/coil-nail-6.jpg","datePublished":"2023-01-11T09:57:31+00:00","dateModified":"2025-11-13T01:06:58+00:00","description":"These Coil Framing nails are ideal for all Framing and sheathing applications. Quality manufacturing processes ensure proper feeding.","breadcrumb":{"@id":"https:\/\/qingdaohf.com\/product\/coil-nails\/#breadcrumb"},"inLanguage":"et","potentialAction":[{"@type":"ReadAction","target":["https:\/\/qingdaohf.com\/product\/coil-nails\/"]}]},{"@type":"ImageObject","inLanguage":"et","@id":"https:\/\/qingdaohf.com\/product\/coil-nails\/#primaryimage","url":"https:\/\/qingdaohf.com\/wp-content\/uploads\/2023\/01\/coil-nail-6.jpg","contentUrl":"https:\/\/qingdaohf.com\/wp-content\/uploads\/2023\/01\/coil-nail-6.jpg","width":1000,"height":1000,"caption":"coil nail"},{"@type":"BreadcrumbList","@id":"https:\/\/qingdaohf.com\/product\/coil-nails\/#breadcrumb","itemListElement":[{"@type":"ListItem","position":1,"name":"Home","item":"https:\/\/qingdaohf.com\/"},{"@type":"ListItem","position":2,"name":"Concrete Forming Accessories and Rigging Hardware","item":"https:\/\/qingdaohf.com\/bg\/?page_id=944"},{"@type":"ListItem","position":3,"name":"Round Head Galvanized Coil Roofing Nails"}]},{"@type":"WebSite","@id":"https:\/\/qingdaohf.com\/bg\/#website","url":"https:\/\/qingdaohf.com\/bg\/","name":"Concrete Form & Rigging Hardware Supplier","description":"","publisher":{"@id":"https:\/\/qingdaohf.com\/bg\/#organization"},"potentialAction":[{"@type":"SearchAction","target":{"@type":"EntryPoint","urlTemplate":"https:\/\/qingdaohf.com\/bg\/?s={search_term_string}"},"query-input":{"@type":"PropertyValueSpecification","valueRequired":true,"valueName":"search_term_string"}}],"inLanguage":"et"},{"@type":"Organization","@id":"https:\/\/qingdaohf.com\/bg\/#organization","name":"Qingdao H&F","url":"https:\/\/qingdaohf.com\/bg\/","logo":{"@type":"ImageObject","inLanguage":"et","@id":"https:\/\/qingdaohf.com\/bg\/#\/schema\/logo\/image\/","url":"https:\/\/qingdaohf.com\/wp-content\/uploads\/2022\/12\/cropped-HF-LOGO.png","contentUrl":"https:\/\/qingdaohf.com\/wp-content\/uploads\/2022\/12\/cropped-HF-LOGO.png","width":391,"height":249,"caption":"Qingdao H&F"},"image":{"@id":"https:\/\/qingdaohf.com\/bg\/#\/schema\/logo\/image\/"},"sameAs":["https:\/\/www.facebook.com\/qingdaohf"]}]}},"_links":{"self":[{"href":"https:\/\/qingdaohf.com\/et\/wp-json\/wp\/v2\/product\/1664","targetHints":{"allow":["GET"]}}],"collection":[{"href":"https:\/\/qingdaohf.com\/et\/wp-json\/wp\/v2\/product"}],"about":[{"href":"https:\/\/qingdaohf.com\/et\/wp-json\/wp\/v2\/types\/product"}],"replies":[{"embeddable":true,"href":"https:\/\/qingdaohf.com\/et\/wp-json\/wp\/v2\/comments?post=1664"}],"version-history":[{"count":5,"href":"https:\/\/qingdaohf.com\/et\/wp-json\/wp\/v2\/product\/1664\/revisions"}],"predecessor-version":[{"id":6011,"href":"https:\/\/qingdaohf.com\/et\/wp-json\/wp\/v2\/product\/1664\/revisions\/6011"}],"wp:featuredmedia":[{"embeddable":true,"href":"https:\/\/qingdaohf.com\/et\/wp-json\/wp\/v2\/media\/2504"}],"wp:attachment":[{"href":"https:\/\/qingdaohf.com\/et\/wp-json\/wp\/v2\/media?parent=1664"}],"wp:term":[{"taxonomy":"product_brand","embeddable":true,"href":"https:\/\/qingdaohf.com\/et\/wp-json\/wp\/v2\/product_brand?post=1664"},{"taxonomy":"product_cat","embeddable":true,"href":"https:\/\/qingdaohf.com\/et\/wp-json\/wp\/v2\/product_cat?post=1664"},{"taxonomy":"product_tag","embeddable":true,"href":"https:\/\/qingdaohf.com\/et\/wp-json\/wp\/v2\/product_tag?post=1664"}],"curies":[{"name":"wp","href":"https:\/\/api.w.org\/{rel}","templated":true}]}}