{"id":1729,"date":"2024-06-28T17:07:41","date_gmt":"2024-06-28T09:07:41","guid":{"rendered":"http:\/\/qingdaohf.com\/?post_type=product&#038;p=1729"},"modified":"2025-11-13T09:03:14","modified_gmt":"2025-11-13T01:03:14","slug":"turnbuckle-form-aligner","status":"publish","type":"product","link":"https:\/\/qingdaohf.com\/et\/toode\/pooranguvormi-joondaja\/","title":{"rendered":"Reguleeritav betoonvormi trakside p\u00f6\u00f6ranguvormi joondaja"},"content":{"rendered":"<h3>Sissejuhatus Turnbuckle Form Aligner'ile<\/h3>\n<p>Turnbuckle Form Aligner on ehitust\u00f6\u00f6stuses oluline t\u00f6\u00f6riist, mis on m\u00f5eldud betoonvormide t\u00e4pse joondamise tagamiseks. See toode on saadaval kahes peamises variandis: Lame plaat ja painutatud plaat. M\u00f5lemad variandid t\u00e4idavad konkreetseid eesm\u00e4rke, rahuldades erinevaid ehitusvajadusi. Turnbuckle Form Aligneri tavap\u00e4raste m\u00f5\u00f5tmete ja rakenduste m\u00f5istmine on oluline, et optimeerida selle kasutamist betooniprojektides.<\/p>\n<div class=\"ast-oembed-container\" style=\"height: 100%;\"><iframe title=\"Betoonist p\u00f6\u00f6ranguvormi joondaja\" width=\"500\" height=\"281\" src=\"https:\/\/www.youtube.com\/embed\/1guP_DQRF1o?feature=oembed\" frameborder=\"0\" allow=\"accelerometer; autoplay; clipboard-write; encrypted-media; gyroscope; picture-in-picture; web-share\" referrerpolicy=\"strict-origin-when-cross-origin\" allowfullscreen><\/iframe><\/div>\n<h3>Turnbuckle Form Aligneri tavalised suurused<\/h3>\n<p>Turnbuckle Form Aligners on saadaval mitmes suuruses, et vastata erinevatele n\u00f5uetele.<\/p>\n<p>The <strong>Lame plaat<\/strong> variant on tavaliselt saadaval pikkusega 24 tolli kuni 72 tolli, pakkudes paindlikkust erinevate projektim\u00f5\u00f5tmete jaoks.<\/p>\n<p><img decoding=\"async\" class=\"alignnone size-full wp-image-5675\" src=\"http:\/\/qingdaohf.com\/wp-content\/uploads\/2023\/01\/turnbuckle-form-aligner-1.webp\" alt=\"Flat Plate turnbuckle\" width=\"345\" height=\"62\" srcset=\"https:\/\/qingdaohf.com\/wp-content\/uploads\/2023\/01\/turnbuckle-form-aligner-1.webp 345w, https:\/\/qingdaohf.com\/wp-content\/uploads\/2023\/01\/turnbuckle-form-aligner-1-300x54.webp 300w\" sizes=\"(max-width: 345px) 100vw, 345px\" \/><\/p>\n<p>The <strong>Painutatud plaat<\/strong> variant, mis on m\u00f5eldud keerulisemate joonduste jaoks, on samuti sarnastes m\u00f5\u00f5tudes, kuid sisaldab nurki ja k\u00f5verusi, et sobida konkreetsete arhitektuursete kujunduste jaoks. Need variatsioonid tagavad, et ehitusprofessionaalid leiavad oma konkreetsete vajaduste jaoks \u00f5ige joondusseadme, mis suurendab nende t\u00f6\u00f6 t\u00f5husust ja t\u00e4psust.<\/p>\n<p><img decoding=\"async\" class=\"alignnone size-full wp-image-5676\" src=\"http:\/\/qingdaohf.com\/wp-content\/uploads\/2023\/01\/turnbuckle-form-aligner-2.webp\" alt=\"Painutatud plaadi p\u00f6\u00f6rmepael\" width=\"347\" height=\"51\" srcset=\"https:\/\/qingdaohf.com\/wp-content\/uploads\/2023\/01\/turnbuckle-form-aligner-2.webp 347w, https:\/\/qingdaohf.com\/wp-content\/uploads\/2023\/01\/turnbuckle-form-aligner-2-300x44.webp 300w\" sizes=\"(max-width: 347px) 100vw, 347px\" \/><\/p>\n<h4>Kasutamine betoonehituses<\/h4>\n<p>Turnbuckle Form Aligneri peamine kasutusala on betoonehituses, kus see m\u00e4ngib olulist rolli vormide joondamisel ja stabiliseerimisel. \u00d5ige joondamine on oluline betoonvormide struktuurilise terviklikkuse tagamiseks, mis omakorda m\u00f5jutab l\u00f5pliku konstruktsiooni kvaliteeti ja ohutust. Turnbuckle Form Aligner aitab s\u00e4ilitada betooni valamise ja k\u00f5venemise ajal vormide \u00f5iget asendit, v\u00e4ltides nihkeid ja tagades, et vormid hoiavad soovitud kuju. Selline t\u00e4psus on eriti oluline suuremahuliste projektide puhul, kus isegi v\u00e4ikesed k\u00f5rvalekalded v\u00f5ivad p\u00f5hjustada m\u00e4rkimisv\u00e4\u00e4rseid struktuuriprobleeme.<\/p>\n<p>Turnbuckle Form Aligners'i kasutatakse betoonehituses erinevat t\u00fc\u00fcpi projektides, sealhulgas \u00e4rihoonetes, elamukompleksides ja infrastruktuuri arendustes. Tagades t\u00e4pse vormide joondamise, aitavad need t\u00f6\u00f6riistad kaasa ehituse \u00fcldisele vastupidavusele ja esteetilisele kvaliteedile, muutes need t\u00f6\u00f6stuses asendamatuks.<\/p>\n<p><img fetchpriority=\"high\" decoding=\"async\" class=\"alignnone size-full wp-image-6097\" src=\"http:\/\/qingdaohf.com\/wp-content\/uploads\/2023\/11\/turnbuckle-form-aligner.webp\" alt=\"p\u00f6\u00f6ranguvormi joondaja\" width=\"1000\" height=\"1000\" srcset=\"https:\/\/qingdaohf.com\/wp-content\/uploads\/2023\/11\/turnbuckle-form-aligner.webp 1000w, https:\/\/qingdaohf.com\/wp-content\/uploads\/2023\/11\/turnbuckle-form-aligner-300x300.webp 300w, https:\/\/qingdaohf.com\/wp-content\/uploads\/2023\/11\/turnbuckle-form-aligner-150x150.webp 150w, https:\/\/qingdaohf.com\/wp-content\/uploads\/2023\/11\/turnbuckle-form-aligner-768x768.webp 768w, https:\/\/qingdaohf.com\/wp-content\/uploads\/2023\/11\/turnbuckle-form-aligner-500x500.webp 500w, https:\/\/qingdaohf.com\/wp-content\/uploads\/2023\/11\/turnbuckle-form-aligner-100x100.webp 100w\" sizes=\"(max-width: 1000px) 100vw, 1000px\" \/><\/p>\n<h3>Transport ja pakendamine<\/h3>\n<p>B2B-kaubandusettev\u00f5ttena m\u00f5istame, kui oluline on ehitust\u00f6\u00f6riistade, nagu Turnbuckle Form Aligner, usaldusv\u00e4\u00e4rne transport ja turvaline pakendamine. Meie tooted on hoolikalt pakendatud, et v\u00e4ltida kahjustusi transpordi ajal, tagades, et need j\u00f5uavad kohale ideaalses seisukorras. Iga joondusseade on pakitud kaitsematerjalidesse ja paigutatud tugevatesse kastidesse, mis on seej\u00e4rel pitseeritud ja m\u00e4rgistatud, et neid oleks lihtne identifitseerida.<\/p>\n<p>Pakume erinevaid tarnev\u00f5imalusi, et rahuldada meie klientide vajadusi, alates tavalisest maapealsest saatmisest kuni kiirendatud kohaletoimetamiseni. Meie logistikameeskond teeb tihedat koost\u00f6\u00f6d usaldusv\u00e4\u00e4rsete vedajatega, et tagada \u00f5igeaegne ja t\u00f5hus tarne, olenemata sihtkohast. Seades prioriteediks meie toodete ohutu ja kiire transpordi, aitame oma klientidel hoida oma ehitusprojekte graafikus.<\/p>\n<p><img loading=\"lazy\" decoding=\"async\" class=\"alignnone size-full wp-image-7540\" src=\"http:\/\/qingdaohf.com\/wp-content\/uploads\/2024\/06\/concrete-turnbuckle.webp\" alt=\"betoonist p\u00f6\u00f6rang\" width=\"1707\" height=\"1280\" srcset=\"https:\/\/qingdaohf.com\/wp-content\/uploads\/2024\/06\/concrete-turnbuckle.webp 1707w, https:\/\/qingdaohf.com\/wp-content\/uploads\/2024\/06\/concrete-turnbuckle-300x225.webp 300w, https:\/\/qingdaohf.com\/wp-content\/uploads\/2024\/06\/concrete-turnbuckle-1024x768.webp 1024w, https:\/\/qingdaohf.com\/wp-content\/uploads\/2024\/06\/concrete-turnbuckle-768x576.webp 768w, https:\/\/qingdaohf.com\/wp-content\/uploads\/2024\/06\/concrete-turnbuckle-1536x1152.webp 1536w, https:\/\/qingdaohf.com\/wp-content\/uploads\/2024\/06\/concrete-turnbuckle-16x12.webp 16w, https:\/\/qingdaohf.com\/wp-content\/uploads\/2024\/06\/concrete-turnbuckle-1000x750.webp 1000w\" sizes=\"(max-width: 1707px) 100vw, 1707px\" \/><\/p>\n<h3>Kokkuv\u00f5te<\/h3>\n<p>Turnbuckle Form Aligner on ehitust\u00f6\u00f6stuses h\u00e4davajalik t\u00f6\u00f6riist, mis on saadaval nii lamedate kui ka painutatud plaatide variandina. See t\u00f6\u00f6riist, millel on oluline roll betoonvormide joondamisel ja stabiliseerimisel, tagab t\u00e4psuse ja stabiilsuse erinevates ehitusprojektides. Meie B2B-kaubandusettev\u00f5te pakub erinevaid suurusi, et rahuldada erinevaid vajadusi, koos usaldusv\u00e4\u00e4rse transpordi ja turvalise pakendiga, et toetada teie \u00e4ritegevust. Valige meie Turnbuckle Form Aligners oma j\u00e4rgmise projekti jaoks ja kogege betoonehituse suurema t\u00e4psuse ja t\u00f5hususe eeliseid.<\/p>","protected":false},"excerpt":{"rendered":"<p>Joondusseadme p\u00f6\u00f6rmepael on varustatud 1\u2033 l\u00e4bim\u00f5\u00f5duga isepuhastuva spiraalikeermega, mis v\u00f5imaldab kiiret reguleerimist. Joondaja kogupikkus on minimaalselt 35\u2033 ja maksimaalselt 39\u2033, mis v\u00f5imaldab 4\u2033 t\u00f5husat reguleerimist.<\/p>\n<p>Turnbuckle Form Aligneril on painutatud naelaplaat, mis on varustatud naelaaukudega vormide k\u00fclge naelutamiseks ja 15\/16\u2033 auguga 3\/4\u2033 v\u00f5i 7\/8\u2033 \u00fcmmarguste terasvarraste vastuv\u00f5tmiseks, kui klambrit kasutatakse maapinnast \u00fclespoole.  Alignerit saab kasutada korduvalt, kui see on p\u00e4rast kasutamist betoonist puhastatud. Joondusseadmete ohutu t\u00f6\u00f6koormus on piiratud puidu, naelade ja\/v\u00f5i vaiade kasutamisega.<\/p>","protected":false},"featured_media":4401,"comment_status":"open","ping_status":"closed","template":"","meta":{"site-sidebar-layout":"default","site-content-layout":"default","ast-site-content-layout":"default","site-content-style":"default","site-sidebar-style":"default","ast-global-header-display":"","ast-banner-title-visibility":"","ast-main-header-display":"","ast-hfb-above-header-display":"","ast-hfb-below-header-display":"","ast-hfb-mobile-header-display":"","site-post-title":"","ast-breadcrumbs-content":"","ast-featured-img":"","footer-sml-layout":"","theme-transparent-header-meta":"default","adv-header-id-meta":"","stick-header-meta":"default","header-above-stick-meta":"","header-main-stick-meta":"","header-below-stick-meta":"","astra-migrate-meta-layouts":"set","ast-page-background-enabled":"default","ast-page-background-meta":{"desktop":{"background-color":"","background-image":"","background-repeat":"repeat","background-position":"center center","background-size":"auto","background-attachment":"scroll","background-type":"","background-media":"","overlay-type":"","overlay-color":"","overlay-opacity":"","overlay-gradient":""},"tablet":{"background-color":"","background-image":"","background-repeat":"repeat","background-position":"center center","background-size":"auto","background-attachment":"scroll","background-type":"","background-media":"","overlay-type":"","overlay-color":"","overlay-opacity":"","overlay-gradient":""},"mobile":{"background-color":"","background-image":"","background-repeat":"repeat","background-position":"center center","background-size":"auto","background-attachment":"scroll","background-type":"","background-media":"","overlay-type":"","overlay-color":"","overlay-opacity":"","overlay-gradient":""}},"ast-content-background-meta":{"desktop":{"background-color":"var(--ast-global-color-5)","background-image":"","background-repeat":"repeat","background-position":"center center","background-size":"auto","background-attachment":"scroll","background-type":"","background-media":"","overlay-type":"","overlay-color":"","overlay-opacity":"","overlay-gradient":""},"tablet":{"background-color":"var(--ast-global-color-5)","background-image":"","background-repeat":"repeat","background-position":"center center","background-size":"auto","background-attachment":"scroll","background-type":"","background-media":"","overlay-type":"","overlay-color":"","overlay-opacity":"","overlay-gradient":""},"mobile":{"background-color":"var(--ast-global-color-5)","background-image":"","background-repeat":"repeat","background-position":"center center","background-size":"auto","background-attachment":"scroll","background-type":"","background-media":"","overlay-type":"","overlay-color":"","overlay-opacity":"","overlay-gradient":""}}},"product_brand":[],"product_cat":[28],"product_tag":[],"class_list":{"0":"post-1729","1":"product","2":"type-product","3":"status-publish","4":"has-post-thumbnail","6":"product_cat-concrete-forming","7":"desktop-align-left","8":"tablet-align-left","9":"mobile-align-left","10":"ast-product-gallery-layout-horizontal-slider","11":"ast-product-tabs-layout-horizontal","13":"first","14":"instock","15":"featured","16":"shipping-taxable","17":"purchasable","18":"product-type-simple"},"yoast_head":"<!-- This site is optimized with the Yoast SEO plugin v25.2 - https:\/\/yoast.com\/wordpress\/plugins\/seo\/ -->\n<title>Concrete Form Brace Turnbuckle Form Aligner<\/title>\n<meta name=\"description\" content=\"Flat Plate &amp; Bent Plate Turnbuckle Form Aligner.It is an innovative product designed to assist in aligning and securing concrete forms during construction projects.\" \/>\n<meta name=\"robots\" content=\"index, follow, max-snippet:-1, max-image-preview:large, max-video-preview:-1\" \/>\n<link rel=\"canonical\" href=\"https:\/\/qingdaohf.com\/et\/toode\/pooranguvormi-joondaja\/\" \/>\n<meta property=\"og:locale\" content=\"et_EE\" \/>\n<meta property=\"og:type\" content=\"article\" \/>\n<meta property=\"og:title\" content=\"Concrete Form Brace Turnbuckle\" \/>\n<meta property=\"og:description\" content=\"Flat Plate, Bent Plate Turnbuckle Form Aligner Brace.It is an innovative product designed to assist in aligning and securing concrete forms during construction projects. With its unique features and functionality, this form aligner offers several benefits for construction professionals and contractors.\" \/>\n<meta property=\"og:url\" content=\"https:\/\/qingdaohf.com\/et\/toode\/pooranguvormi-joondaja\/\" \/>\n<meta property=\"og:site_name\" content=\"Concrete Form &amp; Rigging Hardware Supplier\" \/>\n<meta property=\"article:publisher\" content=\"https:\/\/www.facebook.com\/qingdaohf\" \/>\n<meta property=\"article:modified_time\" content=\"2025-11-13T01:03:14+00:00\" \/>\n<meta property=\"og:image\" content=\"https:\/\/qingdaohf.com\/wp-content\/uploads\/2023\/01\/concrete-form-turnbuckles-1-1.jpg\" \/>\n\t<meta property=\"og:image:width\" content=\"800\" \/>\n\t<meta property=\"og:image:height\" content=\"800\" \/>\n\t<meta property=\"og:image:type\" content=\"image\/jpeg\" \/>\n<meta name=\"twitter:card\" content=\"summary_large_image\" \/>\n<meta name=\"twitter:label1\" content=\"Est. reading time\" \/>\n\t<meta name=\"twitter:data1\" content=\"4 minutit\" \/>\n<script type=\"application\/ld+json\" class=\"yoast-schema-graph\">{\"@context\":\"https:\/\/schema.org\",\"@graph\":[{\"@type\":\"WebPage\",\"@id\":\"https:\/\/qingdaohf.com\/product\/turnbuckle-form-aligner\/\",\"url\":\"https:\/\/qingdaohf.com\/product\/turnbuckle-form-aligner\/\",\"name\":\"Concrete Form Brace Turnbuckle Form Aligner\",\"isPartOf\":{\"@id\":\"https:\/\/qingdaohf.com\/bg\/#website\"},\"primaryImageOfPage\":{\"@id\":\"https:\/\/qingdaohf.com\/product\/turnbuckle-form-aligner\/#primaryimage\"},\"image\":{\"@id\":\"https:\/\/qingdaohf.com\/product\/turnbuckle-form-aligner\/#primaryimage\"},\"thumbnailUrl\":\"https:\/\/qingdaohf.com\/wp-content\/uploads\/2023\/01\/concrete-form-turnbuckles-1-1.jpg\",\"datePublished\":\"2024-06-28T09:07:41+00:00\",\"dateModified\":\"2025-11-13T01:03:14+00:00\",\"description\":\"Flat Plate & Bent Plate Turnbuckle Form Aligner.It is an innovative product designed to assist in aligning and securing concrete forms during construction projects.\",\"breadcrumb\":{\"@id\":\"https:\/\/qingdaohf.com\/product\/turnbuckle-form-aligner\/#breadcrumb\"},\"inLanguage\":\"et\",\"potentialAction\":[{\"@type\":\"ReadAction\",\"target\":[\"https:\/\/qingdaohf.com\/product\/turnbuckle-form-aligner\/\"]}]},{\"@type\":\"ImageObject\",\"inLanguage\":\"et\",\"@id\":\"https:\/\/qingdaohf.com\/product\/turnbuckle-form-aligner\/#primaryimage\",\"url\":\"https:\/\/qingdaohf.com\/wp-content\/uploads\/2023\/01\/concrete-form-turnbuckles-1-1.jpg\",\"contentUrl\":\"https:\/\/qingdaohf.com\/wp-content\/uploads\/2023\/01\/concrete-form-turnbuckles-1-1.jpg\",\"width\":800,\"height\":800,\"caption\":\"concrete form turnbuckles\"},{\"@type\":\"BreadcrumbList\",\"@id\":\"https:\/\/qingdaohf.com\/product\/turnbuckle-form-aligner\/#breadcrumb\",\"itemListElement\":[{\"@type\":\"ListItem\",\"position\":1,\"name\":\"Home\",\"item\":\"https:\/\/qingdaohf.com\/\"},{\"@type\":\"ListItem\",\"position\":2,\"name\":\"Concrete Forming Accessories and Rigging Hardware\",\"item\":\"https:\/\/qingdaohf.com\/bg\/?page_id=944\"},{\"@type\":\"ListItem\",\"position\":3,\"name\":\"Adjustable Concrete Form Brace Turnbuckle Form Aligner\"}]},{\"@type\":\"WebSite\",\"@id\":\"https:\/\/qingdaohf.com\/bg\/#website\",\"url\":\"https:\/\/qingdaohf.com\/bg\/\",\"name\":\"Concrete Form & Rigging Hardware Supplier\",\"description\":\"\",\"publisher\":{\"@id\":\"https:\/\/qingdaohf.com\/bg\/#organization\"},\"potentialAction\":[{\"@type\":\"SearchAction\",\"target\":{\"@type\":\"EntryPoint\",\"urlTemplate\":\"https:\/\/qingdaohf.com\/bg\/?s={search_term_string}\"},\"query-input\":{\"@type\":\"PropertyValueSpecification\",\"valueRequired\":true,\"valueName\":\"search_term_string\"}}],\"inLanguage\":\"et\"},{\"@type\":\"Organization\",\"@id\":\"https:\/\/qingdaohf.com\/bg\/#organization\",\"name\":\"Qingdao H&F\",\"url\":\"https:\/\/qingdaohf.com\/bg\/\",\"logo\":{\"@type\":\"ImageObject\",\"inLanguage\":\"et\",\"@id\":\"https:\/\/qingdaohf.com\/bg\/#\/schema\/logo\/image\/\",\"url\":\"https:\/\/qingdaohf.com\/wp-content\/uploads\/2022\/12\/cropped-HF-LOGO.png\",\"contentUrl\":\"https:\/\/qingdaohf.com\/wp-content\/uploads\/2022\/12\/cropped-HF-LOGO.png\",\"width\":391,\"height\":249,\"caption\":\"Qingdao H&F\"},\"image\":{\"@id\":\"https:\/\/qingdaohf.com\/bg\/#\/schema\/logo\/image\/\"},\"sameAs\":[\"https:\/\/www.facebook.com\/qingdaohf\"]}]}<\/script>\n<!-- \/ Yoast SEO plugin. -->","yoast_head_json":{"title":"Concrete Form Brace Turnbuckle Form Aligner","description":"Flat Plate & Bent Plate Turnbuckle Form Aligner.It is an innovative product designed to assist in aligning and securing concrete forms during construction projects.","robots":{"index":"index","follow":"follow","max-snippet":"max-snippet:-1","max-image-preview":"max-image-preview:large","max-video-preview":"max-video-preview:-1"},"canonical":"https:\/\/qingdaohf.com\/et\/toode\/pooranguvormi-joondaja\/","og_locale":"et_EE","og_type":"article","og_title":"Concrete Form Brace Turnbuckle","og_description":"Flat Plate, Bent Plate Turnbuckle Form Aligner Brace.It is an innovative product designed to assist in aligning and securing concrete forms during construction projects. With its unique features and functionality, this form aligner offers several benefits for construction professionals and contractors.","og_url":"https:\/\/qingdaohf.com\/et\/toode\/pooranguvormi-joondaja\/","og_site_name":"Concrete Form &amp; Rigging Hardware Supplier","article_publisher":"https:\/\/www.facebook.com\/qingdaohf","article_modified_time":"2025-11-13T01:03:14+00:00","og_image":[{"width":800,"height":800,"url":"https:\/\/qingdaohf.com\/wp-content\/uploads\/2023\/01\/concrete-form-turnbuckles-1-1.jpg","type":"image\/jpeg"}],"twitter_card":"summary_large_image","twitter_misc":{"Est. reading time":"4 minutit"},"schema":{"@context":"https:\/\/schema.org","@graph":[{"@type":"WebPage","@id":"https:\/\/qingdaohf.com\/product\/turnbuckle-form-aligner\/","url":"https:\/\/qingdaohf.com\/product\/turnbuckle-form-aligner\/","name":"Concrete Form Brace Turnbuckle Form Aligner","isPartOf":{"@id":"https:\/\/qingdaohf.com\/bg\/#website"},"primaryImageOfPage":{"@id":"https:\/\/qingdaohf.com\/product\/turnbuckle-form-aligner\/#primaryimage"},"image":{"@id":"https:\/\/qingdaohf.com\/product\/turnbuckle-form-aligner\/#primaryimage"},"thumbnailUrl":"https:\/\/qingdaohf.com\/wp-content\/uploads\/2023\/01\/concrete-form-turnbuckles-1-1.jpg","datePublished":"2024-06-28T09:07:41+00:00","dateModified":"2025-11-13T01:03:14+00:00","description":"Flat Plate & Bent Plate Turnbuckle Form Aligner.It is an innovative product designed to assist in aligning and securing concrete forms during construction projects.","breadcrumb":{"@id":"https:\/\/qingdaohf.com\/product\/turnbuckle-form-aligner\/#breadcrumb"},"inLanguage":"et","potentialAction":[{"@type":"ReadAction","target":["https:\/\/qingdaohf.com\/product\/turnbuckle-form-aligner\/"]}]},{"@type":"ImageObject","inLanguage":"et","@id":"https:\/\/qingdaohf.com\/product\/turnbuckle-form-aligner\/#primaryimage","url":"https:\/\/qingdaohf.com\/wp-content\/uploads\/2023\/01\/concrete-form-turnbuckles-1-1.jpg","contentUrl":"https:\/\/qingdaohf.com\/wp-content\/uploads\/2023\/01\/concrete-form-turnbuckles-1-1.jpg","width":800,"height":800,"caption":"concrete form turnbuckles"},{"@type":"BreadcrumbList","@id":"https:\/\/qingdaohf.com\/product\/turnbuckle-form-aligner\/#breadcrumb","itemListElement":[{"@type":"ListItem","position":1,"name":"Home","item":"https:\/\/qingdaohf.com\/"},{"@type":"ListItem","position":2,"name":"Concrete Forming Accessories and Rigging Hardware","item":"https:\/\/qingdaohf.com\/bg\/?page_id=944"},{"@type":"ListItem","position":3,"name":"Adjustable Concrete Form Brace Turnbuckle Form Aligner"}]},{"@type":"WebSite","@id":"https:\/\/qingdaohf.com\/bg\/#website","url":"https:\/\/qingdaohf.com\/bg\/","name":"Concrete Form & Rigging Hardware Supplier","description":"","publisher":{"@id":"https:\/\/qingdaohf.com\/bg\/#organization"},"potentialAction":[{"@type":"SearchAction","target":{"@type":"EntryPoint","urlTemplate":"https:\/\/qingdaohf.com\/bg\/?s={search_term_string}"},"query-input":{"@type":"PropertyValueSpecification","valueRequired":true,"valueName":"search_term_string"}}],"inLanguage":"et"},{"@type":"Organization","@id":"https:\/\/qingdaohf.com\/bg\/#organization","name":"Qingdao H&F","url":"https:\/\/qingdaohf.com\/bg\/","logo":{"@type":"ImageObject","inLanguage":"et","@id":"https:\/\/qingdaohf.com\/bg\/#\/schema\/logo\/image\/","url":"https:\/\/qingdaohf.com\/wp-content\/uploads\/2022\/12\/cropped-HF-LOGO.png","contentUrl":"https:\/\/qingdaohf.com\/wp-content\/uploads\/2022\/12\/cropped-HF-LOGO.png","width":391,"height":249,"caption":"Qingdao H&F"},"image":{"@id":"https:\/\/qingdaohf.com\/bg\/#\/schema\/logo\/image\/"},"sameAs":["https:\/\/www.facebook.com\/qingdaohf"]}]}},"_links":{"self":[{"href":"https:\/\/qingdaohf.com\/et\/wp-json\/wp\/v2\/product\/1729","targetHints":{"allow":["GET"]}}],"collection":[{"href":"https:\/\/qingdaohf.com\/et\/wp-json\/wp\/v2\/product"}],"about":[{"href":"https:\/\/qingdaohf.com\/et\/wp-json\/wp\/v2\/types\/product"}],"replies":[{"embeddable":true,"href":"https:\/\/qingdaohf.com\/et\/wp-json\/wp\/v2\/comments?post=1729"}],"version-history":[{"count":31,"href":"https:\/\/qingdaohf.com\/et\/wp-json\/wp\/v2\/product\/1729\/revisions"}],"predecessor-version":[{"id":5668,"href":"https:\/\/qingdaohf.com\/et\/wp-json\/wp\/v2\/product\/1729\/revisions\/5668"}],"wp:featuredmedia":[{"embeddable":true,"href":"https:\/\/qingdaohf.com\/et\/wp-json\/wp\/v2\/media\/4401"}],"wp:attachment":[{"href":"https:\/\/qingdaohf.com\/et\/wp-json\/wp\/v2\/media?parent=1729"}],"wp:term":[{"taxonomy":"product_brand","embeddable":true,"href":"https:\/\/qingdaohf.com\/et\/wp-json\/wp\/v2\/product_brand?post=1729"},{"taxonomy":"product_cat","embeddable":true,"href":"https:\/\/qingdaohf.com\/et\/wp-json\/wp\/v2\/product_cat?post=1729"},{"taxonomy":"product_tag","embeddable":true,"href":"https:\/\/qingdaohf.com\/et\/wp-json\/wp\/v2\/product_tag?post=1729"}],"curies":[{"name":"wp","href":"https:\/\/api.w.org\/{rel}","templated":true}]}}