{"id":1731,"date":"2024-06-24T14:06:56","date_gmt":"2024-06-24T06:06:56","guid":{"rendered":"http:\/\/qingdaohf.com\/?post_type=product&#038;p=1731"},"modified":"2025-11-13T09:03:15","modified_gmt":"2025-11-13T01:03:15","slug":"spreader-cleats","status":"publish","type":"product","link":"https:\/\/qingdaohf.com\/et\/toode\/vahekihi\/","title":{"rendered":"Betoonkihi vahekaitseklotsid Cleats Betoonkihi vahekaitseklotsid"},"content":{"rendered":"<h2 data-pm-slice=\"1 1 []\">Betoonkihi levikujaoturide t\u00e4htsus ehituses<\/h2>\n<p>Betoonehituse n\u00f5udlikus maailmas on t\u00e4psus ja stabiilsus kvaliteetsete tulemuste saavutamiseks kriitilise t\u00e4htsusega. Betoonikihi jaotusklappidel on keskne roll vormipaneelide vahelise \u00fchtlase vahekauguse s\u00e4ilitamisel, tagades, et l\u00f5plik konstruktsioon vastab n\u00f5utavatele m\u00f5\u00f5tmetele ja tugevusnormidele. Need klambrid pakuvad olulist tuge, kinnitades vineer\u0161ablooni paigale, v\u00e4ltides deformatsioone ja v\u00f5imaldades \u00fchtlast betoonivalu. Kas seda kasutatakse suuremahulistes infrastruktuuriprojektides v\u00f5i v\u00e4iksemates elamuehitustes, \u00f5iged jaotusklambrid v\u00f5ivad m\u00e4rkimisv\u00e4\u00e4rselt parandada betoonpindade vastupidavust ja viimistlust.<\/p>\n<p>Qingdao H&amp;F m\u00f5istab ehitusspetsialistide ees seisvaid v\u00e4ljakutseid, mist\u00f5ttu pakume erinevaid k\u00f5rgtehnoloogilisi laotusplaate, mis on m\u00f5eldud vastama k\u00f5ige karmimatele projektin\u00f5uetele. T\u00e4nu kvaliteedile, kiiretele tarnets\u00fcklitele ja p\u00fchendunud klienditeenindusele pakume teie ehitusvajaduste jaoks v\u00f5rratut kombinatsiooni usaldusv\u00e4\u00e4rsusest ja t\u00f5hususest.<\/p>\n<p><img fetchpriority=\"high\" decoding=\"async\" class=\"alignnone wp-image-1732 size-full\" src=\"http:\/\/qingdaohf.com\/wp-content\/uploads\/2023\/01\/PLY-SPACER.png\" alt=\"PLY SPACER\" width=\"650\" height=\"458\" srcset=\"https:\/\/qingdaohf.com\/wp-content\/uploads\/2023\/01\/PLY-SPACER.png 650w, https:\/\/qingdaohf.com\/wp-content\/uploads\/2023\/01\/PLY-SPACER-300x211.png 300w, https:\/\/qingdaohf.com\/wp-content\/uploads\/2023\/01\/PLY-SPACER-600x423.png 600w\" sizes=\"(max-width: 650px) 100vw, 650px\" \/><\/p>\n<h2>Betoonkihi jaotustihendite omadused ja eelised Betoonkihi jaotustihendid<\/h2>\n<p>\u00d5igete laialijaotusplaatide valimine on oluline, et optimeerida \u0161ali t\u00f5husust ja tagada laitmatu betoonviimistlus. Meie betooniplaatide laialilaotusplaadid on varustatud mitmesuguste omadustega, mis muudavad need kaasaegsete ehitusprojektide jaoks asendamatuks.<\/p>\n<p>Vastupidavus on \u00fcks meie klattide peamisi omadusi. Need on valmistatud suure tugevusega materjalidest, n\u00e4iteks tsingitud terasest v\u00f5i tugevdatud plastist, mis on vastupidavad korrosioonile, deformatsioonile ja betoonit\u00f6\u00f6de karmidele tingimustele. See tagab pikaealisuse ja j\u00e4rjepideva toimivuse mitme kasutuse korral, mis muudab need t\u00f6\u00f6v\u00f5tjate jaoks kulut\u00f5husaks lahenduseks.<\/p>\n<p>Teine suur eelis on nende t\u00e4pne vahekaugus. Ebatasane v\u00f5i valesti paigutatud \u0161abloon v\u00f5ib p\u00f5hjustada struktuurilisi n\u00f5rkusi ja halba esteetikat valmis betoonis. Meie jaotusklotsid tagavad \u00fchtlase eraldatuse vormipaneelide vahel, k\u00f5rvaldades k\u00f5ikumised ja tagades sileda, \u00fchtlase pinna.<\/p>\n<p>Ka paigaldamise lihtsus on m\u00e4rkimisv\u00e4\u00e4rne eelis. Kiireks ja h\u00f5lpsaks paigaldamiseks kavandatud meie klambrid v\u00f5imaldavad t\u00f6\u00f6tajatel paigaldada \u0161ablooni minimaalse vaevaga, v\u00e4hendades t\u00f6\u00f6aega ja -kulusid. Nende kasutajas\u00f5bralik disain tagab, et ka v\u00e4hemkogenud t\u00f6\u00f6tajad saavad saavutada professionaalse tulemuse ilma spetsiaalsete t\u00f6\u00f6riistade v\u00f5i seadmeteta.<\/p>\n<h2>\u00d5ige laialijaotusplaatide valimine teie projekti jaoks<\/h2>\n<p>Kuna saadaval on eri suurused ja materjalid, s\u00f5ltub sobiva laialijaotusplaadi valik teie projekti erin\u00f5uetest. Raske koormuse korral, n\u00e4iteks sildade v\u00f5i k\u00f5rghoonete ehitamisel, eelistatakse sageli teraslattide kasutamist nende erakordse kandev\u00f5ime ja kulumiskindluse t\u00f5ttu. Teisest k\u00fcljest pakuvad plastklambrid kerget ja kuluefektiivset alternatiivi projektidele, mis ei n\u00f5ua \u00e4\u00e4rmist tugevust.<\/p>\n<p>Paksuse ja laiuse spetsifikatsioonid on samuti olulised kaalutlused. Meie levikuklotsid on saadaval eri m\u00f5\u00f5tmetega, et sobida erinevate \u0161abloonide seadistustega, tagades \u00fchilduvuse erinevate vineerit\u00fc\u00fcpide ja betooni paksustega. Meie Qingdao H&amp;F meeskond pakub eksperdiabi, et aidata teil m\u00e4\u00e4rata kindlaks parimad klambrid teie unikaalsete ehitusvajaduste jaoks.<\/p>\n<p>Lisaks on kriitiline tegur t\u00f6\u00f6stusstandardite j\u00e4rgimine. K\u00f5ik meie betoonkihi jaotustihendid l\u00e4bivad ranged kvaliteedikatsetused ja nendega on kaasas \u00fcksikasjalikud kontrolliaruanded. See tagab, et saate tooteid, mis vastavad ohutusn\u00f5uetele ja tagavad j\u00e4rjepideva j\u00f5udluse, v\u00e4hendades seel\u00e4bi \u0161alit\u00f5rgete ja ehitusviivituste ohtu.<\/p>\n<h2>Miks valida Qingdao H&amp;F oma betoonvormi tarvikute jaoks?<\/h2>\n<p>Me Qingdao H&amp;F-is l\u00e4heme kaugemale ehitusmaterjalide tarnimisest - oleme p\u00fchendunud lahenduste pakkumisele, mis lisavad teie projektidele v\u00e4\u00e4rtust. Meie personaalne klienditeenindus tagab, et saate personaalset abi kogu ostuprotsessi v\u00e4ltel, alates toote valikust kuni m\u00fc\u00fcgij\u00e4rgse teeninduseni. Erinevalt teistest tarnijatest, kes v\u00f5ivad seada kvaliteedi asemel esikohale mahu, keskendume meie rangetele kvaliteedistandarditele vastavate toodete tarnimisele.<\/p>\n<p>Kiirus on veel \u00fcks eelis, mida me pakume. Me m\u00f5istame, et aeg on ehituses kriitiline tegur ja viivitused v\u00f5ivad suurendada kulusid. Seep\u00e4rast garanteerime kiire tarneperioodi, mis tagab, et saate oma laialijaotusplaadid k\u00e4tte t\u00e4pselt siis, kui neid vajate. Meie usaldusv\u00e4\u00e4rne logistikav\u00f5rk v\u00f5imaldab meil tellimusi t\u00f5husalt t\u00e4ita, minimeerides seisakuid ja hoides teie projekte graafikus.<\/p>\n<p>Lisaks sellele eristab meid meie p\u00fchendumus l\u00e4bipaistvusele ja usaldusele. Igale betooniplaatide laialilaotusplaatide partiile on lisatud p\u00f5hjalikud kvaliteedikontrolli aruanded, mis annavad teile t\u00e4ieliku usalduse kasutatavate materjalide suhtes. Selline vastutuse tase tagab, et saate t\u00e4ita projekti spetsifikatsioonid, ilma et peaksite muretsema toote toimivuse p\u00e4rast.<\/p>\n<h2>Kokkuv\u00f5te<\/h2>\n<p>Betoonikihi jaotusklotsid on h\u00e4davajalikud komponendid betoonvalu t\u00e4psuse ja stabiilsuse saavutamiseks. Nad suurendavad projektide struktuurilist terviklikkust, s\u00e4ilitades \u00fchtlase vahekauguse, v\u00e4ltides \u0161ali deformeerumist ja h\u00f5lbustades sujuvat betoonivalu. Qingdao H&amp;F kvaliteetsete jaotusklappide valimine t\u00e4hendab, et saate kasu vastupidavusest, paigaldamise lihtsusest ja t\u00f6\u00f6stusharu n\u00f5uetele vastavusest.<\/p>\n<p>Meie p\u00fchendumus kvaliteedile, kiire tarne ja personaalne teenindus teevad meist ideaalse partneri teie ehitusmaterjalide vajaduste rahuldamiseks. Olenemata sellest, kas vajate standardsuurusi v\u00f5i kohandatud spetsifikatsioone, meil on olemas teadmised ja ressursid, et rahuldada teie n\u00f5udmisi. V\u00f5tke meiega juba t\u00e4na \u00fchendust, et saada rohkem teavet meie betooniplaatide levikuklappide valiku kohta ja selle kohta, kuidas need v\u00f5ivad t\u00f5sta teie ehitusprojektide t\u00f5husust ja usaldusv\u00e4\u00e4rsust.<\/p>\n<div class=\"ast-oembed-container\" style=\"height: 100%;\"><iframe title=\"HF betoonist seina sidumise s\u00fcsteem\" width=\"500\" height=\"281\" src=\"https:\/\/www.youtube.com\/embed\/KNe3GjndsAs?feature=oembed\" frameborder=\"0\" allow=\"accelerometer; autoplay; clipboard-write; encrypted-media; gyroscope; picture-in-picture; web-share\" referrerpolicy=\"strict-origin-when-cross-origin\" allowfullscreen><\/iframe><\/div>\n<p>&nbsp;<\/p>","protected":false},"excerpt":{"rendered":"<p>Betoonkihi jaotusklotsid m\u00e4ngivad olulist rolli t\u00e4pse joondamise ja stabiilsuse edendamisel m\u00fc\u00fcris\u00fcsteemides, eriti betoonehitusprojektides. Tugiplaadid on t\u00f5husad vahekaitsed, mis takistavad vineeri v\u00e4\u00e4ndumist v\u00f5i liikumist valamise ajal, mille tulemuseks on struktuuriliselt tugev ja tasane betoonpind. Qingdao H&amp;F tarnib kvaliteetseid laialipealseid erinevates materjalides ja m\u00f5\u00f5tudes, mis sobivad erinevatele projekti spetsifikatsioonidele. Meie personaalne klienditeenindus, \u00f5iglased hinnad ja t\u00e4htajalised kohustused tagavad teile parima lahenduse, mis vastab teie vajadustele. Pakume oma kauba kohta ka p\u00f5hjalikku kvaliteedikontrolli aruannet, mis annab teile kindlustunde iga saadetisega.<\/p>","protected":false},"featured_media":2918,"comment_status":"open","ping_status":"closed","template":"","meta":{"site-sidebar-layout":"default","site-content-layout":"default","ast-site-content-layout":"default","site-content-style":"default","site-sidebar-style":"default","ast-global-header-display":"","ast-banner-title-visibility":"","ast-main-header-display":"","ast-hfb-above-header-display":"","ast-hfb-below-header-display":"","ast-hfb-mobile-header-display":"","site-post-title":"","ast-breadcrumbs-content":"","ast-featured-img":"","footer-sml-layout":"","theme-transparent-header-meta":"default","adv-header-id-meta":"","stick-header-meta":"default","header-above-stick-meta":"","header-main-stick-meta":"","header-below-stick-meta":"","astra-migrate-meta-layouts":"set","ast-page-background-enabled":"default","ast-page-background-meta":{"desktop":{"background-color":"","background-image":"","background-repeat":"repeat","background-position":"center center","background-size":"auto","background-attachment":"scroll","background-type":"","background-media":"","overlay-type":"","overlay-color":"","overlay-opacity":"","overlay-gradient":""},"tablet":{"background-color":"","background-image":"","background-repeat":"repeat","background-position":"center center","background-size":"auto","background-attachment":"scroll","background-type":"","background-media":"","overlay-type":"","overlay-color":"","overlay-opacity":"","overlay-gradient":""},"mobile":{"background-color":"","background-image":"","background-repeat":"repeat","background-position":"center center","background-size":"auto","background-attachment":"scroll","background-type":"","background-media":"","overlay-type":"","overlay-color":"","overlay-opacity":"","overlay-gradient":""}},"ast-content-background-meta":{"desktop":{"background-color":"var(--ast-global-color-5)","background-image":"","background-repeat":"repeat","background-position":"center center","background-size":"auto","background-attachment":"scroll","background-type":"","background-media":"","overlay-type":"","overlay-color":"","overlay-opacity":"","overlay-gradient":""},"tablet":{"background-color":"var(--ast-global-color-5)","background-image":"","background-repeat":"repeat","background-position":"center center","background-size":"auto","background-attachment":"scroll","background-type":"","background-media":"","overlay-type":"","overlay-color":"","overlay-opacity":"","overlay-gradient":""},"mobile":{"background-color":"var(--ast-global-color-5)","background-image":"","background-repeat":"repeat","background-position":"center center","background-size":"auto","background-attachment":"scroll","background-type":"","background-media":"","overlay-type":"","overlay-color":"","overlay-opacity":"","overlay-gradient":""}}},"product_brand":[],"product_cat":[28],"product_tag":[],"class_list":{"0":"post-1731","1":"product","2":"type-product","3":"status-publish","4":"has-post-thumbnail","6":"product_cat-concrete-forming","7":"desktop-align-left","8":"tablet-align-left","9":"mobile-align-left","10":"ast-product-gallery-layout-horizontal-slider","11":"ast-product-tabs-layout-horizontal","13":"first","14":"instock","15":"shipping-taxable","16":"purchasable","17":"product-type-simple"},"yoast_head":"<!-- This site is optimized with the Yoast SEO plugin v25.2 - https:\/\/yoast.com\/wordpress\/plugins\/seo\/ -->\n<title>Concrete Ply Spacer Spreader Cleats<\/title>\n<meta name=\"description\" content=\"Plywood form concrete ply spacer.3\/4&quot; ply spacer,1-1\/8&quot; ply spacer.\" \/>\n<meta name=\"robots\" content=\"index, follow, max-snippet:-1, max-image-preview:large, max-video-preview:-1\" \/>\n<link rel=\"canonical\" href=\"https:\/\/qingdaohf.com\/et\/toode\/vahekihi\/\" \/>\n<meta property=\"og:locale\" content=\"et_EE\" \/>\n<meta property=\"og:type\" content=\"article\" \/>\n<meta property=\"og:title\" content=\"Concrete Ply Spacer Spreader Cleats\" \/>\n<meta property=\"og:description\" content=\"Plywood form concrete ply spacer.3\/4&quot; ply spacer,1-1\/8&quot; ply spacer.\" \/>\n<meta property=\"og:url\" content=\"https:\/\/qingdaohf.com\/et\/toode\/vahekihi\/\" \/>\n<meta property=\"og:site_name\" content=\"Concrete Form &amp; Rigging Hardware Supplier\" \/>\n<meta property=\"article:publisher\" content=\"https:\/\/www.facebook.com\/qingdaohf\" \/>\n<meta property=\"article:modified_time\" content=\"2025-11-13T01:03:15+00:00\" \/>\n<meta property=\"og:image\" content=\"https:\/\/qingdaohf.com\/wp-content\/uploads\/2023\/01\/PLY-SPACER-3.jpg\" \/>\n\t<meta property=\"og:image:width\" content=\"1000\" \/>\n\t<meta property=\"og:image:height\" content=\"1000\" \/>\n\t<meta property=\"og:image:type\" content=\"image\/jpeg\" \/>\n<meta name=\"twitter:card\" content=\"summary_large_image\" \/>\n<meta name=\"twitter:label1\" content=\"Est. reading time\" \/>\n\t<meta name=\"twitter:data1\" content=\"4 minutit\" \/>\n<script type=\"application\/ld+json\" class=\"yoast-schema-graph\">{\"@context\":\"https:\/\/schema.org\",\"@graph\":[{\"@type\":\"WebPage\",\"@id\":\"https:\/\/qingdaohf.com\/product\/spreader-cleats\/\",\"url\":\"https:\/\/qingdaohf.com\/product\/spreader-cleats\/\",\"name\":\"Concrete Ply Spacer Spreader Cleats\",\"isPartOf\":{\"@id\":\"https:\/\/qingdaohf.com\/bg\/#website\"},\"primaryImageOfPage\":{\"@id\":\"https:\/\/qingdaohf.com\/product\/spreader-cleats\/#primaryimage\"},\"image\":{\"@id\":\"https:\/\/qingdaohf.com\/product\/spreader-cleats\/#primaryimage\"},\"thumbnailUrl\":\"https:\/\/qingdaohf.com\/wp-content\/uploads\/2023\/01\/PLY-SPACER-3.jpg\",\"datePublished\":\"2024-06-24T06:06:56+00:00\",\"dateModified\":\"2025-11-13T01:03:15+00:00\",\"description\":\"Plywood form concrete ply spacer.3\/4\\\" ply spacer,1-1\/8\\\" ply spacer.\",\"breadcrumb\":{\"@id\":\"https:\/\/qingdaohf.com\/product\/spreader-cleats\/#breadcrumb\"},\"inLanguage\":\"et\",\"potentialAction\":[{\"@type\":\"ReadAction\",\"target\":[\"https:\/\/qingdaohf.com\/product\/spreader-cleats\/\"]}]},{\"@type\":\"ImageObject\",\"inLanguage\":\"et\",\"@id\":\"https:\/\/qingdaohf.com\/product\/spreader-cleats\/#primaryimage\",\"url\":\"https:\/\/qingdaohf.com\/wp-content\/uploads\/2023\/01\/PLY-SPACER-3.jpg\",\"contentUrl\":\"https:\/\/qingdaohf.com\/wp-content\/uploads\/2023\/01\/PLY-SPACER-3.jpg\",\"width\":1000,\"height\":1000,\"caption\":\"PLY SPACER\"},{\"@type\":\"BreadcrumbList\",\"@id\":\"https:\/\/qingdaohf.com\/product\/spreader-cleats\/#breadcrumb\",\"itemListElement\":[{\"@type\":\"ListItem\",\"position\":1,\"name\":\"Home\",\"item\":\"https:\/\/qingdaohf.com\/\"},{\"@type\":\"ListItem\",\"position\":2,\"name\":\"Concrete Forming Accessories and Rigging Hardware\",\"item\":\"https:\/\/qingdaohf.com\/bg\/?page_id=944\"},{\"@type\":\"ListItem\",\"position\":3,\"name\":\"Concrete Ply Spacer Spreader Cleats\"}]},{\"@type\":\"WebSite\",\"@id\":\"https:\/\/qingdaohf.com\/bg\/#website\",\"url\":\"https:\/\/qingdaohf.com\/bg\/\",\"name\":\"Concrete Form & Rigging Hardware Supplier\",\"description\":\"\",\"publisher\":{\"@id\":\"https:\/\/qingdaohf.com\/bg\/#organization\"},\"potentialAction\":[{\"@type\":\"SearchAction\",\"target\":{\"@type\":\"EntryPoint\",\"urlTemplate\":\"https:\/\/qingdaohf.com\/bg\/?s={search_term_string}\"},\"query-input\":{\"@type\":\"PropertyValueSpecification\",\"valueRequired\":true,\"valueName\":\"search_term_string\"}}],\"inLanguage\":\"et\"},{\"@type\":\"Organization\",\"@id\":\"https:\/\/qingdaohf.com\/bg\/#organization\",\"name\":\"Qingdao H&F\",\"url\":\"https:\/\/qingdaohf.com\/bg\/\",\"logo\":{\"@type\":\"ImageObject\",\"inLanguage\":\"et\",\"@id\":\"https:\/\/qingdaohf.com\/bg\/#\/schema\/logo\/image\/\",\"url\":\"https:\/\/qingdaohf.com\/wp-content\/uploads\/2022\/12\/cropped-HF-LOGO.png\",\"contentUrl\":\"https:\/\/qingdaohf.com\/wp-content\/uploads\/2022\/12\/cropped-HF-LOGO.png\",\"width\":391,\"height\":249,\"caption\":\"Qingdao H&F\"},\"image\":{\"@id\":\"https:\/\/qingdaohf.com\/bg\/#\/schema\/logo\/image\/\"},\"sameAs\":[\"https:\/\/www.facebook.com\/qingdaohf\"]}]}<\/script>\n<!-- \/ Yoast SEO plugin. -->","yoast_head_json":{"title":"Concrete Ply Spacer Spreader Cleats","description":"Plywood form concrete ply spacer.3\/4\" ply spacer,1-1\/8\" ply spacer.","robots":{"index":"index","follow":"follow","max-snippet":"max-snippet:-1","max-image-preview":"max-image-preview:large","max-video-preview":"max-video-preview:-1"},"canonical":"https:\/\/qingdaohf.com\/et\/toode\/vahekihi\/","og_locale":"et_EE","og_type":"article","og_title":"Concrete Ply Spacer Spreader Cleats","og_description":"Plywood form concrete ply spacer.3\/4\" ply spacer,1-1\/8\" ply spacer.","og_url":"https:\/\/qingdaohf.com\/et\/toode\/vahekihi\/","og_site_name":"Concrete Form &amp; Rigging Hardware Supplier","article_publisher":"https:\/\/www.facebook.com\/qingdaohf","article_modified_time":"2025-11-13T01:03:15+00:00","og_image":[{"width":1000,"height":1000,"url":"https:\/\/qingdaohf.com\/wp-content\/uploads\/2023\/01\/PLY-SPACER-3.jpg","type":"image\/jpeg"}],"twitter_card":"summary_large_image","twitter_misc":{"Est. reading time":"4 minutit"},"schema":{"@context":"https:\/\/schema.org","@graph":[{"@type":"WebPage","@id":"https:\/\/qingdaohf.com\/product\/spreader-cleats\/","url":"https:\/\/qingdaohf.com\/product\/spreader-cleats\/","name":"Concrete Ply Spacer Spreader Cleats","isPartOf":{"@id":"https:\/\/qingdaohf.com\/bg\/#website"},"primaryImageOfPage":{"@id":"https:\/\/qingdaohf.com\/product\/spreader-cleats\/#primaryimage"},"image":{"@id":"https:\/\/qingdaohf.com\/product\/spreader-cleats\/#primaryimage"},"thumbnailUrl":"https:\/\/qingdaohf.com\/wp-content\/uploads\/2023\/01\/PLY-SPACER-3.jpg","datePublished":"2024-06-24T06:06:56+00:00","dateModified":"2025-11-13T01:03:15+00:00","description":"Plywood form concrete ply spacer.3\/4\" ply spacer,1-1\/8\" ply spacer.","breadcrumb":{"@id":"https:\/\/qingdaohf.com\/product\/spreader-cleats\/#breadcrumb"},"inLanguage":"et","potentialAction":[{"@type":"ReadAction","target":["https:\/\/qingdaohf.com\/product\/spreader-cleats\/"]}]},{"@type":"ImageObject","inLanguage":"et","@id":"https:\/\/qingdaohf.com\/product\/spreader-cleats\/#primaryimage","url":"https:\/\/qingdaohf.com\/wp-content\/uploads\/2023\/01\/PLY-SPACER-3.jpg","contentUrl":"https:\/\/qingdaohf.com\/wp-content\/uploads\/2023\/01\/PLY-SPACER-3.jpg","width":1000,"height":1000,"caption":"PLY SPACER"},{"@type":"BreadcrumbList","@id":"https:\/\/qingdaohf.com\/product\/spreader-cleats\/#breadcrumb","itemListElement":[{"@type":"ListItem","position":1,"name":"Home","item":"https:\/\/qingdaohf.com\/"},{"@type":"ListItem","position":2,"name":"Concrete Forming Accessories and Rigging Hardware","item":"https:\/\/qingdaohf.com\/bg\/?page_id=944"},{"@type":"ListItem","position":3,"name":"Concrete Ply Spacer Spreader Cleats"}]},{"@type":"WebSite","@id":"https:\/\/qingdaohf.com\/bg\/#website","url":"https:\/\/qingdaohf.com\/bg\/","name":"Concrete Form & Rigging Hardware Supplier","description":"","publisher":{"@id":"https:\/\/qingdaohf.com\/bg\/#organization"},"potentialAction":[{"@type":"SearchAction","target":{"@type":"EntryPoint","urlTemplate":"https:\/\/qingdaohf.com\/bg\/?s={search_term_string}"},"query-input":{"@type":"PropertyValueSpecification","valueRequired":true,"valueName":"search_term_string"}}],"inLanguage":"et"},{"@type":"Organization","@id":"https:\/\/qingdaohf.com\/bg\/#organization","name":"Qingdao H&F","url":"https:\/\/qingdaohf.com\/bg\/","logo":{"@type":"ImageObject","inLanguage":"et","@id":"https:\/\/qingdaohf.com\/bg\/#\/schema\/logo\/image\/","url":"https:\/\/qingdaohf.com\/wp-content\/uploads\/2022\/12\/cropped-HF-LOGO.png","contentUrl":"https:\/\/qingdaohf.com\/wp-content\/uploads\/2022\/12\/cropped-HF-LOGO.png","width":391,"height":249,"caption":"Qingdao H&F"},"image":{"@id":"https:\/\/qingdaohf.com\/bg\/#\/schema\/logo\/image\/"},"sameAs":["https:\/\/www.facebook.com\/qingdaohf"]}]}},"_links":{"self":[{"href":"https:\/\/qingdaohf.com\/et\/wp-json\/wp\/v2\/product\/1731","targetHints":{"allow":["GET"]}}],"collection":[{"href":"https:\/\/qingdaohf.com\/et\/wp-json\/wp\/v2\/product"}],"about":[{"href":"https:\/\/qingdaohf.com\/et\/wp-json\/wp\/v2\/types\/product"}],"replies":[{"embeddable":true,"href":"https:\/\/qingdaohf.com\/et\/wp-json\/wp\/v2\/comments?post=1731"}],"version-history":[{"count":5,"href":"https:\/\/qingdaohf.com\/et\/wp-json\/wp\/v2\/product\/1731\/revisions"}],"predecessor-version":[{"id":9012,"href":"https:\/\/qingdaohf.com\/et\/wp-json\/wp\/v2\/product\/1731\/revisions\/9012"}],"wp:featuredmedia":[{"embeddable":true,"href":"https:\/\/qingdaohf.com\/et\/wp-json\/wp\/v2\/media\/2918"}],"wp:attachment":[{"href":"https:\/\/qingdaohf.com\/et\/wp-json\/wp\/v2\/media?parent=1731"}],"wp:term":[{"taxonomy":"product_brand","embeddable":true,"href":"https:\/\/qingdaohf.com\/et\/wp-json\/wp\/v2\/product_brand?post=1731"},{"taxonomy":"product_cat","embeddable":true,"href":"https:\/\/qingdaohf.com\/et\/wp-json\/wp\/v2\/product_cat?post=1731"},{"taxonomy":"product_tag","embeddable":true,"href":"https:\/\/qingdaohf.com\/et\/wp-json\/wp\/v2\/product_tag?post=1731"}],"curies":[{"name":"wp","href":"https:\/\/api.w.org\/{rel}","templated":true}]}}