{"id":2056,"date":"2023-02-07T17:01:21","date_gmt":"2023-02-07T09:01:21","guid":{"rendered":"http:\/\/qingdaohf.com\/?post_type=product&#038;p=2056"},"modified":"2025-11-13T09:06:37","modified_gmt":"2025-11-13T01:06:37","slug":"coil-rods","status":"publish","type":"product","link":"https:\/\/qingdaohf.com\/et\/toode\/spiraalvardad\/","title":{"rendered":"Keermestusraudade spiraalid"},"content":{"rendered":"<h1 class=\"font-600 text-2xl font-bold\">Vaibak\u00e4\u00e4ride oluline roll ehituses<\/h1>\n<p class=\"whitespace-pre-wrap break-words\">R\u00e4\u00e4gime spiraalvarrastest - need on iga kindla \u0161abloonis\u00fcsteemi selgroog. Need vardad on valmistatud vastupidavast, \u00fclitugevast terasest ja taluvad m\u00e4rja betooni tohutut survet nagu meistrid. Need hoiavad k\u00f5ik stabiilsena ja paigal, kui teie betoon taheneb, olenemata sellest, kas te ehitate pilvel\u00f5hkujaid, sildu v\u00f5i kodusid.<\/p>\n<p class=\"whitespace-pre-wrap break-words\">Need vardad on osa sellest, mida me nimetame veepidemete s\u00fcsteemiks, mis \u00fchendab veepidemete, veepidemete ja tiibmutrite \u00fchtseks sujuvalt t\u00f6\u00f6tavaks \u00fcksuseks. Iga osa teeb oma t\u00f6\u00f6d, kuid koos muudavad nad kaasaegse konstruktsiooni t\u00f6\u00f6ks nagu kellav\u00e4rk.<\/p>\n<p class=\"whitespace-pre-wrap break-words\">N\u00e4ituse t\u00e4ht on spiraalvarras ise, mille keermestatud otsad muudavad seadistamise ja mahav\u00f5tmise imelihtne. Vajadus kohandada erinevate projektivajadustega? Pole probleemi - need vardad m\u00e4ngivad kenasti koos igasuguste tarvikutega. Alates betooni valamisest k\u00f5rgele kuni \u00fcksikasjalike arhitektuursete elementide loomiseni, annavad spiraalvarred alati usaldusv\u00e4\u00e4rseid tulemusi.<\/p>\n<p><img fetchpriority=\"high\" decoding=\"async\" class=\"alignnone wp-image-8579 size-full\" src=\"http:\/\/qingdaohf.com\/wp-content\/uploads\/2024\/12\/tie-rod-92.webp\" alt=\"sidumisvarraste s\u00fcsteem\" width=\"1000\" height=\"1000\" srcset=\"https:\/\/qingdaohf.com\/wp-content\/uploads\/2024\/12\/tie-rod-92.webp 1000w, https:\/\/qingdaohf.com\/wp-content\/uploads\/2024\/12\/tie-rod-92-300x300.webp 300w, https:\/\/qingdaohf.com\/wp-content\/uploads\/2024\/12\/tie-rod-92-150x150.webp 150w, https:\/\/qingdaohf.com\/wp-content\/uploads\/2024\/12\/tie-rod-92-768x768.webp 768w, https:\/\/qingdaohf.com\/wp-content\/uploads\/2024\/12\/tie-rod-92-12x12.webp 12w, https:\/\/qingdaohf.com\/wp-content\/uploads\/2024\/12\/tie-rod-92-500x500.webp 500w, https:\/\/qingdaohf.com\/wp-content\/uploads\/2024\/12\/tie-rod-92-100x100.webp 100w\" sizes=\"(max-width: 1000px) 100vw, 1000px\" \/><\/p>\n<h1 class=\"font-600 text-2xl font-bold\">Sidetangide s\u00fcsteemi lahtipakkimine: Veesulgurid, veermikud ja tiibmutrid<\/h1>\n<p class=\"whitespace-pre-wrap break-words\">M\u00f5elge sidevardas\u00fcsteemist kui teie \u0160veitsi armee noast ehitusprobleemide lahendamiseks. V\u00f5tame n\u00e4iteks veepiirdeid - need on v\u00e4ga olulised, kui ehitate asju, mis peavad j\u00e4\u00e4ma kuivaks, nagu n\u00e4iteks keldrid ja tugim\u00fc\u00fcrid. Need sulgevad tee \u00fcmber sidumisvarda, hoides vee seal, kuhu see kuulub - v\u00e4ljaspool teie ehitist.<\/p>\n<p class=\"whitespace-pre-wrap break-words\">Sidumisvardad \u00fchendatakse tiibmutritega, et lukustada teie \u0161abloon tihedalt. Vardad sirutuvad \u00fcle teie \u0161abloonipaneelide, hoides neid t\u00e4pselt \u00f5igel kaugusel \u00fcksteisest ja tugevalt betooni surve vastu. Tiibmutrite abil on lihtne seadistamise ajal t\u00e4iuslik sobivus valida ja p\u00e4rast betooni tahenemist k\u00f5ik lahku l\u00fc\u00fca, kui betoon on k\u00f5vasti tahenenud.<\/p>\n<p class=\"whitespace-pre-wrap break-words\">Siin Qingdao H&amp;F-is on meil kinnisideeks, et meie spiraalvarraste keermestamine oleks t\u00e4pselt \u00f5ige. Miks? Sest t\u00e4iuslik keermestamine t\u00e4hendab, et k\u00f5ik sobib sujuvalt kokku - teie veepiirikud, tiibmutrid, k\u00f5ik t\u00f6\u00f6d. Me testime iga komponenti p\u00f5hjalikult, et te teaksite, et see saab hakkama k\u00f5igega, mida te talle ette heidate.<\/p>\n<h1 class=\"font-600 text-2xl font-bold\">Miks valida Qingdao H&amp;F valtsimispulga varraste jaoks?<\/h1>\n<p class=\"whitespace-pre-wrap break-words\">Kui ostate spiraalvarraste, vajate rohkem kui lihtsalt h\u00e4id tooteid - teil on vaja kogu paketti, et see toimiks t\u00f5rgeteta. Siinkohal me paistame silma.<\/p>\n<p class=\"whitespace-pre-wrap break-words\">Me m\u00e4\u00e4rame igale kliendile oma eksperdikontaktisiku. Kas vajate kohandatud pikkusi? Spetsiaalset keermestamist? Konkreetseid tarvikuid? Teie p\u00fchendunud spetsialist teeb selle v\u00f5imalikuks. Nad saavad t\u00e4pselt aru, mida te vajate, ja hoolitsevad selle eest, et te seda saate.<\/p>\n<p class=\"whitespace-pre-wrap break-words\">Ehituses on aeg raha ja me m\u00f5istame seda. Keegi ei taha, et tema projekt j\u00e4\u00e4ks materjalide ootuses seisma. Seep\u00e4rast oleme oma tarnes\u00fcsteemi \u00fcles ehitanud nii, et see oleks kiire ja usaldusv\u00e4\u00e4rne. Meil on olemas \u00fchendused ja s\u00fcsteemid, et viia teie materjal sinna, kuhu see peab olema, ja t\u00e4pselt siis, kui see peab seal olema.<\/p>\n<p class=\"whitespace-pre-wrap break-words\">Kvaliteet ei ole midagi, millega me ei m\u00e4ngi ringi. Iga spiraalvarras on varustatud \u00fcksikasjalike kontrolliaruannetega, milles on t\u00e4pselt kirjas, kuidas see toimib. Alates sellest, kui tugev see on ja kui t\u00e4pne on keermestamine - k\u00f5ik on mustvalgelt kirjas. Me testime k\u00f5ike t\u00f6\u00f6stusstandardite j\u00e4rgi, sest teame, et see on see, mida te vajate.<\/p>\n<p class=\"whitespace-pre-wrap break-words\">Olenemata sellest, kas teil on tegemist ulatusliku infrastruktuuriprojektiga v\u00f5i m\u00f5ne v\u00e4iksema ja spetsialiseeritud projektiga, meie spiraalvarraste saab sellega hakkama. Kui lisada meie keskendumine klientide rahulolule, siis n\u00e4ete, miks ehitajad usaldavad Qingdao H&amp;F-i.<\/p>","protected":false},"excerpt":{"rendered":"<p>Keermevardad on kaasaegse ehituse lahutamatu osa, tagades betoonvallide turvalise ja t\u00f5husa montaa\u017ei. Ostjad seavad sageli esikohale vastupidavuse, \u00fchilduvuse m\u00fc\u00fcris\u00fcsteemidega ja veepiirde lisaseadmete k\u00e4ttesaadavuse. Qingdao H&amp;F m\u00f5istab neid muresid. T\u00e4nu meie individuaalsele klienditeenindusele pakume \u00fcksikasjalikke kvaliteedikontrolli aruandeid, kiireid tarneperioodi ja kohandatavaid lahendusi teie ehitusvajaduste jaoks. Olenemata sellest, kas te hangete m\u00e4hisvarraste suurte infrastruktuuride v\u00f5i v\u00e4iksemate projektide jaoks, oleme p\u00fchendunud usaldusv\u00e4\u00e4rsuse ja t\u00e4psuse pakkumisele.<\/p>\n<p>&nbsp;<\/p>","protected":false},"featured_media":2710,"comment_status":"open","ping_status":"closed","template":"","meta":{"site-sidebar-layout":"default","site-content-layout":"default","ast-site-content-layout":"default","site-content-style":"default","site-sidebar-style":"default","ast-global-header-display":"","ast-banner-title-visibility":"","ast-main-header-display":"","ast-hfb-above-header-display":"","ast-hfb-below-header-display":"","ast-hfb-mobile-header-display":"","site-post-title":"","ast-breadcrumbs-content":"","ast-featured-img":"","footer-sml-layout":"","theme-transparent-header-meta":"default","adv-header-id-meta":"","stick-header-meta":"default","header-above-stick-meta":"","header-main-stick-meta":"","header-below-stick-meta":"","astra-migrate-meta-layouts":"set","ast-page-background-enabled":"default","ast-page-background-meta":{"desktop":{"background-color":"","background-image":"","background-repeat":"repeat","background-position":"center center","background-size":"auto","background-attachment":"scroll","background-type":"","background-media":"","overlay-type":"","overlay-color":"","overlay-opacity":"","overlay-gradient":""},"tablet":{"background-color":"","background-image":"","background-repeat":"repeat","background-position":"center center","background-size":"auto","background-attachment":"scroll","background-type":"","background-media":"","overlay-type":"","overlay-color":"","overlay-opacity":"","overlay-gradient":""},"mobile":{"background-color":"","background-image":"","background-repeat":"repeat","background-position":"center center","background-size":"auto","background-attachment":"scroll","background-type":"","background-media":"","overlay-type":"","overlay-color":"","overlay-opacity":"","overlay-gradient":""}},"ast-content-background-meta":{"desktop":{"background-color":"var(--ast-global-color-5)","background-image":"","background-repeat":"repeat","background-position":"center center","background-size":"auto","background-attachment":"scroll","background-type":"","background-media":"","overlay-type":"","overlay-color":"","overlay-opacity":"","overlay-gradient":""},"tablet":{"background-color":"var(--ast-global-color-5)","background-image":"","background-repeat":"repeat","background-position":"center center","background-size":"auto","background-attachment":"scroll","background-type":"","background-media":"","overlay-type":"","overlay-color":"","overlay-opacity":"","overlay-gradient":""},"mobile":{"background-color":"var(--ast-global-color-5)","background-image":"","background-repeat":"repeat","background-position":"center center","background-size":"auto","background-attachment":"scroll","background-type":"","background-media":"","overlay-type":"","overlay-color":"","overlay-opacity":"","overlay-gradient":""}}},"product_brand":[],"product_cat":[79],"product_tag":[],"class_list":{"0":"post-2056","1":"product","2":"type-product","3":"status-publish","4":"has-post-thumbnail","6":"product_cat-tie-rod-system","7":"desktop-align-left","8":"tablet-align-left","9":"mobile-align-left","10":"ast-product-gallery-layout-horizontal-slider","11":"ast-product-tabs-layout-horizontal","13":"first","14":"instock","15":"shipping-taxable","16":"purchasable","17":"product-type-simple"},"yoast_head":"<!-- This site is optimized with the Yoast SEO plugin v25.2 - https:\/\/yoast.com\/wordpress\/plugins\/seo\/ -->\n<title>Formwork Coil Rods<\/title>\n<meta name=\"description\" content=\"Coil rods are used in concrete forming applications. Their loose threads design curtails dust and dirt accumulation.\" \/>\n<meta name=\"robots\" content=\"index, follow, max-snippet:-1, max-image-preview:large, max-video-preview:-1\" \/>\n<link rel=\"canonical\" href=\"https:\/\/qingdaohf.com\/et\/toode\/spiraalvardad\/\" \/>\n<meta property=\"og:locale\" content=\"et_EE\" \/>\n<meta property=\"og:type\" content=\"article\" \/>\n<meta property=\"og:title\" content=\"Formwork Coil Rods\" \/>\n<meta property=\"og:description\" content=\"Coil rods are used in concrete forming applications. Their loose threads design curtails dust and dirt accumulation.\" \/>\n<meta property=\"og:url\" content=\"https:\/\/qingdaohf.com\/et\/toode\/spiraalvardad\/\" \/>\n<meta property=\"og:site_name\" content=\"Concrete Form &amp; Rigging Hardware Supplier\" \/>\n<meta property=\"article:publisher\" content=\"https:\/\/www.facebook.com\/qingdaohf\" \/>\n<meta property=\"article:modified_time\" content=\"2025-11-13T01:06:37+00:00\" \/>\n<meta property=\"og:image\" content=\"https:\/\/qingdaohf.com\/wp-content\/uploads\/2023\/02\/Coil-Rod-1.jpg\" \/>\n\t<meta property=\"og:image:width\" content=\"1000\" \/>\n\t<meta property=\"og:image:height\" content=\"1000\" \/>\n\t<meta property=\"og:image:type\" content=\"image\/jpeg\" \/>\n<meta name=\"twitter:card\" content=\"summary_large_image\" \/>\n<meta name=\"twitter:label1\" content=\"Est. reading time\" \/>\n\t<meta name=\"twitter:data1\" content=\"3 minutit\" \/>\n<script type=\"application\/ld+json\" class=\"yoast-schema-graph\">{\"@context\":\"https:\/\/schema.org\",\"@graph\":[{\"@type\":\"WebPage\",\"@id\":\"https:\/\/qingdaohf.com\/product\/coil-rods\/\",\"url\":\"https:\/\/qingdaohf.com\/product\/coil-rods\/\",\"name\":\"Formwork Coil Rods\",\"isPartOf\":{\"@id\":\"https:\/\/qingdaohf.com\/bg\/#website\"},\"primaryImageOfPage\":{\"@id\":\"https:\/\/qingdaohf.com\/product\/coil-rods\/#primaryimage\"},\"image\":{\"@id\":\"https:\/\/qingdaohf.com\/product\/coil-rods\/#primaryimage\"},\"thumbnailUrl\":\"https:\/\/qingdaohf.com\/wp-content\/uploads\/2023\/02\/Coil-Rod-1.jpg\",\"datePublished\":\"2023-02-07T09:01:21+00:00\",\"dateModified\":\"2025-11-13T01:06:37+00:00\",\"description\":\"Coil rods are used in concrete forming applications. Their loose threads design curtails dust and dirt accumulation.\",\"breadcrumb\":{\"@id\":\"https:\/\/qingdaohf.com\/product\/coil-rods\/#breadcrumb\"},\"inLanguage\":\"et\",\"potentialAction\":[{\"@type\":\"ReadAction\",\"target\":[\"https:\/\/qingdaohf.com\/product\/coil-rods\/\"]}]},{\"@type\":\"ImageObject\",\"inLanguage\":\"et\",\"@id\":\"https:\/\/qingdaohf.com\/product\/coil-rods\/#primaryimage\",\"url\":\"https:\/\/qingdaohf.com\/wp-content\/uploads\/2023\/02\/Coil-Rod-1.jpg\",\"contentUrl\":\"https:\/\/qingdaohf.com\/wp-content\/uploads\/2023\/02\/Coil-Rod-1.jpg\",\"width\":1000,\"height\":1000,\"caption\":\"Coil Rod\"},{\"@type\":\"BreadcrumbList\",\"@id\":\"https:\/\/qingdaohf.com\/product\/coil-rods\/#breadcrumb\",\"itemListElement\":[{\"@type\":\"ListItem\",\"position\":1,\"name\":\"Home\",\"item\":\"https:\/\/qingdaohf.com\/\"},{\"@type\":\"ListItem\",\"position\":2,\"name\":\"Concrete Forming Accessories and Rigging Hardware\",\"item\":\"https:\/\/qingdaohf.com\/bg\/?page_id=944\"},{\"@type\":\"ListItem\",\"position\":3,\"name\":\"Formwork Coil Rods\"}]},{\"@type\":\"WebSite\",\"@id\":\"https:\/\/qingdaohf.com\/bg\/#website\",\"url\":\"https:\/\/qingdaohf.com\/bg\/\",\"name\":\"Concrete Form & Rigging Hardware Supplier\",\"description\":\"\",\"publisher\":{\"@id\":\"https:\/\/qingdaohf.com\/bg\/#organization\"},\"potentialAction\":[{\"@type\":\"SearchAction\",\"target\":{\"@type\":\"EntryPoint\",\"urlTemplate\":\"https:\/\/qingdaohf.com\/bg\/?s={search_term_string}\"},\"query-input\":{\"@type\":\"PropertyValueSpecification\",\"valueRequired\":true,\"valueName\":\"search_term_string\"}}],\"inLanguage\":\"et\"},{\"@type\":\"Organization\",\"@id\":\"https:\/\/qingdaohf.com\/bg\/#organization\",\"name\":\"Qingdao H&F\",\"url\":\"https:\/\/qingdaohf.com\/bg\/\",\"logo\":{\"@type\":\"ImageObject\",\"inLanguage\":\"et\",\"@id\":\"https:\/\/qingdaohf.com\/bg\/#\/schema\/logo\/image\/\",\"url\":\"https:\/\/qingdaohf.com\/wp-content\/uploads\/2022\/12\/cropped-HF-LOGO.png\",\"contentUrl\":\"https:\/\/qingdaohf.com\/wp-content\/uploads\/2022\/12\/cropped-HF-LOGO.png\",\"width\":391,\"height\":249,\"caption\":\"Qingdao H&F\"},\"image\":{\"@id\":\"https:\/\/qingdaohf.com\/bg\/#\/schema\/logo\/image\/\"},\"sameAs\":[\"https:\/\/www.facebook.com\/qingdaohf\"]}]}<\/script>\n<!-- \/ Yoast SEO plugin. -->","yoast_head_json":{"title":"Formwork Coil Rods","description":"Coil rods are used in concrete forming applications. Their loose threads design curtails dust and dirt accumulation.","robots":{"index":"index","follow":"follow","max-snippet":"max-snippet:-1","max-image-preview":"max-image-preview:large","max-video-preview":"max-video-preview:-1"},"canonical":"https:\/\/qingdaohf.com\/et\/toode\/spiraalvardad\/","og_locale":"et_EE","og_type":"article","og_title":"Formwork Coil Rods","og_description":"Coil rods are used in concrete forming applications. Their loose threads design curtails dust and dirt accumulation.","og_url":"https:\/\/qingdaohf.com\/et\/toode\/spiraalvardad\/","og_site_name":"Concrete Form &amp; Rigging Hardware Supplier","article_publisher":"https:\/\/www.facebook.com\/qingdaohf","article_modified_time":"2025-11-13T01:06:37+00:00","og_image":[{"width":1000,"height":1000,"url":"https:\/\/qingdaohf.com\/wp-content\/uploads\/2023\/02\/Coil-Rod-1.jpg","type":"image\/jpeg"}],"twitter_card":"summary_large_image","twitter_misc":{"Est. reading time":"3 minutit"},"schema":{"@context":"https:\/\/schema.org","@graph":[{"@type":"WebPage","@id":"https:\/\/qingdaohf.com\/product\/coil-rods\/","url":"https:\/\/qingdaohf.com\/product\/coil-rods\/","name":"Formwork Coil Rods","isPartOf":{"@id":"https:\/\/qingdaohf.com\/bg\/#website"},"primaryImageOfPage":{"@id":"https:\/\/qingdaohf.com\/product\/coil-rods\/#primaryimage"},"image":{"@id":"https:\/\/qingdaohf.com\/product\/coil-rods\/#primaryimage"},"thumbnailUrl":"https:\/\/qingdaohf.com\/wp-content\/uploads\/2023\/02\/Coil-Rod-1.jpg","datePublished":"2023-02-07T09:01:21+00:00","dateModified":"2025-11-13T01:06:37+00:00","description":"Coil rods are used in concrete forming applications. Their loose threads design curtails dust and dirt accumulation.","breadcrumb":{"@id":"https:\/\/qingdaohf.com\/product\/coil-rods\/#breadcrumb"},"inLanguage":"et","potentialAction":[{"@type":"ReadAction","target":["https:\/\/qingdaohf.com\/product\/coil-rods\/"]}]},{"@type":"ImageObject","inLanguage":"et","@id":"https:\/\/qingdaohf.com\/product\/coil-rods\/#primaryimage","url":"https:\/\/qingdaohf.com\/wp-content\/uploads\/2023\/02\/Coil-Rod-1.jpg","contentUrl":"https:\/\/qingdaohf.com\/wp-content\/uploads\/2023\/02\/Coil-Rod-1.jpg","width":1000,"height":1000,"caption":"Coil Rod"},{"@type":"BreadcrumbList","@id":"https:\/\/qingdaohf.com\/product\/coil-rods\/#breadcrumb","itemListElement":[{"@type":"ListItem","position":1,"name":"Home","item":"https:\/\/qingdaohf.com\/"},{"@type":"ListItem","position":2,"name":"Concrete Forming Accessories and Rigging Hardware","item":"https:\/\/qingdaohf.com\/bg\/?page_id=944"},{"@type":"ListItem","position":3,"name":"Formwork Coil Rods"}]},{"@type":"WebSite","@id":"https:\/\/qingdaohf.com\/bg\/#website","url":"https:\/\/qingdaohf.com\/bg\/","name":"Concrete Form & Rigging Hardware Supplier","description":"","publisher":{"@id":"https:\/\/qingdaohf.com\/bg\/#organization"},"potentialAction":[{"@type":"SearchAction","target":{"@type":"EntryPoint","urlTemplate":"https:\/\/qingdaohf.com\/bg\/?s={search_term_string}"},"query-input":{"@type":"PropertyValueSpecification","valueRequired":true,"valueName":"search_term_string"}}],"inLanguage":"et"},{"@type":"Organization","@id":"https:\/\/qingdaohf.com\/bg\/#organization","name":"Qingdao H&F","url":"https:\/\/qingdaohf.com\/bg\/","logo":{"@type":"ImageObject","inLanguage":"et","@id":"https:\/\/qingdaohf.com\/bg\/#\/schema\/logo\/image\/","url":"https:\/\/qingdaohf.com\/wp-content\/uploads\/2022\/12\/cropped-HF-LOGO.png","contentUrl":"https:\/\/qingdaohf.com\/wp-content\/uploads\/2022\/12\/cropped-HF-LOGO.png","width":391,"height":249,"caption":"Qingdao H&F"},"image":{"@id":"https:\/\/qingdaohf.com\/bg\/#\/schema\/logo\/image\/"},"sameAs":["https:\/\/www.facebook.com\/qingdaohf"]}]}},"_links":{"self":[{"href":"https:\/\/qingdaohf.com\/et\/wp-json\/wp\/v2\/product\/2056","targetHints":{"allow":["GET"]}}],"collection":[{"href":"https:\/\/qingdaohf.com\/et\/wp-json\/wp\/v2\/product"}],"about":[{"href":"https:\/\/qingdaohf.com\/et\/wp-json\/wp\/v2\/types\/product"}],"replies":[{"embeddable":true,"href":"https:\/\/qingdaohf.com\/et\/wp-json\/wp\/v2\/comments?post=2056"}],"version-history":[{"count":3,"href":"https:\/\/qingdaohf.com\/et\/wp-json\/wp\/v2\/product\/2056\/revisions"}],"predecessor-version":[{"id":8605,"href":"https:\/\/qingdaohf.com\/et\/wp-json\/wp\/v2\/product\/2056\/revisions\/8605"}],"wp:featuredmedia":[{"embeddable":true,"href":"https:\/\/qingdaohf.com\/et\/wp-json\/wp\/v2\/media\/2710"}],"wp:attachment":[{"href":"https:\/\/qingdaohf.com\/et\/wp-json\/wp\/v2\/media?parent=2056"}],"wp:term":[{"taxonomy":"product_brand","embeddable":true,"href":"https:\/\/qingdaohf.com\/et\/wp-json\/wp\/v2\/product_brand?post=2056"},{"taxonomy":"product_cat","embeddable":true,"href":"https:\/\/qingdaohf.com\/et\/wp-json\/wp\/v2\/product_cat?post=2056"},{"taxonomy":"product_tag","embeddable":true,"href":"https:\/\/qingdaohf.com\/et\/wp-json\/wp\/v2\/product_tag?post=2056"}],"curies":[{"name":"wp","href":"https:\/\/api.w.org\/{rel}","templated":true}]}}