{"id":2078,"date":"2023-02-08T16:58:31","date_gmt":"2023-02-08T08:58:31","guid":{"rendered":"http:\/\/qingdaohf.com\/?post_type=product&#038;p=2078"},"modified":"2025-11-13T09:06:36","modified_gmt":"2025-11-13T01:06:36","slug":"steel-stake","status":"publish","type":"product","link":"https:\/\/qingdaohf.com\/et\/toode\/terasvarras\/","title":{"rendered":"Metallist betooni vormimise terasest panused"},"content":{"rendered":"<div class=\"ast-oembed-container\" style=\"height: 100%;\"><iframe title=\"Betoonist terasvarras\" width=\"500\" height=\"281\" src=\"https:\/\/www.youtube.com\/embed\/kDArajRbFtQ?feature=oembed\" frameborder=\"0\" allow=\"accelerometer; autoplay; clipboard-write; encrypted-media; gyroscope; picture-in-picture; web-share\" referrerpolicy=\"strict-origin-when-cross-origin\" allowfullscreen><\/iframe><\/div>\n<h2>\u00dcmmargused terasest panused<\/h2>\n<p><a href=\"http:\/\/qingdaohf.com\/et\/product\/round-steel-stake\/\">\u00dcmmargused terasvarred<\/a> on k\u00f5ige tavalisem betoonivalmistamisel kasutatav terasvarda t\u00fc\u00fcp. Need on tavaliselt valmistatud \u00fclitugevast terasest ja neid on saadaval eri l\u00e4bim\u00f5\u00f5du ja pikkusega. \u00dcmmargusi terasvaia on lihtne paigaldada ja eemaldada ning need tagavad suurep\u00e4rase stabiilsuse ja toe m\u00fc\u00fcritise jaoks.<\/p>\n<p>Meie \u00fcmmargused terasvarred on vastupidavad ja mitmek\u00fclgsed ning saadaval erinevates suurustes, mis vastavad teie vajadustele. Iga vaia l\u00e4bim\u00f5\u00f5t on 3\/4\" v\u00f5i 7\/8\", mis tagab suurep\u00e4rase stabiilsuse ja tugevuse. Suurused ulatuvad 12 tollist kuni 48 tollile, v\u00f5imaldades paindlikkust erinevates rakendustes, alates konstruktsioonide kinnitamisest kuni tarade toetamiseni. Need terasvarred on loodud taluma karmi keskkonda ja on oluline komponent mis tahes projekti jaoks, mis n\u00f5uab tugevat toetust. \u00dcksk\u00f5ik, kas vajate neid ehituseks v\u00f5i haljastuseks, meie vaiad tagavad usaldusv\u00e4\u00e4rse j\u00f5udluse ja lihtsa paigalduse.<\/p>\n<p><img fetchpriority=\"high\" decoding=\"async\" class=\"alignnone size-medium wp-image-5596\" src=\"http:\/\/qingdaohf.com\/wp-content\/uploads\/2023\/11\/round-steel-stake-261x300.png\" alt=\"\u00fcmmargune terasvarras\" width=\"261\" height=\"300\" srcset=\"https:\/\/qingdaohf.com\/wp-content\/uploads\/2023\/11\/round-steel-stake-261x300.png 261w, https:\/\/qingdaohf.com\/wp-content\/uploads\/2023\/11\/round-steel-stake.png 400w\" sizes=\"(max-width: 261px) 100vw, 261px\" \/><\/p>\n<h2>Nelinurksed terasvarred<\/h2>\n<p><a href=\"https:\/\/qingdaohf.com\/et\/toode\/nelinurkne-terasest-naelapea-koos-aukudega\/\">Nelinurksed terasvarred<\/a> on sarnased \u00fcmmarguste terasvarrastega, kuid neil on \u00fcmmarguse asemel ruudukujuline ristl\u00f5ige. Ka need on valmistatud \u00fclitugevast terasest ja neid on saadaval mitmes suuruses. Nelinurkset terasvarrast kasutatakse sageli olukordades, kus on vaja lisastabiilsust, n\u00e4iteks tuulistes v\u00f5i ebatasastes tingimustes.<\/p>\n<p><img decoding=\"async\" class=\"alignnone size-medium wp-image-5598\" src=\"http:\/\/qingdaohf.com\/wp-content\/uploads\/2023\/11\/square-steel-stake-239x300.png\" alt=\"ruudukujuline terasvarras\" width=\"239\" height=\"300\" srcset=\"https:\/\/qingdaohf.com\/wp-content\/uploads\/2023\/11\/square-steel-stake-239x300.png 239w, https:\/\/qingdaohf.com\/wp-content\/uploads\/2023\/11\/square-steel-stake.png 448w\" sizes=\"(max-width: 239px) 100vw, 239px\" \/><\/p>\n<h2>Lameda terase panused<\/h2>\n<p><a href=\"https:\/\/qingdaohf.com\/et\/toode\/lame-terasvarras\/\">Lamedaid terasvarraste<\/a> on tavaliselt valmistatud \u00f5hemast terasest kui \u00fcmmargused v\u00f5i kandilised terasvarred. Neil on lame ristl\u00f5ige ja need on m\u00f5eldud nurga all maa sisse l\u00f6\u00f6miseks, et tagada lisastabiilsus m\u00fc\u00fcritise jaoks. Lamedaid terasvarraste kasutatakse sageli koos \u00fcmmarguste v\u00f5i kandiliste terasvarrastega, et pakkuda lisatuge keerulistes tingimustes.<\/p>\n<p><img decoding=\"async\" class=\"alignnone size-medium wp-image-5587\" src=\"http:\/\/qingdaohf.com\/wp-content\/uploads\/2023\/02\/Flat-Nail-Stake-279x300.png\" alt=\"Flat Nail Stake\" width=\"279\" height=\"300\" srcset=\"https:\/\/qingdaohf.com\/wp-content\/uploads\/2023\/02\/Flat-Nail-Stake-279x300.png 279w, https:\/\/qingdaohf.com\/wp-content\/uploads\/2023\/02\/Flat-Nail-Stake.png 596w\" sizes=\"(max-width: 279px) 100vw, 279px\" \/><\/p>\n<h2>Lame I-tala<\/h2>\n<p><a href=\"https:\/\/qingdaohf.com\/et\/toode\/i-tala-panus\/\">Lame I-tala<\/a> terasvarraste on sarnased lamedate terasvarrastega, kuid nende ristl\u00f5ige meenutab \"I\" t\u00e4hte. Need on tavaliselt valmistatud paksemast terasest kui lamedad terasvaardlad ja on m\u00f5eldud selleks, et tagada veel suurem stabiilsus ja toestus \u0161abloonile. Lamedaid I-tala terasvaia kasutatakse sageli suuremahulistes betoonvalu projektides, n\u00e4iteks silla- v\u00f5i k\u00f5rghoonete ehitamisel.<\/p>\n<p><img loading=\"lazy\" decoding=\"async\" class=\"alignnone size-medium wp-image-5584\" src=\"http:\/\/qingdaohf.com\/wp-content\/uploads\/2023\/02\/Flat-I-Beam-Stake-267x300.png\" alt=\"Lame I-tala panipaik\" width=\"267\" height=\"300\" srcset=\"https:\/\/qingdaohf.com\/wp-content\/uploads\/2023\/02\/Flat-I-Beam-Stake-267x300.png 267w, https:\/\/qingdaohf.com\/wp-content\/uploads\/2023\/02\/Flat-I-Beam-Stake.png 556w\" sizes=\"(max-width: 267px) 100vw, 267px\" \/><\/p>","protected":false},"excerpt":{"rendered":"<p>Betooni vormimisel kasutatakse tavaliselt terasvarraste, mis hoiavad betoonim\u00fc\u00fcritise paigal ja toetavad m\u00e4rja betooni raskust. Betooni vormimisel on saadaval mitut t\u00fc\u00fcpi terasvarraste, sealhulgas j\u00e4rgmised. <strong>\u00fcmmargused terasvarred<\/strong>, <strong>ruudukujulised terasvarred<\/strong>, <strong>lamedad terasvarred<\/strong>ja lame <strong>I-tala terasvarred<\/strong>.<\/p>\n<p>Iga panipaik on t\u00e4pselt m\u00f5\u00f5detud, seda on lihtne paigaldada teravate otstega ja see on saadaval eri suurustes, et vastata erinevatele vajadustele.<\/p>\n<p>Konkurentsiv\u00f5imelise hinnakujunduse, \u00f5igeaegse tarnimise ja t\u00e4helepaneliku klienditeenindusega tagab Qingdao H&amp;F usaldusv\u00e4\u00e4rse toetuse alates tellimuse esitamisest kuni tarnimiseni. Meie panused on ideaalne valik turvalise ja kestva struktuurilise tugevduse jaoks.<\/p>","protected":false},"featured_media":2788,"comment_status":"open","ping_status":"closed","template":"","meta":{"site-sidebar-layout":"default","site-content-layout":"default","ast-site-content-layout":"default","site-content-style":"default","site-sidebar-style":"default","ast-global-header-display":"","ast-banner-title-visibility":"","ast-main-header-display":"","ast-hfb-above-header-display":"","ast-hfb-below-header-display":"","ast-hfb-mobile-header-display":"","site-post-title":"","ast-breadcrumbs-content":"","ast-featured-img":"","footer-sml-layout":"","theme-transparent-header-meta":"default","adv-header-id-meta":"","stick-header-meta":"default","header-above-stick-meta":"","header-main-stick-meta":"","header-below-stick-meta":"","astra-migrate-meta-layouts":"set","ast-page-background-enabled":"default","ast-page-background-meta":{"desktop":{"background-color":"","background-image":"","background-repeat":"repeat","background-position":"center center","background-size":"auto","background-attachment":"scroll","background-type":"","background-media":"","overlay-type":"","overlay-color":"","overlay-opacity":"","overlay-gradient":""},"tablet":{"background-color":"","background-image":"","background-repeat":"repeat","background-position":"center center","background-size":"auto","background-attachment":"scroll","background-type":"","background-media":"","overlay-type":"","overlay-color":"","overlay-opacity":"","overlay-gradient":""},"mobile":{"background-color":"","background-image":"","background-repeat":"repeat","background-position":"center center","background-size":"auto","background-attachment":"scroll","background-type":"","background-media":"","overlay-type":"","overlay-color":"","overlay-opacity":"","overlay-gradient":""}},"ast-content-background-meta":{"desktop":{"background-color":"var(--ast-global-color-5)","background-image":"","background-repeat":"repeat","background-position":"center center","background-size":"auto","background-attachment":"scroll","background-type":"","background-media":"","overlay-type":"","overlay-color":"","overlay-opacity":"","overlay-gradient":""},"tablet":{"background-color":"var(--ast-global-color-5)","background-image":"","background-repeat":"repeat","background-position":"center center","background-size":"auto","background-attachment":"scroll","background-type":"","background-media":"","overlay-type":"","overlay-color":"","overlay-opacity":"","overlay-gradient":""},"mobile":{"background-color":"var(--ast-global-color-5)","background-image":"","background-repeat":"repeat","background-position":"center center","background-size":"auto","background-attachment":"scroll","background-type":"","background-media":"","overlay-type":"","overlay-color":"","overlay-opacity":"","overlay-gradient":""}}},"product_brand":[],"product_cat":[28,53],"product_tag":[],"class_list":{"0":"post-2078","1":"product","2":"type-product","3":"status-publish","4":"has-post-thumbnail","6":"product_cat-concrete-forming","7":"product_cat-steel-stake","8":"desktop-align-left","9":"tablet-align-left","10":"mobile-align-left","11":"ast-product-gallery-layout-horizontal-slider","12":"ast-product-tabs-layout-horizontal","14":"first","15":"instock","16":"featured","17":"shipping-taxable","18":"purchasable","19":"product-type-simple"},"yoast_head":"<!-- This site is optimized with the Yoast SEO plugin v25.2 - https:\/\/yoast.com\/wordpress\/plugins\/seo\/ -->\n<title>Metal Concrete Forming Steel Stakes<\/title>\n<meta name=\"description\" content=\"China\u00a0Square Steel Stake manufacturers.This\u00a0square stake\u00a0has a sleek black finish, and is easy to install onto your truck.\u00a0\" \/>\n<meta name=\"robots\" content=\"index, follow, max-snippet:-1, max-image-preview:large, max-video-preview:-1\" \/>\n<link rel=\"canonical\" href=\"https:\/\/qingdaohf.com\/et\/toode\/terasvarras\/\" \/>\n<meta property=\"og:locale\" content=\"et_EE\" \/>\n<meta property=\"og:type\" content=\"article\" \/>\n<meta property=\"og:title\" content=\"Concrete Steel Stake\" \/>\n<meta property=\"og:description\" content=\"Steel stakes are commonly used in concrete forming to hold the formwork in place and to provide support for the weight of the wet concrete.\" \/>\n<meta property=\"og:url\" content=\"https:\/\/qingdaohf.com\/et\/toode\/terasvarras\/\" \/>\n<meta property=\"og:site_name\" content=\"Concrete Form &amp; Rigging Hardware Supplier\" \/>\n<meta property=\"article:publisher\" content=\"https:\/\/www.facebook.com\/qingdaohf\" \/>\n<meta property=\"article:modified_time\" content=\"2025-11-13T01:06:36+00:00\" \/>\n<meta property=\"og:image\" content=\"https:\/\/qingdaohf.com\/wp-content\/uploads\/2023\/02\/steel-stake-7.jpg\" \/>\n\t<meta property=\"og:image:width\" content=\"800\" \/>\n\t<meta property=\"og:image:height\" content=\"800\" \/>\n\t<meta property=\"og:image:type\" content=\"image\/jpeg\" \/>\n<meta name=\"twitter:card\" content=\"summary_large_image\" \/>\n<meta name=\"twitter:label1\" content=\"Est. reading time\" \/>\n\t<meta name=\"twitter:data1\" content=\"3 minutit\" \/>\n<script type=\"application\/ld+json\" class=\"yoast-schema-graph\">{\"@context\":\"https:\/\/schema.org\",\"@graph\":[{\"@type\":\"WebPage\",\"@id\":\"https:\/\/qingdaohf.com\/product\/steel-stake\/\",\"url\":\"https:\/\/qingdaohf.com\/product\/steel-stake\/\",\"name\":\"Metal Concrete Forming Steel Stakes\",\"isPartOf\":{\"@id\":\"https:\/\/qingdaohf.com\/bg\/#website\"},\"primaryImageOfPage\":{\"@id\":\"https:\/\/qingdaohf.com\/product\/steel-stake\/#primaryimage\"},\"image\":{\"@id\":\"https:\/\/qingdaohf.com\/product\/steel-stake\/#primaryimage\"},\"thumbnailUrl\":\"https:\/\/qingdaohf.com\/wp-content\/uploads\/2023\/02\/steel-stake-7.jpg\",\"datePublished\":\"2023-02-08T08:58:31+00:00\",\"dateModified\":\"2025-11-13T01:06:36+00:00\",\"description\":\"China\u00a0Square Steel Stake manufacturers.This\u00a0square stake\u00a0has a sleek black finish, and is easy to install onto your truck.\u00a0\",\"breadcrumb\":{\"@id\":\"https:\/\/qingdaohf.com\/product\/steel-stake\/#breadcrumb\"},\"inLanguage\":\"et\",\"potentialAction\":[{\"@type\":\"ReadAction\",\"target\":[\"https:\/\/qingdaohf.com\/product\/steel-stake\/\"]}]},{\"@type\":\"ImageObject\",\"inLanguage\":\"et\",\"@id\":\"https:\/\/qingdaohf.com\/product\/steel-stake\/#primaryimage\",\"url\":\"https:\/\/qingdaohf.com\/wp-content\/uploads\/2023\/02\/steel-stake-7.jpg\",\"contentUrl\":\"https:\/\/qingdaohf.com\/wp-content\/uploads\/2023\/02\/steel-stake-7.jpg\",\"width\":800,\"height\":800,\"caption\":\"steel stake\"},{\"@type\":\"BreadcrumbList\",\"@id\":\"https:\/\/qingdaohf.com\/product\/steel-stake\/#breadcrumb\",\"itemListElement\":[{\"@type\":\"ListItem\",\"position\":1,\"name\":\"Home\",\"item\":\"https:\/\/qingdaohf.com\/\"},{\"@type\":\"ListItem\",\"position\":2,\"name\":\"Concrete Forming Accessories and Rigging Hardware\",\"item\":\"https:\/\/qingdaohf.com\/bg\/?page_id=944\"},{\"@type\":\"ListItem\",\"position\":3,\"name\":\"Metal Concrete Forming Steel Stakes\"}]},{\"@type\":\"WebSite\",\"@id\":\"https:\/\/qingdaohf.com\/bg\/#website\",\"url\":\"https:\/\/qingdaohf.com\/bg\/\",\"name\":\"Concrete Form & Rigging Hardware Supplier\",\"description\":\"\",\"publisher\":{\"@id\":\"https:\/\/qingdaohf.com\/bg\/#organization\"},\"potentialAction\":[{\"@type\":\"SearchAction\",\"target\":{\"@type\":\"EntryPoint\",\"urlTemplate\":\"https:\/\/qingdaohf.com\/bg\/?s={search_term_string}\"},\"query-input\":{\"@type\":\"PropertyValueSpecification\",\"valueRequired\":true,\"valueName\":\"search_term_string\"}}],\"inLanguage\":\"et\"},{\"@type\":\"Organization\",\"@id\":\"https:\/\/qingdaohf.com\/bg\/#organization\",\"name\":\"Qingdao H&F\",\"url\":\"https:\/\/qingdaohf.com\/bg\/\",\"logo\":{\"@type\":\"ImageObject\",\"inLanguage\":\"et\",\"@id\":\"https:\/\/qingdaohf.com\/bg\/#\/schema\/logo\/image\/\",\"url\":\"https:\/\/qingdaohf.com\/wp-content\/uploads\/2022\/12\/cropped-HF-LOGO.png\",\"contentUrl\":\"https:\/\/qingdaohf.com\/wp-content\/uploads\/2022\/12\/cropped-HF-LOGO.png\",\"width\":391,\"height\":249,\"caption\":\"Qingdao H&F\"},\"image\":{\"@id\":\"https:\/\/qingdaohf.com\/bg\/#\/schema\/logo\/image\/\"},\"sameAs\":[\"https:\/\/www.facebook.com\/qingdaohf\"]}]}<\/script>\n<!-- \/ Yoast SEO plugin. -->","yoast_head_json":{"title":"Metal Concrete Forming Steel Stakes","description":"China\u00a0Square Steel Stake manufacturers.This\u00a0square stake\u00a0has a sleek black finish, and is easy to install onto your truck.\u00a0","robots":{"index":"index","follow":"follow","max-snippet":"max-snippet:-1","max-image-preview":"max-image-preview:large","max-video-preview":"max-video-preview:-1"},"canonical":"https:\/\/qingdaohf.com\/et\/toode\/terasvarras\/","og_locale":"et_EE","og_type":"article","og_title":"Concrete Steel Stake","og_description":"Steel stakes are commonly used in concrete forming to hold the formwork in place and to provide support for the weight of the wet concrete.","og_url":"https:\/\/qingdaohf.com\/et\/toode\/terasvarras\/","og_site_name":"Concrete Form &amp; Rigging Hardware Supplier","article_publisher":"https:\/\/www.facebook.com\/qingdaohf","article_modified_time":"2025-11-13T01:06:36+00:00","og_image":[{"width":800,"height":800,"url":"https:\/\/qingdaohf.com\/wp-content\/uploads\/2023\/02\/steel-stake-7.jpg","type":"image\/jpeg"}],"twitter_card":"summary_large_image","twitter_misc":{"Est. reading time":"3 minutit"},"schema":{"@context":"https:\/\/schema.org","@graph":[{"@type":"WebPage","@id":"https:\/\/qingdaohf.com\/product\/steel-stake\/","url":"https:\/\/qingdaohf.com\/product\/steel-stake\/","name":"Metal Concrete Forming Steel Stakes","isPartOf":{"@id":"https:\/\/qingdaohf.com\/bg\/#website"},"primaryImageOfPage":{"@id":"https:\/\/qingdaohf.com\/product\/steel-stake\/#primaryimage"},"image":{"@id":"https:\/\/qingdaohf.com\/product\/steel-stake\/#primaryimage"},"thumbnailUrl":"https:\/\/qingdaohf.com\/wp-content\/uploads\/2023\/02\/steel-stake-7.jpg","datePublished":"2023-02-08T08:58:31+00:00","dateModified":"2025-11-13T01:06:36+00:00","description":"China\u00a0Square Steel Stake manufacturers.This\u00a0square stake\u00a0has a sleek black finish, and is easy to install onto your truck.\u00a0","breadcrumb":{"@id":"https:\/\/qingdaohf.com\/product\/steel-stake\/#breadcrumb"},"inLanguage":"et","potentialAction":[{"@type":"ReadAction","target":["https:\/\/qingdaohf.com\/product\/steel-stake\/"]}]},{"@type":"ImageObject","inLanguage":"et","@id":"https:\/\/qingdaohf.com\/product\/steel-stake\/#primaryimage","url":"https:\/\/qingdaohf.com\/wp-content\/uploads\/2023\/02\/steel-stake-7.jpg","contentUrl":"https:\/\/qingdaohf.com\/wp-content\/uploads\/2023\/02\/steel-stake-7.jpg","width":800,"height":800,"caption":"steel stake"},{"@type":"BreadcrumbList","@id":"https:\/\/qingdaohf.com\/product\/steel-stake\/#breadcrumb","itemListElement":[{"@type":"ListItem","position":1,"name":"Home","item":"https:\/\/qingdaohf.com\/"},{"@type":"ListItem","position":2,"name":"Concrete Forming Accessories and Rigging Hardware","item":"https:\/\/qingdaohf.com\/bg\/?page_id=944"},{"@type":"ListItem","position":3,"name":"Metal Concrete Forming Steel Stakes"}]},{"@type":"WebSite","@id":"https:\/\/qingdaohf.com\/bg\/#website","url":"https:\/\/qingdaohf.com\/bg\/","name":"Concrete Form & Rigging Hardware Supplier","description":"","publisher":{"@id":"https:\/\/qingdaohf.com\/bg\/#organization"},"potentialAction":[{"@type":"SearchAction","target":{"@type":"EntryPoint","urlTemplate":"https:\/\/qingdaohf.com\/bg\/?s={search_term_string}"},"query-input":{"@type":"PropertyValueSpecification","valueRequired":true,"valueName":"search_term_string"}}],"inLanguage":"et"},{"@type":"Organization","@id":"https:\/\/qingdaohf.com\/bg\/#organization","name":"Qingdao H&F","url":"https:\/\/qingdaohf.com\/bg\/","logo":{"@type":"ImageObject","inLanguage":"et","@id":"https:\/\/qingdaohf.com\/bg\/#\/schema\/logo\/image\/","url":"https:\/\/qingdaohf.com\/wp-content\/uploads\/2022\/12\/cropped-HF-LOGO.png","contentUrl":"https:\/\/qingdaohf.com\/wp-content\/uploads\/2022\/12\/cropped-HF-LOGO.png","width":391,"height":249,"caption":"Qingdao H&F"},"image":{"@id":"https:\/\/qingdaohf.com\/bg\/#\/schema\/logo\/image\/"},"sameAs":["https:\/\/www.facebook.com\/qingdaohf"]}]}},"_links":{"self":[{"href":"https:\/\/qingdaohf.com\/et\/wp-json\/wp\/v2\/product\/2078","targetHints":{"allow":["GET"]}}],"collection":[{"href":"https:\/\/qingdaohf.com\/et\/wp-json\/wp\/v2\/product"}],"about":[{"href":"https:\/\/qingdaohf.com\/et\/wp-json\/wp\/v2\/types\/product"}],"replies":[{"embeddable":true,"href":"https:\/\/qingdaohf.com\/et\/wp-json\/wp\/v2\/comments?post=2078"}],"version-history":[{"count":31,"href":"https:\/\/qingdaohf.com\/et\/wp-json\/wp\/v2\/product\/2078\/revisions"}],"predecessor-version":[{"id":10343,"href":"https:\/\/qingdaohf.com\/et\/wp-json\/wp\/v2\/product\/2078\/revisions\/10343"}],"wp:featuredmedia":[{"embeddable":true,"href":"https:\/\/qingdaohf.com\/et\/wp-json\/wp\/v2\/media\/2788"}],"wp:attachment":[{"href":"https:\/\/qingdaohf.com\/et\/wp-json\/wp\/v2\/media?parent=2078"}],"wp:term":[{"taxonomy":"product_brand","embeddable":true,"href":"https:\/\/qingdaohf.com\/et\/wp-json\/wp\/v2\/product_brand?post=2078"},{"taxonomy":"product_cat","embeddable":true,"href":"https:\/\/qingdaohf.com\/et\/wp-json\/wp\/v2\/product_cat?post=2078"},{"taxonomy":"product_tag","embeddable":true,"href":"https:\/\/qingdaohf.com\/et\/wp-json\/wp\/v2\/product_tag?post=2078"}],"curies":[{"name":"wp","href":"https:\/\/api.w.org\/{rel}","templated":true}]}}