{"id":2127,"date":"2023-02-10T11:45:19","date_gmt":"2023-02-10T03:45:19","guid":{"rendered":"http:\/\/qingdaohf.com\/?post_type=product&#038;p=2127"},"modified":"2025-11-13T09:06:36","modified_gmt":"2025-11-13T01:06:36","slug":"brick-tie","status":"publish","type":"product","link":"https:\/\/qingdaohf.com\/et\/toode\/telliskivist-lips\/","title":{"rendered":"Roostevabast terasest tellistest seina sidemed ehitamiseks moodustamiseks"},"content":{"rendered":"<p>&nbsp;<\/p>\n<p><img fetchpriority=\"high\" decoding=\"async\" class=\"alignnone size-full wp-image-2732\" src=\"http:\/\/qingdaohf.com\/wp-content\/uploads\/2023\/02\/brick-tie-1.jpg\" alt=\"telliskivist lips\" width=\"1200\" height=\"648\" srcset=\"https:\/\/qingdaohf.com\/wp-content\/uploads\/2023\/02\/brick-tie-1.jpg 1200w, https:\/\/qingdaohf.com\/wp-content\/uploads\/2023\/02\/brick-tie-1-1000x540.jpg 1000w, https:\/\/qingdaohf.com\/wp-content\/uploads\/2023\/02\/brick-tie-1-300x162.jpg 300w, https:\/\/qingdaohf.com\/wp-content\/uploads\/2023\/02\/brick-tie-1-1024x553.jpg 1024w, https:\/\/qingdaohf.com\/wp-content\/uploads\/2023\/02\/brick-tie-1-768x415.jpg 768w\" sizes=\"(max-width: 1200px) 100vw, 1200px\" \/><\/p>\n<p>Tere tulemast Qingdao H &amp; F-i, mis on \u00fcle 20-aastase kogemusega v\u00e4ljakujunenud B2B-kaubandusettev\u00f5te, mis on uhkelt juhtiv tootja, tarnija ja turustaja betooni vormimise tarvikute ja rakiste riistvara valdkonnas. Meie tehas Hiinas tagab tipptasemel roostevabast terasest tellis\u00f5lmed, sealhulgas tellisrihmad ja m\u00fc\u00fcritise tellis\u00f5lmed, mis on h\u00f5lpsasti saadaval hulgi konkurentsiv\u00f5imeliste hulgim\u00fc\u00fcgihindadega. Tugeva p\u00fchendumusega kvaliteedile ja kliendi rahulolule pakume kohandamisv\u00f5imalusi, tasuta n\u00e4idiseid ja suurep\u00e4rast individuaalset teenindust, et rahuldada teie unikaalseid ehitusvajadusi.<\/p>\n<div class=\"ast-oembed-container\" style=\"height: 100%;\"><iframe title=\"Tellistest seina sidemed ehitust\u00f6\u00f6deks\" width=\"500\" height=\"281\" src=\"https:\/\/www.youtube.com\/embed\/73JqOQyHVuM?feature=oembed\" frameborder=\"0\" allow=\"accelerometer; autoplay; clipboard-write; encrypted-media; gyroscope; picture-in-picture; web-share\" referrerpolicy=\"strict-origin-when-cross-origin\" allowfullscreen><\/iframe><\/div>\n<h2>Miks valida meid?<\/h2>\n<h3>Usaldusv\u00e4\u00e4rne tootja koos \u00fchistulise tehasega:<\/h3>\n<p>Qingdao H&amp;F-i tugev maine usaldusv\u00e4\u00e4rse tootjana tuleneb meie kahe aastak\u00fcmne pikkusest kogemusest ja meie koost\u00f6\u00f6valmis tehase toetusest. Tagame, et iga tellis\u00f5lm on valmistatud t\u00e4pselt ja j\u00e4rgib k\u00f5rgeimaid t\u00f6\u00f6stusstandardeid.<\/p>\n<h3>Lai tootevalik:<\/h3>\n<p>T\u00f6\u00f6stuse juhtiva tarnija ja m\u00fc\u00fcjana pakume ulatuslikku valikut betoonivalmistamise tarvikuid ja riistvara, keskendudes eelk\u00f5ige roostevabast terasest telliskivisidemetele. Alates telliskivirihmadest kuni m\u00fc\u00fcritelliste sidemeteni rahuldavad meie tooted erinevaid ehitusn\u00f5udeid.<\/p>\n<h3>Hulgim\u00fc\u00fcja ja turustaja teenused:<\/h3>\n<p>Me oleme uhked selle \u00fcle, et oleme usaldusv\u00e4\u00e4rne hulgim\u00fc\u00fcja ja turustaja, kes pakub ettev\u00f5tetele ja t\u00f6\u00f6v\u00f5tjatele betoonseinte tellisidemete lahtiseid koguseid. Meie sujuv turustusv\u00f5rk tagab kiire tarne teie projektile.<\/p>\n<h3>Kvaliteedi tagamine ja hulgi k\u00e4ttesaadavus:<\/h3>\n<p>Me seame igal sammul esikohale kvaliteedi, teostades p\u00f5hjalikku kvaliteedikontrolli, et pakkuda teile parimaid tooteid. Meie telliskivisidemed on h\u00f5lpsasti saadaval lahtiselt, tagades katkematu tarnimise suuremahuliste projektide jaoks.<\/p>\n<h3>Kohandamisv\u00f5imalused ja tasuta n\u00e4idised:<\/h3>\n<p>Tunnistades meie klientide erinevaid vajadusi, pakume kohandamisv\u00f5imalusi, et kohandada tellisidemeid vastavalt teie konkreetse projekti n\u00f5uetele. Taotlege tasuta n\u00e4idiseid, et hinnata meie toote kvaliteeti ja sobivust enne ostu sooritamist.<\/p>\n<h3>T\u00f5hus hankimine ja individuaalne teenindus:<\/h3>\n<p>T\u00e4nu meie tugevale hankimisv\u00f5imekusele hangime k\u00f5rgekvaliteedilisi materjale, et luua vastupidavaid roostevabast terasest tellisidemeteid. Meie p\u00fchendunud meeskond pakub personaalset \u00fcks-\u00fchele teenust, juhatades teid valiku ja kohandamise protsessi kaudu.<\/p>\n<h2>J\u00e4reldus Brick Ties kohta<\/h2>\n<p>Qingdao H&amp;F on betoonseinte kvaliteetsete roostevabast terasest tellisidemete hankimisel usaldusv\u00e4\u00e4rne ettev\u00f5te, kellel on laialdased kogemused selles valdkonnas. Tootja, tehase, tarnija, hulgim\u00fc\u00fcja, edasim\u00fc\u00fcja ja turustajana oleme uhked, et pakume kohandatavaid tooteid konkurentsiv\u00f5imeliste hulgim\u00fc\u00fcgihindadega. Keskendudes tugevalt kliendi rahulolule, kutsume teid \u00fcles kogema meie p\u00fchendumist tipptasemele tasuta n\u00e4idiste ja t\u00f5husa individuaalse teeninduse kaudu. Laske meil olla oma ehitusprojektide jaoks tipptasemel telliskivisidemete partneriks. V\u00f5tke meiega juba t\u00e4na \u00fchendust, et uurida meie laia valikut ja leida teie vajadustele sobivad ideaalsed lahendused.<\/p>\n<p>&nbsp;<\/p>","protected":false},"excerpt":{"rendered":"<p>Telliskivisidemed on v\u00e4ikesed arhitektuurielemendid, mida kasutatakse kahe tellisseina \u00fchendamiseks \u00fcle kitsa \u00f5\u00f5nsuse v\u00f5i tellisseina sidumiseks puu- v\u00f5i teraskarkassiga.<\/p>","protected":false},"featured_media":2483,"comment_status":"open","ping_status":"closed","template":"","meta":{"site-sidebar-layout":"default","site-content-layout":"default","ast-site-content-layout":"","site-content-style":"default","site-sidebar-style":"default","ast-global-header-display":"","ast-banner-title-visibility":"","ast-main-header-display":"","ast-hfb-above-header-display":"","ast-hfb-below-header-display":"","ast-hfb-mobile-header-display":"","site-post-title":"","ast-breadcrumbs-content":"","ast-featured-img":"","footer-sml-layout":"","theme-transparent-header-meta":"default","adv-header-id-meta":"","stick-header-meta":"default","header-above-stick-meta":"","header-main-stick-meta":"","header-below-stick-meta":"","astra-migrate-meta-layouts":"default","ast-page-background-enabled":"default","ast-page-background-meta":{"desktop":{"background-color":"","background-image":"","background-repeat":"repeat","background-position":"center center","background-size":"auto","background-attachment":"scroll","background-type":"","background-media":"","overlay-type":"","overlay-color":"","overlay-opacity":"","overlay-gradient":""},"tablet":{"background-color":"","background-image":"","background-repeat":"repeat","background-position":"center center","background-size":"auto","background-attachment":"scroll","background-type":"","background-media":"","overlay-type":"","overlay-color":"","overlay-opacity":"","overlay-gradient":""},"mobile":{"background-color":"","background-image":"","background-repeat":"repeat","background-position":"center center","background-size":"auto","background-attachment":"scroll","background-type":"","background-media":"","overlay-type":"","overlay-color":"","overlay-opacity":"","overlay-gradient":""}},"ast-content-background-meta":{"desktop":{"background-color":"var(--ast-global-color-5)","background-image":"","background-repeat":"repeat","background-position":"center center","background-size":"auto","background-attachment":"scroll","background-type":"","background-media":"","overlay-type":"","overlay-color":"","overlay-opacity":"","overlay-gradient":""},"tablet":{"background-color":"var(--ast-global-color-5)","background-image":"","background-repeat":"repeat","background-position":"center center","background-size":"auto","background-attachment":"scroll","background-type":"","background-media":"","overlay-type":"","overlay-color":"","overlay-opacity":"","overlay-gradient":""},"mobile":{"background-color":"var(--ast-global-color-5)","background-image":"","background-repeat":"repeat","background-position":"center center","background-size":"auto","background-attachment":"scroll","background-type":"","background-media":"","overlay-type":"","overlay-color":"","overlay-opacity":"","overlay-gradient":""}}},"product_brand":[],"product_cat":[20,29],"product_tag":[],"class_list":{"0":"post-2127","1":"product","2":"type-product","3":"status-publish","4":"has-post-thumbnail","6":"product_cat-concrete-wall-tie","7":"product_cat-formwork-system","8":"desktop-align-left","9":"tablet-align-left","10":"mobile-align-left","11":"ast-product-gallery-layout-horizontal-slider","12":"ast-product-tabs-layout-horizontal","14":"first","15":"instock","16":"shipping-taxable","17":"purchasable","18":"product-type-simple"},"yoast_head":"<!-- This site is optimized with the Yoast SEO plugin v25.2 - https:\/\/yoast.com\/wordpress\/plugins\/seo\/ -->\n<title>Stainless Steel Brick Wall Ties for Construction Forming<\/title>\n<meta name=\"description\" content=\"Brick ties are small architectural elements that are used to connect two brick walls across a narrow cavity or to bind a brick wall to a wood or steel frame.\" \/>\n<meta name=\"robots\" content=\"index, follow, max-snippet:-1, max-image-preview:large, max-video-preview:-1\" \/>\n<link rel=\"canonical\" href=\"https:\/\/qingdaohf.com\/et\/toode\/telliskivist-lips\/\" \/>\n<meta property=\"og:locale\" content=\"et_EE\" \/>\n<meta property=\"og:type\" content=\"article\" \/>\n<meta property=\"og:title\" content=\"Stainless Steel Brick Wall Ties for Construction Forming\" \/>\n<meta property=\"og:description\" content=\"Brick ties are small architectural elements that are used to connect two brick walls across a narrow cavity or to bind a brick wall to a wood or steel frame.\" \/>\n<meta property=\"og:url\" content=\"https:\/\/qingdaohf.com\/et\/toode\/telliskivist-lips\/\" \/>\n<meta property=\"og:site_name\" content=\"Concrete Form &amp; Rigging Hardware Supplier\" \/>\n<meta property=\"article:publisher\" content=\"https:\/\/www.facebook.com\/qingdaohf\" \/>\n<meta property=\"article:modified_time\" content=\"2025-11-13T01:06:36+00:00\" \/>\n<meta property=\"og:image\" content=\"https:\/\/qingdaohf.com\/wp-content\/uploads\/2023\/02\/\u767d\u5e95\u56fe5.jpg\" \/>\n\t<meta property=\"og:image:width\" content=\"1000\" \/>\n\t<meta property=\"og:image:height\" content=\"1000\" \/>\n\t<meta property=\"og:image:type\" content=\"image\/jpeg\" \/>\n<meta name=\"twitter:card\" content=\"summary_large_image\" \/>\n<meta name=\"twitter:label1\" content=\"Est. reading time\" \/>\n\t<meta name=\"twitter:data1\" content=\"3 minutit\" \/>\n<script type=\"application\/ld+json\" class=\"yoast-schema-graph\">{\"@context\":\"https:\/\/schema.org\",\"@graph\":[{\"@type\":\"WebPage\",\"@id\":\"https:\/\/qingdaohf.com\/product\/brick-tie\/\",\"url\":\"https:\/\/qingdaohf.com\/product\/brick-tie\/\",\"name\":\"Stainless Steel Brick Wall Ties for Construction Forming\",\"isPartOf\":{\"@id\":\"https:\/\/qingdaohf.com\/bg\/#website\"},\"primaryImageOfPage\":{\"@id\":\"https:\/\/qingdaohf.com\/product\/brick-tie\/#primaryimage\"},\"image\":{\"@id\":\"https:\/\/qingdaohf.com\/product\/brick-tie\/#primaryimage\"},\"thumbnailUrl\":\"https:\/\/qingdaohf.com\/wp-content\/uploads\/2023\/02\/\u767d\u5e95\u56fe5.jpg\",\"datePublished\":\"2023-02-10T03:45:19+00:00\",\"dateModified\":\"2025-11-13T01:06:36+00:00\",\"description\":\"Brick ties are small architectural elements that are used to connect two brick walls across a narrow cavity or to bind a brick wall to a wood or steel frame.\",\"breadcrumb\":{\"@id\":\"https:\/\/qingdaohf.com\/product\/brick-tie\/#breadcrumb\"},\"inLanguage\":\"et\",\"potentialAction\":[{\"@type\":\"ReadAction\",\"target\":[\"https:\/\/qingdaohf.com\/product\/brick-tie\/\"]}]},{\"@type\":\"ImageObject\",\"inLanguage\":\"et\",\"@id\":\"https:\/\/qingdaohf.com\/product\/brick-tie\/#primaryimage\",\"url\":\"https:\/\/qingdaohf.com\/wp-content\/uploads\/2023\/02\/\u767d\u5e95\u56fe5.jpg\",\"contentUrl\":\"https:\/\/qingdaohf.com\/wp-content\/uploads\/2023\/02\/\u767d\u5e95\u56fe5.jpg\",\"width\":1000,\"height\":1000},{\"@type\":\"BreadcrumbList\",\"@id\":\"https:\/\/qingdaohf.com\/product\/brick-tie\/#breadcrumb\",\"itemListElement\":[{\"@type\":\"ListItem\",\"position\":1,\"name\":\"Home\",\"item\":\"https:\/\/qingdaohf.com\/\"},{\"@type\":\"ListItem\",\"position\":2,\"name\":\"Concrete Forming Accessories and Rigging Hardware\",\"item\":\"https:\/\/qingdaohf.com\/bg\/?page_id=944\"},{\"@type\":\"ListItem\",\"position\":3,\"name\":\"Stainless Steel Brick Wall Ties for Construction Forming\"}]},{\"@type\":\"WebSite\",\"@id\":\"https:\/\/qingdaohf.com\/bg\/#website\",\"url\":\"https:\/\/qingdaohf.com\/bg\/\",\"name\":\"Concrete Form & Rigging Hardware Supplier\",\"description\":\"\",\"publisher\":{\"@id\":\"https:\/\/qingdaohf.com\/bg\/#organization\"},\"potentialAction\":[{\"@type\":\"SearchAction\",\"target\":{\"@type\":\"EntryPoint\",\"urlTemplate\":\"https:\/\/qingdaohf.com\/bg\/?s={search_term_string}\"},\"query-input\":{\"@type\":\"PropertyValueSpecification\",\"valueRequired\":true,\"valueName\":\"search_term_string\"}}],\"inLanguage\":\"et\"},{\"@type\":\"Organization\",\"@id\":\"https:\/\/qingdaohf.com\/bg\/#organization\",\"name\":\"Qingdao H&F\",\"url\":\"https:\/\/qingdaohf.com\/bg\/\",\"logo\":{\"@type\":\"ImageObject\",\"inLanguage\":\"et\",\"@id\":\"https:\/\/qingdaohf.com\/bg\/#\/schema\/logo\/image\/\",\"url\":\"https:\/\/qingdaohf.com\/wp-content\/uploads\/2022\/12\/cropped-HF-LOGO.png\",\"contentUrl\":\"https:\/\/qingdaohf.com\/wp-content\/uploads\/2022\/12\/cropped-HF-LOGO.png\",\"width\":391,\"height\":249,\"caption\":\"Qingdao H&F\"},\"image\":{\"@id\":\"https:\/\/qingdaohf.com\/bg\/#\/schema\/logo\/image\/\"},\"sameAs\":[\"https:\/\/www.facebook.com\/qingdaohf\"]}]}<\/script>\n<!-- \/ Yoast SEO plugin. -->","yoast_head_json":{"title":"Stainless Steel Brick Wall Ties for Construction Forming","description":"Brick ties are small architectural elements that are used to connect two brick walls across a narrow cavity or to bind a brick wall to a wood or steel frame.","robots":{"index":"index","follow":"follow","max-snippet":"max-snippet:-1","max-image-preview":"max-image-preview:large","max-video-preview":"max-video-preview:-1"},"canonical":"https:\/\/qingdaohf.com\/et\/toode\/telliskivist-lips\/","og_locale":"et_EE","og_type":"article","og_title":"Stainless Steel Brick Wall Ties for Construction Forming","og_description":"Brick ties are small architectural elements that are used to connect two brick walls across a narrow cavity or to bind a brick wall to a wood or steel frame.","og_url":"https:\/\/qingdaohf.com\/et\/toode\/telliskivist-lips\/","og_site_name":"Concrete Form &amp; Rigging Hardware Supplier","article_publisher":"https:\/\/www.facebook.com\/qingdaohf","article_modified_time":"2025-11-13T01:06:36+00:00","og_image":[{"width":1000,"height":1000,"url":"https:\/\/qingdaohf.com\/wp-content\/uploads\/2023\/02\/\u767d\u5e95\u56fe5.jpg","type":"image\/jpeg"}],"twitter_card":"summary_large_image","twitter_misc":{"Est. reading time":"3 minutit"},"schema":{"@context":"https:\/\/schema.org","@graph":[{"@type":"WebPage","@id":"https:\/\/qingdaohf.com\/product\/brick-tie\/","url":"https:\/\/qingdaohf.com\/product\/brick-tie\/","name":"Stainless Steel Brick Wall Ties for Construction Forming","isPartOf":{"@id":"https:\/\/qingdaohf.com\/bg\/#website"},"primaryImageOfPage":{"@id":"https:\/\/qingdaohf.com\/product\/brick-tie\/#primaryimage"},"image":{"@id":"https:\/\/qingdaohf.com\/product\/brick-tie\/#primaryimage"},"thumbnailUrl":"https:\/\/qingdaohf.com\/wp-content\/uploads\/2023\/02\/\u767d\u5e95\u56fe5.jpg","datePublished":"2023-02-10T03:45:19+00:00","dateModified":"2025-11-13T01:06:36+00:00","description":"Brick ties are small architectural elements that are used to connect two brick walls across a narrow cavity or to bind a brick wall to a wood or steel frame.","breadcrumb":{"@id":"https:\/\/qingdaohf.com\/product\/brick-tie\/#breadcrumb"},"inLanguage":"et","potentialAction":[{"@type":"ReadAction","target":["https:\/\/qingdaohf.com\/product\/brick-tie\/"]}]},{"@type":"ImageObject","inLanguage":"et","@id":"https:\/\/qingdaohf.com\/product\/brick-tie\/#primaryimage","url":"https:\/\/qingdaohf.com\/wp-content\/uploads\/2023\/02\/\u767d\u5e95\u56fe5.jpg","contentUrl":"https:\/\/qingdaohf.com\/wp-content\/uploads\/2023\/02\/\u767d\u5e95\u56fe5.jpg","width":1000,"height":1000},{"@type":"BreadcrumbList","@id":"https:\/\/qingdaohf.com\/product\/brick-tie\/#breadcrumb","itemListElement":[{"@type":"ListItem","position":1,"name":"Home","item":"https:\/\/qingdaohf.com\/"},{"@type":"ListItem","position":2,"name":"Concrete Forming Accessories and Rigging Hardware","item":"https:\/\/qingdaohf.com\/bg\/?page_id=944"},{"@type":"ListItem","position":3,"name":"Stainless Steel Brick Wall Ties for Construction Forming"}]},{"@type":"WebSite","@id":"https:\/\/qingdaohf.com\/bg\/#website","url":"https:\/\/qingdaohf.com\/bg\/","name":"Concrete Form & Rigging Hardware Supplier","description":"","publisher":{"@id":"https:\/\/qingdaohf.com\/bg\/#organization"},"potentialAction":[{"@type":"SearchAction","target":{"@type":"EntryPoint","urlTemplate":"https:\/\/qingdaohf.com\/bg\/?s={search_term_string}"},"query-input":{"@type":"PropertyValueSpecification","valueRequired":true,"valueName":"search_term_string"}}],"inLanguage":"et"},{"@type":"Organization","@id":"https:\/\/qingdaohf.com\/bg\/#organization","name":"Qingdao H&F","url":"https:\/\/qingdaohf.com\/bg\/","logo":{"@type":"ImageObject","inLanguage":"et","@id":"https:\/\/qingdaohf.com\/bg\/#\/schema\/logo\/image\/","url":"https:\/\/qingdaohf.com\/wp-content\/uploads\/2022\/12\/cropped-HF-LOGO.png","contentUrl":"https:\/\/qingdaohf.com\/wp-content\/uploads\/2022\/12\/cropped-HF-LOGO.png","width":391,"height":249,"caption":"Qingdao H&F"},"image":{"@id":"https:\/\/qingdaohf.com\/bg\/#\/schema\/logo\/image\/"},"sameAs":["https:\/\/www.facebook.com\/qingdaohf"]}]}},"_links":{"self":[{"href":"https:\/\/qingdaohf.com\/et\/wp-json\/wp\/v2\/product\/2127","targetHints":{"allow":["GET"]}}],"collection":[{"href":"https:\/\/qingdaohf.com\/et\/wp-json\/wp\/v2\/product"}],"about":[{"href":"https:\/\/qingdaohf.com\/et\/wp-json\/wp\/v2\/types\/product"}],"replies":[{"embeddable":true,"href":"https:\/\/qingdaohf.com\/et\/wp-json\/wp\/v2\/comments?post=2127"}],"version-history":[{"count":2,"href":"https:\/\/qingdaohf.com\/et\/wp-json\/wp\/v2\/product\/2127\/revisions"}],"predecessor-version":[{"id":10459,"href":"https:\/\/qingdaohf.com\/et\/wp-json\/wp\/v2\/product\/2127\/revisions\/10459"}],"wp:featuredmedia":[{"embeddable":true,"href":"https:\/\/qingdaohf.com\/et\/wp-json\/wp\/v2\/media\/2483"}],"wp:attachment":[{"href":"https:\/\/qingdaohf.com\/et\/wp-json\/wp\/v2\/media?parent=2127"}],"wp:term":[{"taxonomy":"product_brand","embeddable":true,"href":"https:\/\/qingdaohf.com\/et\/wp-json\/wp\/v2\/product_brand?post=2127"},{"taxonomy":"product_cat","embeddable":true,"href":"https:\/\/qingdaohf.com\/et\/wp-json\/wp\/v2\/product_cat?post=2127"},{"taxonomy":"product_tag","embeddable":true,"href":"https:\/\/qingdaohf.com\/et\/wp-json\/wp\/v2\/product_tag?post=2127"}],"curies":[{"name":"wp","href":"https:\/\/api.w.org\/{rel}","templated":true}]}}