{"id":2132,"date":"2023-02-10T17:41:17","date_gmt":"2023-02-10T09:41:17","guid":{"rendered":"http:\/\/qingdaohf.com\/?post_type=product&#038;p=2132"},"modified":"2025-11-13T09:06:19","modified_gmt":"2025-11-13T01:06:19","slug":"formwork-tie-rod","status":"publish","type":"product","link":"https:\/\/qingdaohf.com\/et\/toode\/sabloonide-sidumisvarras\/","title":{"rendered":"Betoonvalu Tie Rod"},"content":{"rendered":"<div class=\"ast-oembed-container\" style=\"height: 100%;\"><iframe title=\"Betoonvalu Tie Mutter &amp;Tie Rod Betoonvalu mutter &amp;Tie Rod\" width=\"500\" height=\"281\" src=\"https:\/\/www.youtube.com\/embed\/RQCaJFwWa88?feature=oembed\" frameborder=\"0\" allow=\"accelerometer; autoplay; clipboard-write; encrypted-media; gyroscope; picture-in-picture; web-share\" referrerpolicy=\"strict-origin-when-cross-origin\" allowfullscreen><\/iframe><\/div>\n<h2 class=\"font-600 text-2xl font-bold\">Vaiba sidumistangide oluline roll<\/h2>\n<p class=\"whitespace-pre-wrap break-words\">M\u00f5elge sidumistrossis\u00fcsteemidest kui betoonehituse laulmata kangelastest. Need vastupidavad komponendid hoiavad teie betoonipaneelid betooni valamise ja k\u00f5venemise ajal paigal. Ilma nendeta oleks teil raske s\u00e4ilitada oma konstruktsiooni t\u00e4pset kuju ja tugevust.<\/p>\n<p class=\"whitespace-pre-wrap break-words\">Mis teeb need vardad eriliseks? Nad on valmistatud tugevalt - tavaliselt k\u00f5rgekvaliteedilisest terasest -, et tulla toime ehitusega seotud tugeva survega. Eriti hindate nende tugevust, kui t\u00f6\u00f6tate suurte infrastruktuuriprojektide v\u00f5i keeruliste arhitektuursete projektide kallal, kus vigade tegemise v\u00f5imalus on null.<\/p>\n<p><img fetchpriority=\"high\" decoding=\"async\" class=\"alignnone size-full wp-image-2990\" src=\"http:\/\/qingdaohf.com\/wp-content\/uploads\/2023\/02\/Tie-Nut.jpg\" alt=\"Tie Mutter\" width=\"1204\" height=\"1008\" srcset=\"https:\/\/qingdaohf.com\/wp-content\/uploads\/2023\/02\/Tie-Nut.jpg 1204w, https:\/\/qingdaohf.com\/wp-content\/uploads\/2023\/02\/Tie-Nut-300x251.jpg 300w, https:\/\/qingdaohf.com\/wp-content\/uploads\/2023\/02\/Tie-Nut-1024x857.jpg 1024w, https:\/\/qingdaohf.com\/wp-content\/uploads\/2023\/02\/Tie-Nut-768x643.jpg 768w, https:\/\/qingdaohf.com\/wp-content\/uploads\/2023\/02\/Tie-Nut-1000x837.jpg 1000w\" sizes=\"(max-width: 1204px) 100vw, 1204px\" \/><\/p>\n<h2 class=\"font-600 text-2xl font-bold\">Sidetangide s\u00fcsteemi integreerimine veepidemete ja tiibmutritega<\/h2>\n<p class=\"whitespace-pre-wrap break-words\">Sidevardad ei t\u00f6\u00f6ta \u00fcksi. Nad t\u00f6\u00f6tavad koos veepiirikute ja tiibmutritega, et luua terviklik \u0161abloonilahendus, mis on suurem kui selle osade summa.<\/p>\n<p class=\"whitespace-pre-wrap break-words\">Veet\u00f5kked paigaldatakse strateegiliselt piki sidumisvardaid, et takistada vee libisemist l\u00e4bi vuukide v\u00f5i aukude betoonis. See on k\u00f5ige olulisem selliste konstruktsioonide puhul nagu tugim\u00fc\u00fcrid ja keldrid, kus vee sissetung v\u00f5ib p\u00f5hjustada probleeme.<\/p>\n<p class=\"whitespace-pre-wrap break-words\">Tiibmutrid t\u00e4iendavad s\u00fcsteemi, lukustades sidumisvardad teie \u0161abloonipaneelide k\u00fclge. Need on m\u00f5eldud lihtsaks k\u00e4sitsemiseks - saate teha t\u00e4pseid seadistusi seadistamise ajal ja eemaldada need kiiresti, kui betoon on k\u00f5vaks muutunud.<\/p>\n<h2 class=\"font-600 text-2xl font-bold\">Vaiba\u00fchenduss\u00fcsteemide peamised eelised<\/h2>\n<p class=\"whitespace-pre-wrap break-words\">Lisaks sellele, et need lihtsalt hoiavad asju koos, tagavad lipsus\u00fcsteemid, et teie valmis konstruktsioon vastab t\u00e4pselt spetsifikatsioonidele. Selline t\u00e4psus tasub end \u00e4ra, kuna see v\u00e4hendab defekte ja v\u00e4hendab kallist parandamist p\u00e4rast ehitust.<\/p>\n<p class=\"whitespace-pre-wrap break-words\">Kui te lisate veepiirangud, siis te ei ehita lihtsalt - te kaitsete. Need komponendid takistavad vee j\u00f5udmist ja korrodeerumist sisemistesse tugevdustesse, muutes teie konstruktsiooni kauem kestvaks ja aja jooksul paremini toimivaks.<\/p>\n<p class=\"whitespace-pre-wrap break-words\">Qingdao H&amp;F teeb t\u00f5siseid j\u00f5upingutusi, et luua selliseid eeliseid pakkuvad sidevardas\u00fcsteemid. Iga toode l\u00e4bib ranged testid, et tagada selle vastavus teie projekti n\u00f5uetele.<\/p>\n<h2 class=\"font-600 text-2xl font-bold\">Miks valida Qingdao H&amp;F Tie Rod s\u00fcsteemide jaoks<\/h2>\n<p class=\"whitespace-pre-wrap break-words\">Otsite tarnijat, keda v\u00f5ite usaldada? Me Qingdao H&amp;F-is oleme uhked selle \u00fcle, et teeme k\u00f5ik endast oleneva. Meie individuaalne teenindus t\u00e4hendab, et saate personaalset t\u00e4helepanu, olenemata sellest, kas te t\u00f6\u00f6tate v\u00e4ikese projekti v\u00f5i ulatusliku arenduse kallal.<\/p>\n<p class=\"whitespace-pre-wrap break-words\">Me teame, et ehitus ei oota kedagi. Seep\u00e4rast oleme loonud t\u00f5husa tarnes\u00fcsteemi, mis aitab teil kiiresti k\u00e4tte saada sidumistangid, veepiirikud ja tiibmutrid, mis aitavad teil graafikus p\u00fcsida.<\/p>\n<p class=\"whitespace-pre-wrap break-words\">Kvaliteet ei ole siin lihtsalt m\u00e4rks\u00f5na - see on sisse ehitatud k\u00f5igesse, mida me teeme. Iga toode l\u00e4bib p\u00f5hjaliku testimise ja tuleb koos \u00fcksikasjalike kontrolliaruannetega. See annab teile kindlustunde, et meie lahendused toimivad siis, kui see on k\u00f5ige olulisem.<\/p>\n<p class=\"whitespace-pre-wrap break-words\">Lisaks suurep\u00e4rastele toodetele pakume ka tuge, millele v\u00f5ite loota. Meie meeskond t\u00f6\u00f6tab selle nimel, et m\u00f5ista teie vajadusi ja pakkuda sobivaid lahendusi. Selline l\u00e4henemine on teinud meist kogu maailma ehitajate jaoks parima partneri.<\/p>\n<h2 class=\"font-600 text-2xl font-bold\">Ehituse t\u00f5hususe suurendamine tie rod s\u00fcsteemide abil<\/h2>\n<p class=\"whitespace-pre-wrap break-words\">H\u00e4sti disainitud veermikus\u00fcsteemi ilu seisneb selles, et see suudab lahendada mitu probleemi korraga. See hoiab teie m\u00fc\u00fcritise joondatuna, v\u00e4ltides samal ajal veeprobleeme, lihtsustades kogu ehitusprotsessi.<\/p>\n<p class=\"whitespace-pre-wrap break-words\">\u00d5ige s\u00fcsteemi valimine muudab teie projekti edukust oluliselt. Kui teete koost\u00f6\u00f6d Qingdao H&amp;F-iga, saate rohkem kui lihtsalt k\u00f5rgtehnoloogilised tooted - saate toetust meeskonnalt, kes teab oma asju ja hoolib teie edust.<\/p>\n<h2 class=\"font-600 text-2xl font-bold\">Kokkuv\u00f5te<\/h2>\n<p class=\"whitespace-pre-wrap break-words\">Sidumisvardad on kaasaegse ehituse p\u00f5hitegur, mis tagab kindla betoonkonstruktsiooni jaoks vajaliku t\u00e4psuse ja tugevuse. T\u00f6\u00f6tades koos veepideme ja tiibmutritega, loovad nad t\u00e4ieliku lahenduse m\u00fc\u00fcritise kokkupanekuks. Valides Qingdao H&amp;F, valite tooted ja teenuse, mis aitavad muuta teie projekti edukaks.<\/p>\n<p class=\"whitespace-pre-wrap break-words\">\u00dcle kahe aastak\u00fcmne v\u00e4liskaubanduses tegutsedes oleme rajanud oma maine kvaliteetsete veermikus\u00fcsteemide tarnimisele. Olenemata sellest, kas te v\u00f5itlete veeprobleemidega v\u00f5i p\u00fc\u00fcate saavutada t\u00e4iuslikku joondamist, meil on lahendused, mis toimivad. Vaadake, mille poolest Qingdao H&amp;F erineb - r\u00e4\u00e4gime teie j\u00e4rgmisest projektist.<\/p>\n<p>&nbsp;<\/p>","protected":false},"excerpt":{"rendered":"<p data-pm-slice=\"1 1 []\">Valuvardad on ehituses h\u00e4davajalikud, tagades betooni valamise ajal konstruktsiooni stabiilsuse ja joondamise. Ostjad otsivad sageli vastupidavaid sidumisvarraste s\u00fcsteeme, mis sobivad sujuvalt kokku veepideme ja tiibmutritega, pakkudes maksimaalset t\u00f5husust ja usaldusv\u00e4\u00e4rsust. Qingdao H&amp;F rahuldab need vajadused individuaalse klienditoe, kiire tarne ja \u00fcksikasjalike kvaliteedikontrolli aruannete abil, mis tagab usalduse iga ostu suhtes.<\/p>","protected":false},"featured_media":8607,"comment_status":"open","ping_status":"closed","template":"","meta":{"site-sidebar-layout":"default","site-content-layout":"default","ast-site-content-layout":"default","site-content-style":"default","site-sidebar-style":"default","ast-global-header-display":"","ast-banner-title-visibility":"","ast-main-header-display":"","ast-hfb-above-header-display":"","ast-hfb-below-header-display":"","ast-hfb-mobile-header-display":"","site-post-title":"","ast-breadcrumbs-content":"","ast-featured-img":"","footer-sml-layout":"","theme-transparent-header-meta":"default","adv-header-id-meta":"","stick-header-meta":"default","header-above-stick-meta":"","header-main-stick-meta":"","header-below-stick-meta":"","astra-migrate-meta-layouts":"set","ast-page-background-enabled":"default","ast-page-background-meta":{"desktop":{"background-color":"","background-image":"","background-repeat":"repeat","background-position":"center center","background-size":"auto","background-attachment":"scroll","background-type":"","background-media":"","overlay-type":"","overlay-color":"","overlay-opacity":"","overlay-gradient":""},"tablet":{"background-color":"","background-image":"","background-repeat":"repeat","background-position":"center center","background-size":"auto","background-attachment":"scroll","background-type":"","background-media":"","overlay-type":"","overlay-color":"","overlay-opacity":"","overlay-gradient":""},"mobile":{"background-color":"","background-image":"","background-repeat":"repeat","background-position":"center center","background-size":"auto","background-attachment":"scroll","background-type":"","background-media":"","overlay-type":"","overlay-color":"","overlay-opacity":"","overlay-gradient":""}},"ast-content-background-meta":{"desktop":{"background-color":"var(--ast-global-color-5)","background-image":"","background-repeat":"repeat","background-position":"center center","background-size":"auto","background-attachment":"scroll","background-type":"","background-media":"","overlay-type":"","overlay-color":"","overlay-opacity":"","overlay-gradient":""},"tablet":{"background-color":"var(--ast-global-color-5)","background-image":"","background-repeat":"repeat","background-position":"center center","background-size":"auto","background-attachment":"scroll","background-type":"","background-media":"","overlay-type":"","overlay-color":"","overlay-opacity":"","overlay-gradient":""},"mobile":{"background-color":"var(--ast-global-color-5)","background-image":"","background-repeat":"repeat","background-position":"center center","background-size":"auto","background-attachment":"scroll","background-type":"","background-media":"","overlay-type":"","overlay-color":"","overlay-opacity":"","overlay-gradient":""}}},"product_brand":[],"product_cat":[79],"product_tag":[],"class_list":{"0":"post-2132","1":"product","2":"type-product","3":"status-publish","4":"has-post-thumbnail","6":"product_cat-tie-rod-system","7":"desktop-align-left","8":"tablet-align-left","9":"mobile-align-left","10":"ast-product-gallery-layout-horizontal-slider","11":"ast-product-tabs-layout-horizontal","13":"first","14":"instock","15":"shipping-taxable","16":"purchasable","17":"product-type-simple"},"yoast_head":"<!-- This site is optimized with the Yoast SEO plugin v25.2 - https:\/\/yoast.com\/wordpress\/plugins\/seo\/ -->\n<title>Concrete Formwork Tie Rod<\/title>\n<meta name=\"description\" content=\"Tie rod is reinforced straight steel rebar of large diameter with high strength and high dimensional accuracy external thread .\" \/>\n<meta name=\"robots\" content=\"index, follow, max-snippet:-1, max-image-preview:large, max-video-preview:-1\" \/>\n<link rel=\"canonical\" href=\"https:\/\/qingdaohf.com\/et\/toode\/sabloonide-sidumisvarras\/\" \/>\n<meta property=\"og:locale\" content=\"et_EE\" \/>\n<meta property=\"og:type\" content=\"article\" \/>\n<meta property=\"og:title\" content=\"Concrete Formwork Tie Rod\" \/>\n<meta property=\"og:description\" content=\"Tie rod is reinforced straight steel rebar of large diameter with high strength and high dimensional accuracy external thread .\" \/>\n<meta property=\"og:url\" content=\"https:\/\/qingdaohf.com\/et\/toode\/sabloonide-sidumisvarras\/\" \/>\n<meta property=\"og:site_name\" content=\"Concrete Form &amp; Rigging Hardware Supplier\" \/>\n<meta property=\"article:publisher\" content=\"https:\/\/www.facebook.com\/qingdaohf\" \/>\n<meta property=\"article:modified_time\" content=\"2025-11-13T01:06:19+00:00\" \/>\n<meta property=\"og:image\" content=\"https:\/\/qingdaohf.com\/wp-content\/uploads\/2023\/02\/tie-rod-system.webp\" \/>\n\t<meta property=\"og:image:width\" content=\"1000\" \/>\n\t<meta property=\"og:image:height\" content=\"1000\" \/>\n\t<meta property=\"og:image:type\" content=\"image\/webp\" \/>\n<meta name=\"twitter:card\" content=\"summary_large_image\" \/>\n<meta name=\"twitter:label1\" content=\"Est. reading time\" \/>\n\t<meta name=\"twitter:data1\" content=\"4 minutit\" \/>\n<script type=\"application\/ld+json\" class=\"yoast-schema-graph\">{\"@context\":\"https:\/\/schema.org\",\"@graph\":[{\"@type\":\"WebPage\",\"@id\":\"https:\/\/qingdaohf.com\/product\/formwork-tie-rod\/\",\"url\":\"https:\/\/qingdaohf.com\/product\/formwork-tie-rod\/\",\"name\":\"Concrete Formwork Tie Rod\",\"isPartOf\":{\"@id\":\"https:\/\/qingdaohf.com\/bg\/#website\"},\"primaryImageOfPage\":{\"@id\":\"https:\/\/qingdaohf.com\/product\/formwork-tie-rod\/#primaryimage\"},\"image\":{\"@id\":\"https:\/\/qingdaohf.com\/product\/formwork-tie-rod\/#primaryimage\"},\"thumbnailUrl\":\"https:\/\/qingdaohf.com\/wp-content\/uploads\/2023\/02\/tie-rod-system.webp\",\"datePublished\":\"2023-02-10T09:41:17+00:00\",\"dateModified\":\"2025-11-13T01:06:19+00:00\",\"description\":\"Tie rod is reinforced straight steel rebar of large diameter with high strength and high dimensional accuracy external thread .\",\"breadcrumb\":{\"@id\":\"https:\/\/qingdaohf.com\/product\/formwork-tie-rod\/#breadcrumb\"},\"inLanguage\":\"et\",\"potentialAction\":[{\"@type\":\"ReadAction\",\"target\":[\"https:\/\/qingdaohf.com\/product\/formwork-tie-rod\/\"]}]},{\"@type\":\"ImageObject\",\"inLanguage\":\"et\",\"@id\":\"https:\/\/qingdaohf.com\/product\/formwork-tie-rod\/#primaryimage\",\"url\":\"https:\/\/qingdaohf.com\/wp-content\/uploads\/2023\/02\/tie-rod-system.webp\",\"contentUrl\":\"https:\/\/qingdaohf.com\/wp-content\/uploads\/2023\/02\/tie-rod-system.webp\",\"width\":1000,\"height\":1000,\"caption\":\"tie rod system\"},{\"@type\":\"BreadcrumbList\",\"@id\":\"https:\/\/qingdaohf.com\/product\/formwork-tie-rod\/#breadcrumb\",\"itemListElement\":[{\"@type\":\"ListItem\",\"position\":1,\"name\":\"Home\",\"item\":\"https:\/\/qingdaohf.com\/\"},{\"@type\":\"ListItem\",\"position\":2,\"name\":\"Concrete Forming Accessories and Rigging Hardware\",\"item\":\"https:\/\/qingdaohf.com\/bg\/?page_id=944\"},{\"@type\":\"ListItem\",\"position\":3,\"name\":\"Concrete Formwork Tie Rod\"}]},{\"@type\":\"WebSite\",\"@id\":\"https:\/\/qingdaohf.com\/bg\/#website\",\"url\":\"https:\/\/qingdaohf.com\/bg\/\",\"name\":\"Concrete Form & Rigging Hardware Supplier\",\"description\":\"\",\"publisher\":{\"@id\":\"https:\/\/qingdaohf.com\/bg\/#organization\"},\"potentialAction\":[{\"@type\":\"SearchAction\",\"target\":{\"@type\":\"EntryPoint\",\"urlTemplate\":\"https:\/\/qingdaohf.com\/bg\/?s={search_term_string}\"},\"query-input\":{\"@type\":\"PropertyValueSpecification\",\"valueRequired\":true,\"valueName\":\"search_term_string\"}}],\"inLanguage\":\"et\"},{\"@type\":\"Organization\",\"@id\":\"https:\/\/qingdaohf.com\/bg\/#organization\",\"name\":\"Qingdao H&F\",\"url\":\"https:\/\/qingdaohf.com\/bg\/\",\"logo\":{\"@type\":\"ImageObject\",\"inLanguage\":\"et\",\"@id\":\"https:\/\/qingdaohf.com\/bg\/#\/schema\/logo\/image\/\",\"url\":\"https:\/\/qingdaohf.com\/wp-content\/uploads\/2022\/12\/cropped-HF-LOGO.png\",\"contentUrl\":\"https:\/\/qingdaohf.com\/wp-content\/uploads\/2022\/12\/cropped-HF-LOGO.png\",\"width\":391,\"height\":249,\"caption\":\"Qingdao H&F\"},\"image\":{\"@id\":\"https:\/\/qingdaohf.com\/bg\/#\/schema\/logo\/image\/\"},\"sameAs\":[\"https:\/\/www.facebook.com\/qingdaohf\"]}]}<\/script>\n<!-- \/ Yoast SEO plugin. -->","yoast_head_json":{"title":"Concrete Formwork Tie Rod","description":"Tie rod is reinforced straight steel rebar of large diameter with high strength and high dimensional accuracy external thread .","robots":{"index":"index","follow":"follow","max-snippet":"max-snippet:-1","max-image-preview":"max-image-preview:large","max-video-preview":"max-video-preview:-1"},"canonical":"https:\/\/qingdaohf.com\/et\/toode\/sabloonide-sidumisvarras\/","og_locale":"et_EE","og_type":"article","og_title":"Concrete Formwork Tie Rod","og_description":"Tie rod is reinforced straight steel rebar of large diameter with high strength and high dimensional accuracy external thread .","og_url":"https:\/\/qingdaohf.com\/et\/toode\/sabloonide-sidumisvarras\/","og_site_name":"Concrete Form &amp; Rigging Hardware Supplier","article_publisher":"https:\/\/www.facebook.com\/qingdaohf","article_modified_time":"2025-11-13T01:06:19+00:00","og_image":[{"width":1000,"height":1000,"url":"https:\/\/qingdaohf.com\/wp-content\/uploads\/2023\/02\/tie-rod-system.webp","type":"image\/webp"}],"twitter_card":"summary_large_image","twitter_misc":{"Est. reading time":"4 minutit"},"schema":{"@context":"https:\/\/schema.org","@graph":[{"@type":"WebPage","@id":"https:\/\/qingdaohf.com\/product\/formwork-tie-rod\/","url":"https:\/\/qingdaohf.com\/product\/formwork-tie-rod\/","name":"Concrete Formwork Tie Rod","isPartOf":{"@id":"https:\/\/qingdaohf.com\/bg\/#website"},"primaryImageOfPage":{"@id":"https:\/\/qingdaohf.com\/product\/formwork-tie-rod\/#primaryimage"},"image":{"@id":"https:\/\/qingdaohf.com\/product\/formwork-tie-rod\/#primaryimage"},"thumbnailUrl":"https:\/\/qingdaohf.com\/wp-content\/uploads\/2023\/02\/tie-rod-system.webp","datePublished":"2023-02-10T09:41:17+00:00","dateModified":"2025-11-13T01:06:19+00:00","description":"Tie rod is reinforced straight steel rebar of large diameter with high strength and high dimensional accuracy external thread .","breadcrumb":{"@id":"https:\/\/qingdaohf.com\/product\/formwork-tie-rod\/#breadcrumb"},"inLanguage":"et","potentialAction":[{"@type":"ReadAction","target":["https:\/\/qingdaohf.com\/product\/formwork-tie-rod\/"]}]},{"@type":"ImageObject","inLanguage":"et","@id":"https:\/\/qingdaohf.com\/product\/formwork-tie-rod\/#primaryimage","url":"https:\/\/qingdaohf.com\/wp-content\/uploads\/2023\/02\/tie-rod-system.webp","contentUrl":"https:\/\/qingdaohf.com\/wp-content\/uploads\/2023\/02\/tie-rod-system.webp","width":1000,"height":1000,"caption":"tie rod system"},{"@type":"BreadcrumbList","@id":"https:\/\/qingdaohf.com\/product\/formwork-tie-rod\/#breadcrumb","itemListElement":[{"@type":"ListItem","position":1,"name":"Home","item":"https:\/\/qingdaohf.com\/"},{"@type":"ListItem","position":2,"name":"Concrete Forming Accessories and Rigging Hardware","item":"https:\/\/qingdaohf.com\/bg\/?page_id=944"},{"@type":"ListItem","position":3,"name":"Concrete Formwork Tie Rod"}]},{"@type":"WebSite","@id":"https:\/\/qingdaohf.com\/bg\/#website","url":"https:\/\/qingdaohf.com\/bg\/","name":"Concrete Form & Rigging Hardware Supplier","description":"","publisher":{"@id":"https:\/\/qingdaohf.com\/bg\/#organization"},"potentialAction":[{"@type":"SearchAction","target":{"@type":"EntryPoint","urlTemplate":"https:\/\/qingdaohf.com\/bg\/?s={search_term_string}"},"query-input":{"@type":"PropertyValueSpecification","valueRequired":true,"valueName":"search_term_string"}}],"inLanguage":"et"},{"@type":"Organization","@id":"https:\/\/qingdaohf.com\/bg\/#organization","name":"Qingdao H&F","url":"https:\/\/qingdaohf.com\/bg\/","logo":{"@type":"ImageObject","inLanguage":"et","@id":"https:\/\/qingdaohf.com\/bg\/#\/schema\/logo\/image\/","url":"https:\/\/qingdaohf.com\/wp-content\/uploads\/2022\/12\/cropped-HF-LOGO.png","contentUrl":"https:\/\/qingdaohf.com\/wp-content\/uploads\/2022\/12\/cropped-HF-LOGO.png","width":391,"height":249,"caption":"Qingdao H&F"},"image":{"@id":"https:\/\/qingdaohf.com\/bg\/#\/schema\/logo\/image\/"},"sameAs":["https:\/\/www.facebook.com\/qingdaohf"]}]}},"_links":{"self":[{"href":"https:\/\/qingdaohf.com\/et\/wp-json\/wp\/v2\/product\/2132","targetHints":{"allow":["GET"]}}],"collection":[{"href":"https:\/\/qingdaohf.com\/et\/wp-json\/wp\/v2\/product"}],"about":[{"href":"https:\/\/qingdaohf.com\/et\/wp-json\/wp\/v2\/types\/product"}],"replies":[{"embeddable":true,"href":"https:\/\/qingdaohf.com\/et\/wp-json\/wp\/v2\/comments?post=2132"}],"version-history":[{"count":4,"href":"https:\/\/qingdaohf.com\/et\/wp-json\/wp\/v2\/product\/2132\/revisions"}],"predecessor-version":[{"id":3498,"href":"https:\/\/qingdaohf.com\/et\/wp-json\/wp\/v2\/product\/2132\/revisions\/3498"}],"wp:featuredmedia":[{"embeddable":true,"href":"https:\/\/qingdaohf.com\/et\/wp-json\/wp\/v2\/media\/8607"}],"wp:attachment":[{"href":"https:\/\/qingdaohf.com\/et\/wp-json\/wp\/v2\/media?parent=2132"}],"wp:term":[{"taxonomy":"product_brand","embeddable":true,"href":"https:\/\/qingdaohf.com\/et\/wp-json\/wp\/v2\/product_brand?post=2132"},{"taxonomy":"product_cat","embeddable":true,"href":"https:\/\/qingdaohf.com\/et\/wp-json\/wp\/v2\/product_cat?post=2132"},{"taxonomy":"product_tag","embeddable":true,"href":"https:\/\/qingdaohf.com\/et\/wp-json\/wp\/v2\/product_tag?post=2132"}],"curies":[{"name":"wp","href":"https:\/\/api.w.org\/{rel}","templated":true}]}}