{"id":2197,"date":"2023-02-14T18:02:59","date_gmt":"2023-02-14T10:02:59","guid":{"rendered":"http:\/\/qingdaohf.com\/?post_type=product&#038;p=2197"},"modified":"2025-11-13T09:06:18","modified_gmt":"2025-11-13T01:06:18","slug":"folding-grapnel-anchor","status":"publish","type":"product","link":"https:\/\/qingdaohf.com\/et\/toode\/ankurdusanker\/","title":{"rendered":"Kokkupandav grapnel-anker"},"content":{"rendered":"<p class=\"\" data-start=\"399\" data-end=\"810\">Esmapilgul eristub kokkupandav grapnellianker oma liigendusmehhanismi poolest, mis v\u00f5imaldab neljakandilistel k\u00fclgedel korralikult varda vastu kokku klapitada. See uuendus v\u00e4hendab ladustamispinda ja lihtsustab k\u00e4sitsemist ummikutega t\u00f6\u00f6platsidel. Erinevalt tavalisest grapnelankrist, mis j\u00e4\u00e4b alati j\u00e4igaks, sobib kokkupandav variant kitsastesse kohtadesse ja aitab kiiret kasutuselev\u00f5ttu h\u00f5lbustada.<\/p>\n<h2 class=\"\" data-start=\"812\" data-end=\"880\">Peamised erinevused kokkupandavate ja traditsiooniliste grapnelliankrute vahel<\/h2>\n<p class=\"\" data-start=\"881\" data-end=\"1374\">Tavap\u00e4rase Grapnel-ankru puhul on fikseeritud k\u00e4ed, mis n\u00f5uavad transpordiks ja kasutamiseks piisavalt ruumi. Seevastu kokkupandav grapnel-ankru kasutab karastatud legeeritud terasest valmistatud t\u00e4psustehnoloogilist liigendit, mis tagab iga k\u00e4e kindla lukustumise koormuse all. See \u00fchendus l\u00e4bib rangeid v\u00e4simuskatseid, et veenduda, et korduv avamine ja sulgemine ei p\u00f5hjusta materjali n\u00f5rgenemist. Selline d\u00fcnaamiline uurimine \u00fcletab staatilisi tugevuskatseid, mida sageli kohaldatakse statsionaarsete ankrute suhtes.<\/p>\n<h2 class=\"\" data-start=\"1376\" data-end=\"1415\">Materjalid ja ehituskvaliteet<\/h2>\n<p class=\"\" data-start=\"1416\" data-end=\"1997\">M\u00f5lemad ankrut\u00fc\u00fcbid on sepistatud k\u00f5rge t\u00f5mbetugevusega s\u00fcsinikterasest, seej\u00e4rel l\u00e4bivad mitmeastmelise kuumt\u00f6\u00f6tluse, mille tulemusel saavutatakse Brinelli k\u00f5vadus 260-300 HB. P\u00e4rast sepistamist saavad komponendid epoks\u00fctsink-kaksikihilise katte, mis \u00fcletab 1000 tundi neutraalses soolapritsis. Selline korrosioonikindlus on oluline rannikualade ehitamisel v\u00f5i meretagede paigaldamisel. Lisaks sellele kontrollitakse iga \u00fcksust m\u00f5\u00f5tmete t\u00e4psuse suhtes laserskanneriga, mis on tavaliselt ette n\u00e4htud pigem lennunduslike komponentide kui tavap\u00e4raste vormtarvikute jaoks.<\/p>\n<h2 class=\"\" data-start=\"1999\" data-end=\"2041\">Rakendused ja tulemuslikkuse anal\u00fc\u00fcs<\/h2>\n<p class=\"\" data-start=\"2042\" data-end=\"2639\">Betoonvormi puhul on grapnelliankrute \u00fclesandeks kinnitada vaheseinad ja vooderdised v\u00e4rskelt valatud muda h\u00fcdrostaatilise surve vastu. V\u00e4lit\u00f6\u00f6katsed n\u00e4itavad, et kokkupandavad mudelid pakuvad v\u00f5rreldavat t\u00f5mbetugevust - keskmiselt \u00fcle 12 kN - kui kokkupandamatud mudelid, v\u00e4hendades samal ajal transpordimahtu 40 %. Keskmise k\u00f5rghoone ehitusplatsil l\u00e4biviidud juhtumiuuringu k\u00e4igus teatasid meeskonnad, et paigaldusaeg v\u00e4henes 20 protsenti, mis tuleneb ankrute kompaktsusest ja lihtsamatest kinnitusviisidest. Selline t\u00f6\u00f6efektiivsus t\u00e4hendab otseselt v\u00e4iksemaid t\u00f6\u00f6j\u00f5ukulusid ja l\u00fchemaid projekti t\u00e4htaegu.<\/p>\n<h2 class=\"\" data-start=\"2641\" data-end=\"2684\">Integratsioon X-Flat Tie s\u00fcsteemiga<\/h2>\n<p class=\"\" data-start=\"2685\" data-end=\"3229\">X-Flat Tie t\u00e4iendab meie ankurduste valikut, pakkudes madala profiiliga lameda t\u00f5mbetarindi, mis on m\u00f5eldud \u00fche- ja kahepoolse m\u00fc\u00fcritise jaoks. Selle hammastatud haardepind haakub ankruvarsiga kiirlukustuse abil, mis v\u00f5imaldab peenh\u00e4\u00e4lestusi vahekauguse reguleerimiseks ilma peamise ankruga \u00fcmber paigutamata. X-Flat Ties on saadaval kergterasest ja roostevabast terasest variantidena, mis sobivad erinevatele projektidele - alates k\u00f5rghoonete s\u00fcdamikutest kuni monteeritavate \u00f5uealade paigaldamiseni - tagades, et iga koost s\u00e4ilitab koormuse \u00fchtlase jaotuse ja minimaalse paindumise surve all.<\/p>\n<h2 class=\"\" data-start=\"3231\" data-end=\"3272\">Kvaliteedi tagamine ja sertifikaadid<\/h2>\n<p class=\"\" data-start=\"3273\" data-end=\"3751\">Iga kokkupandav grapnelankru ja X-Flat Tie l\u00e4bib partiide prooviv\u00f5tu, mis h\u00f5lmab t\u00f5mbe-, painutus- ja l\u00f6\u00f6gikatset vastavalt EN 10204 kontrollistandarditele. Saadetistega kaasnevad vastavussertifikaadid, mis kinnitavad vastavust ISO 9001:2015 kvaliteedijuhtimise protokollidele. Lisaks nendele kriteeriumidele viib s\u00f5ltumatu labor l\u00e4bi juhuslikke soolapritsmete ja k\u00f5vaduse hindamisi, tagades, et materjali terviklikkus ja kaitsev viimistlus vastavad t\u00f6\u00f6stusharu normidele v\u00f5i \u00fcletavad neid.<\/p>\n<h2 class=\"\" data-start=\"3753\" data-end=\"3782\">Miks teha koost\u00f6\u00f6d H&amp;Figa<\/h2>\n<p class=\"\" data-start=\"3783\" data-end=\"4428\">Kliendid ei vali H&amp;F-i mitte ainult meie tootevaliku, vaid ka meie kohandatud teenuste \u00f6kos\u00fcsteemi t\u00f5ttu. Tulevased partnerid saavad tasuta n\u00e4idiseid, et kontrollida toimivust projektip\u00f5histe kriteeriumide alusel, mis v\u00e4listab enne suuremahulist hanget arvamise. Igale kliendile on tagatud \u00f6\u00f6p\u00e4evaringselt k\u00e4ttesaadav tehniline kontaktisik, kes pakub individuaalset tuge alates esialgsest p\u00e4ringust kuni tarnej\u00e4rgse j\u00e4relkontrollini. Lisaks sellele v\u00e4hendavad ukselt-uksele logistikateenused k\u00e4itlemise keerukust, eriti rahvusvaheliste saadetiste puhul, ning meie l\u00e4bipaistev j\u00e4lgimiss\u00fcsteem hoiab sidusr\u00fchmad kursis iga transiidi verstapostiga.<\/p>\n<p class=\"\" data-start=\"4430\" data-end=\"4730\">Kombineerides praktilise disaini, tugevad materjalispetsifikatsioonid ja kliendikeskse toetusmudeli, on kokkupandav grapnelanker ja sellega seotud X-Flat Tie lahendus usaldusv\u00e4\u00e4rne valik spetsialistidele, kes otsivad t\u00f5husust, tugevust ja usaldusv\u00e4\u00e4rsust m\u00fc\u00fcrit\u00f6\u00f6de ja taglase riistvara puhul.<\/p>","protected":false},"excerpt":{"rendered":"<p>Kokkupandav grapnel-anker pakub mitmek\u00fclgset ankurdamislahendust, mille kompaktne, kokkupandav disain suurendab kaasaskantavust, ilma et see kahjustaks tugevust. Traditsiooniliste Grapnel-ankrute k\u00f5rval on see sujuvalt integreeritud X-Flat Tie s\u00fcsteemiga, mis tagab usaldusv\u00e4\u00e4rse toimimise n\u00f5udlikes \u0161abloonide ja taglase rakendustes.<\/p>","protected":false},"featured_media":9458,"comment_status":"open","ping_status":"closed","template":"","meta":{"site-sidebar-layout":"default","site-content-layout":"default","ast-site-content-layout":"default","site-content-style":"default","site-sidebar-style":"default","ast-global-header-display":"","ast-banner-title-visibility":"","ast-main-header-display":"","ast-hfb-above-header-display":"","ast-hfb-below-header-display":"","ast-hfb-mobile-header-display":"","site-post-title":"","ast-breadcrumbs-content":"","ast-featured-img":"","footer-sml-layout":"","theme-transparent-header-meta":"default","adv-header-id-meta":"","stick-header-meta":"default","header-above-stick-meta":"","header-main-stick-meta":"","header-below-stick-meta":"","astra-migrate-meta-layouts":"set","ast-page-background-enabled":"default","ast-page-background-meta":{"desktop":{"background-color":"","background-image":"","background-repeat":"repeat","background-position":"center center","background-size":"auto","background-attachment":"scroll","background-type":"","background-media":"","overlay-type":"","overlay-color":"","overlay-opacity":"","overlay-gradient":""},"tablet":{"background-color":"","background-image":"","background-repeat":"repeat","background-position":"center center","background-size":"auto","background-attachment":"scroll","background-type":"","background-media":"","overlay-type":"","overlay-color":"","overlay-opacity":"","overlay-gradient":""},"mobile":{"background-color":"","background-image":"","background-repeat":"repeat","background-position":"center center","background-size":"auto","background-attachment":"scroll","background-type":"","background-media":"","overlay-type":"","overlay-color":"","overlay-opacity":"","overlay-gradient":""}},"ast-content-background-meta":{"desktop":{"background-color":"var(--ast-global-color-5)","background-image":"","background-repeat":"repeat","background-position":"center center","background-size":"auto","background-attachment":"scroll","background-type":"","background-media":"","overlay-type":"","overlay-color":"","overlay-opacity":"","overlay-gradient":""},"tablet":{"background-color":"var(--ast-global-color-5)","background-image":"","background-repeat":"repeat","background-position":"center center","background-size":"auto","background-attachment":"scroll","background-type":"","background-media":"","overlay-type":"","overlay-color":"","overlay-opacity":"","overlay-gradient":""},"mobile":{"background-color":"var(--ast-global-color-5)","background-image":"","background-repeat":"repeat","background-position":"center center","background-size":"auto","background-attachment":"scroll","background-type":"","background-media":"","overlay-type":"","overlay-color":"","overlay-opacity":"","overlay-gradient":""}}},"product_brand":[],"product_cat":[74,43],"product_tag":[],"class_list":{"0":"post-2197","1":"product","2":"type-product","3":"status-publish","4":"has-post-thumbnail","6":"product_cat-boat-anchor","7":"product_cat-rigging-hardware","8":"desktop-align-left","9":"tablet-align-left","10":"mobile-align-left","11":"ast-product-gallery-layout-horizontal-slider","12":"ast-product-tabs-layout-horizontal","14":"first","15":"instock","16":"shipping-taxable","17":"purchasable","18":"product-type-simple"},"yoast_head":"<!-- This site is optimized with the Yoast SEO plugin v25.2 - https:\/\/yoast.com\/wordpress\/plugins\/seo\/ -->\n<title>Folding Grapnel Anchor<\/title>\n<meta name=\"description\" content=\"The Grapnel Anchor is a mechanical device commonly used in maritime and climbing activities for securing and stabilizing objects.\" \/>\n<meta name=\"robots\" content=\"index, follow, max-snippet:-1, max-image-preview:large, max-video-preview:-1\" \/>\n<link rel=\"canonical\" href=\"https:\/\/qingdaohf.com\/et\/toode\/ankurdusanker\/\" \/>\n<meta property=\"og:locale\" content=\"et_EE\" \/>\n<meta property=\"og:type\" content=\"article\" \/>\n<meta property=\"og:title\" content=\"Folding Grapnel Anchor\" \/>\n<meta property=\"og:description\" content=\"The Grapnel Anchor is a mechanical device commonly used in maritime and climbing activities for securing and stabilizing objects.\" \/>\n<meta property=\"og:url\" content=\"https:\/\/qingdaohf.com\/et\/toode\/ankurdusanker\/\" \/>\n<meta property=\"og:site_name\" content=\"Concrete Form &amp; Rigging Hardware Supplier\" \/>\n<meta property=\"article:publisher\" content=\"https:\/\/www.facebook.com\/qingdaohf\" \/>\n<meta property=\"article:modified_time\" content=\"2025-11-13T01:06:18+00:00\" \/>\n<meta property=\"og:image\" content=\"https:\/\/qingdaohf.com\/wp-content\/uploads\/2023\/02\/Grapnel-Anchor-1.jpg\" \/>\n\t<meta property=\"og:image:width\" content=\"1000\" \/>\n\t<meta property=\"og:image:height\" content=\"1000\" \/>\n\t<meta property=\"og:image:type\" content=\"image\/jpeg\" \/>\n<meta name=\"twitter:card\" content=\"summary_large_image\" \/>\n<meta name=\"twitter:label1\" content=\"Est. reading time\" \/>\n\t<meta name=\"twitter:data1\" content=\"3 minutit\" \/>\n<script type=\"application\/ld+json\" class=\"yoast-schema-graph\">{\"@context\":\"https:\/\/schema.org\",\"@graph\":[{\"@type\":\"WebPage\",\"@id\":\"https:\/\/qingdaohf.com\/product\/folding-grapnel-anchor\/\",\"url\":\"https:\/\/qingdaohf.com\/product\/folding-grapnel-anchor\/\",\"name\":\"Folding Grapnel Anchor\",\"isPartOf\":{\"@id\":\"https:\/\/qingdaohf.com\/bg\/#website\"},\"primaryImageOfPage\":{\"@id\":\"https:\/\/qingdaohf.com\/product\/folding-grapnel-anchor\/#primaryimage\"},\"image\":{\"@id\":\"https:\/\/qingdaohf.com\/product\/folding-grapnel-anchor\/#primaryimage\"},\"thumbnailUrl\":\"https:\/\/qingdaohf.com\/wp-content\/uploads\/2023\/02\/Grapnel-Anchor-1.jpg\",\"datePublished\":\"2023-02-14T10:02:59+00:00\",\"dateModified\":\"2025-11-13T01:06:18+00:00\",\"description\":\"The Grapnel Anchor is a mechanical device commonly used in maritime and climbing activities for securing and stabilizing objects.\",\"breadcrumb\":{\"@id\":\"https:\/\/qingdaohf.com\/product\/folding-grapnel-anchor\/#breadcrumb\"},\"inLanguage\":\"et\",\"potentialAction\":[{\"@type\":\"ReadAction\",\"target\":[\"https:\/\/qingdaohf.com\/product\/folding-grapnel-anchor\/\"]}]},{\"@type\":\"ImageObject\",\"inLanguage\":\"et\",\"@id\":\"https:\/\/qingdaohf.com\/product\/folding-grapnel-anchor\/#primaryimage\",\"url\":\"https:\/\/qingdaohf.com\/wp-content\/uploads\/2023\/02\/Grapnel-Anchor-1.jpg\",\"contentUrl\":\"https:\/\/qingdaohf.com\/wp-content\/uploads\/2023\/02\/Grapnel-Anchor-1.jpg\",\"width\":1000,\"height\":1000,\"caption\":\"Grapnel Anchor\"},{\"@type\":\"BreadcrumbList\",\"@id\":\"https:\/\/qingdaohf.com\/product\/folding-grapnel-anchor\/#breadcrumb\",\"itemListElement\":[{\"@type\":\"ListItem\",\"position\":1,\"name\":\"Home\",\"item\":\"https:\/\/qingdaohf.com\/\"},{\"@type\":\"ListItem\",\"position\":2,\"name\":\"Concrete Forming Accessories and Rigging Hardware\",\"item\":\"https:\/\/qingdaohf.com\/bg\/?page_id=944\"},{\"@type\":\"ListItem\",\"position\":3,\"name\":\"Folding Grapnel Anchor\"}]},{\"@type\":\"WebSite\",\"@id\":\"https:\/\/qingdaohf.com\/bg\/#website\",\"url\":\"https:\/\/qingdaohf.com\/bg\/\",\"name\":\"Concrete Form & Rigging Hardware Supplier\",\"description\":\"\",\"publisher\":{\"@id\":\"https:\/\/qingdaohf.com\/bg\/#organization\"},\"potentialAction\":[{\"@type\":\"SearchAction\",\"target\":{\"@type\":\"EntryPoint\",\"urlTemplate\":\"https:\/\/qingdaohf.com\/bg\/?s={search_term_string}\"},\"query-input\":{\"@type\":\"PropertyValueSpecification\",\"valueRequired\":true,\"valueName\":\"search_term_string\"}}],\"inLanguage\":\"et\"},{\"@type\":\"Organization\",\"@id\":\"https:\/\/qingdaohf.com\/bg\/#organization\",\"name\":\"Qingdao H&F\",\"url\":\"https:\/\/qingdaohf.com\/bg\/\",\"logo\":{\"@type\":\"ImageObject\",\"inLanguage\":\"et\",\"@id\":\"https:\/\/qingdaohf.com\/bg\/#\/schema\/logo\/image\/\",\"url\":\"https:\/\/qingdaohf.com\/wp-content\/uploads\/2022\/12\/cropped-HF-LOGO.png\",\"contentUrl\":\"https:\/\/qingdaohf.com\/wp-content\/uploads\/2022\/12\/cropped-HF-LOGO.png\",\"width\":391,\"height\":249,\"caption\":\"Qingdao H&F\"},\"image\":{\"@id\":\"https:\/\/qingdaohf.com\/bg\/#\/schema\/logo\/image\/\"},\"sameAs\":[\"https:\/\/www.facebook.com\/qingdaohf\"]}]}<\/script>\n<!-- \/ Yoast SEO plugin. -->","yoast_head_json":{"title":"Folding Grapnel Anchor","description":"The Grapnel Anchor is a mechanical device commonly used in maritime and climbing activities for securing and stabilizing objects.","robots":{"index":"index","follow":"follow","max-snippet":"max-snippet:-1","max-image-preview":"max-image-preview:large","max-video-preview":"max-video-preview:-1"},"canonical":"https:\/\/qingdaohf.com\/et\/toode\/ankurdusanker\/","og_locale":"et_EE","og_type":"article","og_title":"Folding Grapnel Anchor","og_description":"The Grapnel Anchor is a mechanical device commonly used in maritime and climbing activities for securing and stabilizing objects.","og_url":"https:\/\/qingdaohf.com\/et\/toode\/ankurdusanker\/","og_site_name":"Concrete Form &amp; Rigging Hardware Supplier","article_publisher":"https:\/\/www.facebook.com\/qingdaohf","article_modified_time":"2025-11-13T01:06:18+00:00","og_image":[{"width":1000,"height":1000,"url":"https:\/\/qingdaohf.com\/wp-content\/uploads\/2023\/02\/Grapnel-Anchor-1.jpg","type":"image\/jpeg"}],"twitter_card":"summary_large_image","twitter_misc":{"Est. reading time":"3 minutit"},"schema":{"@context":"https:\/\/schema.org","@graph":[{"@type":"WebPage","@id":"https:\/\/qingdaohf.com\/product\/folding-grapnel-anchor\/","url":"https:\/\/qingdaohf.com\/product\/folding-grapnel-anchor\/","name":"Folding Grapnel Anchor","isPartOf":{"@id":"https:\/\/qingdaohf.com\/bg\/#website"},"primaryImageOfPage":{"@id":"https:\/\/qingdaohf.com\/product\/folding-grapnel-anchor\/#primaryimage"},"image":{"@id":"https:\/\/qingdaohf.com\/product\/folding-grapnel-anchor\/#primaryimage"},"thumbnailUrl":"https:\/\/qingdaohf.com\/wp-content\/uploads\/2023\/02\/Grapnel-Anchor-1.jpg","datePublished":"2023-02-14T10:02:59+00:00","dateModified":"2025-11-13T01:06:18+00:00","description":"The Grapnel Anchor is a mechanical device commonly used in maritime and climbing activities for securing and stabilizing objects.","breadcrumb":{"@id":"https:\/\/qingdaohf.com\/product\/folding-grapnel-anchor\/#breadcrumb"},"inLanguage":"et","potentialAction":[{"@type":"ReadAction","target":["https:\/\/qingdaohf.com\/product\/folding-grapnel-anchor\/"]}]},{"@type":"ImageObject","inLanguage":"et","@id":"https:\/\/qingdaohf.com\/product\/folding-grapnel-anchor\/#primaryimage","url":"https:\/\/qingdaohf.com\/wp-content\/uploads\/2023\/02\/Grapnel-Anchor-1.jpg","contentUrl":"https:\/\/qingdaohf.com\/wp-content\/uploads\/2023\/02\/Grapnel-Anchor-1.jpg","width":1000,"height":1000,"caption":"Grapnel Anchor"},{"@type":"BreadcrumbList","@id":"https:\/\/qingdaohf.com\/product\/folding-grapnel-anchor\/#breadcrumb","itemListElement":[{"@type":"ListItem","position":1,"name":"Home","item":"https:\/\/qingdaohf.com\/"},{"@type":"ListItem","position":2,"name":"Concrete Forming Accessories and Rigging Hardware","item":"https:\/\/qingdaohf.com\/bg\/?page_id=944"},{"@type":"ListItem","position":3,"name":"Folding Grapnel Anchor"}]},{"@type":"WebSite","@id":"https:\/\/qingdaohf.com\/bg\/#website","url":"https:\/\/qingdaohf.com\/bg\/","name":"Concrete Form & Rigging Hardware Supplier","description":"","publisher":{"@id":"https:\/\/qingdaohf.com\/bg\/#organization"},"potentialAction":[{"@type":"SearchAction","target":{"@type":"EntryPoint","urlTemplate":"https:\/\/qingdaohf.com\/bg\/?s={search_term_string}"},"query-input":{"@type":"PropertyValueSpecification","valueRequired":true,"valueName":"search_term_string"}}],"inLanguage":"et"},{"@type":"Organization","@id":"https:\/\/qingdaohf.com\/bg\/#organization","name":"Qingdao H&F","url":"https:\/\/qingdaohf.com\/bg\/","logo":{"@type":"ImageObject","inLanguage":"et","@id":"https:\/\/qingdaohf.com\/bg\/#\/schema\/logo\/image\/","url":"https:\/\/qingdaohf.com\/wp-content\/uploads\/2022\/12\/cropped-HF-LOGO.png","contentUrl":"https:\/\/qingdaohf.com\/wp-content\/uploads\/2022\/12\/cropped-HF-LOGO.png","width":391,"height":249,"caption":"Qingdao H&F"},"image":{"@id":"https:\/\/qingdaohf.com\/bg\/#\/schema\/logo\/image\/"},"sameAs":["https:\/\/www.facebook.com\/qingdaohf"]}]}},"_links":{"self":[{"href":"https:\/\/qingdaohf.com\/et\/wp-json\/wp\/v2\/product\/2197","targetHints":{"allow":["GET"]}}],"collection":[{"href":"https:\/\/qingdaohf.com\/et\/wp-json\/wp\/v2\/product"}],"about":[{"href":"https:\/\/qingdaohf.com\/et\/wp-json\/wp\/v2\/types\/product"}],"replies":[{"embeddable":true,"href":"https:\/\/qingdaohf.com\/et\/wp-json\/wp\/v2\/comments?post=2197"}],"version-history":[{"count":2,"href":"https:\/\/qingdaohf.com\/et\/wp-json\/wp\/v2\/product\/2197\/revisions"}],"predecessor-version":[{"id":9463,"href":"https:\/\/qingdaohf.com\/et\/wp-json\/wp\/v2\/product\/2197\/revisions\/9463"}],"wp:featuredmedia":[{"embeddable":true,"href":"https:\/\/qingdaohf.com\/et\/wp-json\/wp\/v2\/media\/9458"}],"wp:attachment":[{"href":"https:\/\/qingdaohf.com\/et\/wp-json\/wp\/v2\/media?parent=2197"}],"wp:term":[{"taxonomy":"product_brand","embeddable":true,"href":"https:\/\/qingdaohf.com\/et\/wp-json\/wp\/v2\/product_brand?post=2197"},{"taxonomy":"product_cat","embeddable":true,"href":"https:\/\/qingdaohf.com\/et\/wp-json\/wp\/v2\/product_cat?post=2197"},{"taxonomy":"product_tag","embeddable":true,"href":"https:\/\/qingdaohf.com\/et\/wp-json\/wp\/v2\/product_tag?post=2197"}],"curies":[{"name":"wp","href":"https:\/\/api.w.org\/{rel}","templated":true}]}}