{"id":2218,"date":"2023-02-15T11:57:32","date_gmt":"2023-02-15T03:57:32","guid":{"rendered":"http:\/\/qingdaohf.com\/?post_type=product&#038;p=2218"},"modified":"2025-11-13T09:06:17","modified_gmt":"2025-11-13T01:06:17","slug":"tie-nut","status":"publish","type":"product","link":"https:\/\/qingdaohf.com\/et\/toode\/sidemutter\/","title":{"rendered":"Keermestus mutter"},"content":{"rendered":"<div class=\"ast-oembed-container\" style=\"height: 100%;\"><iframe title=\"Betoonvalu Tie Mutter &amp;Tie Rod Betoonvalu mutter &amp;Tie Rod\" width=\"500\" height=\"281\" src=\"https:\/\/www.youtube.com\/embed\/RQCaJFwWa88?feature=oembed\" frameborder=\"0\" allow=\"accelerometer; autoplay; clipboard-write; encrypted-media; gyroscope; picture-in-picture; web-share\" referrerpolicy=\"strict-origin-when-cross-origin\" allowfullscreen><\/iframe><\/div>\n<h4>Betoonvalu stabiilsuse selgroog<\/h4>\n<p>Betoonehituse n\u00f5udlikus maailmas on stabiilsus ja t\u00e4psus vormimisprotsessi ajal vaieldamatu. Selle protsessi keskmes on sidumisvarraste s\u00fcsteem, mis on terviklik lahendus, mis h\u00f5lmab sidumisvarraste, sidumismutreid, veepiirdeid ja tiibmutreid. Sidemutrid m\u00e4ngivad selles koostus olulist rolli, lukustades sidemevardad kindlalt oma kohale ja tagades, et betoon j\u00e4\u00e4b m\u00e4rja betooni tohutu surve all stabiilseks.<\/p>\n<p>Need pealtn\u00e4ha v\u00e4ikesed komponendid on konstrueeritud nii, et nad suudavad taluda suuri koormusi, v\u00e4ltides valamise ja k\u00f5venemise ajal vormide nihkumist v\u00f5i deformeerumist. Ilma usaldusv\u00e4\u00e4rsete kinnitusmutriteta v\u00f5ib kogu s\u00fcsteem eba\u00f5nnestuda, ohustades nii ehitusprotsessi t\u00f5husust kui ka l\u00f5pptoote struktuurilist terviklikkust.<\/p>\n<h4>Tie Rod s\u00fcsteem: sidus lahendus<\/h4>\n<p><img fetchpriority=\"high\" decoding=\"async\" class=\"alignnone size-full wp-image-2990\" src=\"http:\/\/qingdaohf.com\/wp-content\/uploads\/2023\/02\/Tie-Nut.jpg\" alt=\"Tie Mutter\" width=\"1204\" height=\"1008\" srcset=\"https:\/\/qingdaohf.com\/wp-content\/uploads\/2023\/02\/Tie-Nut.jpg 1204w, https:\/\/qingdaohf.com\/wp-content\/uploads\/2023\/02\/Tie-Nut-300x251.jpg 300w, https:\/\/qingdaohf.com\/wp-content\/uploads\/2023\/02\/Tie-Nut-1024x857.jpg 1024w, https:\/\/qingdaohf.com\/wp-content\/uploads\/2023\/02\/Tie-Nut-768x643.jpg 768w, https:\/\/qingdaohf.com\/wp-content\/uploads\/2023\/02\/Tie-Nut-1000x837.jpg 1000w\" sizes=\"(max-width: 1204px) 100vw, 1204px\" \/><\/p>\n<p>Sidemetalls\u00fcsteem toimib \u00fchtse koostuna, mis on m\u00f5eldud betoonvalu toetamiseks ja stabiliseerimiseks.<\/p>\n<ul>\n<li><strong>Sidetangid:<\/strong> S\u00fcsteemi keskne osa, sidumisvardad on suure t\u00f5mbetugevusega terasvardad, mis neelavad ja jaotavad v\u00e4rskelt valatud betoonist tulenevat survet. Need ulatuvad \u00fcle kogu \u0161ali, tagades selle paigalhoidmiseks vajaliku j\u00e4ikuse.<\/li>\n<li><strong>Veepeatused:<\/strong> Sageli on veet\u00f5kked integreeritud veepidemetega, mis on kriitilised t\u00f5kked, mis takistavad vee imbumist l\u00e4bi veepidemete aukude. Need elemendid suurendavad konstruktsiooni vastupidavust, v\u00e4hendades veekahjustuste ohtu ja tagades pikaajalise toimivuse.<\/li>\n<li><strong>Tie Nuts:<\/strong> Sidumisvarraste m\u00f5lemasse otsa paigutatud sidumismutrid kinnitavad varred kindlalt \u0161abloonipaneelide k\u00fclge. Nende keermestus ja tugevus on kavandatud nii, et need peavad vastu ehitamise k\u00e4igus tekkivatele suurtele pingetele, s\u00e4ilitades nii \u0161ali joonduse ja stabiilsuse.<\/li>\n<li><strong>Wing Nuts:<\/strong> Tiibmutrid on praktiline t\u00e4iendus s\u00fcsteemile, mis v\u00f5imaldab kiireid ja t\u00f6\u00f6riistadeta kohandusi. Need on eriti kasulikud rakendustes, mis n\u00f5uavad sagedast kokkupanekut ja lahtiv\u00f5tmist, suurendades t\u00f5husust, ilma et see kahjustaks turvalisust.<\/li>\n<\/ul>\n<p>Koos moodustavad need komponendid tugeva ja usaldusv\u00e4\u00e4rse raamistiku, mis tagab betoonehitusprojektide edu algusest l\u00f5puni.<\/p>\n<h3>Kuidas tie rod s\u00fcsteem suurendab ehitust\u00f5husust<\/h3>\n<h4>Parem stabiilsus ja t\u00e4psus<\/h4>\n<p>Sidetangide s\u00fcsteem v\u00e4listab mure valesti paigutamise v\u00f5i ebastabiilsuse p\u00e4rast m\u00fc\u00fcritamisetapis. Lukustades \u0161abloonipaneelid paika kinnitusmutritega, tagab s\u00fcsteem, et konstruktsioon s\u00e4ilitab oma etten\u00e4htud kuju kogu betooni valamise ja k\u00f5venemise protsessi v\u00e4ltel.<\/p>\n<p>Lisaks sellele annab veepiirde integreerimine koostu t\u00e4iendava kaitsekihi. Need komponendid takistavad vee tungimist sidumistorude aukudesse, kaitstes betooni terviklikkust ja v\u00e4hendades tulevaste probleemide, n\u00e4iteks korrosiooni v\u00f5i pragude tekkimise t\u00f5en\u00e4osust.<\/p>\n<h4>Lihtsustatud kokkupanek ja demonteerimine<\/h4>\n<p>Tiibmutrite lisamine sidetangide s\u00fcsteemi lihtsustab montaa\u017eiprotsessi. Nende k\u00e4sitsi pingutatavus v\u00e4listab vajaduse spetsiaalsete t\u00f6\u00f6riistade j\u00e4rele, v\u00f5imaldades ehitusmeeskonnal kiiresti ja t\u00f5husalt monteerida ja demonteerida m\u00fc\u00fcritusi. See mitte ainult ei s\u00e4\u00e4sta aega, vaid v\u00e4hendab ka t\u00f6\u00f6j\u00f5ukulusid, mist\u00f5ttu on s\u00fcsteem eelistatud valik igas mastaabis projektide puhul.<\/p>\n<h4>Mitmek\u00fclgsus eri rakendustes<\/h4>\n<p>Sidumisvarraste s\u00fcsteemi kohandatavus muudab selle sobivaks mitmesuguste betoonkonstruktsioonide jaoks, alates lihtsatest plaatidest kuni keerukate arhitektuursete konstruktsioonideni. Selle komponendid on kohandatavad, et need sobiksid erineva suurusega ja konfiguratsiooniga \u0161abloonidele, mis tagab paindlikkuse, mis on vajalik erinevate projektin\u00f5uete t\u00e4itmiseks.<\/p>\n<h3>Kvaliteedi oluline roll lipsus\u00fcsteemide puhul<\/h3>\n<h4>Suure t\u00e4psusega tootmine usaldusv\u00e4\u00e4rsuse tagamiseks<\/h4>\n<p>Sidevardad, sidemutrid, veepiirikud ja tiibmutrid peavad t\u00f5husaks toimimiseks vastama rangetele kvaliteedistandarditele. Mis tahes k\u00f5rvalekalded m\u00f5\u00f5tmetes v\u00f5i keermestamises v\u00f5ivad p\u00f5hjustada ebakorrektset sobivust, mis ohustab \u0161alves\u00fcsteemi stabiilsust. K\u00f5rge t\u00e4psusega tootmine tagab, et iga komponent t\u00f6\u00f6tab sujuvalt koos, tagades \u00fchtlase toimivuse kohapeal.<\/p>\n<h4>Vastupidavuse ja tugevuse v\u00e4\u00e4rtus<\/h4>\n<p>Ehituskeskkondades peavad \u0161abloonis\u00fcsteemid olema \u00e4\u00e4rmuslikes tingimustes, alates rasketest koormustest kuni vee ja muude elementidega kokkupuutumiseni. Vastupidavus on esmat\u00e4htis, eriti sidumismutrite ja -varraste puhul, mis kannavad valuprotsessi ajal suurimat survet. Kvaliteetsetest materjalidest valmistatud komponentide valimine tagab, et s\u00fcsteem peab nendele v\u00e4ljakutsetele vastu ilma t\u00f5rgeteta.<\/p>\n<h4>Pikaajalise struktuurilise terviklikkuse suurendamine<\/h4>\n<p>Veet\u00f5kete lisamine sidumisvarraste s\u00fcsteemi n\u00e4itab ennetavate meetmete t\u00e4htsust ehituses. Vee sissetungi takistamisega aitavad need komponendid kaasa konstruktsiooni pikaajalisele vastupidavusele, v\u00e4hendades hooldusvajadust ja pikendades selle eluiga.<\/p>\n<h4><\/h4>\n<p>&nbsp;<\/p>\n<p>&nbsp;<\/p>\n<p>&nbsp;<\/p>\n<p>&nbsp;<\/p>","protected":false},"excerpt":{"rendered":"<p>Keermestusmutrid on betoonehituses h\u00e4davajalikud, tagades betoonis\u00fcsteemide stabiilsuse ja joondamise. Qingdao H&amp;F pakub 20-aastase kogemusega kaubandusettev\u00f5ttena kvaliteetseid kinnitusmutreid, mis \u00fchilduvad erinevate kinnitusvarraste s\u00fcsteemidega, sealhulgas veepidemete ja tiibmutritega. Me tegeleme ostjate muredega, pakkudes \u00fcks-\u00fchele klienditeenindust, kiireid tarnets\u00fckleid ja \u00fcksikasjalikke kvaliteedikontrolli aruandeid, et tagada iga toote vastavus rangetele standarditele.<\/p>","protected":false},"featured_media":3694,"comment_status":"open","ping_status":"closed","template":"","meta":{"site-sidebar-layout":"default","site-content-layout":"default","ast-site-content-layout":"default","site-content-style":"default","site-sidebar-style":"default","ast-global-header-display":"","ast-banner-title-visibility":"","ast-main-header-display":"","ast-hfb-above-header-display":"","ast-hfb-below-header-display":"","ast-hfb-mobile-header-display":"","site-post-title":"","ast-breadcrumbs-content":"","ast-featured-img":"","footer-sml-layout":"","theme-transparent-header-meta":"default","adv-header-id-meta":"","stick-header-meta":"default","header-above-stick-meta":"","header-main-stick-meta":"","header-below-stick-meta":"","astra-migrate-meta-layouts":"set","ast-page-background-enabled":"default","ast-page-background-meta":{"desktop":{"background-color":"","background-image":"","background-repeat":"repeat","background-position":"center center","background-size":"auto","background-attachment":"scroll","background-type":"","background-media":"","overlay-type":"","overlay-color":"","overlay-opacity":"","overlay-gradient":""},"tablet":{"background-color":"","background-image":"","background-repeat":"repeat","background-position":"center center","background-size":"auto","background-attachment":"scroll","background-type":"","background-media":"","overlay-type":"","overlay-color":"","overlay-opacity":"","overlay-gradient":""},"mobile":{"background-color":"","background-image":"","background-repeat":"repeat","background-position":"center center","background-size":"auto","background-attachment":"scroll","background-type":"","background-media":"","overlay-type":"","overlay-color":"","overlay-opacity":"","overlay-gradient":""}},"ast-content-background-meta":{"desktop":{"background-color":"var(--ast-global-color-5)","background-image":"","background-repeat":"repeat","background-position":"center center","background-size":"auto","background-attachment":"scroll","background-type":"","background-media":"","overlay-type":"","overlay-color":"","overlay-opacity":"","overlay-gradient":""},"tablet":{"background-color":"var(--ast-global-color-5)","background-image":"","background-repeat":"repeat","background-position":"center center","background-size":"auto","background-attachment":"scroll","background-type":"","background-media":"","overlay-type":"","overlay-color":"","overlay-opacity":"","overlay-gradient":""},"mobile":{"background-color":"var(--ast-global-color-5)","background-image":"","background-repeat":"repeat","background-position":"center center","background-size":"auto","background-attachment":"scroll","background-type":"","background-media":"","overlay-type":"","overlay-color":"","overlay-opacity":"","overlay-gradient":""}}},"product_brand":[],"product_cat":[79],"product_tag":[],"class_list":{"0":"post-2218","1":"product","2":"type-product","3":"status-publish","4":"has-post-thumbnail","6":"product_cat-tie-rod-system","7":"desktop-align-left","8":"tablet-align-left","9":"mobile-align-left","10":"ast-product-gallery-layout-horizontal-slider","11":"ast-product-tabs-layout-horizontal","13":"first","14":"instock","15":"shipping-taxable","16":"purchasable","17":"product-type-simple"},"yoast_head":"<!-- This site is optimized with the Yoast SEO plugin v25.2 - https:\/\/yoast.com\/wordpress\/plugins\/seo\/ -->\n<title>Formwork Tie Nut<\/title>\n<meta name=\"description\" content=\"Concrete Formwork Tie Nut is a component used in construction to secure concrete formwork\" \/>\n<meta name=\"robots\" content=\"index, follow, max-snippet:-1, max-image-preview:large, max-video-preview:-1\" \/>\n<link rel=\"canonical\" href=\"https:\/\/qingdaohf.com\/et\/toode\/sidemutter\/\" \/>\n<meta property=\"og:locale\" content=\"et_EE\" \/>\n<meta property=\"og:type\" content=\"article\" \/>\n<meta property=\"og:title\" content=\"Formwork Tie Nut\" \/>\n<meta property=\"og:description\" content=\"Concrete Formwork Tie Nut is a component used in construction to secure concrete formwork\" \/>\n<meta property=\"og:url\" content=\"https:\/\/qingdaohf.com\/et\/toode\/sidemutter\/\" \/>\n<meta property=\"og:site_name\" content=\"Concrete Form &amp; Rigging Hardware Supplier\" \/>\n<meta property=\"article:publisher\" content=\"https:\/\/www.facebook.com\/qingdaohf\" \/>\n<meta property=\"article:modified_time\" content=\"2025-11-13T01:06:17+00:00\" \/>\n<meta property=\"og:image\" content=\"https:\/\/qingdaohf.com\/wp-content\/uploads\/2023\/02\/HF-tie-nut-7.jpg\" \/>\n\t<meta property=\"og:image:width\" content=\"1000\" \/>\n\t<meta property=\"og:image:height\" content=\"1000\" \/>\n\t<meta property=\"og:image:type\" content=\"image\/jpeg\" \/>\n<meta name=\"twitter:card\" content=\"summary_large_image\" \/>\n<meta name=\"twitter:label1\" content=\"Est. reading time\" \/>\n\t<meta name=\"twitter:data1\" content=\"4 minutit\" \/>\n<script type=\"application\/ld+json\" class=\"yoast-schema-graph\">{\"@context\":\"https:\/\/schema.org\",\"@graph\":[{\"@type\":\"WebPage\",\"@id\":\"https:\/\/qingdaohf.com\/product\/tie-nut\/\",\"url\":\"https:\/\/qingdaohf.com\/product\/tie-nut\/\",\"name\":\"Formwork Tie Nut\",\"isPartOf\":{\"@id\":\"https:\/\/qingdaohf.com\/bg\/#website\"},\"primaryImageOfPage\":{\"@id\":\"https:\/\/qingdaohf.com\/product\/tie-nut\/#primaryimage\"},\"image\":{\"@id\":\"https:\/\/qingdaohf.com\/product\/tie-nut\/#primaryimage\"},\"thumbnailUrl\":\"https:\/\/qingdaohf.com\/wp-content\/uploads\/2023\/02\/HF-tie-nut-7.jpg\",\"datePublished\":\"2023-02-15T03:57:32+00:00\",\"dateModified\":\"2025-11-13T01:06:17+00:00\",\"description\":\"Concrete Formwork Tie Nut is a component used in construction to secure concrete formwork\",\"breadcrumb\":{\"@id\":\"https:\/\/qingdaohf.com\/product\/tie-nut\/#breadcrumb\"},\"inLanguage\":\"et\",\"potentialAction\":[{\"@type\":\"ReadAction\",\"target\":[\"https:\/\/qingdaohf.com\/product\/tie-nut\/\"]}]},{\"@type\":\"ImageObject\",\"inLanguage\":\"et\",\"@id\":\"https:\/\/qingdaohf.com\/product\/tie-nut\/#primaryimage\",\"url\":\"https:\/\/qingdaohf.com\/wp-content\/uploads\/2023\/02\/HF-tie-nut-7.jpg\",\"contentUrl\":\"https:\/\/qingdaohf.com\/wp-content\/uploads\/2023\/02\/HF-tie-nut-7.jpg\",\"width\":1000,\"height\":1000,\"caption\":\"HF tie nut\"},{\"@type\":\"BreadcrumbList\",\"@id\":\"https:\/\/qingdaohf.com\/product\/tie-nut\/#breadcrumb\",\"itemListElement\":[{\"@type\":\"ListItem\",\"position\":1,\"name\":\"Home\",\"item\":\"https:\/\/qingdaohf.com\/\"},{\"@type\":\"ListItem\",\"position\":2,\"name\":\"Concrete Forming Accessories and Rigging Hardware\",\"item\":\"https:\/\/qingdaohf.com\/bg\/?page_id=944\"},{\"@type\":\"ListItem\",\"position\":3,\"name\":\"Formwork Tie Nut\"}]},{\"@type\":\"WebSite\",\"@id\":\"https:\/\/qingdaohf.com\/bg\/#website\",\"url\":\"https:\/\/qingdaohf.com\/bg\/\",\"name\":\"Concrete Form & Rigging Hardware Supplier\",\"description\":\"\",\"publisher\":{\"@id\":\"https:\/\/qingdaohf.com\/bg\/#organization\"},\"potentialAction\":[{\"@type\":\"SearchAction\",\"target\":{\"@type\":\"EntryPoint\",\"urlTemplate\":\"https:\/\/qingdaohf.com\/bg\/?s={search_term_string}\"},\"query-input\":{\"@type\":\"PropertyValueSpecification\",\"valueRequired\":true,\"valueName\":\"search_term_string\"}}],\"inLanguage\":\"et\"},{\"@type\":\"Organization\",\"@id\":\"https:\/\/qingdaohf.com\/bg\/#organization\",\"name\":\"Qingdao H&F\",\"url\":\"https:\/\/qingdaohf.com\/bg\/\",\"logo\":{\"@type\":\"ImageObject\",\"inLanguage\":\"et\",\"@id\":\"https:\/\/qingdaohf.com\/bg\/#\/schema\/logo\/image\/\",\"url\":\"https:\/\/qingdaohf.com\/wp-content\/uploads\/2022\/12\/cropped-HF-LOGO.png\",\"contentUrl\":\"https:\/\/qingdaohf.com\/wp-content\/uploads\/2022\/12\/cropped-HF-LOGO.png\",\"width\":391,\"height\":249,\"caption\":\"Qingdao H&F\"},\"image\":{\"@id\":\"https:\/\/qingdaohf.com\/bg\/#\/schema\/logo\/image\/\"},\"sameAs\":[\"https:\/\/www.facebook.com\/qingdaohf\"]}]}<\/script>\n<!-- \/ Yoast SEO plugin. -->","yoast_head_json":{"title":"Formwork Tie Nut","description":"Concrete Formwork Tie Nut is a component used in construction to secure concrete formwork","robots":{"index":"index","follow":"follow","max-snippet":"max-snippet:-1","max-image-preview":"max-image-preview:large","max-video-preview":"max-video-preview:-1"},"canonical":"https:\/\/qingdaohf.com\/et\/toode\/sidemutter\/","og_locale":"et_EE","og_type":"article","og_title":"Formwork Tie Nut","og_description":"Concrete Formwork Tie Nut is a component used in construction to secure concrete formwork","og_url":"https:\/\/qingdaohf.com\/et\/toode\/sidemutter\/","og_site_name":"Concrete Form &amp; Rigging Hardware Supplier","article_publisher":"https:\/\/www.facebook.com\/qingdaohf","article_modified_time":"2025-11-13T01:06:17+00:00","og_image":[{"width":1000,"height":1000,"url":"https:\/\/qingdaohf.com\/wp-content\/uploads\/2023\/02\/HF-tie-nut-7.jpg","type":"image\/jpeg"}],"twitter_card":"summary_large_image","twitter_misc":{"Est. reading time":"4 minutit"},"schema":{"@context":"https:\/\/schema.org","@graph":[{"@type":"WebPage","@id":"https:\/\/qingdaohf.com\/product\/tie-nut\/","url":"https:\/\/qingdaohf.com\/product\/tie-nut\/","name":"Formwork Tie Nut","isPartOf":{"@id":"https:\/\/qingdaohf.com\/bg\/#website"},"primaryImageOfPage":{"@id":"https:\/\/qingdaohf.com\/product\/tie-nut\/#primaryimage"},"image":{"@id":"https:\/\/qingdaohf.com\/product\/tie-nut\/#primaryimage"},"thumbnailUrl":"https:\/\/qingdaohf.com\/wp-content\/uploads\/2023\/02\/HF-tie-nut-7.jpg","datePublished":"2023-02-15T03:57:32+00:00","dateModified":"2025-11-13T01:06:17+00:00","description":"Concrete Formwork Tie Nut is a component used in construction to secure concrete formwork","breadcrumb":{"@id":"https:\/\/qingdaohf.com\/product\/tie-nut\/#breadcrumb"},"inLanguage":"et","potentialAction":[{"@type":"ReadAction","target":["https:\/\/qingdaohf.com\/product\/tie-nut\/"]}]},{"@type":"ImageObject","inLanguage":"et","@id":"https:\/\/qingdaohf.com\/product\/tie-nut\/#primaryimage","url":"https:\/\/qingdaohf.com\/wp-content\/uploads\/2023\/02\/HF-tie-nut-7.jpg","contentUrl":"https:\/\/qingdaohf.com\/wp-content\/uploads\/2023\/02\/HF-tie-nut-7.jpg","width":1000,"height":1000,"caption":"HF tie nut"},{"@type":"BreadcrumbList","@id":"https:\/\/qingdaohf.com\/product\/tie-nut\/#breadcrumb","itemListElement":[{"@type":"ListItem","position":1,"name":"Home","item":"https:\/\/qingdaohf.com\/"},{"@type":"ListItem","position":2,"name":"Concrete Forming Accessories and Rigging Hardware","item":"https:\/\/qingdaohf.com\/bg\/?page_id=944"},{"@type":"ListItem","position":3,"name":"Formwork Tie Nut"}]},{"@type":"WebSite","@id":"https:\/\/qingdaohf.com\/bg\/#website","url":"https:\/\/qingdaohf.com\/bg\/","name":"Concrete Form & Rigging Hardware Supplier","description":"","publisher":{"@id":"https:\/\/qingdaohf.com\/bg\/#organization"},"potentialAction":[{"@type":"SearchAction","target":{"@type":"EntryPoint","urlTemplate":"https:\/\/qingdaohf.com\/bg\/?s={search_term_string}"},"query-input":{"@type":"PropertyValueSpecification","valueRequired":true,"valueName":"search_term_string"}}],"inLanguage":"et"},{"@type":"Organization","@id":"https:\/\/qingdaohf.com\/bg\/#organization","name":"Qingdao H&F","url":"https:\/\/qingdaohf.com\/bg\/","logo":{"@type":"ImageObject","inLanguage":"et","@id":"https:\/\/qingdaohf.com\/bg\/#\/schema\/logo\/image\/","url":"https:\/\/qingdaohf.com\/wp-content\/uploads\/2022\/12\/cropped-HF-LOGO.png","contentUrl":"https:\/\/qingdaohf.com\/wp-content\/uploads\/2022\/12\/cropped-HF-LOGO.png","width":391,"height":249,"caption":"Qingdao H&F"},"image":{"@id":"https:\/\/qingdaohf.com\/bg\/#\/schema\/logo\/image\/"},"sameAs":["https:\/\/www.facebook.com\/qingdaohf"]}]}},"_links":{"self":[{"href":"https:\/\/qingdaohf.com\/et\/wp-json\/wp\/v2\/product\/2218","targetHints":{"allow":["GET"]}}],"collection":[{"href":"https:\/\/qingdaohf.com\/et\/wp-json\/wp\/v2\/product"}],"about":[{"href":"https:\/\/qingdaohf.com\/et\/wp-json\/wp\/v2\/types\/product"}],"replies":[{"embeddable":true,"href":"https:\/\/qingdaohf.com\/et\/wp-json\/wp\/v2\/comments?post=2218"}],"version-history":[{"count":4,"href":"https:\/\/qingdaohf.com\/et\/wp-json\/wp\/v2\/product\/2218\/revisions"}],"predecessor-version":[{"id":8606,"href":"https:\/\/qingdaohf.com\/et\/wp-json\/wp\/v2\/product\/2218\/revisions\/8606"}],"wp:featuredmedia":[{"embeddable":true,"href":"https:\/\/qingdaohf.com\/et\/wp-json\/wp\/v2\/media\/3694"}],"wp:attachment":[{"href":"https:\/\/qingdaohf.com\/et\/wp-json\/wp\/v2\/media?parent=2218"}],"wp:term":[{"taxonomy":"product_brand","embeddable":true,"href":"https:\/\/qingdaohf.com\/et\/wp-json\/wp\/v2\/product_brand?post=2218"},{"taxonomy":"product_cat","embeddable":true,"href":"https:\/\/qingdaohf.com\/et\/wp-json\/wp\/v2\/product_cat?post=2218"},{"taxonomy":"product_tag","embeddable":true,"href":"https:\/\/qingdaohf.com\/et\/wp-json\/wp\/v2\/product_tag?post=2218"}],"curies":[{"name":"wp","href":"https:\/\/api.w.org\/{rel}","templated":true}]}}