{"id":2312,"date":"2023-02-21T17:34:53","date_gmt":"2023-02-21T09:34:53","guid":{"rendered":"http:\/\/qingdaohf.com\/?post_type=product&#038;p=2312"},"modified":"2025-11-13T09:06:16","modified_gmt":"2025-11-13T01:06:16","slug":"slab-bolster-dipped","status":"publish","type":"product","link":"https:\/\/qingdaohf.com\/et\/toode\/plaat-poldri-kastetud\/","title":{"rendered":"Plaat Bolster Dipped SBD"},"content":{"rendered":"<h2 data-pm-slice=\"1 1 []\">Mis on Slab Bolster Dipped (SBD)?<\/h2>\n<p>SBD (Slab Bolster Dipped) on betoonehituses oluline armatuuri lisatarvik, mis on m\u00f5eldud t\u00e4pse vahemaa s\u00e4ilitamiseks betoonvarraste ja \u0161ali vahel. See on valmistatud \u00fclitugevast terasest ja kaetud kastetud pinnakattega, mis tagab suurema vastupidavuse ja korrosioonikindluse. SBD kasutatakse peamiselt plaatidel, monteeritavatel ja kallutatavatel projektidel ning see tagab \u00fchtlase betooni katvuse, mis on oluline konstruktsiooni tugevuse ja pikaealisuse jaoks. Selle pidev tugis\u00fcsteem takistab vajumist, hoides armeerimist kindlalt paigal valamise ja k\u00f5venemise ajal.<\/p>\n<h2>Peamised eelised plaat-polsterduse (SBD) kasutamisel<\/h2>\n<p>SBD m\u00e4ngib asendamatut rolli betooni paremate omaduste saavutamisel. \u00dcks selle peamisi eeliseid on vastupidavus roostetamisele ja keskkonnakahjustustele t\u00e4nu kastetud pinnakattele. T\u00e4nu sellele t\u00e4iendavale kaitsekihile sobib see eriti h\u00e4sti niiskesse v\u00f5i keemiliselt agressiivsesse keskkonda, kus tavaline katmata teras v\u00f5ib aja jooksul laguneda.<\/p>\n<p>Teine m\u00e4rkimisv\u00e4\u00e4rne eelis on selle v\u00f5ime s\u00e4ilitada p\u00fcsiv raudtee paigutus. \u00d5ige paigutus m\u00f5jutab otseselt betooni kandev\u00f5imet ja vastupidavust pragudele, mist\u00f5ttu on SBD usaldusv\u00e4\u00e4rne valik projektides, mis n\u00f5uavad k\u00f5rget struktuurilist terviklikkust. Olenemata sellest, kas seda kasutatakse \u00e4ri-, elamu- v\u00f5i t\u00f6\u00f6stusrakendustes, aitab SBD kaasa betooni \u00fchtlase paksuse saavutamisele ja takistab nihkumist betooni valamise ajal.<\/p>\n<h2>Plaat-polsterdatud (SBD) rakendused<\/h2>\n<p>Plaat Bolster Dipped on mitmek\u00fclgne ja laialdaselt kasutatav erinevates ehitusprojektides. See on eriti t\u00f5hus tasandit\u00f6\u00f6del, n\u00e4iteks maanteedel, sildadel ja hoonete vundamentidel, kus t\u00e4pne raudtee k\u00f5rgus on kriitiline. Valmisehitustehased kasutavad SBD-d ka selleks, et s\u00e4ilitada \u00fchtlane vahekaugus armatuurikihtide vahel, tagades toote \u00fchtlase kvaliteedi. Kallutatavas ehituses aitab SBD toetada paneele enne nende paigale t\u00f5stmist, tagades stabiilsuse kogu k\u00f5venemisfaasi jooksul.<\/p>\n<p>Sukeldatud viimistlus muudab SBD sobivaks niiskuse, j\u00e4\u00e4tumisvastaste soolade v\u00f5i agressiivsete kemikaalidega kokkupuutuvate keskkondade jaoks. See omadus muudab selle eelistatud valikuks infrastruktuuriprojektides, nagu tunnelid, parkimisehitised ja merealused rakendused, kus korrosioonikindlus on esmat\u00e4htis.<\/p>\n<h2>Miks valida Qingdao H &amp; F oma plaat-polsterdatud vajaduste jaoks?<\/h2>\n<p>Usaldusv\u00e4\u00e4rse kaubandusettev\u00f5ttena on Qingdao H&amp;F p\u00fchendunud kvaliteetsete betoonitarvikute pakkumisele koos v\u00f5rratu klienditoega. Me eristume t\u00f6\u00f6stusharus, pakkudes individuaalset klienditeenindust, tagades, et iga klient saab kohandatud lahendusi, mis vastavad tema konkreetsetele projektin\u00f5uetele. Meie kiired tarnets\u00fcklid t\u00e4hendavad, et saate vajalikud materjalid ilma asjatute viivitusteta, hoides oma projektid graafikus ja eelarves.<\/p>\n<p>Kvaliteedi tagamine on meie jaoks esmat\u00e4htis. Pakume p\u00f5hjalikke kontrolliaruandeid, sealhulgas materjalide sertifikaate ja toimivuskatsete andmeid, nii et v\u00f5ite olla kindel meie toodete usaldusv\u00e4\u00e4rsuses. Lisaks sellele pakume konkurentsiv\u00f5imelist hinda, ilma kvaliteedis j\u00e4releandmisi tegemata, mis teeb meist kuluefektiivse valiku t\u00f6\u00f6v\u00f5tjatele ja tarnijatele, kes otsivad usaldusv\u00e4\u00e4rseid betoonvormi tarvikuid.<\/p>\n<p>Kuna Qingdao H&amp;F on p\u00fchendunud tipptasemele ja klientide rahulolule, on see teie partner plaatpoltide ja muude tugevduslahenduste jaoks. V\u00f5tke meiega juba t\u00e4na \u00fchendust, et saada rohkem teavet selle kohta, kuidas me saame teie ehitusprojekte toetada tipptasemel toodete ja erakordse teenindusega.<\/p>","protected":false},"excerpt":{"rendered":"<p data-pm-slice=\"1 1 []\">Slab Bolster Dipped (SBD) on betooni tugevdamise oluline lisatarvik, mis tagab t\u00e4pse armatuuri paigutuse ja optimaalse konstruktsiooni terviklikkuse. SBD pakub usaldusv\u00e4\u00e4rset tuge plaadile, monteeritavatele ja kallutatavatele rakendustele, kuna see on kastetud viimistlusega, mis tagab suurep\u00e4rase korrosioonikindluse. Qingdao H&amp;F garanteerib k\u00f5rgekvaliteedilise kvaliteedi erinevate kontrolliaruannete, kiire tarneperioodi ja p\u00fchendunud individuaalse klienditeeninduse abil, et lihtsustada teie ostukogemust. Meie konkurentsiv\u00f5imeline hinnakujundus ja p\u00fchendumine tipptasemele teevad meist usaldusv\u00e4\u00e4rse partneri k\u00f5igi teie ehitusvajaduste jaoks.<\/p>","protected":false},"featured_media":8004,"comment_status":"open","ping_status":"closed","template":"","meta":{"site-sidebar-layout":"default","site-content-layout":"default","ast-site-content-layout":"default","site-content-style":"default","site-sidebar-style":"default","ast-global-header-display":"","ast-banner-title-visibility":"","ast-main-header-display":"","ast-hfb-above-header-display":"","ast-hfb-below-header-display":"","ast-hfb-mobile-header-display":"","site-post-title":"","ast-breadcrumbs-content":"","ast-featured-img":"","footer-sml-layout":"","theme-transparent-header-meta":"default","adv-header-id-meta":"","stick-header-meta":"default","header-above-stick-meta":"","header-main-stick-meta":"","header-below-stick-meta":"","astra-migrate-meta-layouts":"set","ast-page-background-enabled":"default","ast-page-background-meta":{"desktop":{"background-color":"","background-image":"","background-repeat":"repeat","background-position":"center center","background-size":"auto","background-attachment":"scroll","background-type":"","background-media":"","overlay-type":"","overlay-color":"","overlay-opacity":"","overlay-gradient":""},"tablet":{"background-color":"","background-image":"","background-repeat":"repeat","background-position":"center center","background-size":"auto","background-attachment":"scroll","background-type":"","background-media":"","overlay-type":"","overlay-color":"","overlay-opacity":"","overlay-gradient":""},"mobile":{"background-color":"","background-image":"","background-repeat":"repeat","background-position":"center center","background-size":"auto","background-attachment":"scroll","background-type":"","background-media":"","overlay-type":"","overlay-color":"","overlay-opacity":"","overlay-gradient":""}},"ast-content-background-meta":{"desktop":{"background-color":"var(--ast-global-color-5)","background-image":"","background-repeat":"repeat","background-position":"center center","background-size":"auto","background-attachment":"scroll","background-type":"","background-media":"","overlay-type":"","overlay-color":"","overlay-opacity":"","overlay-gradient":""},"tablet":{"background-color":"var(--ast-global-color-5)","background-image":"","background-repeat":"repeat","background-position":"center center","background-size":"auto","background-attachment":"scroll","background-type":"","background-media":"","overlay-type":"","overlay-color":"","overlay-opacity":"","overlay-gradient":""},"mobile":{"background-color":"var(--ast-global-color-5)","background-image":"","background-repeat":"repeat","background-position":"center center","background-size":"auto","background-attachment":"scroll","background-type":"","background-media":"","overlay-type":"","overlay-color":"","overlay-opacity":"","overlay-gradient":""}}},"product_brand":[],"product_cat":[35],"product_tag":[],"class_list":{"0":"post-2312","1":"product","2":"type-product","3":"status-publish","4":"has-post-thumbnail","6":"product_cat-concrete-rebar-support","7":"desktop-align-left","8":"tablet-align-left","9":"mobile-align-left","10":"ast-product-gallery-layout-horizontal-slider","11":"ast-product-tabs-layout-horizontal","13":"first","14":"instock","15":"shipping-taxable","16":"purchasable","17":"product-type-simple"},"yoast_head":"<!-- This site is optimized with the Yoast SEO plugin v25.2 - https:\/\/yoast.com\/wordpress\/plugins\/seo\/ -->\n<title>Slab Bolster Dipped SBD<\/title>\n<meta name=\"description\" content=\"Slab Bolster Dipped (SBD) is an essential accessory for concrete reinforcement, ensuring precise rebar placement and optimal structural integrity.\" \/>\n<meta name=\"robots\" content=\"index, follow, max-snippet:-1, max-image-preview:large, max-video-preview:-1\" \/>\n<link rel=\"canonical\" href=\"https:\/\/qingdaohf.com\/et\/toode\/plaat-poldri-kastetud\/\" \/>\n<meta property=\"og:locale\" content=\"et_EE\" \/>\n<meta property=\"og:type\" content=\"article\" \/>\n<meta property=\"og:title\" content=\"Slab Bolster Dipped SBD\" \/>\n<meta property=\"og:description\" content=\"Slab Bolster Dipped (SBD) is an essential accessory for concrete reinforcement, ensuring precise rebar placement and optimal structural integrity.\" \/>\n<meta property=\"og:url\" content=\"https:\/\/qingdaohf.com\/et\/toode\/plaat-poldri-kastetud\/\" \/>\n<meta property=\"og:site_name\" content=\"Concrete Form &amp; Rigging Hardware Supplier\" \/>\n<meta property=\"article:publisher\" content=\"https:\/\/www.facebook.com\/qingdaohf\" \/>\n<meta property=\"article:modified_time\" content=\"2025-11-13T01:06:16+00:00\" \/>\n<meta property=\"og:image\" content=\"https:\/\/qingdaohf.com\/wp-content\/uploads\/2023\/02\/Slab-Bolster-Dipped-1-1.jpg\" \/>\n\t<meta property=\"og:image:width\" content=\"1000\" \/>\n\t<meta property=\"og:image:height\" content=\"1000\" \/>\n\t<meta property=\"og:image:type\" content=\"image\/jpeg\" \/>\n<meta name=\"twitter:card\" content=\"summary_large_image\" \/>\n<meta name=\"twitter:label1\" content=\"Est. reading time\" \/>\n\t<meta name=\"twitter:data1\" content=\"3 minutit\" \/>\n<script type=\"application\/ld+json\" class=\"yoast-schema-graph\">{\"@context\":\"https:\/\/schema.org\",\"@graph\":[{\"@type\":\"WebPage\",\"@id\":\"https:\/\/qingdaohf.com\/product\/slab-bolster-dipped\/\",\"url\":\"https:\/\/qingdaohf.com\/product\/slab-bolster-dipped\/\",\"name\":\"Slab Bolster Dipped SBD\",\"isPartOf\":{\"@id\":\"https:\/\/qingdaohf.com\/bg\/#website\"},\"primaryImageOfPage\":{\"@id\":\"https:\/\/qingdaohf.com\/product\/slab-bolster-dipped\/#primaryimage\"},\"image\":{\"@id\":\"https:\/\/qingdaohf.com\/product\/slab-bolster-dipped\/#primaryimage\"},\"thumbnailUrl\":\"https:\/\/qingdaohf.com\/wp-content\/uploads\/2023\/02\/Slab-Bolster-Dipped-1-1.jpg\",\"datePublished\":\"2023-02-21T09:34:53+00:00\",\"dateModified\":\"2025-11-13T01:06:16+00:00\",\"description\":\"Slab Bolster Dipped (SBD) is an essential accessory for concrete reinforcement, ensuring precise rebar placement and optimal structural integrity.\",\"breadcrumb\":{\"@id\":\"https:\/\/qingdaohf.com\/product\/slab-bolster-dipped\/#breadcrumb\"},\"inLanguage\":\"et\",\"potentialAction\":[{\"@type\":\"ReadAction\",\"target\":[\"https:\/\/qingdaohf.com\/product\/slab-bolster-dipped\/\"]}]},{\"@type\":\"ImageObject\",\"inLanguage\":\"et\",\"@id\":\"https:\/\/qingdaohf.com\/product\/slab-bolster-dipped\/#primaryimage\",\"url\":\"https:\/\/qingdaohf.com\/wp-content\/uploads\/2023\/02\/Slab-Bolster-Dipped-1-1.jpg\",\"contentUrl\":\"https:\/\/qingdaohf.com\/wp-content\/uploads\/2023\/02\/Slab-Bolster-Dipped-1-1.jpg\",\"width\":1000,\"height\":1000,\"caption\":\"Slab Bolster Dipped\"},{\"@type\":\"BreadcrumbList\",\"@id\":\"https:\/\/qingdaohf.com\/product\/slab-bolster-dipped\/#breadcrumb\",\"itemListElement\":[{\"@type\":\"ListItem\",\"position\":1,\"name\":\"Home\",\"item\":\"https:\/\/qingdaohf.com\/\"},{\"@type\":\"ListItem\",\"position\":2,\"name\":\"Concrete Forming Accessories and Rigging Hardware\",\"item\":\"https:\/\/qingdaohf.com\/bg\/?page_id=944\"},{\"@type\":\"ListItem\",\"position\":3,\"name\":\"Slab Bolster Dipped SBD\"}]},{\"@type\":\"WebSite\",\"@id\":\"https:\/\/qingdaohf.com\/bg\/#website\",\"url\":\"https:\/\/qingdaohf.com\/bg\/\",\"name\":\"Concrete Form & Rigging Hardware Supplier\",\"description\":\"\",\"publisher\":{\"@id\":\"https:\/\/qingdaohf.com\/bg\/#organization\"},\"potentialAction\":[{\"@type\":\"SearchAction\",\"target\":{\"@type\":\"EntryPoint\",\"urlTemplate\":\"https:\/\/qingdaohf.com\/bg\/?s={search_term_string}\"},\"query-input\":{\"@type\":\"PropertyValueSpecification\",\"valueRequired\":true,\"valueName\":\"search_term_string\"}}],\"inLanguage\":\"et\"},{\"@type\":\"Organization\",\"@id\":\"https:\/\/qingdaohf.com\/bg\/#organization\",\"name\":\"Qingdao H&F\",\"url\":\"https:\/\/qingdaohf.com\/bg\/\",\"logo\":{\"@type\":\"ImageObject\",\"inLanguage\":\"et\",\"@id\":\"https:\/\/qingdaohf.com\/bg\/#\/schema\/logo\/image\/\",\"url\":\"https:\/\/qingdaohf.com\/wp-content\/uploads\/2022\/12\/cropped-HF-LOGO.png\",\"contentUrl\":\"https:\/\/qingdaohf.com\/wp-content\/uploads\/2022\/12\/cropped-HF-LOGO.png\",\"width\":391,\"height\":249,\"caption\":\"Qingdao H&F\"},\"image\":{\"@id\":\"https:\/\/qingdaohf.com\/bg\/#\/schema\/logo\/image\/\"},\"sameAs\":[\"https:\/\/www.facebook.com\/qingdaohf\"]}]}<\/script>\n<!-- \/ Yoast SEO plugin. -->","yoast_head_json":{"title":"Slab Bolster Dipped SBD","description":"Slab Bolster Dipped (SBD) is an essential accessory for concrete reinforcement, ensuring precise rebar placement and optimal structural integrity.","robots":{"index":"index","follow":"follow","max-snippet":"max-snippet:-1","max-image-preview":"max-image-preview:large","max-video-preview":"max-video-preview:-1"},"canonical":"https:\/\/qingdaohf.com\/et\/toode\/plaat-poldri-kastetud\/","og_locale":"et_EE","og_type":"article","og_title":"Slab Bolster Dipped SBD","og_description":"Slab Bolster Dipped (SBD) is an essential accessory for concrete reinforcement, ensuring precise rebar placement and optimal structural integrity.","og_url":"https:\/\/qingdaohf.com\/et\/toode\/plaat-poldri-kastetud\/","og_site_name":"Concrete Form &amp; Rigging Hardware Supplier","article_publisher":"https:\/\/www.facebook.com\/qingdaohf","article_modified_time":"2025-11-13T01:06:16+00:00","og_image":[{"width":1000,"height":1000,"url":"https:\/\/qingdaohf.com\/wp-content\/uploads\/2023\/02\/Slab-Bolster-Dipped-1-1.jpg","type":"image\/jpeg"}],"twitter_card":"summary_large_image","twitter_misc":{"Est. reading time":"3 minutit"},"schema":{"@context":"https:\/\/schema.org","@graph":[{"@type":"WebPage","@id":"https:\/\/qingdaohf.com\/product\/slab-bolster-dipped\/","url":"https:\/\/qingdaohf.com\/product\/slab-bolster-dipped\/","name":"Slab Bolster Dipped SBD","isPartOf":{"@id":"https:\/\/qingdaohf.com\/bg\/#website"},"primaryImageOfPage":{"@id":"https:\/\/qingdaohf.com\/product\/slab-bolster-dipped\/#primaryimage"},"image":{"@id":"https:\/\/qingdaohf.com\/product\/slab-bolster-dipped\/#primaryimage"},"thumbnailUrl":"https:\/\/qingdaohf.com\/wp-content\/uploads\/2023\/02\/Slab-Bolster-Dipped-1-1.jpg","datePublished":"2023-02-21T09:34:53+00:00","dateModified":"2025-11-13T01:06:16+00:00","description":"Slab Bolster Dipped (SBD) is an essential accessory for concrete reinforcement, ensuring precise rebar placement and optimal structural integrity.","breadcrumb":{"@id":"https:\/\/qingdaohf.com\/product\/slab-bolster-dipped\/#breadcrumb"},"inLanguage":"et","potentialAction":[{"@type":"ReadAction","target":["https:\/\/qingdaohf.com\/product\/slab-bolster-dipped\/"]}]},{"@type":"ImageObject","inLanguage":"et","@id":"https:\/\/qingdaohf.com\/product\/slab-bolster-dipped\/#primaryimage","url":"https:\/\/qingdaohf.com\/wp-content\/uploads\/2023\/02\/Slab-Bolster-Dipped-1-1.jpg","contentUrl":"https:\/\/qingdaohf.com\/wp-content\/uploads\/2023\/02\/Slab-Bolster-Dipped-1-1.jpg","width":1000,"height":1000,"caption":"Slab Bolster Dipped"},{"@type":"BreadcrumbList","@id":"https:\/\/qingdaohf.com\/product\/slab-bolster-dipped\/#breadcrumb","itemListElement":[{"@type":"ListItem","position":1,"name":"Home","item":"https:\/\/qingdaohf.com\/"},{"@type":"ListItem","position":2,"name":"Concrete Forming Accessories and Rigging Hardware","item":"https:\/\/qingdaohf.com\/bg\/?page_id=944"},{"@type":"ListItem","position":3,"name":"Slab Bolster Dipped SBD"}]},{"@type":"WebSite","@id":"https:\/\/qingdaohf.com\/bg\/#website","url":"https:\/\/qingdaohf.com\/bg\/","name":"Concrete Form & Rigging Hardware Supplier","description":"","publisher":{"@id":"https:\/\/qingdaohf.com\/bg\/#organization"},"potentialAction":[{"@type":"SearchAction","target":{"@type":"EntryPoint","urlTemplate":"https:\/\/qingdaohf.com\/bg\/?s={search_term_string}"},"query-input":{"@type":"PropertyValueSpecification","valueRequired":true,"valueName":"search_term_string"}}],"inLanguage":"et"},{"@type":"Organization","@id":"https:\/\/qingdaohf.com\/bg\/#organization","name":"Qingdao H&F","url":"https:\/\/qingdaohf.com\/bg\/","logo":{"@type":"ImageObject","inLanguage":"et","@id":"https:\/\/qingdaohf.com\/bg\/#\/schema\/logo\/image\/","url":"https:\/\/qingdaohf.com\/wp-content\/uploads\/2022\/12\/cropped-HF-LOGO.png","contentUrl":"https:\/\/qingdaohf.com\/wp-content\/uploads\/2022\/12\/cropped-HF-LOGO.png","width":391,"height":249,"caption":"Qingdao H&F"},"image":{"@id":"https:\/\/qingdaohf.com\/bg\/#\/schema\/logo\/image\/"},"sameAs":["https:\/\/www.facebook.com\/qingdaohf"]}]}},"_links":{"self":[{"href":"https:\/\/qingdaohf.com\/et\/wp-json\/wp\/v2\/product\/2312","targetHints":{"allow":["GET"]}}],"collection":[{"href":"https:\/\/qingdaohf.com\/et\/wp-json\/wp\/v2\/product"}],"about":[{"href":"https:\/\/qingdaohf.com\/et\/wp-json\/wp\/v2\/types\/product"}],"replies":[{"embeddable":true,"href":"https:\/\/qingdaohf.com\/et\/wp-json\/wp\/v2\/comments?post=2312"}],"version-history":[{"count":11,"href":"https:\/\/qingdaohf.com\/et\/wp-json\/wp\/v2\/product\/2312\/revisions"}],"predecessor-version":[{"id":10248,"href":"https:\/\/qingdaohf.com\/et\/wp-json\/wp\/v2\/product\/2312\/revisions\/10248"}],"wp:featuredmedia":[{"embeddable":true,"href":"https:\/\/qingdaohf.com\/et\/wp-json\/wp\/v2\/media\/8004"}],"wp:attachment":[{"href":"https:\/\/qingdaohf.com\/et\/wp-json\/wp\/v2\/media?parent=2312"}],"wp:term":[{"taxonomy":"product_brand","embeddable":true,"href":"https:\/\/qingdaohf.com\/et\/wp-json\/wp\/v2\/product_brand?post=2312"},{"taxonomy":"product_cat","embeddable":true,"href":"https:\/\/qingdaohf.com\/et\/wp-json\/wp\/v2\/product_cat?post=2312"},{"taxonomy":"product_tag","embeddable":true,"href":"https:\/\/qingdaohf.com\/et\/wp-json\/wp\/v2\/product_tag?post=2312"}],"curies":[{"name":"wp","href":"https:\/\/api.w.org\/{rel}","templated":true}]}}