{"id":2329,"date":"2023-02-23T11:13:23","date_gmt":"2023-02-23T03:13:23","guid":{"rendered":"http:\/\/qingdaohf.com\/?post_type=product&#038;p=2329"},"modified":"2025-11-13T09:05:54","modified_gmt":"2025-11-13T01:05:54","slug":"flared-thin-slab-ferrule-insert","status":"publish","type":"product","link":"https:\/\/qingdaohf.com\/et\/toode\/ohukese-plaadiga-laiendatud-peenike-ferrulei-sisestus\/","title":{"rendered":"Laiendatud \u00f5huke plaat Ferrule Insert Coil Insert"},"content":{"rendered":"<p>\u00d5hukese plaadi ferrule'i sisestuse laiendatud konstruktsioon tagab suurema kandepinna ja suurema kandev\u00f5ime v\u00f5rreldes traditsiooniliste spiraalide sisestustega. See muudab selle ideaalseks valikuks kasutamiseks \u00f5hukestes betoonplaatides, kus on olemas v\u00e4ike kinnituspind.<\/p>\n<p>\u00dcks peamisi eeliseid, mis kaasaskantava \u00f5hukese plaadi terasliistu kasutamisel on selle paigaldamise lihtsus. Sisendi saab kiiresti ja h\u00f5lpsasti paigaldada tavap\u00e4raste t\u00f6\u00f6riistade abil, ilma et oleks vaja mingeid eriseadmeid v\u00f5i eriteadmisi. See v\u00f5ib s\u00e4\u00e4sta aega ja v\u00e4hendada t\u00f6\u00f6j\u00f5ukulusid ehitusprojektides.<\/p>\n<p><img fetchpriority=\"high\" decoding=\"async\" class=\"alignnone size-full wp-image-3184\" src=\"http:\/\/qingdaohf.com\/wp-content\/uploads\/2023\/02\/Flared-Thin-Slab-Ferrule-Insert-1-1.jpg\" alt=\"Laiendatud \u00f5huke plaat Ferrule Insert\" width=\"1200\" height=\"736\" srcset=\"https:\/\/qingdaohf.com\/wp-content\/uploads\/2023\/02\/Flared-Thin-Slab-Ferrule-Insert-1-1.jpg 1200w, https:\/\/qingdaohf.com\/wp-content\/uploads\/2023\/02\/Flared-Thin-Slab-Ferrule-Insert-1-1-300x184.jpg 300w, https:\/\/qingdaohf.com\/wp-content\/uploads\/2023\/02\/Flared-Thin-Slab-Ferrule-Insert-1-1-1024x628.jpg 1024w, https:\/\/qingdaohf.com\/wp-content\/uploads\/2023\/02\/Flared-Thin-Slab-Ferrule-Insert-1-1-768x471.jpg 768w, https:\/\/qingdaohf.com\/wp-content\/uploads\/2023\/02\/Flared-Thin-Slab-Ferrule-Insert-1-1-1000x613.jpg 1000w\" sizes=\"(max-width: 1200px) 100vw, 1200px\" \/> <img decoding=\"async\" class=\"alignnone size-full wp-image-3185\" src=\"http:\/\/qingdaohf.com\/wp-content\/uploads\/2023\/02\/Flared-Thin-Slab-Ferrule-Insert-2-1.jpg\" alt=\"Laiendatud \u00f5huke plaat Ferrule Insert\" width=\"1200\" height=\"524\" srcset=\"https:\/\/qingdaohf.com\/wp-content\/uploads\/2023\/02\/Flared-Thin-Slab-Ferrule-Insert-2-1.jpg 1200w, https:\/\/qingdaohf.com\/wp-content\/uploads\/2023\/02\/Flared-Thin-Slab-Ferrule-Insert-2-1-300x131.jpg 300w, https:\/\/qingdaohf.com\/wp-content\/uploads\/2023\/02\/Flared-Thin-Slab-Ferrule-Insert-2-1-1024x447.jpg 1024w, https:\/\/qingdaohf.com\/wp-content\/uploads\/2023\/02\/Flared-Thin-Slab-Ferrule-Insert-2-1-768x335.jpg 768w, https:\/\/qingdaohf.com\/wp-content\/uploads\/2023\/02\/Flared-Thin-Slab-Ferrule-Insert-2-1-1000x437.jpg 1000w\" sizes=\"(max-width: 1200px) 100vw, 1200px\" \/><\/p>","protected":false},"excerpt":{"rendered":"<p>Flared Thin Slab Ferrule Insert Coil Insert on mehaaniline ankrus\u00fcsteem, mida kasutatakse betoonkonstruktsioonide tugevdamiseks ja toetamiseks. Seda t\u00fc\u00fcpi sisestus koosneb teraspoolist, mis on m\u00e4hitud koonilise plastmuhvi \u00fcmber, mis seej\u00e4rel sisestatakse betooni eelpuuritud auku. Spiraal laieneb, et haarduda tihedalt augu seintesse, luues tugeva ja usaldusv\u00e4\u00e4rse ankurduspunkti.<\/p>","protected":false},"featured_media":3180,"comment_status":"open","ping_status":"closed","template":"","meta":{"site-sidebar-layout":"default","site-content-layout":"default","ast-site-content-layout":"","site-content-style":"default","site-sidebar-style":"default","ast-global-header-display":"","ast-banner-title-visibility":"","ast-main-header-display":"","ast-hfb-above-header-display":"","ast-hfb-below-header-display":"","ast-hfb-mobile-header-display":"","site-post-title":"","ast-breadcrumbs-content":"","ast-featured-img":"","footer-sml-layout":"","theme-transparent-header-meta":"default","adv-header-id-meta":"","stick-header-meta":"default","header-above-stick-meta":"","header-main-stick-meta":"","header-below-stick-meta":"","astra-migrate-meta-layouts":"default","ast-page-background-enabled":"default","ast-page-background-meta":{"desktop":{"background-color":"","background-image":"","background-repeat":"repeat","background-position":"center center","background-size":"auto","background-attachment":"scroll","background-type":"","background-media":"","overlay-type":"","overlay-color":"","overlay-opacity":"","overlay-gradient":""},"tablet":{"background-color":"","background-image":"","background-repeat":"repeat","background-position":"center center","background-size":"auto","background-attachment":"scroll","background-type":"","background-media":"","overlay-type":"","overlay-color":"","overlay-opacity":"","overlay-gradient":""},"mobile":{"background-color":"","background-image":"","background-repeat":"repeat","background-position":"center center","background-size":"auto","background-attachment":"scroll","background-type":"","background-media":"","overlay-type":"","overlay-color":"","overlay-opacity":"","overlay-gradient":""}},"ast-content-background-meta":{"desktop":{"background-color":"var(--ast-global-color-5)","background-image":"","background-repeat":"repeat","background-position":"center center","background-size":"auto","background-attachment":"scroll","background-type":"","background-media":"","overlay-type":"","overlay-color":"","overlay-opacity":"","overlay-gradient":""},"tablet":{"background-color":"var(--ast-global-color-5)","background-image":"","background-repeat":"repeat","background-position":"center center","background-size":"auto","background-attachment":"scroll","background-type":"","background-media":"","overlay-type":"","overlay-color":"","overlay-opacity":"","overlay-gradient":""},"mobile":{"background-color":"var(--ast-global-color-5)","background-image":"","background-repeat":"repeat","background-position":"center center","background-size":"auto","background-attachment":"scroll","background-type":"","background-media":"","overlay-type":"","overlay-color":"","overlay-opacity":"","overlay-gradient":""}}},"product_brand":[],"product_cat":[28],"product_tag":[],"class_list":{"0":"post-2329","1":"product","2":"type-product","3":"status-publish","4":"has-post-thumbnail","6":"product_cat-concrete-forming","7":"desktop-align-left","8":"tablet-align-left","9":"mobile-align-left","10":"ast-product-gallery-layout-horizontal-slider","11":"ast-product-tabs-layout-horizontal","13":"first","14":"instock","15":"shipping-taxable","16":"purchasable","17":"product-type-simple"},"yoast_head":"<!-- This site is optimized with the Yoast SEO plugin v25.2 - https:\/\/yoast.com\/wordpress\/plugins\/seo\/ -->\n<title>Flared Thin Slab Ferrule Insert Coil Insert<\/title>\n<meta name=\"description\" content=\"The Flared Thin Slab Ferrule Insert Coil Insert is a mechanical anchor system used to provide reinforcement and support in concrete structures.\" \/>\n<meta name=\"robots\" content=\"index, follow, max-snippet:-1, max-image-preview:large, max-video-preview:-1\" \/>\n<link rel=\"canonical\" href=\"https:\/\/qingdaohf.com\/et\/toode\/ohukese-plaadiga-laiendatud-peenike-ferrulei-sisestus\/\" \/>\n<meta property=\"og:locale\" content=\"et_EE\" \/>\n<meta property=\"og:type\" content=\"article\" \/>\n<meta property=\"og:title\" content=\"Flared Thin Slab Ferrule Insert Coil Insert\" \/>\n<meta property=\"og:description\" content=\"The Flared Thin Slab Ferrule Insert Coil Insert is a mechanical anchor system used to provide reinforcement and support in concrete structures.\" \/>\n<meta property=\"og:url\" content=\"https:\/\/qingdaohf.com\/et\/toode\/ohukese-plaadiga-laiendatud-peenike-ferrulei-sisestus\/\" \/>\n<meta property=\"og:site_name\" content=\"Concrete Form &amp; Rigging Hardware Supplier\" \/>\n<meta property=\"article:publisher\" content=\"https:\/\/www.facebook.com\/qingdaohf\" \/>\n<meta property=\"article:modified_time\" content=\"2025-11-13T01:05:54+00:00\" \/>\n<meta property=\"og:image\" content=\"https:\/\/qingdaohf.com\/wp-content\/uploads\/2023\/02\/Flared-Thin-Slab-Ferrule-Insert-9.jpg\" \/>\n\t<meta property=\"og:image:width\" content=\"1000\" \/>\n\t<meta property=\"og:image:height\" content=\"1000\" \/>\n\t<meta property=\"og:image:type\" content=\"image\/jpeg\" \/>\n<meta name=\"twitter:card\" content=\"summary_large_image\" \/>\n<meta name=\"twitter:label1\" content=\"Est. reading time\" \/>\n\t<meta name=\"twitter:data1\" content=\"1 minut\" \/>\n<script type=\"application\/ld+json\" class=\"yoast-schema-graph\">{\"@context\":\"https:\/\/schema.org\",\"@graph\":[{\"@type\":\"WebPage\",\"@id\":\"https:\/\/qingdaohf.com\/product\/flared-thin-slab-ferrule-insert\/\",\"url\":\"https:\/\/qingdaohf.com\/product\/flared-thin-slab-ferrule-insert\/\",\"name\":\"Flared Thin Slab Ferrule Insert Coil Insert\",\"isPartOf\":{\"@id\":\"https:\/\/qingdaohf.com\/bg\/#website\"},\"primaryImageOfPage\":{\"@id\":\"https:\/\/qingdaohf.com\/product\/flared-thin-slab-ferrule-insert\/#primaryimage\"},\"image\":{\"@id\":\"https:\/\/qingdaohf.com\/product\/flared-thin-slab-ferrule-insert\/#primaryimage\"},\"thumbnailUrl\":\"https:\/\/qingdaohf.com\/wp-content\/uploads\/2023\/02\/Flared-Thin-Slab-Ferrule-Insert-9.jpg\",\"datePublished\":\"2023-02-23T03:13:23+00:00\",\"dateModified\":\"2025-11-13T01:05:54+00:00\",\"description\":\"The Flared Thin Slab Ferrule Insert Coil Insert is a mechanical anchor system used to provide reinforcement and support in concrete structures.\",\"breadcrumb\":{\"@id\":\"https:\/\/qingdaohf.com\/product\/flared-thin-slab-ferrule-insert\/#breadcrumb\"},\"inLanguage\":\"et\",\"potentialAction\":[{\"@type\":\"ReadAction\",\"target\":[\"https:\/\/qingdaohf.com\/product\/flared-thin-slab-ferrule-insert\/\"]}]},{\"@type\":\"ImageObject\",\"inLanguage\":\"et\",\"@id\":\"https:\/\/qingdaohf.com\/product\/flared-thin-slab-ferrule-insert\/#primaryimage\",\"url\":\"https:\/\/qingdaohf.com\/wp-content\/uploads\/2023\/02\/Flared-Thin-Slab-Ferrule-Insert-9.jpg\",\"contentUrl\":\"https:\/\/qingdaohf.com\/wp-content\/uploads\/2023\/02\/Flared-Thin-Slab-Ferrule-Insert-9.jpg\",\"width\":1000,\"height\":1000,\"caption\":\"Flared Thin Slab Ferrule Insert\"},{\"@type\":\"BreadcrumbList\",\"@id\":\"https:\/\/qingdaohf.com\/product\/flared-thin-slab-ferrule-insert\/#breadcrumb\",\"itemListElement\":[{\"@type\":\"ListItem\",\"position\":1,\"name\":\"Home\",\"item\":\"https:\/\/qingdaohf.com\/\"},{\"@type\":\"ListItem\",\"position\":2,\"name\":\"Concrete Forming Accessories and Rigging Hardware\",\"item\":\"https:\/\/qingdaohf.com\/bg\/?page_id=944\"},{\"@type\":\"ListItem\",\"position\":3,\"name\":\"Flared Thin Slab Ferrule Insert Coil Insert\"}]},{\"@type\":\"WebSite\",\"@id\":\"https:\/\/qingdaohf.com\/bg\/#website\",\"url\":\"https:\/\/qingdaohf.com\/bg\/\",\"name\":\"Concrete Form & Rigging Hardware Supplier\",\"description\":\"\",\"publisher\":{\"@id\":\"https:\/\/qingdaohf.com\/bg\/#organization\"},\"potentialAction\":[{\"@type\":\"SearchAction\",\"target\":{\"@type\":\"EntryPoint\",\"urlTemplate\":\"https:\/\/qingdaohf.com\/bg\/?s={search_term_string}\"},\"query-input\":{\"@type\":\"PropertyValueSpecification\",\"valueRequired\":true,\"valueName\":\"search_term_string\"}}],\"inLanguage\":\"et\"},{\"@type\":\"Organization\",\"@id\":\"https:\/\/qingdaohf.com\/bg\/#organization\",\"name\":\"Qingdao H&F\",\"url\":\"https:\/\/qingdaohf.com\/bg\/\",\"logo\":{\"@type\":\"ImageObject\",\"inLanguage\":\"et\",\"@id\":\"https:\/\/qingdaohf.com\/bg\/#\/schema\/logo\/image\/\",\"url\":\"https:\/\/qingdaohf.com\/wp-content\/uploads\/2022\/12\/cropped-HF-LOGO.png\",\"contentUrl\":\"https:\/\/qingdaohf.com\/wp-content\/uploads\/2022\/12\/cropped-HF-LOGO.png\",\"width\":391,\"height\":249,\"caption\":\"Qingdao H&F\"},\"image\":{\"@id\":\"https:\/\/qingdaohf.com\/bg\/#\/schema\/logo\/image\/\"},\"sameAs\":[\"https:\/\/www.facebook.com\/qingdaohf\"]}]}<\/script>\n<!-- \/ Yoast SEO plugin. -->","yoast_head_json":{"title":"Flared Thin Slab Ferrule Insert Coil Insert","description":"The Flared Thin Slab Ferrule Insert Coil Insert is a mechanical anchor system used to provide reinforcement and support in concrete structures.","robots":{"index":"index","follow":"follow","max-snippet":"max-snippet:-1","max-image-preview":"max-image-preview:large","max-video-preview":"max-video-preview:-1"},"canonical":"https:\/\/qingdaohf.com\/et\/toode\/ohukese-plaadiga-laiendatud-peenike-ferrulei-sisestus\/","og_locale":"et_EE","og_type":"article","og_title":"Flared Thin Slab Ferrule Insert Coil Insert","og_description":"The Flared Thin Slab Ferrule Insert Coil Insert is a mechanical anchor system used to provide reinforcement and support in concrete structures.","og_url":"https:\/\/qingdaohf.com\/et\/toode\/ohukese-plaadiga-laiendatud-peenike-ferrulei-sisestus\/","og_site_name":"Concrete Form &amp; Rigging Hardware Supplier","article_publisher":"https:\/\/www.facebook.com\/qingdaohf","article_modified_time":"2025-11-13T01:05:54+00:00","og_image":[{"width":1000,"height":1000,"url":"https:\/\/qingdaohf.com\/wp-content\/uploads\/2023\/02\/Flared-Thin-Slab-Ferrule-Insert-9.jpg","type":"image\/jpeg"}],"twitter_card":"summary_large_image","twitter_misc":{"Est. reading time":"1 minut"},"schema":{"@context":"https:\/\/schema.org","@graph":[{"@type":"WebPage","@id":"https:\/\/qingdaohf.com\/product\/flared-thin-slab-ferrule-insert\/","url":"https:\/\/qingdaohf.com\/product\/flared-thin-slab-ferrule-insert\/","name":"Flared Thin Slab Ferrule Insert Coil Insert","isPartOf":{"@id":"https:\/\/qingdaohf.com\/bg\/#website"},"primaryImageOfPage":{"@id":"https:\/\/qingdaohf.com\/product\/flared-thin-slab-ferrule-insert\/#primaryimage"},"image":{"@id":"https:\/\/qingdaohf.com\/product\/flared-thin-slab-ferrule-insert\/#primaryimage"},"thumbnailUrl":"https:\/\/qingdaohf.com\/wp-content\/uploads\/2023\/02\/Flared-Thin-Slab-Ferrule-Insert-9.jpg","datePublished":"2023-02-23T03:13:23+00:00","dateModified":"2025-11-13T01:05:54+00:00","description":"The Flared Thin Slab Ferrule Insert Coil Insert is a mechanical anchor system used to provide reinforcement and support in concrete structures.","breadcrumb":{"@id":"https:\/\/qingdaohf.com\/product\/flared-thin-slab-ferrule-insert\/#breadcrumb"},"inLanguage":"et","potentialAction":[{"@type":"ReadAction","target":["https:\/\/qingdaohf.com\/product\/flared-thin-slab-ferrule-insert\/"]}]},{"@type":"ImageObject","inLanguage":"et","@id":"https:\/\/qingdaohf.com\/product\/flared-thin-slab-ferrule-insert\/#primaryimage","url":"https:\/\/qingdaohf.com\/wp-content\/uploads\/2023\/02\/Flared-Thin-Slab-Ferrule-Insert-9.jpg","contentUrl":"https:\/\/qingdaohf.com\/wp-content\/uploads\/2023\/02\/Flared-Thin-Slab-Ferrule-Insert-9.jpg","width":1000,"height":1000,"caption":"Flared Thin Slab Ferrule Insert"},{"@type":"BreadcrumbList","@id":"https:\/\/qingdaohf.com\/product\/flared-thin-slab-ferrule-insert\/#breadcrumb","itemListElement":[{"@type":"ListItem","position":1,"name":"Home","item":"https:\/\/qingdaohf.com\/"},{"@type":"ListItem","position":2,"name":"Concrete Forming Accessories and Rigging Hardware","item":"https:\/\/qingdaohf.com\/bg\/?page_id=944"},{"@type":"ListItem","position":3,"name":"Flared Thin Slab Ferrule Insert Coil Insert"}]},{"@type":"WebSite","@id":"https:\/\/qingdaohf.com\/bg\/#website","url":"https:\/\/qingdaohf.com\/bg\/","name":"Concrete Form & Rigging Hardware Supplier","description":"","publisher":{"@id":"https:\/\/qingdaohf.com\/bg\/#organization"},"potentialAction":[{"@type":"SearchAction","target":{"@type":"EntryPoint","urlTemplate":"https:\/\/qingdaohf.com\/bg\/?s={search_term_string}"},"query-input":{"@type":"PropertyValueSpecification","valueRequired":true,"valueName":"search_term_string"}}],"inLanguage":"et"},{"@type":"Organization","@id":"https:\/\/qingdaohf.com\/bg\/#organization","name":"Qingdao H&F","url":"https:\/\/qingdaohf.com\/bg\/","logo":{"@type":"ImageObject","inLanguage":"et","@id":"https:\/\/qingdaohf.com\/bg\/#\/schema\/logo\/image\/","url":"https:\/\/qingdaohf.com\/wp-content\/uploads\/2022\/12\/cropped-HF-LOGO.png","contentUrl":"https:\/\/qingdaohf.com\/wp-content\/uploads\/2022\/12\/cropped-HF-LOGO.png","width":391,"height":249,"caption":"Qingdao H&F"},"image":{"@id":"https:\/\/qingdaohf.com\/bg\/#\/schema\/logo\/image\/"},"sameAs":["https:\/\/www.facebook.com\/qingdaohf"]}]}},"_links":{"self":[{"href":"https:\/\/qingdaohf.com\/et\/wp-json\/wp\/v2\/product\/2329","targetHints":{"allow":["GET"]}}],"collection":[{"href":"https:\/\/qingdaohf.com\/et\/wp-json\/wp\/v2\/product"}],"about":[{"href":"https:\/\/qingdaohf.com\/et\/wp-json\/wp\/v2\/types\/product"}],"replies":[{"embeddable":true,"href":"https:\/\/qingdaohf.com\/et\/wp-json\/wp\/v2\/comments?post=2329"}],"version-history":[{"count":2,"href":"https:\/\/qingdaohf.com\/et\/wp-json\/wp\/v2\/product\/2329\/revisions"}],"predecessor-version":[{"id":10451,"href":"https:\/\/qingdaohf.com\/et\/wp-json\/wp\/v2\/product\/2329\/revisions\/10451"}],"wp:featuredmedia":[{"embeddable":true,"href":"https:\/\/qingdaohf.com\/et\/wp-json\/wp\/v2\/media\/3180"}],"wp:attachment":[{"href":"https:\/\/qingdaohf.com\/et\/wp-json\/wp\/v2\/media?parent=2329"}],"wp:term":[{"taxonomy":"product_brand","embeddable":true,"href":"https:\/\/qingdaohf.com\/et\/wp-json\/wp\/v2\/product_brand?post=2329"},{"taxonomy":"product_cat","embeddable":true,"href":"https:\/\/qingdaohf.com\/et\/wp-json\/wp\/v2\/product_cat?post=2329"},{"taxonomy":"product_tag","embeddable":true,"href":"https:\/\/qingdaohf.com\/et\/wp-json\/wp\/v2\/product_tag?post=2329"}],"curies":[{"name":"wp","href":"https:\/\/api.w.org\/{rel}","templated":true}]}}