{"id":2640,"date":"2023-03-02T10:32:39","date_gmt":"2023-03-02T02:32:39","guid":{"rendered":"http:\/\/qingdaohf.com\/?post_type=product&#038;p=2640"},"modified":"2025-11-13T09:05:53","modified_gmt":"2025-11-13T01:05:53","slug":"erection-anchor","status":"publish","type":"product","link":"https:\/\/qingdaohf.com\/et\/toode\/pustitusanker\/","title":{"rendered":"T\u00f5stmise p\u00fcstitusankur Kahe augu ankur Kahe augu ankur"},"content":{"rendered":"<p>Valmisbetoonist t\u00f5stukid on seadmed, mida kasutatakse valmisbetoonelementide t\u00f5stmiseks ja kinnitamiseks ehitamise ajal. Need ankrud on m\u00f5eldud betoonelementide sisse valamiseks enne paigaldamist ning need pakuvad turvalist kinnituspunkti elemendi t\u00f5stmiseks ja paigutamiseks.<\/p>\n<p>Tavaliselt on betoonelementide t\u00f5stmise ankrud valmistatud \u00fclitugevast terasest ja neid on mitmesugustes suurustes ja kujuga, et sobitada eri t\u00fc\u00fcpi betoonelementide paigaldamist. Need on konstrueeritud ka ohutust silmas pidades, kuna nende kandev\u00f5ime tagab, et nad suudavad vastu pidada t\u00f5stetava betoonelemendi kaalule.<\/p>\n<p>Paigaldamise ajal sisestatakse ankurdused monteeritavasse elementi ja kinnitatakse epoksiidiga v\u00f5i muude liimimisvahenditega. Kui epoks\u00fc on k\u00f5venenud, saab ankrute k\u00fclge kinnitada t\u00f5stekettid v\u00f5i -kaablid ning monteeritavat elementi saab ohutult t\u00f5sta ja paigutada.<\/p>\n<p>Valmisbetoonist t\u00f5steankrud on kaasaegse betoonelementide ehituse oluline osa, sest need v\u00f5imaldavad betoonelementide kiiret ja t\u00f5husat paigaldamist, tagades samal ajal t\u00f6\u00f6tajate ohutuse ja v\u00e4hendades paigaldamise ajal betoonelemendi kahjustamise ohtu.<\/p>\n<p>&nbsp;<\/p>\n<p>&nbsp;<\/p>\n<p>&nbsp;<\/p>","protected":false},"excerpt":{"rendered":"<p>Valmisbetoonist t\u00f5stukid on seadmed, mida kasutatakse valmisbetoonelementide t\u00f5stmiseks ja kinnitamiseks ehitamise ajal. Need ankrud on m\u00f5eldud betoonelementide sisse valamiseks enne paigaldamist ning need pakuvad turvalist kinnituspunkti elemendi t\u00f5stmiseks ja paigutamiseks.<\/p>","protected":false},"featured_media":6130,"comment_status":"open","ping_status":"closed","template":"","meta":{"site-sidebar-layout":"default","site-content-layout":"default","ast-site-content-layout":"default","site-content-style":"default","site-sidebar-style":"default","ast-global-header-display":"","ast-banner-title-visibility":"","ast-main-header-display":"","ast-hfb-above-header-display":"","ast-hfb-below-header-display":"","ast-hfb-mobile-header-display":"","site-post-title":"","ast-breadcrumbs-content":"","ast-featured-img":"","footer-sml-layout":"","theme-transparent-header-meta":"default","adv-header-id-meta":"","stick-header-meta":"default","header-above-stick-meta":"","header-main-stick-meta":"","header-below-stick-meta":"","astra-migrate-meta-layouts":"set","ast-page-background-enabled":"default","ast-page-background-meta":{"desktop":{"background-color":"","background-image":"","background-repeat":"repeat","background-position":"center center","background-size":"auto","background-attachment":"scroll","background-type":"","background-media":"","overlay-type":"","overlay-color":"","overlay-opacity":"","overlay-gradient":""},"tablet":{"background-color":"","background-image":"","background-repeat":"repeat","background-position":"center center","background-size":"auto","background-attachment":"scroll","background-type":"","background-media":"","overlay-type":"","overlay-color":"","overlay-opacity":"","overlay-gradient":""},"mobile":{"background-color":"","background-image":"","background-repeat":"repeat","background-position":"center center","background-size":"auto","background-attachment":"scroll","background-type":"","background-media":"","overlay-type":"","overlay-color":"","overlay-opacity":"","overlay-gradient":""}},"ast-content-background-meta":{"desktop":{"background-color":"var(--ast-global-color-5)","background-image":"","background-repeat":"repeat","background-position":"center center","background-size":"auto","background-attachment":"scroll","background-type":"","background-media":"","overlay-type":"","overlay-color":"","overlay-opacity":"","overlay-gradient":""},"tablet":{"background-color":"var(--ast-global-color-5)","background-image":"","background-repeat":"repeat","background-position":"center center","background-size":"auto","background-attachment":"scroll","background-type":"","background-media":"","overlay-type":"","overlay-color":"","overlay-opacity":"","overlay-gradient":""},"mobile":{"background-color":"var(--ast-global-color-5)","background-image":"","background-repeat":"repeat","background-position":"center center","background-size":"auto","background-attachment":"scroll","background-type":"","background-media":"","overlay-type":"","overlay-color":"","overlay-opacity":"","overlay-gradient":""}}},"product_brand":[],"product_cat":[50,28,30],"product_tag":[],"class_list":{"0":"post-2640","1":"product","2":"type-product","3":"status-publish","4":"has-post-thumbnail","6":"product_cat-concrete-form-accessories","7":"product_cat-concrete-forming","8":"product_cat-lifting-anchor","9":"desktop-align-left","10":"tablet-align-left","11":"mobile-align-left","12":"ast-product-gallery-layout-horizontal-slider","13":"ast-product-tabs-layout-horizontal","15":"first","16":"instock","17":"shipping-taxable","18":"purchasable","19":"product-type-simple"},"yoast_head":"<!-- This site is optimized with the Yoast SEO plugin v25.2 - https:\/\/yoast.com\/wordpress\/plugins\/seo\/ -->\n<title>Lifting Erection Anchor Two Hole Anchor<\/title>\n<meta name=\"description\" content=\"Precast concrete lifting erection anchors are devices used to lift and secure precast concrete elements during construction.\" \/>\n<meta name=\"robots\" content=\"index, follow, max-snippet:-1, max-image-preview:large, max-video-preview:-1\" \/>\n<link rel=\"canonical\" href=\"https:\/\/qingdaohf.com\/et\/toode\/pustitusanker\/\" \/>\n<meta property=\"og:locale\" content=\"et_EE\" \/>\n<meta property=\"og:type\" content=\"article\" \/>\n<meta property=\"og:title\" content=\"Lifting Erection Anchor Two Hole Anchor\" \/>\n<meta property=\"og:description\" content=\"Precast concrete lifting erection anchors are devices used to lift and secure precast concrete elements during construction.\" \/>\n<meta property=\"og:url\" content=\"https:\/\/qingdaohf.com\/et\/toode\/pustitusanker\/\" \/>\n<meta property=\"og:site_name\" content=\"Concrete Form &amp; Rigging Hardware Supplier\" \/>\n<meta property=\"article:publisher\" content=\"https:\/\/www.facebook.com\/qingdaohf\" \/>\n<meta property=\"article:modified_time\" content=\"2025-11-13T01:05:53+00:00\" \/>\n<meta property=\"og:image\" content=\"https:\/\/qingdaohf.com\/wp-content\/uploads\/2023\/03\/erection-anchor.webp\" \/>\n\t<meta property=\"og:image:width\" content=\"1000\" \/>\n\t<meta property=\"og:image:height\" content=\"1000\" \/>\n\t<meta property=\"og:image:type\" content=\"image\/webp\" \/>\n<meta name=\"twitter:card\" content=\"summary_large_image\" \/>\n<meta name=\"twitter:label1\" content=\"Est. reading time\" \/>\n\t<meta name=\"twitter:data1\" content=\"2 minutit\" \/>\n<script type=\"application\/ld+json\" class=\"yoast-schema-graph\">{\"@context\":\"https:\/\/schema.org\",\"@graph\":[{\"@type\":\"WebPage\",\"@id\":\"https:\/\/qingdaohf.com\/product\/erection-anchor\/\",\"url\":\"https:\/\/qingdaohf.com\/product\/erection-anchor\/\",\"name\":\"Lifting Erection Anchor Two Hole Anchor\",\"isPartOf\":{\"@id\":\"https:\/\/qingdaohf.com\/bg\/#website\"},\"primaryImageOfPage\":{\"@id\":\"https:\/\/qingdaohf.com\/product\/erection-anchor\/#primaryimage\"},\"image\":{\"@id\":\"https:\/\/qingdaohf.com\/product\/erection-anchor\/#primaryimage\"},\"thumbnailUrl\":\"https:\/\/qingdaohf.com\/wp-content\/uploads\/2023\/03\/erection-anchor.webp\",\"datePublished\":\"2023-03-02T02:32:39+00:00\",\"dateModified\":\"2025-11-13T01:05:53+00:00\",\"description\":\"Precast concrete lifting erection anchors are devices used to lift and secure precast concrete elements during construction.\",\"breadcrumb\":{\"@id\":\"https:\/\/qingdaohf.com\/product\/erection-anchor\/#breadcrumb\"},\"inLanguage\":\"et\",\"potentialAction\":[{\"@type\":\"ReadAction\",\"target\":[\"https:\/\/qingdaohf.com\/product\/erection-anchor\/\"]}]},{\"@type\":\"ImageObject\",\"inLanguage\":\"et\",\"@id\":\"https:\/\/qingdaohf.com\/product\/erection-anchor\/#primaryimage\",\"url\":\"https:\/\/qingdaohf.com\/wp-content\/uploads\/2023\/03\/erection-anchor.webp\",\"contentUrl\":\"https:\/\/qingdaohf.com\/wp-content\/uploads\/2023\/03\/erection-anchor.webp\",\"width\":1000,\"height\":1000,\"caption\":\"erection anchor\"},{\"@type\":\"BreadcrumbList\",\"@id\":\"https:\/\/qingdaohf.com\/product\/erection-anchor\/#breadcrumb\",\"itemListElement\":[{\"@type\":\"ListItem\",\"position\":1,\"name\":\"Home\",\"item\":\"https:\/\/qingdaohf.com\/\"},{\"@type\":\"ListItem\",\"position\":2,\"name\":\"Concrete Forming Accessories and Rigging Hardware\",\"item\":\"https:\/\/qingdaohf.com\/bg\/?page_id=944\"},{\"@type\":\"ListItem\",\"position\":3,\"name\":\"Lifting Erection Anchor Two Hole Anchor\"}]},{\"@type\":\"WebSite\",\"@id\":\"https:\/\/qingdaohf.com\/bg\/#website\",\"url\":\"https:\/\/qingdaohf.com\/bg\/\",\"name\":\"Concrete Form & Rigging Hardware Supplier\",\"description\":\"\",\"publisher\":{\"@id\":\"https:\/\/qingdaohf.com\/bg\/#organization\"},\"potentialAction\":[{\"@type\":\"SearchAction\",\"target\":{\"@type\":\"EntryPoint\",\"urlTemplate\":\"https:\/\/qingdaohf.com\/bg\/?s={search_term_string}\"},\"query-input\":{\"@type\":\"PropertyValueSpecification\",\"valueRequired\":true,\"valueName\":\"search_term_string\"}}],\"inLanguage\":\"et\"},{\"@type\":\"Organization\",\"@id\":\"https:\/\/qingdaohf.com\/bg\/#organization\",\"name\":\"Qingdao H&F\",\"url\":\"https:\/\/qingdaohf.com\/bg\/\",\"logo\":{\"@type\":\"ImageObject\",\"inLanguage\":\"et\",\"@id\":\"https:\/\/qingdaohf.com\/bg\/#\/schema\/logo\/image\/\",\"url\":\"https:\/\/qingdaohf.com\/wp-content\/uploads\/2022\/12\/cropped-HF-LOGO.png\",\"contentUrl\":\"https:\/\/qingdaohf.com\/wp-content\/uploads\/2022\/12\/cropped-HF-LOGO.png\",\"width\":391,\"height\":249,\"caption\":\"Qingdao H&F\"},\"image\":{\"@id\":\"https:\/\/qingdaohf.com\/bg\/#\/schema\/logo\/image\/\"},\"sameAs\":[\"https:\/\/www.facebook.com\/qingdaohf\"]}]}<\/script>\n<!-- \/ Yoast SEO plugin. -->","yoast_head_json":{"title":"Lifting Erection Anchor Two Hole Anchor","description":"Precast concrete lifting erection anchors are devices used to lift and secure precast concrete elements during construction.","robots":{"index":"index","follow":"follow","max-snippet":"max-snippet:-1","max-image-preview":"max-image-preview:large","max-video-preview":"max-video-preview:-1"},"canonical":"https:\/\/qingdaohf.com\/et\/toode\/pustitusanker\/","og_locale":"et_EE","og_type":"article","og_title":"Lifting Erection Anchor Two Hole Anchor","og_description":"Precast concrete lifting erection anchors are devices used to lift and secure precast concrete elements during construction.","og_url":"https:\/\/qingdaohf.com\/et\/toode\/pustitusanker\/","og_site_name":"Concrete Form &amp; Rigging Hardware Supplier","article_publisher":"https:\/\/www.facebook.com\/qingdaohf","article_modified_time":"2025-11-13T01:05:53+00:00","og_image":[{"width":1000,"height":1000,"url":"https:\/\/qingdaohf.com\/wp-content\/uploads\/2023\/03\/erection-anchor.webp","type":"image\/webp"}],"twitter_card":"summary_large_image","twitter_misc":{"Est. reading time":"2 minutit"},"schema":{"@context":"https:\/\/schema.org","@graph":[{"@type":"WebPage","@id":"https:\/\/qingdaohf.com\/product\/erection-anchor\/","url":"https:\/\/qingdaohf.com\/product\/erection-anchor\/","name":"Lifting Erection Anchor Two Hole Anchor","isPartOf":{"@id":"https:\/\/qingdaohf.com\/bg\/#website"},"primaryImageOfPage":{"@id":"https:\/\/qingdaohf.com\/product\/erection-anchor\/#primaryimage"},"image":{"@id":"https:\/\/qingdaohf.com\/product\/erection-anchor\/#primaryimage"},"thumbnailUrl":"https:\/\/qingdaohf.com\/wp-content\/uploads\/2023\/03\/erection-anchor.webp","datePublished":"2023-03-02T02:32:39+00:00","dateModified":"2025-11-13T01:05:53+00:00","description":"Precast concrete lifting erection anchors are devices used to lift and secure precast concrete elements during construction.","breadcrumb":{"@id":"https:\/\/qingdaohf.com\/product\/erection-anchor\/#breadcrumb"},"inLanguage":"et","potentialAction":[{"@type":"ReadAction","target":["https:\/\/qingdaohf.com\/product\/erection-anchor\/"]}]},{"@type":"ImageObject","inLanguage":"et","@id":"https:\/\/qingdaohf.com\/product\/erection-anchor\/#primaryimage","url":"https:\/\/qingdaohf.com\/wp-content\/uploads\/2023\/03\/erection-anchor.webp","contentUrl":"https:\/\/qingdaohf.com\/wp-content\/uploads\/2023\/03\/erection-anchor.webp","width":1000,"height":1000,"caption":"erection anchor"},{"@type":"BreadcrumbList","@id":"https:\/\/qingdaohf.com\/product\/erection-anchor\/#breadcrumb","itemListElement":[{"@type":"ListItem","position":1,"name":"Home","item":"https:\/\/qingdaohf.com\/"},{"@type":"ListItem","position":2,"name":"Concrete Forming Accessories and Rigging Hardware","item":"https:\/\/qingdaohf.com\/bg\/?page_id=944"},{"@type":"ListItem","position":3,"name":"Lifting Erection Anchor Two Hole Anchor"}]},{"@type":"WebSite","@id":"https:\/\/qingdaohf.com\/bg\/#website","url":"https:\/\/qingdaohf.com\/bg\/","name":"Concrete Form & Rigging Hardware Supplier","description":"","publisher":{"@id":"https:\/\/qingdaohf.com\/bg\/#organization"},"potentialAction":[{"@type":"SearchAction","target":{"@type":"EntryPoint","urlTemplate":"https:\/\/qingdaohf.com\/bg\/?s={search_term_string}"},"query-input":{"@type":"PropertyValueSpecification","valueRequired":true,"valueName":"search_term_string"}}],"inLanguage":"et"},{"@type":"Organization","@id":"https:\/\/qingdaohf.com\/bg\/#organization","name":"Qingdao H&F","url":"https:\/\/qingdaohf.com\/bg\/","logo":{"@type":"ImageObject","inLanguage":"et","@id":"https:\/\/qingdaohf.com\/bg\/#\/schema\/logo\/image\/","url":"https:\/\/qingdaohf.com\/wp-content\/uploads\/2022\/12\/cropped-HF-LOGO.png","contentUrl":"https:\/\/qingdaohf.com\/wp-content\/uploads\/2022\/12\/cropped-HF-LOGO.png","width":391,"height":249,"caption":"Qingdao H&F"},"image":{"@id":"https:\/\/qingdaohf.com\/bg\/#\/schema\/logo\/image\/"},"sameAs":["https:\/\/www.facebook.com\/qingdaohf"]}]}},"_links":{"self":[{"href":"https:\/\/qingdaohf.com\/et\/wp-json\/wp\/v2\/product\/2640","targetHints":{"allow":["GET"]}}],"collection":[{"href":"https:\/\/qingdaohf.com\/et\/wp-json\/wp\/v2\/product"}],"about":[{"href":"https:\/\/qingdaohf.com\/et\/wp-json\/wp\/v2\/types\/product"}],"replies":[{"embeddable":true,"href":"https:\/\/qingdaohf.com\/et\/wp-json\/wp\/v2\/comments?post=2640"}],"version-history":[{"count":7,"href":"https:\/\/qingdaohf.com\/et\/wp-json\/wp\/v2\/product\/2640\/revisions"}],"predecessor-version":[{"id":10256,"href":"https:\/\/qingdaohf.com\/et\/wp-json\/wp\/v2\/product\/2640\/revisions\/10256"}],"wp:featuredmedia":[{"embeddable":true,"href":"https:\/\/qingdaohf.com\/et\/wp-json\/wp\/v2\/media\/6130"}],"wp:attachment":[{"href":"https:\/\/qingdaohf.com\/et\/wp-json\/wp\/v2\/media?parent=2640"}],"wp:term":[{"taxonomy":"product_brand","embeddable":true,"href":"https:\/\/qingdaohf.com\/et\/wp-json\/wp\/v2\/product_brand?post=2640"},{"taxonomy":"product_cat","embeddable":true,"href":"https:\/\/qingdaohf.com\/et\/wp-json\/wp\/v2\/product_cat?post=2640"},{"taxonomy":"product_tag","embeddable":true,"href":"https:\/\/qingdaohf.com\/et\/wp-json\/wp\/v2\/product_tag?post=2640"}],"curies":[{"name":"wp","href":"https:\/\/api.w.org\/{rel}","templated":true}]}}