{"id":2646,"date":"2023-03-02T15:27:12","date_gmt":"2023-03-02T07:27:12","guid":{"rendered":"http:\/\/qingdaohf.com\/?post_type=product&#038;p=2646"},"modified":"2025-11-13T09:05:52","modified_gmt":"2025-11-13T01:05:52","slug":"elephant-foot-ferrule","status":"publish","type":"product","link":"https:\/\/qingdaohf.com\/et\/toode\/roud-ferrule-elevandi-jalg-ferrule\/","title":{"rendered":"Elevandi jalga Ferrule"},"content":{"rendered":"<h2 class=\"text-2xl font-bold mt-1 text-text-200\">Mis on elevandijalg-\u00e4\u00e4rikud ja miks on need olulised?<\/h2>\n<p class=\"whitespace-pre-wrap break-words\">Kas olete kunagi m\u00f5elnud, miks neid nimetatakse \"elevandijalgade\" trossideks? Vaadake \u00fchte ja te n\u00e4ete seda - nendel kriitilistel taglastusosadel on iseloomulik laiendatud alus, mis peegeldab elevandi jalga. Kuid nende ainulaadne kuju ei ole ainult n\u00e4itamiseks. Need spetsiaalsed trossid on trossimaailma laulmata kangelased, kes loovad kivikindlaid \u00fchendusi trosside ja t\u00f5stes\u00fcsteemide vahel. Nende nutikas konstruktsioon jaotab surve \u00fchtlaselt trossiharude vahel, hoides \u00e4ra kulumise ja s\u00e4ilitades trossi tugevuse, kui see on k\u00f5ige t\u00e4htsam.<\/p>\n<p class=\"whitespace-pre-wrap break-words\">Olgem ausad - \u00f5ige ferruli valimine ei ole midagi, mida v\u00f5iks v\u00f5tta kergek\u00e4eliselt. Kui tegemist on raskete t\u00f5stet\u00f6\u00f6de, meret\u00f6\u00f6de v\u00f5i mis tahes taglase rakendusega, kus pinge on l\u00e4bi katuse, v\u00f5ib teie valitav ferrule teha v\u00f5i katkestada operatsiooni - m\u00f5nikord s\u00f5na otseses m\u00f5ttes. Seep\u00e4rast ei ole nende komponentide tundmine seest ja v\u00e4ljast mitte ainult kasulik, vaid h\u00e4davajalik iga t\u00f6\u00f6v\u00f5tja jaoks.<\/p>\n<p><img fetchpriority=\"high\" decoding=\"async\" class=\"alignnone size-full wp-image-3403\" src=\"http:\/\/qingdaohf.com\/wp-content\/uploads\/2023\/03\/50-3.jpg\" alt=\"vahekaart\" width=\"1200\" height=\"412\" srcset=\"https:\/\/qingdaohf.com\/wp-content\/uploads\/2023\/03\/50-3.jpg 1200w, https:\/\/qingdaohf.com\/wp-content\/uploads\/2023\/03\/50-3-300x103.jpg 300w, https:\/\/qingdaohf.com\/wp-content\/uploads\/2023\/03\/50-3-1024x352.jpg 1024w, https:\/\/qingdaohf.com\/wp-content\/uploads\/2023\/03\/50-3-768x264.jpg 768w, https:\/\/qingdaohf.com\/wp-content\/uploads\/2023\/03\/50-3-1000x343.jpg 1000w\" sizes=\"(max-width: 1200px) 100vw, 1200px\" \/><\/p>\n<h2 class=\"text-2xl font-bold mt-1 text-text-200\">Miks valida Qingdao H &amp; F oma elevantide jalgade jaoks?<\/h2>\n<p class=\"whitespace-pre-wrap break-words\">Me Qingdao H&amp;F-is m\u00f5istame, et kui te hangete riistvara, vajate partnerit, kes pakub rohkem kui lihtsalt osi. Tuginedes aastatepikkusele rahvusvahelisele kaubanduskogemusele, oleme rajanud oma maine k\u00f5rgekvaliteediliste trosside valmistamisele, mis on pikaealised. Kuid me teame, et suurep\u00e4rased tooted on alles algus.<\/p>\n<p class=\"whitespace-pre-wrap break-words\">Mis meid eristab? K\u00f5igepealt t\u00f6\u00f6tate otse p\u00fchendunud tugiisikuga, kes teab oma asju. Ei mingeid telefonipuid, ei mingeid \u00fcmberk\u00e4imisi - ainult otsekohene jutt ja teie projekti n\u00f5uetele kohandatud lahendused. Kas vajate kohandatud spetsifikatsioone? Spetsiaalsed sertifikaadid? Meil on teiega k\u00f5ik korras. Ja kuna aeg on raha, oleme oma tarneprotsessi sujuvamaks muutnud, et teie tegevus oleks kiire.<\/p>\n<p class=\"whitespace-pre-wrap break-words\">Kvaliteet ei ole siinkohal lihtsalt m\u00e4rks\u00f5na. Iga ferrule l\u00e4bib p\u00f5hjalikud testid - me r\u00e4\u00e4gime materjali tugevusest, korrosioonikindlusest, m\u00f5\u00f5tmete t\u00e4psusest, k\u00f5ikv\u00f5imalikest t\u00f6\u00f6dest. Iga tellimus, olgu see \u00fcks v\u00f5i tuhat t\u00fckki, on varustatud \u00fcksikasjalike kontrolliaruannetega. Sest kui kaalul on turvalisus, siis \"piisavalt hea\" lihtsalt ei ole piisav.<\/p>\n<h2 class=\"text-2xl font-bold mt-1 text-text-200\">Elevandi jalamite konstruktsiooni ja kasutamise m\u00f5istmine<\/h2>\n<p class=\"whitespace-pre-wrap break-words\">Nende trosside geniaalsus seisneb nende erip\u00e4rases vormis. See laiem p\u00f5hi ei ole ainult v\u00e4limuse p\u00e4rast - see loob t\u00e4iendava survepinna, mis haarab trossi t\u00f5husamalt kui tavalised trossid. Surve rakendamisel jaotub koormus \u00fchtlaselt trossil\u00f5ngade vahel, v\u00e4ltides pingekollete tekkimist, mis v\u00f5ivad p\u00f5hjustada rikkeid. See nutikas konstruktsioon v\u00e4hendab ka h\u00f5\u00f5rdumist seal, kus see on oluline, pikendades nii trossi kui ka trossi kasutusiga.<\/p>\n<p class=\"whitespace-pre-wrap break-words\">Alates avamerepuurplatvormidest kuni ehitusplatsideni, k\u00f5ikjal, kus on t\u00f5siseid t\u00f5stet\u00f6id, on need trossid k\u00f5vasti t\u00f6\u00f6l. Nende t\u00f5eline tugevus? Kohandatavus. Olenemata sellest, kas t\u00f6\u00f6tate roostevabast terasest, tsingitud terasest v\u00f5i spetsiaalsetest sulamitest trossidega, saavad elevantjalgsed trossid sellega hakkama. T\u00e4nu sellele mitmek\u00fclgsusele on need ideaalsed nii p\u00fcsipaigaldiste kui ka ajutiste seadeldiste jaoks, kus usaldusv\u00e4\u00e4rsus ei saa olla ohus.<\/p>\n<h2 class=\"text-2xl font-bold mt-1 text-text-200\">Kuidas Elevandi jalarauad aitavad kaasa ohutusele ja j\u00f5udlusele<\/h2>\n<p class=\"whitespace-pre-wrap break-words\">Raskeveokite ja t\u00f5steseadmete maailmas ei ole olemas sellist asja nagu \"v\u00e4ike\" komponent. Iga osa on oluline ja need trossid m\u00e4ngivad olulist rolli \u00f5udusunen\u00e4gude - trossi libisemise, katkemise v\u00f5i katastroofiliste purunemiste - v\u00e4ltimisel. Kui t\u00f5state koormusi, mis v\u00f5ivad p\u00f5hjustada t\u00f5siseid kahjustusi v\u00f5i vigastusi, kui midagi l\u00e4heb valesti, vajate riistvara, mida saate usaldada.<\/p>\n<p class=\"whitespace-pre-wrap break-words\">Need ei ole tavalised trossid. Need on ehitatud tipptasemel materjalidest ja valmistatud t\u00e4pselt, et nad suudaksid tormi taluda - s\u00f5na otseses m\u00f5ttes. Alates korrosiivsetest keskkondadest kuni \u00e4\u00e4rmuslike temperatuuride ja k\u00f5rge koormusega rakendusteni - need p\u00fcsivad t\u00f6\u00f6korras, kui v\u00e4hemt\u00e4htsad riistvaraelemendid eba\u00f5nnestuksid. Koos meie range kvaliteedikontrolliga on teil meelerahu, millele v\u00f5ite loota.<\/p>\n<h2 class=\"text-2xl font-bold mt-1 text-text-200\">Qingdao H&amp;F eelis<\/h2>\n<p><img decoding=\"async\" class=\"alignnone wp-image-8732 size-full\" src=\"http:\/\/qingdaohf.com\/wp-content\/uploads\/2023\/03\/HF-packing-5-1.webp\" alt=\"HF-pakend\" width=\"1920\" height=\"1080\" srcset=\"https:\/\/qingdaohf.com\/wp-content\/uploads\/2023\/03\/HF-packing-5-1.webp 1920w, https:\/\/qingdaohf.com\/wp-content\/uploads\/2023\/03\/HF-packing-5-1-300x169.webp 300w, https:\/\/qingdaohf.com\/wp-content\/uploads\/2023\/03\/HF-packing-5-1-1024x576.webp 1024w, https:\/\/qingdaohf.com\/wp-content\/uploads\/2023\/03\/HF-packing-5-1-768x432.webp 768w, https:\/\/qingdaohf.com\/wp-content\/uploads\/2023\/03\/HF-packing-5-1-1536x864.webp 1536w, https:\/\/qingdaohf.com\/wp-content\/uploads\/2023\/03\/HF-packing-5-1-18x10.webp 18w, https:\/\/qingdaohf.com\/wp-content\/uploads\/2023\/03\/HF-packing-5-1-1000x563.webp 1000w\" sizes=\"(max-width: 1920px) 100vw, 1920px\" \/><\/p>\n<p class=\"whitespace-pre-wrap break-words\">Qingdao H&amp;F valimine t\u00e4hendab enamat kui lihtsalt trosside ostmine - te saate partneri, kes investeerib teie edusse. Meie meeskond elab ja hingab tongit\u00f6\u00f6stuses ning me oleme siin, et aidata teil lahendada nii otseseid probleeme kui ka pikaajalisi eesm\u00e4rke.<\/p>\n<p class=\"whitespace-pre-wrap break-words\">Oleme oma maine teeninud raskel viisil - pakkudes j\u00e4rjepidevalt kvaliteetseid tooteid, kiiret tarnet ja tuge, millele v\u00f5ite tegelikult loota. Tahad enne investeerimist testida? Saadame teile tasuta n\u00e4idiseid meie trossitoodetest. Selline praktiline l\u00e4henemine v\u00f5imaldab teil enne oluliste otsuste tegemist kontrollida \u00fchilduvust ja j\u00f5udlust.<\/p>\n<h2 class=\"text-2xl font-bold mt-1 text-text-200\">Kokkuv\u00f5te<\/h2>\n<p class=\"whitespace-pre-wrap break-words\">Kui tegemist on t\u00f5stet\u00f6\u00f6dega, ei ole elevandijalgade komplektid lihtsalt \u00fcks osa - need on rahulikuks tehtud metall. Qingdao H&amp;F \u00fchendab k\u00f5rgekvaliteedilised tooted oskusteabe ja teenindusega, mida vajate, et asjad sujuvalt toimiksid. Olenemata sellest, kas olete ehituses, meret\u00f6\u00f6del v\u00f5i mis tahes valdkonnas, kus n\u00f5utakse kuulikindlaid taglase komponente, meie trossid vastavad n\u00f5uetele. T\u00e4nu p\u00f5hjalikule testimisele, isiklikule toele ja kiirele tarneajale oleme valmis olema teie partneriks taglase- ja t\u00f5steseadmete osas. Kas olete valmis rohkem teada saama? R\u00e4\u00e4gime sellest, kuidas meie elevantjalgade trossid v\u00f5ivad teie j\u00e4rgmist projekti t\u00f5sta.<\/p>","protected":false},"excerpt":{"rendered":"<p>Elephant Foot Ferrules on v\u00e4ga olulised taglase- ja t\u00f5stet\u00f6\u00f6stuses, kus nad aitavad luua tugeva ja turvalise \u00fchenduse trosside vahel, et tagada parem j\u00f5udlus raskete rakenduste korral. Kvaliteet, t\u00e4psus ja \u00fchilduvus on iga ostja jaoks tavap\u00e4rane mure; Qingdao H&amp;F Elephant Foot Ferrules'i puhul v\u00f5ite olla kindel, et saate kvaliteetse lahenduse, mis vastab ka k\u00f5ige n\u00f5udlikumatele n\u00f5uetele. \u00dcks-\u00fchele klienditeenindus, kiired tarneperioodid ja p\u00f5hjalikud kvaliteedikontrolli aruanded on vaid m\u00f5ned eelised, mis tagavad, et saate iga kord parima toote, mis vastab teie vajadustele. Olenemata sellest, kas vajate kohandatud suurusi v\u00f5i kiiret lahendust, saame aidata teie projekti igal sammul.<\/p>","protected":false},"featured_media":3398,"comment_status":"open","ping_status":"closed","template":"","meta":{"site-sidebar-layout":"default","site-content-layout":"default","ast-site-content-layout":"default","site-content-style":"default","site-sidebar-style":"default","ast-global-header-display":"","ast-banner-title-visibility":"","ast-main-header-display":"","ast-hfb-above-header-display":"","ast-hfb-below-header-display":"","ast-hfb-mobile-header-display":"","site-post-title":"","ast-breadcrumbs-content":"","ast-featured-img":"","footer-sml-layout":"","theme-transparent-header-meta":"default","adv-header-id-meta":"","stick-header-meta":"default","header-above-stick-meta":"","header-main-stick-meta":"","header-below-stick-meta":"","astra-migrate-meta-layouts":"set","ast-page-background-enabled":"default","ast-page-background-meta":{"desktop":{"background-color":"","background-image":"","background-repeat":"repeat","background-position":"center center","background-size":"auto","background-attachment":"scroll","background-type":"","background-media":"","overlay-type":"","overlay-color":"","overlay-opacity":"","overlay-gradient":""},"tablet":{"background-color":"","background-image":"","background-repeat":"repeat","background-position":"center center","background-size":"auto","background-attachment":"scroll","background-type":"","background-media":"","overlay-type":"","overlay-color":"","overlay-opacity":"","overlay-gradient":""},"mobile":{"background-color":"","background-image":"","background-repeat":"repeat","background-position":"center center","background-size":"auto","background-attachment":"scroll","background-type":"","background-media":"","overlay-type":"","overlay-color":"","overlay-opacity":"","overlay-gradient":""}},"ast-content-background-meta":{"desktop":{"background-color":"var(--ast-global-color-5)","background-image":"","background-repeat":"repeat","background-position":"center center","background-size":"auto","background-attachment":"scroll","background-type":"","background-media":"","overlay-type":"","overlay-color":"","overlay-opacity":"","overlay-gradient":""},"tablet":{"background-color":"var(--ast-global-color-5)","background-image":"","background-repeat":"repeat","background-position":"center center","background-size":"auto","background-attachment":"scroll","background-type":"","background-media":"","overlay-type":"","overlay-color":"","overlay-opacity":"","overlay-gradient":""},"mobile":{"background-color":"var(--ast-global-color-5)","background-image":"","background-repeat":"repeat","background-position":"center center","background-size":"auto","background-attachment":"scroll","background-type":"","background-media":"","overlay-type":"","overlay-color":"","overlay-opacity":"","overlay-gradient":""}}},"product_brand":[],"product_cat":[50,30],"product_tag":[],"class_list":{"0":"post-2646","1":"product","2":"type-product","3":"status-publish","4":"has-post-thumbnail","6":"product_cat-concrete-form-accessories","7":"product_cat-lifting-anchor","8":"desktop-align-left","9":"tablet-align-left","10":"mobile-align-left","11":"ast-product-gallery-layout-horizontal-slider","12":"ast-product-tabs-layout-horizontal","14":"first","15":"instock","16":"shipping-taxable","17":"purchasable","18":"product-type-simple"},"yoast_head":"<!-- This site is optimized with the Yoast SEO plugin v25.2 - https:\/\/yoast.com\/wordpress\/plugins\/seo\/ -->\n<title>Elephant Foot Ferrule<\/title>\n<meta name=\"description\" content=\"Roud Ferrule and Elephant Foot Ferrule it helps to ensure the integrity and longevity of the structures we build.\" \/>\n<meta name=\"robots\" content=\"index, follow, max-snippet:-1, max-image-preview:large, max-video-preview:-1\" \/>\n<link rel=\"canonical\" href=\"https:\/\/qingdaohf.com\/et\/toode\/roud-ferrule-elevandi-jalg-ferrule\/\" \/>\n<meta property=\"og:locale\" content=\"et_EE\" \/>\n<meta property=\"og:type\" content=\"article\" \/>\n<meta property=\"og:title\" content=\"Elephant Foot Ferrule\" \/>\n<meta property=\"og:description\" content=\"Roud Ferrule and Elephant Foot Ferrule it helps to ensure the integrity and longevity of the structures we build.\" \/>\n<meta property=\"og:url\" content=\"https:\/\/qingdaohf.com\/et\/toode\/roud-ferrule-elevandi-jalg-ferrule\/\" \/>\n<meta property=\"og:site_name\" content=\"Concrete Form &amp; Rigging Hardware Supplier\" \/>\n<meta property=\"article:publisher\" content=\"https:\/\/www.facebook.com\/qingdaohf\" \/>\n<meta property=\"article:modified_time\" content=\"2025-11-13T01:05:52+00:00\" \/>\n<meta property=\"og:image\" content=\"https:\/\/qingdaohf.com\/wp-content\/uploads\/2023\/03\/roud-ferrule-elephant-foot-ferrule-4-1.jpg\" \/>\n\t<meta property=\"og:image:width\" content=\"1000\" \/>\n\t<meta property=\"og:image:height\" content=\"1000\" \/>\n\t<meta property=\"og:image:type\" content=\"image\/jpeg\" \/>\n<meta name=\"twitter:card\" content=\"summary_large_image\" \/>\n<meta name=\"twitter:label1\" content=\"Est. reading time\" \/>\n\t<meta name=\"twitter:data1\" content=\"4 minutit\" \/>\n<script type=\"application\/ld+json\" class=\"yoast-schema-graph\">{\"@context\":\"https:\/\/schema.org\",\"@graph\":[{\"@type\":\"WebPage\",\"@id\":\"https:\/\/qingdaohf.com\/product\/elephant-foot-ferrule\/\",\"url\":\"https:\/\/qingdaohf.com\/product\/elephant-foot-ferrule\/\",\"name\":\"Elephant Foot Ferrule\",\"isPartOf\":{\"@id\":\"https:\/\/qingdaohf.com\/bg\/#website\"},\"primaryImageOfPage\":{\"@id\":\"https:\/\/qingdaohf.com\/product\/elephant-foot-ferrule\/#primaryimage\"},\"image\":{\"@id\":\"https:\/\/qingdaohf.com\/product\/elephant-foot-ferrule\/#primaryimage\"},\"thumbnailUrl\":\"https:\/\/qingdaohf.com\/wp-content\/uploads\/2023\/03\/roud-ferrule-elephant-foot-ferrule-4-1.jpg\",\"datePublished\":\"2023-03-02T07:27:12+00:00\",\"dateModified\":\"2025-11-13T01:05:52+00:00\",\"description\":\"Roud Ferrule and Elephant Foot Ferrule it helps to ensure the integrity and longevity of the structures we build.\",\"breadcrumb\":{\"@id\":\"https:\/\/qingdaohf.com\/product\/elephant-foot-ferrule\/#breadcrumb\"},\"inLanguage\":\"et\",\"potentialAction\":[{\"@type\":\"ReadAction\",\"target\":[\"https:\/\/qingdaohf.com\/product\/elephant-foot-ferrule\/\"]}]},{\"@type\":\"ImageObject\",\"inLanguage\":\"et\",\"@id\":\"https:\/\/qingdaohf.com\/product\/elephant-foot-ferrule\/#primaryimage\",\"url\":\"https:\/\/qingdaohf.com\/wp-content\/uploads\/2023\/03\/roud-ferrule-elephant-foot-ferrule-4-1.jpg\",\"contentUrl\":\"https:\/\/qingdaohf.com\/wp-content\/uploads\/2023\/03\/roud-ferrule-elephant-foot-ferrule-4-1.jpg\",\"width\":1000,\"height\":1000,\"caption\":\"roud ferrule elephant foot ferrule\"},{\"@type\":\"BreadcrumbList\",\"@id\":\"https:\/\/qingdaohf.com\/product\/elephant-foot-ferrule\/#breadcrumb\",\"itemListElement\":[{\"@type\":\"ListItem\",\"position\":1,\"name\":\"Home\",\"item\":\"https:\/\/qingdaohf.com\/\"},{\"@type\":\"ListItem\",\"position\":2,\"name\":\"Concrete Forming Accessories and Rigging Hardware\",\"item\":\"https:\/\/qingdaohf.com\/bg\/?page_id=944\"},{\"@type\":\"ListItem\",\"position\":3,\"name\":\"Elephant Foot Ferrule\"}]},{\"@type\":\"WebSite\",\"@id\":\"https:\/\/qingdaohf.com\/bg\/#website\",\"url\":\"https:\/\/qingdaohf.com\/bg\/\",\"name\":\"Concrete Form & Rigging Hardware Supplier\",\"description\":\"\",\"publisher\":{\"@id\":\"https:\/\/qingdaohf.com\/bg\/#organization\"},\"potentialAction\":[{\"@type\":\"SearchAction\",\"target\":{\"@type\":\"EntryPoint\",\"urlTemplate\":\"https:\/\/qingdaohf.com\/bg\/?s={search_term_string}\"},\"query-input\":{\"@type\":\"PropertyValueSpecification\",\"valueRequired\":true,\"valueName\":\"search_term_string\"}}],\"inLanguage\":\"et\"},{\"@type\":\"Organization\",\"@id\":\"https:\/\/qingdaohf.com\/bg\/#organization\",\"name\":\"Qingdao H&F\",\"url\":\"https:\/\/qingdaohf.com\/bg\/\",\"logo\":{\"@type\":\"ImageObject\",\"inLanguage\":\"et\",\"@id\":\"https:\/\/qingdaohf.com\/bg\/#\/schema\/logo\/image\/\",\"url\":\"https:\/\/qingdaohf.com\/wp-content\/uploads\/2022\/12\/cropped-HF-LOGO.png\",\"contentUrl\":\"https:\/\/qingdaohf.com\/wp-content\/uploads\/2022\/12\/cropped-HF-LOGO.png\",\"width\":391,\"height\":249,\"caption\":\"Qingdao H&F\"},\"image\":{\"@id\":\"https:\/\/qingdaohf.com\/bg\/#\/schema\/logo\/image\/\"},\"sameAs\":[\"https:\/\/www.facebook.com\/qingdaohf\"]}]}<\/script>\n<!-- \/ Yoast SEO plugin. -->","yoast_head_json":{"title":"Elephant Foot Ferrule","description":"Roud Ferrule and Elephant Foot Ferrule it helps to ensure the integrity and longevity of the structures we build.","robots":{"index":"index","follow":"follow","max-snippet":"max-snippet:-1","max-image-preview":"max-image-preview:large","max-video-preview":"max-video-preview:-1"},"canonical":"https:\/\/qingdaohf.com\/et\/toode\/roud-ferrule-elevandi-jalg-ferrule\/","og_locale":"et_EE","og_type":"article","og_title":"Elephant Foot Ferrule","og_description":"Roud Ferrule and Elephant Foot Ferrule it helps to ensure the integrity and longevity of the structures we build.","og_url":"https:\/\/qingdaohf.com\/et\/toode\/roud-ferrule-elevandi-jalg-ferrule\/","og_site_name":"Concrete Form &amp; Rigging Hardware Supplier","article_publisher":"https:\/\/www.facebook.com\/qingdaohf","article_modified_time":"2025-11-13T01:05:52+00:00","og_image":[{"width":1000,"height":1000,"url":"https:\/\/qingdaohf.com\/wp-content\/uploads\/2023\/03\/roud-ferrule-elephant-foot-ferrule-4-1.jpg","type":"image\/jpeg"}],"twitter_card":"summary_large_image","twitter_misc":{"Est. reading time":"4 minutit"},"schema":{"@context":"https:\/\/schema.org","@graph":[{"@type":"WebPage","@id":"https:\/\/qingdaohf.com\/product\/elephant-foot-ferrule\/","url":"https:\/\/qingdaohf.com\/product\/elephant-foot-ferrule\/","name":"Elephant Foot Ferrule","isPartOf":{"@id":"https:\/\/qingdaohf.com\/bg\/#website"},"primaryImageOfPage":{"@id":"https:\/\/qingdaohf.com\/product\/elephant-foot-ferrule\/#primaryimage"},"image":{"@id":"https:\/\/qingdaohf.com\/product\/elephant-foot-ferrule\/#primaryimage"},"thumbnailUrl":"https:\/\/qingdaohf.com\/wp-content\/uploads\/2023\/03\/roud-ferrule-elephant-foot-ferrule-4-1.jpg","datePublished":"2023-03-02T07:27:12+00:00","dateModified":"2025-11-13T01:05:52+00:00","description":"Roud Ferrule and Elephant Foot Ferrule it helps to ensure the integrity and longevity of the structures we build.","breadcrumb":{"@id":"https:\/\/qingdaohf.com\/product\/elephant-foot-ferrule\/#breadcrumb"},"inLanguage":"et","potentialAction":[{"@type":"ReadAction","target":["https:\/\/qingdaohf.com\/product\/elephant-foot-ferrule\/"]}]},{"@type":"ImageObject","inLanguage":"et","@id":"https:\/\/qingdaohf.com\/product\/elephant-foot-ferrule\/#primaryimage","url":"https:\/\/qingdaohf.com\/wp-content\/uploads\/2023\/03\/roud-ferrule-elephant-foot-ferrule-4-1.jpg","contentUrl":"https:\/\/qingdaohf.com\/wp-content\/uploads\/2023\/03\/roud-ferrule-elephant-foot-ferrule-4-1.jpg","width":1000,"height":1000,"caption":"roud ferrule elephant foot ferrule"},{"@type":"BreadcrumbList","@id":"https:\/\/qingdaohf.com\/product\/elephant-foot-ferrule\/#breadcrumb","itemListElement":[{"@type":"ListItem","position":1,"name":"Home","item":"https:\/\/qingdaohf.com\/"},{"@type":"ListItem","position":2,"name":"Concrete Forming Accessories and Rigging Hardware","item":"https:\/\/qingdaohf.com\/bg\/?page_id=944"},{"@type":"ListItem","position":3,"name":"Elephant Foot Ferrule"}]},{"@type":"WebSite","@id":"https:\/\/qingdaohf.com\/bg\/#website","url":"https:\/\/qingdaohf.com\/bg\/","name":"Concrete Form & Rigging Hardware Supplier","description":"","publisher":{"@id":"https:\/\/qingdaohf.com\/bg\/#organization"},"potentialAction":[{"@type":"SearchAction","target":{"@type":"EntryPoint","urlTemplate":"https:\/\/qingdaohf.com\/bg\/?s={search_term_string}"},"query-input":{"@type":"PropertyValueSpecification","valueRequired":true,"valueName":"search_term_string"}}],"inLanguage":"et"},{"@type":"Organization","@id":"https:\/\/qingdaohf.com\/bg\/#organization","name":"Qingdao H&F","url":"https:\/\/qingdaohf.com\/bg\/","logo":{"@type":"ImageObject","inLanguage":"et","@id":"https:\/\/qingdaohf.com\/bg\/#\/schema\/logo\/image\/","url":"https:\/\/qingdaohf.com\/wp-content\/uploads\/2022\/12\/cropped-HF-LOGO.png","contentUrl":"https:\/\/qingdaohf.com\/wp-content\/uploads\/2022\/12\/cropped-HF-LOGO.png","width":391,"height":249,"caption":"Qingdao H&F"},"image":{"@id":"https:\/\/qingdaohf.com\/bg\/#\/schema\/logo\/image\/"},"sameAs":["https:\/\/www.facebook.com\/qingdaohf"]}]}},"_links":{"self":[{"href":"https:\/\/qingdaohf.com\/et\/wp-json\/wp\/v2\/product\/2646","targetHints":{"allow":["GET"]}}],"collection":[{"href":"https:\/\/qingdaohf.com\/et\/wp-json\/wp\/v2\/product"}],"about":[{"href":"https:\/\/qingdaohf.com\/et\/wp-json\/wp\/v2\/types\/product"}],"replies":[{"embeddable":true,"href":"https:\/\/qingdaohf.com\/et\/wp-json\/wp\/v2\/comments?post=2646"}],"version-history":[{"count":4,"href":"https:\/\/qingdaohf.com\/et\/wp-json\/wp\/v2\/product\/2646\/revisions"}],"predecessor-version":[{"id":8734,"href":"https:\/\/qingdaohf.com\/et\/wp-json\/wp\/v2\/product\/2646\/revisions\/8734"}],"wp:featuredmedia":[{"embeddable":true,"href":"https:\/\/qingdaohf.com\/et\/wp-json\/wp\/v2\/media\/3398"}],"wp:attachment":[{"href":"https:\/\/qingdaohf.com\/et\/wp-json\/wp\/v2\/media?parent=2646"}],"wp:term":[{"taxonomy":"product_brand","embeddable":true,"href":"https:\/\/qingdaohf.com\/et\/wp-json\/wp\/v2\/product_brand?post=2646"},{"taxonomy":"product_cat","embeddable":true,"href":"https:\/\/qingdaohf.com\/et\/wp-json\/wp\/v2\/product_cat?post=2646"},{"taxonomy":"product_tag","embeddable":true,"href":"https:\/\/qingdaohf.com\/et\/wp-json\/wp\/v2\/product_tag?post=2646"}],"curies":[{"name":"wp","href":"https:\/\/api.w.org\/{rel}","templated":true}]}}