{"id":2685,"date":"2023-03-03T17:17:35","date_gmt":"2023-03-03T09:17:35","guid":{"rendered":"http:\/\/qingdaohf.com\/?post_type=product&#038;p=2685"},"modified":"2025-11-13T09:05:32","modified_gmt":"2025-11-13T01:05:32","slug":"helix-ground-screw-piles","status":"publish","type":"product","link":"https:\/\/qingdaohf.com\/et\/toode\/spiraalpohised-kruvipostid\/","title":{"rendered":"Helix maapinnal\u00e4hedased kruvipostid"},"content":{"rendered":"<p>Helix Ground Screw Piles on teatud t\u00fc\u00fcpi vundamendis\u00fcsteem, mida kasutatakse erinevate ehitusprojektide puhul. Need koosnevad terasv\u00f5llile kinnitatud spiraalsest kruviterast, mis l\u00fc\u00fcakse h\u00fcdrauliliste masinate abil maa sisse.<\/p>\n<p>Kruviterade konstruktsioon v\u00f5imaldab lihtsat paigaldamist pinnasesse minimaalse pinnasekahjustusega ning neid saab paigaldada mitmesugustele pinnaset\u00fc\u00fcpidele ja -tingimustele, sealhulgas kivisele ja liivale pinnasele. Helixi kruvipostid on ka kergesti eemaldatavad ja \u00fcmberpaigutatavad, mis teeb neist mitmek\u00fclgse ja kuluefektiivse vundamendilahenduse.<\/p>\n<p>Neid kasutatakse tavaliselt mitmesugustes rakendustes, n\u00e4iteks p\u00e4ikesepaneelide, terrasside, aedade, m\u00e4rkide ja v\u00e4lisvalgustuse kandekonstruktsioonides. Helixi kruvipostid on muutunud \u00fcha populaarsemaks t\u00e4nu nende paljudele eelistele v\u00f5rreldes traditsiooniliste betoonvundamentidega, sealhulgas kiirem paigaldamine, v\u00e4iksem keskkonnam\u00f5ju ja suurem stabiilsus.<\/p>\n<p><img fetchpriority=\"high\" decoding=\"async\" class=\"alignnone size-full wp-image-3443\" src=\"http:\/\/qingdaohf.com\/wp-content\/uploads\/2023\/03\/65-1.jpg\" alt=\"Maakruvi masti ankurdus\" width=\"1200\" height=\"1276\" srcset=\"https:\/\/qingdaohf.com\/wp-content\/uploads\/2023\/03\/65-1.jpg 1200w, https:\/\/qingdaohf.com\/wp-content\/uploads\/2023\/03\/65-1-282x300.jpg 282w, https:\/\/qingdaohf.com\/wp-content\/uploads\/2023\/03\/65-1-963x1024.jpg 963w, https:\/\/qingdaohf.com\/wp-content\/uploads\/2023\/03\/65-1-768x817.jpg 768w, https:\/\/qingdaohf.com\/wp-content\/uploads\/2023\/03\/65-1-1000x1063.jpg 1000w\" sizes=\"(max-width: 1200px) 100vw, 1200px\" \/><\/p>","protected":false},"excerpt":{"rendered":"<p>Helix Ground Screw Piles on teatud t\u00fc\u00fcpi vundamendis\u00fcsteem, mida kasutatakse erinevate ehitusprojektide puhul. Need koosnevad terasv\u00f5llile kinnitatud spiraalsest kruviterast, mis l\u00fc\u00fcakse h\u00fcdrauliliste masinate abil maa sisse.<\/p>","protected":false},"featured_media":3442,"comment_status":"open","ping_status":"closed","template":"","meta":{"site-sidebar-layout":"default","site-content-layout":"default","ast-site-content-layout":"","site-content-style":"default","site-sidebar-style":"default","ast-global-header-display":"","ast-banner-title-visibility":"","ast-main-header-display":"","ast-hfb-above-header-display":"","ast-hfb-below-header-display":"","ast-hfb-mobile-header-display":"","site-post-title":"","ast-breadcrumbs-content":"","ast-featured-img":"","footer-sml-layout":"","theme-transparent-header-meta":"default","adv-header-id-meta":"","stick-header-meta":"default","header-above-stick-meta":"","header-main-stick-meta":"","header-below-stick-meta":"","astra-migrate-meta-layouts":"default","ast-page-background-enabled":"default","ast-page-background-meta":{"desktop":{"background-color":"","background-image":"","background-repeat":"repeat","background-position":"center center","background-size":"auto","background-attachment":"scroll","background-type":"","background-media":"","overlay-type":"","overlay-color":"","overlay-opacity":"","overlay-gradient":""},"tablet":{"background-color":"","background-image":"","background-repeat":"repeat","background-position":"center center","background-size":"auto","background-attachment":"scroll","background-type":"","background-media":"","overlay-type":"","overlay-color":"","overlay-opacity":"","overlay-gradient":""},"mobile":{"background-color":"","background-image":"","background-repeat":"repeat","background-position":"center center","background-size":"auto","background-attachment":"scroll","background-type":"","background-media":"","overlay-type":"","overlay-color":"","overlay-opacity":"","overlay-gradient":""}},"ast-content-background-meta":{"desktop":{"background-color":"var(--ast-global-color-5)","background-image":"","background-repeat":"repeat","background-position":"center center","background-size":"auto","background-attachment":"scroll","background-type":"","background-media":"","overlay-type":"","overlay-color":"","overlay-opacity":"","overlay-gradient":""},"tablet":{"background-color":"var(--ast-global-color-5)","background-image":"","background-repeat":"repeat","background-position":"center center","background-size":"auto","background-attachment":"scroll","background-type":"","background-media":"","overlay-type":"","overlay-color":"","overlay-opacity":"","overlay-gradient":""},"mobile":{"background-color":"var(--ast-global-color-5)","background-image":"","background-repeat":"repeat","background-position":"center center","background-size":"auto","background-attachment":"scroll","background-type":"","background-media":"","overlay-type":"","overlay-color":"","overlay-opacity":"","overlay-gradient":""}}},"product_brand":[],"product_cat":[41],"product_tag":[],"class_list":{"0":"post-2685","1":"product","2":"type-product","3":"status-publish","4":"has-post-thumbnail","6":"product_cat-steel-fence-post","7":"desktop-align-left","8":"tablet-align-left","9":"mobile-align-left","10":"ast-product-gallery-layout-horizontal-slider","11":"ast-product-tabs-layout-horizontal","13":"first","14":"instock","15":"shipping-taxable","16":"purchasable","17":"product-type-simple"},"yoast_head":"<!-- This site is optimized with the Yoast SEO plugin v25.2 - https:\/\/yoast.com\/wordpress\/plugins\/seo\/ -->\n<title>Helix Ground Screw Piles<\/title>\n<meta name=\"description\" content=\"Helix Ground Screw Piles are a type of foundation system used for various construction projects.\" \/>\n<meta name=\"robots\" content=\"index, follow, max-snippet:-1, max-image-preview:large, max-video-preview:-1\" \/>\n<link rel=\"canonical\" href=\"https:\/\/qingdaohf.com\/et\/toode\/spiraalpohised-kruvipostid\/\" \/>\n<meta property=\"og:locale\" content=\"et_EE\" \/>\n<meta property=\"og:type\" content=\"article\" \/>\n<meta property=\"og:title\" content=\"Helix Ground Screw Piles\" \/>\n<meta property=\"og:description\" content=\"Helix Ground Screw Piles are a type of foundation system used for various construction projects.\" \/>\n<meta property=\"og:url\" content=\"https:\/\/qingdaohf.com\/et\/toode\/spiraalpohised-kruvipostid\/\" \/>\n<meta property=\"og:site_name\" content=\"Concrete Form &amp; Rigging Hardware Supplier\" \/>\n<meta property=\"article:publisher\" content=\"https:\/\/www.facebook.com\/qingdaohf\" \/>\n<meta property=\"article:modified_time\" content=\"2025-11-13T01:05:32+00:00\" \/>\n<meta property=\"og:image\" content=\"https:\/\/qingdaohf.com\/wp-content\/uploads\/2023\/03\/Ground-Screw-Pole-Anchor-3.jpg\" \/>\n\t<meta property=\"og:image:width\" content=\"1000\" \/>\n\t<meta property=\"og:image:height\" content=\"1000\" \/>\n\t<meta property=\"og:image:type\" content=\"image\/jpeg\" \/>\n<meta name=\"twitter:card\" content=\"summary_large_image\" \/>\n<meta name=\"twitter:label1\" content=\"Est. reading time\" \/>\n\t<meta name=\"twitter:data1\" content=\"1 minut\" \/>\n<script type=\"application\/ld+json\" class=\"yoast-schema-graph\">{\"@context\":\"https:\/\/schema.org\",\"@graph\":[{\"@type\":\"WebPage\",\"@id\":\"https:\/\/qingdaohf.com\/product\/helix-ground-screw-piles\/\",\"url\":\"https:\/\/qingdaohf.com\/product\/helix-ground-screw-piles\/\",\"name\":\"Helix Ground Screw Piles\",\"isPartOf\":{\"@id\":\"https:\/\/qingdaohf.com\/bg\/#website\"},\"primaryImageOfPage\":{\"@id\":\"https:\/\/qingdaohf.com\/product\/helix-ground-screw-piles\/#primaryimage\"},\"image\":{\"@id\":\"https:\/\/qingdaohf.com\/product\/helix-ground-screw-piles\/#primaryimage\"},\"thumbnailUrl\":\"https:\/\/qingdaohf.com\/wp-content\/uploads\/2023\/03\/Ground-Screw-Pole-Anchor-3.jpg\",\"datePublished\":\"2023-03-03T09:17:35+00:00\",\"dateModified\":\"2025-11-13T01:05:32+00:00\",\"description\":\"Helix Ground Screw Piles are a type of foundation system used for various construction projects.\",\"breadcrumb\":{\"@id\":\"https:\/\/qingdaohf.com\/product\/helix-ground-screw-piles\/#breadcrumb\"},\"inLanguage\":\"et\",\"potentialAction\":[{\"@type\":\"ReadAction\",\"target\":[\"https:\/\/qingdaohf.com\/product\/helix-ground-screw-piles\/\"]}]},{\"@type\":\"ImageObject\",\"inLanguage\":\"et\",\"@id\":\"https:\/\/qingdaohf.com\/product\/helix-ground-screw-piles\/#primaryimage\",\"url\":\"https:\/\/qingdaohf.com\/wp-content\/uploads\/2023\/03\/Ground-Screw-Pole-Anchor-3.jpg\",\"contentUrl\":\"https:\/\/qingdaohf.com\/wp-content\/uploads\/2023\/03\/Ground-Screw-Pole-Anchor-3.jpg\",\"width\":1000,\"height\":1000,\"caption\":\"Ground Screw Pole Anchor\"},{\"@type\":\"BreadcrumbList\",\"@id\":\"https:\/\/qingdaohf.com\/product\/helix-ground-screw-piles\/#breadcrumb\",\"itemListElement\":[{\"@type\":\"ListItem\",\"position\":1,\"name\":\"Home\",\"item\":\"https:\/\/qingdaohf.com\/\"},{\"@type\":\"ListItem\",\"position\":2,\"name\":\"Concrete Forming Accessories and Rigging Hardware\",\"item\":\"https:\/\/qingdaohf.com\/bg\/?page_id=944\"},{\"@type\":\"ListItem\",\"position\":3,\"name\":\"Helix Ground Screw Piles\"}]},{\"@type\":\"WebSite\",\"@id\":\"https:\/\/qingdaohf.com\/bg\/#website\",\"url\":\"https:\/\/qingdaohf.com\/bg\/\",\"name\":\"Concrete Form & Rigging Hardware Supplier\",\"description\":\"\",\"publisher\":{\"@id\":\"https:\/\/qingdaohf.com\/bg\/#organization\"},\"potentialAction\":[{\"@type\":\"SearchAction\",\"target\":{\"@type\":\"EntryPoint\",\"urlTemplate\":\"https:\/\/qingdaohf.com\/bg\/?s={search_term_string}\"},\"query-input\":{\"@type\":\"PropertyValueSpecification\",\"valueRequired\":true,\"valueName\":\"search_term_string\"}}],\"inLanguage\":\"et\"},{\"@type\":\"Organization\",\"@id\":\"https:\/\/qingdaohf.com\/bg\/#organization\",\"name\":\"Qingdao H&F\",\"url\":\"https:\/\/qingdaohf.com\/bg\/\",\"logo\":{\"@type\":\"ImageObject\",\"inLanguage\":\"et\",\"@id\":\"https:\/\/qingdaohf.com\/bg\/#\/schema\/logo\/image\/\",\"url\":\"https:\/\/qingdaohf.com\/wp-content\/uploads\/2022\/12\/cropped-HF-LOGO.png\",\"contentUrl\":\"https:\/\/qingdaohf.com\/wp-content\/uploads\/2022\/12\/cropped-HF-LOGO.png\",\"width\":391,\"height\":249,\"caption\":\"Qingdao H&F\"},\"image\":{\"@id\":\"https:\/\/qingdaohf.com\/bg\/#\/schema\/logo\/image\/\"},\"sameAs\":[\"https:\/\/www.facebook.com\/qingdaohf\"]}]}<\/script>\n<!-- \/ Yoast SEO plugin. -->","yoast_head_json":{"title":"Helix Ground Screw Piles","description":"Helix Ground Screw Piles are a type of foundation system used for various construction projects.","robots":{"index":"index","follow":"follow","max-snippet":"max-snippet:-1","max-image-preview":"max-image-preview:large","max-video-preview":"max-video-preview:-1"},"canonical":"https:\/\/qingdaohf.com\/et\/toode\/spiraalpohised-kruvipostid\/","og_locale":"et_EE","og_type":"article","og_title":"Helix Ground Screw Piles","og_description":"Helix Ground Screw Piles are a type of foundation system used for various construction projects.","og_url":"https:\/\/qingdaohf.com\/et\/toode\/spiraalpohised-kruvipostid\/","og_site_name":"Concrete Form &amp; Rigging Hardware Supplier","article_publisher":"https:\/\/www.facebook.com\/qingdaohf","article_modified_time":"2025-11-13T01:05:32+00:00","og_image":[{"width":1000,"height":1000,"url":"https:\/\/qingdaohf.com\/wp-content\/uploads\/2023\/03\/Ground-Screw-Pole-Anchor-3.jpg","type":"image\/jpeg"}],"twitter_card":"summary_large_image","twitter_misc":{"Est. reading time":"1 minut"},"schema":{"@context":"https:\/\/schema.org","@graph":[{"@type":"WebPage","@id":"https:\/\/qingdaohf.com\/product\/helix-ground-screw-piles\/","url":"https:\/\/qingdaohf.com\/product\/helix-ground-screw-piles\/","name":"Helix Ground Screw Piles","isPartOf":{"@id":"https:\/\/qingdaohf.com\/bg\/#website"},"primaryImageOfPage":{"@id":"https:\/\/qingdaohf.com\/product\/helix-ground-screw-piles\/#primaryimage"},"image":{"@id":"https:\/\/qingdaohf.com\/product\/helix-ground-screw-piles\/#primaryimage"},"thumbnailUrl":"https:\/\/qingdaohf.com\/wp-content\/uploads\/2023\/03\/Ground-Screw-Pole-Anchor-3.jpg","datePublished":"2023-03-03T09:17:35+00:00","dateModified":"2025-11-13T01:05:32+00:00","description":"Helix Ground Screw Piles are a type of foundation system used for various construction projects.","breadcrumb":{"@id":"https:\/\/qingdaohf.com\/product\/helix-ground-screw-piles\/#breadcrumb"},"inLanguage":"et","potentialAction":[{"@type":"ReadAction","target":["https:\/\/qingdaohf.com\/product\/helix-ground-screw-piles\/"]}]},{"@type":"ImageObject","inLanguage":"et","@id":"https:\/\/qingdaohf.com\/product\/helix-ground-screw-piles\/#primaryimage","url":"https:\/\/qingdaohf.com\/wp-content\/uploads\/2023\/03\/Ground-Screw-Pole-Anchor-3.jpg","contentUrl":"https:\/\/qingdaohf.com\/wp-content\/uploads\/2023\/03\/Ground-Screw-Pole-Anchor-3.jpg","width":1000,"height":1000,"caption":"Ground Screw Pole Anchor"},{"@type":"BreadcrumbList","@id":"https:\/\/qingdaohf.com\/product\/helix-ground-screw-piles\/#breadcrumb","itemListElement":[{"@type":"ListItem","position":1,"name":"Home","item":"https:\/\/qingdaohf.com\/"},{"@type":"ListItem","position":2,"name":"Concrete Forming Accessories and Rigging Hardware","item":"https:\/\/qingdaohf.com\/bg\/?page_id=944"},{"@type":"ListItem","position":3,"name":"Helix Ground Screw Piles"}]},{"@type":"WebSite","@id":"https:\/\/qingdaohf.com\/bg\/#website","url":"https:\/\/qingdaohf.com\/bg\/","name":"Concrete Form & Rigging Hardware Supplier","description":"","publisher":{"@id":"https:\/\/qingdaohf.com\/bg\/#organization"},"potentialAction":[{"@type":"SearchAction","target":{"@type":"EntryPoint","urlTemplate":"https:\/\/qingdaohf.com\/bg\/?s={search_term_string}"},"query-input":{"@type":"PropertyValueSpecification","valueRequired":true,"valueName":"search_term_string"}}],"inLanguage":"et"},{"@type":"Organization","@id":"https:\/\/qingdaohf.com\/bg\/#organization","name":"Qingdao H&F","url":"https:\/\/qingdaohf.com\/bg\/","logo":{"@type":"ImageObject","inLanguage":"et","@id":"https:\/\/qingdaohf.com\/bg\/#\/schema\/logo\/image\/","url":"https:\/\/qingdaohf.com\/wp-content\/uploads\/2022\/12\/cropped-HF-LOGO.png","contentUrl":"https:\/\/qingdaohf.com\/wp-content\/uploads\/2022\/12\/cropped-HF-LOGO.png","width":391,"height":249,"caption":"Qingdao H&F"},"image":{"@id":"https:\/\/qingdaohf.com\/bg\/#\/schema\/logo\/image\/"},"sameAs":["https:\/\/www.facebook.com\/qingdaohf"]}]}},"_links":{"self":[{"href":"https:\/\/qingdaohf.com\/et\/wp-json\/wp\/v2\/product\/2685","targetHints":{"allow":["GET"]}}],"collection":[{"href":"https:\/\/qingdaohf.com\/et\/wp-json\/wp\/v2\/product"}],"about":[{"href":"https:\/\/qingdaohf.com\/et\/wp-json\/wp\/v2\/types\/product"}],"replies":[{"embeddable":true,"href":"https:\/\/qingdaohf.com\/et\/wp-json\/wp\/v2\/comments?post=2685"}],"version-history":[{"count":2,"href":"https:\/\/qingdaohf.com\/et\/wp-json\/wp\/v2\/product\/2685\/revisions"}],"predecessor-version":[{"id":10440,"href":"https:\/\/qingdaohf.com\/et\/wp-json\/wp\/v2\/product\/2685\/revisions\/10440"}],"wp:featuredmedia":[{"embeddable":true,"href":"https:\/\/qingdaohf.com\/et\/wp-json\/wp\/v2\/media\/3442"}],"wp:attachment":[{"href":"https:\/\/qingdaohf.com\/et\/wp-json\/wp\/v2\/media?parent=2685"}],"wp:term":[{"taxonomy":"product_brand","embeddable":true,"href":"https:\/\/qingdaohf.com\/et\/wp-json\/wp\/v2\/product_brand?post=2685"},{"taxonomy":"product_cat","embeddable":true,"href":"https:\/\/qingdaohf.com\/et\/wp-json\/wp\/v2\/product_cat?post=2685"},{"taxonomy":"product_tag","embeddable":true,"href":"https:\/\/qingdaohf.com\/et\/wp-json\/wp\/v2\/product_tag?post=2685"}],"curies":[{"name":"wp","href":"https:\/\/api.w.org\/{rel}","templated":true}]}}