{"id":2695,"date":"2023-03-06T15:54:00","date_gmt":"2023-03-06T07:54:00","guid":{"rendered":"http:\/\/qingdaohf.com\/?post_type=product&#038;p=2695"},"modified":"2025-11-13T09:05:32","modified_gmt":"2025-11-13T01:05:32","slug":"plywood-h-clip","status":"publish","type":"product","link":"https:\/\/qingdaohf.com\/et\/toode\/vineerist-h-klamber\/","title":{"rendered":"Terasest vineerist H-klamber"},"content":{"rendered":"<p>H-klambrid on oma nime saanud oma kuju j\u00e4rgi, mis meenutab H-t\u00e4hte. Need on tavaliselt valmistatud tsingitud terasest v\u00f5i muust korrosioonikindlast materjalist ja neil on mitu hammast v\u00f5i hammast, mis haarduvad paneelide servadest. Klambri hambad tungivad vineeri pinna sisse, kinnitades paneelid kokku ja luues \u00fchtlase \u00fchenduskoha.<\/p>\n<p>H-klambreid kasutatakse tavaliselt p\u00f5randakattematerjalide ja katusekattematerjalide paigaldamisel, kus need tagavad \u00f5mblusteta, tasase pinna p\u00f5randakatete v\u00f5i katusekattematerjalide paigaldamiseks. Neid saab kasutada ka seina- ja laekonstruktsioonides, kus need aitavad v\u00e4hendada temperatuuri v\u00f5i niiskuse muutustest tingitud pragunemise v\u00f5i v\u00e4\u00e4ndumise ohtu.<\/p>\n<p><img fetchpriority=\"high\" decoding=\"async\" class=\"alignnone size-full wp-image-3487\" src=\"http:\/\/qingdaohf.com\/wp-content\/uploads\/2023\/03\/71-1.jpg\" alt=\"vahekaart\" width=\"1200\" height=\"688\" srcset=\"https:\/\/qingdaohf.com\/wp-content\/uploads\/2023\/03\/71-1.jpg 1200w, https:\/\/qingdaohf.com\/wp-content\/uploads\/2023\/03\/71-1-300x172.jpg 300w, https:\/\/qingdaohf.com\/wp-content\/uploads\/2023\/03\/71-1-1024x587.jpg 1024w, https:\/\/qingdaohf.com\/wp-content\/uploads\/2023\/03\/71-1-768x440.jpg 768w, https:\/\/qingdaohf.com\/wp-content\/uploads\/2023\/03\/71-1-1000x573.jpg 1000w\" sizes=\"(max-width: 1200px) 100vw, 1200px\" \/><\/p>","protected":false},"excerpt":{"rendered":"<p>Terasvineeri H-klambrid on metallliitmikud, mida kasutatakse vineeri v\u00f5i OSB-plaatide \u00fchendamiseks ehitamise ajal. Need on m\u00f5eldud tugeva ja stabiilse \u00fchenduse loomiseks k\u00f5rvuti asetsevate paneelide vahel, v\u00e4hendades aja jooksul liikumise v\u00f5i eraldumise t\u00f5en\u00e4osust.<\/p>","protected":false},"featured_media":3483,"comment_status":"open","ping_status":"closed","template":"","meta":{"site-sidebar-layout":"default","site-content-layout":"default","ast-site-content-layout":"","site-content-style":"default","site-sidebar-style":"default","ast-global-header-display":"","ast-banner-title-visibility":"","ast-main-header-display":"","ast-hfb-above-header-display":"","ast-hfb-below-header-display":"","ast-hfb-mobile-header-display":"","site-post-title":"","ast-breadcrumbs-content":"","ast-featured-img":"","footer-sml-layout":"","theme-transparent-header-meta":"default","adv-header-id-meta":"","stick-header-meta":"default","header-above-stick-meta":"","header-main-stick-meta":"","header-below-stick-meta":"","astra-migrate-meta-layouts":"default","ast-page-background-enabled":"default","ast-page-background-meta":{"desktop":{"background-color":"","background-image":"","background-repeat":"repeat","background-position":"center center","background-size":"auto","background-attachment":"scroll","background-type":"","background-media":"","overlay-type":"","overlay-color":"","overlay-opacity":"","overlay-gradient":""},"tablet":{"background-color":"","background-image":"","background-repeat":"repeat","background-position":"center center","background-size":"auto","background-attachment":"scroll","background-type":"","background-media":"","overlay-type":"","overlay-color":"","overlay-opacity":"","overlay-gradient":""},"mobile":{"background-color":"","background-image":"","background-repeat":"repeat","background-position":"center center","background-size":"auto","background-attachment":"scroll","background-type":"","background-media":"","overlay-type":"","overlay-color":"","overlay-opacity":"","overlay-gradient":""}},"ast-content-background-meta":{"desktop":{"background-color":"var(--ast-global-color-5)","background-image":"","background-repeat":"repeat","background-position":"center center","background-size":"auto","background-attachment":"scroll","background-type":"","background-media":"","overlay-type":"","overlay-color":"","overlay-opacity":"","overlay-gradient":""},"tablet":{"background-color":"var(--ast-global-color-5)","background-image":"","background-repeat":"repeat","background-position":"center center","background-size":"auto","background-attachment":"scroll","background-type":"","background-media":"","overlay-type":"","overlay-color":"","overlay-opacity":"","overlay-gradient":""},"mobile":{"background-color":"var(--ast-global-color-5)","background-image":"","background-repeat":"repeat","background-position":"center center","background-size":"auto","background-attachment":"scroll","background-type":"","background-media":"","overlay-type":"","overlay-color":"","overlay-opacity":"","overlay-gradient":""}}},"product_brand":[],"product_cat":[29],"product_tag":[],"class_list":{"0":"post-2695","1":"product","2":"type-product","3":"status-publish","4":"has-post-thumbnail","6":"product_cat-formwork-system","7":"desktop-align-left","8":"tablet-align-left","9":"mobile-align-left","10":"ast-product-gallery-layout-horizontal-slider","11":"ast-product-tabs-layout-horizontal","13":"first","14":"instock","15":"shipping-taxable","16":"purchasable","17":"product-type-simple"},"yoast_head":"<!-- This site is optimized with the Yoast SEO plugin v25.2 - https:\/\/yoast.com\/wordpress\/plugins\/seo\/ -->\n<title>Steel Plywood H Clip<\/title>\n<meta name=\"description\" content=\"Steel Plywood H Clips are metal connectors used to join plywood or oriented strand board (OSB) panels together during construction\" \/>\n<meta name=\"robots\" content=\"index, follow, max-snippet:-1, max-image-preview:large, max-video-preview:-1\" \/>\n<link rel=\"canonical\" href=\"https:\/\/qingdaohf.com\/et\/toode\/vineerist-h-klamber\/\" \/>\n<meta property=\"og:locale\" content=\"et_EE\" \/>\n<meta property=\"og:type\" content=\"article\" \/>\n<meta property=\"og:title\" content=\"Steel Plywood H Clip\" \/>\n<meta property=\"og:description\" content=\"Steel Plywood H Clips are metal connectors used to join plywood or oriented strand board (OSB) panels together during construction\" \/>\n<meta property=\"og:url\" content=\"https:\/\/qingdaohf.com\/et\/toode\/vineerist-h-klamber\/\" \/>\n<meta property=\"og:site_name\" content=\"Concrete Form &amp; Rigging Hardware Supplier\" \/>\n<meta property=\"article:publisher\" content=\"https:\/\/www.facebook.com\/qingdaohf\" \/>\n<meta property=\"article:modified_time\" content=\"2025-11-13T01:05:32+00:00\" \/>\n<meta property=\"og:image\" content=\"https:\/\/qingdaohf.com\/wp-content\/uploads\/2023\/03\/Plywood-H-Clip-5.jpg\" \/>\n\t<meta property=\"og:image:width\" content=\"1000\" \/>\n\t<meta property=\"og:image:height\" content=\"1000\" \/>\n\t<meta property=\"og:image:type\" content=\"image\/jpeg\" \/>\n<meta name=\"twitter:card\" content=\"summary_large_image\" \/>\n<meta name=\"twitter:label1\" content=\"Est. reading time\" \/>\n\t<meta name=\"twitter:data1\" content=\"1 minut\" \/>\n<script type=\"application\/ld+json\" class=\"yoast-schema-graph\">{\"@context\":\"https:\/\/schema.org\",\"@graph\":[{\"@type\":\"WebPage\",\"@id\":\"https:\/\/qingdaohf.com\/product\/plywood-h-clip\/\",\"url\":\"https:\/\/qingdaohf.com\/product\/plywood-h-clip\/\",\"name\":\"Steel Plywood H Clip\",\"isPartOf\":{\"@id\":\"https:\/\/qingdaohf.com\/bg\/#website\"},\"primaryImageOfPage\":{\"@id\":\"https:\/\/qingdaohf.com\/product\/plywood-h-clip\/#primaryimage\"},\"image\":{\"@id\":\"https:\/\/qingdaohf.com\/product\/plywood-h-clip\/#primaryimage\"},\"thumbnailUrl\":\"https:\/\/qingdaohf.com\/wp-content\/uploads\/2023\/03\/Plywood-H-Clip-5.jpg\",\"datePublished\":\"2023-03-06T07:54:00+00:00\",\"dateModified\":\"2025-11-13T01:05:32+00:00\",\"description\":\"Steel Plywood H Clips are metal connectors used to join plywood or oriented strand board (OSB) panels together during construction\",\"breadcrumb\":{\"@id\":\"https:\/\/qingdaohf.com\/product\/plywood-h-clip\/#breadcrumb\"},\"inLanguage\":\"et\",\"potentialAction\":[{\"@type\":\"ReadAction\",\"target\":[\"https:\/\/qingdaohf.com\/product\/plywood-h-clip\/\"]}]},{\"@type\":\"ImageObject\",\"inLanguage\":\"et\",\"@id\":\"https:\/\/qingdaohf.com\/product\/plywood-h-clip\/#primaryimage\",\"url\":\"https:\/\/qingdaohf.com\/wp-content\/uploads\/2023\/03\/Plywood-H-Clip-5.jpg\",\"contentUrl\":\"https:\/\/qingdaohf.com\/wp-content\/uploads\/2023\/03\/Plywood-H-Clip-5.jpg\",\"width\":1000,\"height\":1000,\"caption\":\"Plywood H Clip\"},{\"@type\":\"BreadcrumbList\",\"@id\":\"https:\/\/qingdaohf.com\/product\/plywood-h-clip\/#breadcrumb\",\"itemListElement\":[{\"@type\":\"ListItem\",\"position\":1,\"name\":\"Home\",\"item\":\"https:\/\/qingdaohf.com\/\"},{\"@type\":\"ListItem\",\"position\":2,\"name\":\"Concrete Forming Accessories and Rigging Hardware\",\"item\":\"https:\/\/qingdaohf.com\/bg\/?page_id=944\"},{\"@type\":\"ListItem\",\"position\":3,\"name\":\"Steel Plywood H Clip\"}]},{\"@type\":\"WebSite\",\"@id\":\"https:\/\/qingdaohf.com\/bg\/#website\",\"url\":\"https:\/\/qingdaohf.com\/bg\/\",\"name\":\"Concrete Form & Rigging Hardware Supplier\",\"description\":\"\",\"publisher\":{\"@id\":\"https:\/\/qingdaohf.com\/bg\/#organization\"},\"potentialAction\":[{\"@type\":\"SearchAction\",\"target\":{\"@type\":\"EntryPoint\",\"urlTemplate\":\"https:\/\/qingdaohf.com\/bg\/?s={search_term_string}\"},\"query-input\":{\"@type\":\"PropertyValueSpecification\",\"valueRequired\":true,\"valueName\":\"search_term_string\"}}],\"inLanguage\":\"et\"},{\"@type\":\"Organization\",\"@id\":\"https:\/\/qingdaohf.com\/bg\/#organization\",\"name\":\"Qingdao H&F\",\"url\":\"https:\/\/qingdaohf.com\/bg\/\",\"logo\":{\"@type\":\"ImageObject\",\"inLanguage\":\"et\",\"@id\":\"https:\/\/qingdaohf.com\/bg\/#\/schema\/logo\/image\/\",\"url\":\"https:\/\/qingdaohf.com\/wp-content\/uploads\/2022\/12\/cropped-HF-LOGO.png\",\"contentUrl\":\"https:\/\/qingdaohf.com\/wp-content\/uploads\/2022\/12\/cropped-HF-LOGO.png\",\"width\":391,\"height\":249,\"caption\":\"Qingdao H&F\"},\"image\":{\"@id\":\"https:\/\/qingdaohf.com\/bg\/#\/schema\/logo\/image\/\"},\"sameAs\":[\"https:\/\/www.facebook.com\/qingdaohf\"]}]}<\/script>\n<!-- \/ Yoast SEO plugin. -->","yoast_head_json":{"title":"Steel Plywood H Clip","description":"Steel Plywood H Clips are metal connectors used to join plywood or oriented strand board (OSB) panels together during construction","robots":{"index":"index","follow":"follow","max-snippet":"max-snippet:-1","max-image-preview":"max-image-preview:large","max-video-preview":"max-video-preview:-1"},"canonical":"https:\/\/qingdaohf.com\/et\/toode\/vineerist-h-klamber\/","og_locale":"et_EE","og_type":"article","og_title":"Steel Plywood H Clip","og_description":"Steel Plywood H Clips are metal connectors used to join plywood or oriented strand board (OSB) panels together during construction","og_url":"https:\/\/qingdaohf.com\/et\/toode\/vineerist-h-klamber\/","og_site_name":"Concrete Form &amp; Rigging Hardware Supplier","article_publisher":"https:\/\/www.facebook.com\/qingdaohf","article_modified_time":"2025-11-13T01:05:32+00:00","og_image":[{"width":1000,"height":1000,"url":"https:\/\/qingdaohf.com\/wp-content\/uploads\/2023\/03\/Plywood-H-Clip-5.jpg","type":"image\/jpeg"}],"twitter_card":"summary_large_image","twitter_misc":{"Est. reading time":"1 minut"},"schema":{"@context":"https:\/\/schema.org","@graph":[{"@type":"WebPage","@id":"https:\/\/qingdaohf.com\/product\/plywood-h-clip\/","url":"https:\/\/qingdaohf.com\/product\/plywood-h-clip\/","name":"Steel Plywood H Clip","isPartOf":{"@id":"https:\/\/qingdaohf.com\/bg\/#website"},"primaryImageOfPage":{"@id":"https:\/\/qingdaohf.com\/product\/plywood-h-clip\/#primaryimage"},"image":{"@id":"https:\/\/qingdaohf.com\/product\/plywood-h-clip\/#primaryimage"},"thumbnailUrl":"https:\/\/qingdaohf.com\/wp-content\/uploads\/2023\/03\/Plywood-H-Clip-5.jpg","datePublished":"2023-03-06T07:54:00+00:00","dateModified":"2025-11-13T01:05:32+00:00","description":"Steel Plywood H Clips are metal connectors used to join plywood or oriented strand board (OSB) panels together during construction","breadcrumb":{"@id":"https:\/\/qingdaohf.com\/product\/plywood-h-clip\/#breadcrumb"},"inLanguage":"et","potentialAction":[{"@type":"ReadAction","target":["https:\/\/qingdaohf.com\/product\/plywood-h-clip\/"]}]},{"@type":"ImageObject","inLanguage":"et","@id":"https:\/\/qingdaohf.com\/product\/plywood-h-clip\/#primaryimage","url":"https:\/\/qingdaohf.com\/wp-content\/uploads\/2023\/03\/Plywood-H-Clip-5.jpg","contentUrl":"https:\/\/qingdaohf.com\/wp-content\/uploads\/2023\/03\/Plywood-H-Clip-5.jpg","width":1000,"height":1000,"caption":"Plywood H Clip"},{"@type":"BreadcrumbList","@id":"https:\/\/qingdaohf.com\/product\/plywood-h-clip\/#breadcrumb","itemListElement":[{"@type":"ListItem","position":1,"name":"Home","item":"https:\/\/qingdaohf.com\/"},{"@type":"ListItem","position":2,"name":"Concrete Forming Accessories and Rigging Hardware","item":"https:\/\/qingdaohf.com\/bg\/?page_id=944"},{"@type":"ListItem","position":3,"name":"Steel Plywood H Clip"}]},{"@type":"WebSite","@id":"https:\/\/qingdaohf.com\/bg\/#website","url":"https:\/\/qingdaohf.com\/bg\/","name":"Concrete Form & Rigging Hardware Supplier","description":"","publisher":{"@id":"https:\/\/qingdaohf.com\/bg\/#organization"},"potentialAction":[{"@type":"SearchAction","target":{"@type":"EntryPoint","urlTemplate":"https:\/\/qingdaohf.com\/bg\/?s={search_term_string}"},"query-input":{"@type":"PropertyValueSpecification","valueRequired":true,"valueName":"search_term_string"}}],"inLanguage":"et"},{"@type":"Organization","@id":"https:\/\/qingdaohf.com\/bg\/#organization","name":"Qingdao H&F","url":"https:\/\/qingdaohf.com\/bg\/","logo":{"@type":"ImageObject","inLanguage":"et","@id":"https:\/\/qingdaohf.com\/bg\/#\/schema\/logo\/image\/","url":"https:\/\/qingdaohf.com\/wp-content\/uploads\/2022\/12\/cropped-HF-LOGO.png","contentUrl":"https:\/\/qingdaohf.com\/wp-content\/uploads\/2022\/12\/cropped-HF-LOGO.png","width":391,"height":249,"caption":"Qingdao H&F"},"image":{"@id":"https:\/\/qingdaohf.com\/bg\/#\/schema\/logo\/image\/"},"sameAs":["https:\/\/www.facebook.com\/qingdaohf"]}]}},"_links":{"self":[{"href":"https:\/\/qingdaohf.com\/et\/wp-json\/wp\/v2\/product\/2695","targetHints":{"allow":["GET"]}}],"collection":[{"href":"https:\/\/qingdaohf.com\/et\/wp-json\/wp\/v2\/product"}],"about":[{"href":"https:\/\/qingdaohf.com\/et\/wp-json\/wp\/v2\/types\/product"}],"replies":[{"embeddable":true,"href":"https:\/\/qingdaohf.com\/et\/wp-json\/wp\/v2\/comments?post=2695"}],"version-history":[{"count":2,"href":"https:\/\/qingdaohf.com\/et\/wp-json\/wp\/v2\/product\/2695\/revisions"}],"predecessor-version":[{"id":10439,"href":"https:\/\/qingdaohf.com\/et\/wp-json\/wp\/v2\/product\/2695\/revisions\/10439"}],"wp:featuredmedia":[{"embeddable":true,"href":"https:\/\/qingdaohf.com\/et\/wp-json\/wp\/v2\/media\/3483"}],"wp:attachment":[{"href":"https:\/\/qingdaohf.com\/et\/wp-json\/wp\/v2\/media?parent=2695"}],"wp:term":[{"taxonomy":"product_brand","embeddable":true,"href":"https:\/\/qingdaohf.com\/et\/wp-json\/wp\/v2\/product_brand?post=2695"},{"taxonomy":"product_cat","embeddable":true,"href":"https:\/\/qingdaohf.com\/et\/wp-json\/wp\/v2\/product_cat?post=2695"},{"taxonomy":"product_tag","embeddable":true,"href":"https:\/\/qingdaohf.com\/et\/wp-json\/wp\/v2\/product_tag?post=2695"}],"curies":[{"name":"wp","href":"https:\/\/api.w.org\/{rel}","templated":true}]}}