{"id":3452,"date":"2023-04-10T16:31:20","date_gmt":"2023-04-10T08:31:20","guid":{"rendered":"http:\/\/qingdaohf.com\/?post_type=product&#038;p=3452"},"modified":"2025-11-13T09:05:14","modified_gmt":"2025-11-13T01:05:14","slug":"paper-strip-nail","status":"publish","type":"product","link":"https:\/\/qingdaohf.com\/et\/toode\/pabeririba-nael\/","title":{"rendered":"Pabeririba naelapaber Kokkupandud naelad"},"content":{"rendered":"<p>Superior Paper Strip Nails: Meie pabeririba naelad on hoolikalt valmistatud esmaklassilistest materjalidest, mis tagavad suurep\u00e4rase vastupidavuse, tugevuse ja j\u00f5udluse. Iga nael l\u00e4bib ranged kvaliteedikontrollimeetmed, mis vastavad ja \u00fcletavad t\u00f6\u00f6stuse usaldusv\u00e4\u00e4rsuse standardeid.<\/p>\n<p>Mitmek\u00fclgsed rakendused: Meie paberlindi naelad on ideaalsed ehituses, puusepat\u00f6\u00f6del, puidut\u00f6\u00f6tlemisel ja muudes t\u00f6\u00f6stusharudes. Need pakuvad turvalist ja t\u00f5husat kinnituslahendust paljude projektide jaoks.<\/p>\n<p>Personaalne klienditeenindus: Meie tegevuse keskmes on meie p\u00fchendumine personaalsele klienditeenindusele. Meie kogenud meeskond teeb tihedat koost\u00f6\u00f6d iga kliendiga, m\u00f5istab nende unikaalseid vajadusi ja soovitab nende konkreetsete rakenduste jaoks k\u00f5ige sobivamaid paberliistu naelu.<\/p>\n<p>V\u00f5rratu m\u00fc\u00fcgij\u00e4rgne tugi: Meie p\u00fchendumus ulatub kaugemale kui ostupunkt. Me oleme v\u00e4ga uhked, et pakume p\u00f5hjalikku m\u00fc\u00fcgij\u00e4rgset tuge, tegeledes viivitamatult k\u00f5igi k\u00fcsimuste v\u00f5i muredega, et tagada teie suurim rahulolu.<\/p>\n<p>Suurendatud kasumimarginaalid: Me m\u00f5istame, kui oluline on pakkuda oma hinnatud klientidele suuremaid kasumimarginaale, samal ajal kui me j\u00e4rgime ranget tootekvaliteeti. Meie t\u00f5husad tootmisprotsessid ja strateegilised partnerlussuhted v\u00f5imaldavad meil pakkuda konkurentsiv\u00f5imelist hinda, tegemata kompromisse tipptaseme osas.<\/p>\n<p>Kaks aastak\u00fcmmet ekspertiisi: Meie meeskonnal on 20-aastane kogemus taglase t\u00f6\u00f6stuses, seega on meil laialdased teadmised ja kogemused. Me oleme alati t\u00f6\u00f6stuse edusammude ja suundumuste eesliinil, mis v\u00f5imaldab meil pakkuda oma klientidele tipptasemel lahendusi.<\/p>\n<p>Usaldusv\u00e4\u00e4rne jaotusv\u00f5rk: Me oleme usaldusv\u00e4\u00e4rne turustaja ja hulgim\u00fc\u00fcja, kellel on tugev turustusv\u00f5rk, mis tagab teie paberliistu naelade kiire ja usaldusv\u00e4\u00e4rse tarnimise, olenemata teie asukohast.<\/p>\n<div class=\"ast-oembed-container\" style=\"height: 100%;\"><iframe title=\"betoonvormi pabeririba nael\" width=\"500\" height=\"375\" src=\"https:\/\/www.youtube.com\/embed\/33dy1pMdIBI?start=2&#038;feature=oembed\" frameborder=\"0\" allow=\"accelerometer; autoplay; clipboard-write; encrypted-media; gyroscope; picture-in-picture; web-share\" referrerpolicy=\"strict-origin-when-cross-origin\" allowfullscreen><\/iframe><\/div>\n<p><img fetchpriority=\"high\" decoding=\"async\" class=\"alignnone size-full wp-image-3460\" src=\"http:\/\/qingdaohf.com\/wp-content\/uploads\/2023\/04\/70-1.jpg\" alt=\"pabeririba nael\" width=\"1200\" height=\"1296\" srcset=\"https:\/\/qingdaohf.com\/wp-content\/uploads\/2023\/04\/70-1.jpg 1200w, https:\/\/qingdaohf.com\/wp-content\/uploads\/2023\/04\/70-1-278x300.jpg 278w, https:\/\/qingdaohf.com\/wp-content\/uploads\/2023\/04\/70-1-948x1024.jpg 948w, https:\/\/qingdaohf.com\/wp-content\/uploads\/2023\/04\/70-1-768x829.jpg 768w, https:\/\/qingdaohf.com\/wp-content\/uploads\/2023\/04\/70-1-1000x1080.jpg 1000w\" sizes=\"(max-width: 1200px) 100vw, 1200px\" \/><\/p>\n<p>Miks valida meid?<\/p>\n<p>T\u00f5estatud usaldusv\u00e4\u00e4rsus: Meie kindel maine on rajatud lugematute rahulolevate klientide usaldusele ja lojaalsusele. Me seame j\u00e4rjekindlalt esikohale kvaliteedi ja usaldusv\u00e4\u00e4rsuse, tagades, et meie pabeririba naelad \u00fcletavad teie ootusi.<\/p>\n<p>Turvalisus esikohal: turvalisus on meie jaoks \u00fclimalt t\u00e4htis. Meie paberlindi naelad l\u00e4bivad p\u00f5hjalikud testid ja j\u00e4rgivad t\u00f6\u00f6stusharu ohutusstandardeid, tagades teile meelerahu, mida vajate kriitiliste rakenduste puhul.<\/p>\n<p>Individuaalsed lahendused: Me m\u00f5istame, et igal projektil on ainulaadsed n\u00f5uded. Meie meeskond teeb teiega tihedat koost\u00f6\u00f6d, et pakkuda kohandatud lahendusi, mis vastavad t\u00e4pselt teie vajadustele, tagades iga kord optimaalse tulemuse.<\/p>\n<p>Kliendikeskne l\u00e4henemine: Meie kliendid on meie \u00e4ritegevuse esiplaanil. Oleme v\u00e4ga uhked oma erakordse klienditeeninduse, l\u00e4bipaistva suhtluse ja p\u00fchendumise \u00fcle, et teha teie rahulolu nimel k\u00f5ik endast olenev.<\/p>","protected":false},"excerpt":{"rendered":"<p>Paberist ribanaelad, mida tuntakse ka koondnaeladena v\u00f5i plastist ribanaeladena, on ehituses ja tislerit\u00f6\u00f6s kasutatav kinnitusvahend. Need naelad on m\u00f5eldud kasutamiseks koos pneumaatiliste naelap\u00fcstolitega, mis l\u00f6\u00f6vad neid suure kiiruse ja t\u00e4psusega puidu v\u00f5i muude materjalide sisse.<\/p>","protected":false},"featured_media":3453,"comment_status":"open","ping_status":"closed","template":"","meta":{"site-sidebar-layout":"default","site-content-layout":"default","ast-site-content-layout":"","site-content-style":"default","site-sidebar-style":"default","ast-global-header-display":"","ast-banner-title-visibility":"","ast-main-header-display":"","ast-hfb-above-header-display":"","ast-hfb-below-header-display":"","ast-hfb-mobile-header-display":"","site-post-title":"","ast-breadcrumbs-content":"","ast-featured-img":"","footer-sml-layout":"","theme-transparent-header-meta":"default","adv-header-id-meta":"","stick-header-meta":"default","header-above-stick-meta":"","header-main-stick-meta":"","header-below-stick-meta":"","astra-migrate-meta-layouts":"default","ast-page-background-enabled":"default","ast-page-background-meta":{"desktop":{"background-color":"","background-image":"","background-repeat":"repeat","background-position":"center center","background-size":"auto","background-attachment":"scroll","background-type":"","background-media":"","overlay-type":"","overlay-color":"","overlay-opacity":"","overlay-gradient":""},"tablet":{"background-color":"","background-image":"","background-repeat":"repeat","background-position":"center center","background-size":"auto","background-attachment":"scroll","background-type":"","background-media":"","overlay-type":"","overlay-color":"","overlay-opacity":"","overlay-gradient":""},"mobile":{"background-color":"","background-image":"","background-repeat":"repeat","background-position":"center center","background-size":"auto","background-attachment":"scroll","background-type":"","background-media":"","overlay-type":"","overlay-color":"","overlay-opacity":"","overlay-gradient":""}},"ast-content-background-meta":{"desktop":{"background-color":"var(--ast-global-color-5)","background-image":"","background-repeat":"repeat","background-position":"center center","background-size":"auto","background-attachment":"scroll","background-type":"","background-media":"","overlay-type":"","overlay-color":"","overlay-opacity":"","overlay-gradient":""},"tablet":{"background-color":"var(--ast-global-color-5)","background-image":"","background-repeat":"repeat","background-position":"center center","background-size":"auto","background-attachment":"scroll","background-type":"","background-media":"","overlay-type":"","overlay-color":"","overlay-opacity":"","overlay-gradient":""},"mobile":{"background-color":"var(--ast-global-color-5)","background-image":"","background-repeat":"repeat","background-position":"center center","background-size":"auto","background-attachment":"scroll","background-type":"","background-media":"","overlay-type":"","overlay-color":"","overlay-opacity":"","overlay-gradient":""}}},"product_brand":[],"product_cat":[34],"product_tag":[],"class_list":{"0":"post-3452","1":"product","2":"type-product","3":"status-publish","4":"has-post-thumbnail","6":"product_cat-nail","7":"desktop-align-left","8":"tablet-align-left","9":"mobile-align-left","10":"ast-product-gallery-layout-horizontal-slider","11":"ast-product-tabs-layout-horizontal","13":"first","14":"instock","15":"shipping-taxable","16":"purchasable","17":"product-type-simple"},"yoast_head":"<!-- This site is optimized with the Yoast SEO plugin v25.2 - https:\/\/yoast.com\/wordpress\/plugins\/seo\/ -->\n<title>Paper Strip Nail Paper Collated Nails<\/title>\n<meta name=\"description\" content=\"Paper strip nails, also known as collated nails or plastic strip nails, are a type of fastener used in construction and carpentry.\" \/>\n<meta name=\"robots\" content=\"index, follow, max-snippet:-1, max-image-preview:large, max-video-preview:-1\" \/>\n<link rel=\"canonical\" href=\"https:\/\/qingdaohf.com\/et\/toode\/pabeririba-nael\/\" \/>\n<meta property=\"og:locale\" content=\"et_EE\" \/>\n<meta property=\"og:type\" content=\"article\" \/>\n<meta property=\"og:title\" content=\"Paper Strip Nail Paper Collated Nails\" \/>\n<meta property=\"og:description\" content=\"Paper strip nails, also known as collated nails or plastic strip nails, are a type of fastener used in construction and carpentry.\" \/>\n<meta property=\"og:url\" content=\"https:\/\/qingdaohf.com\/et\/toode\/pabeririba-nael\/\" \/>\n<meta property=\"og:site_name\" content=\"Concrete Form &amp; Rigging Hardware Supplier\" \/>\n<meta property=\"article:publisher\" content=\"https:\/\/www.facebook.com\/qingdaohf\" \/>\n<meta property=\"article:modified_time\" content=\"2025-11-13T01:05:14+00:00\" \/>\n<meta property=\"og:image\" content=\"https:\/\/qingdaohf.com\/wp-content\/uploads\/2023\/04\/paper-strip-nail-3.jpg\" \/>\n\t<meta property=\"og:image:width\" content=\"800\" \/>\n\t<meta property=\"og:image:height\" content=\"800\" \/>\n\t<meta property=\"og:image:type\" content=\"image\/jpeg\" \/>\n<meta name=\"twitter:card\" content=\"summary_large_image\" \/>\n<meta name=\"twitter:label1\" content=\"Est. reading time\" \/>\n\t<meta name=\"twitter:data1\" content=\"2 minutit\" \/>\n<script type=\"application\/ld+json\" class=\"yoast-schema-graph\">{\"@context\":\"https:\/\/schema.org\",\"@graph\":[{\"@type\":\"WebPage\",\"@id\":\"https:\/\/qingdaohf.com\/product\/paper-strip-nail\/\",\"url\":\"https:\/\/qingdaohf.com\/product\/paper-strip-nail\/\",\"name\":\"Paper Strip Nail Paper Collated Nails\",\"isPartOf\":{\"@id\":\"https:\/\/qingdaohf.com\/bg\/#website\"},\"primaryImageOfPage\":{\"@id\":\"https:\/\/qingdaohf.com\/product\/paper-strip-nail\/#primaryimage\"},\"image\":{\"@id\":\"https:\/\/qingdaohf.com\/product\/paper-strip-nail\/#primaryimage\"},\"thumbnailUrl\":\"https:\/\/qingdaohf.com\/wp-content\/uploads\/2023\/04\/paper-strip-nail-3.jpg\",\"datePublished\":\"2023-04-10T08:31:20+00:00\",\"dateModified\":\"2025-11-13T01:05:14+00:00\",\"description\":\"Paper strip nails, also known as collated nails or plastic strip nails, are a type of fastener used in construction and carpentry.\",\"breadcrumb\":{\"@id\":\"https:\/\/qingdaohf.com\/product\/paper-strip-nail\/#breadcrumb\"},\"inLanguage\":\"et\",\"potentialAction\":[{\"@type\":\"ReadAction\",\"target\":[\"https:\/\/qingdaohf.com\/product\/paper-strip-nail\/\"]}]},{\"@type\":\"ImageObject\",\"inLanguage\":\"et\",\"@id\":\"https:\/\/qingdaohf.com\/product\/paper-strip-nail\/#primaryimage\",\"url\":\"https:\/\/qingdaohf.com\/wp-content\/uploads\/2023\/04\/paper-strip-nail-3.jpg\",\"contentUrl\":\"https:\/\/qingdaohf.com\/wp-content\/uploads\/2023\/04\/paper-strip-nail-3.jpg\",\"width\":800,\"height\":800,\"caption\":\"paper strip nail\"},{\"@type\":\"BreadcrumbList\",\"@id\":\"https:\/\/qingdaohf.com\/product\/paper-strip-nail\/#breadcrumb\",\"itemListElement\":[{\"@type\":\"ListItem\",\"position\":1,\"name\":\"Home\",\"item\":\"https:\/\/qingdaohf.com\/\"},{\"@type\":\"ListItem\",\"position\":2,\"name\":\"Concrete Forming Accessories and Rigging Hardware\",\"item\":\"https:\/\/qingdaohf.com\/bg\/?page_id=944\"},{\"@type\":\"ListItem\",\"position\":3,\"name\":\"Paper Strip Nail Paper Collated Nails\"}]},{\"@type\":\"WebSite\",\"@id\":\"https:\/\/qingdaohf.com\/bg\/#website\",\"url\":\"https:\/\/qingdaohf.com\/bg\/\",\"name\":\"Concrete Form & Rigging Hardware Supplier\",\"description\":\"\",\"publisher\":{\"@id\":\"https:\/\/qingdaohf.com\/bg\/#organization\"},\"potentialAction\":[{\"@type\":\"SearchAction\",\"target\":{\"@type\":\"EntryPoint\",\"urlTemplate\":\"https:\/\/qingdaohf.com\/bg\/?s={search_term_string}\"},\"query-input\":{\"@type\":\"PropertyValueSpecification\",\"valueRequired\":true,\"valueName\":\"search_term_string\"}}],\"inLanguage\":\"et\"},{\"@type\":\"Organization\",\"@id\":\"https:\/\/qingdaohf.com\/bg\/#organization\",\"name\":\"Qingdao H&F\",\"url\":\"https:\/\/qingdaohf.com\/bg\/\",\"logo\":{\"@type\":\"ImageObject\",\"inLanguage\":\"et\",\"@id\":\"https:\/\/qingdaohf.com\/bg\/#\/schema\/logo\/image\/\",\"url\":\"https:\/\/qingdaohf.com\/wp-content\/uploads\/2022\/12\/cropped-HF-LOGO.png\",\"contentUrl\":\"https:\/\/qingdaohf.com\/wp-content\/uploads\/2022\/12\/cropped-HF-LOGO.png\",\"width\":391,\"height\":249,\"caption\":\"Qingdao H&F\"},\"image\":{\"@id\":\"https:\/\/qingdaohf.com\/bg\/#\/schema\/logo\/image\/\"},\"sameAs\":[\"https:\/\/www.facebook.com\/qingdaohf\"]}]}<\/script>\n<!-- \/ Yoast SEO plugin. -->","yoast_head_json":{"title":"Paper Strip Nail Paper Collated Nails","description":"Paper strip nails, also known as collated nails or plastic strip nails, are a type of fastener used in construction and carpentry.","robots":{"index":"index","follow":"follow","max-snippet":"max-snippet:-1","max-image-preview":"max-image-preview:large","max-video-preview":"max-video-preview:-1"},"canonical":"https:\/\/qingdaohf.com\/et\/toode\/pabeririba-nael\/","og_locale":"et_EE","og_type":"article","og_title":"Paper Strip Nail Paper Collated Nails","og_description":"Paper strip nails, also known as collated nails or plastic strip nails, are a type of fastener used in construction and carpentry.","og_url":"https:\/\/qingdaohf.com\/et\/toode\/pabeririba-nael\/","og_site_name":"Concrete Form &amp; Rigging Hardware Supplier","article_publisher":"https:\/\/www.facebook.com\/qingdaohf","article_modified_time":"2025-11-13T01:05:14+00:00","og_image":[{"width":800,"height":800,"url":"https:\/\/qingdaohf.com\/wp-content\/uploads\/2023\/04\/paper-strip-nail-3.jpg","type":"image\/jpeg"}],"twitter_card":"summary_large_image","twitter_misc":{"Est. reading time":"2 minutit"},"schema":{"@context":"https:\/\/schema.org","@graph":[{"@type":"WebPage","@id":"https:\/\/qingdaohf.com\/product\/paper-strip-nail\/","url":"https:\/\/qingdaohf.com\/product\/paper-strip-nail\/","name":"Paper Strip Nail Paper Collated Nails","isPartOf":{"@id":"https:\/\/qingdaohf.com\/bg\/#website"},"primaryImageOfPage":{"@id":"https:\/\/qingdaohf.com\/product\/paper-strip-nail\/#primaryimage"},"image":{"@id":"https:\/\/qingdaohf.com\/product\/paper-strip-nail\/#primaryimage"},"thumbnailUrl":"https:\/\/qingdaohf.com\/wp-content\/uploads\/2023\/04\/paper-strip-nail-3.jpg","datePublished":"2023-04-10T08:31:20+00:00","dateModified":"2025-11-13T01:05:14+00:00","description":"Paper strip nails, also known as collated nails or plastic strip nails, are a type of fastener used in construction and carpentry.","breadcrumb":{"@id":"https:\/\/qingdaohf.com\/product\/paper-strip-nail\/#breadcrumb"},"inLanguage":"et","potentialAction":[{"@type":"ReadAction","target":["https:\/\/qingdaohf.com\/product\/paper-strip-nail\/"]}]},{"@type":"ImageObject","inLanguage":"et","@id":"https:\/\/qingdaohf.com\/product\/paper-strip-nail\/#primaryimage","url":"https:\/\/qingdaohf.com\/wp-content\/uploads\/2023\/04\/paper-strip-nail-3.jpg","contentUrl":"https:\/\/qingdaohf.com\/wp-content\/uploads\/2023\/04\/paper-strip-nail-3.jpg","width":800,"height":800,"caption":"paper strip nail"},{"@type":"BreadcrumbList","@id":"https:\/\/qingdaohf.com\/product\/paper-strip-nail\/#breadcrumb","itemListElement":[{"@type":"ListItem","position":1,"name":"Home","item":"https:\/\/qingdaohf.com\/"},{"@type":"ListItem","position":2,"name":"Concrete Forming Accessories and Rigging Hardware","item":"https:\/\/qingdaohf.com\/bg\/?page_id=944"},{"@type":"ListItem","position":3,"name":"Paper Strip Nail Paper Collated Nails"}]},{"@type":"WebSite","@id":"https:\/\/qingdaohf.com\/bg\/#website","url":"https:\/\/qingdaohf.com\/bg\/","name":"Concrete Form & Rigging Hardware Supplier","description":"","publisher":{"@id":"https:\/\/qingdaohf.com\/bg\/#organization"},"potentialAction":[{"@type":"SearchAction","target":{"@type":"EntryPoint","urlTemplate":"https:\/\/qingdaohf.com\/bg\/?s={search_term_string}"},"query-input":{"@type":"PropertyValueSpecification","valueRequired":true,"valueName":"search_term_string"}}],"inLanguage":"et"},{"@type":"Organization","@id":"https:\/\/qingdaohf.com\/bg\/#organization","name":"Qingdao H&F","url":"https:\/\/qingdaohf.com\/bg\/","logo":{"@type":"ImageObject","inLanguage":"et","@id":"https:\/\/qingdaohf.com\/bg\/#\/schema\/logo\/image\/","url":"https:\/\/qingdaohf.com\/wp-content\/uploads\/2022\/12\/cropped-HF-LOGO.png","contentUrl":"https:\/\/qingdaohf.com\/wp-content\/uploads\/2022\/12\/cropped-HF-LOGO.png","width":391,"height":249,"caption":"Qingdao H&F"},"image":{"@id":"https:\/\/qingdaohf.com\/bg\/#\/schema\/logo\/image\/"},"sameAs":["https:\/\/www.facebook.com\/qingdaohf"]}]}},"_links":{"self":[{"href":"https:\/\/qingdaohf.com\/et\/wp-json\/wp\/v2\/product\/3452","targetHints":{"allow":["GET"]}}],"collection":[{"href":"https:\/\/qingdaohf.com\/et\/wp-json\/wp\/v2\/product"}],"about":[{"href":"https:\/\/qingdaohf.com\/et\/wp-json\/wp\/v2\/types\/product"}],"replies":[{"embeddable":true,"href":"https:\/\/qingdaohf.com\/et\/wp-json\/wp\/v2\/comments?post=3452"}],"version-history":[{"count":2,"href":"https:\/\/qingdaohf.com\/et\/wp-json\/wp\/v2\/product\/3452\/revisions"}],"predecessor-version":[{"id":10434,"href":"https:\/\/qingdaohf.com\/et\/wp-json\/wp\/v2\/product\/3452\/revisions\/10434"}],"wp:featuredmedia":[{"embeddable":true,"href":"https:\/\/qingdaohf.com\/et\/wp-json\/wp\/v2\/media\/3453"}],"wp:attachment":[{"href":"https:\/\/qingdaohf.com\/et\/wp-json\/wp\/v2\/media?parent=3452"}],"wp:term":[{"taxonomy":"product_brand","embeddable":true,"href":"https:\/\/qingdaohf.com\/et\/wp-json\/wp\/v2\/product_brand?post=3452"},{"taxonomy":"product_cat","embeddable":true,"href":"https:\/\/qingdaohf.com\/et\/wp-json\/wp\/v2\/product_cat?post=3452"},{"taxonomy":"product_tag","embeddable":true,"href":"https:\/\/qingdaohf.com\/et\/wp-json\/wp\/v2\/product_tag?post=3452"}],"curies":[{"name":"wp","href":"https:\/\/api.w.org\/{rel}","templated":true}]}}