{"id":3508,"date":"2023-04-10T17:33:10","date_gmt":"2023-04-10T09:33:10","guid":{"rendered":"http:\/\/qingdaohf.com\/?post_type=product&#038;p=3508"},"modified":"2025-11-13T09:05:14","modified_gmt":"2025-11-13T01:05:14","slug":"aluminium-wire-rope-ferrule","status":"publish","type":"product","link":"https:\/\/qingdaohf.com\/et\/toode\/alumiinium-trossitokkeotsak\/","title":{"rendered":"Alumiiniumist trossit\u00f5kkeotsad"},"content":{"rendered":"<p><img fetchpriority=\"high\" decoding=\"async\" class=\"alignnone wp-image-9487 size-full\" src=\"http:\/\/qingdaohf.com\/wp-content\/uploads\/2025\/04\/wire-rope-description-7.webp\" alt=\"ferrule\" width=\"600\" height=\"774\" srcset=\"https:\/\/qingdaohf.com\/wp-content\/uploads\/2025\/04\/wire-rope-description-7.webp 600w, https:\/\/qingdaohf.com\/wp-content\/uploads\/2025\/04\/wire-rope-description-7-233x300.webp 233w, https:\/\/qingdaohf.com\/wp-content\/uploads\/2025\/04\/wire-rope-description-7-9x12.webp 9w\" sizes=\"(max-width: 600px) 100vw, 600px\" \/><\/p>\n<p>Ferrule on tavaliselt valmistatud kvaliteetsest alumiiniumisulamist, mis on v\u00e4ga korrosioonikindel ja kerge. Selle konstruktsioon v\u00f5imaldab lihtsat k\u00e4sitsemist ja paigaldamist, mist\u00f5ttu on see populaarne valik sellistes t\u00f6\u00f6stusharudes nagu merendus, ehitus, taglastus ja \u00fcldotstarbelised rakendused.<\/p>\n<p>Alumiiniumist trossih\u00fclss koosneb silindrilisest muhvist, mille sisepind on sile ja v\u00e4lispinnal on rida hammastusi v\u00f5i sooned. Need sooned m\u00e4ngivad olulist rolli trossi kinnitamisel ja kindlalt paigal hoidmisel, kui tross on korralikult kokku surutud.<\/p>\n<p><img decoding=\"async\" class=\"alignnone size-full wp-image-3510\" src=\"http:\/\/qingdaohf.com\/wp-content\/uploads\/2023\/04\/aluminium-ferrule-2.jpg\" alt=\"alumiiniump\u00e4rss\" width=\"800\" height=\"800\" srcset=\"https:\/\/qingdaohf.com\/wp-content\/uploads\/2023\/04\/aluminium-ferrule-2.jpg 800w, https:\/\/qingdaohf.com\/wp-content\/uploads\/2023\/04\/aluminium-ferrule-2-300x300.jpg 300w, https:\/\/qingdaohf.com\/wp-content\/uploads\/2023\/04\/aluminium-ferrule-2-150x150.jpg 150w, https:\/\/qingdaohf.com\/wp-content\/uploads\/2023\/04\/aluminium-ferrule-2-768x768.jpg 768w, https:\/\/qingdaohf.com\/wp-content\/uploads\/2023\/04\/aluminium-ferrule-2-500x500.jpg 500w, https:\/\/qingdaohf.com\/wp-content\/uploads\/2023\/04\/aluminium-ferrule-2-100x100.jpg 100w\" sizes=\"(max-width: 800px) 100vw, 800px\" \/><\/p>\n<p>Trossi paigaldamiseks sisestatakse tross muhvi, tagades, et see j\u00f5uab soovitud s\u00fcgavusele. Seej\u00e4rel surutakse v\u00f5i pressitakse tross kokku spetsiaalsete t\u00f6\u00f6riistade, n\u00e4iteks trossipresside v\u00f5i h\u00fcdrauliliste presside abil. See kokkusurumisprotsess deformeerib h\u00fclssi, mille tulemusena hammastused hammustavad trossil\u00f5ngad ja loovad tugeva mehaanilise \u00fchenduse.<\/p>\n<p>Alumiiniumtrossi trossifermulliga moodustatud \u00fchendus on tuntud oma suure t\u00f5mbetugevuse ja libisemiskindluse poolest. See jaotab koormuse t\u00f5husalt ja \u00fchtlaselt trossil, v\u00e4hendades pingekontsentratsiooni ja suurendades \u00fcldist stabiilsust.<\/p>\n<p>Alumiiniumist trossir\u00f5ngad on saadaval erinevates suurustes, et mahutada erineva l\u00e4bim\u00f5\u00f5duga trossi. On oluline valida sobiva trossiga sobiva suurusega ferrule, et tagada n\u00f5uetekohane sobivus ja maksimaalne tugevus.<\/p>\n<p><img decoding=\"async\" class=\"alignnone size-full wp-image-3511\" src=\"http:\/\/qingdaohf.com\/wp-content\/uploads\/2023\/04\/aluminium-ferrule-3.jpg\" alt=\"alumiiniump\u00e4rss\" width=\"800\" height=\"800\" srcset=\"https:\/\/qingdaohf.com\/wp-content\/uploads\/2023\/04\/aluminium-ferrule-3.jpg 800w, https:\/\/qingdaohf.com\/wp-content\/uploads\/2023\/04\/aluminium-ferrule-3-300x300.jpg 300w, https:\/\/qingdaohf.com\/wp-content\/uploads\/2023\/04\/aluminium-ferrule-3-150x150.jpg 150w, https:\/\/qingdaohf.com\/wp-content\/uploads\/2023\/04\/aluminium-ferrule-3-768x768.jpg 768w, https:\/\/qingdaohf.com\/wp-content\/uploads\/2023\/04\/aluminium-ferrule-3-500x500.jpg 500w, https:\/\/qingdaohf.com\/wp-content\/uploads\/2023\/04\/aluminium-ferrule-3-100x100.jpg 100w\" sizes=\"(max-width: 800px) 100vw, 800px\" \/><\/p>\n<p>\u00dcks alumiiniumtrosside trellide kasutamise eeliseid on nende \u00fchilduvus nii tsingitud kui ka roostevabast terasest trossidega. Neid saab kasutada mitmesuguste trossikonfiguratsioonidega, sealhulgas \u00fche- ja mitmel\u00f5ngaliste ning tihendatud trossidega.<\/p>\n<p><img loading=\"lazy\" decoding=\"async\" class=\"alignnone size-full wp-image-3509\" src=\"http:\/\/qingdaohf.com\/wp-content\/uploads\/2023\/04\/aluminium-ferrule-1.jpg\" alt=\"alumiiniump\u00e4rss\" width=\"800\" height=\"691\" srcset=\"https:\/\/qingdaohf.com\/wp-content\/uploads\/2023\/04\/aluminium-ferrule-1.jpg 800w, https:\/\/qingdaohf.com\/wp-content\/uploads\/2023\/04\/aluminium-ferrule-1-300x259.jpg 300w, https:\/\/qingdaohf.com\/wp-content\/uploads\/2023\/04\/aluminium-ferrule-1-768x663.jpg 768w\" sizes=\"(max-width: 800px) 100vw, 800px\" \/><\/p>\n<p>Oluline on m\u00e4rkida, et turvalise ja usaldusv\u00e4\u00e4rse \u00fchenduse tagamiseks tuleb j\u00e4rgida \u00f5igeid paigaldustehnikaid ja -vahendeid. Tootja juhiste ja t\u00f6\u00f6stusharu parimate tavade j\u00e4rgimine krimpimise ja l\u00f5petamise protseduuride puhul on oluline, et s\u00e4ilitada trossi komplekti terviklikkus ja tugevus.<\/p>\n<div class=\"ast-oembed-container\" style=\"height: 100%;\"><iframe title=\"Alumiiniumist trossit\u00f5kkeotsad\" width=\"500\" height=\"375\" src=\"https:\/\/www.youtube.com\/embed\/4ODAjfyxniI?feature=oembed\" frameborder=\"0\" allow=\"accelerometer; autoplay; clipboard-write; encrypted-media; gyroscope; picture-in-picture; web-share\" referrerpolicy=\"strict-origin-when-cross-origin\" allowfullscreen><\/iframe><\/div>","protected":false},"excerpt":{"rendered":"<p>Alumiiniumtrossih\u00fclss, mida tuntakse ka alumiiniumtrossih\u00fclsina v\u00f5i alumiiniummuhvina, on spetsiaalne liitmik, mida kasutatakse mitmesugustes trossidega seotud rakendustes. See on spetsiaalselt kavandatud turvalise ja vastupidava \u00fchenduse loomiseks trossi otste vahel, tagades tugevuse ja usaldusv\u00e4\u00e4rsuse.<\/p>","protected":false},"featured_media":3513,"comment_status":"open","ping_status":"closed","template":"","meta":{"site-sidebar-layout":"default","site-content-layout":"default","ast-site-content-layout":"default","site-content-style":"default","site-sidebar-style":"default","ast-global-header-display":"","ast-banner-title-visibility":"","ast-main-header-display":"","ast-hfb-above-header-display":"","ast-hfb-below-header-display":"","ast-hfb-mobile-header-display":"","site-post-title":"","ast-breadcrumbs-content":"","ast-featured-img":"","footer-sml-layout":"","theme-transparent-header-meta":"default","adv-header-id-meta":"","stick-header-meta":"default","header-above-stick-meta":"","header-main-stick-meta":"","header-below-stick-meta":"","astra-migrate-meta-layouts":"set","ast-page-background-enabled":"default","ast-page-background-meta":{"desktop":{"background-color":"","background-image":"","background-repeat":"repeat","background-position":"center center","background-size":"auto","background-attachment":"scroll","background-type":"","background-media":"","overlay-type":"","overlay-color":"","overlay-opacity":"","overlay-gradient":""},"tablet":{"background-color":"","background-image":"","background-repeat":"repeat","background-position":"center center","background-size":"auto","background-attachment":"scroll","background-type":"","background-media":"","overlay-type":"","overlay-color":"","overlay-opacity":"","overlay-gradient":""},"mobile":{"background-color":"","background-image":"","background-repeat":"repeat","background-position":"center center","background-size":"auto","background-attachment":"scroll","background-type":"","background-media":"","overlay-type":"","overlay-color":"","overlay-opacity":"","overlay-gradient":""}},"ast-content-background-meta":{"desktop":{"background-color":"var(--ast-global-color-5)","background-image":"","background-repeat":"repeat","background-position":"center center","background-size":"auto","background-attachment":"scroll","background-type":"","background-media":"","overlay-type":"","overlay-color":"","overlay-opacity":"","overlay-gradient":""},"tablet":{"background-color":"var(--ast-global-color-5)","background-image":"","background-repeat":"repeat","background-position":"center center","background-size":"auto","background-attachment":"scroll","background-type":"","background-media":"","overlay-type":"","overlay-color":"","overlay-opacity":"","overlay-gradient":""},"mobile":{"background-color":"var(--ast-global-color-5)","background-image":"","background-repeat":"repeat","background-position":"center center","background-size":"auto","background-attachment":"scroll","background-type":"","background-media":"","overlay-type":"","overlay-color":"","overlay-opacity":"","overlay-gradient":""}}},"product_brand":[],"product_cat":[37,43],"product_tag":[],"class_list":{"0":"post-3508","1":"product","2":"type-product","3":"status-publish","4":"has-post-thumbnail","6":"product_cat-wire-rope","7":"product_cat-rigging-hardware","8":"desktop-align-left","9":"tablet-align-left","10":"mobile-align-left","11":"ast-product-gallery-layout-horizontal-slider","12":"ast-product-tabs-layout-horizontal","14":"first","15":"instock","16":"shipping-taxable","17":"purchasable","18":"product-type-simple"},"yoast_head":"<!-- This site is optimized with the Yoast SEO plugin v25.2 - https:\/\/yoast.com\/wordpress\/plugins\/seo\/ -->\n<title>Aluminium Wire Rope Ferrule<\/title>\n<meta name=\"description\" content=\"The Aluminium Wire Rope Ferrule, also known as an aluminum wire rope sleeve or aluminum crimp sleeve, is a specialized fitting used in various applications involving wire ropes.\" \/>\n<meta name=\"robots\" content=\"index, follow, max-snippet:-1, max-image-preview:large, max-video-preview:-1\" \/>\n<link rel=\"canonical\" href=\"https:\/\/qingdaohf.com\/et\/toode\/alumiinium-trossitokkeotsak\/\" \/>\n<meta property=\"og:locale\" content=\"et_EE\" \/>\n<meta property=\"og:type\" content=\"article\" \/>\n<meta property=\"og:title\" content=\"Aluminium Wire Rope Ferrule\" \/>\n<meta property=\"og:description\" content=\"The Aluminium Wire Rope Ferrule, also known as an aluminum wire rope sleeve or aluminum crimp sleeve, is a specialized fitting used in various applications involving wire ropes.\" \/>\n<meta property=\"og:url\" content=\"https:\/\/qingdaohf.com\/et\/toode\/alumiinium-trossitokkeotsak\/\" \/>\n<meta property=\"og:site_name\" content=\"Concrete Form &amp; Rigging Hardware Supplier\" \/>\n<meta property=\"article:publisher\" content=\"https:\/\/www.facebook.com\/qingdaohf\" \/>\n<meta property=\"article:modified_time\" content=\"2025-11-13T01:05:14+00:00\" \/>\n<meta property=\"og:image\" content=\"https:\/\/qingdaohf.com\/wp-content\/uploads\/2023\/04\/aluminium-ferrule-7.jpg\" \/>\n\t<meta property=\"og:image:width\" content=\"800\" \/>\n\t<meta property=\"og:image:height\" content=\"800\" \/>\n\t<meta property=\"og:image:type\" content=\"image\/jpeg\" \/>\n<meta name=\"twitter:card\" content=\"summary_large_image\" \/>\n<meta name=\"twitter:label1\" content=\"Est. reading time\" \/>\n\t<meta name=\"twitter:data1\" content=\"3 minutit\" \/>\n<script type=\"application\/ld+json\" class=\"yoast-schema-graph\">{\"@context\":\"https:\/\/schema.org\",\"@graph\":[{\"@type\":\"WebPage\",\"@id\":\"https:\/\/qingdaohf.com\/product\/aluminium-wire-rope-ferrule\/\",\"url\":\"https:\/\/qingdaohf.com\/product\/aluminium-wire-rope-ferrule\/\",\"name\":\"Aluminium Wire Rope Ferrule\",\"isPartOf\":{\"@id\":\"https:\/\/qingdaohf.com\/bg\/#website\"},\"primaryImageOfPage\":{\"@id\":\"https:\/\/qingdaohf.com\/product\/aluminium-wire-rope-ferrule\/#primaryimage\"},\"image\":{\"@id\":\"https:\/\/qingdaohf.com\/product\/aluminium-wire-rope-ferrule\/#primaryimage\"},\"thumbnailUrl\":\"https:\/\/qingdaohf.com\/wp-content\/uploads\/2023\/04\/aluminium-ferrule-7.jpg\",\"datePublished\":\"2023-04-10T09:33:10+00:00\",\"dateModified\":\"2025-11-13T01:05:14+00:00\",\"description\":\"The Aluminium Wire Rope Ferrule, also known as an aluminum wire rope sleeve or aluminum crimp sleeve, is a specialized fitting used in various applications involving wire ropes.\",\"breadcrumb\":{\"@id\":\"https:\/\/qingdaohf.com\/product\/aluminium-wire-rope-ferrule\/#breadcrumb\"},\"inLanguage\":\"et\",\"potentialAction\":[{\"@type\":\"ReadAction\",\"target\":[\"https:\/\/qingdaohf.com\/product\/aluminium-wire-rope-ferrule\/\"]}]},{\"@type\":\"ImageObject\",\"inLanguage\":\"et\",\"@id\":\"https:\/\/qingdaohf.com\/product\/aluminium-wire-rope-ferrule\/#primaryimage\",\"url\":\"https:\/\/qingdaohf.com\/wp-content\/uploads\/2023\/04\/aluminium-ferrule-7.jpg\",\"contentUrl\":\"https:\/\/qingdaohf.com\/wp-content\/uploads\/2023\/04\/aluminium-ferrule-7.jpg\",\"width\":800,\"height\":800},{\"@type\":\"BreadcrumbList\",\"@id\":\"https:\/\/qingdaohf.com\/product\/aluminium-wire-rope-ferrule\/#breadcrumb\",\"itemListElement\":[{\"@type\":\"ListItem\",\"position\":1,\"name\":\"Home\",\"item\":\"https:\/\/qingdaohf.com\/\"},{\"@type\":\"ListItem\",\"position\":2,\"name\":\"Concrete Forming Accessories and Rigging Hardware\",\"item\":\"https:\/\/qingdaohf.com\/bg\/?page_id=944\"},{\"@type\":\"ListItem\",\"position\":3,\"name\":\"Aluminium Wire Rope Ferrule\"}]},{\"@type\":\"WebSite\",\"@id\":\"https:\/\/qingdaohf.com\/bg\/#website\",\"url\":\"https:\/\/qingdaohf.com\/bg\/\",\"name\":\"Concrete Form & Rigging Hardware Supplier\",\"description\":\"\",\"publisher\":{\"@id\":\"https:\/\/qingdaohf.com\/bg\/#organization\"},\"potentialAction\":[{\"@type\":\"SearchAction\",\"target\":{\"@type\":\"EntryPoint\",\"urlTemplate\":\"https:\/\/qingdaohf.com\/bg\/?s={search_term_string}\"},\"query-input\":{\"@type\":\"PropertyValueSpecification\",\"valueRequired\":true,\"valueName\":\"search_term_string\"}}],\"inLanguage\":\"et\"},{\"@type\":\"Organization\",\"@id\":\"https:\/\/qingdaohf.com\/bg\/#organization\",\"name\":\"Qingdao H&F\",\"url\":\"https:\/\/qingdaohf.com\/bg\/\",\"logo\":{\"@type\":\"ImageObject\",\"inLanguage\":\"et\",\"@id\":\"https:\/\/qingdaohf.com\/bg\/#\/schema\/logo\/image\/\",\"url\":\"https:\/\/qingdaohf.com\/wp-content\/uploads\/2022\/12\/cropped-HF-LOGO.png\",\"contentUrl\":\"https:\/\/qingdaohf.com\/wp-content\/uploads\/2022\/12\/cropped-HF-LOGO.png\",\"width\":391,\"height\":249,\"caption\":\"Qingdao H&F\"},\"image\":{\"@id\":\"https:\/\/qingdaohf.com\/bg\/#\/schema\/logo\/image\/\"},\"sameAs\":[\"https:\/\/www.facebook.com\/qingdaohf\"]}]}<\/script>\n<!-- \/ Yoast SEO plugin. -->","yoast_head_json":{"title":"Aluminium Wire Rope Ferrule","description":"The Aluminium Wire Rope Ferrule, also known as an aluminum wire rope sleeve or aluminum crimp sleeve, is a specialized fitting used in various applications involving wire ropes.","robots":{"index":"index","follow":"follow","max-snippet":"max-snippet:-1","max-image-preview":"max-image-preview:large","max-video-preview":"max-video-preview:-1"},"canonical":"https:\/\/qingdaohf.com\/et\/toode\/alumiinium-trossitokkeotsak\/","og_locale":"et_EE","og_type":"article","og_title":"Aluminium Wire Rope Ferrule","og_description":"The Aluminium Wire Rope Ferrule, also known as an aluminum wire rope sleeve or aluminum crimp sleeve, is a specialized fitting used in various applications involving wire ropes.","og_url":"https:\/\/qingdaohf.com\/et\/toode\/alumiinium-trossitokkeotsak\/","og_site_name":"Concrete Form &amp; Rigging Hardware Supplier","article_publisher":"https:\/\/www.facebook.com\/qingdaohf","article_modified_time":"2025-11-13T01:05:14+00:00","og_image":[{"width":800,"height":800,"url":"https:\/\/qingdaohf.com\/wp-content\/uploads\/2023\/04\/aluminium-ferrule-7.jpg","type":"image\/jpeg"}],"twitter_card":"summary_large_image","twitter_misc":{"Est. reading time":"3 minutit"},"schema":{"@context":"https:\/\/schema.org","@graph":[{"@type":"WebPage","@id":"https:\/\/qingdaohf.com\/product\/aluminium-wire-rope-ferrule\/","url":"https:\/\/qingdaohf.com\/product\/aluminium-wire-rope-ferrule\/","name":"Aluminium Wire Rope Ferrule","isPartOf":{"@id":"https:\/\/qingdaohf.com\/bg\/#website"},"primaryImageOfPage":{"@id":"https:\/\/qingdaohf.com\/product\/aluminium-wire-rope-ferrule\/#primaryimage"},"image":{"@id":"https:\/\/qingdaohf.com\/product\/aluminium-wire-rope-ferrule\/#primaryimage"},"thumbnailUrl":"https:\/\/qingdaohf.com\/wp-content\/uploads\/2023\/04\/aluminium-ferrule-7.jpg","datePublished":"2023-04-10T09:33:10+00:00","dateModified":"2025-11-13T01:05:14+00:00","description":"The Aluminium Wire Rope Ferrule, also known as an aluminum wire rope sleeve or aluminum crimp sleeve, is a specialized fitting used in various applications involving wire ropes.","breadcrumb":{"@id":"https:\/\/qingdaohf.com\/product\/aluminium-wire-rope-ferrule\/#breadcrumb"},"inLanguage":"et","potentialAction":[{"@type":"ReadAction","target":["https:\/\/qingdaohf.com\/product\/aluminium-wire-rope-ferrule\/"]}]},{"@type":"ImageObject","inLanguage":"et","@id":"https:\/\/qingdaohf.com\/product\/aluminium-wire-rope-ferrule\/#primaryimage","url":"https:\/\/qingdaohf.com\/wp-content\/uploads\/2023\/04\/aluminium-ferrule-7.jpg","contentUrl":"https:\/\/qingdaohf.com\/wp-content\/uploads\/2023\/04\/aluminium-ferrule-7.jpg","width":800,"height":800},{"@type":"BreadcrumbList","@id":"https:\/\/qingdaohf.com\/product\/aluminium-wire-rope-ferrule\/#breadcrumb","itemListElement":[{"@type":"ListItem","position":1,"name":"Home","item":"https:\/\/qingdaohf.com\/"},{"@type":"ListItem","position":2,"name":"Concrete Forming Accessories and Rigging Hardware","item":"https:\/\/qingdaohf.com\/bg\/?page_id=944"},{"@type":"ListItem","position":3,"name":"Aluminium Wire Rope Ferrule"}]},{"@type":"WebSite","@id":"https:\/\/qingdaohf.com\/bg\/#website","url":"https:\/\/qingdaohf.com\/bg\/","name":"Concrete Form & Rigging Hardware Supplier","description":"","publisher":{"@id":"https:\/\/qingdaohf.com\/bg\/#organization"},"potentialAction":[{"@type":"SearchAction","target":{"@type":"EntryPoint","urlTemplate":"https:\/\/qingdaohf.com\/bg\/?s={search_term_string}"},"query-input":{"@type":"PropertyValueSpecification","valueRequired":true,"valueName":"search_term_string"}}],"inLanguage":"et"},{"@type":"Organization","@id":"https:\/\/qingdaohf.com\/bg\/#organization","name":"Qingdao H&F","url":"https:\/\/qingdaohf.com\/bg\/","logo":{"@type":"ImageObject","inLanguage":"et","@id":"https:\/\/qingdaohf.com\/bg\/#\/schema\/logo\/image\/","url":"https:\/\/qingdaohf.com\/wp-content\/uploads\/2022\/12\/cropped-HF-LOGO.png","contentUrl":"https:\/\/qingdaohf.com\/wp-content\/uploads\/2022\/12\/cropped-HF-LOGO.png","width":391,"height":249,"caption":"Qingdao H&F"},"image":{"@id":"https:\/\/qingdaohf.com\/bg\/#\/schema\/logo\/image\/"},"sameAs":["https:\/\/www.facebook.com\/qingdaohf"]}]}},"_links":{"self":[{"href":"https:\/\/qingdaohf.com\/et\/wp-json\/wp\/v2\/product\/3508","targetHints":{"allow":["GET"]}}],"collection":[{"href":"https:\/\/qingdaohf.com\/et\/wp-json\/wp\/v2\/product"}],"about":[{"href":"https:\/\/qingdaohf.com\/et\/wp-json\/wp\/v2\/types\/product"}],"replies":[{"embeddable":true,"href":"https:\/\/qingdaohf.com\/et\/wp-json\/wp\/v2\/comments?post=3508"}],"version-history":[{"count":3,"href":"https:\/\/qingdaohf.com\/et\/wp-json\/wp\/v2\/product\/3508\/revisions"}],"predecessor-version":[{"id":9491,"href":"https:\/\/qingdaohf.com\/et\/wp-json\/wp\/v2\/product\/3508\/revisions\/9491"}],"wp:featuredmedia":[{"embeddable":true,"href":"https:\/\/qingdaohf.com\/et\/wp-json\/wp\/v2\/media\/3513"}],"wp:attachment":[{"href":"https:\/\/qingdaohf.com\/et\/wp-json\/wp\/v2\/media?parent=3508"}],"wp:term":[{"taxonomy":"product_brand","embeddable":true,"href":"https:\/\/qingdaohf.com\/et\/wp-json\/wp\/v2\/product_brand?post=3508"},{"taxonomy":"product_cat","embeddable":true,"href":"https:\/\/qingdaohf.com\/et\/wp-json\/wp\/v2\/product_cat?post=3508"},{"taxonomy":"product_tag","embeddable":true,"href":"https:\/\/qingdaohf.com\/et\/wp-json\/wp\/v2\/product_tag?post=3508"}],"curies":[{"name":"wp","href":"https:\/\/api.w.org\/{rel}","templated":true}]}}