{"id":3549,"date":"2023-04-10T18:57:14","date_gmt":"2023-04-10T10:57:14","guid":{"rendered":"http:\/\/qingdaohf.com\/?post_type=product&#038;p=3549"},"modified":"2025-11-13T09:05:13","modified_gmt":"2025-11-13T01:05:13","slug":"anchor-chain","status":"publish","type":"product","link":"https:\/\/qingdaohf.com\/et\/toode\/ankrukett\/","title":{"rendered":"Mere ankrukett Sildumiskett"},"content":{"rendered":"<h3><strong>Sissejuhatus mere ankrukettidesse<\/strong><\/h3>\n<p>Laevavarustuse maailmas on ankruketid olulised komponendid, mida kasutatakse laevade stabiliseerimiseks ja kinnitamiseks dokkimise v\u00f5i sildumise ajal. Need ketid on oluline \u00fchendusl\u00fcli laeva ja selle ankrus\u00fcsteemi vahel, pakkudes stabiilsust isegi ebastabiilsetes mereoludes. Arvestades ankrukettide t\u00e4htsust, eriti sildumisrakendustes, on ostjate jaoks v\u00e4ga oluline m\u00f5ista nende erinevaid t\u00fc\u00fcpe ja eeliseid. Laevade ankrukette, mida nimetatakse ka sildumiskettideks, jagatakse peamiselt kahte liiki: n\u00f6\u00f6p\u00fchendusega ankrukettid ja n\u00f6\u00f6p\u00fchenduseta ankrukettid. Need t\u00fc\u00fcbid erinevad oma konstruktsiooni, vastupidavuse ja kasutusotstarvete alusel, pakkudes sildumislahendustes erinevaid eeliseid.<\/p>\n<h3><strong>Stud Link Anchor Chains: Struktuur ja rakendused<\/strong><\/h3>\n<p><img fetchpriority=\"high\" decoding=\"async\" class=\"alignnone size-full wp-image-8170\" src=\"http:\/\/qingdaohf.com\/wp-content\/uploads\/2024\/10\/stud-link-anchor-chain_2.webp\" alt=\"n\u00f6\u00f6pn\u00f5ela ankrukett\" width=\"842\" height=\"1091\" srcset=\"https:\/\/qingdaohf.com\/wp-content\/uploads\/2024\/10\/stud-link-anchor-chain_2.webp 842w, https:\/\/qingdaohf.com\/wp-content\/uploads\/2024\/10\/stud-link-anchor-chain_2-232x300.webp 232w, https:\/\/qingdaohf.com\/wp-content\/uploads\/2024\/10\/stud-link-anchor-chain_2-790x1024.webp 790w, https:\/\/qingdaohf.com\/wp-content\/uploads\/2024\/10\/stud-link-anchor-chain_2-768x995.webp 768w, https:\/\/qingdaohf.com\/wp-content\/uploads\/2024\/10\/stud-link-anchor-chain_2-9x12.webp 9w\" sizes=\"(max-width: 842px) 100vw, 842px\" \/><\/p>\n<p>Tugilinkide ankruketid on merendussektoris laialdaselt tunnustatud oma vastupidavuse ja kandev\u00f5ime poolest. Neil on metallvardad ehk n\u00f6\u00f6pn\u00f5elad, mis on \u00fcle iga ahelaketi l\u00fcli, mis tagavad lisastabiilsuse. Selline konstruktsioon v\u00e4hendab ketil\u00fclide deformeerumist pinge all ja suurendab keti vastupidavust v\u00e4\u00e4ndumisele, isegi suure pinge korral. Sellise vastupidavuse t\u00f5ttu on n\u00f6\u00f6pkettide ketid eelistatud valik raskeveokitele, eriti suurematele laevadele, mis n\u00f5uavad suurt pidamisj\u00f5udu.<\/p>\n<p>N\u00f6\u00f6pkettide ankruketi struktuur mitte ainult ei suurenda selle kasutusiga, vaid parandab ka selle tugevuse ja kaalu suhet. Paljud ostjad seavad seda t\u00fc\u00fcpi ankrukettide prioriteediks nende v\u00f5ime t\u00f5ttu taluda intensiivseid merekeskkondi, sealhulgas s\u00fcvamere sildumistingimusi. Ostjad, kes kaaluvad naastl\u00fcli-kette, seavad sageli esikohale toote testimise, toimivuse ekstreemsetes tingimustes ja vastavuse mereohutusstandarditele. Qingdao H&amp;F m\u00f5istab neid muresid ja tegeleb nendega, viies l\u00e4bi p\u00f5hjalikke kvaliteedikontrolle, kontrollides t\u00f5enduskoormusi ja esitades sertifitseeritud katsearuandeid.<\/p>\n<p>N\u00e4iteks l\u00e4bivad meie n\u00f6\u00f6pn\u00f5elaga ankruketid rangeid teste, mis vastavad v\u00f5i \u00fcletavad meresertifitseerimise standardeid. See protsess kinnitab meie ostjatele, et iga kett tagab nii vastupidavuse kui ka t\u00f6\u00f6kindluse, mis l\u00f5ppkokkuv\u00f5ttes suurendab laevade ohutust. T\u00e4nu meie p\u00fchendunud individuaalsele klienditeenindusele tagame, et meie kliendid m\u00f5istavad t\u00e4ielikult neid tehnilisi spetsifikatsioone ja valivad oma vajadustele sobivaima ketit\u00fc\u00fcbi.<\/p>\n<h3><strong>Kinnituseta ankurdusahelad: Paindlik ja kerge lahendus<\/strong><\/h3>\n<p><img fetchpriority=\"high\" decoding=\"async\" class=\"alignnone size-full wp-image-8170\" src=\"http:\/\/qingdaohf.com\/wp-content\/uploads\/2024\/10\/stud-link-anchor-chain_2.webp\" alt=\"n\u00f6\u00f6pn\u00f5ela ankrukett\" width=\"842\" height=\"1091\" srcset=\"https:\/\/qingdaohf.com\/wp-content\/uploads\/2024\/10\/stud-link-anchor-chain_2.webp 842w, https:\/\/qingdaohf.com\/wp-content\/uploads\/2024\/10\/stud-link-anchor-chain_2-232x300.webp 232w, https:\/\/qingdaohf.com\/wp-content\/uploads\/2024\/10\/stud-link-anchor-chain_2-790x1024.webp 790w, https:\/\/qingdaohf.com\/wp-content\/uploads\/2024\/10\/stud-link-anchor-chain_2-768x995.webp 768w, https:\/\/qingdaohf.com\/wp-content\/uploads\/2024\/10\/stud-link-anchor-chain_2-9x12.webp 9w\" sizes=\"(max-width: 842px) 100vw, 842px\" \/><\/p>\n<p>Teiseks populaarseks valikuks sildumisrakenduste puhul on poltideta ankruketid, mida hinnatakse nende paindlikkuse ja v\u00e4iksema kaalu t\u00f5ttu. Nendel ketid ei ole iga l\u00fcli puhul n\u00f6\u00f6pn\u00f5ela, mist\u00f5ttu on nende konstruktsioon lihtsam ja sujuvam. Kuigi n\u00f6\u00f6pkettide ketid on tuntud oma tugevuse poolest, pakuvad n\u00f6\u00f6pkettideta ankrukettid suuremat kohandatavust, mist\u00f5ttu on need ideaalsed rakendustes, kus kaalukaal on esmat\u00e4htis, n\u00e4iteks v\u00e4iksemate laevade v\u00f5i rajatiste puhul, kus v\u00e4iksem kaal pakub funktsionaalseid eeliseid.<\/p>\n<p>N\u00f6\u00f6pide puudumine iga l\u00fcli puhul v\u00f5imaldab ketil liikuda v\u00e4iksema vastupanuga ja pakub paremat paindlikkust erinevates mereoludes. Paljude ostjate jaoks on see paindlikkus oluline tegur, eriti v\u00e4iksemate laevade ankurdamisel, kus kohandatav ankrukett on v\u00e4ga kasulik. Teine oluline eelis, mida ilma nastata ankrukettide puhul on nende v\u00e4henenud hooldusvajadus. Kuna neil on v\u00e4hem konstruktsioonielemente, vajavad need v\u00f5rreldes nastakettidega harvemini kontrollimist ja remonti, mis muudab need aja jooksul kulut\u00f5husaks valikuks.<\/p>\n<p>Qingdao H&amp;F tunnistab, et n\u00f6\u00f6pita ankrukettide puhul v\u00f5ivad ostjad, kes soovivad t\u00f5husust nii j\u00f5udluse kui ka hoolduse osas, olla huvitatud. Meie p\u00fchendumine kiiretele tarnets\u00fcklitele tagab, et need ketid on kergesti k\u00e4ttesaadavad, ning meie ulatuslikud kvaliteedikontrolli aruanded annavad ostjatele kogu vajaliku teabe vastupidavuse, t\u00f5enduskoormuse ja struktuurilise terviklikkuse kohta. Kui ostjad valivad meilt nastata ankruketi, saavad nad kindlalt investeerida kettilahendusesse, mis tasakaalustab kaalu, paindlikkust ja kulutasuvust.<\/p>\n<h3><strong>\u00d5ige ankruketi valimine teie vajaduste jaoks<\/strong><\/h3>\n<p>Kui ostjad otsustavad, kas valida n\u00f6\u00f6pkettide ja n\u00f6\u00f6pkettideta ankrukettide vahel, peavad nad arvestama mitmesuguseid tegureid, sealhulgas laeva suurust, kavandatud kasutusala ja keskkonnatingimusi. M\u00f5lemal t\u00fc\u00fcbil on unikaalsed eelised, mis muudavad selle sobivaks konkreetsete stsenaariumide jaoks. Suuremad laevad vajavad tihtipeale n\u00f6\u00f6p\u00fchendusega ankrukette nende tugevuse ja stabiilsuse t\u00f5ttu, samas kui v\u00e4iksemad laevad v\u00f5i need, mis vajavad kergeid kette, v\u00f5ivad rohkem kasu saada n\u00f6\u00f6p\u00fchenduseta ketist.<\/p>\n<p>M\u00f5lemat t\u00fc\u00fcpi ahelad on saadaval erinevate spetsifikatsioonidega, mis sobivad eri suurusega laevade ja sildumisvajadustega. N\u00e4iteks on l\u00e4bim\u00f5\u00f5t kriitiline tegur, mis m\u00e4\u00e4rab kindlaks keti kandev\u00f5ime ja vastupidavuse. T\u00fc\u00fcpiline valik v\u00f5ib sisaldada eri laevaklassidele sobiva l\u00e4bim\u00f5\u00f5duga kette, mis tagavad \u00fchilduvuse ja optimaalse j\u00f5udluse. Qingdao H&amp;F-i ankrukettide valik on loodud vastavalt ostjate erinevatele vajadustele, kohandades neid vastavalt laeva spetsiifilistele n\u00f5uetele.<\/p>\n<p>Lisaks keti t\u00fc\u00fcbile ja suurusele seavad ostjad esikohale ka lisateenused, mis v\u00f5ivad nende ostuprotsessi lihtsustada. Qingdao H&amp;F eristab meid, pakkudes individuaalset tuge, mis on kohandatud iga kliendi individuaalsetele vajadustele. See personaalne teenus ulatub alates esmasest n\u00f5ustamisest kuni ostuj\u00e4rgse abini, pakkudes ostjatele teavet ahela spetsifikatsioonide, t\u00f5enduskoormuse testimise ja kohaldatavate sertifikaatide kohta. Meie kliendid v\u00f5ivad usaldada meie p\u00fchendumust kvaliteedile, sest iga toodet testitakse ja kontrollitakse enne saatmist rangelt, tagades rahvusvahelistele standarditele vastavuse ja ostjate meelerahu.<\/p>\n<h3><strong>Kokkuv\u00f5te<\/strong><\/h3>\n<p>Laeva ankruketid, olgu need siis n\u00f6\u00f6p\u00fchendusega v\u00f5i n\u00f6\u00f6p\u00fchenduseta, on h\u00e4davajalikud laeva stabiilsuse tagamiseks sildumise ajal. T\u00e4nu oma suuremale stabiilsusele ja deformatsioonikindlusele sobivad n\u00f6\u00f6pkettid ideaalselt suuremate laevade ja n\u00f5udlike merekeskkondade jaoks. Seevastu nastata ankruketid pakuvad paindlikkust, kergemat kaalu ja v\u00e4iksemat hooldust, mist\u00f5ttu sobivad need erinevateks rakendusteks, eriti v\u00e4iksemate laevade puhul.<\/p>\n<p>Qingdao H&amp;F, mis on usaldusv\u00e4\u00e4rne nimi laevavarustusega kauplemisel, toob kaasa kaks aastak\u00fcmmet kogemust, pakkudes usaldusv\u00e4\u00e4rseid ja kvaliteetseid kette, mis on kavandatud vastama merendussektori ostjate mitmesugustele n\u00f5udmistele. Meie p\u00fchendumus klienditeenindusele, kiiretele tarnets\u00fcklitele ja p\u00f5hjalikele kvaliteedikontrollidele on meie teenuste keskmes, tagades, et iga klient saab oma konkreetsetele vajadustele vastava ahelalahenduse.<\/p>\n<p>Kiiresti muutuvas merendust\u00f6\u00f6stuses on usaldusv\u00e4\u00e4rne kaubanduspartner, kes suudab klientide vajadusi ette n\u00e4ha ja t\u00e4ita, hindamatu v\u00e4\u00e4rtusega. Valides Qingdao H&amp;F, saavad ostjad mitte ainult kvaliteetsed tooted, vaid ka partnerluse, mis seab prioriteediks nende edu ja rahulolu.<\/p>","protected":false},"excerpt":{"rendered":"<div class=\"flex-shrink-0 flex flex-col relative items-end\">\n<div class=\"pt-0\">\n<div class=\"gizmo-bot-avatar flex h-8 w-8 items-center justify-center overflow-hidden rounded-full\">\n<div class=\"relative p-1 rounded-sm flex items-center justify-center bg-token-main-surface-primary text-token-text-primary h-8 w-8\">Mereankrute ketid, mida sageli nimetatakse ka sildumiskettideks, t\u00e4idavad kriitilist rolli laevade ohutul kinnitamisel sildumise ajal. Neid on kahte p\u00f5hit\u00fc\u00fcpi: n\u00f6\u00f6p\u00fchendusega ankruketid ja n\u00f6\u00f6p\u00fchenduseta ankruketid. Qingdao H&amp;F, kellel on \u00fcle 20 aasta kogemusi rahvusvahelises kaubanduses, m\u00f5istab laevavarustuse ostjate vajadusi ja prioriteete. Meie individuaalne klienditeenindus tagab kohandatud toetuse ja meie sujuvamad protsessid tagavad kiire tarneperioodi. T\u00e4nu k\u00f5igile meie kettidele esitatud erinevatele kvaliteedikontrolliaruannetele aitame klientidel teha teadlikke ostuotsuseid, sest nad teavad, et saadud tooted on testitud ja kontrollitud kvaliteedi ja j\u00f5udluse osas.<\/div>\n<\/div>\n<\/div>\n<\/div>","protected":false},"featured_media":4709,"comment_status":"open","ping_status":"closed","template":"","meta":{"site-sidebar-layout":"default","site-content-layout":"default","ast-site-content-layout":"default","site-content-style":"default","site-sidebar-style":"default","ast-global-header-display":"","ast-banner-title-visibility":"","ast-main-header-display":"","ast-hfb-above-header-display":"","ast-hfb-below-header-display":"","ast-hfb-mobile-header-display":"","site-post-title":"","ast-breadcrumbs-content":"","ast-featured-img":"","footer-sml-layout":"","theme-transparent-header-meta":"default","adv-header-id-meta":"","stick-header-meta":"default","header-above-stick-meta":"","header-main-stick-meta":"","header-below-stick-meta":"","astra-migrate-meta-layouts":"set","ast-page-background-enabled":"default","ast-page-background-meta":{"desktop":{"background-color":"","background-image":"","background-repeat":"repeat","background-position":"center center","background-size":"auto","background-attachment":"scroll","background-type":"","background-media":"","overlay-type":"","overlay-color":"","overlay-opacity":"","overlay-gradient":""},"tablet":{"background-color":"","background-image":"","background-repeat":"repeat","background-position":"center center","background-size":"auto","background-attachment":"scroll","background-type":"","background-media":"","overlay-type":"","overlay-color":"","overlay-opacity":"","overlay-gradient":""},"mobile":{"background-color":"","background-image":"","background-repeat":"repeat","background-position":"center center","background-size":"auto","background-attachment":"scroll","background-type":"","background-media":"","overlay-type":"","overlay-color":"","overlay-opacity":"","overlay-gradient":""}},"ast-content-background-meta":{"desktop":{"background-color":"var(--ast-global-color-5)","background-image":"","background-repeat":"repeat","background-position":"center center","background-size":"auto","background-attachment":"scroll","background-type":"","background-media":"","overlay-type":"","overlay-color":"","overlay-opacity":"","overlay-gradient":""},"tablet":{"background-color":"var(--ast-global-color-5)","background-image":"","background-repeat":"repeat","background-position":"center center","background-size":"auto","background-attachment":"scroll","background-type":"","background-media":"","overlay-type":"","overlay-color":"","overlay-opacity":"","overlay-gradient":""},"mobile":{"background-color":"var(--ast-global-color-5)","background-image":"","background-repeat":"repeat","background-position":"center center","background-size":"auto","background-attachment":"scroll","background-type":"","background-media":"","overlay-type":"","overlay-color":"","overlay-opacity":"","overlay-gradient":""}}},"product_brand":[],"product_cat":[43,38],"product_tag":[],"class_list":{"0":"post-3549","1":"product","2":"type-product","3":"status-publish","4":"has-post-thumbnail","6":"product_cat-rigging-hardware","7":"product_cat-chain","8":"desktop-align-left","9":"tablet-align-left","10":"mobile-align-left","11":"ast-product-gallery-layout-horizontal-slider","12":"ast-product-tabs-layout-horizontal","14":"first","15":"instock","16":"shipping-taxable","17":"purchasable","18":"product-type-simple"},"yoast_head":"<!-- This site is optimized with the Yoast SEO plugin v25.2 - https:\/\/yoast.com\/wordpress\/plugins\/seo\/ -->\n<title>Marine Anchor Chain Mooring Chain<\/title>\n<meta name=\"description\" content=\"The anchor chain is an essential component of maritime equipment used in anchoring and securing a vessel.\" \/>\n<meta name=\"robots\" content=\"index, follow, max-snippet:-1, max-image-preview:large, max-video-preview:-1\" \/>\n<link rel=\"canonical\" href=\"https:\/\/qingdaohf.com\/et\/toode\/ankrukett\/\" \/>\n<meta property=\"og:locale\" content=\"et_EE\" \/>\n<meta property=\"og:type\" content=\"article\" \/>\n<meta property=\"og:title\" content=\"Marine Anchor Chain Mooring Chain\" \/>\n<meta property=\"og:description\" content=\"The anchor chain is an essential component of maritime equipment used in anchoring and securing a vessel.\" \/>\n<meta property=\"og:url\" content=\"https:\/\/qingdaohf.com\/et\/toode\/ankrukett\/\" \/>\n<meta property=\"og:site_name\" content=\"Concrete Form &amp; Rigging Hardware Supplier\" \/>\n<meta property=\"article:publisher\" content=\"https:\/\/www.facebook.com\/qingdaohf\" \/>\n<meta property=\"article:modified_time\" content=\"2025-11-13T01:05:13+00:00\" \/>\n<meta property=\"og:image\" content=\"https:\/\/qingdaohf.com\/wp-content\/uploads\/2023\/04\/anchor-chain-2-2.jpg\" \/>\n\t<meta property=\"og:image:width\" content=\"1000\" \/>\n\t<meta property=\"og:image:height\" content=\"1000\" \/>\n\t<meta property=\"og:image:type\" content=\"image\/jpeg\" \/>\n<meta name=\"twitter:card\" content=\"summary_large_image\" \/>\n<meta name=\"twitter:label1\" content=\"Est. reading time\" \/>\n\t<meta name=\"twitter:data1\" content=\"5 minutit\" \/>\n<script type=\"application\/ld+json\" class=\"yoast-schema-graph\">{\"@context\":\"https:\/\/schema.org\",\"@graph\":[{\"@type\":\"WebPage\",\"@id\":\"https:\/\/qingdaohf.com\/product\/anchor-chain\/\",\"url\":\"https:\/\/qingdaohf.com\/product\/anchor-chain\/\",\"name\":\"Marine Anchor Chain Mooring Chain\",\"isPartOf\":{\"@id\":\"https:\/\/qingdaohf.com\/bg\/#website\"},\"primaryImageOfPage\":{\"@id\":\"https:\/\/qingdaohf.com\/product\/anchor-chain\/#primaryimage\"},\"image\":{\"@id\":\"https:\/\/qingdaohf.com\/product\/anchor-chain\/#primaryimage\"},\"thumbnailUrl\":\"https:\/\/qingdaohf.com\/wp-content\/uploads\/2023\/04\/anchor-chain-2-2.jpg\",\"datePublished\":\"2023-04-10T10:57:14+00:00\",\"dateModified\":\"2025-11-13T01:05:13+00:00\",\"description\":\"The anchor chain is an essential component of maritime equipment used in anchoring and securing a vessel.\",\"breadcrumb\":{\"@id\":\"https:\/\/qingdaohf.com\/product\/anchor-chain\/#breadcrumb\"},\"inLanguage\":\"et\",\"potentialAction\":[{\"@type\":\"ReadAction\",\"target\":[\"https:\/\/qingdaohf.com\/product\/anchor-chain\/\"]}]},{\"@type\":\"ImageObject\",\"inLanguage\":\"et\",\"@id\":\"https:\/\/qingdaohf.com\/product\/anchor-chain\/#primaryimage\",\"url\":\"https:\/\/qingdaohf.com\/wp-content\/uploads\/2023\/04\/anchor-chain-2-2.jpg\",\"contentUrl\":\"https:\/\/qingdaohf.com\/wp-content\/uploads\/2023\/04\/anchor-chain-2-2.jpg\",\"width\":1000,\"height\":1000,\"caption\":\"anchor chain\"},{\"@type\":\"BreadcrumbList\",\"@id\":\"https:\/\/qingdaohf.com\/product\/anchor-chain\/#breadcrumb\",\"itemListElement\":[{\"@type\":\"ListItem\",\"position\":1,\"name\":\"Home\",\"item\":\"https:\/\/qingdaohf.com\/\"},{\"@type\":\"ListItem\",\"position\":2,\"name\":\"Concrete Forming Accessories and Rigging Hardware\",\"item\":\"https:\/\/qingdaohf.com\/bg\/?page_id=944\"},{\"@type\":\"ListItem\",\"position\":3,\"name\":\"Marine Anchor Chain Mooring Chain\"}]},{\"@type\":\"WebSite\",\"@id\":\"https:\/\/qingdaohf.com\/bg\/#website\",\"url\":\"https:\/\/qingdaohf.com\/bg\/\",\"name\":\"Concrete Form & Rigging Hardware Supplier\",\"description\":\"\",\"publisher\":{\"@id\":\"https:\/\/qingdaohf.com\/bg\/#organization\"},\"potentialAction\":[{\"@type\":\"SearchAction\",\"target\":{\"@type\":\"EntryPoint\",\"urlTemplate\":\"https:\/\/qingdaohf.com\/bg\/?s={search_term_string}\"},\"query-input\":{\"@type\":\"PropertyValueSpecification\",\"valueRequired\":true,\"valueName\":\"search_term_string\"}}],\"inLanguage\":\"et\"},{\"@type\":\"Organization\",\"@id\":\"https:\/\/qingdaohf.com\/bg\/#organization\",\"name\":\"Qingdao H&F\",\"url\":\"https:\/\/qingdaohf.com\/bg\/\",\"logo\":{\"@type\":\"ImageObject\",\"inLanguage\":\"et\",\"@id\":\"https:\/\/qingdaohf.com\/bg\/#\/schema\/logo\/image\/\",\"url\":\"https:\/\/qingdaohf.com\/wp-content\/uploads\/2022\/12\/cropped-HF-LOGO.png\",\"contentUrl\":\"https:\/\/qingdaohf.com\/wp-content\/uploads\/2022\/12\/cropped-HF-LOGO.png\",\"width\":391,\"height\":249,\"caption\":\"Qingdao H&F\"},\"image\":{\"@id\":\"https:\/\/qingdaohf.com\/bg\/#\/schema\/logo\/image\/\"},\"sameAs\":[\"https:\/\/www.facebook.com\/qingdaohf\"]}]}<\/script>\n<!-- \/ Yoast SEO plugin. -->","yoast_head_json":{"title":"Marine Anchor Chain Mooring Chain","description":"The anchor chain is an essential component of maritime equipment used in anchoring and securing a vessel.","robots":{"index":"index","follow":"follow","max-snippet":"max-snippet:-1","max-image-preview":"max-image-preview:large","max-video-preview":"max-video-preview:-1"},"canonical":"https:\/\/qingdaohf.com\/et\/toode\/ankrukett\/","og_locale":"et_EE","og_type":"article","og_title":"Marine Anchor Chain Mooring Chain","og_description":"The anchor chain is an essential component of maritime equipment used in anchoring and securing a vessel.","og_url":"https:\/\/qingdaohf.com\/et\/toode\/ankrukett\/","og_site_name":"Concrete Form &amp; Rigging Hardware Supplier","article_publisher":"https:\/\/www.facebook.com\/qingdaohf","article_modified_time":"2025-11-13T01:05:13+00:00","og_image":[{"width":1000,"height":1000,"url":"https:\/\/qingdaohf.com\/wp-content\/uploads\/2023\/04\/anchor-chain-2-2.jpg","type":"image\/jpeg"}],"twitter_card":"summary_large_image","twitter_misc":{"Est. reading time":"5 minutit"},"schema":{"@context":"https:\/\/schema.org","@graph":[{"@type":"WebPage","@id":"https:\/\/qingdaohf.com\/product\/anchor-chain\/","url":"https:\/\/qingdaohf.com\/product\/anchor-chain\/","name":"Marine Anchor Chain Mooring Chain","isPartOf":{"@id":"https:\/\/qingdaohf.com\/bg\/#website"},"primaryImageOfPage":{"@id":"https:\/\/qingdaohf.com\/product\/anchor-chain\/#primaryimage"},"image":{"@id":"https:\/\/qingdaohf.com\/product\/anchor-chain\/#primaryimage"},"thumbnailUrl":"https:\/\/qingdaohf.com\/wp-content\/uploads\/2023\/04\/anchor-chain-2-2.jpg","datePublished":"2023-04-10T10:57:14+00:00","dateModified":"2025-11-13T01:05:13+00:00","description":"The anchor chain is an essential component of maritime equipment used in anchoring and securing a vessel.","breadcrumb":{"@id":"https:\/\/qingdaohf.com\/product\/anchor-chain\/#breadcrumb"},"inLanguage":"et","potentialAction":[{"@type":"ReadAction","target":["https:\/\/qingdaohf.com\/product\/anchor-chain\/"]}]},{"@type":"ImageObject","inLanguage":"et","@id":"https:\/\/qingdaohf.com\/product\/anchor-chain\/#primaryimage","url":"https:\/\/qingdaohf.com\/wp-content\/uploads\/2023\/04\/anchor-chain-2-2.jpg","contentUrl":"https:\/\/qingdaohf.com\/wp-content\/uploads\/2023\/04\/anchor-chain-2-2.jpg","width":1000,"height":1000,"caption":"anchor chain"},{"@type":"BreadcrumbList","@id":"https:\/\/qingdaohf.com\/product\/anchor-chain\/#breadcrumb","itemListElement":[{"@type":"ListItem","position":1,"name":"Home","item":"https:\/\/qingdaohf.com\/"},{"@type":"ListItem","position":2,"name":"Concrete Forming Accessories and Rigging Hardware","item":"https:\/\/qingdaohf.com\/bg\/?page_id=944"},{"@type":"ListItem","position":3,"name":"Marine Anchor Chain Mooring Chain"}]},{"@type":"WebSite","@id":"https:\/\/qingdaohf.com\/bg\/#website","url":"https:\/\/qingdaohf.com\/bg\/","name":"Concrete Form & Rigging Hardware Supplier","description":"","publisher":{"@id":"https:\/\/qingdaohf.com\/bg\/#organization"},"potentialAction":[{"@type":"SearchAction","target":{"@type":"EntryPoint","urlTemplate":"https:\/\/qingdaohf.com\/bg\/?s={search_term_string}"},"query-input":{"@type":"PropertyValueSpecification","valueRequired":true,"valueName":"search_term_string"}}],"inLanguage":"et"},{"@type":"Organization","@id":"https:\/\/qingdaohf.com\/bg\/#organization","name":"Qingdao H&F","url":"https:\/\/qingdaohf.com\/bg\/","logo":{"@type":"ImageObject","inLanguage":"et","@id":"https:\/\/qingdaohf.com\/bg\/#\/schema\/logo\/image\/","url":"https:\/\/qingdaohf.com\/wp-content\/uploads\/2022\/12\/cropped-HF-LOGO.png","contentUrl":"https:\/\/qingdaohf.com\/wp-content\/uploads\/2022\/12\/cropped-HF-LOGO.png","width":391,"height":249,"caption":"Qingdao H&F"},"image":{"@id":"https:\/\/qingdaohf.com\/bg\/#\/schema\/logo\/image\/"},"sameAs":["https:\/\/www.facebook.com\/qingdaohf"]}]}},"_links":{"self":[{"href":"https:\/\/qingdaohf.com\/et\/wp-json\/wp\/v2\/product\/3549","targetHints":{"allow":["GET"]}}],"collection":[{"href":"https:\/\/qingdaohf.com\/et\/wp-json\/wp\/v2\/product"}],"about":[{"href":"https:\/\/qingdaohf.com\/et\/wp-json\/wp\/v2\/types\/product"}],"replies":[{"embeddable":true,"href":"https:\/\/qingdaohf.com\/et\/wp-json\/wp\/v2\/comments?post=3549"}],"version-history":[{"count":8,"href":"https:\/\/qingdaohf.com\/et\/wp-json\/wp\/v2\/product\/3549\/revisions"}],"predecessor-version":[{"id":8096,"href":"https:\/\/qingdaohf.com\/et\/wp-json\/wp\/v2\/product\/3549\/revisions\/8096"}],"wp:featuredmedia":[{"embeddable":true,"href":"https:\/\/qingdaohf.com\/et\/wp-json\/wp\/v2\/media\/4709"}],"wp:attachment":[{"href":"https:\/\/qingdaohf.com\/et\/wp-json\/wp\/v2\/media?parent=3549"}],"wp:term":[{"taxonomy":"product_brand","embeddable":true,"href":"https:\/\/qingdaohf.com\/et\/wp-json\/wp\/v2\/product_brand?post=3549"},{"taxonomy":"product_cat","embeddable":true,"href":"https:\/\/qingdaohf.com\/et\/wp-json\/wp\/v2\/product_cat?post=3549"},{"taxonomy":"product_tag","embeddable":true,"href":"https:\/\/qingdaohf.com\/et\/wp-json\/wp\/v2\/product_tag?post=3549"}],"curies":[{"name":"wp","href":"https:\/\/api.w.org\/{rel}","templated":true}]}}