{"id":3822,"date":"2023-05-19T16:36:58","date_gmt":"2023-05-19T08:36:58","guid":{"rendered":"http:\/\/qingdaohf.com\/?post_type=product&#038;p=3822"},"modified":"2025-11-13T09:05:11","modified_gmt":"2025-11-13T01:05:11","slug":"g215-shackle","status":"publish","type":"product","link":"https:\/\/qingdaohf.com\/et\/toode\/g213-g215-tsingitud-kaepide\/","title":{"rendered":"G215 Tsingitud k\u00e4epide"},"content":{"rendered":"<p class=\"\" data-start=\"525\" data-end=\"1183\">G215 Shackle kehastab tugevat tehnikat ja rafineeritud k\u00e4sit\u00f6\u00f6oskust, mis on kohandatud erinevateks t\u00f6\u00f6stuslikeks rakendusteks. See toode, mis on valmistatud \u00fcksikasjalikult, on v\u00e4lja t\u00f6\u00f6tatud nii, et see vastab rangetele kvaliteedikontrollistandarditele, pakkudes samal ajal praktilist lahendust keerukate taglastamisvajaduste jaoks. Vastupidavuse tagamiseks loodud G215 Shackle pakub erakordset tasakaalu kandev\u00f5ime ja t\u00f6\u00f6efektiivsuse vahel, lahendades mitmesuguseid raskete t\u00f6\u00f6de puhul esinevaid probleeme. Selle konstruktsioon peegeldab viimaseid edusamme materjaliteaduses, tagades, et iga seade t\u00f6\u00f6tab usaldusv\u00e4\u00e4rselt ka ebasoodsates tingimustes.<\/p>\n<h2 class=\"\" data-start=\"1185\" data-end=\"1223\">Spetsifikatsioonid ja konstruktsiooni \u00fcksikasjad<\/h2>\n<p class=\"\" data-start=\"1224\" data-end=\"1898\">See taglase tarvik on valmistatud peamiselt k\u00f5rgekvaliteedilisest legeeritud terasest, mis tagab mitte ainult suurep\u00e4rase tugevuse ja kaalu suhte, vaid ka suurep\u00e4rase kulumis- ja korrosioonikindluse. G215 Shackle on konstrueeritud t\u00e4pselt, et see vastaks erinevatele kasutusn\u00f5uetele vastavale konkreetsele kandev\u00f5imele. Selle m\u00f5\u00f5tmeid ja tolerantse on rangelt testitud ja t\u00e4iustatud, tagades, et ahel t\u00f6\u00f6tab optimaalselt isegi korduvate ja suurte koormuste korral. Selle toote v\u00e4ljat\u00f6\u00f6tamisel on kasutatud t\u00e4iustatud konstruktsioonielemente, mis minimeerivad v\u00f5imalikku deformatsiooni koormuse all, suurendades seel\u00e4bi \u00fcldist ohutust ja t\u00f6\u00f6korralduse j\u00e4rjepidevust.<\/p>\n<h2 class=\"\" data-start=\"1900\" data-end=\"1940\">Materjali koostis ja vastupidavus<\/h2>\n<p class=\"\" data-start=\"1941\" data-end=\"2764\">G215 Shackle'i j\u00f5udluse keskmes on selle suurep\u00e4rane materjalikoostis. Selle valmistamisel kasutatav k\u00f5rgekvaliteediline legeeritud teras on valitud selle erakordsete mehaaniliste omaduste, sealhulgas suure t\u00f5mbetugevuse ja keskkonnakindluse t\u00f5ttu. Selline materjalivalik aitab kaasa ahelate muljetavaldavale vastupidavusele ja pikaealisusele, isegi kui need puutuvad kokku muutuvate ilmastikutingimustega ja karmi t\u00f6\u00f6stuskeskkonnaga. T\u00e4nu kaasaegsetele metallurgiatehnikatele ei vasta materjal mitte ainult rahvusvahelistele standarditele, vaid \u00fcletab neid, mist\u00f5ttu on ahelale omistatud mitmeid sertifikaate, mis t\u00f5endavad selle kvaliteeti ja usaldusv\u00e4\u00e4rsust. Akrediteeritud asutuste poolt l\u00e4biviidud ranged kvaliteedikontrolli testid kinnitavad veelgi enam, et ahelad suudavad s\u00e4ilitada oma terviklikkust pikema aja jooksul.<\/p>\n<h2 class=\"\" data-start=\"2766\" data-end=\"2799\">Kohaldamine ja t\u00f6\u00f6stuslik kasutamine<\/h2>\n<p class=\"\" data-start=\"2800\" data-end=\"3604\">G215 Shackle'i mitmek\u00fclgsus ilmneb selle laias kasutusvaldkonnas erinevates t\u00f6\u00f6stusharudes. Ehitus-, mere- ja rasketehnikasektorite spetsialistid on leidnud, et selle uuenduslik disain vastab t\u00f5husalt kriitilistele ohutusprobleemidele ja operatiivsetele n\u00f5udmistele. Selle t\u00e4pne konstruktsioon v\u00f5imaldab sujuvat integreerimist teiste taglase komponentidega, t\u00f5hustades seel\u00e4bi protsesse ja v\u00e4hendades rikkeohtu intensiivsete t\u00f6\u00f6de ajal. Stsenaariumides, kus usaldusv\u00e4\u00e4rsus on esmat\u00e4htis, paistab G215 Shackle silma kui toode, mis tagab nii ohutuse kui ka t\u00f5hususe. Toote tugev konstruktsioon ja vastavus \u00fclemaailmsetele standarditele annavad kasutajatele kindlustunde, et see saab hakkama mitmesuguste v\u00e4ljakutsetega, alates rutiinsetest toimingutest kuni k\u00f5ige n\u00f5udlikumate t\u00f6\u00f6stusprojektideni.<\/p>\n<p><img fetchpriority=\"high\" decoding=\"async\" class=\"alignnone size-full wp-image-3828\" src=\"http:\/\/qingdaohf.com\/wp-content\/uploads\/2023\/05\/G213-G215.jpg\" alt=\"G213 G215 ahel\" width=\"1000\" height=\"1281\" srcset=\"https:\/\/qingdaohf.com\/wp-content\/uploads\/2023\/05\/G213-G215.jpg 1000w, https:\/\/qingdaohf.com\/wp-content\/uploads\/2023\/05\/G213-G215-234x300.jpg 234w, https:\/\/qingdaohf.com\/wp-content\/uploads\/2023\/05\/G213-G215-799x1024.jpg 799w, https:\/\/qingdaohf.com\/wp-content\/uploads\/2023\/05\/G213-G215-768x984.jpg 768w\" sizes=\"(max-width: 1000px) 100vw, 1000px\" \/><\/p>\n<h2 class=\"\" data-start=\"3606\" data-end=\"3644\">H&amp;F-ga koost\u00f6\u00f6 tegemise eelised<\/h2>\n<p class=\"\" data-start=\"3645\" data-end=\"4834\">Kui tegemist on usaldusv\u00e4\u00e4rse riistvara hankimisega, pakub koost\u00f6\u00f6 H&amp;F-iga selgeid eeliseid, mis eristavad ettev\u00f5tet. Ostjad hindavad pakutavat igak\u00fclgset tuge, alates tasuta n\u00e4idiste k\u00e4ttesaadavusest kuni individuaalsete vajadustega arvestava individuaalse klienditeeninduseni. H&amp;Fi p\u00fchendumus kvaliteedile ja teenindusele ilmneb ukselt-uksele tarnev\u00f5imaluses, mis tagab toodete \u00f5igeaegse ja turvalise kohalej\u00f5udmise. Kuigi paljud tooted on hangitud v\u00e4listelt arendajatelt, j\u00e4rgib H&amp;F ranget kontrollimenetlust ja kvaliteedikontrolli, mis tagab, et iga seade vastab n\u00f5utavatele sertifikaatidele. Ettev\u00f5tte proaktiivne l\u00e4henemine klienditeenindusele ja p\u00fchendumine kohandatud lahenduste h\u00f5lbustamisele aitavad luua p\u00fcsivaid suhteid, mis p\u00f5hinevad usaldusel ja vastastikusel edul. Kliendid on kutsutud kogema segu ekspertide juhendamisest ja uuenduslikest toodetest, mis lihtsustavad t\u00f6\u00f6stusliku taglase keerukust. See p\u00fchendumine tipptasemele kajastub teenuse igas aspektis, tagades, et kliendid saavad mitte ainult kvaliteetse toote, nagu G215 Shackle, vaid ka tervikliku tugis\u00fcsteemi, mis suurendab \u00fcldist tegevuse t\u00f5husust.<\/p>\n<p class=\"\" data-start=\"4836\" data-end=\"5432\">G215 Shackle'i \u00fcksikasjalikus anal\u00fc\u00fcsis r\u00f5hutatakse selle k\u00f5rgetasemelist konstruktsiooni, erakordset materjalikvaliteeti ja rangete kvaliteedistandardite j\u00e4rgimist. Selle t\u00e4pne konstruktsioon teeb sellest eelistatud valiku usaldusv\u00e4\u00e4rsust ja j\u00f5udlust n\u00f5udvate sektorite spetsialistide jaoks. Lisaks suurendavad H&amp;F-i pakutavad strateegilised eelised, sealhulgas personaalne klienditeenindus ja t\u00f5husad tarnes\u00fcsteemid, selle toote valiku v\u00e4\u00e4rtust. R\u00f5hutades turvalisust, vastupidavust ja kliendikeskset tuge, kujutab G215 Shackle endast usaldusv\u00e4\u00e4rset lahendust t\u00e4nap\u00e4eva t\u00f6\u00f6stusmaastikul.<\/p>","protected":false},"excerpt":{"rendered":"<p>G215 Shackle on t\u00e4ppisdisainiga varustatud riistvara, mis on hoolikalt kavandatud raskete rakenduste jaoks. See k\u00f5rgekvaliteedilisest legeeritud terasest valmistatud ja rangelt kvaliteedi- ja ohutustesti l\u00e4binud ahel pakub erakordset vastupidavust ja usaldusv\u00e4\u00e4rsust n\u00f5udlikes t\u00f6\u00f6stuskeskkondades. Selle mitmek\u00fclgne disain ja rangelt rahvusvaheliste sertifikaatide j\u00e4rgimine muudavad selle ideaalseks valikuks professionaalidele, kes otsivad usaldusv\u00e4\u00e4rset j\u00f5udlust ja kohandatud lahendusi.<\/p>","protected":false},"featured_media":6333,"comment_status":"open","ping_status":"closed","template":"","meta":{"site-sidebar-layout":"default","site-content-layout":"default","ast-site-content-layout":"default","site-content-style":"default","site-sidebar-style":"default","ast-global-header-display":"","ast-banner-title-visibility":"","ast-main-header-display":"","ast-hfb-above-header-display":"","ast-hfb-below-header-display":"","ast-hfb-mobile-header-display":"","site-post-title":"","ast-breadcrumbs-content":"","ast-featured-img":"","footer-sml-layout":"","theme-transparent-header-meta":"default","adv-header-id-meta":"","stick-header-meta":"default","header-above-stick-meta":"","header-main-stick-meta":"","header-below-stick-meta":"","astra-migrate-meta-layouts":"set","ast-page-background-enabled":"default","ast-page-background-meta":{"desktop":{"background-color":"","background-image":"","background-repeat":"repeat","background-position":"center center","background-size":"auto","background-attachment":"scroll","background-type":"","background-media":"","overlay-type":"","overlay-color":"","overlay-opacity":"","overlay-gradient":""},"tablet":{"background-color":"","background-image":"","background-repeat":"repeat","background-position":"center center","background-size":"auto","background-attachment":"scroll","background-type":"","background-media":"","overlay-type":"","overlay-color":"","overlay-opacity":"","overlay-gradient":""},"mobile":{"background-color":"","background-image":"","background-repeat":"repeat","background-position":"center center","background-size":"auto","background-attachment":"scroll","background-type":"","background-media":"","overlay-type":"","overlay-color":"","overlay-opacity":"","overlay-gradient":""}},"ast-content-background-meta":{"desktop":{"background-color":"var(--ast-global-color-5)","background-image":"","background-repeat":"repeat","background-position":"center center","background-size":"auto","background-attachment":"scroll","background-type":"","background-media":"","overlay-type":"","overlay-color":"","overlay-opacity":"","overlay-gradient":""},"tablet":{"background-color":"var(--ast-global-color-5)","background-image":"","background-repeat":"repeat","background-position":"center center","background-size":"auto","background-attachment":"scroll","background-type":"","background-media":"","overlay-type":"","overlay-color":"","overlay-opacity":"","overlay-gradient":""},"mobile":{"background-color":"var(--ast-global-color-5)","background-image":"","background-repeat":"repeat","background-position":"center center","background-size":"auto","background-attachment":"scroll","background-type":"","background-media":"","overlay-type":"","overlay-color":"","overlay-opacity":"","overlay-gradient":""}}},"product_brand":[],"product_cat":[43,54],"product_tag":[],"class_list":{"0":"post-3822","1":"product","2":"type-product","3":"status-publish","4":"has-post-thumbnail","6":"product_cat-rigging-hardware","7":"product_cat-shackle","8":"desktop-align-left","9":"tablet-align-left","10":"mobile-align-left","11":"ast-product-gallery-layout-horizontal-slider","12":"ast-product-gallery-with-no-image","13":"ast-product-tabs-layout-horizontal","15":"first","16":"instock","17":"shipping-taxable","18":"purchasable","19":"product-type-simple"},"yoast_head":"<!-- This site is optimized with the Yoast SEO plugin v25.2 - https:\/\/yoast.com\/wordpress\/plugins\/seo\/ -->\n<title>G215 Galvanized Shackle<\/title>\n<meta name=\"description\" content=\"The G213 Galvanized Shackle and G215 Galvanized Shackle are two types of shackles commonly used in rigging and lifting operations. These shackles provide a secure connection point between various components such as chains, slings, and wire ropes.\" \/>\n<meta name=\"robots\" content=\"index, follow, max-snippet:-1, max-image-preview:large, max-video-preview:-1\" \/>\n<link rel=\"canonical\" href=\"https:\/\/qingdaohf.com\/et\/toode\/g213-g215-tsingitud-kaepide\/\" \/>\n<meta property=\"og:locale\" content=\"et_EE\" \/>\n<meta property=\"og:type\" content=\"article\" \/>\n<meta property=\"og:title\" content=\"G215 Galvanized Shackle\" \/>\n<meta property=\"og:description\" content=\"The G213 Galvanized Shackle and G215 Galvanized Shackle are two types of shackles commonly used in rigging and lifting operations. These shackles provide a secure connection point between various components such as chains, slings, and wire ropes.\" \/>\n<meta property=\"og:url\" content=\"https:\/\/qingdaohf.com\/et\/toode\/g213-g215-tsingitud-kaepide\/\" \/>\n<meta property=\"og:site_name\" content=\"Concrete Form &amp; Rigging Hardware Supplier\" \/>\n<meta property=\"article:publisher\" content=\"https:\/\/www.facebook.com\/qingdaohf\" \/>\n<meta property=\"article:modified_time\" content=\"2025-11-13T01:05:11+00:00\" \/>\n<meta property=\"og:image\" content=\"https:\/\/qingdaohf.com\/wp-content\/uploads\/2023\/05\/shackle-G215.jpg\" \/>\n\t<meta property=\"og:image:width\" content=\"1000\" \/>\n\t<meta property=\"og:image:height\" content=\"1000\" \/>\n\t<meta property=\"og:image:type\" content=\"image\/jpeg\" \/>\n<meta name=\"twitter:card\" content=\"summary_large_image\" \/>\n<meta name=\"twitter:label1\" content=\"Est. reading time\" \/>\n\t<meta name=\"twitter:data1\" content=\"4 minutit\" \/>\n<script type=\"application\/ld+json\" class=\"yoast-schema-graph\">{\"@context\":\"https:\/\/schema.org\",\"@graph\":[{\"@type\":\"WebPage\",\"@id\":\"https:\/\/qingdaohf.com\/product\/g215-shackle\/\",\"url\":\"https:\/\/qingdaohf.com\/product\/g215-shackle\/\",\"name\":\"G215 Galvanized Shackle\",\"isPartOf\":{\"@id\":\"https:\/\/qingdaohf.com\/bg\/#website\"},\"primaryImageOfPage\":{\"@id\":\"https:\/\/qingdaohf.com\/product\/g215-shackle\/#primaryimage\"},\"image\":{\"@id\":\"https:\/\/qingdaohf.com\/product\/g215-shackle\/#primaryimage\"},\"thumbnailUrl\":\"https:\/\/qingdaohf.com\/wp-content\/uploads\/2023\/05\/shackle-G215.jpg\",\"datePublished\":\"2023-05-19T08:36:58+00:00\",\"dateModified\":\"2025-11-13T01:05:11+00:00\",\"description\":\"The G213 Galvanized Shackle and G215 Galvanized Shackle are two types of shackles commonly used in rigging and lifting operations. These shackles provide a secure connection point between various components such as chains, slings, and wire ropes.\",\"breadcrumb\":{\"@id\":\"https:\/\/qingdaohf.com\/product\/g215-shackle\/#breadcrumb\"},\"inLanguage\":\"et\",\"potentialAction\":[{\"@type\":\"ReadAction\",\"target\":[\"https:\/\/qingdaohf.com\/product\/g215-shackle\/\"]}]},{\"@type\":\"ImageObject\",\"inLanguage\":\"et\",\"@id\":\"https:\/\/qingdaohf.com\/product\/g215-shackle\/#primaryimage\",\"url\":\"https:\/\/qingdaohf.com\/wp-content\/uploads\/2023\/05\/shackle-G215.jpg\",\"contentUrl\":\"https:\/\/qingdaohf.com\/wp-content\/uploads\/2023\/05\/shackle-G215.jpg\",\"width\":1000,\"height\":1000,\"caption\":\"shackle G215\"},{\"@type\":\"BreadcrumbList\",\"@id\":\"https:\/\/qingdaohf.com\/product\/g215-shackle\/#breadcrumb\",\"itemListElement\":[{\"@type\":\"ListItem\",\"position\":1,\"name\":\"Home\",\"item\":\"https:\/\/qingdaohf.com\/\"},{\"@type\":\"ListItem\",\"position\":2,\"name\":\"Concrete Forming Accessories and Rigging Hardware\",\"item\":\"https:\/\/qingdaohf.com\/bg\/?page_id=944\"},{\"@type\":\"ListItem\",\"position\":3,\"name\":\"G215 Galvanized Shackle\"}]},{\"@type\":\"WebSite\",\"@id\":\"https:\/\/qingdaohf.com\/bg\/#website\",\"url\":\"https:\/\/qingdaohf.com\/bg\/\",\"name\":\"Concrete Form & Rigging Hardware Supplier\",\"description\":\"\",\"publisher\":{\"@id\":\"https:\/\/qingdaohf.com\/bg\/#organization\"},\"potentialAction\":[{\"@type\":\"SearchAction\",\"target\":{\"@type\":\"EntryPoint\",\"urlTemplate\":\"https:\/\/qingdaohf.com\/bg\/?s={search_term_string}\"},\"query-input\":{\"@type\":\"PropertyValueSpecification\",\"valueRequired\":true,\"valueName\":\"search_term_string\"}}],\"inLanguage\":\"et\"},{\"@type\":\"Organization\",\"@id\":\"https:\/\/qingdaohf.com\/bg\/#organization\",\"name\":\"Qingdao H&F\",\"url\":\"https:\/\/qingdaohf.com\/bg\/\",\"logo\":{\"@type\":\"ImageObject\",\"inLanguage\":\"et\",\"@id\":\"https:\/\/qingdaohf.com\/bg\/#\/schema\/logo\/image\/\",\"url\":\"https:\/\/qingdaohf.com\/wp-content\/uploads\/2022\/12\/cropped-HF-LOGO.png\",\"contentUrl\":\"https:\/\/qingdaohf.com\/wp-content\/uploads\/2022\/12\/cropped-HF-LOGO.png\",\"width\":391,\"height\":249,\"caption\":\"Qingdao H&F\"},\"image\":{\"@id\":\"https:\/\/qingdaohf.com\/bg\/#\/schema\/logo\/image\/\"},\"sameAs\":[\"https:\/\/www.facebook.com\/qingdaohf\"]}]}<\/script>\n<!-- \/ Yoast SEO plugin. -->","yoast_head_json":{"title":"G215 Galvanized Shackle","description":"The G213 Galvanized Shackle and G215 Galvanized Shackle are two types of shackles commonly used in rigging and lifting operations. These shackles provide a secure connection point between various components such as chains, slings, and wire ropes.","robots":{"index":"index","follow":"follow","max-snippet":"max-snippet:-1","max-image-preview":"max-image-preview:large","max-video-preview":"max-video-preview:-1"},"canonical":"https:\/\/qingdaohf.com\/et\/toode\/g213-g215-tsingitud-kaepide\/","og_locale":"et_EE","og_type":"article","og_title":"G215 Galvanized Shackle","og_description":"The G213 Galvanized Shackle and G215 Galvanized Shackle are two types of shackles commonly used in rigging and lifting operations. These shackles provide a secure connection point between various components such as chains, slings, and wire ropes.","og_url":"https:\/\/qingdaohf.com\/et\/toode\/g213-g215-tsingitud-kaepide\/","og_site_name":"Concrete Form &amp; Rigging Hardware Supplier","article_publisher":"https:\/\/www.facebook.com\/qingdaohf","article_modified_time":"2025-11-13T01:05:11+00:00","og_image":[{"width":1000,"height":1000,"url":"https:\/\/qingdaohf.com\/wp-content\/uploads\/2023\/05\/shackle-G215.jpg","type":"image\/jpeg"}],"twitter_card":"summary_large_image","twitter_misc":{"Est. reading time":"4 minutit"},"schema":{"@context":"https:\/\/schema.org","@graph":[{"@type":"WebPage","@id":"https:\/\/qingdaohf.com\/product\/g215-shackle\/","url":"https:\/\/qingdaohf.com\/product\/g215-shackle\/","name":"G215 Galvanized Shackle","isPartOf":{"@id":"https:\/\/qingdaohf.com\/bg\/#website"},"primaryImageOfPage":{"@id":"https:\/\/qingdaohf.com\/product\/g215-shackle\/#primaryimage"},"image":{"@id":"https:\/\/qingdaohf.com\/product\/g215-shackle\/#primaryimage"},"thumbnailUrl":"https:\/\/qingdaohf.com\/wp-content\/uploads\/2023\/05\/shackle-G215.jpg","datePublished":"2023-05-19T08:36:58+00:00","dateModified":"2025-11-13T01:05:11+00:00","description":"The G213 Galvanized Shackle and G215 Galvanized Shackle are two types of shackles commonly used in rigging and lifting operations. These shackles provide a secure connection point between various components such as chains, slings, and wire ropes.","breadcrumb":{"@id":"https:\/\/qingdaohf.com\/product\/g215-shackle\/#breadcrumb"},"inLanguage":"et","potentialAction":[{"@type":"ReadAction","target":["https:\/\/qingdaohf.com\/product\/g215-shackle\/"]}]},{"@type":"ImageObject","inLanguage":"et","@id":"https:\/\/qingdaohf.com\/product\/g215-shackle\/#primaryimage","url":"https:\/\/qingdaohf.com\/wp-content\/uploads\/2023\/05\/shackle-G215.jpg","contentUrl":"https:\/\/qingdaohf.com\/wp-content\/uploads\/2023\/05\/shackle-G215.jpg","width":1000,"height":1000,"caption":"shackle G215"},{"@type":"BreadcrumbList","@id":"https:\/\/qingdaohf.com\/product\/g215-shackle\/#breadcrumb","itemListElement":[{"@type":"ListItem","position":1,"name":"Home","item":"https:\/\/qingdaohf.com\/"},{"@type":"ListItem","position":2,"name":"Concrete Forming Accessories and Rigging Hardware","item":"https:\/\/qingdaohf.com\/bg\/?page_id=944"},{"@type":"ListItem","position":3,"name":"G215 Galvanized Shackle"}]},{"@type":"WebSite","@id":"https:\/\/qingdaohf.com\/bg\/#website","url":"https:\/\/qingdaohf.com\/bg\/","name":"Concrete Form & Rigging Hardware Supplier","description":"","publisher":{"@id":"https:\/\/qingdaohf.com\/bg\/#organization"},"potentialAction":[{"@type":"SearchAction","target":{"@type":"EntryPoint","urlTemplate":"https:\/\/qingdaohf.com\/bg\/?s={search_term_string}"},"query-input":{"@type":"PropertyValueSpecification","valueRequired":true,"valueName":"search_term_string"}}],"inLanguage":"et"},{"@type":"Organization","@id":"https:\/\/qingdaohf.com\/bg\/#organization","name":"Qingdao H&F","url":"https:\/\/qingdaohf.com\/bg\/","logo":{"@type":"ImageObject","inLanguage":"et","@id":"https:\/\/qingdaohf.com\/bg\/#\/schema\/logo\/image\/","url":"https:\/\/qingdaohf.com\/wp-content\/uploads\/2022\/12\/cropped-HF-LOGO.png","contentUrl":"https:\/\/qingdaohf.com\/wp-content\/uploads\/2022\/12\/cropped-HF-LOGO.png","width":391,"height":249,"caption":"Qingdao H&F"},"image":{"@id":"https:\/\/qingdaohf.com\/bg\/#\/schema\/logo\/image\/"},"sameAs":["https:\/\/www.facebook.com\/qingdaohf"]}]}},"_links":{"self":[{"href":"https:\/\/qingdaohf.com\/et\/wp-json\/wp\/v2\/product\/3822","targetHints":{"allow":["GET"]}}],"collection":[{"href":"https:\/\/qingdaohf.com\/et\/wp-json\/wp\/v2\/product"}],"about":[{"href":"https:\/\/qingdaohf.com\/et\/wp-json\/wp\/v2\/types\/product"}],"replies":[{"embeddable":true,"href":"https:\/\/qingdaohf.com\/et\/wp-json\/wp\/v2\/comments?post=3822"}],"version-history":[{"count":2,"href":"https:\/\/qingdaohf.com\/et\/wp-json\/wp\/v2\/product\/3822\/revisions"}],"predecessor-version":[{"id":9455,"href":"https:\/\/qingdaohf.com\/et\/wp-json\/wp\/v2\/product\/3822\/revisions\/9455"}],"wp:featuredmedia":[{"embeddable":true,"href":"https:\/\/qingdaohf.com\/et\/wp-json\/wp\/v2\/media\/6333"}],"wp:attachment":[{"href":"https:\/\/qingdaohf.com\/et\/wp-json\/wp\/v2\/media?parent=3822"}],"wp:term":[{"taxonomy":"product_brand","embeddable":true,"href":"https:\/\/qingdaohf.com\/et\/wp-json\/wp\/v2\/product_brand?post=3822"},{"taxonomy":"product_cat","embeddable":true,"href":"https:\/\/qingdaohf.com\/et\/wp-json\/wp\/v2\/product_cat?post=3822"},{"taxonomy":"product_tag","embeddable":true,"href":"https:\/\/qingdaohf.com\/et\/wp-json\/wp\/v2\/product_tag?post=3822"}],"curies":[{"name":"wp","href":"https:\/\/api.w.org\/{rel}","templated":true}]}}