{"id":3990,"date":"2023-05-25T15:27:47","date_gmt":"2023-05-25T07:27:47","guid":{"rendered":"http:\/\/qingdaohf.com\/?post_type=product&#038;p=3990"},"modified":"2025-11-13T09:04:45","modified_gmt":"2025-11-13T01:04:45","slug":"jaw-jaw-swivel","status":"publish","type":"product","link":"https:\/\/qingdaohf.com\/et\/toode\/loualoualiigese-pooratav-loualuu\/","title":{"rendered":"L\u00f5ugade ja l\u00f5ugade p\u00f6\u00f6rlemine"},"content":{"rendered":"<p>Jaw &amp; Jaw Swivel koosneb kahest p\u00f5hiosast: kahest l\u00f5uast, mis on omavahel p\u00f6\u00f6rleva liigendiga \u00fchendatud. M\u00f5lemal l\u00f5ual on U- v\u00f5i C-kujuline ava, mis v\u00f5imaldab kinnitada erinevaid esemeid v\u00f5i t\u00f5steseadmeid. P\u00f6\u00f6rlev liigend, tavaliselt kuul- v\u00f5i rull-laagermehhanism, v\u00f5imaldab sujuvat ja kontrollitud p\u00f6\u00f6rlemist l\u00f5ugade vahel.<\/p>\n<p>Jaw &amp; Jaw Swivel'i esmane \u00fclesanne on tagada turvaline ja paindlik \u00fchenduspunkt, v\u00f5imaldades samal ajal p\u00f6\u00f6rlemist. See v\u00f5imaldab kinnitatavatel liinidel, trossidel, kaablitel v\u00f5i ketidelt vabalt p\u00f6\u00f6relda, v\u00e4hendades seotuse, keerdumise v\u00f5i liigse pinge ohtu. See v\u00f5ime aitab parandada ohutust, minimeerida t\u00f5steseadmete kulumist ja parandada \u00fcldist j\u00f5udlust.<\/p>\n<p>L\u00f5ugade ja l\u00f5ugade p\u00f6\u00f6rleva osa ehitus h\u00f5lmab tavaliselt vastupidavaid materjale, nagu roostevaba teras v\u00f5i k\u00f5rgtugev legeeritud teras, et tagada selle tugevus ja v\u00f5ime taluda suuri koormusi ja karmi keskkonda. See on saadaval erinevates suurustes ja kaalukategooriates, et vastata erinevatele rakendustele ja n\u00f5uetele.<\/p>\n<p><img fetchpriority=\"high\" decoding=\"async\" class=\"alignnone size-full wp-image-3994\" src=\"http:\/\/qingdaohf.com\/wp-content\/uploads\/2023\/05\/Qingdao-HLM-Industry-Rigging-Hardware_8511_1-1-e1684999485376.webp\" alt=\"P\u00f6\u00f6ratav\" width=\"1000\" height=\"295\" srcset=\"https:\/\/qingdaohf.com\/wp-content\/uploads\/2023\/05\/Qingdao-HLM-Industry-Rigging-Hardware_8511_1-1-e1684999485376.webp 1000w, https:\/\/qingdaohf.com\/wp-content\/uploads\/2023\/05\/Qingdao-HLM-Industry-Rigging-Hardware_8511_1-1-e1684999485376-300x89.webp 300w, https:\/\/qingdaohf.com\/wp-content\/uploads\/2023\/05\/Qingdao-HLM-Industry-Rigging-Hardware_8511_1-1-e1684999485376-768x227.webp 768w\" sizes=\"(max-width: 1000px) 100vw, 1000px\" \/><\/p>","protected":false},"excerpt":{"rendered":"<p>L\u00f5ugade ja l\u00f5ugade p\u00f6\u00f6rlev osa on mitmek\u00fclgne riistvara komponent, mida kasutatakse tavaliselt erinevates t\u00f6\u00f6stusharudes, sealhulgas merenduses, ehituses ja taglastuses. See on m\u00f5eldud paindlikkuse, p\u00f6\u00f6rlemise ja koormustaluvuse tagamiseks mitmesugustes rakendustes, sarnaselt teiste p\u00f6\u00f6rdet\u00fc\u00fcpidega.<\/p>","protected":false},"featured_media":3992,"comment_status":"open","ping_status":"closed","template":"","meta":{"site-sidebar-layout":"default","site-content-layout":"default","ast-site-content-layout":"","site-content-style":"default","site-sidebar-style":"default","ast-global-header-display":"","ast-banner-title-visibility":"","ast-main-header-display":"","ast-hfb-above-header-display":"","ast-hfb-below-header-display":"","ast-hfb-mobile-header-display":"","site-post-title":"","ast-breadcrumbs-content":"","ast-featured-img":"","footer-sml-layout":"","theme-transparent-header-meta":"default","adv-header-id-meta":"","stick-header-meta":"default","header-above-stick-meta":"","header-main-stick-meta":"","header-below-stick-meta":"","astra-migrate-meta-layouts":"default","ast-page-background-enabled":"default","ast-page-background-meta":{"desktop":{"background-color":"","background-image":"","background-repeat":"repeat","background-position":"center center","background-size":"auto","background-attachment":"scroll","background-type":"","background-media":"","overlay-type":"","overlay-color":"","overlay-opacity":"","overlay-gradient":""},"tablet":{"background-color":"","background-image":"","background-repeat":"repeat","background-position":"center center","background-size":"auto","background-attachment":"scroll","background-type":"","background-media":"","overlay-type":"","overlay-color":"","overlay-opacity":"","overlay-gradient":""},"mobile":{"background-color":"","background-image":"","background-repeat":"repeat","background-position":"center center","background-size":"auto","background-attachment":"scroll","background-type":"","background-media":"","overlay-type":"","overlay-color":"","overlay-opacity":"","overlay-gradient":""}},"ast-content-background-meta":{"desktop":{"background-color":"var(--ast-global-color-5)","background-image":"","background-repeat":"repeat","background-position":"center center","background-size":"auto","background-attachment":"scroll","background-type":"","background-media":"","overlay-type":"","overlay-color":"","overlay-opacity":"","overlay-gradient":""},"tablet":{"background-color":"var(--ast-global-color-5)","background-image":"","background-repeat":"repeat","background-position":"center center","background-size":"auto","background-attachment":"scroll","background-type":"","background-media":"","overlay-type":"","overlay-color":"","overlay-opacity":"","overlay-gradient":""},"mobile":{"background-color":"var(--ast-global-color-5)","background-image":"","background-repeat":"repeat","background-position":"center center","background-size":"auto","background-attachment":"scroll","background-type":"","background-media":"","overlay-type":"","overlay-color":"","overlay-opacity":"","overlay-gradient":""}}},"product_brand":[],"product_cat":[43,44],"product_tag":[],"class_list":{"0":"post-3990","1":"product","2":"type-product","3":"status-publish","4":"has-post-thumbnail","6":"product_cat-rigging-hardware","7":"product_cat-stainless-steel-poduct","8":"desktop-align-left","9":"tablet-align-left","10":"mobile-align-left","11":"ast-product-gallery-layout-horizontal-slider","12":"ast-product-tabs-layout-horizontal","14":"first","15":"instock","16":"shipping-taxable","17":"purchasable","18":"product-type-simple"},"yoast_head":"<!-- This site is optimized with the Yoast SEO plugin v25.2 - https:\/\/yoast.com\/wordpress\/plugins\/seo\/ -->\n<title>Jaw &amp; Jaw Swivel<\/title>\n<meta name=\"description\" content=\"The Jaw &amp; Jaw Swivel is a versatile hardware component commonly used in various industries, including marine, construction, and rigging.\" \/>\n<meta name=\"robots\" content=\"index, follow, max-snippet:-1, max-image-preview:large, max-video-preview:-1\" \/>\n<link rel=\"canonical\" href=\"https:\/\/qingdaohf.com\/et\/toode\/loualoualiigese-pooratav-loualuu\/\" \/>\n<meta property=\"og:locale\" content=\"et_EE\" \/>\n<meta property=\"og:type\" content=\"article\" \/>\n<meta property=\"og:title\" content=\"Jaw &amp; Jaw Swivel\" \/>\n<meta property=\"og:description\" content=\"The Jaw &amp; Jaw Swivel is a versatile hardware component commonly used in various industries, including marine, construction, and rigging.\" \/>\n<meta property=\"og:url\" content=\"https:\/\/qingdaohf.com\/et\/toode\/loualoualiigese-pooratav-loualuu\/\" \/>\n<meta property=\"og:site_name\" content=\"Concrete Form &amp; Rigging Hardware Supplier\" \/>\n<meta property=\"article:publisher\" content=\"https:\/\/www.facebook.com\/qingdaohf\" \/>\n<meta property=\"article:modified_time\" content=\"2025-11-13T01:04:45+00:00\" \/>\n<meta property=\"og:image\" content=\"https:\/\/qingdaohf.com\/wp-content\/uploads\/2023\/05\/Swivel-2.jpg\" \/>\n\t<meta property=\"og:image:width\" content=\"1000\" \/>\n\t<meta property=\"og:image:height\" content=\"1000\" \/>\n\t<meta property=\"og:image:type\" content=\"image\/jpeg\" \/>\n<meta name=\"twitter:card\" content=\"summary_large_image\" \/>\n<meta name=\"twitter:label1\" content=\"Est. reading time\" \/>\n\t<meta name=\"twitter:data1\" content=\"1 minut\" \/>\n<script type=\"application\/ld+json\" class=\"yoast-schema-graph\">{\"@context\":\"https:\/\/schema.org\",\"@graph\":[{\"@type\":\"WebPage\",\"@id\":\"https:\/\/qingdaohf.com\/product\/jaw-jaw-swivel\/\",\"url\":\"https:\/\/qingdaohf.com\/product\/jaw-jaw-swivel\/\",\"name\":\"Jaw & Jaw Swivel\",\"isPartOf\":{\"@id\":\"https:\/\/qingdaohf.com\/bg\/#website\"},\"primaryImageOfPage\":{\"@id\":\"https:\/\/qingdaohf.com\/product\/jaw-jaw-swivel\/#primaryimage\"},\"image\":{\"@id\":\"https:\/\/qingdaohf.com\/product\/jaw-jaw-swivel\/#primaryimage\"},\"thumbnailUrl\":\"https:\/\/qingdaohf.com\/wp-content\/uploads\/2023\/05\/Swivel-2.jpg\",\"datePublished\":\"2023-05-25T07:27:47+00:00\",\"dateModified\":\"2025-11-13T01:04:45+00:00\",\"description\":\"The Jaw & Jaw Swivel is a versatile hardware component commonly used in various industries, including marine, construction, and rigging.\",\"breadcrumb\":{\"@id\":\"https:\/\/qingdaohf.com\/product\/jaw-jaw-swivel\/#breadcrumb\"},\"inLanguage\":\"et\",\"potentialAction\":[{\"@type\":\"ReadAction\",\"target\":[\"https:\/\/qingdaohf.com\/product\/jaw-jaw-swivel\/\"]}]},{\"@type\":\"ImageObject\",\"inLanguage\":\"et\",\"@id\":\"https:\/\/qingdaohf.com\/product\/jaw-jaw-swivel\/#primaryimage\",\"url\":\"https:\/\/qingdaohf.com\/wp-content\/uploads\/2023\/05\/Swivel-2.jpg\",\"contentUrl\":\"https:\/\/qingdaohf.com\/wp-content\/uploads\/2023\/05\/Swivel-2.jpg\",\"width\":1000,\"height\":1000,\"caption\":\"Swivel\"},{\"@type\":\"BreadcrumbList\",\"@id\":\"https:\/\/qingdaohf.com\/product\/jaw-jaw-swivel\/#breadcrumb\",\"itemListElement\":[{\"@type\":\"ListItem\",\"position\":1,\"name\":\"Home\",\"item\":\"https:\/\/qingdaohf.com\/\"},{\"@type\":\"ListItem\",\"position\":2,\"name\":\"Concrete Forming Accessories and Rigging Hardware\",\"item\":\"https:\/\/qingdaohf.com\/bg\/?page_id=944\"},{\"@type\":\"ListItem\",\"position\":3,\"name\":\"Jaw &#038; Jaw Swivel\"}]},{\"@type\":\"WebSite\",\"@id\":\"https:\/\/qingdaohf.com\/bg\/#website\",\"url\":\"https:\/\/qingdaohf.com\/bg\/\",\"name\":\"Concrete Form & Rigging Hardware Supplier\",\"description\":\"\",\"publisher\":{\"@id\":\"https:\/\/qingdaohf.com\/bg\/#organization\"},\"potentialAction\":[{\"@type\":\"SearchAction\",\"target\":{\"@type\":\"EntryPoint\",\"urlTemplate\":\"https:\/\/qingdaohf.com\/bg\/?s={search_term_string}\"},\"query-input\":{\"@type\":\"PropertyValueSpecification\",\"valueRequired\":true,\"valueName\":\"search_term_string\"}}],\"inLanguage\":\"et\"},{\"@type\":\"Organization\",\"@id\":\"https:\/\/qingdaohf.com\/bg\/#organization\",\"name\":\"Qingdao H&F\",\"url\":\"https:\/\/qingdaohf.com\/bg\/\",\"logo\":{\"@type\":\"ImageObject\",\"inLanguage\":\"et\",\"@id\":\"https:\/\/qingdaohf.com\/bg\/#\/schema\/logo\/image\/\",\"url\":\"https:\/\/qingdaohf.com\/wp-content\/uploads\/2022\/12\/cropped-HF-LOGO.png\",\"contentUrl\":\"https:\/\/qingdaohf.com\/wp-content\/uploads\/2022\/12\/cropped-HF-LOGO.png\",\"width\":391,\"height\":249,\"caption\":\"Qingdao H&F\"},\"image\":{\"@id\":\"https:\/\/qingdaohf.com\/bg\/#\/schema\/logo\/image\/\"},\"sameAs\":[\"https:\/\/www.facebook.com\/qingdaohf\"]}]}<\/script>\n<!-- \/ Yoast SEO plugin. -->","yoast_head_json":{"title":"Jaw & Jaw Swivel","description":"The Jaw & Jaw Swivel is a versatile hardware component commonly used in various industries, including marine, construction, and rigging.","robots":{"index":"index","follow":"follow","max-snippet":"max-snippet:-1","max-image-preview":"max-image-preview:large","max-video-preview":"max-video-preview:-1"},"canonical":"https:\/\/qingdaohf.com\/et\/toode\/loualoualiigese-pooratav-loualuu\/","og_locale":"et_EE","og_type":"article","og_title":"Jaw & Jaw Swivel","og_description":"The Jaw & Jaw Swivel is a versatile hardware component commonly used in various industries, including marine, construction, and rigging.","og_url":"https:\/\/qingdaohf.com\/et\/toode\/loualoualiigese-pooratav-loualuu\/","og_site_name":"Concrete Form &amp; Rigging Hardware Supplier","article_publisher":"https:\/\/www.facebook.com\/qingdaohf","article_modified_time":"2025-11-13T01:04:45+00:00","og_image":[{"width":1000,"height":1000,"url":"https:\/\/qingdaohf.com\/wp-content\/uploads\/2023\/05\/Swivel-2.jpg","type":"image\/jpeg"}],"twitter_card":"summary_large_image","twitter_misc":{"Est. reading time":"1 minut"},"schema":{"@context":"https:\/\/schema.org","@graph":[{"@type":"WebPage","@id":"https:\/\/qingdaohf.com\/product\/jaw-jaw-swivel\/","url":"https:\/\/qingdaohf.com\/product\/jaw-jaw-swivel\/","name":"Jaw & Jaw Swivel","isPartOf":{"@id":"https:\/\/qingdaohf.com\/bg\/#website"},"primaryImageOfPage":{"@id":"https:\/\/qingdaohf.com\/product\/jaw-jaw-swivel\/#primaryimage"},"image":{"@id":"https:\/\/qingdaohf.com\/product\/jaw-jaw-swivel\/#primaryimage"},"thumbnailUrl":"https:\/\/qingdaohf.com\/wp-content\/uploads\/2023\/05\/Swivel-2.jpg","datePublished":"2023-05-25T07:27:47+00:00","dateModified":"2025-11-13T01:04:45+00:00","description":"The Jaw & Jaw Swivel is a versatile hardware component commonly used in various industries, including marine, construction, and rigging.","breadcrumb":{"@id":"https:\/\/qingdaohf.com\/product\/jaw-jaw-swivel\/#breadcrumb"},"inLanguage":"et","potentialAction":[{"@type":"ReadAction","target":["https:\/\/qingdaohf.com\/product\/jaw-jaw-swivel\/"]}]},{"@type":"ImageObject","inLanguage":"et","@id":"https:\/\/qingdaohf.com\/product\/jaw-jaw-swivel\/#primaryimage","url":"https:\/\/qingdaohf.com\/wp-content\/uploads\/2023\/05\/Swivel-2.jpg","contentUrl":"https:\/\/qingdaohf.com\/wp-content\/uploads\/2023\/05\/Swivel-2.jpg","width":1000,"height":1000,"caption":"Swivel"},{"@type":"BreadcrumbList","@id":"https:\/\/qingdaohf.com\/product\/jaw-jaw-swivel\/#breadcrumb","itemListElement":[{"@type":"ListItem","position":1,"name":"Home","item":"https:\/\/qingdaohf.com\/"},{"@type":"ListItem","position":2,"name":"Concrete Forming Accessories and Rigging Hardware","item":"https:\/\/qingdaohf.com\/bg\/?page_id=944"},{"@type":"ListItem","position":3,"name":"Jaw &#038; Jaw Swivel"}]},{"@type":"WebSite","@id":"https:\/\/qingdaohf.com\/bg\/#website","url":"https:\/\/qingdaohf.com\/bg\/","name":"Concrete Form & Rigging Hardware Supplier","description":"","publisher":{"@id":"https:\/\/qingdaohf.com\/bg\/#organization"},"potentialAction":[{"@type":"SearchAction","target":{"@type":"EntryPoint","urlTemplate":"https:\/\/qingdaohf.com\/bg\/?s={search_term_string}"},"query-input":{"@type":"PropertyValueSpecification","valueRequired":true,"valueName":"search_term_string"}}],"inLanguage":"et"},{"@type":"Organization","@id":"https:\/\/qingdaohf.com\/bg\/#organization","name":"Qingdao H&F","url":"https:\/\/qingdaohf.com\/bg\/","logo":{"@type":"ImageObject","inLanguage":"et","@id":"https:\/\/qingdaohf.com\/bg\/#\/schema\/logo\/image\/","url":"https:\/\/qingdaohf.com\/wp-content\/uploads\/2022\/12\/cropped-HF-LOGO.png","contentUrl":"https:\/\/qingdaohf.com\/wp-content\/uploads\/2022\/12\/cropped-HF-LOGO.png","width":391,"height":249,"caption":"Qingdao H&F"},"image":{"@id":"https:\/\/qingdaohf.com\/bg\/#\/schema\/logo\/image\/"},"sameAs":["https:\/\/www.facebook.com\/qingdaohf"]}]}},"_links":{"self":[{"href":"https:\/\/qingdaohf.com\/et\/wp-json\/wp\/v2\/product\/3990","targetHints":{"allow":["GET"]}}],"collection":[{"href":"https:\/\/qingdaohf.com\/et\/wp-json\/wp\/v2\/product"}],"about":[{"href":"https:\/\/qingdaohf.com\/et\/wp-json\/wp\/v2\/types\/product"}],"replies":[{"embeddable":true,"href":"https:\/\/qingdaohf.com\/et\/wp-json\/wp\/v2\/comments?post=3990"}],"version-history":[{"count":1,"href":"https:\/\/qingdaohf.com\/et\/wp-json\/wp\/v2\/product\/3990\/revisions"}],"predecessor-version":[{"id":10427,"href":"https:\/\/qingdaohf.com\/et\/wp-json\/wp\/v2\/product\/3990\/revisions\/10427"}],"wp:featuredmedia":[{"embeddable":true,"href":"https:\/\/qingdaohf.com\/et\/wp-json\/wp\/v2\/media\/3992"}],"wp:attachment":[{"href":"https:\/\/qingdaohf.com\/et\/wp-json\/wp\/v2\/media?parent=3990"}],"wp:term":[{"taxonomy":"product_brand","embeddable":true,"href":"https:\/\/qingdaohf.com\/et\/wp-json\/wp\/v2\/product_brand?post=3990"},{"taxonomy":"product_cat","embeddable":true,"href":"https:\/\/qingdaohf.com\/et\/wp-json\/wp\/v2\/product_cat?post=3990"},{"taxonomy":"product_tag","embeddable":true,"href":"https:\/\/qingdaohf.com\/et\/wp-json\/wp\/v2\/product_tag?post=3990"}],"curies":[{"name":"wp","href":"https:\/\/api.w.org\/{rel}","templated":true}]}}