{"id":4078,"date":"2024-01-19T09:59:32","date_gmt":"2024-01-19T01:59:32","guid":{"rendered":"http:\/\/qingdaohf.com\/?post_type=product&#038;p=4078"},"modified":"2025-11-13T09:03:39","modified_gmt":"2025-11-13T01:03:39","slug":"fist-grip","status":"publish","type":"product","link":"https:\/\/qingdaohf.com\/et\/toode\/rusikahaaret\/","title":{"rendered":"Fist Grip klambrid"},"content":{"rendered":"<p><img fetchpriority=\"high\" decoding=\"async\" class=\"alignnone size-full wp-image-6350\" src=\"http:\/\/qingdaohf.com\/wp-content\/uploads\/2023\/05\/fist-grip.jpg\" alt=\"\" width=\"302\" height=\"298\" srcset=\"https:\/\/qingdaohf.com\/wp-content\/uploads\/2023\/05\/fist-grip.jpg 302w, https:\/\/qingdaohf.com\/wp-content\/uploads\/2023\/05\/fist-grip-300x296.jpg 300w, https:\/\/qingdaohf.com\/wp-content\/uploads\/2023\/05\/fist-grip-100x100.jpg 100w\" sizes=\"(max-width: 302px) 100vw, 302px\" \/> <img decoding=\"async\" class=\"alignnone size-full wp-image-6351\" src=\"http:\/\/qingdaohf.com\/wp-content\/uploads\/2023\/05\/fist-grip-2.jpg\" alt=\"rusikak\u00e4epide\" width=\"273\" height=\"186\" \/><\/p>\n<p><img decoding=\"async\" class=\"alignnone size-full wp-image-6606\" src=\"http:\/\/qingdaohf.com\/wp-content\/uploads\/2024\/01\/Fist-Grip-Clamps-1.png\" alt=\"Fist Grip klambrid\" width=\"1011\" height=\"276\" srcset=\"https:\/\/qingdaohf.com\/wp-content\/uploads\/2024\/01\/Fist-Grip-Clamps-1.png 1011w, https:\/\/qingdaohf.com\/wp-content\/uploads\/2024\/01\/Fist-Grip-Clamps-1-300x82.png 300w, https:\/\/qingdaohf.com\/wp-content\/uploads\/2024\/01\/Fist-Grip-Clamps-1-768x210.png 768w, https:\/\/qingdaohf.com\/wp-content\/uploads\/2024\/01\/Fist-Grip-Clamps-1-1000x273.png 1000w\" sizes=\"(max-width: 1011px) 100vw, 1011px\" \/><\/p>\n<p data-sourcepos=\"3:1-3:294\">Kogenud trosside ja trossiklambrite tarnijana m\u00f5istab H&amp;F tugevate ja usaldusv\u00e4\u00e4rsete \u00fchenduste kriitilist rolli ohutuse ja t\u00f5hususe tagamisel. Seep\u00e4rast tutvustame uhkusega Fist Grips'i - j\u00e4rgmise p\u00f5lvkonna trossit\u00f5rjet, mis on loodud selleks, et t\u00f5sta teie trossit\u00f6\u00f6de m\u00e4ng uutele k\u00f5rgustele.<\/p>\n<p data-sourcepos=\"5:1-5:116\">Kuid enne kui me tutvume Fist Grips'i v\u00f5imsusega, tutvustame selle tugeva \u00f6kos\u00fcsteemi v\u00f5tmeisikuid:<\/p>\n<h3 data-sourcepos=\"7:1-7:222\"><strong>1. <a href=\"https:\/\/qingdaohf.com\/et\/toode\/tross\/\">Tross<\/a>:<\/strong><\/h3>\n<p data-sourcepos=\"7:1-7:222\">Tross on mis tahes taglase s\u00fcsteemi tuumik, mis pakub erakordset tugevust ja paindlikkust n\u00f5udlike t\u00f5stmise, t\u00f5stmise ja kinnitamise rakenduste jaoks. Kujutage seda ette kui teie tegevuse vankumatut selgroogu.<\/p>\n<p data-sourcepos=\"7:1-7:222\"><img loading=\"lazy\" decoding=\"async\" class=\"alignnone wp-image-3905 size-medium\" src=\"http:\/\/qingdaohf.com\/wp-content\/uploads\/2023\/04\/wire-rope-1-300x300.jpg\" alt=\"tross\" width=\"300\" height=\"300\" srcset=\"https:\/\/qingdaohf.com\/wp-content\/uploads\/2023\/04\/wire-rope-1-300x300.jpg 300w, https:\/\/qingdaohf.com\/wp-content\/uploads\/2023\/04\/wire-rope-1-150x150.jpg 150w, https:\/\/qingdaohf.com\/wp-content\/uploads\/2023\/04\/wire-rope-1-768x768.jpg 768w, https:\/\/qingdaohf.com\/wp-content\/uploads\/2023\/04\/wire-rope-1-500x500.jpg 500w, https:\/\/qingdaohf.com\/wp-content\/uploads\/2023\/04\/wire-rope-1-100x100.jpg 100w, https:\/\/qingdaohf.com\/wp-content\/uploads\/2023\/04\/wire-rope-1.jpg 1000w\" sizes=\"(max-width: 300px) 100vw, 300px\" \/><\/p>\n<h3 data-sourcepos=\"9:1-9:224\"><strong>2. <a href=\"https:\/\/qingdaohf.com\/et\/toode\/trossiklamber\/\">Trossiklamber<\/a>:<\/strong><\/h3>\n<p data-sourcepos=\"9:1-9:224\">Need mitmek\u00fclgsed t\u00f6\u00f6hobused pakuvad lihtsat ja t\u00f5husat v\u00f5imalust silmuste loomiseks v\u00f5i trossi \u00fchendamiseks teiste komponentidega. M\u00f5elge neist kui usaldusv\u00e4\u00e4rsetest k\u00e4ttest, mis haaravad ja hoiavad trossi kindlalt paigal.<\/p>\n<p data-sourcepos=\"9:1-9:224\"><img loading=\"lazy\" decoding=\"async\" class=\"alignnone wp-image-6176 size-medium\" src=\"http:\/\/qingdaohf.com\/wp-content\/uploads\/2023\/05\/wire-rope-clip-9-300x300.jpg\" alt=\"trossiklamber\" width=\"300\" height=\"300\" srcset=\"https:\/\/qingdaohf.com\/wp-content\/uploads\/2023\/05\/wire-rope-clip-9-300x300.jpg 300w, https:\/\/qingdaohf.com\/wp-content\/uploads\/2023\/05\/wire-rope-clip-9-150x150.jpg 150w, https:\/\/qingdaohf.com\/wp-content\/uploads\/2023\/05\/wire-rope-clip-9-768x768.jpg 768w, https:\/\/qingdaohf.com\/wp-content\/uploads\/2023\/05\/wire-rope-clip-9-500x500.jpg 500w, https:\/\/qingdaohf.com\/wp-content\/uploads\/2023\/05\/wire-rope-clip-9-100x100.jpg 100w, https:\/\/qingdaohf.com\/wp-content\/uploads\/2023\/05\/wire-rope-clip-9.jpg 1000w\" sizes=\"(max-width: 300px) 100vw, 300px\" \/><\/p>\n<h3 data-sourcepos=\"11:1-11:287\"><strong>3. Fist Grip:<\/strong><\/h3>\n<p data-sourcepos=\"11:1-11:287\">Need revolutsioonilised klambrid m\u00e4\u00e4ratlevad uuesti k\u00f6istee turvalisuse, pakkudes v\u00f5rratut kiirust, lihtsust ja t\u00f5husust. Kujutage neid ette kui uue p\u00f5lvkonna k\u00e4si, mis on varustatud raudse haardega ja lihtsa t\u00f6\u00f6p\u00f5him\u00f5ttega.<\/p>\n<p data-sourcepos=\"11:1-11:287\"><img loading=\"lazy\" decoding=\"async\" class=\"alignnone size-full wp-image-6350\" src=\"http:\/\/qingdaohf.com\/wp-content\/uploads\/2023\/05\/fist-grip.jpg\" alt=\"rusikak\u00e4epide\" width=\"302\" height=\"298\" srcset=\"https:\/\/qingdaohf.com\/wp-content\/uploads\/2023\/05\/fist-grip.jpg 302w, https:\/\/qingdaohf.com\/wp-content\/uploads\/2023\/05\/fist-grip-300x296.jpg 300w, https:\/\/qingdaohf.com\/wp-content\/uploads\/2023\/05\/fist-grip-100x100.jpg 100w\" sizes=\"(max-width: 302px) 100vw, 302px\" \/><\/p>\n<h3 data-sourcepos=\"13:1-13:188\"><strong>4. <a href=\"https:\/\/qingdaohf.com\/et\/toode\/sormkubar\/\">Trossi s\u00f5rmk\u00fcbar<\/a>:<\/strong><\/h3>\n<p data-sourcepos=\"13:1-13:188\">See laulmatu kangelane kaitseb k\u00f6ie haavatavat silmust (silmusetagust otsa) kulumise ja rebenemise eest. Kujutage seda ette kui kaitsvat r\u00fc\u00fctli kiivrit, mis kaitseb k\u00f6ie elut\u00e4htsat punkti.<\/p>\n<p data-sourcepos=\"13:1-13:188\"><img loading=\"lazy\" decoding=\"async\" class=\"alignnone wp-image-6352 size-full\" src=\"http:\/\/qingdaohf.com\/wp-content\/uploads\/2023\/05\/Wire-rope-thimble-installation-step-1-1.jpg\" alt=\"Traat-k\u00f6is-t\u00f5mmis\" width=\"600\" height=\"163\" srcset=\"https:\/\/qingdaohf.com\/wp-content\/uploads\/2023\/05\/Wire-rope-thimble-installation-step-1-1.jpg 600w, https:\/\/qingdaohf.com\/wp-content\/uploads\/2023\/05\/Wire-rope-thimble-installation-step-1-1-300x82.jpg 300w\" sizes=\"(max-width: 600px) 100vw, 600px\" \/><\/p>\n<h3 data-sourcepos=\"15:1-15:182\"><strong>5. <a href=\"https:\/\/qingdaohf.com\/et\/toode\/alumiinium-trossitokkeotsak\/\">Trossi trossi\u00e4\u00e4rik<\/a>:<\/strong><\/h3>\n<p data-sourcepos=\"15:1-15:182\">Sarnaselt s\u00f5rmk\u00fcbarale toimib k\u00e4epael tugevana, tugevdades k\u00f6ie otsa ja takistades selle kulumist. M\u00f5elge sellele kui k\u00f6ie otsa teraskiivrile.<\/p>\n<p data-sourcepos=\"15:1-15:182\"><img loading=\"lazy\" decoding=\"async\" class=\"alignnone wp-image-6353 size-medium\" src=\"http:\/\/qingdaohf.com\/wp-content\/uploads\/2023\/05\/Ferrule-247x300.jpg\" alt=\"Ferrule\" width=\"247\" height=\"300\" srcset=\"https:\/\/qingdaohf.com\/wp-content\/uploads\/2023\/05\/Ferrule-247x300.jpg 247w, https:\/\/qingdaohf.com\/wp-content\/uploads\/2023\/05\/Ferrule.jpg 636w\" sizes=\"(max-width: 247px) 100vw, 247px\" \/><\/p>\n<h3 data-sourcepos=\"15:1-15:182\"><strong>6. <a href=\"https:\/\/qingdaohf.com\/et\/toode\/dupleksne-trossiklamber\/\">Duplex trossiklamber<\/a><\/strong><strong>:<\/strong><\/h3>\n<p data-sourcepos=\"15:1-15:182\">Duplex trossiklamber on spetsiaalne kinnitusseade, mis on m\u00f5eldud kahe trossiosa kinnitamiseks \u00fcksteise k\u00fclge. See m\u00e4ngib olulist rolli usaldusv\u00e4\u00e4rse \u00fchenduse loomisel, eriti olukordades, kus trossis on vaja silmust v\u00f5i silma.<\/p>\n<p data-sourcepos=\"15:1-15:182\"><img loading=\"lazy\" decoding=\"async\" class=\"alignnone wp-image-6354 size-medium\" src=\"http:\/\/qingdaohf.com\/wp-content\/uploads\/2023\/05\/Stainless-Steel-Duplex-300x300.jpg\" alt=\"Roostevabast terasest dupleks\" width=\"300\" height=\"300\" srcset=\"https:\/\/qingdaohf.com\/wp-content\/uploads\/2023\/05\/Stainless-Steel-Duplex-300x300.jpg 300w, https:\/\/qingdaohf.com\/wp-content\/uploads\/2023\/05\/Stainless-Steel-Duplex-150x150.jpg 150w, https:\/\/qingdaohf.com\/wp-content\/uploads\/2023\/05\/Stainless-Steel-Duplex-768x768.jpg 768w, https:\/\/qingdaohf.com\/wp-content\/uploads\/2023\/05\/Stainless-Steel-Duplex-500x500.jpg 500w, https:\/\/qingdaohf.com\/wp-content\/uploads\/2023\/05\/Stainless-Steel-Duplex-100x100.jpg 100w, https:\/\/qingdaohf.com\/wp-content\/uploads\/2023\/05\/Stainless-Steel-Duplex.jpg 1000w\" sizes=\"(max-width: 300px) 100vw, 300px\" \/><\/p>\n<h3 data-sourcepos=\"17:1-17:39\"><strong>Fist Grip Advantage'i vallandamine:<\/strong><\/h3>\n<p data-sourcepos=\"19:1-19:84\">H&amp;F Fist Grips paistavad silma oma m\u00e4ngup\u00f5histe v\u00f5imete poolest:<\/p>\n<ul data-sourcepos=\"21:1-25:0\">\n<li data-sourcepos=\"21:1-21:153\"><strong>Kiire kasutuselev\u00f5tt:<\/strong>\u00a0Nende \u00fche poltidega konstruktsioon v\u00e4listab vajaduse t\u00fclikate mitme U-poldi j\u00e4rele, v\u00e4hendades oluliselt paigaldusaega ja -koormust.<\/li>\n<li data-sourcepos=\"22:1-22:139\"><strong>V\u00e4ltimatu p\u00f6\u00f6rdemomendi kasutamine:<\/strong>\u00a0Integreeritud mutrid pakuvad paremat juurdep\u00e4\u00e4su ja v\u00f5imendust pingutamiseks, muutes protsessi sujuvaks ja t\u00f5husaks.<\/li>\n<li data-sourcepos=\"23:1-23:143\"><strong>Kindel turvalisus:<\/strong>\u00a0Nende sepistatud teraskonstruktsioon ja suurep\u00e4rane haarduvus tagavad v\u00f5rratu haardev\u00f5ime, mis annab teile t\u00e4ieliku meelerahu.<\/li>\n<li data-sourcepos=\"24:1-25:0\"><strong>Pikendatud k\u00f6ie kasutusiga:<\/strong>\u00a0Sileda, \u00fcmardatud profiili t\u00f5ttu on trossi h\u00f5\u00f5rdumine ja kulumine minimaalne, mis pikendab selle kasutusiga ja suurendab selle v\u00e4\u00e4rtust.<\/li>\n<\/ul>\n<h3 data-sourcepos=\"26:1-26:24\"><strong>Fist Grip in Action:<\/strong><\/h3>\n<p data-sourcepos=\"28:1-28:51\">H&amp;F's Fist Grips t\u00f6\u00f6tavad oma v\u00f5luv\u00e4e vaevata:<\/p>\n<ol data-sourcepos=\"30:1-33:0\">\n<li data-sourcepos=\"30:1-30:85\"><strong>Keermestamine h\u00f5lpsasti:<\/strong>\u00a0Lihtsalt viige tross l\u00e4bi Fist Grip'i sadula.<\/li>\n<li data-sourcepos=\"31:1-31:116\"><strong>Kiire poldi sisestamine:<\/strong>\u00a0L\u00fckake poldi l\u00e4bi sadulaaugu, tagades, et U-polt toetub kindlalt trossile.<\/li>\n<li data-sourcepos=\"32:1-33:0\"><strong>Kerge pinguldamine:<\/strong>\u00a0Keerake mutrit mutriv\u00f5tmega p\u00e4rip\u00e4eva, kuni tross on kindlalt kinni.<\/li>\n<\/ol>\n<h3 data-sourcepos=\"34:1-34:28\"><strong>Tugevuse s\u00fcnergia:<\/strong><\/h3>\n<p data-sourcepos=\"36:1-36:77\">H&amp;F rusikaklambrid sobivad sujuvalt kokku teiste oluliste trossikomponentidega:<\/p>\n<ul data-sourcepos=\"38:1-41:0\">\n<li data-sourcepos=\"38:1-38:151\"><strong>Trossiklambrid:<\/strong>\u00a0Kuigi Fist Grips pakub suuremat kiirust ja t\u00f5husust, on traditsioonilised klambrid endiselt v\u00e4\u00e4rtuslikud konkreetsete rakenduste v\u00f5i varuklambrite jaoks.<\/li>\n<li data-sourcepos=\"39:1-39:136\"><strong>Trossikardinad:<\/strong>\u00a0Silmuse moodustamisel kasutage alati s\u00f5rmk\u00fcbarat, et kaitsta k\u00f6ie silmust purunemise eest ja tagada optimaalne kasutusiga.<\/li>\n<li data-sourcepos=\"40:1-41:0\"><strong>Trossitrossid:<\/strong>\u00a0Kaaluge trukkide lisakaitseks k\u00f6ie otsas, eriti s\u00fcnteetiliste k\u00f6ite puhul.<\/li>\n<\/ul>\n<p>&nbsp;<\/p>","protected":false},"excerpt":{"rendered":"<p>Fist Grip on tavaliselt kasutatav riistvara komponent taglase ja t\u00f5stmise rakendustes. See on spetsiaalselt ette n\u00e4htud trosside v\u00f5i kaablite otste kinnitamiseks, tagades usaldusv\u00e4\u00e4rse ja ohutu \u00fchenduse.<\/p>\n<p>Fist Grip koosneb tavaliselt metallist korpusest, millel on U-kujuline soon v\u00f5i sadul, koos keermestatud poldi v\u00f5i mitme poldi ja mutriga. Tross asetatakse U-kujulisse soonde ja poldid t\u00f5mmatakse kinni, et suruda haare trossi \u00fcmber, luues turvalise ja kindla haarde.<\/p>\n<p>Fist Grip'i konstruktsioon tagab, et tross j\u00e4\u00e4b paigale ja takistab selle libisemist v\u00f5i lahtistumist pinge all. Seda kasutatakse tavaliselt aasade loomiseks, trossi otste l\u00f5petamiseks v\u00f5i kahe trossiosa \u00fchendamiseks.<\/p>","protected":false},"featured_media":4079,"comment_status":"open","ping_status":"closed","template":"","meta":{"site-sidebar-layout":"default","site-content-layout":"default","ast-site-content-layout":"default","site-content-style":"default","site-sidebar-style":"default","ast-global-header-display":"","ast-banner-title-visibility":"","ast-main-header-display":"","ast-hfb-above-header-display":"","ast-hfb-below-header-display":"","ast-hfb-mobile-header-display":"","site-post-title":"","ast-breadcrumbs-content":"","ast-featured-img":"","footer-sml-layout":"","theme-transparent-header-meta":"default","adv-header-id-meta":"","stick-header-meta":"default","header-above-stick-meta":"","header-main-stick-meta":"","header-below-stick-meta":"","astra-migrate-meta-layouts":"set","ast-page-background-enabled":"default","ast-page-background-meta":{"desktop":{"background-color":"","background-image":"","background-repeat":"repeat","background-position":"center center","background-size":"auto","background-attachment":"scroll","background-type":"","background-media":"","overlay-type":"","overlay-color":"","overlay-opacity":"","overlay-gradient":""},"tablet":{"background-color":"","background-image":"","background-repeat":"repeat","background-position":"center center","background-size":"auto","background-attachment":"scroll","background-type":"","background-media":"","overlay-type":"","overlay-color":"","overlay-opacity":"","overlay-gradient":""},"mobile":{"background-color":"","background-image":"","background-repeat":"repeat","background-position":"center center","background-size":"auto","background-attachment":"scroll","background-type":"","background-media":"","overlay-type":"","overlay-color":"","overlay-opacity":"","overlay-gradient":""}},"ast-content-background-meta":{"desktop":{"background-color":"var(--ast-global-color-5)","background-image":"","background-repeat":"repeat","background-position":"center center","background-size":"auto","background-attachment":"scroll","background-type":"","background-media":"","overlay-type":"","overlay-color":"","overlay-opacity":"","overlay-gradient":""},"tablet":{"background-color":"var(--ast-global-color-5)","background-image":"","background-repeat":"repeat","background-position":"center center","background-size":"auto","background-attachment":"scroll","background-type":"","background-media":"","overlay-type":"","overlay-color":"","overlay-opacity":"","overlay-gradient":""},"mobile":{"background-color":"var(--ast-global-color-5)","background-image":"","background-repeat":"repeat","background-position":"center center","background-size":"auto","background-attachment":"scroll","background-type":"","background-media":"","overlay-type":"","overlay-color":"","overlay-opacity":"","overlay-gradient":""}}},"product_brand":[],"product_cat":[37,43],"product_tag":[],"class_list":{"0":"post-4078","1":"product","2":"type-product","3":"status-publish","4":"has-post-thumbnail","6":"product_cat-wire-rope","7":"product_cat-rigging-hardware","8":"desktop-align-left","9":"tablet-align-left","10":"mobile-align-left","11":"ast-product-gallery-layout-horizontal-slider","12":"ast-product-tabs-layout-horizontal","14":"first","15":"instock","16":"shipping-taxable","17":"purchasable","18":"product-type-simple"},"yoast_head":"<!-- This site is optimized with the Yoast SEO plugin v25.2 - https:\/\/yoast.com\/wordpress\/plugins\/seo\/ -->\n<title>Fist Grip Clamps<\/title>\n<meta name=\"description\" content=\"The Fist Grip, also known as a wire rope grip or wire rope clip, is a commonly used hardware component in rigging and lifting applications.\" \/>\n<meta name=\"robots\" content=\"index, follow, max-snippet:-1, max-image-preview:large, max-video-preview:-1\" \/>\n<link rel=\"canonical\" href=\"https:\/\/qingdaohf.com\/et\/toode\/rusikahaaret\/\" \/>\n<meta property=\"og:locale\" content=\"et_EE\" \/>\n<meta property=\"og:type\" content=\"article\" \/>\n<meta property=\"og:title\" content=\"Fist Grip Clamps\" \/>\n<meta property=\"og:description\" content=\"The Fist Grip, also known as a wire rope grip or wire rope clip, is a commonly used hardware component in rigging and lifting applications.\" \/>\n<meta property=\"og:url\" content=\"https:\/\/qingdaohf.com\/et\/toode\/rusikahaaret\/\" \/>\n<meta property=\"og:site_name\" content=\"Concrete Form &amp; Rigging Hardware Supplier\" \/>\n<meta property=\"article:publisher\" content=\"https:\/\/www.facebook.com\/qingdaohf\" \/>\n<meta property=\"article:modified_time\" content=\"2025-11-13T01:03:39+00:00\" \/>\n<meta property=\"og:image\" content=\"https:\/\/qingdaohf.com\/wp-content\/uploads\/2023\/05\/fist-clip-1.jpg\" \/>\n\t<meta property=\"og:image:width\" content=\"1000\" \/>\n\t<meta property=\"og:image:height\" content=\"1000\" \/>\n\t<meta property=\"og:image:type\" content=\"image\/jpeg\" \/>\n<meta name=\"twitter:card\" content=\"summary_large_image\" \/>\n<meta name=\"twitter:label1\" content=\"Est. reading time\" \/>\n\t<meta name=\"twitter:data1\" content=\"5 minutit\" \/>\n<script type=\"application\/ld+json\" class=\"yoast-schema-graph\">{\"@context\":\"https:\/\/schema.org\",\"@graph\":[{\"@type\":\"WebPage\",\"@id\":\"https:\/\/qingdaohf.com\/product\/fist-grip\/\",\"url\":\"https:\/\/qingdaohf.com\/product\/fist-grip\/\",\"name\":\"Fist Grip Clamps\",\"isPartOf\":{\"@id\":\"https:\/\/qingdaohf.com\/bg\/#website\"},\"primaryImageOfPage\":{\"@id\":\"https:\/\/qingdaohf.com\/product\/fist-grip\/#primaryimage\"},\"image\":{\"@id\":\"https:\/\/qingdaohf.com\/product\/fist-grip\/#primaryimage\"},\"thumbnailUrl\":\"https:\/\/qingdaohf.com\/wp-content\/uploads\/2023\/05\/fist-clip-1.jpg\",\"datePublished\":\"2024-01-19T01:59:32+00:00\",\"dateModified\":\"2025-11-13T01:03:39+00:00\",\"description\":\"The Fist Grip, also known as a wire rope grip or wire rope clip, is a commonly used hardware component in rigging and lifting applications.\",\"breadcrumb\":{\"@id\":\"https:\/\/qingdaohf.com\/product\/fist-grip\/#breadcrumb\"},\"inLanguage\":\"et\",\"potentialAction\":[{\"@type\":\"ReadAction\",\"target\":[\"https:\/\/qingdaohf.com\/product\/fist-grip\/\"]}]},{\"@type\":\"ImageObject\",\"inLanguage\":\"et\",\"@id\":\"https:\/\/qingdaohf.com\/product\/fist-grip\/#primaryimage\",\"url\":\"https:\/\/qingdaohf.com\/wp-content\/uploads\/2023\/05\/fist-clip-1.jpg\",\"contentUrl\":\"https:\/\/qingdaohf.com\/wp-content\/uploads\/2023\/05\/fist-clip-1.jpg\",\"width\":1000,\"height\":1000,\"caption\":\"fist clip\"},{\"@type\":\"BreadcrumbList\",\"@id\":\"https:\/\/qingdaohf.com\/product\/fist-grip\/#breadcrumb\",\"itemListElement\":[{\"@type\":\"ListItem\",\"position\":1,\"name\":\"Home\",\"item\":\"https:\/\/qingdaohf.com\/\"},{\"@type\":\"ListItem\",\"position\":2,\"name\":\"Concrete Forming Accessories and Rigging Hardware\",\"item\":\"https:\/\/qingdaohf.com\/bg\/?page_id=944\"},{\"@type\":\"ListItem\",\"position\":3,\"name\":\"Fist Grip Clamps\"}]},{\"@type\":\"WebSite\",\"@id\":\"https:\/\/qingdaohf.com\/bg\/#website\",\"url\":\"https:\/\/qingdaohf.com\/bg\/\",\"name\":\"Concrete Form & Rigging Hardware Supplier\",\"description\":\"\",\"publisher\":{\"@id\":\"https:\/\/qingdaohf.com\/bg\/#organization\"},\"potentialAction\":[{\"@type\":\"SearchAction\",\"target\":{\"@type\":\"EntryPoint\",\"urlTemplate\":\"https:\/\/qingdaohf.com\/bg\/?s={search_term_string}\"},\"query-input\":{\"@type\":\"PropertyValueSpecification\",\"valueRequired\":true,\"valueName\":\"search_term_string\"}}],\"inLanguage\":\"et\"},{\"@type\":\"Organization\",\"@id\":\"https:\/\/qingdaohf.com\/bg\/#organization\",\"name\":\"Qingdao H&F\",\"url\":\"https:\/\/qingdaohf.com\/bg\/\",\"logo\":{\"@type\":\"ImageObject\",\"inLanguage\":\"et\",\"@id\":\"https:\/\/qingdaohf.com\/bg\/#\/schema\/logo\/image\/\",\"url\":\"https:\/\/qingdaohf.com\/wp-content\/uploads\/2022\/12\/cropped-HF-LOGO.png\",\"contentUrl\":\"https:\/\/qingdaohf.com\/wp-content\/uploads\/2022\/12\/cropped-HF-LOGO.png\",\"width\":391,\"height\":249,\"caption\":\"Qingdao H&F\"},\"image\":{\"@id\":\"https:\/\/qingdaohf.com\/bg\/#\/schema\/logo\/image\/\"},\"sameAs\":[\"https:\/\/www.facebook.com\/qingdaohf\"]}]}<\/script>\n<!-- \/ Yoast SEO plugin. -->","yoast_head_json":{"title":"Fist Grip Clamps","description":"The Fist Grip, also known as a wire rope grip or wire rope clip, is a commonly used hardware component in rigging and lifting applications.","robots":{"index":"index","follow":"follow","max-snippet":"max-snippet:-1","max-image-preview":"max-image-preview:large","max-video-preview":"max-video-preview:-1"},"canonical":"https:\/\/qingdaohf.com\/et\/toode\/rusikahaaret\/","og_locale":"et_EE","og_type":"article","og_title":"Fist Grip Clamps","og_description":"The Fist Grip, also known as a wire rope grip or wire rope clip, is a commonly used hardware component in rigging and lifting applications.","og_url":"https:\/\/qingdaohf.com\/et\/toode\/rusikahaaret\/","og_site_name":"Concrete Form &amp; Rigging Hardware Supplier","article_publisher":"https:\/\/www.facebook.com\/qingdaohf","article_modified_time":"2025-11-13T01:03:39+00:00","og_image":[{"width":1000,"height":1000,"url":"https:\/\/qingdaohf.com\/wp-content\/uploads\/2023\/05\/fist-clip-1.jpg","type":"image\/jpeg"}],"twitter_card":"summary_large_image","twitter_misc":{"Est. reading time":"5 minutit"},"schema":{"@context":"https:\/\/schema.org","@graph":[{"@type":"WebPage","@id":"https:\/\/qingdaohf.com\/product\/fist-grip\/","url":"https:\/\/qingdaohf.com\/product\/fist-grip\/","name":"Fist Grip Clamps","isPartOf":{"@id":"https:\/\/qingdaohf.com\/bg\/#website"},"primaryImageOfPage":{"@id":"https:\/\/qingdaohf.com\/product\/fist-grip\/#primaryimage"},"image":{"@id":"https:\/\/qingdaohf.com\/product\/fist-grip\/#primaryimage"},"thumbnailUrl":"https:\/\/qingdaohf.com\/wp-content\/uploads\/2023\/05\/fist-clip-1.jpg","datePublished":"2024-01-19T01:59:32+00:00","dateModified":"2025-11-13T01:03:39+00:00","description":"The Fist Grip, also known as a wire rope grip or wire rope clip, is a commonly used hardware component in rigging and lifting applications.","breadcrumb":{"@id":"https:\/\/qingdaohf.com\/product\/fist-grip\/#breadcrumb"},"inLanguage":"et","potentialAction":[{"@type":"ReadAction","target":["https:\/\/qingdaohf.com\/product\/fist-grip\/"]}]},{"@type":"ImageObject","inLanguage":"et","@id":"https:\/\/qingdaohf.com\/product\/fist-grip\/#primaryimage","url":"https:\/\/qingdaohf.com\/wp-content\/uploads\/2023\/05\/fist-clip-1.jpg","contentUrl":"https:\/\/qingdaohf.com\/wp-content\/uploads\/2023\/05\/fist-clip-1.jpg","width":1000,"height":1000,"caption":"fist clip"},{"@type":"BreadcrumbList","@id":"https:\/\/qingdaohf.com\/product\/fist-grip\/#breadcrumb","itemListElement":[{"@type":"ListItem","position":1,"name":"Home","item":"https:\/\/qingdaohf.com\/"},{"@type":"ListItem","position":2,"name":"Concrete Forming Accessories and Rigging Hardware","item":"https:\/\/qingdaohf.com\/bg\/?page_id=944"},{"@type":"ListItem","position":3,"name":"Fist Grip Clamps"}]},{"@type":"WebSite","@id":"https:\/\/qingdaohf.com\/bg\/#website","url":"https:\/\/qingdaohf.com\/bg\/","name":"Concrete Form & Rigging Hardware Supplier","description":"","publisher":{"@id":"https:\/\/qingdaohf.com\/bg\/#organization"},"potentialAction":[{"@type":"SearchAction","target":{"@type":"EntryPoint","urlTemplate":"https:\/\/qingdaohf.com\/bg\/?s={search_term_string}"},"query-input":{"@type":"PropertyValueSpecification","valueRequired":true,"valueName":"search_term_string"}}],"inLanguage":"et"},{"@type":"Organization","@id":"https:\/\/qingdaohf.com\/bg\/#organization","name":"Qingdao H&F","url":"https:\/\/qingdaohf.com\/bg\/","logo":{"@type":"ImageObject","inLanguage":"et","@id":"https:\/\/qingdaohf.com\/bg\/#\/schema\/logo\/image\/","url":"https:\/\/qingdaohf.com\/wp-content\/uploads\/2022\/12\/cropped-HF-LOGO.png","contentUrl":"https:\/\/qingdaohf.com\/wp-content\/uploads\/2022\/12\/cropped-HF-LOGO.png","width":391,"height":249,"caption":"Qingdao H&F"},"image":{"@id":"https:\/\/qingdaohf.com\/bg\/#\/schema\/logo\/image\/"},"sameAs":["https:\/\/www.facebook.com\/qingdaohf"]}]}},"_links":{"self":[{"href":"https:\/\/qingdaohf.com\/et\/wp-json\/wp\/v2\/product\/4078","targetHints":{"allow":["GET"]}}],"collection":[{"href":"https:\/\/qingdaohf.com\/et\/wp-json\/wp\/v2\/product"}],"about":[{"href":"https:\/\/qingdaohf.com\/et\/wp-json\/wp\/v2\/types\/product"}],"replies":[{"embeddable":true,"href":"https:\/\/qingdaohf.com\/et\/wp-json\/wp\/v2\/comments?post=4078"}],"version-history":[{"count":8,"href":"https:\/\/qingdaohf.com\/et\/wp-json\/wp\/v2\/product\/4078\/revisions"}],"predecessor-version":[{"id":7402,"href":"https:\/\/qingdaohf.com\/et\/wp-json\/wp\/v2\/product\/4078\/revisions\/7402"}],"wp:featuredmedia":[{"embeddable":true,"href":"https:\/\/qingdaohf.com\/et\/wp-json\/wp\/v2\/media\/4079"}],"wp:attachment":[{"href":"https:\/\/qingdaohf.com\/et\/wp-json\/wp\/v2\/media?parent=4078"}],"wp:term":[{"taxonomy":"product_brand","embeddable":true,"href":"https:\/\/qingdaohf.com\/et\/wp-json\/wp\/v2\/product_brand?post=4078"},{"taxonomy":"product_cat","embeddable":true,"href":"https:\/\/qingdaohf.com\/et\/wp-json\/wp\/v2\/product_cat?post=4078"},{"taxonomy":"product_tag","embeddable":true,"href":"https:\/\/qingdaohf.com\/et\/wp-json\/wp\/v2\/product_tag?post=4078"}],"curies":[{"name":"wp","href":"https:\/\/api.w.org\/{rel}","templated":true}]}}