{"id":4087,"date":"2023-05-26T13:55:19","date_gmt":"2023-05-26T05:55:19","guid":{"rendered":"http:\/\/qingdaohf.com\/?post_type=product&#038;p=4087"},"modified":"2025-11-13T09:04:25","modified_gmt":"2025-11-13T01:04:25","slug":"wire-tensioner-ratchet","status":"publish","type":"product","link":"https:\/\/qingdaohf.com\/et\/toode\/traadi-pingutusrattaga\/","title":{"rendered":"Traadi pinguldaja ratas"},"content":{"rendered":"<h2 class=\"text-xl font-bold text-text-200 mt-1 -mb-0.5\">Alustamine traadi pingutusseadmetega<\/h2>\n<p class=\"whitespace-pre-wrap break-words\">Olgem ausad - \u00f5ige traatpinge v\u00f5ib teie projekti muuta v\u00f5i rikkuda. Olenemata sellest, kas te rajate tara liini v\u00f5i t\u00f6\u00f6tate elektripaigaldiste kallal, on \u00f5ige t\u00f6\u00f6riist t\u00f6\u00f6ks mitte ainult mugav, vaid h\u00e4davajalik. Siinkohal tulebki appi traadi pingutusratas. See t\u00f6\u00f6loom ei pinguta lihtsalt traati, vaid annab teile t\u00e4pse kontrolli, mida vajate, et teha t\u00f6\u00f6d \u00f5igesti.<\/p>\n<p class=\"whitespace-pre-wrap break-words\">Me saame aru - t\u00f6\u00f6riistade ostmine veebist v\u00f5ib olla keeruline. Tahate kvaliteeti, kuid vajate ka tuge, kui asjad l\u00e4hevad halvasti. Seep\u00e4rast oleme oma \u00e4ri \u00fcles ehitanud personaalsele teenindusele. Iga klient saab otsese juurdep\u00e4\u00e4su meie tooteekspertidele, kiire tarne ja \u00fcksikasjalikud kvaliteediaruanded. Siin ei ole mingeid \u00fcldisi vastuseid ega automatiseeritud s\u00fcsteeme - ainult t\u00f5eline abi, kui seda vajate.<\/p>\n<h2 class=\"text-xl font-bold text-text-200 mt-1 -mb-0.5\">Miks traadi pinge on oluline<\/h2>\n<p class=\"whitespace-pre-wrap break-words\">Kui j\u00e4tate \u00f5ige pinge vahele, siis on teil probleeme. Liiga l\u00f5dvalt? Teie tara v\u00f5ib l\u00e4bi vajuda v\u00f5i t\u00e4iesti l\u00e4bi kukkuda. Liiga pingul? Teid ootavad katkised juhtmed ja kallid parandused. See ei ole pelgalt teooria - me oleme n\u00e4inud seda juhtuvat k\u00f5igis t\u00f6\u00f6stusharudes, alates ehitusplatsidest kuni p\u00f5llumajandusettev\u00f5tete tarade ehitamiseni.<\/p>\n<p class=\"whitespace-pre-wrap break-words\">Meie traadi pingutusratta ilu seisneb selle t\u00e4psuses. Saate samm-sammult ja ilma arvamisteta valida t\u00e4pselt \u00f5ige pinge. Te ei pea enam lootma, et traat ei murdu v\u00f5i ei vaju - te teate, et see on \u00f5ige, sest te olete selle \u00f5igesti seadistanud.<\/p>\n<h2 class=\"text-xl font-bold text-text-200 mt-1 -mb-0.5\">Mis eristab seda t\u00f6\u00f6riista<\/h2>\n<h3 class=\"text-lg font-bold text-text-200 mt-1 -mb-1.5\">Ehitatud kestma<\/h3>\n<p class=\"whitespace-pre-wrap break-words\">See ei ole tavaline riistapoe t\u00f6\u00f6riist. Me oleme projekteerinud traadi pingutusratsa nii, et see kannatab peksmist ja j\u00e4tkab t\u00f6\u00f6d. Rat\u0161imehhanism on sujuv, kuid vastupidav, v\u00f5imaldades teil teha neid pisikesi kohandusi, mis muudavad k\u00f5ik erinevused. Ja mis k\u00f5ige parem? See v\u00e4hendab tegelikult t\u00f6\u00f6 tegemiseks vajalikke lihaseid.<\/p>\n<h3 class=\"text-lg font-bold text-text-200 mt-1 -mb-1.5\">Mitmek\u00fclgsus, mis t\u00f6\u00f6tab<\/h3>\n<p class=\"whitespace-pre-wrap break-words\">Olenemata sellest, kas te k\u00e4sitsete okastraati v\u00f5i kaablit, see t\u00f6\u00f6riist kohandub vastavalt teie vajadustele. Me oleme selle konstrueerinud nii, et see t\u00f6\u00f6tab peaaegu iga traadi t\u00fc\u00fcbiga, mille te selle ette viskate. Ja kuna see on valmistatud rooste- ja korrosioonikindlatest materjalidest, j\u00e4\u00e4b see teie t\u00f6\u00f6riistakasti aastateks.<\/p>\n<h2 class=\"text-xl font-bold text-text-200 mt-1 -mb-0.5\">Teeme selle teie jaoks t\u00f6\u00f6tavaks<\/h2>\n<h3 class=\"text-lg font-bold text-text-200 mt-1 -mb-1.5\">P\u00f5hitegevus<\/h3>\n<p class=\"whitespace-pre-wrap break-words\">Alustamine ei saakski olla lihtsam. Lihtsalt kinnitage traat, l\u00fclitage ratas sisse ja alustage pingutamist. Mehhanism teeb rasket t\u00f6\u00f6d, j\u00e4ttes teile v\u00f5imaluse keskenduda just \u00f5ige pinge saavutamisele. Ka k\u00e4epide on disainitud mugavaks - p\u00e4rast pikka t\u00f6\u00f6p\u00e4eva ei ole enam kramplikke k\u00e4si.<\/p>\n<p class=\"whitespace-pre-wrap break-words\">Selle s\u00fcsteemi ilu seisneb selles, et see hoiab pingeid paigal. Kui olete selle saanud sinna, kuhu soovite, j\u00e4\u00e4b see paigale. Suuremate t\u00f6\u00f6de puhul t\u00e4hendab see j\u00e4rjepidevaid tulemusi, ilma et te ennast \u00e4ra kulutaksite.<\/p>\n<h2 class=\"text-xl font-bold text-text-200 mt-1 -mb-0.5\">Miks valida meid<\/h2>\n<p class=\"whitespace-pre-wrap break-words\">Vaata, t\u00f6\u00f6riistad on investeering. Kui te ostate meilt, saate rohkem kui lihtsalt riistvara. Meie meeskond v\u00f5tab tegelikult telefoni vastu, kui te helistate. Kas vajate n\u00f5u? Kas teil on k\u00fcsimusi? Me oleme siin. Ja me ei saada lihtsalt t\u00f6\u00f6riistu - me testime neid k\u00f5igepealt. Iga seade l\u00e4bib kvaliteedikontrolli, enne kui see meie laost lahkub.<\/p>\n<p class=\"whitespace-pre-wrap break-words\">Pealegi teame, et teil on t\u00f6\u00f6d. Seep\u00e4rast seame prioriteediks kiire tarne - mida kiiremini saate oma t\u00f6\u00f6riista k\u00e4tte, seda kiiremini saate tagasi t\u00f6\u00f6le asuda.<\/p>\n<h2 class=\"text-xl font-bold text-text-200 mt-1 -mb-0.5\">Kokkuv\u00f5tteks<\/h2>\n<p class=\"whitespace-pre-wrap break-words\">L\u00f5pptulemus? Traadi pingutusratas ei ole lihtsalt veel \u00fcks t\u00f6\u00f6riist - see on lahendus probleemile, mis vaevab traadit\u00f6id k\u00f5ikides t\u00f6\u00f6stusharudes. Olenemata sellest, kas olete professionaal, kes vajab usaldusv\u00e4\u00e4rsust iga p\u00e4ev, v\u00f5i n\u00e4dalavahetuse projektidega tegelevad kodut\u00f6\u00f6nduslased, see t\u00f6\u00f6riist pakub teile vajalikku t\u00e4psust ja kontrolli.<\/p>\n<p class=\"whitespace-pre-wrap break-words\">Me toetame seda kvaliteeti t\u00f5elise toetuse, kiire tarnimise ja p\u00f5hjaliku testimisega. Sest l\u00f5ppkokkuv\u00f5ttes on teie edu meie edu. Kas olete valmis muutma juhtmete pinguldamise peavalu minevikku? Paneme teid t\u00f6\u00f6le \u00f5ige t\u00f6\u00f6riistaga.<\/p>","protected":false},"excerpt":{"rendered":"<p>Trossipinguti on tugev ja kvaliteetne t\u00f6\u00f6riist, mis on m\u00f5eldud traatkaablite turvaliseks pingutamiseks ja hoidmiseks, et tagada mis tahes paigalduse tugevus ja vastupidavus. Olenemata sellest, kas tegemist on kaablite ja trosside v\u00f5i aiaga, v\u00f5imaldab t\u00f6\u00f6riist t\u00e4pset pingete seadistamist, k\u00f5rvaldades l\u00f5tku ja tagades tipptaseme. \u00dcks-\u00fchele klienditeenindus, kiire tarneaeg ja \u00fcksikasjalikud kvaliteedikontrolli aruanded tagavad, et iga teile tarnitud toode toimib ootusp\u00e4raselt ja on usaldusv\u00e4\u00e4rne.<\/p>","protected":false},"featured_media":4088,"comment_status":"open","ping_status":"closed","template":"","meta":{"site-sidebar-layout":"default","site-content-layout":"default","ast-site-content-layout":"default","site-content-style":"default","site-sidebar-style":"default","ast-global-header-display":"","ast-banner-title-visibility":"","ast-main-header-display":"","ast-hfb-above-header-display":"","ast-hfb-below-header-display":"","ast-hfb-mobile-header-display":"","site-post-title":"","ast-breadcrumbs-content":"","ast-featured-img":"","footer-sml-layout":"","theme-transparent-header-meta":"default","adv-header-id-meta":"","stick-header-meta":"default","header-above-stick-meta":"","header-main-stick-meta":"","header-below-stick-meta":"","astra-migrate-meta-layouts":"set","ast-page-background-enabled":"default","ast-page-background-meta":{"desktop":{"background-color":"","background-image":"","background-repeat":"repeat","background-position":"center center","background-size":"auto","background-attachment":"scroll","background-type":"","background-media":"","overlay-type":"","overlay-color":"","overlay-opacity":"","overlay-gradient":""},"tablet":{"background-color":"","background-image":"","background-repeat":"repeat","background-position":"center center","background-size":"auto","background-attachment":"scroll","background-type":"","background-media":"","overlay-type":"","overlay-color":"","overlay-opacity":"","overlay-gradient":""},"mobile":{"background-color":"","background-image":"","background-repeat":"repeat","background-position":"center center","background-size":"auto","background-attachment":"scroll","background-type":"","background-media":"","overlay-type":"","overlay-color":"","overlay-opacity":"","overlay-gradient":""}},"ast-content-background-meta":{"desktop":{"background-color":"var(--ast-global-color-5)","background-image":"","background-repeat":"repeat","background-position":"center center","background-size":"auto","background-attachment":"scroll","background-type":"","background-media":"","overlay-type":"","overlay-color":"","overlay-opacity":"","overlay-gradient":""},"tablet":{"background-color":"var(--ast-global-color-5)","background-image":"","background-repeat":"repeat","background-position":"center center","background-size":"auto","background-attachment":"scroll","background-type":"","background-media":"","overlay-type":"","overlay-color":"","overlay-opacity":"","overlay-gradient":""},"mobile":{"background-color":"var(--ast-global-color-5)","background-image":"","background-repeat":"repeat","background-position":"center center","background-size":"auto","background-attachment":"scroll","background-type":"","background-media":"","overlay-type":"","overlay-color":"","overlay-opacity":"","overlay-gradient":""}}},"product_brand":[],"product_cat":[44],"product_tag":[],"class_list":{"0":"post-4087","1":"product","2":"type-product","3":"status-publish","4":"has-post-thumbnail","6":"product_cat-stainless-steel-poduct","7":"desktop-align-left","8":"tablet-align-left","9":"mobile-align-left","10":"ast-product-gallery-layout-horizontal-slider","11":"ast-product-gallery-with-no-image","12":"ast-product-tabs-layout-horizontal","14":"first","15":"instock","16":"shipping-taxable","17":"purchasable","18":"product-type-simple"},"yoast_head":"<!-- This site is optimized with the Yoast SEO plugin v25.2 - https:\/\/yoast.com\/wordpress\/plugins\/seo\/ -->\n<title>Wire Tensioner Ratchet<\/title>\n<meta name=\"description\" content=\"The Wire Tensioner Ratchet, also known as a ratchet tensioner or wire rope tensioner, is a mechanical device used to tighten and tension wire ropes or cables.\" \/>\n<meta name=\"robots\" content=\"index, follow, max-snippet:-1, max-image-preview:large, max-video-preview:-1\" \/>\n<link rel=\"canonical\" href=\"https:\/\/qingdaohf.com\/et\/toode\/traadi-pingutusrattaga\/\" \/>\n<meta property=\"og:locale\" content=\"et_EE\" \/>\n<meta property=\"og:type\" content=\"article\" \/>\n<meta property=\"og:title\" content=\"Wire Tensioner Ratchet\" \/>\n<meta property=\"og:description\" content=\"The Wire Tensioner Ratchet, also known as a ratchet tensioner or wire rope tensioner, is a mechanical device used to tighten and tension wire ropes or cables.\" \/>\n<meta property=\"og:url\" content=\"https:\/\/qingdaohf.com\/et\/toode\/traadi-pingutusrattaga\/\" \/>\n<meta property=\"og:site_name\" content=\"Concrete Form &amp; Rigging Hardware Supplier\" \/>\n<meta property=\"article:publisher\" content=\"https:\/\/www.facebook.com\/qingdaohf\" \/>\n<meta property=\"article:modified_time\" content=\"2025-11-13T01:04:25+00:00\" \/>\n<meta property=\"og:image\" content=\"https:\/\/qingdaohf.com\/wp-content\/uploads\/2023\/05\/Wire-ratchet-9.jpg\" \/>\n\t<meta property=\"og:image:width\" content=\"1000\" \/>\n\t<meta property=\"og:image:height\" content=\"1000\" \/>\n\t<meta property=\"og:image:type\" content=\"image\/jpeg\" \/>\n<meta name=\"twitter:card\" content=\"summary_large_image\" \/>\n<meta name=\"twitter:label1\" content=\"Est. reading time\" \/>\n\t<meta name=\"twitter:data1\" content=\"3 minutit\" \/>\n<script type=\"application\/ld+json\" class=\"yoast-schema-graph\">{\"@context\":\"https:\/\/schema.org\",\"@graph\":[{\"@type\":\"WebPage\",\"@id\":\"https:\/\/qingdaohf.com\/product\/wire-tensioner-ratchet\/\",\"url\":\"https:\/\/qingdaohf.com\/product\/wire-tensioner-ratchet\/\",\"name\":\"Wire Tensioner Ratchet\",\"isPartOf\":{\"@id\":\"https:\/\/qingdaohf.com\/bg\/#website\"},\"primaryImageOfPage\":{\"@id\":\"https:\/\/qingdaohf.com\/product\/wire-tensioner-ratchet\/#primaryimage\"},\"image\":{\"@id\":\"https:\/\/qingdaohf.com\/product\/wire-tensioner-ratchet\/#primaryimage\"},\"thumbnailUrl\":\"https:\/\/qingdaohf.com\/wp-content\/uploads\/2023\/05\/Wire-ratchet-9.jpg\",\"datePublished\":\"2023-05-26T05:55:19+00:00\",\"dateModified\":\"2025-11-13T01:04:25+00:00\",\"description\":\"The Wire Tensioner Ratchet, also known as a ratchet tensioner or wire rope tensioner, is a mechanical device used to tighten and tension wire ropes or cables.\",\"breadcrumb\":{\"@id\":\"https:\/\/qingdaohf.com\/product\/wire-tensioner-ratchet\/#breadcrumb\"},\"inLanguage\":\"et\",\"potentialAction\":[{\"@type\":\"ReadAction\",\"target\":[\"https:\/\/qingdaohf.com\/product\/wire-tensioner-ratchet\/\"]}]},{\"@type\":\"ImageObject\",\"inLanguage\":\"et\",\"@id\":\"https:\/\/qingdaohf.com\/product\/wire-tensioner-ratchet\/#primaryimage\",\"url\":\"https:\/\/qingdaohf.com\/wp-content\/uploads\/2023\/05\/Wire-ratchet-9.jpg\",\"contentUrl\":\"https:\/\/qingdaohf.com\/wp-content\/uploads\/2023\/05\/Wire-ratchet-9.jpg\",\"width\":1000,\"height\":1000,\"caption\":\"Wire ratchet\"},{\"@type\":\"BreadcrumbList\",\"@id\":\"https:\/\/qingdaohf.com\/product\/wire-tensioner-ratchet\/#breadcrumb\",\"itemListElement\":[{\"@type\":\"ListItem\",\"position\":1,\"name\":\"Home\",\"item\":\"https:\/\/qingdaohf.com\/\"},{\"@type\":\"ListItem\",\"position\":2,\"name\":\"Concrete Forming Accessories and Rigging Hardware\",\"item\":\"https:\/\/qingdaohf.com\/bg\/?page_id=944\"},{\"@type\":\"ListItem\",\"position\":3,\"name\":\"Wire Tensioner Ratchet\"}]},{\"@type\":\"WebSite\",\"@id\":\"https:\/\/qingdaohf.com\/bg\/#website\",\"url\":\"https:\/\/qingdaohf.com\/bg\/\",\"name\":\"Concrete Form & Rigging Hardware Supplier\",\"description\":\"\",\"publisher\":{\"@id\":\"https:\/\/qingdaohf.com\/bg\/#organization\"},\"potentialAction\":[{\"@type\":\"SearchAction\",\"target\":{\"@type\":\"EntryPoint\",\"urlTemplate\":\"https:\/\/qingdaohf.com\/bg\/?s={search_term_string}\"},\"query-input\":{\"@type\":\"PropertyValueSpecification\",\"valueRequired\":true,\"valueName\":\"search_term_string\"}}],\"inLanguage\":\"et\"},{\"@type\":\"Organization\",\"@id\":\"https:\/\/qingdaohf.com\/bg\/#organization\",\"name\":\"Qingdao H&F\",\"url\":\"https:\/\/qingdaohf.com\/bg\/\",\"logo\":{\"@type\":\"ImageObject\",\"inLanguage\":\"et\",\"@id\":\"https:\/\/qingdaohf.com\/bg\/#\/schema\/logo\/image\/\",\"url\":\"https:\/\/qingdaohf.com\/wp-content\/uploads\/2022\/12\/cropped-HF-LOGO.png\",\"contentUrl\":\"https:\/\/qingdaohf.com\/wp-content\/uploads\/2022\/12\/cropped-HF-LOGO.png\",\"width\":391,\"height\":249,\"caption\":\"Qingdao H&F\"},\"image\":{\"@id\":\"https:\/\/qingdaohf.com\/bg\/#\/schema\/logo\/image\/\"},\"sameAs\":[\"https:\/\/www.facebook.com\/qingdaohf\"]}]}<\/script>\n<!-- \/ Yoast SEO plugin. -->","yoast_head_json":{"title":"Wire Tensioner Ratchet","description":"The Wire Tensioner Ratchet, also known as a ratchet tensioner or wire rope tensioner, is a mechanical device used to tighten and tension wire ropes or cables.","robots":{"index":"index","follow":"follow","max-snippet":"max-snippet:-1","max-image-preview":"max-image-preview:large","max-video-preview":"max-video-preview:-1"},"canonical":"https:\/\/qingdaohf.com\/et\/toode\/traadi-pingutusrattaga\/","og_locale":"et_EE","og_type":"article","og_title":"Wire Tensioner Ratchet","og_description":"The Wire Tensioner Ratchet, also known as a ratchet tensioner or wire rope tensioner, is a mechanical device used to tighten and tension wire ropes or cables.","og_url":"https:\/\/qingdaohf.com\/et\/toode\/traadi-pingutusrattaga\/","og_site_name":"Concrete Form &amp; Rigging Hardware Supplier","article_publisher":"https:\/\/www.facebook.com\/qingdaohf","article_modified_time":"2025-11-13T01:04:25+00:00","og_image":[{"width":1000,"height":1000,"url":"https:\/\/qingdaohf.com\/wp-content\/uploads\/2023\/05\/Wire-ratchet-9.jpg","type":"image\/jpeg"}],"twitter_card":"summary_large_image","twitter_misc":{"Est. reading time":"3 minutit"},"schema":{"@context":"https:\/\/schema.org","@graph":[{"@type":"WebPage","@id":"https:\/\/qingdaohf.com\/product\/wire-tensioner-ratchet\/","url":"https:\/\/qingdaohf.com\/product\/wire-tensioner-ratchet\/","name":"Wire Tensioner Ratchet","isPartOf":{"@id":"https:\/\/qingdaohf.com\/bg\/#website"},"primaryImageOfPage":{"@id":"https:\/\/qingdaohf.com\/product\/wire-tensioner-ratchet\/#primaryimage"},"image":{"@id":"https:\/\/qingdaohf.com\/product\/wire-tensioner-ratchet\/#primaryimage"},"thumbnailUrl":"https:\/\/qingdaohf.com\/wp-content\/uploads\/2023\/05\/Wire-ratchet-9.jpg","datePublished":"2023-05-26T05:55:19+00:00","dateModified":"2025-11-13T01:04:25+00:00","description":"The Wire Tensioner Ratchet, also known as a ratchet tensioner or wire rope tensioner, is a mechanical device used to tighten and tension wire ropes or cables.","breadcrumb":{"@id":"https:\/\/qingdaohf.com\/product\/wire-tensioner-ratchet\/#breadcrumb"},"inLanguage":"et","potentialAction":[{"@type":"ReadAction","target":["https:\/\/qingdaohf.com\/product\/wire-tensioner-ratchet\/"]}]},{"@type":"ImageObject","inLanguage":"et","@id":"https:\/\/qingdaohf.com\/product\/wire-tensioner-ratchet\/#primaryimage","url":"https:\/\/qingdaohf.com\/wp-content\/uploads\/2023\/05\/Wire-ratchet-9.jpg","contentUrl":"https:\/\/qingdaohf.com\/wp-content\/uploads\/2023\/05\/Wire-ratchet-9.jpg","width":1000,"height":1000,"caption":"Wire ratchet"},{"@type":"BreadcrumbList","@id":"https:\/\/qingdaohf.com\/product\/wire-tensioner-ratchet\/#breadcrumb","itemListElement":[{"@type":"ListItem","position":1,"name":"Home","item":"https:\/\/qingdaohf.com\/"},{"@type":"ListItem","position":2,"name":"Concrete Forming Accessories and Rigging Hardware","item":"https:\/\/qingdaohf.com\/bg\/?page_id=944"},{"@type":"ListItem","position":3,"name":"Wire Tensioner Ratchet"}]},{"@type":"WebSite","@id":"https:\/\/qingdaohf.com\/bg\/#website","url":"https:\/\/qingdaohf.com\/bg\/","name":"Concrete Form & Rigging Hardware Supplier","description":"","publisher":{"@id":"https:\/\/qingdaohf.com\/bg\/#organization"},"potentialAction":[{"@type":"SearchAction","target":{"@type":"EntryPoint","urlTemplate":"https:\/\/qingdaohf.com\/bg\/?s={search_term_string}"},"query-input":{"@type":"PropertyValueSpecification","valueRequired":true,"valueName":"search_term_string"}}],"inLanguage":"et"},{"@type":"Organization","@id":"https:\/\/qingdaohf.com\/bg\/#organization","name":"Qingdao H&F","url":"https:\/\/qingdaohf.com\/bg\/","logo":{"@type":"ImageObject","inLanguage":"et","@id":"https:\/\/qingdaohf.com\/bg\/#\/schema\/logo\/image\/","url":"https:\/\/qingdaohf.com\/wp-content\/uploads\/2022\/12\/cropped-HF-LOGO.png","contentUrl":"https:\/\/qingdaohf.com\/wp-content\/uploads\/2022\/12\/cropped-HF-LOGO.png","width":391,"height":249,"caption":"Qingdao H&F"},"image":{"@id":"https:\/\/qingdaohf.com\/bg\/#\/schema\/logo\/image\/"},"sameAs":["https:\/\/www.facebook.com\/qingdaohf"]}]}},"_links":{"self":[{"href":"https:\/\/qingdaohf.com\/et\/wp-json\/wp\/v2\/product\/4087","targetHints":{"allow":["GET"]}}],"collection":[{"href":"https:\/\/qingdaohf.com\/et\/wp-json\/wp\/v2\/product"}],"about":[{"href":"https:\/\/qingdaohf.com\/et\/wp-json\/wp\/v2\/types\/product"}],"replies":[{"embeddable":true,"href":"https:\/\/qingdaohf.com\/et\/wp-json\/wp\/v2\/comments?post=4087"}],"version-history":[{"count":1,"href":"https:\/\/qingdaohf.com\/et\/wp-json\/wp\/v2\/product\/4087\/revisions"}],"predecessor-version":[{"id":8976,"href":"https:\/\/qingdaohf.com\/et\/wp-json\/wp\/v2\/product\/4087\/revisions\/8976"}],"wp:featuredmedia":[{"embeddable":true,"href":"https:\/\/qingdaohf.com\/et\/wp-json\/wp\/v2\/media\/4088"}],"wp:attachment":[{"href":"https:\/\/qingdaohf.com\/et\/wp-json\/wp\/v2\/media?parent=4087"}],"wp:term":[{"taxonomy":"product_brand","embeddable":true,"href":"https:\/\/qingdaohf.com\/et\/wp-json\/wp\/v2\/product_brand?post=4087"},{"taxonomy":"product_cat","embeddable":true,"href":"https:\/\/qingdaohf.com\/et\/wp-json\/wp\/v2\/product_cat?post=4087"},{"taxonomy":"product_tag","embeddable":true,"href":"https:\/\/qingdaohf.com\/et\/wp-json\/wp\/v2\/product_tag?post=4087"}],"curies":[{"name":"wp","href":"https:\/\/api.w.org\/{rel}","templated":true}]}}