{"id":4232,"date":"2023-05-29T16:48:33","date_gmt":"2023-05-29T08:48:33","guid":{"rendered":"http:\/\/qingdaohf.com\/?post_type=product&#038;p=4232"},"modified":"2025-11-13T09:04:21","modified_gmt":"2025-11-13T01:04:21","slug":"eye-bolts","status":"publish","type":"product","link":"https:\/\/qingdaohf.com\/et\/toode\/silmapoldid\/","title":{"rendered":"T\u00f5stesilmapolt DIN580 S\u00fcsinikterasest tsingitud"},"content":{"rendered":"<div class=\"ast-oembed-container\" style=\"height: 100%;\"><iframe title=\"Silmamutter ja silmapolt\" width=\"500\" height=\"281\" src=\"https:\/\/www.youtube.com\/embed\/Cjopwi1wX3I?feature=oembed\" frameborder=\"0\" allow=\"accelerometer; autoplay; clipboard-write; encrypted-media; gyroscope; picture-in-picture; web-share\" referrerpolicy=\"strict-origin-when-cross-origin\" allowfullscreen><\/iframe><\/div>\n<h2 class=\"text-2xl font-bold mt-1 text-text-200\">Tsingitud silmapoldid: Kui vastupidavus kohtub j\u00f5udlusega<\/h2>\n<p class=\"whitespace-pre-wrap break-words\">Otsite usaldusv\u00e4\u00e4rset riistvara, mis peab vastu karmidele v\u00e4litingimustele? Tsingitud silmapoldid v\u00f5ivad olla just see, mida vajate. Need vastupidavad kinnitusdetailid on oma maine \u00e4ra teeninud ehitusplatsidel, laevatehastes ja t\u00f6\u00f6stusrajatistes \u00fcle kogu maailma. Nende pikaealisuse saladus? Kaitsev tsingikate, mis kaitseb terases\u00fcdant rooste ja korrosiooni eest. Lugege edasi, et avastada k\u00f5ike nende mitmek\u00fclgsete kinnitusdetailide m\u00f5\u00f5tmisv\u00f5imalustest kuni nende praktiliste rakendusteni.<\/p>\n<p><img fetchpriority=\"high\" decoding=\"async\" class=\"alignnone wp-image-8959 size-full\" src=\"http:\/\/qingdaohf.com\/wp-content\/uploads\/2025\/02\/eye-bolt-4.webp\" alt=\"silmapolt\" width=\"1920\" height=\"1080\" srcset=\"https:\/\/qingdaohf.com\/wp-content\/uploads\/2025\/02\/eye-bolt-4.webp 1920w, https:\/\/qingdaohf.com\/wp-content\/uploads\/2025\/02\/eye-bolt-4-300x169.webp 300w, https:\/\/qingdaohf.com\/wp-content\/uploads\/2025\/02\/eye-bolt-4-1024x576.webp 1024w, https:\/\/qingdaohf.com\/wp-content\/uploads\/2025\/02\/eye-bolt-4-768x432.webp 768w, https:\/\/qingdaohf.com\/wp-content\/uploads\/2025\/02\/eye-bolt-4-1536x864.webp 1536w, https:\/\/qingdaohf.com\/wp-content\/uploads\/2025\/02\/eye-bolt-4-18x10.webp 18w, https:\/\/qingdaohf.com\/wp-content\/uploads\/2025\/02\/eye-bolt-4-1000x563.webp 1000w\" sizes=\"(max-width: 1920px) 100vw, 1920px\" \/><\/p>\n<h2 class=\"text-xl font-bold text-text-200 mt-1 -mb-0.5\">Tsingitud silmapoldid<\/h2>\n<p class=\"whitespace-pre-wrap break-words\">Need ei ole tavalised kinnitusdetailid. Tsingitud silmapoldid \u00fchendavad endas erakordse tugevuse ja m\u00e4rkimisv\u00e4\u00e4rse t\u00f6\u00f6kindluse. Tsingiga katmine muudab tavalised teraspoldid korrosioonikindlateks j\u00f5ujaamadeks, mis naeravad niiskuse, soolapritsmete ja karmide ilmastikutingimustega silmitsi seistes. See muudab need asendamatuks mereseadmete, ehitusprojektide ja raskete t\u00f5stet\u00f6\u00f6de puhul.<\/p>\n<p class=\"whitespace-pre-wrap break-words\">Pindamisprotsess on eriti nutikas - tsink ei j\u00e4\u00e4 lihtsalt ilusti seisma. See ohverdab end aktiivselt, et kaitsta selle all olevat terast, mis on eriti oluline rannikualadel, kus soolane \u00f5hk v\u00f5ib v\u00e4iksemaid materjale kiiresti l\u00e4bi s\u00fc\u00fca. Seet\u00f5ttu vannuvad laevatehased ja mere\u00e4\u00e4rsed ehitusprojektid nende kinnituste peale.<\/p>\n<p class=\"whitespace-pre-wrap break-words\">Meie kaubandusettev\u00f5ttel on laos ainult k\u00f5rgekvaliteedilised tsingitud silmapoldid, mis vastavad rangetele kvaliteedin\u00f5uetele. Alates pisikestest M2-poltidest t\u00e4psust\u00f6\u00f6deks kuni j\u00f5uliste M24-versioonideni, mis suudavad taluda t\u00f5siseid koormusi, oleme teid katnud. Ei ole kindel, milline suurus sobib teie projektile? Meie spetsialistid aitavad teil teha \u00f5ige valiku.<\/p>\n<p><img decoding=\"async\" class=\"alignnone size-full wp-image-4672\" src=\"http:\/\/qingdaohf.com\/wp-content\/uploads\/2023\/05\/eye-bolt-eye-nut.jpg\" alt=\"Lifting_eye_ poldid\" width=\"1090\" height=\"725\" srcset=\"https:\/\/qingdaohf.com\/wp-content\/uploads\/2023\/05\/eye-bolt-eye-nut.jpg 1090w, https:\/\/qingdaohf.com\/wp-content\/uploads\/2023\/05\/eye-bolt-eye-nut-300x200.jpg 300w, https:\/\/qingdaohf.com\/wp-content\/uploads\/2023\/05\/eye-bolt-eye-nut-1024x681.jpg 1024w, https:\/\/qingdaohf.com\/wp-content\/uploads\/2023\/05\/eye-bolt-eye-nut-768x511.jpg 768w, https:\/\/qingdaohf.com\/wp-content\/uploads\/2023\/05\/eye-bolt-eye-nut-1000x665.jpg 1000w\" sizes=\"(max-width: 1090px) 100vw, 1090px\" \/><\/p>\n<h2 class=\"text-xl font-bold text-text-200 mt-1 -mb-0.5\">Tsingitud vs. roostevabast terasest silmapoldid: Praktiline v\u00f5rdlus<\/h2>\n<h3 class=\"text-lg font-bold text-text-200 mt-1 -mb-1.5\">Korrosioonikaitse<\/h3>\n<ul class=\"[&amp;:not(:last-child)_ul]:pb-1 [&amp;:not(:last-child)_ol]:pb-1 list-disc space-y-1.5 pl-7\">\n<li class=\"whitespace-normal break-words\">Tsingitud silmapoldid saavad oma kaitse sellest tsingivannist, mida me varem mainisime. Kattekihi moodustab vastupidava barj\u00e4\u00e4ri niiskuse ja korrodeerivate elementide vastu, mis sobib ideaalselt v\u00e4lis- ja merekasutuseks.<\/li>\n<li class=\"whitespace-normal break-words\">Roostevabast terasest silmapoldid v\u00f5itlevad korrosiooni vastu erinevalt - sulami kroom moodustab n\u00e4htamatu kaitsekilbi rooste vastu. Need on eriti head rakendustes, kus riistvara peab olema sama hea v\u00e4ljan\u00e4gemisega, kui see toimib.<\/li>\n<\/ul>\n<h3 class=\"text-lg font-bold text-text-200 mt-1 -mb-1.5\">Vastupidavus ja pikaealisus<\/h3>\n<ul class=\"[&amp;:not(:last-child)_ul]:pb-1 [&amp;:not(:last-child)_ol]:pb-1 list-disc space-y-1.5 pl-7\">\n<li class=\"whitespace-normal break-words\">Tsingitud valikud on enamiku raskete t\u00f6\u00f6de jaoks piisavalt j\u00f5ulised. See tsingikiht lisab t\u00e4iendavat vastupidavust, mis selgitab nende populaarsust ehituses ja tootmises.<\/li>\n<li class=\"whitespace-normal break-words\">Roostevaba teras t\u00f5stab latti veelgi k\u00f5rgemale, pakkudes \u00fclimat tugevust ja kulumiskindlust. Nad taluvad paremini ka \u00e4\u00e4rmuslikke temperatuure, mist\u00f5ttu on nad sobivad n\u00f5udlikes keskkondades.<\/li>\n<\/ul>\n<h3 class=\"text-lg font-bold text-text-200 mt-1 -mb-1.5\">Visuaalne m\u00f5ju<\/h3>\n<ul class=\"[&amp;:not(:last-child)_ul]:pb-1 [&amp;:not(:last-child)_ol]:pb-1 list-disc space-y-1.5 pl-7\">\n<li class=\"whitespace-normal break-words\">Tsingitud poldid on praktilise, t\u00f6\u00f6stusliku viimistlusega. Nad ei p\u00fc\u00fca v\u00f5ita iludusv\u00f5istlusi - nad on siin selleks, et t\u00f6\u00f6tada.<\/li>\n<li class=\"whitespace-normal break-words\">Roostevaba teras toob lauale nii j\u00f5udu kui ka ilu. Nende lihvitud v\u00e4limus muudab need populaarseks arhitektuuriprojektides, kus esteetika on oluline.<\/li>\n<\/ul>\n<h3 class=\"text-lg font-bold text-text-200 mt-1 -mb-1.5\">V\u00e4\u00e4rtuspakkumine<\/h3>\n<ul class=\"[&amp;:not(:last-child)_ul]:pb-1 [&amp;:not(:last-child)_ol]:pb-1 list-disc space-y-1.5 pl-7\">\n<li class=\"whitespace-normal break-words\">Tsingitud poldid tagavad kindla j\u00f5udluse, ilma et nad peaksid panga raha l\u00f5hkuma. Need on arukas valik, kui vajate usaldusv\u00e4\u00e4rsust eelarve piires.<\/li>\n<li class=\"whitespace-normal break-words\">Roostevaba terase hind on k\u00f5rgema hinnaga, mis peegeldab selle suurep\u00e4raseid omadusi. Lisakulu tasub sageli \u00e4ra, kui tegemist on maksimaalset j\u00f5udlust n\u00f5udvate erirakendustega.<\/li>\n<\/ul>\n<h2 class=\"text-xl font-bold text-text-200 mt-1 -mb-0.5\">Suurus on oluline: M2-st kuni M24-ni<\/h2>\n<p class=\"whitespace-pre-wrap break-words\">Meie valik h\u00f5lmab k\u00f5ike alates M2-st kuni M24-ni, tagades, et leiad oma projekti jaoks sobivaima:<\/p>\n<p class=\"whitespace-pre-wrap break-words\">M2 mudelid tulevad suurep\u00e4raselt toime kergete rakendustega, mis on ideaalsed v\u00e4iksemate masinate ja projektide jaoks, kus peenus on t\u00e4htsam kui j\u00f5hker j\u00f5ud.<\/p>\n<p class=\"whitespace-pre-wrap break-words\">Teises otsas on M24-variandid perekonna raskekahurv\u00e4elased. Need vastupidavad kinnitusdetailid on suurep\u00e4rased ehituses, raskete seadmete k\u00e4itlemisel ja k\u00f5ikjal mujal, kus on vaja t\u00f5sist t\u00f5stev\u00f5imet.<\/p>\n<p class=\"whitespace-pre-wrap break-words\">Pea meeles - \u00f5ige suuruse valimine ei ole ainult eelistuste, vaid ka ohutuse k\u00fcsimus. Meie meeskond on valmis aitama teil teha teadlikku otsust, mis p\u00f5hineb teie konkreetsetel n\u00f5udmistel.<\/p>\n<h2 class=\"text-xl font-bold text-text-200 mt-1 -mb-0.5\">Kogemustega partner<\/h2>\n<p class=\"whitespace-pre-wrap break-words\">Me usume, et saame pakkuda rohkem kui lihtsalt riistvara. Meie p\u00fchendumus h\u00f5lmab:<\/p>\n<p class=\"whitespace-pre-wrap break-words\">Ekspertide juhised: Saage personaalset tuge, et leida t\u00e4pselt see, mida vajate. Kiire tarne: Sest ootamine ei ole osa teie projekti ajakavast. Range testimine: Iga polt l\u00e4bib enne meie laost lahkumist range kvaliteedikontrolli.<\/p>\n<p class=\"whitespace-pre-wrap break-words\">Kui valite meie ettev\u00f5tte, siis saate rohkem kui ainult k\u00f5rgekvaliteedilised tsingitud silmapoldid - saate partneri, kes investeerib teie projekti \u00f5nnestumisse. Meie tooted on konstrueeritud nii, et need toimiksid usaldusv\u00e4\u00e4rselt, olenemata sellest, milliseid v\u00e4ljakutseid teie rakendus esitab.<\/p>","protected":false},"excerpt":{"rendered":"<p>Meie M2 kuni M24 tsingitud silmapoldid on ideaalsed erinevate t\u00f5stmis- ja kinnitamisrakenduste jaoks. Meie poldid on valmistatud suure tugevuse ja vastupidavusega, et tagada optimaalne t\u00f6\u00f6kindlus rasketes tingimustes. Alates raskest koormusest kuni t\u00f6\u00f6stusliku kinnitamiseni, mis n\u00f5uab kindlat haardumist, pakuvad meie silmapoldid suure j\u00f5udlusega tulemusi. Pakume individuaalset klienditeenindust, nii et k\u00f5ik teie k\u00fcsimused saavad kohe vastuse. Oleme kiired ja pakume ka \u00fcksikasjalikke kvaliteedikontrolli aruandeid, et tagada veavaba kogemus alates ostmisest kuni tarnimiseni. Usaldage oma j\u00e4rgmise projekti puhul meie tsingitud silmapoltidele ja olge kindel, et saate parimat.<\/p>","protected":false},"featured_media":8968,"comment_status":"open","ping_status":"closed","template":"","meta":{"site-sidebar-layout":"default","site-content-layout":"default","ast-site-content-layout":"default","site-content-style":"default","site-sidebar-style":"default","ast-global-header-display":"","ast-banner-title-visibility":"","ast-main-header-display":"","ast-hfb-above-header-display":"","ast-hfb-below-header-display":"","ast-hfb-mobile-header-display":"","site-post-title":"","ast-breadcrumbs-content":"","ast-featured-img":"","footer-sml-layout":"","theme-transparent-header-meta":"default","adv-header-id-meta":"","stick-header-meta":"default","header-above-stick-meta":"","header-main-stick-meta":"","header-below-stick-meta":"","astra-migrate-meta-layouts":"set","ast-page-background-enabled":"default","ast-page-background-meta":{"desktop":{"background-color":"","background-image":"","background-repeat":"repeat","background-position":"center center","background-size":"auto","background-attachment":"scroll","background-type":"","background-media":"","overlay-type":"","overlay-color":"","overlay-opacity":"","overlay-gradient":""},"tablet":{"background-color":"","background-image":"","background-repeat":"repeat","background-position":"center center","background-size":"auto","background-attachment":"scroll","background-type":"","background-media":"","overlay-type":"","overlay-color":"","overlay-opacity":"","overlay-gradient":""},"mobile":{"background-color":"","background-image":"","background-repeat":"repeat","background-position":"center center","background-size":"auto","background-attachment":"scroll","background-type":"","background-media":"","overlay-type":"","overlay-color":"","overlay-opacity":"","overlay-gradient":""}},"ast-content-background-meta":{"desktop":{"background-color":"var(--ast-global-color-5)","background-image":"","background-repeat":"repeat","background-position":"center center","background-size":"auto","background-attachment":"scroll","background-type":"","background-media":"","overlay-type":"","overlay-color":"","overlay-opacity":"","overlay-gradient":""},"tablet":{"background-color":"var(--ast-global-color-5)","background-image":"","background-repeat":"repeat","background-position":"center center","background-size":"auto","background-attachment":"scroll","background-type":"","background-media":"","overlay-type":"","overlay-color":"","overlay-opacity":"","overlay-gradient":""},"mobile":{"background-color":"var(--ast-global-color-5)","background-image":"","background-repeat":"repeat","background-position":"center center","background-size":"auto","background-attachment":"scroll","background-type":"","background-media":"","overlay-type":"","overlay-color":"","overlay-opacity":"","overlay-gradient":""}}},"product_brand":[],"product_cat":[43],"product_tag":[],"class_list":{"0":"post-4232","1":"product","2":"type-product","3":"status-publish","4":"has-post-thumbnail","6":"product_cat-rigging-hardware","7":"desktop-align-left","8":"tablet-align-left","9":"mobile-align-left","10":"ast-product-gallery-layout-horizontal-slider","11":"ast-product-tabs-layout-horizontal","13":"first","14":"instock","15":"shipping-taxable","16":"purchasable","17":"product-type-simple"},"yoast_head":"<!-- This site is optimized with the Yoast SEO plugin v25.2 - https:\/\/yoast.com\/wordpress\/plugins\/seo\/ -->\n<title>Lifting Eye Bolt DIN580 Carbon Steel Galvanized<\/title>\n<meta name=\"description\" content=\"Eye bolts are specialized fasteners designed to provide a secure and reliable anchor point for lifting, rigging, or suspending applications.\" \/>\n<meta name=\"robots\" content=\"index, follow, max-snippet:-1, max-image-preview:large, max-video-preview:-1\" \/>\n<link rel=\"canonical\" href=\"https:\/\/qingdaohf.com\/et\/toode\/silmapoldid\/\" \/>\n<meta property=\"og:locale\" content=\"et_EE\" \/>\n<meta property=\"og:type\" content=\"article\" \/>\n<meta property=\"og:title\" content=\"Lifting Eye Bolt DIN580 Carbon Steel Galvanized\" \/>\n<meta property=\"og:description\" content=\"Eye bolts are specialized fasteners designed to provide a secure and reliable anchor point for lifting, rigging, or suspending applications.\" \/>\n<meta property=\"og:url\" content=\"https:\/\/qingdaohf.com\/et\/toode\/silmapoldid\/\" \/>\n<meta property=\"og:site_name\" content=\"Concrete Form &amp; Rigging Hardware Supplier\" \/>\n<meta property=\"article:publisher\" content=\"https:\/\/www.facebook.com\/qingdaohf\" \/>\n<meta property=\"article:modified_time\" content=\"2025-11-13T01:04:21+00:00\" \/>\n<meta property=\"og:image\" content=\"https:\/\/qingdaohf.com\/wp-content\/uploads\/2023\/05\/eye-bolt-9.webp\" \/>\n\t<meta property=\"og:image:width\" content=\"1000\" \/>\n\t<meta property=\"og:image:height\" content=\"1000\" \/>\n\t<meta property=\"og:image:type\" content=\"image\/webp\" \/>\n<meta name=\"twitter:card\" content=\"summary_large_image\" \/>\n<meta name=\"twitter:label1\" content=\"Est. reading time\" \/>\n\t<meta name=\"twitter:data1\" content=\"4 minutit\" \/>\n<script type=\"application\/ld+json\" class=\"yoast-schema-graph\">{\"@context\":\"https:\/\/schema.org\",\"@graph\":[{\"@type\":\"WebPage\",\"@id\":\"https:\/\/qingdaohf.com\/product\/eye-bolts\/\",\"url\":\"https:\/\/qingdaohf.com\/product\/eye-bolts\/\",\"name\":\"Lifting Eye Bolt DIN580 Carbon Steel Galvanized\",\"isPartOf\":{\"@id\":\"https:\/\/qingdaohf.com\/bg\/#website\"},\"primaryImageOfPage\":{\"@id\":\"https:\/\/qingdaohf.com\/product\/eye-bolts\/#primaryimage\"},\"image\":{\"@id\":\"https:\/\/qingdaohf.com\/product\/eye-bolts\/#primaryimage\"},\"thumbnailUrl\":\"https:\/\/qingdaohf.com\/wp-content\/uploads\/2023\/05\/eye-bolt-9.webp\",\"datePublished\":\"2023-05-29T08:48:33+00:00\",\"dateModified\":\"2025-11-13T01:04:21+00:00\",\"description\":\"Eye bolts are specialized fasteners designed to provide a secure and reliable anchor point for lifting, rigging, or suspending applications.\",\"breadcrumb\":{\"@id\":\"https:\/\/qingdaohf.com\/product\/eye-bolts\/#breadcrumb\"},\"inLanguage\":\"et\",\"potentialAction\":[{\"@type\":\"ReadAction\",\"target\":[\"https:\/\/qingdaohf.com\/product\/eye-bolts\/\"]}]},{\"@type\":\"ImageObject\",\"inLanguage\":\"et\",\"@id\":\"https:\/\/qingdaohf.com\/product\/eye-bolts\/#primaryimage\",\"url\":\"https:\/\/qingdaohf.com\/wp-content\/uploads\/2023\/05\/eye-bolt-9.webp\",\"contentUrl\":\"https:\/\/qingdaohf.com\/wp-content\/uploads\/2023\/05\/eye-bolt-9.webp\",\"width\":1000,\"height\":1000,\"caption\":\"eye bolt\"},{\"@type\":\"BreadcrumbList\",\"@id\":\"https:\/\/qingdaohf.com\/product\/eye-bolts\/#breadcrumb\",\"itemListElement\":[{\"@type\":\"ListItem\",\"position\":1,\"name\":\"Home\",\"item\":\"https:\/\/qingdaohf.com\/\"},{\"@type\":\"ListItem\",\"position\":2,\"name\":\"Concrete Forming Accessories and Rigging Hardware\",\"item\":\"https:\/\/qingdaohf.com\/bg\/?page_id=944\"},{\"@type\":\"ListItem\",\"position\":3,\"name\":\"Lifting Eye Bolt DIN580 Carbon Steel Galvanized\"}]},{\"@type\":\"WebSite\",\"@id\":\"https:\/\/qingdaohf.com\/bg\/#website\",\"url\":\"https:\/\/qingdaohf.com\/bg\/\",\"name\":\"Concrete Form & Rigging Hardware Supplier\",\"description\":\"\",\"publisher\":{\"@id\":\"https:\/\/qingdaohf.com\/bg\/#organization\"},\"potentialAction\":[{\"@type\":\"SearchAction\",\"target\":{\"@type\":\"EntryPoint\",\"urlTemplate\":\"https:\/\/qingdaohf.com\/bg\/?s={search_term_string}\"},\"query-input\":{\"@type\":\"PropertyValueSpecification\",\"valueRequired\":true,\"valueName\":\"search_term_string\"}}],\"inLanguage\":\"et\"},{\"@type\":\"Organization\",\"@id\":\"https:\/\/qingdaohf.com\/bg\/#organization\",\"name\":\"Qingdao H&F\",\"url\":\"https:\/\/qingdaohf.com\/bg\/\",\"logo\":{\"@type\":\"ImageObject\",\"inLanguage\":\"et\",\"@id\":\"https:\/\/qingdaohf.com\/bg\/#\/schema\/logo\/image\/\",\"url\":\"https:\/\/qingdaohf.com\/wp-content\/uploads\/2022\/12\/cropped-HF-LOGO.png\",\"contentUrl\":\"https:\/\/qingdaohf.com\/wp-content\/uploads\/2022\/12\/cropped-HF-LOGO.png\",\"width\":391,\"height\":249,\"caption\":\"Qingdao H&F\"},\"image\":{\"@id\":\"https:\/\/qingdaohf.com\/bg\/#\/schema\/logo\/image\/\"},\"sameAs\":[\"https:\/\/www.facebook.com\/qingdaohf\"]}]}<\/script>\n<!-- \/ Yoast SEO plugin. -->","yoast_head_json":{"title":"Lifting Eye Bolt DIN580 Carbon Steel Galvanized","description":"Eye bolts are specialized fasteners designed to provide a secure and reliable anchor point for lifting, rigging, or suspending applications.","robots":{"index":"index","follow":"follow","max-snippet":"max-snippet:-1","max-image-preview":"max-image-preview:large","max-video-preview":"max-video-preview:-1"},"canonical":"https:\/\/qingdaohf.com\/et\/toode\/silmapoldid\/","og_locale":"et_EE","og_type":"article","og_title":"Lifting Eye Bolt DIN580 Carbon Steel Galvanized","og_description":"Eye bolts are specialized fasteners designed to provide a secure and reliable anchor point for lifting, rigging, or suspending applications.","og_url":"https:\/\/qingdaohf.com\/et\/toode\/silmapoldid\/","og_site_name":"Concrete Form &amp; Rigging Hardware Supplier","article_publisher":"https:\/\/www.facebook.com\/qingdaohf","article_modified_time":"2025-11-13T01:04:21+00:00","og_image":[{"width":1000,"height":1000,"url":"https:\/\/qingdaohf.com\/wp-content\/uploads\/2023\/05\/eye-bolt-9.webp","type":"image\/webp"}],"twitter_card":"summary_large_image","twitter_misc":{"Est. reading time":"4 minutit"},"schema":{"@context":"https:\/\/schema.org","@graph":[{"@type":"WebPage","@id":"https:\/\/qingdaohf.com\/product\/eye-bolts\/","url":"https:\/\/qingdaohf.com\/product\/eye-bolts\/","name":"Lifting Eye Bolt DIN580 Carbon Steel Galvanized","isPartOf":{"@id":"https:\/\/qingdaohf.com\/bg\/#website"},"primaryImageOfPage":{"@id":"https:\/\/qingdaohf.com\/product\/eye-bolts\/#primaryimage"},"image":{"@id":"https:\/\/qingdaohf.com\/product\/eye-bolts\/#primaryimage"},"thumbnailUrl":"https:\/\/qingdaohf.com\/wp-content\/uploads\/2023\/05\/eye-bolt-9.webp","datePublished":"2023-05-29T08:48:33+00:00","dateModified":"2025-11-13T01:04:21+00:00","description":"Eye bolts are specialized fasteners designed to provide a secure and reliable anchor point for lifting, rigging, or suspending applications.","breadcrumb":{"@id":"https:\/\/qingdaohf.com\/product\/eye-bolts\/#breadcrumb"},"inLanguage":"et","potentialAction":[{"@type":"ReadAction","target":["https:\/\/qingdaohf.com\/product\/eye-bolts\/"]}]},{"@type":"ImageObject","inLanguage":"et","@id":"https:\/\/qingdaohf.com\/product\/eye-bolts\/#primaryimage","url":"https:\/\/qingdaohf.com\/wp-content\/uploads\/2023\/05\/eye-bolt-9.webp","contentUrl":"https:\/\/qingdaohf.com\/wp-content\/uploads\/2023\/05\/eye-bolt-9.webp","width":1000,"height":1000,"caption":"eye bolt"},{"@type":"BreadcrumbList","@id":"https:\/\/qingdaohf.com\/product\/eye-bolts\/#breadcrumb","itemListElement":[{"@type":"ListItem","position":1,"name":"Home","item":"https:\/\/qingdaohf.com\/"},{"@type":"ListItem","position":2,"name":"Concrete Forming Accessories and Rigging Hardware","item":"https:\/\/qingdaohf.com\/bg\/?page_id=944"},{"@type":"ListItem","position":3,"name":"Lifting Eye Bolt DIN580 Carbon Steel Galvanized"}]},{"@type":"WebSite","@id":"https:\/\/qingdaohf.com\/bg\/#website","url":"https:\/\/qingdaohf.com\/bg\/","name":"Concrete Form & Rigging Hardware Supplier","description":"","publisher":{"@id":"https:\/\/qingdaohf.com\/bg\/#organization"},"potentialAction":[{"@type":"SearchAction","target":{"@type":"EntryPoint","urlTemplate":"https:\/\/qingdaohf.com\/bg\/?s={search_term_string}"},"query-input":{"@type":"PropertyValueSpecification","valueRequired":true,"valueName":"search_term_string"}}],"inLanguage":"et"},{"@type":"Organization","@id":"https:\/\/qingdaohf.com\/bg\/#organization","name":"Qingdao H&F","url":"https:\/\/qingdaohf.com\/bg\/","logo":{"@type":"ImageObject","inLanguage":"et","@id":"https:\/\/qingdaohf.com\/bg\/#\/schema\/logo\/image\/","url":"https:\/\/qingdaohf.com\/wp-content\/uploads\/2022\/12\/cropped-HF-LOGO.png","contentUrl":"https:\/\/qingdaohf.com\/wp-content\/uploads\/2022\/12\/cropped-HF-LOGO.png","width":391,"height":249,"caption":"Qingdao H&F"},"image":{"@id":"https:\/\/qingdaohf.com\/bg\/#\/schema\/logo\/image\/"},"sameAs":["https:\/\/www.facebook.com\/qingdaohf"]}]}},"_links":{"self":[{"href":"https:\/\/qingdaohf.com\/et\/wp-json\/wp\/v2\/product\/4232","targetHints":{"allow":["GET"]}}],"collection":[{"href":"https:\/\/qingdaohf.com\/et\/wp-json\/wp\/v2\/product"}],"about":[{"href":"https:\/\/qingdaohf.com\/et\/wp-json\/wp\/v2\/types\/product"}],"replies":[{"embeddable":true,"href":"https:\/\/qingdaohf.com\/et\/wp-json\/wp\/v2\/comments?post=4232"}],"version-history":[{"count":5,"href":"https:\/\/qingdaohf.com\/et\/wp-json\/wp\/v2\/product\/4232\/revisions"}],"predecessor-version":[{"id":4561,"href":"https:\/\/qingdaohf.com\/et\/wp-json\/wp\/v2\/product\/4232\/revisions\/4561"}],"wp:featuredmedia":[{"embeddable":true,"href":"https:\/\/qingdaohf.com\/et\/wp-json\/wp\/v2\/media\/8968"}],"wp:attachment":[{"href":"https:\/\/qingdaohf.com\/et\/wp-json\/wp\/v2\/media?parent=4232"}],"wp:term":[{"taxonomy":"product_brand","embeddable":true,"href":"https:\/\/qingdaohf.com\/et\/wp-json\/wp\/v2\/product_brand?post=4232"},{"taxonomy":"product_cat","embeddable":true,"href":"https:\/\/qingdaohf.com\/et\/wp-json\/wp\/v2\/product_cat?post=4232"},{"taxonomy":"product_tag","embeddable":true,"href":"https:\/\/qingdaohf.com\/et\/wp-json\/wp\/v2\/product_tag?post=4232"}],"curies":[{"name":"wp","href":"https:\/\/api.w.org\/{rel}","templated":true}]}}