{"id":4285,"date":"2023-06-01T18:22:11","date_gmt":"2023-06-01T10:22:11","guid":{"rendered":"http:\/\/qingdaohf.com\/?post_type=product&#038;p=4285"},"modified":"2025-11-13T09:04:04","modified_gmt":"2025-11-13T01:04:04","slug":"plastic-coil-nail-plastic-collated-coil-nails","status":"publish","type":"product","link":"https:\/\/qingdaohf.com\/et\/toode\/plastist-spiraalnaelad-plastist-kokkumangitud-spiraalnaelad\/","title":{"rendered":"Plastikust spiraalk\u00fc\u00fcned Plastikust spiraalk\u00fc\u00fcned Plastikust spiraalk\u00fc\u00fcned"},"content":{"rendered":"<ol>\n<li>Ehitus: Plastikuga kaetud naelad koosnevad painduva plastribaga \u00fchendatud pidevast naelaribast. Plastiriba on naelte kandja, mis v\u00f5imaldab t\u00f5husat laadimist spiraalnaelte jaoks etten\u00e4htud naelap\u00fcstolitesse.<\/li>\n<li>Plastikust kokkum\u00e4ngimine: Plastist riba hoiab naelad koos lineaarses paigutuses, tagades sujuva ja j\u00e4rjepideva sisestamise naelap\u00fcstolisse. Tavaliselt valmistatakse kollatsioon k\u00f5rgekvaliteedilisest ja vastupidavast plastmassist, mis pakub selliseid eeliseid nagu rooste-, korrosiooni- ja niiskuskindlus.<\/li>\n<li>M\u00e4hise kuju: Plastikust rullnaelad on moodustatud spiraalikujuliseks, mis tagab suure naelamahutavuse kompaktses pakendis. See v\u00f5imaldab pikemaajalist kinnitamist ilma sagedase \u00fcmberlaadimise vajaduseta, mille tulemusena paraneb tootlikkus ja v\u00e4heneb seisakuaeg.<\/li>\n<li>\u00dchilduvus: Plastikuga kaetud spiraalnaelad sobivad kokku pneumaatiliste naelap\u00fcstolitega, mis on spetsiaalselt m\u00f5eldud seda t\u00fc\u00fcpi kinnitusdetailide jaoks. Need naelap\u00fcstolid kasutavad suru\u00f5hku, et naelad kiiresti ja t\u00f5husalt materjali sisse l\u00fc\u00fca.<\/li>\n<li>Rakendused: Plastikuga kaetud spiraalnaelu kasutatakse tavaliselt mitmesugustes ehitust\u00f6\u00f6del, sealhulgas raami-, vooderdus-, laudise- ja liistut\u00f6\u00f6del ning \u00fcldistel tislerit\u00f6\u00f6del. Nad pakuvad suurep\u00e4rast pidamisj\u00f5udu ja sobivad suure mahuga projektidele, kus on vaja t\u00f5husat ja usaldusv\u00e4\u00e4rset kinnitamist.<\/li>\n<li>V\u00e4hendatud ummistumine: Plastikust kokkum\u00e4ngimine v\u00e4hendab naelade ummistumise v\u00f5i vales\u00fcttimise ohtu naelap\u00fcstolile, mis viib sujuvama t\u00f6\u00f6 ja suurema tootlikkuse saavutamiseni.<\/li>\n<li>Mitmek\u00fclgsus: Plastikuga kaetud spiraalnaelad on saadaval eri pikkuste, l\u00e4bim\u00f5\u00f5tude ja m\u00f5\u00f5tmetega, et need sobiksid erinevatele rakendustele. Neid saab kasutada nii sise- kui ka v\u00e4lisprojektides ning need sobivad paljude erinevate materjalide, sealhulgas puidu, vineeri ja teatud t\u00fc\u00fcpi komposiitmaterjalide jaoks.<\/li>\n<\/ol>\n<div class=\"ast-oembed-container\" style=\"height: 100%;\"><iframe title=\"Plastikust spiraalk\u00fc\u00fcned Plastikust spiraalk\u00fc\u00fcned Plastikust spiraalk\u00fc\u00fcned\" width=\"500\" height=\"281\" src=\"https:\/\/www.youtube.com\/embed\/KI31oh39oO8?feature=oembed\" frameborder=\"0\" allow=\"accelerometer; autoplay; clipboard-write; encrypted-media; gyroscope; picture-in-picture; web-share\" referrerpolicy=\"strict-origin-when-cross-origin\" allowfullscreen><\/iframe><\/div>","protected":false},"excerpt":{"rendered":"<p>Plastikust kokkuklotsitud spiraalnaelad pakuvad tasakaalu plastmassist kokkuklotsimise mugavuse ja spiraalnaelte j\u00f5udluse vahel. Nende plastikust ribade kokkut\u00f5mbamine pakub t\u00f5husat laadimist ja \u00fchtlast s\u00f6\u00f6tmist, samas kui spiraalikujuline kuju tagab suurema naageldamisv\u00f5imsuse. Seet\u00f5ttu on need populaarne valik ehitus- ja tislerit\u00f6\u00f6stuse spetsialistide jaoks, kes vajavad usaldusv\u00e4\u00e4rseid ja t\u00f5husaid kinnituslahendusi.<\/p>","protected":false},"featured_media":4286,"comment_status":"open","ping_status":"closed","template":"","meta":{"site-sidebar-layout":"default","site-content-layout":"default","ast-site-content-layout":"","site-content-style":"default","site-sidebar-style":"default","ast-global-header-display":"","ast-banner-title-visibility":"","ast-main-header-display":"","ast-hfb-above-header-display":"","ast-hfb-below-header-display":"","ast-hfb-mobile-header-display":"","site-post-title":"","ast-breadcrumbs-content":"","ast-featured-img":"","footer-sml-layout":"","theme-transparent-header-meta":"default","adv-header-id-meta":"","stick-header-meta":"default","header-above-stick-meta":"","header-main-stick-meta":"","header-below-stick-meta":"","astra-migrate-meta-layouts":"default","ast-page-background-enabled":"default","ast-page-background-meta":{"desktop":{"background-color":"","background-image":"","background-repeat":"repeat","background-position":"center center","background-size":"auto","background-attachment":"scroll","background-type":"","background-media":"","overlay-type":"","overlay-color":"","overlay-opacity":"","overlay-gradient":""},"tablet":{"background-color":"","background-image":"","background-repeat":"repeat","background-position":"center center","background-size":"auto","background-attachment":"scroll","background-type":"","background-media":"","overlay-type":"","overlay-color":"","overlay-opacity":"","overlay-gradient":""},"mobile":{"background-color":"","background-image":"","background-repeat":"repeat","background-position":"center center","background-size":"auto","background-attachment":"scroll","background-type":"","background-media":"","overlay-type":"","overlay-color":"","overlay-opacity":"","overlay-gradient":""}},"ast-content-background-meta":{"desktop":{"background-color":"var(--ast-global-color-5)","background-image":"","background-repeat":"repeat","background-position":"center center","background-size":"auto","background-attachment":"scroll","background-type":"","background-media":"","overlay-type":"","overlay-color":"","overlay-opacity":"","overlay-gradient":""},"tablet":{"background-color":"var(--ast-global-color-5)","background-image":"","background-repeat":"repeat","background-position":"center center","background-size":"auto","background-attachment":"scroll","background-type":"","background-media":"","overlay-type":"","overlay-color":"","overlay-opacity":"","overlay-gradient":""},"mobile":{"background-color":"var(--ast-global-color-5)","background-image":"","background-repeat":"repeat","background-position":"center center","background-size":"auto","background-attachment":"scroll","background-type":"","background-media":"","overlay-type":"","overlay-color":"","overlay-opacity":"","overlay-gradient":""}}},"product_brand":[],"product_cat":[34,43],"product_tag":[],"class_list":{"0":"post-4285","1":"product","2":"type-product","3":"status-publish","4":"has-post-thumbnail","6":"product_cat-nail","7":"product_cat-rigging-hardware","8":"desktop-align-left","9":"tablet-align-left","10":"mobile-align-left","11":"ast-product-gallery-layout-horizontal-slider","12":"ast-product-tabs-layout-horizontal","14":"first","15":"instock","16":"shipping-taxable","17":"purchasable","18":"product-type-simple"},"yoast_head":"<!-- This site is optimized with the Yoast SEO plugin v25.2 - https:\/\/yoast.com\/wordpress\/plugins\/seo\/ -->\n<title>Plastic Coil Nail Plastic-Collated Coil Nails<\/title>\n<meta name=\"description\" content=\"Plastic-collated coil nails provide a balance between the convenience of plastic collation and the performance of coil nails.\" \/>\n<meta name=\"robots\" content=\"index, follow, max-snippet:-1, max-image-preview:large, max-video-preview:-1\" \/>\n<link rel=\"canonical\" href=\"https:\/\/qingdaohf.com\/et\/toode\/plastist-spiraalnaelad-plastist-kokkumangitud-spiraalnaelad\/\" \/>\n<meta property=\"og:locale\" content=\"et_EE\" \/>\n<meta property=\"og:type\" content=\"article\" \/>\n<meta property=\"og:title\" content=\"Plastic Coil Nail Plastic-Collated Coil Nails\" \/>\n<meta property=\"og:description\" content=\"Plastic-collated coil nails provide a balance between the convenience of plastic collation and the performance of coil nails.\" \/>\n<meta property=\"og:url\" content=\"https:\/\/qingdaohf.com\/et\/toode\/plastist-spiraalnaelad-plastist-kokkumangitud-spiraalnaelad\/\" \/>\n<meta property=\"og:site_name\" content=\"Concrete Form &amp; Rigging Hardware Supplier\" \/>\n<meta property=\"article:publisher\" content=\"https:\/\/www.facebook.com\/qingdaohf\" \/>\n<meta property=\"article:modified_time\" content=\"2025-11-13T01:04:04+00:00\" \/>\n<meta property=\"og:image\" content=\"https:\/\/qingdaohf.com\/wp-content\/uploads\/2023\/06\/plastic-coil-nail-2.jpg\" \/>\n\t<meta property=\"og:image:width\" content=\"1000\" \/>\n\t<meta property=\"og:image:height\" content=\"1000\" \/>\n\t<meta property=\"og:image:type\" content=\"image\/jpeg\" \/>\n<meta name=\"twitter:card\" content=\"summary_large_image\" \/>\n<meta name=\"twitter:label1\" content=\"Est. reading time\" \/>\n\t<meta name=\"twitter:data1\" content=\"2 minutit\" \/>\n<script type=\"application\/ld+json\" class=\"yoast-schema-graph\">{\"@context\":\"https:\/\/schema.org\",\"@graph\":[{\"@type\":\"WebPage\",\"@id\":\"https:\/\/qingdaohf.com\/product\/plastic-coil-nail-plastic-collated-coil-nails\/\",\"url\":\"https:\/\/qingdaohf.com\/product\/plastic-coil-nail-plastic-collated-coil-nails\/\",\"name\":\"Plastic Coil Nail Plastic-Collated Coil Nails\",\"isPartOf\":{\"@id\":\"https:\/\/qingdaohf.com\/bg\/#website\"},\"primaryImageOfPage\":{\"@id\":\"https:\/\/qingdaohf.com\/product\/plastic-coil-nail-plastic-collated-coil-nails\/#primaryimage\"},\"image\":{\"@id\":\"https:\/\/qingdaohf.com\/product\/plastic-coil-nail-plastic-collated-coil-nails\/#primaryimage\"},\"thumbnailUrl\":\"https:\/\/qingdaohf.com\/wp-content\/uploads\/2023\/06\/plastic-coil-nail-2.jpg\",\"datePublished\":\"2023-06-01T10:22:11+00:00\",\"dateModified\":\"2025-11-13T01:04:04+00:00\",\"description\":\"Plastic-collated coil nails provide a balance between the convenience of plastic collation and the performance of coil nails.\",\"breadcrumb\":{\"@id\":\"https:\/\/qingdaohf.com\/product\/plastic-coil-nail-plastic-collated-coil-nails\/#breadcrumb\"},\"inLanguage\":\"et\",\"potentialAction\":[{\"@type\":\"ReadAction\",\"target\":[\"https:\/\/qingdaohf.com\/product\/plastic-coil-nail-plastic-collated-coil-nails\/\"]}]},{\"@type\":\"ImageObject\",\"inLanguage\":\"et\",\"@id\":\"https:\/\/qingdaohf.com\/product\/plastic-coil-nail-plastic-collated-coil-nails\/#primaryimage\",\"url\":\"https:\/\/qingdaohf.com\/wp-content\/uploads\/2023\/06\/plastic-coil-nail-2.jpg\",\"contentUrl\":\"https:\/\/qingdaohf.com\/wp-content\/uploads\/2023\/06\/plastic-coil-nail-2.jpg\",\"width\":1000,\"height\":1000,\"caption\":\"plastic coil nail\"},{\"@type\":\"BreadcrumbList\",\"@id\":\"https:\/\/qingdaohf.com\/product\/plastic-coil-nail-plastic-collated-coil-nails\/#breadcrumb\",\"itemListElement\":[{\"@type\":\"ListItem\",\"position\":1,\"name\":\"Home\",\"item\":\"https:\/\/qingdaohf.com\/\"},{\"@type\":\"ListItem\",\"position\":2,\"name\":\"Concrete Forming Accessories and Rigging Hardware\",\"item\":\"https:\/\/qingdaohf.com\/bg\/?page_id=944\"},{\"@type\":\"ListItem\",\"position\":3,\"name\":\"Plastic Coil Nail Plastic-Collated Coil Nails\"}]},{\"@type\":\"WebSite\",\"@id\":\"https:\/\/qingdaohf.com\/bg\/#website\",\"url\":\"https:\/\/qingdaohf.com\/bg\/\",\"name\":\"Concrete Form & Rigging Hardware Supplier\",\"description\":\"\",\"publisher\":{\"@id\":\"https:\/\/qingdaohf.com\/bg\/#organization\"},\"potentialAction\":[{\"@type\":\"SearchAction\",\"target\":{\"@type\":\"EntryPoint\",\"urlTemplate\":\"https:\/\/qingdaohf.com\/bg\/?s={search_term_string}\"},\"query-input\":{\"@type\":\"PropertyValueSpecification\",\"valueRequired\":true,\"valueName\":\"search_term_string\"}}],\"inLanguage\":\"et\"},{\"@type\":\"Organization\",\"@id\":\"https:\/\/qingdaohf.com\/bg\/#organization\",\"name\":\"Qingdao H&F\",\"url\":\"https:\/\/qingdaohf.com\/bg\/\",\"logo\":{\"@type\":\"ImageObject\",\"inLanguage\":\"et\",\"@id\":\"https:\/\/qingdaohf.com\/bg\/#\/schema\/logo\/image\/\",\"url\":\"https:\/\/qingdaohf.com\/wp-content\/uploads\/2022\/12\/cropped-HF-LOGO.png\",\"contentUrl\":\"https:\/\/qingdaohf.com\/wp-content\/uploads\/2022\/12\/cropped-HF-LOGO.png\",\"width\":391,\"height\":249,\"caption\":\"Qingdao H&F\"},\"image\":{\"@id\":\"https:\/\/qingdaohf.com\/bg\/#\/schema\/logo\/image\/\"},\"sameAs\":[\"https:\/\/www.facebook.com\/qingdaohf\"]}]}<\/script>\n<!-- \/ Yoast SEO plugin. -->","yoast_head_json":{"title":"Plastic Coil Nail Plastic-Collated Coil Nails","description":"Plastic-collated coil nails provide a balance between the convenience of plastic collation and the performance of coil nails.","robots":{"index":"index","follow":"follow","max-snippet":"max-snippet:-1","max-image-preview":"max-image-preview:large","max-video-preview":"max-video-preview:-1"},"canonical":"https:\/\/qingdaohf.com\/et\/toode\/plastist-spiraalnaelad-plastist-kokkumangitud-spiraalnaelad\/","og_locale":"et_EE","og_type":"article","og_title":"Plastic Coil Nail Plastic-Collated Coil Nails","og_description":"Plastic-collated coil nails provide a balance between the convenience of plastic collation and the performance of coil nails.","og_url":"https:\/\/qingdaohf.com\/et\/toode\/plastist-spiraalnaelad-plastist-kokkumangitud-spiraalnaelad\/","og_site_name":"Concrete Form &amp; Rigging Hardware Supplier","article_publisher":"https:\/\/www.facebook.com\/qingdaohf","article_modified_time":"2025-11-13T01:04:04+00:00","og_image":[{"width":1000,"height":1000,"url":"https:\/\/qingdaohf.com\/wp-content\/uploads\/2023\/06\/plastic-coil-nail-2.jpg","type":"image\/jpeg"}],"twitter_card":"summary_large_image","twitter_misc":{"Est. reading time":"2 minutit"},"schema":{"@context":"https:\/\/schema.org","@graph":[{"@type":"WebPage","@id":"https:\/\/qingdaohf.com\/product\/plastic-coil-nail-plastic-collated-coil-nails\/","url":"https:\/\/qingdaohf.com\/product\/plastic-coil-nail-plastic-collated-coil-nails\/","name":"Plastic Coil Nail Plastic-Collated Coil Nails","isPartOf":{"@id":"https:\/\/qingdaohf.com\/bg\/#website"},"primaryImageOfPage":{"@id":"https:\/\/qingdaohf.com\/product\/plastic-coil-nail-plastic-collated-coil-nails\/#primaryimage"},"image":{"@id":"https:\/\/qingdaohf.com\/product\/plastic-coil-nail-plastic-collated-coil-nails\/#primaryimage"},"thumbnailUrl":"https:\/\/qingdaohf.com\/wp-content\/uploads\/2023\/06\/plastic-coil-nail-2.jpg","datePublished":"2023-06-01T10:22:11+00:00","dateModified":"2025-11-13T01:04:04+00:00","description":"Plastic-collated coil nails provide a balance between the convenience of plastic collation and the performance of coil nails.","breadcrumb":{"@id":"https:\/\/qingdaohf.com\/product\/plastic-coil-nail-plastic-collated-coil-nails\/#breadcrumb"},"inLanguage":"et","potentialAction":[{"@type":"ReadAction","target":["https:\/\/qingdaohf.com\/product\/plastic-coil-nail-plastic-collated-coil-nails\/"]}]},{"@type":"ImageObject","inLanguage":"et","@id":"https:\/\/qingdaohf.com\/product\/plastic-coil-nail-plastic-collated-coil-nails\/#primaryimage","url":"https:\/\/qingdaohf.com\/wp-content\/uploads\/2023\/06\/plastic-coil-nail-2.jpg","contentUrl":"https:\/\/qingdaohf.com\/wp-content\/uploads\/2023\/06\/plastic-coil-nail-2.jpg","width":1000,"height":1000,"caption":"plastic coil nail"},{"@type":"BreadcrumbList","@id":"https:\/\/qingdaohf.com\/product\/plastic-coil-nail-plastic-collated-coil-nails\/#breadcrumb","itemListElement":[{"@type":"ListItem","position":1,"name":"Home","item":"https:\/\/qingdaohf.com\/"},{"@type":"ListItem","position":2,"name":"Concrete Forming Accessories and Rigging Hardware","item":"https:\/\/qingdaohf.com\/bg\/?page_id=944"},{"@type":"ListItem","position":3,"name":"Plastic Coil Nail Plastic-Collated Coil Nails"}]},{"@type":"WebSite","@id":"https:\/\/qingdaohf.com\/bg\/#website","url":"https:\/\/qingdaohf.com\/bg\/","name":"Concrete Form & Rigging Hardware Supplier","description":"","publisher":{"@id":"https:\/\/qingdaohf.com\/bg\/#organization"},"potentialAction":[{"@type":"SearchAction","target":{"@type":"EntryPoint","urlTemplate":"https:\/\/qingdaohf.com\/bg\/?s={search_term_string}"},"query-input":{"@type":"PropertyValueSpecification","valueRequired":true,"valueName":"search_term_string"}}],"inLanguage":"et"},{"@type":"Organization","@id":"https:\/\/qingdaohf.com\/bg\/#organization","name":"Qingdao H&F","url":"https:\/\/qingdaohf.com\/bg\/","logo":{"@type":"ImageObject","inLanguage":"et","@id":"https:\/\/qingdaohf.com\/bg\/#\/schema\/logo\/image\/","url":"https:\/\/qingdaohf.com\/wp-content\/uploads\/2022\/12\/cropped-HF-LOGO.png","contentUrl":"https:\/\/qingdaohf.com\/wp-content\/uploads\/2022\/12\/cropped-HF-LOGO.png","width":391,"height":249,"caption":"Qingdao H&F"},"image":{"@id":"https:\/\/qingdaohf.com\/bg\/#\/schema\/logo\/image\/"},"sameAs":["https:\/\/www.facebook.com\/qingdaohf"]}]}},"_links":{"self":[{"href":"https:\/\/qingdaohf.com\/et\/wp-json\/wp\/v2\/product\/4285","targetHints":{"allow":["GET"]}}],"collection":[{"href":"https:\/\/qingdaohf.com\/et\/wp-json\/wp\/v2\/product"}],"about":[{"href":"https:\/\/qingdaohf.com\/et\/wp-json\/wp\/v2\/types\/product"}],"replies":[{"embeddable":true,"href":"https:\/\/qingdaohf.com\/et\/wp-json\/wp\/v2\/comments?post=4285"}],"version-history":[{"count":2,"href":"https:\/\/qingdaohf.com\/et\/wp-json\/wp\/v2\/product\/4285\/revisions"}],"predecessor-version":[{"id":10416,"href":"https:\/\/qingdaohf.com\/et\/wp-json\/wp\/v2\/product\/4285\/revisions\/10416"}],"wp:featuredmedia":[{"embeddable":true,"href":"https:\/\/qingdaohf.com\/et\/wp-json\/wp\/v2\/media\/4286"}],"wp:attachment":[{"href":"https:\/\/qingdaohf.com\/et\/wp-json\/wp\/v2\/media?parent=4285"}],"wp:term":[{"taxonomy":"product_brand","embeddable":true,"href":"https:\/\/qingdaohf.com\/et\/wp-json\/wp\/v2\/product_brand?post=4285"},{"taxonomy":"product_cat","embeddable":true,"href":"https:\/\/qingdaohf.com\/et\/wp-json\/wp\/v2\/product_cat?post=4285"},{"taxonomy":"product_tag","embeddable":true,"href":"https:\/\/qingdaohf.com\/et\/wp-json\/wp\/v2\/product_tag?post=4285"}],"curies":[{"name":"wp","href":"https:\/\/api.w.org\/{rel}","templated":true}]}}