{"id":4551,"date":"2023-06-25T17:55:26","date_gmt":"2023-06-25T09:55:26","guid":{"rendered":"http:\/\/qingdaohf.com\/?post_type=product&#038;p=4551"},"modified":"2025-11-13T09:04:03","modified_gmt":"2025-11-13T01:04:03","slug":"closed-body-turnbuckle","status":"publish","type":"product","link":"https:\/\/qingdaohf.com\/et\/toode\/suletud-keha-poorang\/","title":{"rendered":"Suletud korpuse p\u00f6\u00f6rang"},"content":{"rendered":"<h2 class=\"text-2xl font-bold mt-1 text-text-200\">Sissejuhatus kinnise korpuse p\u00f6\u00f6rangusseadme kohta<\/h2>\n<p class=\"whitespace-pre-wrap break-words\">R\u00e4\u00e4gime kinnise korpuse p\u00f6\u00f6rangutest - nendest olulistest mehaanilistest seadmetest, mida leiate k\u00f5ikjal, kus pinge vajab t\u00e4pset reguleerimist. M\u00f5elge neist kui kaabli- ja trossis\u00fcsteemide laulmata kangelastest. Erinevalt oma lihtsamatest sugulastest on need keerdpaelad t\u00e4ielikult suletud konstruktsiooniga, mis kaitseb nende t\u00f6\u00f6tavaid osi elementide eest, muutes need uskumatult t\u00f6\u00f6kindlaks k\u00f5ikjal alates ehitusplatsidest kuni purjelaevadeni.<\/p>\n<p class=\"whitespace-pre-wrap break-words\">Geenius seisneb nende lihtsas, kuid t\u00f5husas konstruktsioonis: kaks keermestatud otsa, mis on \u00fchendatud kaitstud sisemehhanismiga. Selline seadistus v\u00f5imaldab teil valida t\u00e4pselt \u00f5ige pinge, hoides samal ajal k\u00f5ik olulised komponendid ilmastiku ja kulumise eest kaitstud. Professionaalide jaoks, kes ei saa endale lubada seadmete rikkeid, ei ole see lisakaitse mitte lihtsalt meeldiv, vaid h\u00e4davajalik.<\/p>\n<h2 class=\"text-xl font-bold text-text-200 mt-1 -mb-0.5\">Suletud korpuse p\u00f6\u00f6rangute kasutamise eelised<\/h2>\n<p class=\"whitespace-pre-wrap break-words\">Te v\u00f5ite imestada, miks kinnise korpuse keerdpaelad on muutunud n\u00f5udlikes rakendustes parimaks valikuks. Esiteks, nad on ehitatud nagu tankid. Need seadmed on valmistatud tugevatest materjalidest, n\u00e4iteks roostevabast v\u00f5i s\u00fcsinikterasest, ja naeravad karmide ilmastikuolude ja raskete koormuste korral. Need on sellised t\u00f6\u00f6riistad, mis j\u00e4tkavad t\u00f6\u00f6d kaua p\u00e4rast seda, kui teised on loobunud.<\/p>\n<p class=\"whitespace-pre-wrap break-words\">Mis neid tegelikult eristab, on nende kasutajas\u00f5bralikkus. Kas on vaja pinget s\u00e4ttida? See on nii lihtne, kui keerata korpust, kuni saavutate selle magusa punkti. See on v\u00e4ga oluline, kui tegemist on n\u00e4iteks purjepaadi taglastega, kus pinge reguleerimine v\u00f5ib osutuda h\u00e4davajalikuks.<\/p>\n<p class=\"whitespace-pre-wrap break-words\">Ka suletud disain ei ole ainult n\u00e4itamiseks. Keermestuse kaitsmisega lisate sisuliselt aastaid keerme elueale. Kui v\u00f5rrelda neid avatud korpusega versioonidega, on see nagu valik veekindla ja tavalise kella vahel - kindlasti n\u00e4itavad m\u00f5lemad aega, kuid te teate, kumba te tormi korral eelistate.<\/p>\n<h2 class=\"text-xl font-bold text-text-200 mt-1 -mb-0.5\">Suletud korpuse p\u00f6\u00f6rangute rakendused<\/h2>\n<p class=\"whitespace-pre-wrap break-words\">Need mitmek\u00fclgsed t\u00f6\u00f6riistad on leidnud tee peaaegu igasse t\u00f6\u00f6stusharusse, kus pinge on oluline. Ehitusmeeskonnad kasutavad neid sildade ja tornide kaablipinge s\u00e4ilitamiseks, tagades, et need massiivsed konstruktsioonid p\u00fcsivad kindlalt. Vee peal usaldavad meremehed neid, et hoida oma taglastus pingul ja paindlikuna, kohandades seda vastavalt ilmastikutingimustele.<\/p>\n<p class=\"whitespace-pre-wrap break-words\">Isegi sellistes k\u00f5rgtehnoloogilistes valdkondades nagu autot\u00f6\u00f6stus ja kosmoset\u00f6\u00f6stus m\u00e4ngivad suletud kerega p\u00f6\u00f6rangud olulist rolli. Need on olulised komponentide kinnitamiseks ja t\u00e4psete pingete s\u00e4ilitamiseks erinevates mehaanilistes s\u00fcsteemides.<\/p>\n<p class=\"whitespace-pre-wrap break-words\">Ka DIY-kogukond on need omaks v\u00f5tnud. Olenemata sellest, kas te rajate oma terrassile traatpiirdeid v\u00f5i paigaldate aias\u00fcsteemi, pakuvad need keerdkangid professionaalset usaldusv\u00e4\u00e4rsust, mis tagab, et teie projekt peab vastu.<\/p>\n<h2 class=\"text-xl font-bold text-text-200 mt-1 -mb-0.5\">Miks valida meid<\/h2>\n<p class=\"whitespace-pre-wrap break-words\">Me oleme rajanud oma maine sellele, et pakume p\u00f6\u00f6ranguid, mis pidevalt \u00fcletavad ootusi. Meie tootevalik h\u00f5lmab k\u00f5iki v\u00f5imalikke spetsifikatsioone, tagades, et leiate t\u00e4pselt selle, mida teie projekt n\u00f5uab. Mis meid aga t\u00f5eliselt eristab, on meie praktiline l\u00e4henemine klienditeenindusele.<\/p>\n<p class=\"whitespace-pre-wrap break-words\">Kui te t\u00f6\u00f6tate meiega, saate rohkem kui lihtsalt kvaliteetseid p\u00f6\u00f6ranguid. Saate partneri, kes m\u00f5istab teie vajadusi ja reageerib teie taotlustele kiiresti. Me teame, et varuosade ootamine v\u00f5ib projekti seisma panna, seega oleme optimeerinud oma tarnes\u00fcsteemi, et saada teile seda, mida vajate, siis, kui seda vajate.<\/p>\n<p class=\"whitespace-pre-wrap break-words\">Iga meie poolt tarnitava p\u00f6\u00f6rmepoldi kohta on olemas p\u00f5hjalikud kvaliteedikontrolli aruanded. Me testime oma tooteid rangelt, sest m\u00f5istame, et teie t\u00f6\u00f6alal ei ole eba\u00f5nnestumine valikuv\u00f5imalus.<\/p>\n<h2 class=\"text-2xl font-bold mt-1 text-text-200\">Kokkuv\u00f5te<\/h2>\n<p class=\"whitespace-pre-wrap break-words\">\u00d5ige p\u00f6\u00f6rmepoldi valimine v\u00f5ib projekti kasuks v\u00f5i kahjuks \u00e4ra teha. Suletud korpuse konstruktsioon pakub t\u00e4iendavat kaitset ja usaldusv\u00e4\u00e4rsust, mis muudab investeeringu v\u00e4\u00e4rtuslikuks. Olenemata sellest, kas olete ehitust t\u00f5stmas v\u00f5i purjepaati taglastamas, vajate varustust, millele saate loota. Tehke meiega koost\u00f6\u00f6d ja te saate mitte ainult suurep\u00e4raseid tooteid, vaid ka vastavat tuge ja teenindust. \u00c4rge tehke kompromisse kvaliteedi osas - valige keerdpaelad, mis on valmistatud selleks, et pakkuda.<\/p>","protected":false},"excerpt":{"rendered":"<p>Suletud korpuse p\u00f6\u00f6rang on tugev ja kohandatav seade, mida kasutatakse trosside, k\u00f6ite v\u00f5i taglase konfiguratsioonide pingete reguleerimiseks. See tugevuse ja t\u00e4psuse tagamiseks valmistatud keerdpael sobib paljudele kasutusviisidele, alates kodumajapidamistest kuni t\u00f6\u00f6stuslike rakendusteni. Meie organisatsioon pakub v\u00f5rratut kasu isikliku \u00fcks-\u00fchele klienditeeninduse, kiirete tarneperioodide ja \u00fcksikasjalike kvaliteedikontrolli aruannete abil, et tagada iga toote k\u00f5rgeim kvaliteet. Usaldage meid usaldusv\u00e4\u00e4rsete lahenduste leidmiseks oma keerdvarraste n\u00f5uetele v\u00f5rratu t\u00f5hususe ja kvaliteediga.<\/p>","protected":false},"featured_media":4552,"comment_status":"open","ping_status":"closed","template":"","meta":{"site-sidebar-layout":"default","site-content-layout":"default","ast-site-content-layout":"default","site-content-style":"default","site-sidebar-style":"default","ast-global-header-display":"","ast-banner-title-visibility":"","ast-main-header-display":"","ast-hfb-above-header-display":"","ast-hfb-below-header-display":"","ast-hfb-mobile-header-display":"","site-post-title":"","ast-breadcrumbs-content":"","ast-featured-img":"","footer-sml-layout":"","theme-transparent-header-meta":"default","adv-header-id-meta":"","stick-header-meta":"default","header-above-stick-meta":"","header-main-stick-meta":"","header-below-stick-meta":"","astra-migrate-meta-layouts":"set","ast-page-background-enabled":"default","ast-page-background-meta":{"desktop":{"background-color":"","background-image":"","background-repeat":"repeat","background-position":"center center","background-size":"auto","background-attachment":"scroll","background-type":"","background-media":"","overlay-type":"","overlay-color":"","overlay-opacity":"","overlay-gradient":""},"tablet":{"background-color":"","background-image":"","background-repeat":"repeat","background-position":"center center","background-size":"auto","background-attachment":"scroll","background-type":"","background-media":"","overlay-type":"","overlay-color":"","overlay-opacity":"","overlay-gradient":""},"mobile":{"background-color":"","background-image":"","background-repeat":"repeat","background-position":"center center","background-size":"auto","background-attachment":"scroll","background-type":"","background-media":"","overlay-type":"","overlay-color":"","overlay-opacity":"","overlay-gradient":""}},"ast-content-background-meta":{"desktop":{"background-color":"var(--ast-global-color-5)","background-image":"","background-repeat":"repeat","background-position":"center center","background-size":"auto","background-attachment":"scroll","background-type":"","background-media":"","overlay-type":"","overlay-color":"","overlay-opacity":"","overlay-gradient":""},"tablet":{"background-color":"var(--ast-global-color-5)","background-image":"","background-repeat":"repeat","background-position":"center center","background-size":"auto","background-attachment":"scroll","background-type":"","background-media":"","overlay-type":"","overlay-color":"","overlay-opacity":"","overlay-gradient":""},"mobile":{"background-color":"var(--ast-global-color-5)","background-image":"","background-repeat":"repeat","background-position":"center center","background-size":"auto","background-attachment":"scroll","background-type":"","background-media":"","overlay-type":"","overlay-color":"","overlay-opacity":"","overlay-gradient":""}}},"product_brand":[],"product_cat":[56,43,44],"product_tag":[],"class_list":{"0":"post-4551","1":"product","2":"type-product","3":"status-publish","4":"has-post-thumbnail","6":"product_cat-turnbuckle","7":"product_cat-rigging-hardware","8":"product_cat-stainless-steel-poduct","9":"desktop-align-left","10":"tablet-align-left","11":"mobile-align-left","12":"ast-product-gallery-layout-horizontal-slider","13":"ast-product-tabs-layout-horizontal","15":"first","16":"instock","17":"shipping-taxable","18":"purchasable","19":"product-type-simple"},"yoast_head":"<!-- This site is optimized with the Yoast SEO plugin v25.2 - https:\/\/yoast.com\/wordpress\/plugins\/seo\/ -->\n<title>Closed Body Turnbuckle<\/title>\n<meta name=\"description\" content=\"A closed body turnbuckle is a mechanical device used to adjust tension or length in a system by utilizing the principle of a screw mechanism.\" \/>\n<meta name=\"robots\" content=\"index, follow, max-snippet:-1, max-image-preview:large, max-video-preview:-1\" \/>\n<link rel=\"canonical\" href=\"https:\/\/qingdaohf.com\/et\/toode\/suletud-keha-poorang\/\" \/>\n<meta property=\"og:locale\" content=\"et_EE\" \/>\n<meta property=\"og:type\" content=\"article\" \/>\n<meta property=\"og:title\" content=\"Closed Body Turnbuckle\" \/>\n<meta property=\"og:description\" content=\"A closed body turnbuckle is a mechanical device used to adjust tension or length in a system by utilizing the principle of a screw mechanism.\" \/>\n<meta property=\"og:url\" content=\"https:\/\/qingdaohf.com\/et\/toode\/suletud-keha-poorang\/\" \/>\n<meta property=\"og:site_name\" content=\"Concrete Form &amp; Rigging Hardware Supplier\" \/>\n<meta property=\"article:publisher\" content=\"https:\/\/www.facebook.com\/qingdaohf\" \/>\n<meta property=\"article:modified_time\" content=\"2025-11-13T01:04:03+00:00\" \/>\n<meta property=\"og:image\" content=\"https:\/\/qingdaohf.com\/wp-content\/uploads\/2023\/06\/turnbuckle-9.jpg\" \/>\n\t<meta property=\"og:image:width\" content=\"1000\" \/>\n\t<meta property=\"og:image:height\" content=\"1000\" \/>\n\t<meta property=\"og:image:type\" content=\"image\/jpeg\" \/>\n<meta name=\"twitter:card\" content=\"summary_large_image\" \/>\n<meta name=\"twitter:label1\" content=\"Est. reading time\" \/>\n\t<meta name=\"twitter:data1\" content=\"3 minutit\" \/>\n<script type=\"application\/ld+json\" class=\"yoast-schema-graph\">{\"@context\":\"https:\/\/schema.org\",\"@graph\":[{\"@type\":\"WebPage\",\"@id\":\"https:\/\/qingdaohf.com\/product\/closed-body-turnbuckle\/\",\"url\":\"https:\/\/qingdaohf.com\/product\/closed-body-turnbuckle\/\",\"name\":\"Closed Body Turnbuckle\",\"isPartOf\":{\"@id\":\"https:\/\/qingdaohf.com\/bg\/#website\"},\"primaryImageOfPage\":{\"@id\":\"https:\/\/qingdaohf.com\/product\/closed-body-turnbuckle\/#primaryimage\"},\"image\":{\"@id\":\"https:\/\/qingdaohf.com\/product\/closed-body-turnbuckle\/#primaryimage\"},\"thumbnailUrl\":\"https:\/\/qingdaohf.com\/wp-content\/uploads\/2023\/06\/turnbuckle-9.jpg\",\"datePublished\":\"2023-06-25T09:55:26+00:00\",\"dateModified\":\"2025-11-13T01:04:03+00:00\",\"description\":\"A closed body turnbuckle is a mechanical device used to adjust tension or length in a system by utilizing the principle of a screw mechanism.\",\"breadcrumb\":{\"@id\":\"https:\/\/qingdaohf.com\/product\/closed-body-turnbuckle\/#breadcrumb\"},\"inLanguage\":\"et\",\"potentialAction\":[{\"@type\":\"ReadAction\",\"target\":[\"https:\/\/qingdaohf.com\/product\/closed-body-turnbuckle\/\"]}]},{\"@type\":\"ImageObject\",\"inLanguage\":\"et\",\"@id\":\"https:\/\/qingdaohf.com\/product\/closed-body-turnbuckle\/#primaryimage\",\"url\":\"https:\/\/qingdaohf.com\/wp-content\/uploads\/2023\/06\/turnbuckle-9.jpg\",\"contentUrl\":\"https:\/\/qingdaohf.com\/wp-content\/uploads\/2023\/06\/turnbuckle-9.jpg\",\"width\":1000,\"height\":1000,\"caption\":\"turnbuckle\"},{\"@type\":\"BreadcrumbList\",\"@id\":\"https:\/\/qingdaohf.com\/product\/closed-body-turnbuckle\/#breadcrumb\",\"itemListElement\":[{\"@type\":\"ListItem\",\"position\":1,\"name\":\"Home\",\"item\":\"https:\/\/qingdaohf.com\/\"},{\"@type\":\"ListItem\",\"position\":2,\"name\":\"Concrete Forming Accessories and Rigging Hardware\",\"item\":\"https:\/\/qingdaohf.com\/bg\/?page_id=944\"},{\"@type\":\"ListItem\",\"position\":3,\"name\":\"Closed Body Turnbuckle\"}]},{\"@type\":\"WebSite\",\"@id\":\"https:\/\/qingdaohf.com\/bg\/#website\",\"url\":\"https:\/\/qingdaohf.com\/bg\/\",\"name\":\"Concrete Form & Rigging Hardware Supplier\",\"description\":\"\",\"publisher\":{\"@id\":\"https:\/\/qingdaohf.com\/bg\/#organization\"},\"potentialAction\":[{\"@type\":\"SearchAction\",\"target\":{\"@type\":\"EntryPoint\",\"urlTemplate\":\"https:\/\/qingdaohf.com\/bg\/?s={search_term_string}\"},\"query-input\":{\"@type\":\"PropertyValueSpecification\",\"valueRequired\":true,\"valueName\":\"search_term_string\"}}],\"inLanguage\":\"et\"},{\"@type\":\"Organization\",\"@id\":\"https:\/\/qingdaohf.com\/bg\/#organization\",\"name\":\"Qingdao H&F\",\"url\":\"https:\/\/qingdaohf.com\/bg\/\",\"logo\":{\"@type\":\"ImageObject\",\"inLanguage\":\"et\",\"@id\":\"https:\/\/qingdaohf.com\/bg\/#\/schema\/logo\/image\/\",\"url\":\"https:\/\/qingdaohf.com\/wp-content\/uploads\/2022\/12\/cropped-HF-LOGO.png\",\"contentUrl\":\"https:\/\/qingdaohf.com\/wp-content\/uploads\/2022\/12\/cropped-HF-LOGO.png\",\"width\":391,\"height\":249,\"caption\":\"Qingdao H&F\"},\"image\":{\"@id\":\"https:\/\/qingdaohf.com\/bg\/#\/schema\/logo\/image\/\"},\"sameAs\":[\"https:\/\/www.facebook.com\/qingdaohf\"]}]}<\/script>\n<!-- \/ Yoast SEO plugin. -->","yoast_head_json":{"title":"Closed Body Turnbuckle","description":"A closed body turnbuckle is a mechanical device used to adjust tension or length in a system by utilizing the principle of a screw mechanism.","robots":{"index":"index","follow":"follow","max-snippet":"max-snippet:-1","max-image-preview":"max-image-preview:large","max-video-preview":"max-video-preview:-1"},"canonical":"https:\/\/qingdaohf.com\/et\/toode\/suletud-keha-poorang\/","og_locale":"et_EE","og_type":"article","og_title":"Closed Body Turnbuckle","og_description":"A closed body turnbuckle is a mechanical device used to adjust tension or length in a system by utilizing the principle of a screw mechanism.","og_url":"https:\/\/qingdaohf.com\/et\/toode\/suletud-keha-poorang\/","og_site_name":"Concrete Form &amp; Rigging Hardware Supplier","article_publisher":"https:\/\/www.facebook.com\/qingdaohf","article_modified_time":"2025-11-13T01:04:03+00:00","og_image":[{"width":1000,"height":1000,"url":"https:\/\/qingdaohf.com\/wp-content\/uploads\/2023\/06\/turnbuckle-9.jpg","type":"image\/jpeg"}],"twitter_card":"summary_large_image","twitter_misc":{"Est. reading time":"3 minutit"},"schema":{"@context":"https:\/\/schema.org","@graph":[{"@type":"WebPage","@id":"https:\/\/qingdaohf.com\/product\/closed-body-turnbuckle\/","url":"https:\/\/qingdaohf.com\/product\/closed-body-turnbuckle\/","name":"Closed Body Turnbuckle","isPartOf":{"@id":"https:\/\/qingdaohf.com\/bg\/#website"},"primaryImageOfPage":{"@id":"https:\/\/qingdaohf.com\/product\/closed-body-turnbuckle\/#primaryimage"},"image":{"@id":"https:\/\/qingdaohf.com\/product\/closed-body-turnbuckle\/#primaryimage"},"thumbnailUrl":"https:\/\/qingdaohf.com\/wp-content\/uploads\/2023\/06\/turnbuckle-9.jpg","datePublished":"2023-06-25T09:55:26+00:00","dateModified":"2025-11-13T01:04:03+00:00","description":"A closed body turnbuckle is a mechanical device used to adjust tension or length in a system by utilizing the principle of a screw mechanism.","breadcrumb":{"@id":"https:\/\/qingdaohf.com\/product\/closed-body-turnbuckle\/#breadcrumb"},"inLanguage":"et","potentialAction":[{"@type":"ReadAction","target":["https:\/\/qingdaohf.com\/product\/closed-body-turnbuckle\/"]}]},{"@type":"ImageObject","inLanguage":"et","@id":"https:\/\/qingdaohf.com\/product\/closed-body-turnbuckle\/#primaryimage","url":"https:\/\/qingdaohf.com\/wp-content\/uploads\/2023\/06\/turnbuckle-9.jpg","contentUrl":"https:\/\/qingdaohf.com\/wp-content\/uploads\/2023\/06\/turnbuckle-9.jpg","width":1000,"height":1000,"caption":"turnbuckle"},{"@type":"BreadcrumbList","@id":"https:\/\/qingdaohf.com\/product\/closed-body-turnbuckle\/#breadcrumb","itemListElement":[{"@type":"ListItem","position":1,"name":"Home","item":"https:\/\/qingdaohf.com\/"},{"@type":"ListItem","position":2,"name":"Concrete Forming Accessories and Rigging Hardware","item":"https:\/\/qingdaohf.com\/bg\/?page_id=944"},{"@type":"ListItem","position":3,"name":"Closed Body Turnbuckle"}]},{"@type":"WebSite","@id":"https:\/\/qingdaohf.com\/bg\/#website","url":"https:\/\/qingdaohf.com\/bg\/","name":"Concrete Form & Rigging Hardware Supplier","description":"","publisher":{"@id":"https:\/\/qingdaohf.com\/bg\/#organization"},"potentialAction":[{"@type":"SearchAction","target":{"@type":"EntryPoint","urlTemplate":"https:\/\/qingdaohf.com\/bg\/?s={search_term_string}"},"query-input":{"@type":"PropertyValueSpecification","valueRequired":true,"valueName":"search_term_string"}}],"inLanguage":"et"},{"@type":"Organization","@id":"https:\/\/qingdaohf.com\/bg\/#organization","name":"Qingdao H&F","url":"https:\/\/qingdaohf.com\/bg\/","logo":{"@type":"ImageObject","inLanguage":"et","@id":"https:\/\/qingdaohf.com\/bg\/#\/schema\/logo\/image\/","url":"https:\/\/qingdaohf.com\/wp-content\/uploads\/2022\/12\/cropped-HF-LOGO.png","contentUrl":"https:\/\/qingdaohf.com\/wp-content\/uploads\/2022\/12\/cropped-HF-LOGO.png","width":391,"height":249,"caption":"Qingdao H&F"},"image":{"@id":"https:\/\/qingdaohf.com\/bg\/#\/schema\/logo\/image\/"},"sameAs":["https:\/\/www.facebook.com\/qingdaohf"]}]}},"_links":{"self":[{"href":"https:\/\/qingdaohf.com\/et\/wp-json\/wp\/v2\/product\/4551","targetHints":{"allow":["GET"]}}],"collection":[{"href":"https:\/\/qingdaohf.com\/et\/wp-json\/wp\/v2\/product"}],"about":[{"href":"https:\/\/qingdaohf.com\/et\/wp-json\/wp\/v2\/types\/product"}],"replies":[{"embeddable":true,"href":"https:\/\/qingdaohf.com\/et\/wp-json\/wp\/v2\/comments?post=4551"}],"version-history":[{"count":4,"href":"https:\/\/qingdaohf.com\/et\/wp-json\/wp\/v2\/product\/4551\/revisions"}],"predecessor-version":[{"id":8981,"href":"https:\/\/qingdaohf.com\/et\/wp-json\/wp\/v2\/product\/4551\/revisions\/8981"}],"wp:featuredmedia":[{"embeddable":true,"href":"https:\/\/qingdaohf.com\/et\/wp-json\/wp\/v2\/media\/4552"}],"wp:attachment":[{"href":"https:\/\/qingdaohf.com\/et\/wp-json\/wp\/v2\/media?parent=4551"}],"wp:term":[{"taxonomy":"product_brand","embeddable":true,"href":"https:\/\/qingdaohf.com\/et\/wp-json\/wp\/v2\/product_brand?post=4551"},{"taxonomy":"product_cat","embeddable":true,"href":"https:\/\/qingdaohf.com\/et\/wp-json\/wp\/v2\/product_cat?post=4551"},{"taxonomy":"product_tag","embeddable":true,"href":"https:\/\/qingdaohf.com\/et\/wp-json\/wp\/v2\/product_tag?post=4551"}],"curies":[{"name":"wp","href":"https:\/\/api.w.org\/{rel}","templated":true}]}}