{"id":4622,"date":"2023-07-05T17:16:50","date_gmt":"2023-07-05T09:16:50","guid":{"rendered":"http:\/\/qingdaohf.com\/?post_type=product&#038;p=4622"},"modified":"2025-11-13T09:04:03","modified_gmt":"2025-11-13T01:04:03","slug":"g209-shackle","status":"publish","type":"product","link":"https:\/\/qingdaohf.com\/et\/toode\/g209-ahel\/","title":{"rendered":"G209 Vibukinnitus S209 Kruvipoldi Ancho kinnitus S209"},"content":{"rendered":"<p>Tutvustame G209 tsingitud ahelat meie mainekalt B2B kaubandusettev\u00f5ttelt! Rohkem kui 20-aastase ajalooga oleme spetsialiseerunud tippkvaliteediga betoonvormimise tarvikute ja riistvara tootmisele ja m\u00fc\u00fcgile. Meie p\u00fchendumine tipptasemele on v\u00f5imaldanud meil luua koost\u00f6\u00f6valmis tehase, mis tagab, et meie tooted vastavad k\u00f5rgeimatele t\u00f6\u00f6stusstandarditele. Siin on p\u00f5hjused, miks te peaksite valima meie G209 tsingitud k\u00e4epideme:<\/p>\n<p>Ulatuslik kogemus: Me oleme oma kahe aastak\u00fcmne pikkuse t\u00f6\u00f6stuskogemusega arendanud oma teadmisi usaldusv\u00e4\u00e4rsete ja vastupidavate toodete tootmisel. Meie pikaajaline kohalolek on tunnistus meie p\u00fchendumusest klientide rahulolule.<\/p>\n<p>Lai tootevalik: Lisaks G209 tsingitud ahelale pakume ulatuslikku valikut betoonitoorikute tarvikuid ja rakiste riistvara. Kas vajate klambreid, klambreid, konksusid v\u00f5i muid seotud tooteid, meil on k\u00f5ik olemas.<\/p>\n<p>Suurep\u00e4rane varude k\u00e4ttesaadavus: Me m\u00f5istame \u00f5igeaegse tarnimise t\u00e4htsust. Seep\u00e4rast hoiame h\u00e4sti varustatud laoseisu, mis tagab, et meie tooted on teie projekti vajaduste kiireks rahuldamiseks kergesti k\u00e4ttesaadavad.<\/p>\n<p>Konkurentsiv\u00f5imeline hinnakujundus: Meie tugev tootmisv\u00f5imekus ja otsehanked v\u00f5imaldavad meil pakkuda konkurentsiv\u00f5imelisi hindu ilma kvaliteedist j\u00e4releandmisi tegemata. P\u00fc\u00fcame pakkuda teie ettev\u00f5ttele kulut\u00f5husaid lahendusi.<\/p>\n<p>Kvaliteedi tagamine: Me v\u00f5tame kvaliteeti t\u00f5siselt ja seame prioriteediks teie rahulolu. Iga G209 tsingitud k\u00e4epide l\u00e4bib p\u00f5hjaliku kvaliteedikontrolli ja me esitame teie meelerahu tagamiseks p\u00f5hjaliku kvaliteedikontrolli aruande.<\/p>\n<p>Kohandamisv\u00f5imalused: Me m\u00f5istame, et erinevad projektid v\u00f5ivad n\u00f5uda spetsiifilisi tootespetsifikatsioone. Seep\u00e4rast pakume kohandamisteenust, kohandades meie tooted vastavalt teie ainulaadsetele n\u00f5uetele.<\/p>\n<p>Tasuta n\u00e4idised: Tagamaks, et olete meie toodetes t\u00e4iesti kindel, pakume soovi korral tasuta n\u00e4idiseid. Saate enne ostu sooritamist hinnata meie G209 tsingitud ahelate kvaliteeti ja sobivust esmaj\u00e4rjekorras.<\/p>\n<p>P\u00fchendunud klienditeenindus: Me usume pikaajaliste suhete loomisesse oma klientidega. Meie personaalne teenindus tagab, et saate isiklikku t\u00e4helepanu ja abi kogu tehingu protsessi jooksul.<\/p>\n<p>P\u00fchendumine rahulolule: Teie rahulolu on meie \u00fclim eesm\u00e4rk. Me teeme k\u00f5ik endast oleneva, et tagada teie ostuga t\u00e4ielik rahulolu, alates esialgsest p\u00e4ringust kuni l\u00f5pliku tarnimiseni.<\/p>\n<p>Valige meie B2B kaubandusettev\u00f5te kui teie usaldusv\u00e4\u00e4rne partner kvaliteetsete betoonvalu tarvikute ja rakiste riistvara jaoks. V\u00f5tke meiega juba t\u00e4na \u00fchendust, et taotleda tasuta n\u00e4idiseid ja kogeda meie erakordseid tooteid ja teenuseid omal nahal. Ootame teid ja teie \u00e4rivajaduste rahuldamist meie G209 tsingitud ahelaga ja muude usaldusv\u00e4\u00e4rsete lahendustega.<\/p>\n<p>Mudel: 1018473, 1018491, 1018455, 1019490, 1018419, 1018507, 1018570, 1017582, 1017516, 1018428, 1018437, 1018525, 1018632, 1017450, 1017494, 1018393, 1018543, 1018552, 1018598, 1018641.<\/p>\n<p><img fetchpriority=\"high\" decoding=\"async\" class=\"alignnone size-full wp-image-3813\" src=\"http:\/\/qingdaohf.com\/wp-content\/uploads\/2023\/05\/G209-G210-shackle.jpg\" alt=\"G209 G210 ahel\" width=\"1000\" height=\"1296\" srcset=\"https:\/\/qingdaohf.com\/wp-content\/uploads\/2023\/05\/G209-G210-shackle.jpg 1000w, https:\/\/qingdaohf.com\/wp-content\/uploads\/2023\/05\/G209-G210-shackle-231x300.jpg 231w, https:\/\/qingdaohf.com\/wp-content\/uploads\/2023\/05\/G209-G210-shackle-790x1024.jpg 790w, https:\/\/qingdaohf.com\/wp-content\/uploads\/2023\/05\/G209-G210-shackle-768x995.jpg 768w\" sizes=\"(max-width: 1000px) 100vw, 1000px\" \/> <img decoding=\"async\" class=\"alignnone size-full wp-image-3814\" src=\"http:\/\/qingdaohf.com\/wp-content\/uploads\/2023\/05\/S209-T.jpg\" alt=\"S209T\" width=\"1000\" height=\"638\" srcset=\"https:\/\/qingdaohf.com\/wp-content\/uploads\/2023\/05\/S209-T.jpg 1000w, https:\/\/qingdaohf.com\/wp-content\/uploads\/2023\/05\/S209-T-300x191.jpg 300w, https:\/\/qingdaohf.com\/wp-content\/uploads\/2023\/05\/S209-T-768x490.jpg 768w\" sizes=\"(max-width: 1000px) 100vw, 1000px\" \/><\/p>","protected":false},"excerpt":{"rendered":"<p>G209 ahel on tuntud oma vastupidavuse, tugevuse ja kasutusmugavuse poolest, mist\u00f5ttu on see eelistatud valik erinevate t\u00f6\u00f6stusharude jaoks.<\/p>\n<p>K\u00f5rge tugevus: G209 on valmistatud k\u00f5rgekvaliteedilistest materjalidest ja pakub erakordset tugevust, et taluda suuri koormusi ja karmid tingimused.<\/p>\n<p>Mitmek\u00fclgne disain: T\u00e4nu erinevatele suurustele ja konfiguratsioonidele sobib G209 ahel paljudele taglastusrakendustele, pakkudes paindlikkust ja mugavust.<\/p>\n<p>Vastupidav konstruktsioon: Iga G209 k\u00e4epide l\u00e4bib rangeid teste, et tagada pikaajaline vastupidavus ja usaldusv\u00e4\u00e4rsus, v\u00e4hendades seisakuid ja hoolduskulusid.<\/p>","protected":false},"featured_media":6311,"comment_status":"open","ping_status":"closed","template":"","meta":{"site-sidebar-layout":"default","site-content-layout":"default","ast-site-content-layout":"default","site-content-style":"default","site-sidebar-style":"default","ast-global-header-display":"","ast-banner-title-visibility":"","ast-main-header-display":"","ast-hfb-above-header-display":"","ast-hfb-below-header-display":"","ast-hfb-mobile-header-display":"","site-post-title":"","ast-breadcrumbs-content":"","ast-featured-img":"","footer-sml-layout":"","theme-transparent-header-meta":"default","adv-header-id-meta":"","stick-header-meta":"default","header-above-stick-meta":"","header-main-stick-meta":"","header-below-stick-meta":"","astra-migrate-meta-layouts":"set","ast-page-background-enabled":"default","ast-page-background-meta":{"desktop":{"background-color":"","background-image":"","background-repeat":"repeat","background-position":"center center","background-size":"auto","background-attachment":"scroll","background-type":"","background-media":"","overlay-type":"","overlay-color":"","overlay-opacity":"","overlay-gradient":""},"tablet":{"background-color":"","background-image":"","background-repeat":"repeat","background-position":"center center","background-size":"auto","background-attachment":"scroll","background-type":"","background-media":"","overlay-type":"","overlay-color":"","overlay-opacity":"","overlay-gradient":""},"mobile":{"background-color":"","background-image":"","background-repeat":"repeat","background-position":"center center","background-size":"auto","background-attachment":"scroll","background-type":"","background-media":"","overlay-type":"","overlay-color":"","overlay-opacity":"","overlay-gradient":""}},"ast-content-background-meta":{"desktop":{"background-color":"var(--ast-global-color-5)","background-image":"","background-repeat":"repeat","background-position":"center center","background-size":"auto","background-attachment":"scroll","background-type":"","background-media":"","overlay-type":"","overlay-color":"","overlay-opacity":"","overlay-gradient":""},"tablet":{"background-color":"var(--ast-global-color-5)","background-image":"","background-repeat":"repeat","background-position":"center center","background-size":"auto","background-attachment":"scroll","background-type":"","background-media":"","overlay-type":"","overlay-color":"","overlay-opacity":"","overlay-gradient":""},"mobile":{"background-color":"var(--ast-global-color-5)","background-image":"","background-repeat":"repeat","background-position":"center center","background-size":"auto","background-attachment":"scroll","background-type":"","background-media":"","overlay-type":"","overlay-color":"","overlay-opacity":"","overlay-gradient":""}}},"product_brand":[],"product_cat":[43,54],"product_tag":[],"class_list":{"0":"post-4622","1":"product","2":"type-product","3":"status-publish","4":"has-post-thumbnail","6":"product_cat-rigging-hardware","7":"product_cat-shackle","8":"desktop-align-left","9":"tablet-align-left","10":"mobile-align-left","11":"ast-product-gallery-layout-horizontal-slider","12":"ast-product-tabs-layout-horizontal","14":"first","15":"instock","16":"shipping-taxable","17":"purchasable","18":"product-type-simple"},"yoast_head":"<!-- This site is optimized with the Yoast SEO plugin v25.2 - https:\/\/yoast.com\/wordpress\/plugins\/seo\/ -->\n<title>G209 Bow Shackle S209 Screw Pin Ancho Shackle<\/title>\n<meta name=\"description\" content=\"The G209 Galvanized Shackle is an essential and reliable hardware component widely used in various industries and applications.\" \/>\n<meta name=\"robots\" content=\"index, follow, max-snippet:-1, max-image-preview:large, max-video-preview:-1\" \/>\n<link rel=\"canonical\" href=\"https:\/\/qingdaohf.com\/et\/toode\/g209-ahel\/\" \/>\n<meta property=\"og:locale\" content=\"et_EE\" \/>\n<meta property=\"og:type\" content=\"article\" \/>\n<meta property=\"og:title\" content=\"G209 Bow Shackle S209 Screw Pin Ancho Shackle\" \/>\n<meta property=\"og:description\" content=\"The G209 Galvanized Shackle is an essential and reliable hardware component widely used in various industries and applications.\" \/>\n<meta property=\"og:url\" content=\"https:\/\/qingdaohf.com\/et\/toode\/g209-ahel\/\" \/>\n<meta property=\"og:site_name\" content=\"Concrete Form &amp; Rigging Hardware Supplier\" \/>\n<meta property=\"article:publisher\" content=\"https:\/\/www.facebook.com\/qingdaohf\" \/>\n<meta property=\"article:modified_time\" content=\"2025-11-13T01:04:03+00:00\" \/>\n<meta property=\"og:image\" content=\"https:\/\/qingdaohf.com\/wp-content\/uploads\/2023\/07\/209-shackle-2.jpg\" \/>\n\t<meta property=\"og:image:width\" content=\"1000\" \/>\n\t<meta property=\"og:image:height\" content=\"1000\" \/>\n\t<meta property=\"og:image:type\" content=\"image\/jpeg\" \/>\n<meta name=\"twitter:card\" content=\"summary_large_image\" \/>\n<meta name=\"twitter:label1\" content=\"Est. reading time\" \/>\n\t<meta name=\"twitter:data1\" content=\"3 minutit\" \/>\n<script type=\"application\/ld+json\" class=\"yoast-schema-graph\">{\"@context\":\"https:\/\/schema.org\",\"@graph\":[{\"@type\":\"WebPage\",\"@id\":\"https:\/\/qingdaohf.com\/product\/g209-shackle\/\",\"url\":\"https:\/\/qingdaohf.com\/product\/g209-shackle\/\",\"name\":\"G209 Bow Shackle S209 Screw Pin Ancho Shackle\",\"isPartOf\":{\"@id\":\"https:\/\/qingdaohf.com\/bg\/#website\"},\"primaryImageOfPage\":{\"@id\":\"https:\/\/qingdaohf.com\/product\/g209-shackle\/#primaryimage\"},\"image\":{\"@id\":\"https:\/\/qingdaohf.com\/product\/g209-shackle\/#primaryimage\"},\"thumbnailUrl\":\"https:\/\/qingdaohf.com\/wp-content\/uploads\/2023\/07\/209-shackle-2.jpg\",\"datePublished\":\"2023-07-05T09:16:50+00:00\",\"dateModified\":\"2025-11-13T01:04:03+00:00\",\"description\":\"The G209 Galvanized Shackle is an essential and reliable hardware component widely used in various industries and applications.\",\"breadcrumb\":{\"@id\":\"https:\/\/qingdaohf.com\/product\/g209-shackle\/#breadcrumb\"},\"inLanguage\":\"et\",\"potentialAction\":[{\"@type\":\"ReadAction\",\"target\":[\"https:\/\/qingdaohf.com\/product\/g209-shackle\/\"]}]},{\"@type\":\"ImageObject\",\"inLanguage\":\"et\",\"@id\":\"https:\/\/qingdaohf.com\/product\/g209-shackle\/#primaryimage\",\"url\":\"https:\/\/qingdaohf.com\/wp-content\/uploads\/2023\/07\/209-shackle-2.jpg\",\"contentUrl\":\"https:\/\/qingdaohf.com\/wp-content\/uploads\/2023\/07\/209-shackle-2.jpg\",\"width\":1000,\"height\":1000,\"caption\":\"209 shackle\"},{\"@type\":\"BreadcrumbList\",\"@id\":\"https:\/\/qingdaohf.com\/product\/g209-shackle\/#breadcrumb\",\"itemListElement\":[{\"@type\":\"ListItem\",\"position\":1,\"name\":\"Home\",\"item\":\"https:\/\/qingdaohf.com\/\"},{\"@type\":\"ListItem\",\"position\":2,\"name\":\"Concrete Forming Accessories and Rigging Hardware\",\"item\":\"https:\/\/qingdaohf.com\/bg\/?page_id=944\"},{\"@type\":\"ListItem\",\"position\":3,\"name\":\"G209 Bow Shackle S209 Screw Pin Ancho Shackle\"}]},{\"@type\":\"WebSite\",\"@id\":\"https:\/\/qingdaohf.com\/bg\/#website\",\"url\":\"https:\/\/qingdaohf.com\/bg\/\",\"name\":\"Concrete Form & Rigging Hardware Supplier\",\"description\":\"\",\"publisher\":{\"@id\":\"https:\/\/qingdaohf.com\/bg\/#organization\"},\"potentialAction\":[{\"@type\":\"SearchAction\",\"target\":{\"@type\":\"EntryPoint\",\"urlTemplate\":\"https:\/\/qingdaohf.com\/bg\/?s={search_term_string}\"},\"query-input\":{\"@type\":\"PropertyValueSpecification\",\"valueRequired\":true,\"valueName\":\"search_term_string\"}}],\"inLanguage\":\"et\"},{\"@type\":\"Organization\",\"@id\":\"https:\/\/qingdaohf.com\/bg\/#organization\",\"name\":\"Qingdao H&F\",\"url\":\"https:\/\/qingdaohf.com\/bg\/\",\"logo\":{\"@type\":\"ImageObject\",\"inLanguage\":\"et\",\"@id\":\"https:\/\/qingdaohf.com\/bg\/#\/schema\/logo\/image\/\",\"url\":\"https:\/\/qingdaohf.com\/wp-content\/uploads\/2022\/12\/cropped-HF-LOGO.png\",\"contentUrl\":\"https:\/\/qingdaohf.com\/wp-content\/uploads\/2022\/12\/cropped-HF-LOGO.png\",\"width\":391,\"height\":249,\"caption\":\"Qingdao H&F\"},\"image\":{\"@id\":\"https:\/\/qingdaohf.com\/bg\/#\/schema\/logo\/image\/\"},\"sameAs\":[\"https:\/\/www.facebook.com\/qingdaohf\"]}]}<\/script>\n<!-- \/ Yoast SEO plugin. -->","yoast_head_json":{"title":"G209 Bow Shackle S209 Screw Pin Ancho Shackle","description":"The G209 Galvanized Shackle is an essential and reliable hardware component widely used in various industries and applications.","robots":{"index":"index","follow":"follow","max-snippet":"max-snippet:-1","max-image-preview":"max-image-preview:large","max-video-preview":"max-video-preview:-1"},"canonical":"https:\/\/qingdaohf.com\/et\/toode\/g209-ahel\/","og_locale":"et_EE","og_type":"article","og_title":"G209 Bow Shackle S209 Screw Pin Ancho Shackle","og_description":"The G209 Galvanized Shackle is an essential and reliable hardware component widely used in various industries and applications.","og_url":"https:\/\/qingdaohf.com\/et\/toode\/g209-ahel\/","og_site_name":"Concrete Form &amp; Rigging Hardware Supplier","article_publisher":"https:\/\/www.facebook.com\/qingdaohf","article_modified_time":"2025-11-13T01:04:03+00:00","og_image":[{"width":1000,"height":1000,"url":"https:\/\/qingdaohf.com\/wp-content\/uploads\/2023\/07\/209-shackle-2.jpg","type":"image\/jpeg"}],"twitter_card":"summary_large_image","twitter_misc":{"Est. reading time":"3 minutit"},"schema":{"@context":"https:\/\/schema.org","@graph":[{"@type":"WebPage","@id":"https:\/\/qingdaohf.com\/product\/g209-shackle\/","url":"https:\/\/qingdaohf.com\/product\/g209-shackle\/","name":"G209 Bow Shackle S209 Screw Pin Ancho Shackle","isPartOf":{"@id":"https:\/\/qingdaohf.com\/bg\/#website"},"primaryImageOfPage":{"@id":"https:\/\/qingdaohf.com\/product\/g209-shackle\/#primaryimage"},"image":{"@id":"https:\/\/qingdaohf.com\/product\/g209-shackle\/#primaryimage"},"thumbnailUrl":"https:\/\/qingdaohf.com\/wp-content\/uploads\/2023\/07\/209-shackle-2.jpg","datePublished":"2023-07-05T09:16:50+00:00","dateModified":"2025-11-13T01:04:03+00:00","description":"The G209 Galvanized Shackle is an essential and reliable hardware component widely used in various industries and applications.","breadcrumb":{"@id":"https:\/\/qingdaohf.com\/product\/g209-shackle\/#breadcrumb"},"inLanguage":"et","potentialAction":[{"@type":"ReadAction","target":["https:\/\/qingdaohf.com\/product\/g209-shackle\/"]}]},{"@type":"ImageObject","inLanguage":"et","@id":"https:\/\/qingdaohf.com\/product\/g209-shackle\/#primaryimage","url":"https:\/\/qingdaohf.com\/wp-content\/uploads\/2023\/07\/209-shackle-2.jpg","contentUrl":"https:\/\/qingdaohf.com\/wp-content\/uploads\/2023\/07\/209-shackle-2.jpg","width":1000,"height":1000,"caption":"209 shackle"},{"@type":"BreadcrumbList","@id":"https:\/\/qingdaohf.com\/product\/g209-shackle\/#breadcrumb","itemListElement":[{"@type":"ListItem","position":1,"name":"Home","item":"https:\/\/qingdaohf.com\/"},{"@type":"ListItem","position":2,"name":"Concrete Forming Accessories and Rigging Hardware","item":"https:\/\/qingdaohf.com\/bg\/?page_id=944"},{"@type":"ListItem","position":3,"name":"G209 Bow Shackle S209 Screw Pin Ancho Shackle"}]},{"@type":"WebSite","@id":"https:\/\/qingdaohf.com\/bg\/#website","url":"https:\/\/qingdaohf.com\/bg\/","name":"Concrete Form & Rigging Hardware Supplier","description":"","publisher":{"@id":"https:\/\/qingdaohf.com\/bg\/#organization"},"potentialAction":[{"@type":"SearchAction","target":{"@type":"EntryPoint","urlTemplate":"https:\/\/qingdaohf.com\/bg\/?s={search_term_string}"},"query-input":{"@type":"PropertyValueSpecification","valueRequired":true,"valueName":"search_term_string"}}],"inLanguage":"et"},{"@type":"Organization","@id":"https:\/\/qingdaohf.com\/bg\/#organization","name":"Qingdao H&F","url":"https:\/\/qingdaohf.com\/bg\/","logo":{"@type":"ImageObject","inLanguage":"et","@id":"https:\/\/qingdaohf.com\/bg\/#\/schema\/logo\/image\/","url":"https:\/\/qingdaohf.com\/wp-content\/uploads\/2022\/12\/cropped-HF-LOGO.png","contentUrl":"https:\/\/qingdaohf.com\/wp-content\/uploads\/2022\/12\/cropped-HF-LOGO.png","width":391,"height":249,"caption":"Qingdao H&F"},"image":{"@id":"https:\/\/qingdaohf.com\/bg\/#\/schema\/logo\/image\/"},"sameAs":["https:\/\/www.facebook.com\/qingdaohf"]}]}},"_links":{"self":[{"href":"https:\/\/qingdaohf.com\/et\/wp-json\/wp\/v2\/product\/4622","targetHints":{"allow":["GET"]}}],"collection":[{"href":"https:\/\/qingdaohf.com\/et\/wp-json\/wp\/v2\/product"}],"about":[{"href":"https:\/\/qingdaohf.com\/et\/wp-json\/wp\/v2\/types\/product"}],"replies":[{"embeddable":true,"href":"https:\/\/qingdaohf.com\/et\/wp-json\/wp\/v2\/comments?post=4622"}],"version-history":[{"count":7,"href":"https:\/\/qingdaohf.com\/et\/wp-json\/wp\/v2\/product\/4622\/revisions"}],"predecessor-version":[{"id":6301,"href":"https:\/\/qingdaohf.com\/et\/wp-json\/wp\/v2\/product\/4622\/revisions\/6301"}],"wp:featuredmedia":[{"embeddable":true,"href":"https:\/\/qingdaohf.com\/et\/wp-json\/wp\/v2\/media\/6311"}],"wp:attachment":[{"href":"https:\/\/qingdaohf.com\/et\/wp-json\/wp\/v2\/media?parent=4622"}],"wp:term":[{"taxonomy":"product_brand","embeddable":true,"href":"https:\/\/qingdaohf.com\/et\/wp-json\/wp\/v2\/product_brand?post=4622"},{"taxonomy":"product_cat","embeddable":true,"href":"https:\/\/qingdaohf.com\/et\/wp-json\/wp\/v2\/product_cat?post=4622"},{"taxonomy":"product_tag","embeddable":true,"href":"https:\/\/qingdaohf.com\/et\/wp-json\/wp\/v2\/product_tag?post=4622"}],"curies":[{"name":"wp","href":"https:\/\/api.w.org\/{rel}","templated":true}]}}