{"id":5246,"date":"2023-09-08T14:27:43","date_gmt":"2023-09-08T06:27:43","guid":{"rendered":"http:\/\/qingdaohf.com\/?post_type=product&#038;p=5246"},"modified":"2025-11-13T09:04:02","modified_gmt":"2025-11-13T01:04:02","slug":"flat-tie-wall-tie-for-concrete-formwork","status":"publish","type":"product","link":"https:\/\/qingdaohf.com\/et\/toode\/lame-lipsu-seina-lipsu-betoonvormi-jaoks\/","title":{"rendered":"Flat Tie Wall Tie betoonvormide jaoks"},"content":{"rendered":"<div class=\"ast-oembed-container\" style=\"height: 100%;\"><iframe title=\"H&amp;F lamedad seina\u00fchendused betoonile\" width=\"500\" height=\"281\" src=\"https:\/\/www.youtube.com\/embed\/IIGgVYI9kEg?feature=oembed\" frameborder=\"0\" allow=\"accelerometer; autoplay; clipboard-write; encrypted-media; gyroscope; picture-in-picture; web-share\" referrerpolicy=\"strict-origin-when-cross-origin\" allowfullscreen><\/iframe><\/div>\n<p><img fetchpriority=\"high\" decoding=\"async\" class=\"alignnone size-full wp-image-5262\" src=\"http:\/\/qingdaohf.com\/wp-content\/uploads\/2023\/09\/flat-tie-1.png\" alt=\"lame lips\" width=\"1544\" height=\"1468\" srcset=\"https:\/\/qingdaohf.com\/wp-content\/uploads\/2023\/09\/flat-tie-1.png 1544w, https:\/\/qingdaohf.com\/wp-content\/uploads\/2023\/09\/flat-tie-1-300x285.png 300w, https:\/\/qingdaohf.com\/wp-content\/uploads\/2023\/09\/flat-tie-1-1024x974.png 1024w, https:\/\/qingdaohf.com\/wp-content\/uploads\/2023\/09\/flat-tie-1-768x730.png 768w, https:\/\/qingdaohf.com\/wp-content\/uploads\/2023\/09\/flat-tie-1-1536x1460.png 1536w, https:\/\/qingdaohf.com\/wp-content\/uploads\/2023\/09\/flat-tie-1-1000x951.png 1000w\" sizes=\"(max-width: 1544px) 100vw, 1544px\" \/><\/p>\n<p><strong>1. Kvaliteet ja vastupidavus:<\/strong> Me m\u00f5istame, et lamedad sidemed on teie ehitusprojektide edukuse lahutamatu osa. Kvaliteet ja vastupidavus on nende oluliste tarvikute puhul vaieldamatu. Meie koost\u00f6\u00f6d tegev tehas, millel on 20-aastane kogemus betoonvalu tarvikute, sealhulgas lamedate sidemete valmistamisel, tagab, et meie tooted vastavad t\u00f6\u00f6stusstandarditele ja \u00fcletavad neid. Usaldage meie peale, et saame lamedad sidemed, mis on valmistatud kestma, tagades teie betoonistruktuuride terviklikkuse.<\/p>\n<p><strong>2. Kohandamisv\u00f5imalused:<\/strong> Teie projektid on ainulaadsed ja me m\u00f5istame, et \u00fcks suurus ei sobi k\u00f5igile. Seep\u00e4rast pakub Qingdao H&amp;F mitmesuguseid kohandamisv\u00f5imalusi. Kohandage oma lamedad sidemed vastavalt t\u00e4psetele spetsifikatsioonidele, tagades \u00f5mblusteta integreerimise teie ehitusprotsessidesse. Meie p\u00fchendumine kohandamisele v\u00f5imaldab teil saavutada suuremat t\u00f5husust ja ohutust.<\/p>\n<p><strong>3. K\u00e4ttesaadavus ja konkurentsiv\u00f5imeline hinnakujundus:<\/strong> Ehitust\u00f6\u00f6stuses on aeg v\u00e4ga oluline. Meil on suur varu betooni vormimise tarvikuid, sealhulgas lamedad sidemed, mis on saadaval suurtes kogustes, tagades teile juurdep\u00e4\u00e4su nendele olulistele komponentidele, kui te neid vajate. V\u00f5ite olla kindel, et meie konkurentsiv\u00f5imeline hinnakujundus tagab kulut\u00f5husad lahendused ilma kvaliteedist j\u00e4releandmisi tegemata.<\/p>\n<p><strong>4. Kvaliteedi tagamine:<\/strong> Teie meelerahu on meie jaoks esmat\u00e4htis. Iga lamedate lipsude puhul esitame p\u00f5hjaliku kvaliteedikontrolli aruande, mis kinnitab meie vankumatut p\u00fchendumist kvaliteedile. See aruanne on konkreetne t\u00f5end meie p\u00fchendumusest pakkuda tipptasemel tooteid.<\/p>\n<p><strong>5. Kliendikeskne l\u00e4henemine:<\/strong> Qingdao H&amp;F hindab suhteid, mida me oma klientidega \u00fcles ehitame. Meie individuaalne teenindus on loodud selleks, et pakkuda teile personaalset n\u00f5ustamist, aidates teil valida teie projektide jaoks t\u00e4iuslikud lamedate lipsude lahendused. Lisaks pakume tasuta n\u00e4idiseid, mis v\u00f5imaldab teil hinnata meie toodete sobivust teie konkreetsete rakenduste jaoks.<\/p>\n<p><strong>Kokkuv\u00f5ttes:<\/strong> Teie kui ostjate n\u00f5udmised kvaliteedile, vastupidavusele, kohandamisele, konkurentsiv\u00f5imelistele hindadele ja erakordsele klienditoele on meie p\u00fchendumuse esiplaanil. Qingdao H&amp;F on oma ulatusliku t\u00f6\u00f6stuskogemuse, oma koost\u00f6\u00f6valmis tehase ja tugeva kohalolekuga Hiinas asuva tootja, tarnija, m\u00fc\u00fcja, hulgim\u00fc\u00fcja, edasim\u00fc\u00fcja, turustaja ja ettev\u00f5ttena teie ideaalne partner teie betoonvormimise vajaduste rahuldamiseks.<\/p>\n<p>Usaldage meid oma lamedate lipsude vajaduste osas ja kogege, et saate teha koost\u00f6\u00f6d ettev\u00f5ttega, mis on p\u00fchendunud tipptasemele meie toodete ja teenuste igas aspektis. Teie rahulolu on meie prioriteet ja me ootame teie ootuste \u00fcletamist.<\/p>","protected":false},"excerpt":{"rendered":"<p>Me m\u00f5istame, et teie n\u00f5udmised lamedate lipsude otsimisel on konkreetsed ja teie ootused k\u00f5rged. Teie peamised kaalutlused h\u00f5lmavad kvaliteeti, vastupidavust, kohandamisv\u00f5imalusi ja usaldusv\u00e4\u00e4rset hankimist. Selles s\u00f5numis uurime, kuidas Qingdao H&amp;F, kellel on \u00fcle kahe aastak\u00fcmne pikkune kogemus ja ainulaadsed eelised Hiinas asuva ettev\u00f5ttena, paistab silma nende n\u00f5udmiste t\u00e4itmisel kui usaldusv\u00e4\u00e4rne tootja, tehas, tarnija, m\u00fc\u00fcja, hulgim\u00fc\u00fcja, edasim\u00fc\u00fcja, turustaja ja ettev\u00f5te, mis on spetsialiseerunud betoonvormimise tarvikutele.<\/p>","protected":false},"featured_media":5314,"comment_status":"open","ping_status":"closed","template":"","meta":{"site-sidebar-layout":"default","site-content-layout":"","ast-site-content-layout":"default","site-content-style":"default","site-sidebar-style":"default","ast-global-header-display":"","ast-banner-title-visibility":"","ast-main-header-display":"","ast-hfb-above-header-display":"","ast-hfb-below-header-display":"","ast-hfb-mobile-header-display":"","site-post-title":"","ast-breadcrumbs-content":"","ast-featured-img":"","footer-sml-layout":"","theme-transparent-header-meta":"default","adv-header-id-meta":"","stick-header-meta":"default","header-above-stick-meta":"","header-main-stick-meta":"","header-below-stick-meta":"","astra-migrate-meta-layouts":"set","ast-page-background-enabled":"default","ast-page-background-meta":{"desktop":{"background-color":"","background-image":"","background-repeat":"repeat","background-position":"center center","background-size":"auto","background-attachment":"scroll","background-type":"","background-media":"","overlay-type":"","overlay-color":"","overlay-opacity":"","overlay-gradient":""},"tablet":{"background-color":"","background-image":"","background-repeat":"repeat","background-position":"center center","background-size":"auto","background-attachment":"scroll","background-type":"","background-media":"","overlay-type":"","overlay-color":"","overlay-opacity":"","overlay-gradient":""},"mobile":{"background-color":"","background-image":"","background-repeat":"repeat","background-position":"center center","background-size":"auto","background-attachment":"scroll","background-type":"","background-media":"","overlay-type":"","overlay-color":"","overlay-opacity":"","overlay-gradient":""}},"ast-content-background-meta":{"desktop":{"background-color":"var(--ast-global-color-5)","background-image":"","background-repeat":"repeat","background-position":"center center","background-size":"auto","background-attachment":"scroll","background-type":"","background-media":"","overlay-type":"","overlay-color":"","overlay-opacity":"","overlay-gradient":""},"tablet":{"background-color":"var(--ast-global-color-5)","background-image":"","background-repeat":"repeat","background-position":"center center","background-size":"auto","background-attachment":"scroll","background-type":"","background-media":"","overlay-type":"","overlay-color":"","overlay-opacity":"","overlay-gradient":""},"mobile":{"background-color":"var(--ast-global-color-5)","background-image":"","background-repeat":"repeat","background-position":"center center","background-size":"auto","background-attachment":"scroll","background-type":"","background-media":"","overlay-type":"","overlay-color":"","overlay-opacity":"","overlay-gradient":""}}},"product_brand":[],"product_cat":[50,20,64],"product_tag":[],"class_list":{"0":"post-5246","1":"product","2":"type-product","3":"status-publish","4":"has-post-thumbnail","6":"product_cat-concrete-form-accessories","7":"product_cat-concrete-wall-tie","8":"product_cat-concrete-flat-tie","9":"desktop-align-left","10":"tablet-align-left","11":"mobile-align-left","12":"ast-product-gallery-layout-horizontal-slider","13":"ast-product-tabs-layout-horizontal","15":"first","16":"instock","17":"shipping-taxable","18":"purchasable","19":"product-type-simple"},"yoast_head":"<!-- This site is optimized with the Yoast SEO plugin v25.2 - https:\/\/yoast.com\/wordpress\/plugins\/seo\/ -->\n<title>Flat Tie Wall Tie For Concrete Formwork<\/title>\n<meta name=\"description\" content=\"When it comes to your search for flat ties, we understand that your demands are specific and your expectations are high. Your primary considerations include quality, durability, customization options, and reliable sourcing.\" \/>\n<meta name=\"robots\" content=\"index, follow, max-snippet:-1, max-image-preview:large, max-video-preview:-1\" \/>\n<link rel=\"canonical\" href=\"https:\/\/qingdaohf.com\/et\/toode\/lame-lipsu-seina-lipsu-betoonvormi-jaoks\/\" \/>\n<meta property=\"og:locale\" content=\"et_EE\" \/>\n<meta property=\"og:type\" content=\"article\" \/>\n<meta property=\"og:title\" content=\"Flat Tie Wall Tie For Concrete Formwork\" \/>\n<meta property=\"og:description\" content=\"When it comes to your search for flat ties, we understand that your demands are specific and your expectations are high. Your primary considerations include quality, durability, customization options, and reliable sourcing.\" \/>\n<meta property=\"og:url\" content=\"https:\/\/qingdaohf.com\/et\/toode\/lame-lipsu-seina-lipsu-betoonvormi-jaoks\/\" \/>\n<meta property=\"og:site_name\" content=\"Concrete Form &amp; Rigging Hardware Supplier\" \/>\n<meta property=\"article:publisher\" content=\"https:\/\/www.facebook.com\/qingdaohf\" \/>\n<meta property=\"article:modified_time\" content=\"2025-11-13T01:04:02+00:00\" \/>\n<meta property=\"og:image\" content=\"https:\/\/qingdaohf.com\/wp-content\/uploads\/2023\/09\/flat-tie-2-1.jpg\" \/>\n\t<meta property=\"og:image:width\" content=\"1000\" \/>\n\t<meta property=\"og:image:height\" content=\"1000\" \/>\n\t<meta property=\"og:image:type\" content=\"image\/jpeg\" \/>\n<meta name=\"twitter:card\" content=\"summary_large_image\" \/>\n<meta name=\"twitter:label1\" content=\"Est. reading time\" \/>\n\t<meta name=\"twitter:data1\" content=\"3 minutit\" \/>\n<script type=\"application\/ld+json\" class=\"yoast-schema-graph\">{\"@context\":\"https:\/\/schema.org\",\"@graph\":[{\"@type\":\"WebPage\",\"@id\":\"https:\/\/qingdaohf.com\/product\/flat-tie-wall-tie-for-concrete-formwork\/\",\"url\":\"https:\/\/qingdaohf.com\/product\/flat-tie-wall-tie-for-concrete-formwork\/\",\"name\":\"Flat Tie Wall Tie For Concrete Formwork\",\"isPartOf\":{\"@id\":\"https:\/\/qingdaohf.com\/bg\/#website\"},\"primaryImageOfPage\":{\"@id\":\"https:\/\/qingdaohf.com\/product\/flat-tie-wall-tie-for-concrete-formwork\/#primaryimage\"},\"image\":{\"@id\":\"https:\/\/qingdaohf.com\/product\/flat-tie-wall-tie-for-concrete-formwork\/#primaryimage\"},\"thumbnailUrl\":\"https:\/\/qingdaohf.com\/wp-content\/uploads\/2023\/09\/flat-tie-2-1.jpg\",\"datePublished\":\"2023-09-08T06:27:43+00:00\",\"dateModified\":\"2025-11-13T01:04:02+00:00\",\"description\":\"When it comes to your search for flat ties, we understand that your demands are specific and your expectations are high. Your primary considerations include quality, durability, customization options, and reliable sourcing.\",\"breadcrumb\":{\"@id\":\"https:\/\/qingdaohf.com\/product\/flat-tie-wall-tie-for-concrete-formwork\/#breadcrumb\"},\"inLanguage\":\"et\",\"potentialAction\":[{\"@type\":\"ReadAction\",\"target\":[\"https:\/\/qingdaohf.com\/product\/flat-tie-wall-tie-for-concrete-formwork\/\"]}]},{\"@type\":\"ImageObject\",\"inLanguage\":\"et\",\"@id\":\"https:\/\/qingdaohf.com\/product\/flat-tie-wall-tie-for-concrete-formwork\/#primaryimage\",\"url\":\"https:\/\/qingdaohf.com\/wp-content\/uploads\/2023\/09\/flat-tie-2-1.jpg\",\"contentUrl\":\"https:\/\/qingdaohf.com\/wp-content\/uploads\/2023\/09\/flat-tie-2-1.jpg\",\"width\":1000,\"height\":1000,\"caption\":\"flat tie\"},{\"@type\":\"BreadcrumbList\",\"@id\":\"https:\/\/qingdaohf.com\/product\/flat-tie-wall-tie-for-concrete-formwork\/#breadcrumb\",\"itemListElement\":[{\"@type\":\"ListItem\",\"position\":1,\"name\":\"Home\",\"item\":\"https:\/\/qingdaohf.com\/\"},{\"@type\":\"ListItem\",\"position\":2,\"name\":\"Concrete Forming Accessories and Rigging Hardware\",\"item\":\"https:\/\/qingdaohf.com\/bg\/?page_id=944\"},{\"@type\":\"ListItem\",\"position\":3,\"name\":\"Flat Tie Wall Tie For Concrete Formwork\"}]},{\"@type\":\"WebSite\",\"@id\":\"https:\/\/qingdaohf.com\/bg\/#website\",\"url\":\"https:\/\/qingdaohf.com\/bg\/\",\"name\":\"Concrete Form & Rigging Hardware Supplier\",\"description\":\"\",\"publisher\":{\"@id\":\"https:\/\/qingdaohf.com\/bg\/#organization\"},\"potentialAction\":[{\"@type\":\"SearchAction\",\"target\":{\"@type\":\"EntryPoint\",\"urlTemplate\":\"https:\/\/qingdaohf.com\/bg\/?s={search_term_string}\"},\"query-input\":{\"@type\":\"PropertyValueSpecification\",\"valueRequired\":true,\"valueName\":\"search_term_string\"}}],\"inLanguage\":\"et\"},{\"@type\":\"Organization\",\"@id\":\"https:\/\/qingdaohf.com\/bg\/#organization\",\"name\":\"Qingdao H&F\",\"url\":\"https:\/\/qingdaohf.com\/bg\/\",\"logo\":{\"@type\":\"ImageObject\",\"inLanguage\":\"et\",\"@id\":\"https:\/\/qingdaohf.com\/bg\/#\/schema\/logo\/image\/\",\"url\":\"https:\/\/qingdaohf.com\/wp-content\/uploads\/2022\/12\/cropped-HF-LOGO.png\",\"contentUrl\":\"https:\/\/qingdaohf.com\/wp-content\/uploads\/2022\/12\/cropped-HF-LOGO.png\",\"width\":391,\"height\":249,\"caption\":\"Qingdao H&F\"},\"image\":{\"@id\":\"https:\/\/qingdaohf.com\/bg\/#\/schema\/logo\/image\/\"},\"sameAs\":[\"https:\/\/www.facebook.com\/qingdaohf\"]}]}<\/script>\n<!-- \/ Yoast SEO plugin. -->","yoast_head_json":{"title":"Flat Tie Wall Tie For Concrete Formwork","description":"When it comes to your search for flat ties, we understand that your demands are specific and your expectations are high. Your primary considerations include quality, durability, customization options, and reliable sourcing.","robots":{"index":"index","follow":"follow","max-snippet":"max-snippet:-1","max-image-preview":"max-image-preview:large","max-video-preview":"max-video-preview:-1"},"canonical":"https:\/\/qingdaohf.com\/et\/toode\/lame-lipsu-seina-lipsu-betoonvormi-jaoks\/","og_locale":"et_EE","og_type":"article","og_title":"Flat Tie Wall Tie For Concrete Formwork","og_description":"When it comes to your search for flat ties, we understand that your demands are specific and your expectations are high. Your primary considerations include quality, durability, customization options, and reliable sourcing.","og_url":"https:\/\/qingdaohf.com\/et\/toode\/lame-lipsu-seina-lipsu-betoonvormi-jaoks\/","og_site_name":"Concrete Form &amp; Rigging Hardware Supplier","article_publisher":"https:\/\/www.facebook.com\/qingdaohf","article_modified_time":"2025-11-13T01:04:02+00:00","og_image":[{"width":1000,"height":1000,"url":"https:\/\/qingdaohf.com\/wp-content\/uploads\/2023\/09\/flat-tie-2-1.jpg","type":"image\/jpeg"}],"twitter_card":"summary_large_image","twitter_misc":{"Est. reading time":"3 minutit"},"schema":{"@context":"https:\/\/schema.org","@graph":[{"@type":"WebPage","@id":"https:\/\/qingdaohf.com\/product\/flat-tie-wall-tie-for-concrete-formwork\/","url":"https:\/\/qingdaohf.com\/product\/flat-tie-wall-tie-for-concrete-formwork\/","name":"Flat Tie Wall Tie For Concrete Formwork","isPartOf":{"@id":"https:\/\/qingdaohf.com\/bg\/#website"},"primaryImageOfPage":{"@id":"https:\/\/qingdaohf.com\/product\/flat-tie-wall-tie-for-concrete-formwork\/#primaryimage"},"image":{"@id":"https:\/\/qingdaohf.com\/product\/flat-tie-wall-tie-for-concrete-formwork\/#primaryimage"},"thumbnailUrl":"https:\/\/qingdaohf.com\/wp-content\/uploads\/2023\/09\/flat-tie-2-1.jpg","datePublished":"2023-09-08T06:27:43+00:00","dateModified":"2025-11-13T01:04:02+00:00","description":"When it comes to your search for flat ties, we understand that your demands are specific and your expectations are high. Your primary considerations include quality, durability, customization options, and reliable sourcing.","breadcrumb":{"@id":"https:\/\/qingdaohf.com\/product\/flat-tie-wall-tie-for-concrete-formwork\/#breadcrumb"},"inLanguage":"et","potentialAction":[{"@type":"ReadAction","target":["https:\/\/qingdaohf.com\/product\/flat-tie-wall-tie-for-concrete-formwork\/"]}]},{"@type":"ImageObject","inLanguage":"et","@id":"https:\/\/qingdaohf.com\/product\/flat-tie-wall-tie-for-concrete-formwork\/#primaryimage","url":"https:\/\/qingdaohf.com\/wp-content\/uploads\/2023\/09\/flat-tie-2-1.jpg","contentUrl":"https:\/\/qingdaohf.com\/wp-content\/uploads\/2023\/09\/flat-tie-2-1.jpg","width":1000,"height":1000,"caption":"flat tie"},{"@type":"BreadcrumbList","@id":"https:\/\/qingdaohf.com\/product\/flat-tie-wall-tie-for-concrete-formwork\/#breadcrumb","itemListElement":[{"@type":"ListItem","position":1,"name":"Home","item":"https:\/\/qingdaohf.com\/"},{"@type":"ListItem","position":2,"name":"Concrete Forming Accessories and Rigging Hardware","item":"https:\/\/qingdaohf.com\/bg\/?page_id=944"},{"@type":"ListItem","position":3,"name":"Flat Tie Wall Tie For Concrete Formwork"}]},{"@type":"WebSite","@id":"https:\/\/qingdaohf.com\/bg\/#website","url":"https:\/\/qingdaohf.com\/bg\/","name":"Concrete Form & Rigging Hardware Supplier","description":"","publisher":{"@id":"https:\/\/qingdaohf.com\/bg\/#organization"},"potentialAction":[{"@type":"SearchAction","target":{"@type":"EntryPoint","urlTemplate":"https:\/\/qingdaohf.com\/bg\/?s={search_term_string}"},"query-input":{"@type":"PropertyValueSpecification","valueRequired":true,"valueName":"search_term_string"}}],"inLanguage":"et"},{"@type":"Organization","@id":"https:\/\/qingdaohf.com\/bg\/#organization","name":"Qingdao H&F","url":"https:\/\/qingdaohf.com\/bg\/","logo":{"@type":"ImageObject","inLanguage":"et","@id":"https:\/\/qingdaohf.com\/bg\/#\/schema\/logo\/image\/","url":"https:\/\/qingdaohf.com\/wp-content\/uploads\/2022\/12\/cropped-HF-LOGO.png","contentUrl":"https:\/\/qingdaohf.com\/wp-content\/uploads\/2022\/12\/cropped-HF-LOGO.png","width":391,"height":249,"caption":"Qingdao H&F"},"image":{"@id":"https:\/\/qingdaohf.com\/bg\/#\/schema\/logo\/image\/"},"sameAs":["https:\/\/www.facebook.com\/qingdaohf"]}]}},"_links":{"self":[{"href":"https:\/\/qingdaohf.com\/et\/wp-json\/wp\/v2\/product\/5246","targetHints":{"allow":["GET"]}}],"collection":[{"href":"https:\/\/qingdaohf.com\/et\/wp-json\/wp\/v2\/product"}],"about":[{"href":"https:\/\/qingdaohf.com\/et\/wp-json\/wp\/v2\/types\/product"}],"replies":[{"embeddable":true,"href":"https:\/\/qingdaohf.com\/et\/wp-json\/wp\/v2\/comments?post=5246"}],"version-history":[{"count":4,"href":"https:\/\/qingdaohf.com\/et\/wp-json\/wp\/v2\/product\/5246\/revisions"}],"predecessor-version":[{"id":5317,"href":"https:\/\/qingdaohf.com\/et\/wp-json\/wp\/v2\/product\/5246\/revisions\/5317"}],"wp:featuredmedia":[{"embeddable":true,"href":"https:\/\/qingdaohf.com\/et\/wp-json\/wp\/v2\/media\/5314"}],"wp:attachment":[{"href":"https:\/\/qingdaohf.com\/et\/wp-json\/wp\/v2\/media?parent=5246"}],"wp:term":[{"taxonomy":"product_brand","embeddable":true,"href":"https:\/\/qingdaohf.com\/et\/wp-json\/wp\/v2\/product_brand?post=5246"},{"taxonomy":"product_cat","embeddable":true,"href":"https:\/\/qingdaohf.com\/et\/wp-json\/wp\/v2\/product_cat?post=5246"},{"taxonomy":"product_tag","embeddable":true,"href":"https:\/\/qingdaohf.com\/et\/wp-json\/wp\/v2\/product_tag?post=5246"}],"curies":[{"name":"wp","href":"https:\/\/api.w.org\/{rel}","templated":true}]}}